{"id":2925,"date":"2024-10-04T19:29:52","date_gmt":"2024-10-04T17:29:52","guid":{"rendered":"https:\/\/www.artisanlocal.ch\/c\/paysagiste-a-villeneuve\/"},"modified":"2025-08-26T19:25:05","modified_gmt":"2025-08-26T17:25:05","slug":"paysagiste-a-villeneuve","status":"publish","type":"page","link":"https:\/\/www.artisanlocal.ch\/c\/paysagiste-a-villeneuve\/","title":{"rendered":"Paysagiste \u00e0 Villeneuve VD"},"content":{"rendered":"<p>Artisanlocal \u00e9labore, adapte et entretien votre jardin. \u00c0 Villeneuve VD, nos jardiniers paysagistes op\u00e8rent chez les particuliers, les copropri\u00e9t\u00e9s et les professionnels. Nos paysagistes sont \u00e0 l&rsquo;\u00e9coute de vos besoins et vous offrent des travaux sur mesure tout en pr\u00e9servant la biodiversit\u00e9 locale.<\/p>\n\r\n<div class=\"box\">\r\n            <div class=\"company-info\">\r\n            <img decoding=\"async\" class=\"company-info__logo\" src=\"https:\/\/www.artisanlocal.ch\/media\/cache\/thumb\/images\/companies\/60ffca3041abb882861113.png\" alt=\"Logo\">\r\n            <h2 class=\"company-info__name\">Martin Marius<\/h2>\r\n            <p class=\"company-info__business\">Paysagistes - Entretien de jardin - Soins aux arbres - Am\u00e9nagements ext\u00e9rieurs<\/p>\r\n        <\/div>\r\n        <div class=\"company-contact\">\r\n            <p class=\"company-info__address\">Chemin du Charbonney 7<\/p>\r\n                            <div class=\"links\">\r\n                                            <a class=\"btn has-accent-background-color js-phoneNumber\" href=\"tel:0794134076\" title=\"Appelez\" data-id=\"1763\" data-type=\"11\">079 413 40 76<\/a>\r\n                                                        <\/div>\r\n                    <\/div>\r\n    \r\n            \r\n<form action=\"https:\/\/www.artisanlocal.ch\/c\/wp-admin\/admin-ajax.php\" method=\"post\" class=\"form-contact\" id=\"artisan_form_contact_company_inline\">\r\n    <div><input type=\"hidden\" name=\"action\" value=\"company_contact\"><\/div>\r\n    <div><input type=\"hidden\" name=\"nonce\" value=\"2ab39f2652\"><\/div>\r\n    <div><input type=\"hidden\" name=\"company_id\" value=\"1763\"><\/div>\r\n    <div><input type=\"hidden\" name=\"form_id\" value=\"artisan_form_contact_company_inline\"><\/div>\r\n    <div class=\"gglcptch gglcptch_v3 gglcptch_custom\"><input type=\"hidden\" id=\"g-recaptcha-response\" name=\"g-recaptcha-response\" \/><br \/><div class=\"gglcptch_error_text\">La p\u00e9riode de v\u00e9rification reCAPTCHA a expir\u00e9. Veuillez recharger la page.<\/div><\/div>    <div class=\"form-content\">\r\n        <div class=\"form-group\">\r\n            <label for=\"contact_firstName\" class=\"required\">Pr\u00e9nom<\/label>\r\n            <input type=\"text\" name=\"firstName\" class=\"form-control\" required>\r\n        <\/div>\r\n        <div class=\"form-group\">\r\n            <label for=\"contact_lastName\" class=\"required\">Nom<\/label>\r\n            <input type=\"text\" name=\"lastName\" class=\"form-control\" required>\r\n        <\/div>\r\n        <div class=\"form-group\">\r\n            <label for=\"contact_email\" class=\"required\">Email<\/label>\r\n            <input type=\"email\" name=\"email\" class=\"form-control\" required>\r\n        <\/div>\r\n        <div class=\"form-group\">\r\n            <label for=\"contact_phone\" class=\"required\">Num\u00e9ro de t\u00e9l\u00e9phone<\/label>\r\n            <input type=\"tel\" name=\"phone\" class=\"form-control\" placeholder=\"0787117165\" pattern=\"^[0-9]{10}$\" required>\r\n        <\/div>\r\n        <div class=\"form-group\">\r\n            <label for=\"contact_postalCode\" class=\"required\">Code postal et localit\u00e9<\/label>\r\n            <input type=\"text\" name=\"postalCode\" class=\"form-control\" required>\r\n        <\/div>\r\n        <div class=\"form-group\">\r\n            <label for=\"contact_address\" class=\"required\">Adresse<\/label>\r\n            <input type=\"text\" name=\"address\" class=\"form-control\" required>\r\n        <\/div>\r\n        <div class=\"full-width topic\">\r\n            <p class=\"required\">Je souhaite \u00eatre contact\u00e9 pour :<\/p>\r\n            <div class=\"form-check\">\r\n                <input type=\"radio\" name=\"topic\" value=\"D\u00e9pannage\" class=\"form-control\" required>\r\n                <label for=\"d\u00e9pannage\">D\u00e9pannage<\/label>\r\n            <\/div>\r\n            <div class=\"form-check\">\r\n                <input type=\"radio\" name=\"topic\" value=\"Entretien\" class=\"form-control\" required>\r\n                <label for=\"entretien\">Entretien<\/label>\r\n            <\/div>\r\n            <div class=\"form-check\">\r\n                <input type=\"radio\" name=\"topic\" value=\"R\u00e9novation\" class=\"form-control\" required>\r\n                <label for=\"r\u00e9novation\">R\u00e9novation<\/label>\r\n            <\/div>\r\n            <div class=\"form-check\">\r\n                <input type=\"radio\" name=\"topic\" value=\"Autre\" class=\"form-control\" required>\r\n                <label for=\"autre\">Autre<\/label>\r\n            <\/div>\r\n        <\/div>\r\n        <div class=\"form-group full-width\">\r\n            <label for=\"contact_message\">Message<\/label>\r\n            <textarea name=\"message\" rows=\"3\" class=\"form-control\"><\/textarea>\r\n        <\/div>\r\n    <\/div>\r\n    <div class=\"form-actions\">\r\n        <button class=\"wp-block-button__link has-accent-background-color\">Contacter<\/button>\r\n    <\/div>\r\n<\/form>\r\n<div class=\"form-feedback\"><\/div>    <\/div>\n<h2>Prestations personnalis\u00e9es en fonction de votre objectif<\/h2>\n<ul>\n<li>Conception et agencement de votre jardin : en fonction de votre attente, nous concevons et effectuons votre projet.<\/li>\n<li>Maintenance de votre jardin : nous op\u00e9rons \u00e0 la prestation ou sous contrat selon vos besoins.<\/li>\n<li> Am\u00e9nagement de jardin sur votre terrasse ou balcon : nos jardiniers transforment votre balcon ou votre terrasse en y construisant un jardin.<\/li>\n<li> V\u00e9g\u00e9talisation : nous installons une touche de verdure dans votre soci\u00e9t\u00e9, b\u00e2timent, h\u00f4tel ou centre commercial. Restauration des jardins : nous nous chargeons de l&rsquo;int\u00e9gralit\u00e9 de la r\u00e9novation de vos espaces verts pour les immeubles, maisons et appartements.<\/li>\n<li> Maintenance et entretien des espaces urbains : nous effectuons l&rsquo;entretien des berges, ruelles, routes, parcs et jardins.<\/li>\n<\/ul>\n<h2>Nos services en am\u00e9nagement paysager<\/h2>\n<ul>\n<li>Cr\u00e9ation de massif <\/li>\n<li>D\u00e9frichement, fauchage<\/li>\n<li>Pose de pelouse naturelle<\/li>\n<li>Fleurissement et plantations<\/li>\n<li>Coupes de haies, arbustes et rosiers<\/li>\n<li>Tonte de pelouse<\/li>\n<li>R\u00e9novation de pelouse<\/li>\n<li>Agencement, installation de v\u00e9g\u00e9taux<\/li>\n<li>Aplanissement de sol<\/li>\n<li>Pr\u00e9paration du terrain<\/li>\n<li>Pose de panneaux et de cl\u00f4tures<\/li>\n<li>Installation de l&rsquo;arrosage <\/li>\n<li>Installation de terrasse en bois<\/li>\n<li>Installation de pav\u00e9s<\/li>\n<li>\u00c9lagage, abattage d&rsquo;arbre<\/li>\n<li>Arrachage de racines<\/li>\n<li>Broyage et \u00e9vacuation des d\u00e9bris<\/li>\n<\/ul>\n<h2>Pourquoi travailler avec Artisanlocal<\/h2>\n<p>Nos paysagistes \u00e0 Villeneuve VD respectent l&rsquo;environnement. Nous op\u00e9rons chez les collectivit\u00e9s, les professionnels et les particuliers. Les produits que nos jardiniers emploient sont \u00e9coresponsables. Notre entreprise est situ\u00e9e au c\u0153ur de Villeneuve VD. Nos jardiniers sont qualifi\u00e9es et attachent une grande importance \u00e0 la satisfaction client\u00e8le. Nous faisons tout notre possible pour r\u00e9pondre \u00e0 vos attentes dans les meilleurs d\u00e9lais. Nos tarifs sont attractifs. L&rsquo;estimation de vos travaux est gratuite.<\/p>\n<h2>Nos jardiniers r\u00e9alisent tous vos travaux \u00e0 Villeneuve VD<\/h2>\n<p>Localis\u00e9e dans le centre de Villeneuve VD, Artisanlocal est sp\u00e9cialis\u00e9e dans l&rsquo;am\u00e9nagement paysager et r\u00e9alise aussi la cr\u00e9ation et l\u2019entretien de vos ext\u00e9rieurs. En passant par notre entreprise, vous avez un seul interlocuteur pour vous faire gagner de l&rsquo;argent et du temps.<\/p>\n<h2>Quels sont les types de clients qu&rsquo;Artisanlocal accompagne ?<\/h2>\n<p>Notre entreprise accompagne:<\/p>\n<ul>\n<li>Les \u00e9tablissements et caf\u00e9s.<\/li>\n<li>Les chambres d&rsquo;h\u00f4tes et \u00e9tablissements h\u00f4teliers.<\/li>\n<li> Les maisons et copropri\u00e9t\u00e9s.<\/li>\n<li> Les particuliers.<\/li>\n<li> Les terrains agricoles et ch\u00e2teaux. <\/li>\n<li>Les soci\u00e9t\u00e9s.<\/li>\n<\/ul>\n<h2>Jardiniers paysagistes \u00e0 Villeneuve VD et dans les localit\u00e9s proches<\/h2>\n<p>Nous concevons l&rsquo;espace vert dont vous r\u00eavez. Nous nous adaptons au type de votre jardin et des exigences (comme la nature du terrain). Nous \u00e9tudions premi\u00e8rement votre objectif, et notre \u00e9quipe s&rsquo;occupe de sa r\u00e9alisation. Artisanlocal op\u00e8re \u00e0 Villeneuve VD, mais aussi dans les localit\u00e9s proches comme :&nbsp;<\/p>\nLa Tine, Rossini\u00e8re, Flendruz, Rougemont, Ch\u00e2teau-d'Oex, L'Etivaz, La L\u00e9cherette, Les Moulins, Noville, Chessel, Rennaz, Roche VD, Yvorne, Leysin, Corbeyrier, Aigle, La Comballaz, Les Mosses, Le S\u00e9pey, Vers-l'Eglise, Les Diablerets, La Forclaz VD, Ollon VD, Panex, St-Triphon, Bex, Fenalet-sur-Bex, Freni\u00e8res-sur-Bex, Les Plans-sur-Bex, Gryon, Les Posses-sur-Bex, Arveyes, Hu\u00e9moz, Villars-sur-Ollon, Chesi\u00e8res, Lavey-les-Bains, Lavey-Village.\n","protected":false},"excerpt":{"rendered":"<p>Artisanlocal \u00e9labore, adapte et entretien votre jardin. \u00c0 Villeneuve VD, nos jardiniers paysagistes op\u00e8rent chez les particuliers, les copropri\u00e9t\u00e9s et les professionnels. Nos paysagistes sont \u00e0 l&rsquo;\u00e9coute de vos besoins et vous offrent des travaux sur mesure tout en pr\u00e9servant la biodiversit\u00e9 locale. Prestations personnalis\u00e9es en fonction de votre objectif Conception et agencement de votre [&hellip;]<\/p>\n","protected":false},"author":4,"featured_media":2962,"parent":0,"menu_order":0,"comment_status":"closed","ping_status":"closed","template":"","meta":{"footnotes":""},"profession":[128],"location":[6],"canton":[113],"class_list":["post-2925","page","type-page","status-publish","has-post-thumbnail","hentry","profession-jardinier-paysagiste","location-villeneuve-vd","canton-vd"],"yoast_head":"<!-- This site is optimized with the Yoast SEO Premium plugin v25.7.1 (Yoast SEO v27.3) - https:\/\/yoast.com\/product\/yoast-seo-premium-wordpress\/ -->\n<title>Paysagiste \u00e0 Villeneuve VD - Artisanlocal<\/title>\n<meta name=\"robots\" content=\"index, follow, max-snippet:-1, max-image-preview:large, max-video-preview:-1\" \/>\n<link rel=\"canonical\" href=\"https:\/\/www.artisanlocal.ch\/c\/paysagiste-a-villeneuve\/\" \/>\n<meta property=\"og:locale\" content=\"fr_FR\" \/>\n<meta property=\"og:type\" content=\"article\" \/>\n<meta property=\"og:title\" content=\"Paysagiste \u00e0 Villeneuve VD\" \/>\n<meta property=\"og:description\" content=\"Artisanlocal \u00e9labore, adapte et entretien votre jardin. \u00c0 Villeneuve VD, nos jardiniers paysagistes op\u00e8rent chez les particuliers, les copropri\u00e9t\u00e9s et les professionnels. Nos paysagistes sont \u00e0 l&rsquo;\u00e9coute de vos besoins et vous offrent des travaux sur mesure tout en pr\u00e9servant la biodiversit\u00e9 locale. Prestations personnalis\u00e9es en fonction de votre objectif Conception et agencement de votre [&hellip;]\" \/>\n<meta property=\"og:url\" content=\"https:\/\/www.artisanlocal.ch\/c\/paysagiste-a-villeneuve\/\" \/>\n<meta property=\"og:site_name\" content=\"Artisanlocal\" \/>\n<meta property=\"article:modified_time\" content=\"2025-08-26T17:25:05+00:00\" \/>\n<meta property=\"og:image\" content=\"https:\/\/www.artisanlocal.ch\/c\/wp-content\/uploads\/2024\/11\/paysagiste-jardinier.jpg\" \/>\n\t<meta property=\"og:image:width\" content=\"1920\" \/>\n\t<meta property=\"og:image:height\" content=\"300\" \/>\n\t<meta property=\"og:image:type\" content=\"image\/jpeg\" \/>\n<meta name=\"twitter:card\" content=\"summary_large_image\" \/>\n<meta name=\"twitter:label1\" content=\"Dur\u00e9e de lecture estim\u00e9e\" \/>\n\t<meta name=\"twitter:data1\" content=\"2 minutes\" \/>\n<script type=\"application\/ld+json\" class=\"yoast-schema-graph\">{\"@context\":\"https:\\\/\\\/schema.org\",\"@graph\":[{\"@type\":\"WebPage\",\"@id\":\"https:\\\/\\\/www.artisanlocal.ch\\\/c\\\/paysagiste-a-villeneuve\\\/\",\"url\":\"https:\\\/\\\/www.artisanlocal.ch\\\/c\\\/paysagiste-a-villeneuve\\\/\",\"name\":\"Paysagiste \u00e0 Villeneuve VD - Artisanlocal\",\"isPartOf\":{\"@id\":\"https:\\\/\\\/www.artisanlocal.ch\\\/c\\\/#website\"},\"primaryImageOfPage\":{\"@id\":\"https:\\\/\\\/www.artisanlocal.ch\\\/c\\\/paysagiste-a-villeneuve\\\/#primaryimage\"},\"image\":{\"@id\":\"https:\\\/\\\/www.artisanlocal.ch\\\/c\\\/paysagiste-a-villeneuve\\\/#primaryimage\"},\"thumbnailUrl\":\"https:\\\/\\\/www.artisanlocal.ch\\\/c\\\/wp-content\\\/uploads\\\/2024\\\/11\\\/paysagiste-jardinier.jpg\",\"datePublished\":\"2024-10-04T17:29:52+00:00\",\"dateModified\":\"2025-08-26T17:25:05+00:00\",\"breadcrumb\":{\"@id\":\"https:\\\/\\\/www.artisanlocal.ch\\\/c\\\/paysagiste-a-villeneuve\\\/#breadcrumb\"},\"inLanguage\":\"fr-FR\",\"potentialAction\":[{\"@type\":\"ReadAction\",\"target\":[\"https:\\\/\\\/www.artisanlocal.ch\\\/c\\\/paysagiste-a-villeneuve\\\/\"]}]},{\"@type\":\"ImageObject\",\"inLanguage\":\"fr-FR\",\"@id\":\"https:\\\/\\\/www.artisanlocal.ch\\\/c\\\/paysagiste-a-villeneuve\\\/#primaryimage\",\"url\":\"https:\\\/\\\/www.artisanlocal.ch\\\/c\\\/wp-content\\\/uploads\\\/2024\\\/11\\\/paysagiste-jardinier.jpg\",\"contentUrl\":\"https:\\\/\\\/www.artisanlocal.ch\\\/c\\\/wp-content\\\/uploads\\\/2024\\\/11\\\/paysagiste-jardinier.jpg\",\"width\":1920,\"height\":300},{\"@type\":\"BreadcrumbList\",\"@id\":\"https:\\\/\\\/www.artisanlocal.ch\\\/c\\\/paysagiste-a-villeneuve\\\/#breadcrumb\",\"itemListElement\":[{\"@type\":\"ListItem\",\"position\":1,\"name\":\"Accueil\",\"item\":\"https:\\\/\\\/www.artisanlocal.ch\\\/c\\\/\"},{\"@type\":\"ListItem\",\"position\":2,\"name\":\"Paysagiste \u00e0 Villeneuve\"}]},{\"@type\":\"WebSite\",\"@id\":\"https:\\\/\\\/www.artisanlocal.ch\\\/c\\\/#website\",\"url\":\"https:\\\/\\\/www.artisanlocal.ch\\\/c\\\/\",\"name\":\"Artisanlocal\",\"description\":\"\",\"publisher\":{\"@id\":\"https:\\\/\\\/www.artisanlocal.ch\\\/c\\\/#organization\"},\"potentialAction\":[{\"@type\":\"SearchAction\",\"target\":{\"@type\":\"EntryPoint\",\"urlTemplate\":\"https:\\\/\\\/www.artisanlocal.ch\\\/c\\\/?s={search_term_string}\"},\"query-input\":{\"@type\":\"PropertyValueSpecification\",\"valueRequired\":true,\"valueName\":\"search_term_string\"}}],\"inLanguage\":\"fr-FR\"},{\"@type\":\"Organization\",\"@id\":\"https:\\\/\\\/www.artisanlocal.ch\\\/c\\\/#organization\",\"name\":\"Artisanlocal\",\"url\":\"https:\\\/\\\/www.artisanlocal.ch\\\/c\\\/\",\"logo\":{\"@type\":\"ImageObject\",\"inLanguage\":\"fr-FR\",\"@id\":\"https:\\\/\\\/www.artisanlocal.ch\\\/c\\\/#\\\/schema\\\/logo\\\/image\\\/\",\"url\":\"https:\\\/\\\/www.artisanlocal.ch\\\/c\\\/wp-content\\\/uploads\\\/2024\\\/02\\\/logo-artisanlocal-h.svg\",\"contentUrl\":\"https:\\\/\\\/www.artisanlocal.ch\\\/c\\\/wp-content\\\/uploads\\\/2024\\\/02\\\/logo-artisanlocal-h.svg\",\"caption\":\"Artisanlocal\"},\"image\":{\"@id\":\"https:\\\/\\\/www.artisanlocal.ch\\\/c\\\/#\\\/schema\\\/logo\\\/image\\\/\"}}]}<\/script>\n<!-- \/ Yoast SEO Premium plugin. -->","yoast_head_json":{"title":"Paysagiste \u00e0 Villeneuve VD - Artisanlocal","robots":{"index":"index","follow":"follow","max-snippet":"max-snippet:-1","max-image-preview":"max-image-preview:large","max-video-preview":"max-video-preview:-1"},"canonical":"https:\/\/www.artisanlocal.ch\/c\/paysagiste-a-villeneuve\/","og_locale":"fr_FR","og_type":"article","og_title":"Paysagiste \u00e0 Villeneuve VD","og_description":"Artisanlocal \u00e9labore, adapte et entretien votre jardin. \u00c0 Villeneuve VD, nos jardiniers paysagistes op\u00e8rent chez les particuliers, les copropri\u00e9t\u00e9s et les professionnels. Nos paysagistes sont \u00e0 l&rsquo;\u00e9coute de vos besoins et vous offrent des travaux sur mesure tout en pr\u00e9servant la biodiversit\u00e9 locale. Prestations personnalis\u00e9es en fonction de votre objectif Conception et agencement de votre [&hellip;]","og_url":"https:\/\/www.artisanlocal.ch\/c\/paysagiste-a-villeneuve\/","og_site_name":"Artisanlocal","article_modified_time":"2025-08-26T17:25:05+00:00","og_image":[{"width":1920,"height":300,"url":"https:\/\/www.artisanlocal.ch\/c\/wp-content\/uploads\/2024\/11\/paysagiste-jardinier.jpg","type":"image\/jpeg"}],"twitter_card":"summary_large_image","twitter_misc":{"Dur\u00e9e de lecture estim\u00e9e":"2 minutes"},"schema":{"@context":"https:\/\/schema.org","@graph":[{"@type":"WebPage","@id":"https:\/\/www.artisanlocal.ch\/c\/paysagiste-a-villeneuve\/","url":"https:\/\/www.artisanlocal.ch\/c\/paysagiste-a-villeneuve\/","name":"Paysagiste \u00e0 Villeneuve VD - Artisanlocal","isPartOf":{"@id":"https:\/\/www.artisanlocal.ch\/c\/#website"},"primaryImageOfPage":{"@id":"https:\/\/www.artisanlocal.ch\/c\/paysagiste-a-villeneuve\/#primaryimage"},"image":{"@id":"https:\/\/www.artisanlocal.ch\/c\/paysagiste-a-villeneuve\/#primaryimage"},"thumbnailUrl":"https:\/\/www.artisanlocal.ch\/c\/wp-content\/uploads\/2024\/11\/paysagiste-jardinier.jpg","datePublished":"2024-10-04T17:29:52+00:00","dateModified":"2025-08-26T17:25:05+00:00","breadcrumb":{"@id":"https:\/\/www.artisanlocal.ch\/c\/paysagiste-a-villeneuve\/#breadcrumb"},"inLanguage":"fr-FR","potentialAction":[{"@type":"ReadAction","target":["https:\/\/www.artisanlocal.ch\/c\/paysagiste-a-villeneuve\/"]}]},{"@type":"ImageObject","inLanguage":"fr-FR","@id":"https:\/\/www.artisanlocal.ch\/c\/paysagiste-a-villeneuve\/#primaryimage","url":"https:\/\/www.artisanlocal.ch\/c\/wp-content\/uploads\/2024\/11\/paysagiste-jardinier.jpg","contentUrl":"https:\/\/www.artisanlocal.ch\/c\/wp-content\/uploads\/2024\/11\/paysagiste-jardinier.jpg","width":1920,"height":300},{"@type":"BreadcrumbList","@id":"https:\/\/www.artisanlocal.ch\/c\/paysagiste-a-villeneuve\/#breadcrumb","itemListElement":[{"@type":"ListItem","position":1,"name":"Accueil","item":"https:\/\/www.artisanlocal.ch\/c\/"},{"@type":"ListItem","position":2,"name":"Paysagiste \u00e0 Villeneuve"}]},{"@type":"WebSite","@id":"https:\/\/www.artisanlocal.ch\/c\/#website","url":"https:\/\/www.artisanlocal.ch\/c\/","name":"Artisanlocal","description":"","publisher":{"@id":"https:\/\/www.artisanlocal.ch\/c\/#organization"},"potentialAction":[{"@type":"SearchAction","target":{"@type":"EntryPoint","urlTemplate":"https:\/\/www.artisanlocal.ch\/c\/?s={search_term_string}"},"query-input":{"@type":"PropertyValueSpecification","valueRequired":true,"valueName":"search_term_string"}}],"inLanguage":"fr-FR"},{"@type":"Organization","@id":"https:\/\/www.artisanlocal.ch\/c\/#organization","name":"Artisanlocal","url":"https:\/\/www.artisanlocal.ch\/c\/","logo":{"@type":"ImageObject","inLanguage":"fr-FR","@id":"https:\/\/www.artisanlocal.ch\/c\/#\/schema\/logo\/image\/","url":"https:\/\/www.artisanlocal.ch\/c\/wp-content\/uploads\/2024\/02\/logo-artisanlocal-h.svg","contentUrl":"https:\/\/www.artisanlocal.ch\/c\/wp-content\/uploads\/2024\/02\/logo-artisanlocal-h.svg","caption":"Artisanlocal"},"image":{"@id":"https:\/\/www.artisanlocal.ch\/c\/#\/schema\/logo\/image\/"}}]}},"_links":{"self":[{"href":"https:\/\/www.artisanlocal.ch\/c\/wp-json\/wp\/v2\/pages\/2925","targetHints":{"allow":["GET"]}}],"collection":[{"href":"https:\/\/www.artisanlocal.ch\/c\/wp-json\/wp\/v2\/pages"}],"about":[{"href":"https:\/\/www.artisanlocal.ch\/c\/wp-json\/wp\/v2\/types\/page"}],"author":[{"embeddable":true,"href":"https:\/\/www.artisanlocal.ch\/c\/wp-json\/wp\/v2\/users\/4"}],"replies":[{"embeddable":true,"href":"https:\/\/www.artisanlocal.ch\/c\/wp-json\/wp\/v2\/comments?post=2925"}],"version-history":[{"count":0,"href":"https:\/\/www.artisanlocal.ch\/c\/wp-json\/wp\/v2\/pages\/2925\/revisions"}],"wp:featuredmedia":[{"embeddable":true,"href":"https:\/\/www.artisanlocal.ch\/c\/wp-json\/wp\/v2\/media\/2962"}],"wp:attachment":[{"href":"https:\/\/www.artisanlocal.ch\/c\/wp-json\/wp\/v2\/media?parent=2925"}],"wp:term":[{"taxonomy":"profession","embeddable":true,"href":"https:\/\/www.artisanlocal.ch\/c\/wp-json\/wp\/v2\/profession?post=2925"},{"taxonomy":"location","embeddable":true,"href":"https:\/\/www.artisanlocal.ch\/c\/wp-json\/wp\/v2\/location?post=2925"},{"taxonomy":"canton","embeddable":true,"href":"https:\/\/www.artisanlocal.ch\/c\/wp-json\/wp\/v2\/canton?post=2925"}],"curies":[{"name":"wp","href":"https:\/\/api.w.org\/{rel}","templated":true}]}}