{"id":2931,"date":"2024-10-01T07:28:38","date_gmt":"2024-10-01T05:28:38","guid":{"rendered":"https:\/\/www.artisanlocal.ch\/c\/paysagistes-a-prilly\/"},"modified":"2025-08-26T19:26:16","modified_gmt":"2025-08-26T17:26:16","slug":"paysagistes-a-prilly","status":"publish","type":"page","link":"https:\/\/www.artisanlocal.ch\/c\/paysagistes-a-prilly\/","title":{"rendered":"Paysagistes \u00e0 Prilly"},"content":{"rendered":"<p>Notre entreprise de paysagiste \u00e9labore et entretien vos jardins et espaces ext\u00e9rieurs. Notre \u00e9quipe de paysagistes intervient \u00e0 Prilly aupr\u00e8s des particuliers, copropri\u00e9t\u00e9s et professionnels. Nos jardiniers restent attentifs pour vous proposer des prestations personnalis\u00e9es, et tout en prot\u00e9geant l&rsquo;environnement.<\/p>\n\r\n<div class=\"box\">\r\n            <div class=\"company-info\">\r\n            <img decoding=\"async\" class=\"company-info__logo\" src=\"https:\/\/www.artisanlocal.ch\/media\/cache\/thumb\/images\/companies\/66a8f9a15725f878352608.png\" alt=\"Logo\">\r\n            <h2 class=\"company-info__name\">La 5\u00e8me Saison jardinier-paysagiste S\u00e0rl<\/h2>\r\n            <p class=\"company-info__business\">Entretien - Am\u00e9nagement ext\u00e9rieur - \u00c9lagage - Taille - Cl\u00f4ture - Terrasse - Rocaille - Plantation - Mur en pierre - \u00c9tang - Arrosage automatique - \u00c9clairage<\/p>\r\n        <\/div>\r\n        <div class=\"company-contact\">\r\n            <p class=\"company-info__address\">Ch. des Halles 3<\/p>\r\n                            <div class=\"links\">\r\n                                            <a class=\"btn has-accent-background-color js-phoneNumber\" href=\"tel:0786192108\" title=\"Appelez\" data-id=\"23498\" data-type=\"11\">078 619 21 08<\/a>\r\n                                                                <a class=\"btn has-accent-background-color\" href=\"https:\/\/www.5emesaison.ch\/\" target=\"_blank\" title=\"Voir le site internet\" data-id=\"23498\" data-type=\"20\">Site internet<\/a>\r\n                                    <\/div>\r\n                    <\/div>\r\n    \r\n            \r\n<form action=\"https:\/\/www.artisanlocal.ch\/c\/wp-admin\/admin-ajax.php\" method=\"post\" class=\"form-contact\" id=\"artisan_form_contact_company_inline\">\r\n    <div><input type=\"hidden\" name=\"action\" value=\"company_contact\"><\/div>\r\n    <div><input type=\"hidden\" name=\"nonce\" value=\"2ab39f2652\"><\/div>\r\n    <div><input type=\"hidden\" name=\"company_id\" value=\"23498\"><\/div>\r\n    <div><input type=\"hidden\" name=\"form_id\" value=\"artisan_form_contact_company_inline\"><\/div>\r\n    <div class=\"gglcptch gglcptch_v3 gglcptch_custom\"><input type=\"hidden\" id=\"g-recaptcha-response\" name=\"g-recaptcha-response\" \/><br \/><div class=\"gglcptch_error_text\">La p\u00e9riode de v\u00e9rification reCAPTCHA a expir\u00e9. Veuillez recharger la page.<\/div><\/div>    <div class=\"form-content\">\r\n        <div class=\"form-group\">\r\n            <label for=\"contact_firstName\" class=\"required\">Pr\u00e9nom<\/label>\r\n            <input type=\"text\" name=\"firstName\" class=\"form-control\" required>\r\n        <\/div>\r\n        <div class=\"form-group\">\r\n            <label for=\"contact_lastName\" class=\"required\">Nom<\/label>\r\n            <input type=\"text\" name=\"lastName\" class=\"form-control\" required>\r\n        <\/div>\r\n        <div class=\"form-group\">\r\n            <label for=\"contact_email\" class=\"required\">Email<\/label>\r\n            <input type=\"email\" name=\"email\" class=\"form-control\" required>\r\n        <\/div>\r\n        <div class=\"form-group\">\r\n            <label for=\"contact_phone\" class=\"required\">Num\u00e9ro de t\u00e9l\u00e9phone<\/label>\r\n            <input type=\"tel\" name=\"phone\" class=\"form-control\" placeholder=\"0787117165\" pattern=\"^[0-9]{10}$\" required>\r\n        <\/div>\r\n        <div class=\"form-group\">\r\n            <label for=\"contact_postalCode\" class=\"required\">Code postal et localit\u00e9<\/label>\r\n            <input type=\"text\" name=\"postalCode\" class=\"form-control\" required>\r\n        <\/div>\r\n        <div class=\"form-group\">\r\n            <label for=\"contact_address\" class=\"required\">Adresse<\/label>\r\n            <input type=\"text\" name=\"address\" class=\"form-control\" required>\r\n        <\/div>\r\n        <div class=\"full-width topic\">\r\n            <p class=\"required\">Je souhaite \u00eatre contact\u00e9 pour :<\/p>\r\n            <div class=\"form-check\">\r\n                <input type=\"radio\" name=\"topic\" value=\"D\u00e9pannage\" class=\"form-control\" required>\r\n                <label for=\"d\u00e9pannage\">D\u00e9pannage<\/label>\r\n            <\/div>\r\n            <div class=\"form-check\">\r\n                <input type=\"radio\" name=\"topic\" value=\"Entretien\" class=\"form-control\" required>\r\n                <label for=\"entretien\">Entretien<\/label>\r\n            <\/div>\r\n            <div class=\"form-check\">\r\n                <input type=\"radio\" name=\"topic\" value=\"R\u00e9novation\" class=\"form-control\" required>\r\n                <label for=\"r\u00e9novation\">R\u00e9novation<\/label>\r\n            <\/div>\r\n            <div class=\"form-check\">\r\n                <input type=\"radio\" name=\"topic\" value=\"Autre\" class=\"form-control\" required>\r\n                <label for=\"autre\">Autre<\/label>\r\n            <\/div>\r\n        <\/div>\r\n        <div class=\"form-group full-width\">\r\n            <label for=\"contact_message\">Message<\/label>\r\n            <textarea name=\"message\" rows=\"3\" class=\"form-control\"><\/textarea>\r\n        <\/div>\r\n    <\/div>\r\n    <div class=\"form-actions\">\r\n        <button class=\"wp-block-button__link has-accent-background-color\">Contacter<\/button>\r\n    <\/div>\r\n<\/form>\r\n<div class=\"form-feedback\"><\/div>    <\/div>\n<h2>Des services adapt\u00e9s<\/h2>\n<ul>\n<li>Conception et am\u00e9nagement de votre jardin : \u00e0 partir de vos besoins, nous concevons et r\u00e9alisons votre jardin sur mesure.<\/li>\n<li>Service d&rsquo;entretien pour vos espaces verts : nous op\u00e9rons sous contrat ou \u00e0 la prestation selon vos besoins.<\/li>\n<li> Am\u00e9nagement de votre terrasse : nous concevons un espace vert sur votre terrasse ou votre balcon pour le transformer en un authentique lieu de vie.<\/li>\n<li> V\u00e9g\u00e9talisation : nous introduisons une touche de verdure dans votre soci\u00e9t\u00e9, b\u00e2timent, restaurant ou centre commercial. R\u00e9habilitation et r\u00e9novation des espaces verts : nous nous chargeons de la r\u00e9novation compl\u00e8te de votre espace vert pour les b\u00e2timents, maisons et studios.<\/li>\n<li> Entretien des zones vertes en ville : nous entretenons les jardins, les parcs, les ruelles, les berges et les bords de route.<\/li>\n<\/ul>\n<h2>Nos prestations en am\u00e9nagement paysager<\/h2>\n<ul>\n<li>\u00c9lagage, abattage d&rsquo;arbre<\/li>\n<li>Broyage et \u00e9vacuation des d\u00e9chets<\/li>\n<li>D\u00e9broussaillage, fauchage<\/li>\n<li>Am\u00e9nagement, v\u00e9g\u00e9talisation<\/li>\n<li>R\u00e9alisation de massif de jardin<\/li>\n<li>Pose de pelouse naturelle<\/li>\n<li>Fleurissement et plantations<\/li>\n<li>Mise en place de panneaux en bois et de barri\u00e8res<\/li>\n<li>Tonte de pelouse<\/li>\n<li>Tailles de rosiers, haies et arbustes<\/li>\n<li>Mise en place de l&rsquo;arrosage automatique<\/li>\n<li>Restauration de pelouse<\/li>\n<li>D\u00e9racinement de souches<\/li>\n<li>Nivellement de terrain<\/li>\n<li>Pr\u00e9paration du terrain<\/li>\n<li>Installation de terrasse en bois<\/li>\n<li>Installation de pav\u00e9s<\/li>\n<\/ul>\n<h2>Pourquoi choisir Artisanlocal ?<\/h2>\n<p>Nos paysagistes \u00e0 Prilly respectent l&rsquo;environnement. Nous travaillons avec les propri\u00e9taires, les collectivit\u00e9s et les professionnels. Nous utilisons que des produits \u00e9cologiques. Notre entreprise est implant\u00e9e au c\u0153ur de Prilly. Nos \u00e9quipes attachent une grande importance \u00e0 la satisfaction client\u00e8le. Nos jardiniers paysagistes s&rsquo;engagent \u00e0 satisfaire vos d\u00e9sirs le plus vite possible. Nos prix sont attractifs. Nos devis sont gratuits.<\/p>\n<h2>Nos jardiniers r\u00e9alisent tous vos travaux \u00e0 Prilly<\/h2>\n<p>Artisanlocal est une soci\u00e9t\u00e9 sp\u00e9cialis\u00e9e en solution d&rsquo;am\u00e9nagement paysager \u00e0 Prilly et qui r\u00e9alisent l&rsquo;entretien et la cr\u00e9ation de vos jardins. Avec notre entreprise, vous un interlocuteur unique, vous permettant ainsi de gagner du temps et de l&rsquo;argent.<\/p>\n<h2>Quels types de clients accompagnez-vous ?<\/h2>\n<p>Nous assistons:<\/p>\n<ul>\n<li>Les \u00e9tablissements et caf\u00e9s.<\/li>\n<li>Les h\u00f4tels et chambres d&rsquo;h\u00f4tes.<\/li>\n<li> Les r\u00e9sidences et copropri\u00e9t\u00e9s.<\/li>\n<li> Les particuliers.<\/li>\n<li> Les terrains agricoles et ch\u00e2teaux. <\/li>\n<li>Les soci\u00e9t\u00e9s.<\/li>\n<\/ul>\n<h2>Cr\u00e9ateurs de jardins \u00e0 Prilly et dans les villes proches<\/h2>\n<p>Nous r\u00e9alisons votre jardin. En fonction de vos attentes et des contraintes de votre terrain, nous ajustons notre prestation. Nous examinons premi\u00e8rement votre projet, et nous nous occupons de sa r\u00e9alisation de A \u00e0 Z. Nos jardiniers interviennent \u00e0 Prilly, et aussi dans les villes \u00e0 proximit\u00e9, telles que :&nbsp;<\/p>\nJouxtens-M\u00e9zery, Renens VD, Crissier.\n","protected":false},"excerpt":{"rendered":"<p>Notre entreprise de paysagiste \u00e9labore et entretien vos jardins et espaces ext\u00e9rieurs. Notre \u00e9quipe de paysagistes intervient \u00e0 Prilly aupr\u00e8s des particuliers, copropri\u00e9t\u00e9s et professionnels. Nos jardiniers restent attentifs pour vous proposer des prestations personnalis\u00e9es, et tout en prot\u00e9geant l&rsquo;environnement. Des services adapt\u00e9s Conception et am\u00e9nagement de votre jardin : \u00e0 partir de vos besoins, [&hellip;]<\/p>\n","protected":false},"author":4,"featured_media":2962,"parent":0,"menu_order":0,"comment_status":"closed","ping_status":"closed","template":"","meta":{"footnotes":""},"profession":[128],"location":[68],"canton":[113],"class_list":["post-2931","page","type-page","status-publish","has-post-thumbnail","hentry","profession-jardinier-paysagiste","location-prilly","canton-vd"],"yoast_head":"<!-- This site is optimized with the Yoast SEO Premium plugin v25.7.1 (Yoast SEO v27.3) - https:\/\/yoast.com\/product\/yoast-seo-premium-wordpress\/ -->\n<title>Paysagistes \u00e0 Prilly - Artisanlocal<\/title>\n<meta name=\"robots\" content=\"index, follow, max-snippet:-1, max-image-preview:large, max-video-preview:-1\" \/>\n<link rel=\"canonical\" href=\"https:\/\/www.artisanlocal.ch\/c\/paysagistes-a-prilly\/\" \/>\n<meta property=\"og:locale\" content=\"fr_FR\" \/>\n<meta property=\"og:type\" content=\"article\" \/>\n<meta property=\"og:title\" content=\"Paysagistes \u00e0 Prilly\" \/>\n<meta property=\"og:description\" content=\"Notre entreprise de paysagiste \u00e9labore et entretien vos jardins et espaces ext\u00e9rieurs. Notre \u00e9quipe de paysagistes intervient \u00e0 Prilly aupr\u00e8s des particuliers, copropri\u00e9t\u00e9s et professionnels. Nos jardiniers restent attentifs pour vous proposer des prestations personnalis\u00e9es, et tout en prot\u00e9geant l&rsquo;environnement. Des services adapt\u00e9s Conception et am\u00e9nagement de votre jardin : \u00e0 partir de vos besoins, [&hellip;]\" \/>\n<meta property=\"og:url\" content=\"https:\/\/www.artisanlocal.ch\/c\/paysagistes-a-prilly\/\" \/>\n<meta property=\"og:site_name\" content=\"Artisanlocal\" \/>\n<meta property=\"article:modified_time\" content=\"2025-08-26T17:26:16+00:00\" \/>\n<meta property=\"og:image\" content=\"https:\/\/www.artisanlocal.ch\/c\/wp-content\/uploads\/2024\/11\/paysagiste-jardinier.jpg\" \/>\n\t<meta property=\"og:image:width\" content=\"1920\" \/>\n\t<meta property=\"og:image:height\" content=\"300\" \/>\n\t<meta property=\"og:image:type\" content=\"image\/jpeg\" \/>\n<meta name=\"twitter:card\" content=\"summary_large_image\" \/>\n<meta name=\"twitter:label1\" content=\"Dur\u00e9e de lecture estim\u00e9e\" \/>\n\t<meta name=\"twitter:data1\" content=\"2 minutes\" \/>\n<script type=\"application\/ld+json\" class=\"yoast-schema-graph\">{\"@context\":\"https:\\\/\\\/schema.org\",\"@graph\":[{\"@type\":\"WebPage\",\"@id\":\"https:\\\/\\\/www.artisanlocal.ch\\\/c\\\/paysagistes-a-prilly\\\/\",\"url\":\"https:\\\/\\\/www.artisanlocal.ch\\\/c\\\/paysagistes-a-prilly\\\/\",\"name\":\"Paysagistes \u00e0 Prilly - Artisanlocal\",\"isPartOf\":{\"@id\":\"https:\\\/\\\/www.artisanlocal.ch\\\/c\\\/#website\"},\"primaryImageOfPage\":{\"@id\":\"https:\\\/\\\/www.artisanlocal.ch\\\/c\\\/paysagistes-a-prilly\\\/#primaryimage\"},\"image\":{\"@id\":\"https:\\\/\\\/www.artisanlocal.ch\\\/c\\\/paysagistes-a-prilly\\\/#primaryimage\"},\"thumbnailUrl\":\"https:\\\/\\\/www.artisanlocal.ch\\\/c\\\/wp-content\\\/uploads\\\/2024\\\/11\\\/paysagiste-jardinier.jpg\",\"datePublished\":\"2024-10-01T05:28:38+00:00\",\"dateModified\":\"2025-08-26T17:26:16+00:00\",\"breadcrumb\":{\"@id\":\"https:\\\/\\\/www.artisanlocal.ch\\\/c\\\/paysagistes-a-prilly\\\/#breadcrumb\"},\"inLanguage\":\"fr-FR\",\"potentialAction\":[{\"@type\":\"ReadAction\",\"target\":[\"https:\\\/\\\/www.artisanlocal.ch\\\/c\\\/paysagistes-a-prilly\\\/\"]}]},{\"@type\":\"ImageObject\",\"inLanguage\":\"fr-FR\",\"@id\":\"https:\\\/\\\/www.artisanlocal.ch\\\/c\\\/paysagistes-a-prilly\\\/#primaryimage\",\"url\":\"https:\\\/\\\/www.artisanlocal.ch\\\/c\\\/wp-content\\\/uploads\\\/2024\\\/11\\\/paysagiste-jardinier.jpg\",\"contentUrl\":\"https:\\\/\\\/www.artisanlocal.ch\\\/c\\\/wp-content\\\/uploads\\\/2024\\\/11\\\/paysagiste-jardinier.jpg\",\"width\":1920,\"height\":300},{\"@type\":\"BreadcrumbList\",\"@id\":\"https:\\\/\\\/www.artisanlocal.ch\\\/c\\\/paysagistes-a-prilly\\\/#breadcrumb\",\"itemListElement\":[{\"@type\":\"ListItem\",\"position\":1,\"name\":\"Accueil\",\"item\":\"https:\\\/\\\/www.artisanlocal.ch\\\/c\\\/\"},{\"@type\":\"ListItem\",\"position\":2,\"name\":\"Paysagistes \u00e0 Prilly\"}]},{\"@type\":\"WebSite\",\"@id\":\"https:\\\/\\\/www.artisanlocal.ch\\\/c\\\/#website\",\"url\":\"https:\\\/\\\/www.artisanlocal.ch\\\/c\\\/\",\"name\":\"Artisanlocal\",\"description\":\"\",\"publisher\":{\"@id\":\"https:\\\/\\\/www.artisanlocal.ch\\\/c\\\/#organization\"},\"potentialAction\":[{\"@type\":\"SearchAction\",\"target\":{\"@type\":\"EntryPoint\",\"urlTemplate\":\"https:\\\/\\\/www.artisanlocal.ch\\\/c\\\/?s={search_term_string}\"},\"query-input\":{\"@type\":\"PropertyValueSpecification\",\"valueRequired\":true,\"valueName\":\"search_term_string\"}}],\"inLanguage\":\"fr-FR\"},{\"@type\":\"Organization\",\"@id\":\"https:\\\/\\\/www.artisanlocal.ch\\\/c\\\/#organization\",\"name\":\"Artisanlocal\",\"url\":\"https:\\\/\\\/www.artisanlocal.ch\\\/c\\\/\",\"logo\":{\"@type\":\"ImageObject\",\"inLanguage\":\"fr-FR\",\"@id\":\"https:\\\/\\\/www.artisanlocal.ch\\\/c\\\/#\\\/schema\\\/logo\\\/image\\\/\",\"url\":\"https:\\\/\\\/www.artisanlocal.ch\\\/c\\\/wp-content\\\/uploads\\\/2024\\\/02\\\/logo-artisanlocal-h.svg\",\"contentUrl\":\"https:\\\/\\\/www.artisanlocal.ch\\\/c\\\/wp-content\\\/uploads\\\/2024\\\/02\\\/logo-artisanlocal-h.svg\",\"caption\":\"Artisanlocal\"},\"image\":{\"@id\":\"https:\\\/\\\/www.artisanlocal.ch\\\/c\\\/#\\\/schema\\\/logo\\\/image\\\/\"}}]}<\/script>\n<!-- \/ Yoast SEO Premium plugin. -->","yoast_head_json":{"title":"Paysagistes \u00e0 Prilly - Artisanlocal","robots":{"index":"index","follow":"follow","max-snippet":"max-snippet:-1","max-image-preview":"max-image-preview:large","max-video-preview":"max-video-preview:-1"},"canonical":"https:\/\/www.artisanlocal.ch\/c\/paysagistes-a-prilly\/","og_locale":"fr_FR","og_type":"article","og_title":"Paysagistes \u00e0 Prilly","og_description":"Notre entreprise de paysagiste \u00e9labore et entretien vos jardins et espaces ext\u00e9rieurs. Notre \u00e9quipe de paysagistes intervient \u00e0 Prilly aupr\u00e8s des particuliers, copropri\u00e9t\u00e9s et professionnels. Nos jardiniers restent attentifs pour vous proposer des prestations personnalis\u00e9es, et tout en prot\u00e9geant l&rsquo;environnement. Des services adapt\u00e9s Conception et am\u00e9nagement de votre jardin : \u00e0 partir de vos besoins, [&hellip;]","og_url":"https:\/\/www.artisanlocal.ch\/c\/paysagistes-a-prilly\/","og_site_name":"Artisanlocal","article_modified_time":"2025-08-26T17:26:16+00:00","og_image":[{"width":1920,"height":300,"url":"https:\/\/www.artisanlocal.ch\/c\/wp-content\/uploads\/2024\/11\/paysagiste-jardinier.jpg","type":"image\/jpeg"}],"twitter_card":"summary_large_image","twitter_misc":{"Dur\u00e9e de lecture estim\u00e9e":"2 minutes"},"schema":{"@context":"https:\/\/schema.org","@graph":[{"@type":"WebPage","@id":"https:\/\/www.artisanlocal.ch\/c\/paysagistes-a-prilly\/","url":"https:\/\/www.artisanlocal.ch\/c\/paysagistes-a-prilly\/","name":"Paysagistes \u00e0 Prilly - Artisanlocal","isPartOf":{"@id":"https:\/\/www.artisanlocal.ch\/c\/#website"},"primaryImageOfPage":{"@id":"https:\/\/www.artisanlocal.ch\/c\/paysagistes-a-prilly\/#primaryimage"},"image":{"@id":"https:\/\/www.artisanlocal.ch\/c\/paysagistes-a-prilly\/#primaryimage"},"thumbnailUrl":"https:\/\/www.artisanlocal.ch\/c\/wp-content\/uploads\/2024\/11\/paysagiste-jardinier.jpg","datePublished":"2024-10-01T05:28:38+00:00","dateModified":"2025-08-26T17:26:16+00:00","breadcrumb":{"@id":"https:\/\/www.artisanlocal.ch\/c\/paysagistes-a-prilly\/#breadcrumb"},"inLanguage":"fr-FR","potentialAction":[{"@type":"ReadAction","target":["https:\/\/www.artisanlocal.ch\/c\/paysagistes-a-prilly\/"]}]},{"@type":"ImageObject","inLanguage":"fr-FR","@id":"https:\/\/www.artisanlocal.ch\/c\/paysagistes-a-prilly\/#primaryimage","url":"https:\/\/www.artisanlocal.ch\/c\/wp-content\/uploads\/2024\/11\/paysagiste-jardinier.jpg","contentUrl":"https:\/\/www.artisanlocal.ch\/c\/wp-content\/uploads\/2024\/11\/paysagiste-jardinier.jpg","width":1920,"height":300},{"@type":"BreadcrumbList","@id":"https:\/\/www.artisanlocal.ch\/c\/paysagistes-a-prilly\/#breadcrumb","itemListElement":[{"@type":"ListItem","position":1,"name":"Accueil","item":"https:\/\/www.artisanlocal.ch\/c\/"},{"@type":"ListItem","position":2,"name":"Paysagistes \u00e0 Prilly"}]},{"@type":"WebSite","@id":"https:\/\/www.artisanlocal.ch\/c\/#website","url":"https:\/\/www.artisanlocal.ch\/c\/","name":"Artisanlocal","description":"","publisher":{"@id":"https:\/\/www.artisanlocal.ch\/c\/#organization"},"potentialAction":[{"@type":"SearchAction","target":{"@type":"EntryPoint","urlTemplate":"https:\/\/www.artisanlocal.ch\/c\/?s={search_term_string}"},"query-input":{"@type":"PropertyValueSpecification","valueRequired":true,"valueName":"search_term_string"}}],"inLanguage":"fr-FR"},{"@type":"Organization","@id":"https:\/\/www.artisanlocal.ch\/c\/#organization","name":"Artisanlocal","url":"https:\/\/www.artisanlocal.ch\/c\/","logo":{"@type":"ImageObject","inLanguage":"fr-FR","@id":"https:\/\/www.artisanlocal.ch\/c\/#\/schema\/logo\/image\/","url":"https:\/\/www.artisanlocal.ch\/c\/wp-content\/uploads\/2024\/02\/logo-artisanlocal-h.svg","contentUrl":"https:\/\/www.artisanlocal.ch\/c\/wp-content\/uploads\/2024\/02\/logo-artisanlocal-h.svg","caption":"Artisanlocal"},"image":{"@id":"https:\/\/www.artisanlocal.ch\/c\/#\/schema\/logo\/image\/"}}]}},"_links":{"self":[{"href":"https:\/\/www.artisanlocal.ch\/c\/wp-json\/wp\/v2\/pages\/2931","targetHints":{"allow":["GET"]}}],"collection":[{"href":"https:\/\/www.artisanlocal.ch\/c\/wp-json\/wp\/v2\/pages"}],"about":[{"href":"https:\/\/www.artisanlocal.ch\/c\/wp-json\/wp\/v2\/types\/page"}],"author":[{"embeddable":true,"href":"https:\/\/www.artisanlocal.ch\/c\/wp-json\/wp\/v2\/users\/4"}],"replies":[{"embeddable":true,"href":"https:\/\/www.artisanlocal.ch\/c\/wp-json\/wp\/v2\/comments?post=2931"}],"version-history":[{"count":0,"href":"https:\/\/www.artisanlocal.ch\/c\/wp-json\/wp\/v2\/pages\/2931\/revisions"}],"wp:featuredmedia":[{"embeddable":true,"href":"https:\/\/www.artisanlocal.ch\/c\/wp-json\/wp\/v2\/media\/2962"}],"wp:attachment":[{"href":"https:\/\/www.artisanlocal.ch\/c\/wp-json\/wp\/v2\/media?parent=2931"}],"wp:term":[{"taxonomy":"profession","embeddable":true,"href":"https:\/\/www.artisanlocal.ch\/c\/wp-json\/wp\/v2\/profession?post=2931"},{"taxonomy":"location","embeddable":true,"href":"https:\/\/www.artisanlocal.ch\/c\/wp-json\/wp\/v2\/location?post=2931"},{"taxonomy":"canton","embeddable":true,"href":"https:\/\/www.artisanlocal.ch\/c\/wp-json\/wp\/v2\/canton?post=2931"}],"curies":[{"name":"wp","href":"https:\/\/api.w.org\/{rel}","templated":true}]}}