{"id":2932,"date":"2024-09-28T03:21:51","date_gmt":"2024-09-28T01:21:51","guid":{"rendered":"https:\/\/www.artisanlocal.ch\/c\/entreprise-paysagiste-a-bussigny-pres-lausanne\/"},"modified":"2025-08-26T19:26:37","modified_gmt":"2025-08-26T17:26:37","slug":"entreprise-paysagiste-a-bussigny-pres-lausanne","status":"publish","type":"page","link":"https:\/\/www.artisanlocal.ch\/c\/entreprise-paysagiste-a-bussigny-pres-lausanne\/","title":{"rendered":"Entreprise Paysagiste \u00e0 Bussigny"},"content":{"rendered":"<p>Artisanlocal cr\u00e9e, am\u00e9nage et entretien votre jardin. Notre \u00e9quipe de paysagistes op\u00e8re \u00e0 Bussigny aupr\u00e8s des professionnels, propri\u00e9taires et copropri\u00e9t\u00e9s. Nos paysagistes sont \u00e0 l&rsquo;\u00e9coute de vos besoins et vous offrent des travaux personnalis\u00e9s tout en pr\u00e9servant la biodiversit\u00e9 locale.<\/p>\n\r\n<div class=\"box\">\r\n            <div class=\"company-info\">\r\n            <img decoding=\"async\" class=\"company-info__logo\" src=\"https:\/\/www.artisanlocal.ch\/media\/cache\/thumb\/images\/companies\/618500272ad84395063740.png\" alt=\"Logo\">\r\n            <h2 class=\"company-info__name\">LIGNE VERTE Paysages S\u00e0rl<\/h2>\r\n            <p class=\"company-info__business\">Jardinier - Paysagiste - Entretien et cr\u00e9ation de jardins<\/p>\r\n        <\/div>\r\n        <div class=\"company-contact\">\r\n            <p class=\"company-info__address\">Route de Lussy 13<\/p>\r\n                            <div class=\"links\">\r\n                                            <a class=\"btn has-accent-background-color js-phoneNumber\" href=\"tel:0795894611\" title=\"Appelez\" data-id=\"1625\" data-type=\"11\">079 589 46 11<\/a>\r\n                                                                <a class=\"btn has-accent-background-color\" href=\"http:\/\/www.ligneverte.ch\" target=\"_blank\" title=\"Voir le site internet\" data-id=\"1625\" data-type=\"20\">Site internet<\/a>\r\n                                    <\/div>\r\n                    <\/div>\r\n    \r\n            \r\n<form action=\"https:\/\/www.artisanlocal.ch\/c\/wp-admin\/admin-ajax.php\" method=\"post\" class=\"form-contact\" id=\"artisan_form_contact_company_inline\">\r\n    <div><input type=\"hidden\" name=\"action\" value=\"company_contact\"><\/div>\r\n    <div><input type=\"hidden\" name=\"nonce\" value=\"2ab39f2652\"><\/div>\r\n    <div><input type=\"hidden\" name=\"company_id\" value=\"1625\"><\/div>\r\n    <div><input type=\"hidden\" name=\"form_id\" value=\"artisan_form_contact_company_inline\"><\/div>\r\n    <div class=\"gglcptch gglcptch_v3 gglcptch_custom\"><input type=\"hidden\" id=\"g-recaptcha-response\" name=\"g-recaptcha-response\" \/><br \/><div class=\"gglcptch_error_text\">La p\u00e9riode de v\u00e9rification reCAPTCHA a expir\u00e9. Veuillez recharger la page.<\/div><\/div>    <div class=\"form-content\">\r\n        <div class=\"form-group\">\r\n            <label for=\"contact_firstName\" class=\"required\">Pr\u00e9nom<\/label>\r\n            <input type=\"text\" name=\"firstName\" class=\"form-control\" required>\r\n        <\/div>\r\n        <div class=\"form-group\">\r\n            <label for=\"contact_lastName\" class=\"required\">Nom<\/label>\r\n            <input type=\"text\" name=\"lastName\" class=\"form-control\" required>\r\n        <\/div>\r\n        <div class=\"form-group\">\r\n            <label for=\"contact_email\" class=\"required\">Email<\/label>\r\n            <input type=\"email\" name=\"email\" class=\"form-control\" required>\r\n        <\/div>\r\n        <div class=\"form-group\">\r\n            <label for=\"contact_phone\" class=\"required\">Num\u00e9ro de t\u00e9l\u00e9phone<\/label>\r\n            <input type=\"tel\" name=\"phone\" class=\"form-control\" placeholder=\"0787117165\" pattern=\"^[0-9]{10}$\" required>\r\n        <\/div>\r\n        <div class=\"form-group\">\r\n            <label for=\"contact_postalCode\" class=\"required\">Code postal et localit\u00e9<\/label>\r\n            <input type=\"text\" name=\"postalCode\" class=\"form-control\" required>\r\n        <\/div>\r\n        <div class=\"form-group\">\r\n            <label for=\"contact_address\" class=\"required\">Adresse<\/label>\r\n            <input type=\"text\" name=\"address\" class=\"form-control\" required>\r\n        <\/div>\r\n        <div class=\"full-width topic\">\r\n            <p class=\"required\">Je souhaite \u00eatre contact\u00e9 pour :<\/p>\r\n            <div class=\"form-check\">\r\n                <input type=\"radio\" name=\"topic\" value=\"D\u00e9pannage\" class=\"form-control\" required>\r\n                <label for=\"d\u00e9pannage\">D\u00e9pannage<\/label>\r\n            <\/div>\r\n            <div class=\"form-check\">\r\n                <input type=\"radio\" name=\"topic\" value=\"Entretien\" class=\"form-control\" required>\r\n                <label for=\"entretien\">Entretien<\/label>\r\n            <\/div>\r\n            <div class=\"form-check\">\r\n                <input type=\"radio\" name=\"topic\" value=\"R\u00e9novation\" class=\"form-control\" required>\r\n                <label for=\"r\u00e9novation\">R\u00e9novation<\/label>\r\n            <\/div>\r\n            <div class=\"form-check\">\r\n                <input type=\"radio\" name=\"topic\" value=\"Autre\" class=\"form-control\" required>\r\n                <label for=\"autre\">Autre<\/label>\r\n            <\/div>\r\n        <\/div>\r\n        <div class=\"form-group full-width\">\r\n            <label for=\"contact_message\">Message<\/label>\r\n            <textarea name=\"message\" rows=\"3\" class=\"form-control\"><\/textarea>\r\n        <\/div>\r\n    <\/div>\r\n    <div class=\"form-actions\">\r\n        <button class=\"wp-block-button__link has-accent-background-color\">Contacter<\/button>\r\n    <\/div>\r\n<\/form>\r\n<div class=\"form-feedback\"><\/div>    <\/div>\n<h2>Des services sur mesure<\/h2>\n<ul>\n<li>Cr\u00e9ation personnalis\u00e9e et cr\u00e9ation de votre jardin : nous r\u00e9alisons la cr\u00e9ation et l&rsquo;am\u00e9nagement de votre jardin en fonction de vos demandes.<\/li>\n<li>Entretien de votre espace vert : selon vos besoins, nous op\u00e9rons sous contrat ou \u00e0 la prestation.<\/li>\n<li> Am\u00e9nagement de votre terrasse : nos paysagistes m\u00e9tamorphosent votre terrasse ou votre balcon en y cr\u00e9ant un jardin.<\/li>\n<li> V\u00e9g\u00e9talisation : nous installons des espaces verts dans votre entreprise, immeuble, h\u00f4tel ou centre commercial. R\u00e9novation des jardins : nous nous chargeons de la r\u00e9novation compl\u00e8te de vos espaces verts pour les appartements, immeubles et maisons.<\/li>\n<li> Entretien des espaces verts en milieu urbain : nous restaurons les jardins, les parcs, les ruelles, les berges et les bords de route.<\/li>\n<\/ul>\n<h2>Nos prestations en am\u00e9nagement paysager<\/h2>\n<ul>\n<li>Conception de massif <\/li>\n<li>D\u00e9frichement, fauchage<\/li>\n<li>Installation de pelouse <\/li>\n<li>Fleurissement et plantations<\/li>\n<li>Tailles de haies, arbustes et rosiers<\/li>\n<li>Coupe du gazon<\/li>\n<li>Restauration de pelouse<\/li>\n<li>Am\u00e9nagement, v\u00e9g\u00e9talisation<\/li>\n<li>Aplanissement de sol<\/li>\n<li>Terrassement<\/li>\n<li>Mise en place de panneaux en bois et de cl\u00f4tures<\/li>\n<li>Installation de l&rsquo;arrosage <\/li>\n<li>Mise en place de terrasse en bois<\/li>\n<li>Pose de pav\u00e9s<\/li>\n<li>\u00c9lagage, abattage d&rsquo;arbre<\/li>\n<li>Arrachage de racines<\/li>\n<li>Broyage et \u00e9vacuation des d\u00e9chets<\/li>\n<\/ul>\n<h2>Pourquoi choisir Artisanlocal ?<\/h2>\n<p>Nos paysagistes \u00e0 Bussigny respectent l&rsquo;environnement. Nous travaillons avec les particuliers, les collectivit\u00e9s et les professionnels. Nous employons que des produits \u00e9coresponsables. Notre entreprise est localis\u00e9e au c\u0153ur de Bussigny. Les jardiniers qui interviennent \u00e0 votre domicile ou dans vos bureaux veillent \u00e0 votre satisfaction. Nos paysagistes s&rsquo;engagent \u00e0 satisfaire vos attentes dans les plus brefs d\u00e9lais. Nos tarifs sont comp\u00e9titifs. L&rsquo;\u00e9valuation de vos travaux de paysagistes est gratuite.<\/p>\n<h2>Une soci\u00e9t\u00e9 pour g\u00e9rer tous vos besoins en am\u00e9nagement paysager<\/h2>\n<p>Situ\u00e9e \u00e0 Bussigny, Artisanlocal est sp\u00e9cialis\u00e9e dans l&rsquo;am\u00e9nagement paysager et r\u00e9alise aussi la cr\u00e9ation et l\u2019entretien de vos ext\u00e9rieurs. Avec notre soci\u00e9t\u00e9, vous un interlocuteur unique, vous permettant ainsi de gagner de l&rsquo;argent et du temps.<\/p>\n<h2>Quels types de clients accompagnez-vous ?<\/h2>\n<p>Nous assistons:<\/p>\n<ul>\n<li>Les restaurants et caf\u00e9s.<\/li>\n<li>Les chambres d&rsquo;h\u00f4tes et h\u00f4tels.<\/li>\n<li> Les copropri\u00e9t\u00e9s et r\u00e9sidences.<\/li>\n<li> Les particuliers.<\/li>\n<li> Les ch\u00e2teaux et terrains agricoles. <\/li>\n<li>Les soci\u00e9t\u00e9s.<\/li>\n<\/ul>\n<h2>Jardiniers paysagistes \u00e0 Bussigny et dans les communes proches<\/h2>\n<p>Nous cr\u00e9ons l&rsquo;espace vert dont vous r\u00eavez. En fonction de vos attentes et des contraintes de votre jardin, nous ajustons notre service. Nous examinons en premier lieu votre objectif, et notre \u00e9quipe s&rsquo;occupe de sa mise en oeuvre de A \u00e0 Z. Nos paysagistes op\u00e8rent \u00e0 Bussigny, et \u00e9galement dans les localit\u00e9s \u00e0 proximit\u00e9, telles que :&nbsp;<\/p>\nChavannes-pr\u00e8s-Renens, Ecublens VD, St-Sulpice VD, Denges, Echandens, Lonay, Pr\u00e9verenges, Villars-Ste-Croix, Morges, Echichens, St-Saphorin-sur-Morges, Colombier VD, Vullierens, Bremblens, Romanel-sur-Morges, Aclens, Monnaz, Vaux-sur-Morges, Clarmont, Reverolle, Tolochenaz, Lully VD, Chigny, Vufflens-le-Ch\u00e2teau, Denens, Bussy-Chardonney, St-Prex, Lussy-sur-Morges.\n","protected":false},"excerpt":{"rendered":"<p>Artisanlocal cr\u00e9e, am\u00e9nage et entretien votre jardin. Notre \u00e9quipe de paysagistes op\u00e8re \u00e0 Bussigny aupr\u00e8s des professionnels, propri\u00e9taires et copropri\u00e9t\u00e9s. Nos paysagistes sont \u00e0 l&rsquo;\u00e9coute de vos besoins et vous offrent des travaux personnalis\u00e9s tout en pr\u00e9servant la biodiversit\u00e9 locale. Des services sur mesure Cr\u00e9ation personnalis\u00e9e et cr\u00e9ation de votre jardin : nous r\u00e9alisons la [&hellip;]<\/p>\n","protected":false},"author":4,"featured_media":2962,"parent":0,"menu_order":0,"comment_status":"closed","ping_status":"closed","template":"","meta":{"footnotes":""},"profession":[128],"location":[5],"canton":[113],"class_list":["post-2932","page","type-page","status-publish","has-post-thumbnail","hentry","profession-jardinier-paysagiste","location-bussigny","canton-vd"],"yoast_head":"<!-- This site is optimized with the Yoast SEO Premium plugin v25.7.1 (Yoast SEO v27.3) - https:\/\/yoast.com\/product\/yoast-seo-premium-wordpress\/ -->\n<title>Entreprise Paysagiste \u00e0 Bussigny - Artisanlocal<\/title>\n<meta name=\"robots\" content=\"index, follow, max-snippet:-1, max-image-preview:large, max-video-preview:-1\" \/>\n<link rel=\"canonical\" href=\"https:\/\/www.artisanlocal.ch\/c\/entreprise-paysagiste-a-bussigny-pres-lausanne\/\" \/>\n<meta property=\"og:locale\" content=\"fr_FR\" \/>\n<meta property=\"og:type\" content=\"article\" \/>\n<meta property=\"og:title\" content=\"Entreprise Paysagiste \u00e0 Bussigny\" \/>\n<meta property=\"og:description\" content=\"Artisanlocal cr\u00e9e, am\u00e9nage et entretien votre jardin. Notre \u00e9quipe de paysagistes op\u00e8re \u00e0 Bussigny aupr\u00e8s des professionnels, propri\u00e9taires et copropri\u00e9t\u00e9s. Nos paysagistes sont \u00e0 l&rsquo;\u00e9coute de vos besoins et vous offrent des travaux personnalis\u00e9s tout en pr\u00e9servant la biodiversit\u00e9 locale. Des services sur mesure Cr\u00e9ation personnalis\u00e9e et cr\u00e9ation de votre jardin : nous r\u00e9alisons la [&hellip;]\" \/>\n<meta property=\"og:url\" content=\"https:\/\/www.artisanlocal.ch\/c\/entreprise-paysagiste-a-bussigny-pres-lausanne\/\" \/>\n<meta property=\"og:site_name\" content=\"Artisanlocal\" \/>\n<meta property=\"article:modified_time\" content=\"2025-08-26T17:26:37+00:00\" \/>\n<meta property=\"og:image\" content=\"https:\/\/www.artisanlocal.ch\/c\/wp-content\/uploads\/2024\/11\/paysagiste-jardinier.jpg\" \/>\n\t<meta property=\"og:image:width\" content=\"1920\" \/>\n\t<meta property=\"og:image:height\" content=\"300\" \/>\n\t<meta property=\"og:image:type\" content=\"image\/jpeg\" \/>\n<meta name=\"twitter:card\" content=\"summary_large_image\" \/>\n<meta name=\"twitter:label1\" content=\"Dur\u00e9e de lecture estim\u00e9e\" \/>\n\t<meta name=\"twitter:data1\" content=\"2 minutes\" \/>\n<script type=\"application\/ld+json\" class=\"yoast-schema-graph\">{\"@context\":\"https:\\\/\\\/schema.org\",\"@graph\":[{\"@type\":\"WebPage\",\"@id\":\"https:\\\/\\\/www.artisanlocal.ch\\\/c\\\/entreprise-paysagiste-a-bussigny-pres-lausanne\\\/\",\"url\":\"https:\\\/\\\/www.artisanlocal.ch\\\/c\\\/entreprise-paysagiste-a-bussigny-pres-lausanne\\\/\",\"name\":\"Entreprise Paysagiste \u00e0 Bussigny - Artisanlocal\",\"isPartOf\":{\"@id\":\"https:\\\/\\\/www.artisanlocal.ch\\\/c\\\/#website\"},\"primaryImageOfPage\":{\"@id\":\"https:\\\/\\\/www.artisanlocal.ch\\\/c\\\/entreprise-paysagiste-a-bussigny-pres-lausanne\\\/#primaryimage\"},\"image\":{\"@id\":\"https:\\\/\\\/www.artisanlocal.ch\\\/c\\\/entreprise-paysagiste-a-bussigny-pres-lausanne\\\/#primaryimage\"},\"thumbnailUrl\":\"https:\\\/\\\/www.artisanlocal.ch\\\/c\\\/wp-content\\\/uploads\\\/2024\\\/11\\\/paysagiste-jardinier.jpg\",\"datePublished\":\"2024-09-28T01:21:51+00:00\",\"dateModified\":\"2025-08-26T17:26:37+00:00\",\"breadcrumb\":{\"@id\":\"https:\\\/\\\/www.artisanlocal.ch\\\/c\\\/entreprise-paysagiste-a-bussigny-pres-lausanne\\\/#breadcrumb\"},\"inLanguage\":\"fr-FR\",\"potentialAction\":[{\"@type\":\"ReadAction\",\"target\":[\"https:\\\/\\\/www.artisanlocal.ch\\\/c\\\/entreprise-paysagiste-a-bussigny-pres-lausanne\\\/\"]}]},{\"@type\":\"ImageObject\",\"inLanguage\":\"fr-FR\",\"@id\":\"https:\\\/\\\/www.artisanlocal.ch\\\/c\\\/entreprise-paysagiste-a-bussigny-pres-lausanne\\\/#primaryimage\",\"url\":\"https:\\\/\\\/www.artisanlocal.ch\\\/c\\\/wp-content\\\/uploads\\\/2024\\\/11\\\/paysagiste-jardinier.jpg\",\"contentUrl\":\"https:\\\/\\\/www.artisanlocal.ch\\\/c\\\/wp-content\\\/uploads\\\/2024\\\/11\\\/paysagiste-jardinier.jpg\",\"width\":1920,\"height\":300},{\"@type\":\"BreadcrumbList\",\"@id\":\"https:\\\/\\\/www.artisanlocal.ch\\\/c\\\/entreprise-paysagiste-a-bussigny-pres-lausanne\\\/#breadcrumb\",\"itemListElement\":[{\"@type\":\"ListItem\",\"position\":1,\"name\":\"Accueil\",\"item\":\"https:\\\/\\\/www.artisanlocal.ch\\\/c\\\/\"},{\"@type\":\"ListItem\",\"position\":2,\"name\":\"Entreprise Paysagiste \u00e0 Bussigny-pr\u00e8s-Lausanne\"}]},{\"@type\":\"WebSite\",\"@id\":\"https:\\\/\\\/www.artisanlocal.ch\\\/c\\\/#website\",\"url\":\"https:\\\/\\\/www.artisanlocal.ch\\\/c\\\/\",\"name\":\"Artisanlocal\",\"description\":\"\",\"publisher\":{\"@id\":\"https:\\\/\\\/www.artisanlocal.ch\\\/c\\\/#organization\"},\"potentialAction\":[{\"@type\":\"SearchAction\",\"target\":{\"@type\":\"EntryPoint\",\"urlTemplate\":\"https:\\\/\\\/www.artisanlocal.ch\\\/c\\\/?s={search_term_string}\"},\"query-input\":{\"@type\":\"PropertyValueSpecification\",\"valueRequired\":true,\"valueName\":\"search_term_string\"}}],\"inLanguage\":\"fr-FR\"},{\"@type\":\"Organization\",\"@id\":\"https:\\\/\\\/www.artisanlocal.ch\\\/c\\\/#organization\",\"name\":\"Artisanlocal\",\"url\":\"https:\\\/\\\/www.artisanlocal.ch\\\/c\\\/\",\"logo\":{\"@type\":\"ImageObject\",\"inLanguage\":\"fr-FR\",\"@id\":\"https:\\\/\\\/www.artisanlocal.ch\\\/c\\\/#\\\/schema\\\/logo\\\/image\\\/\",\"url\":\"https:\\\/\\\/www.artisanlocal.ch\\\/c\\\/wp-content\\\/uploads\\\/2024\\\/02\\\/logo-artisanlocal-h.svg\",\"contentUrl\":\"https:\\\/\\\/www.artisanlocal.ch\\\/c\\\/wp-content\\\/uploads\\\/2024\\\/02\\\/logo-artisanlocal-h.svg\",\"caption\":\"Artisanlocal\"},\"image\":{\"@id\":\"https:\\\/\\\/www.artisanlocal.ch\\\/c\\\/#\\\/schema\\\/logo\\\/image\\\/\"}}]}<\/script>\n<!-- \/ Yoast SEO Premium plugin. -->","yoast_head_json":{"title":"Entreprise Paysagiste \u00e0 Bussigny - Artisanlocal","robots":{"index":"index","follow":"follow","max-snippet":"max-snippet:-1","max-image-preview":"max-image-preview:large","max-video-preview":"max-video-preview:-1"},"canonical":"https:\/\/www.artisanlocal.ch\/c\/entreprise-paysagiste-a-bussigny-pres-lausanne\/","og_locale":"fr_FR","og_type":"article","og_title":"Entreprise Paysagiste \u00e0 Bussigny","og_description":"Artisanlocal cr\u00e9e, am\u00e9nage et entretien votre jardin. Notre \u00e9quipe de paysagistes op\u00e8re \u00e0 Bussigny aupr\u00e8s des professionnels, propri\u00e9taires et copropri\u00e9t\u00e9s. Nos paysagistes sont \u00e0 l&rsquo;\u00e9coute de vos besoins et vous offrent des travaux personnalis\u00e9s tout en pr\u00e9servant la biodiversit\u00e9 locale. Des services sur mesure Cr\u00e9ation personnalis\u00e9e et cr\u00e9ation de votre jardin : nous r\u00e9alisons la [&hellip;]","og_url":"https:\/\/www.artisanlocal.ch\/c\/entreprise-paysagiste-a-bussigny-pres-lausanne\/","og_site_name":"Artisanlocal","article_modified_time":"2025-08-26T17:26:37+00:00","og_image":[{"width":1920,"height":300,"url":"https:\/\/www.artisanlocal.ch\/c\/wp-content\/uploads\/2024\/11\/paysagiste-jardinier.jpg","type":"image\/jpeg"}],"twitter_card":"summary_large_image","twitter_misc":{"Dur\u00e9e de lecture estim\u00e9e":"2 minutes"},"schema":{"@context":"https:\/\/schema.org","@graph":[{"@type":"WebPage","@id":"https:\/\/www.artisanlocal.ch\/c\/entreprise-paysagiste-a-bussigny-pres-lausanne\/","url":"https:\/\/www.artisanlocal.ch\/c\/entreprise-paysagiste-a-bussigny-pres-lausanne\/","name":"Entreprise Paysagiste \u00e0 Bussigny - Artisanlocal","isPartOf":{"@id":"https:\/\/www.artisanlocal.ch\/c\/#website"},"primaryImageOfPage":{"@id":"https:\/\/www.artisanlocal.ch\/c\/entreprise-paysagiste-a-bussigny-pres-lausanne\/#primaryimage"},"image":{"@id":"https:\/\/www.artisanlocal.ch\/c\/entreprise-paysagiste-a-bussigny-pres-lausanne\/#primaryimage"},"thumbnailUrl":"https:\/\/www.artisanlocal.ch\/c\/wp-content\/uploads\/2024\/11\/paysagiste-jardinier.jpg","datePublished":"2024-09-28T01:21:51+00:00","dateModified":"2025-08-26T17:26:37+00:00","breadcrumb":{"@id":"https:\/\/www.artisanlocal.ch\/c\/entreprise-paysagiste-a-bussigny-pres-lausanne\/#breadcrumb"},"inLanguage":"fr-FR","potentialAction":[{"@type":"ReadAction","target":["https:\/\/www.artisanlocal.ch\/c\/entreprise-paysagiste-a-bussigny-pres-lausanne\/"]}]},{"@type":"ImageObject","inLanguage":"fr-FR","@id":"https:\/\/www.artisanlocal.ch\/c\/entreprise-paysagiste-a-bussigny-pres-lausanne\/#primaryimage","url":"https:\/\/www.artisanlocal.ch\/c\/wp-content\/uploads\/2024\/11\/paysagiste-jardinier.jpg","contentUrl":"https:\/\/www.artisanlocal.ch\/c\/wp-content\/uploads\/2024\/11\/paysagiste-jardinier.jpg","width":1920,"height":300},{"@type":"BreadcrumbList","@id":"https:\/\/www.artisanlocal.ch\/c\/entreprise-paysagiste-a-bussigny-pres-lausanne\/#breadcrumb","itemListElement":[{"@type":"ListItem","position":1,"name":"Accueil","item":"https:\/\/www.artisanlocal.ch\/c\/"},{"@type":"ListItem","position":2,"name":"Entreprise Paysagiste \u00e0 Bussigny-pr\u00e8s-Lausanne"}]},{"@type":"WebSite","@id":"https:\/\/www.artisanlocal.ch\/c\/#website","url":"https:\/\/www.artisanlocal.ch\/c\/","name":"Artisanlocal","description":"","publisher":{"@id":"https:\/\/www.artisanlocal.ch\/c\/#organization"},"potentialAction":[{"@type":"SearchAction","target":{"@type":"EntryPoint","urlTemplate":"https:\/\/www.artisanlocal.ch\/c\/?s={search_term_string}"},"query-input":{"@type":"PropertyValueSpecification","valueRequired":true,"valueName":"search_term_string"}}],"inLanguage":"fr-FR"},{"@type":"Organization","@id":"https:\/\/www.artisanlocal.ch\/c\/#organization","name":"Artisanlocal","url":"https:\/\/www.artisanlocal.ch\/c\/","logo":{"@type":"ImageObject","inLanguage":"fr-FR","@id":"https:\/\/www.artisanlocal.ch\/c\/#\/schema\/logo\/image\/","url":"https:\/\/www.artisanlocal.ch\/c\/wp-content\/uploads\/2024\/02\/logo-artisanlocal-h.svg","contentUrl":"https:\/\/www.artisanlocal.ch\/c\/wp-content\/uploads\/2024\/02\/logo-artisanlocal-h.svg","caption":"Artisanlocal"},"image":{"@id":"https:\/\/www.artisanlocal.ch\/c\/#\/schema\/logo\/image\/"}}]}},"_links":{"self":[{"href":"https:\/\/www.artisanlocal.ch\/c\/wp-json\/wp\/v2\/pages\/2932","targetHints":{"allow":["GET"]}}],"collection":[{"href":"https:\/\/www.artisanlocal.ch\/c\/wp-json\/wp\/v2\/pages"}],"about":[{"href":"https:\/\/www.artisanlocal.ch\/c\/wp-json\/wp\/v2\/types\/page"}],"author":[{"embeddable":true,"href":"https:\/\/www.artisanlocal.ch\/c\/wp-json\/wp\/v2\/users\/4"}],"replies":[{"embeddable":true,"href":"https:\/\/www.artisanlocal.ch\/c\/wp-json\/wp\/v2\/comments?post=2932"}],"version-history":[{"count":0,"href":"https:\/\/www.artisanlocal.ch\/c\/wp-json\/wp\/v2\/pages\/2932\/revisions"}],"wp:featuredmedia":[{"embeddable":true,"href":"https:\/\/www.artisanlocal.ch\/c\/wp-json\/wp\/v2\/media\/2962"}],"wp:attachment":[{"href":"https:\/\/www.artisanlocal.ch\/c\/wp-json\/wp\/v2\/media?parent=2932"}],"wp:term":[{"taxonomy":"profession","embeddable":true,"href":"https:\/\/www.artisanlocal.ch\/c\/wp-json\/wp\/v2\/profession?post=2932"},{"taxonomy":"location","embeddable":true,"href":"https:\/\/www.artisanlocal.ch\/c\/wp-json\/wp\/v2\/location?post=2932"},{"taxonomy":"canton","embeddable":true,"href":"https:\/\/www.artisanlocal.ch\/c\/wp-json\/wp\/v2\/canton?post=2932"}],"curies":[{"name":"wp","href":"https:\/\/api.w.org\/{rel}","templated":true}]}}