{"id":2933,"date":"2024-09-26T21:35:45","date_gmt":"2024-09-26T19:35:45","guid":{"rendered":"https:\/\/www.artisanlocal.ch\/c\/paysagiste-a-gland\/"},"modified":"2025-08-26T19:26:43","modified_gmt":"2025-08-26T17:26:43","slug":"paysagiste-a-gland","status":"publish","type":"page","link":"https:\/\/www.artisanlocal.ch\/c\/paysagiste-a-gland\/","title":{"rendered":"Paysagiste \u00e0 Gland"},"content":{"rendered":"<p>Notre entreprise \u00e9labore et entretien vos jardins et espaces ext\u00e9rieurs. \u00c0 Gland, nos jardiniers op\u00e8rent chez les copropri\u00e9t\u00e9s, les professionnels et les particuliers. Nos jardiniers restent attentifs \u00e0 vos besoins et vous proposent des services sur mesure tout en respectant la biodiversit\u00e9 locale.<\/p>\n\r\n<div class=\"box\">\r\n            <div class=\"company-info\">\r\n            <img decoding=\"async\" class=\"company-info__logo\" src=\"https:\/\/www.artisanlocal.ch\/media\/cache\/thumb\/images\/companies\/6040f89068ed6389993470.png\" alt=\"Logo\">\r\n            <h2 class=\"company-info__name\">LC Jardin<\/h2>\r\n            <p class=\"company-info__business\">Paysagistes - Am\u00e9nagements ext\u00e9rieurs - Entretien de jardin - Pierres naturelles<\/p>\r\n        <\/div>\r\n        <div class=\"company-contact\">\r\n            <p class=\"company-info__address\">Route des Tattes d'Oie 40<\/p>\r\n                            <div class=\"links\">\r\n                                            <a class=\"btn has-accent-background-color js-phoneNumber\" href=\"tel:0792244244\" title=\"Appelez\" data-id=\"1537\" data-type=\"11\">079 224 42 44<\/a>\r\n                                                        <\/div>\r\n                    <\/div>\r\n    \r\n            \r\n<form action=\"https:\/\/www.artisanlocal.ch\/c\/wp-admin\/admin-ajax.php\" method=\"post\" class=\"form-contact\" id=\"artisan_form_contact_company_inline\">\r\n    <div><input type=\"hidden\" name=\"action\" value=\"company_contact\"><\/div>\r\n    <div><input type=\"hidden\" name=\"nonce\" value=\"2ab39f2652\"><\/div>\r\n    <div><input type=\"hidden\" name=\"company_id\" value=\"1537\"><\/div>\r\n    <div><input type=\"hidden\" name=\"form_id\" value=\"artisan_form_contact_company_inline\"><\/div>\r\n    <div class=\"gglcptch gglcptch_v3 gglcptch_custom\"><input type=\"hidden\" id=\"g-recaptcha-response\" name=\"g-recaptcha-response\" \/><br \/><div class=\"gglcptch_error_text\">La p\u00e9riode de v\u00e9rification reCAPTCHA a expir\u00e9. Veuillez recharger la page.<\/div><\/div>    <div class=\"form-content\">\r\n        <div class=\"form-group\">\r\n            <label for=\"contact_firstName\" class=\"required\">Pr\u00e9nom<\/label>\r\n            <input type=\"text\" name=\"firstName\" class=\"form-control\" required>\r\n        <\/div>\r\n        <div class=\"form-group\">\r\n            <label for=\"contact_lastName\" class=\"required\">Nom<\/label>\r\n            <input type=\"text\" name=\"lastName\" class=\"form-control\" required>\r\n        <\/div>\r\n        <div class=\"form-group\">\r\n            <label for=\"contact_email\" class=\"required\">Email<\/label>\r\n            <input type=\"email\" name=\"email\" class=\"form-control\" required>\r\n        <\/div>\r\n        <div class=\"form-group\">\r\n            <label for=\"contact_phone\" class=\"required\">Num\u00e9ro de t\u00e9l\u00e9phone<\/label>\r\n            <input type=\"tel\" name=\"phone\" class=\"form-control\" placeholder=\"0787117165\" pattern=\"^[0-9]{10}$\" required>\r\n        <\/div>\r\n        <div class=\"form-group\">\r\n            <label for=\"contact_postalCode\" class=\"required\">Code postal et localit\u00e9<\/label>\r\n            <input type=\"text\" name=\"postalCode\" class=\"form-control\" required>\r\n        <\/div>\r\n        <div class=\"form-group\">\r\n            <label for=\"contact_address\" class=\"required\">Adresse<\/label>\r\n            <input type=\"text\" name=\"address\" class=\"form-control\" required>\r\n        <\/div>\r\n        <div class=\"full-width topic\">\r\n            <p class=\"required\">Je souhaite \u00eatre contact\u00e9 pour :<\/p>\r\n            <div class=\"form-check\">\r\n                <input type=\"radio\" name=\"topic\" value=\"D\u00e9pannage\" class=\"form-control\" required>\r\n                <label for=\"d\u00e9pannage\">D\u00e9pannage<\/label>\r\n            <\/div>\r\n            <div class=\"form-check\">\r\n                <input type=\"radio\" name=\"topic\" value=\"Entretien\" class=\"form-control\" required>\r\n                <label for=\"entretien\">Entretien<\/label>\r\n            <\/div>\r\n            <div class=\"form-check\">\r\n                <input type=\"radio\" name=\"topic\" value=\"R\u00e9novation\" class=\"form-control\" required>\r\n                <label for=\"r\u00e9novation\">R\u00e9novation<\/label>\r\n            <\/div>\r\n            <div class=\"form-check\">\r\n                <input type=\"radio\" name=\"topic\" value=\"Autre\" class=\"form-control\" required>\r\n                <label for=\"autre\">Autre<\/label>\r\n            <\/div>\r\n        <\/div>\r\n        <div class=\"form-group full-width\">\r\n            <label for=\"contact_message\">Message<\/label>\r\n            <textarea name=\"message\" rows=\"3\" class=\"form-control\"><\/textarea>\r\n        <\/div>\r\n    <\/div>\r\n    <div class=\"form-actions\">\r\n        <button class=\"wp-block-button__link has-accent-background-color\">Contacter<\/button>\r\n    <\/div>\r\n<\/form>\r\n<div class=\"form-feedback\"><\/div>    <\/div>\n<h2>Des services sur mesure<\/h2>\n<ul>\n<li>Cr\u00e9ation et organisation de votre jardin : nous r\u00e9alisons la cr\u00e9ation et l&rsquo;am\u00e9nagement de votre jardin par rapport \u00e0 vos attentes.<\/li>\n<li>Maintenance de votre jardin : par rapport \u00e0 vos attentes, nous intervenons \u00e0 la prestation ou sous contrat.<\/li>\n<li> Am\u00e9nagement de jardin sur votre terrasse ou balcon : nous concevons un espace vert sur votre terrasse ou votre balcon pour le m\u00e9tamorphoser en un authentique lieu de vie.<\/li>\n<li> V\u00e9g\u00e9talisation : nous installons des espaces verts dans votre entreprise, immeuble, h\u00f4tel ou centre commercial. R\u00e9novation et modernisation des terrains et espaces verts : nous nous occupons de la r\u00e9novation compl\u00e8te de vos espaces verts pour les immeubles, maisons et studios.<\/li>\n<li> Entretien des espaces verts en ville : nous r\u00e9alisons l&rsquo;entretien des berges, ruelles, routes, parcs et jardins.<\/li>\n<\/ul>\n<h2>Nos services pour l&rsquo;am\u00e9nagement de votre espace vert<\/h2>\n<ul>\n<li>R\u00e9alisation de massif <\/li>\n<li>D\u00e9frichement, fauchage<\/li>\n<li>Pose de pelouse naturelle<\/li>\n<li>Plantations et fleurissement<\/li>\n<li>Coupes de rosiers, haies et arbustes<\/li>\n<li>Tonte de pelouse<\/li>\n<li>R\u00e9novation de gazon<\/li>\n<li>Am\u00e9nagement, pose de v\u00e9g\u00e9taux<\/li>\n<li>Aplanissement de sol<\/li>\n<li>Pr\u00e9paration du terrain<\/li>\n<li>Installation de panneaux en bois et de barri\u00e8res<\/li>\n<li>Installation de l&rsquo;arrosage <\/li>\n<li>Mise en place de terrasse en bois<\/li>\n<li>Dallage<\/li>\n<li>\u00c9lagage, enl\u00e8vement d&rsquo;arbre<\/li>\n<li>Arrachage de racines<\/li>\n<li>Broyage et \u00e9vacuation des d\u00e9bris<\/li>\n<\/ul>\n<h2>Pourquoi faire confiance \u00e0 Artisanlocal<\/h2>\n<p>\u00c0 Gland, nos jardiniers s&rsquo;engagent \u00e0 respecter l&rsquo;habitat. Nous op\u00e9rons chez les collectivit\u00e9s, les professionnels et les particuliers. Nous utilisons que des produits \u00e9cologiques. Artisanlocal est situ\u00e9 au c\u0153ur de Gland. Nos \u00e9quipes sont qualifi\u00e9es et attachent une grande importance \u00e0 votre satisfaction. Nous nous effor\u00e7ons de r\u00e9pondre \u00e0 vos demandes dans les meilleurs d\u00e9lais. Nous avons des tarifs comp\u00e9titifs. Nos devis sont offerts.<\/p>\n<h2>Une seule soci\u00e9t\u00e9 pour r\u00e9pondre \u00e0 tous vos besoins en am\u00e9nagement paysager<\/h2>\n<p>Artisanlocal est une entreprise experte en solution d&rsquo;am\u00e9nagement paysager \u00e0 Gland et qui s&rsquo;occupent \u00e9galement de la cr\u00e9ation et l\u2019entretien de vos espaces ext\u00e9rieurs. Avec notre entreprise, vous n\u2019avez qu\u2019un seul interlocuteur, pour vous faire gagner de l&rsquo;argent et du temps.<\/p>\n<h2>Quels sont les types de clients qu&rsquo;Artisanlocal assiste ?<\/h2>\n<p>Nous accompagnons:<\/p>\n<ul>\n<li>Les restaurants et caf\u00e9s.<\/li>\n<li>Les chambres d&rsquo;h\u00f4tes et \u00e9tablissements h\u00f4teliers.<\/li>\n<li> Les copropri\u00e9t\u00e9s et r\u00e9sidences.<\/li>\n<li> Les propri\u00e9taires.<\/li>\n<li> Les domaines agricoles et ch\u00e2teaux. <\/li>\n<li>Les soci\u00e9t\u00e9s.<\/li>\n<\/ul>\n<h2>Cr\u00e9ateurs de jardins \u00e0 Gland et dans les localit\u00e9s \u00e0 proximit\u00e9<\/h2>\n<p>Nous r\u00e9alisons l&rsquo;espace vert dont vous r\u00eavez. En fonction des contraintes de votre terrain et de vos objectifs de votre espace vert, nous ajustons notre prestation. Nous examinons premi\u00e8rement votre objectif, et notre \u00e9quipe s&rsquo;occupe de sa mise en oeuvre. Nos jardiniers op\u00e8rent \u00e0 Gland, et aussi dans les villes \u00e0 proximit\u00e9, telles que :&nbsp;<\/p>\nPrangins, Nyon, Le Vaud, Eysins, Crassier, St-Cergue, La Cure, Duillier, Coinsins, Vich, Begnins, Bassins, Tr\u00e9lex, Givrins, Genolier, Arzier-Le Muids, Grens, Signy, Ch\u00e9serex, Gingins, Arnex-sur-Nyon, Borex, La Rippe, Crans VD.\n","protected":false},"excerpt":{"rendered":"<p>Notre entreprise \u00e9labore et entretien vos jardins et espaces ext\u00e9rieurs. \u00c0 Gland, nos jardiniers op\u00e8rent chez les copropri\u00e9t\u00e9s, les professionnels et les particuliers. Nos jardiniers restent attentifs \u00e0 vos besoins et vous proposent des services sur mesure tout en respectant la biodiversit\u00e9 locale. Des services sur mesure Cr\u00e9ation et organisation de votre jardin : nous [&hellip;]<\/p>\n","protected":false},"author":4,"featured_media":2962,"parent":0,"menu_order":0,"comment_status":"closed","ping_status":"closed","template":"","meta":{"footnotes":""},"profession":[128],"location":[19],"canton":[113],"class_list":["post-2933","page","type-page","status-publish","has-post-thumbnail","hentry","profession-jardinier-paysagiste","location-gland","canton-vd"],"yoast_head":"<!-- This site is optimized with the Yoast SEO Premium plugin v25.7.1 (Yoast SEO v27.3) - https:\/\/yoast.com\/product\/yoast-seo-premium-wordpress\/ -->\n<title>Paysagiste \u00e0 Gland - Artisanlocal<\/title>\n<meta name=\"robots\" content=\"index, follow, max-snippet:-1, max-image-preview:large, max-video-preview:-1\" \/>\n<link rel=\"canonical\" href=\"https:\/\/www.artisanlocal.ch\/c\/paysagiste-a-gland\/\" \/>\n<meta property=\"og:locale\" content=\"fr_FR\" \/>\n<meta property=\"og:type\" content=\"article\" \/>\n<meta property=\"og:title\" content=\"Paysagiste \u00e0 Gland\" \/>\n<meta property=\"og:description\" content=\"Notre entreprise \u00e9labore et entretien vos jardins et espaces ext\u00e9rieurs. \u00c0 Gland, nos jardiniers op\u00e8rent chez les copropri\u00e9t\u00e9s, les professionnels et les particuliers. Nos jardiniers restent attentifs \u00e0 vos besoins et vous proposent des services sur mesure tout en respectant la biodiversit\u00e9 locale. Des services sur mesure Cr\u00e9ation et organisation de votre jardin : nous [&hellip;]\" \/>\n<meta property=\"og:url\" content=\"https:\/\/www.artisanlocal.ch\/c\/paysagiste-a-gland\/\" \/>\n<meta property=\"og:site_name\" content=\"Artisanlocal\" \/>\n<meta property=\"article:modified_time\" content=\"2025-08-26T17:26:43+00:00\" \/>\n<meta property=\"og:image\" content=\"https:\/\/www.artisanlocal.ch\/c\/wp-content\/uploads\/2024\/11\/paysagiste-jardinier.jpg\" \/>\n\t<meta property=\"og:image:width\" content=\"1920\" \/>\n\t<meta property=\"og:image:height\" content=\"300\" \/>\n\t<meta property=\"og:image:type\" content=\"image\/jpeg\" \/>\n<meta name=\"twitter:card\" content=\"summary_large_image\" \/>\n<meta name=\"twitter:label1\" content=\"Dur\u00e9e de lecture estim\u00e9e\" \/>\n\t<meta name=\"twitter:data1\" content=\"3 minutes\" \/>\n<script type=\"application\/ld+json\" class=\"yoast-schema-graph\">{\"@context\":\"https:\\\/\\\/schema.org\",\"@graph\":[{\"@type\":\"WebPage\",\"@id\":\"https:\\\/\\\/www.artisanlocal.ch\\\/c\\\/paysagiste-a-gland\\\/\",\"url\":\"https:\\\/\\\/www.artisanlocal.ch\\\/c\\\/paysagiste-a-gland\\\/\",\"name\":\"Paysagiste \u00e0 Gland - Artisanlocal\",\"isPartOf\":{\"@id\":\"https:\\\/\\\/www.artisanlocal.ch\\\/c\\\/#website\"},\"primaryImageOfPage\":{\"@id\":\"https:\\\/\\\/www.artisanlocal.ch\\\/c\\\/paysagiste-a-gland\\\/#primaryimage\"},\"image\":{\"@id\":\"https:\\\/\\\/www.artisanlocal.ch\\\/c\\\/paysagiste-a-gland\\\/#primaryimage\"},\"thumbnailUrl\":\"https:\\\/\\\/www.artisanlocal.ch\\\/c\\\/wp-content\\\/uploads\\\/2024\\\/11\\\/paysagiste-jardinier.jpg\",\"datePublished\":\"2024-09-26T19:35:45+00:00\",\"dateModified\":\"2025-08-26T17:26:43+00:00\",\"breadcrumb\":{\"@id\":\"https:\\\/\\\/www.artisanlocal.ch\\\/c\\\/paysagiste-a-gland\\\/#breadcrumb\"},\"inLanguage\":\"fr-FR\",\"potentialAction\":[{\"@type\":\"ReadAction\",\"target\":[\"https:\\\/\\\/www.artisanlocal.ch\\\/c\\\/paysagiste-a-gland\\\/\"]}]},{\"@type\":\"ImageObject\",\"inLanguage\":\"fr-FR\",\"@id\":\"https:\\\/\\\/www.artisanlocal.ch\\\/c\\\/paysagiste-a-gland\\\/#primaryimage\",\"url\":\"https:\\\/\\\/www.artisanlocal.ch\\\/c\\\/wp-content\\\/uploads\\\/2024\\\/11\\\/paysagiste-jardinier.jpg\",\"contentUrl\":\"https:\\\/\\\/www.artisanlocal.ch\\\/c\\\/wp-content\\\/uploads\\\/2024\\\/11\\\/paysagiste-jardinier.jpg\",\"width\":1920,\"height\":300},{\"@type\":\"BreadcrumbList\",\"@id\":\"https:\\\/\\\/www.artisanlocal.ch\\\/c\\\/paysagiste-a-gland\\\/#breadcrumb\",\"itemListElement\":[{\"@type\":\"ListItem\",\"position\":1,\"name\":\"Accueil\",\"item\":\"https:\\\/\\\/www.artisanlocal.ch\\\/c\\\/\"},{\"@type\":\"ListItem\",\"position\":2,\"name\":\"Paysagiste \u00e0 Gland\"}]},{\"@type\":\"WebSite\",\"@id\":\"https:\\\/\\\/www.artisanlocal.ch\\\/c\\\/#website\",\"url\":\"https:\\\/\\\/www.artisanlocal.ch\\\/c\\\/\",\"name\":\"Artisanlocal\",\"description\":\"\",\"publisher\":{\"@id\":\"https:\\\/\\\/www.artisanlocal.ch\\\/c\\\/#organization\"},\"potentialAction\":[{\"@type\":\"SearchAction\",\"target\":{\"@type\":\"EntryPoint\",\"urlTemplate\":\"https:\\\/\\\/www.artisanlocal.ch\\\/c\\\/?s={search_term_string}\"},\"query-input\":{\"@type\":\"PropertyValueSpecification\",\"valueRequired\":true,\"valueName\":\"search_term_string\"}}],\"inLanguage\":\"fr-FR\"},{\"@type\":\"Organization\",\"@id\":\"https:\\\/\\\/www.artisanlocal.ch\\\/c\\\/#organization\",\"name\":\"Artisanlocal\",\"url\":\"https:\\\/\\\/www.artisanlocal.ch\\\/c\\\/\",\"logo\":{\"@type\":\"ImageObject\",\"inLanguage\":\"fr-FR\",\"@id\":\"https:\\\/\\\/www.artisanlocal.ch\\\/c\\\/#\\\/schema\\\/logo\\\/image\\\/\",\"url\":\"https:\\\/\\\/www.artisanlocal.ch\\\/c\\\/wp-content\\\/uploads\\\/2024\\\/02\\\/logo-artisanlocal-h.svg\",\"contentUrl\":\"https:\\\/\\\/www.artisanlocal.ch\\\/c\\\/wp-content\\\/uploads\\\/2024\\\/02\\\/logo-artisanlocal-h.svg\",\"caption\":\"Artisanlocal\"},\"image\":{\"@id\":\"https:\\\/\\\/www.artisanlocal.ch\\\/c\\\/#\\\/schema\\\/logo\\\/image\\\/\"}}]}<\/script>\n<!-- \/ Yoast SEO Premium plugin. -->","yoast_head_json":{"title":"Paysagiste \u00e0 Gland - Artisanlocal","robots":{"index":"index","follow":"follow","max-snippet":"max-snippet:-1","max-image-preview":"max-image-preview:large","max-video-preview":"max-video-preview:-1"},"canonical":"https:\/\/www.artisanlocal.ch\/c\/paysagiste-a-gland\/","og_locale":"fr_FR","og_type":"article","og_title":"Paysagiste \u00e0 Gland","og_description":"Notre entreprise \u00e9labore et entretien vos jardins et espaces ext\u00e9rieurs. \u00c0 Gland, nos jardiniers op\u00e8rent chez les copropri\u00e9t\u00e9s, les professionnels et les particuliers. Nos jardiniers restent attentifs \u00e0 vos besoins et vous proposent des services sur mesure tout en respectant la biodiversit\u00e9 locale. Des services sur mesure Cr\u00e9ation et organisation de votre jardin : nous [&hellip;]","og_url":"https:\/\/www.artisanlocal.ch\/c\/paysagiste-a-gland\/","og_site_name":"Artisanlocal","article_modified_time":"2025-08-26T17:26:43+00:00","og_image":[{"width":1920,"height":300,"url":"https:\/\/www.artisanlocal.ch\/c\/wp-content\/uploads\/2024\/11\/paysagiste-jardinier.jpg","type":"image\/jpeg"}],"twitter_card":"summary_large_image","twitter_misc":{"Dur\u00e9e de lecture estim\u00e9e":"3 minutes"},"schema":{"@context":"https:\/\/schema.org","@graph":[{"@type":"WebPage","@id":"https:\/\/www.artisanlocal.ch\/c\/paysagiste-a-gland\/","url":"https:\/\/www.artisanlocal.ch\/c\/paysagiste-a-gland\/","name":"Paysagiste \u00e0 Gland - Artisanlocal","isPartOf":{"@id":"https:\/\/www.artisanlocal.ch\/c\/#website"},"primaryImageOfPage":{"@id":"https:\/\/www.artisanlocal.ch\/c\/paysagiste-a-gland\/#primaryimage"},"image":{"@id":"https:\/\/www.artisanlocal.ch\/c\/paysagiste-a-gland\/#primaryimage"},"thumbnailUrl":"https:\/\/www.artisanlocal.ch\/c\/wp-content\/uploads\/2024\/11\/paysagiste-jardinier.jpg","datePublished":"2024-09-26T19:35:45+00:00","dateModified":"2025-08-26T17:26:43+00:00","breadcrumb":{"@id":"https:\/\/www.artisanlocal.ch\/c\/paysagiste-a-gland\/#breadcrumb"},"inLanguage":"fr-FR","potentialAction":[{"@type":"ReadAction","target":["https:\/\/www.artisanlocal.ch\/c\/paysagiste-a-gland\/"]}]},{"@type":"ImageObject","inLanguage":"fr-FR","@id":"https:\/\/www.artisanlocal.ch\/c\/paysagiste-a-gland\/#primaryimage","url":"https:\/\/www.artisanlocal.ch\/c\/wp-content\/uploads\/2024\/11\/paysagiste-jardinier.jpg","contentUrl":"https:\/\/www.artisanlocal.ch\/c\/wp-content\/uploads\/2024\/11\/paysagiste-jardinier.jpg","width":1920,"height":300},{"@type":"BreadcrumbList","@id":"https:\/\/www.artisanlocal.ch\/c\/paysagiste-a-gland\/#breadcrumb","itemListElement":[{"@type":"ListItem","position":1,"name":"Accueil","item":"https:\/\/www.artisanlocal.ch\/c\/"},{"@type":"ListItem","position":2,"name":"Paysagiste \u00e0 Gland"}]},{"@type":"WebSite","@id":"https:\/\/www.artisanlocal.ch\/c\/#website","url":"https:\/\/www.artisanlocal.ch\/c\/","name":"Artisanlocal","description":"","publisher":{"@id":"https:\/\/www.artisanlocal.ch\/c\/#organization"},"potentialAction":[{"@type":"SearchAction","target":{"@type":"EntryPoint","urlTemplate":"https:\/\/www.artisanlocal.ch\/c\/?s={search_term_string}"},"query-input":{"@type":"PropertyValueSpecification","valueRequired":true,"valueName":"search_term_string"}}],"inLanguage":"fr-FR"},{"@type":"Organization","@id":"https:\/\/www.artisanlocal.ch\/c\/#organization","name":"Artisanlocal","url":"https:\/\/www.artisanlocal.ch\/c\/","logo":{"@type":"ImageObject","inLanguage":"fr-FR","@id":"https:\/\/www.artisanlocal.ch\/c\/#\/schema\/logo\/image\/","url":"https:\/\/www.artisanlocal.ch\/c\/wp-content\/uploads\/2024\/02\/logo-artisanlocal-h.svg","contentUrl":"https:\/\/www.artisanlocal.ch\/c\/wp-content\/uploads\/2024\/02\/logo-artisanlocal-h.svg","caption":"Artisanlocal"},"image":{"@id":"https:\/\/www.artisanlocal.ch\/c\/#\/schema\/logo\/image\/"}}]}},"_links":{"self":[{"href":"https:\/\/www.artisanlocal.ch\/c\/wp-json\/wp\/v2\/pages\/2933","targetHints":{"allow":["GET"]}}],"collection":[{"href":"https:\/\/www.artisanlocal.ch\/c\/wp-json\/wp\/v2\/pages"}],"about":[{"href":"https:\/\/www.artisanlocal.ch\/c\/wp-json\/wp\/v2\/types\/page"}],"author":[{"embeddable":true,"href":"https:\/\/www.artisanlocal.ch\/c\/wp-json\/wp\/v2\/users\/4"}],"replies":[{"embeddable":true,"href":"https:\/\/www.artisanlocal.ch\/c\/wp-json\/wp\/v2\/comments?post=2933"}],"version-history":[{"count":0,"href":"https:\/\/www.artisanlocal.ch\/c\/wp-json\/wp\/v2\/pages\/2933\/revisions"}],"wp:featuredmedia":[{"embeddable":true,"href":"https:\/\/www.artisanlocal.ch\/c\/wp-json\/wp\/v2\/media\/2962"}],"wp:attachment":[{"href":"https:\/\/www.artisanlocal.ch\/c\/wp-json\/wp\/v2\/media?parent=2933"}],"wp:term":[{"taxonomy":"profession","embeddable":true,"href":"https:\/\/www.artisanlocal.ch\/c\/wp-json\/wp\/v2\/profession?post=2933"},{"taxonomy":"location","embeddable":true,"href":"https:\/\/www.artisanlocal.ch\/c\/wp-json\/wp\/v2\/location?post=2933"},{"taxonomy":"canton","embeddable":true,"href":"https:\/\/www.artisanlocal.ch\/c\/wp-json\/wp\/v2\/canton?post=2933"}],"curies":[{"name":"wp","href":"https:\/\/api.w.org\/{rel}","templated":true}]}}