{"id":2937,"date":"2024-09-26T17:10:42","date_gmt":"2024-09-26T15:10:42","guid":{"rendered":"https:\/\/www.artisanlocal.ch\/c\/paysagistes-a-chexbres\/"},"modified":"2025-08-26T19:26:44","modified_gmt":"2025-08-26T17:26:44","slug":"paysagistes-a-chexbres","status":"publish","type":"page","link":"https:\/\/www.artisanlocal.ch\/c\/paysagistes-a-chexbres\/","title":{"rendered":"Paysagistes \u00e0 Chexbres"},"content":{"rendered":"<p>Artisanlocal \u00e9labore, agence et entretien votre jardin. Notre \u00e9quipe de jardiniers paysagistes op\u00e8re \u00e0 Chexbres aupr\u00e8s des professionnels, propri\u00e9taires et copropri\u00e9t\u00e9s. Nos \u00e9quipes sont \u00e0 l&rsquo;\u00e9coute de vos attentes et vous offrent des services sur mesure tout en respectant l&rsquo;environnement.<\/p>\n\r\n<div class=\"box\">\r\n    <h2 class=\"text-dark\">Nous cherchons un <em class=\"text-primary\">Jardinier - Paysagiste<\/em> dans la r\u00e9gion de <em class=\"text-primary\">Chexbres<\/em>  en exclusivit\u00e9, afin de proposer vos services \u00e0 nos clients propri\u00e9taires.<\/h2>\r\n    <p>Une opportunit\u00e9 unique pour booster votre activit\u00e9 \u00e0 <strong>Chexbres<\/strong> et aux alentours dans votre domaine (Jardinier - Paysagiste).<\/p>\r\n    <p>Nous travaillons en exclusivit\u00e9 avec qu'une soci\u00e9t\u00e9 par m\u00e9tier et par r\u00e9gion. <br>Votre entreprise est pr\u00e9sente sur tous les documents immobiliers. Afin d'\u00eatre mieux vu sur le net, vous \u00eates \u00e9galement visible sur nos deux sites et sur les pages de r\u00e9f\u00e9rencement de votre r\u00e9gion.<\/p>\r\n    <a href=\"\/contact\" class=\"wp-block-button__link has-accent-background-color has-text-align-center wp-element-button\">R\u00e9server<\/a>\r\n<\/div>\n<h2>Prestations personnalis\u00e9es en fonction de votre espace vert<\/h2>\n<ul>\n<li>Cr\u00e9ation personnalis\u00e9e et cr\u00e9ation de votre jardin : \u00e0 partir de vos besoins, nous concevons et r\u00e9alisons votre jardin sur mesure.<\/li>\n<li>Service d&rsquo;entretien pour vos espaces verts : en fonction de vos attentes, nous op\u00e9rons \u00e0 la prestation ou sous contrat.<\/li>\n<li> Am\u00e9nagement d&rsquo;espace vert sur votre terrasse ou balcon : nos jardiniers m\u00e9tamorphosent votre balcon ou votre terrasse en y cr\u00e9ant un espace vert.<\/li>\n<li> V\u00e9g\u00e9talisation : nous installons de la v\u00e9g\u00e9tation dans votre entreprise, immeuble, restaurant ou centre commercial. R\u00e9habilitation et r\u00e9novation des espaces verts : nous effectuons la restauration et de vos jardins pour les b\u00e2timents, maisons et appartements.<\/li>\n<li> Entretien espaces verts am\u00e9nag\u00e9s dans les villes : nous effectuons l&rsquo;entretien des berges, ruelles, routes, parcs et jardins.<\/li>\n<\/ul>\n<h2>Nos services en am\u00e9nagement paysager<\/h2>\n<ul>\n<li>\u00c9lagage, abattement d&rsquo;arbre<\/li>\n<li>Broyage et \u00e9limination des d\u00e9chets<\/li>\n<li>D\u00e9frichement, fauchage<\/li>\n<li>Agencement, installation de v\u00e9g\u00e9taux<\/li>\n<li>Cr\u00e9ation de massif de jardin<\/li>\n<li>Pose de pelouse <\/li>\n<li>Fleurissement et plantations<\/li>\n<li>Installation de panneaux en bois et de barri\u00e8res<\/li>\n<li>Tonte de gazon<\/li>\n<li>Tailles de rosiers, haies et arbustes<\/li>\n<li>Installation de syst\u00e8mes d&rsquo;arrosage automatique<\/li>\n<li>Restauration de gazon<\/li>\n<li>D\u00e9racinement de racines<\/li>\n<li>Nivellement de sol<\/li>\n<li>Terrassement<\/li>\n<li>Installation de terrasse avec lames de bois<\/li>\n<li>Installation de pav\u00e9s<\/li>\n<\/ul>\n<h2>Pourquoi travailler avec Artisanlocal<\/h2>\n<p>\u00c0 Chexbres, nos jardiniers s&rsquo;engagent \u00e0 respecter l&rsquo;habitat. Nous op\u00e9rons chez les particuliers, les collectivit\u00e9s et les professionnels. Nous employons que des produits \u00e9cologiques. Notre entreprise est localis\u00e9e au c\u0153ur de Chexbres. Nos paysagistes sont qualifi\u00e9es et attachent une importance particuli\u00e8re \u00e0 votre satisfaction. Nos jardiniers paysagistes s&rsquo;engagent \u00e0 satisfaire vos attentes dans les plus brefs d\u00e9lais. Notre entreprise propose des tarifs attractifs. L&rsquo;estimation de vos travaux est gratuite.<\/p>\n<h2>Une entreprise pour g\u00e9rer tous vos besoins <\/h2>\n<p>Install\u00e9e dans le centre de Chexbres, Artisanlocal est reconnue dans l\u2019am\u00e9nagement de jardin et r\u00e9alise aussi la cr\u00e9ation et l\u2019entretien de vos espaces ext\u00e9rieurs. En travaillant avec notre entreprise, vous avez un seul interlocuteur pour vous faire gagner de l&rsquo;argent et du temps.<\/p>\n<h2>Quels sont les types de clients que vous accompagnez ?<\/h2>\n<p>Notre entreprise accompagne:<\/p>\n<ul>\n<li>Les bars et les restaurants.<\/li>\n<li>Les chambres d&rsquo;h\u00f4tes et \u00e9tablissements h\u00f4teliers.<\/li>\n<li> Les maisons et copropri\u00e9t\u00e9s.<\/li>\n<li> Les propri\u00e9taires.<\/li>\n<li> Les ch\u00e2teaux et domaines agricoles. <\/li>\n<li>Les soci\u00e9t\u00e9s.<\/li>\n<\/ul>\n<h2>Cr\u00e9ateurs de jardins \u00e0 Chexbres et dans les villes proches<\/h2>\n<p>Nous r\u00e9alisons votre jardin. Notre \u00e9quipe s&rsquo;adapte au style de votre jardin et des contraintes (comme la caract\u00e9ristique du sol). Apr\u00e8s analyse des contraintes de votre terrain et de vos attentes, nous effectuons l&rsquo;int\u00e9gralit\u00e9 de vos travaux. Notre \u00e9quipe op\u00e8re \u00e0 Chexbres, mais \u00e9galement dans les villes proches comme :&nbsp;<\/p>\nPuidoux, Rivaz, St-Saphorin (Lavaux), Aran, Chenaux, Grandvaux, Cully, Villette (Lavaux), Riex, Epesses, Vevey, Le Mont-P\u00e8lerin, Corseaux, Chardonne, Corsier-sur-Vevey, Jongny, St-L\u00e9gier-La Chi\u00e9saz, Blonay, Les Monts-de-Corsier, Fenil-sur-Corsier, La Tour-de-Peilz, Clarens, Chailly-Montreux, Brent, Montreux, Territet, Veytaux, Chernex, Glion, Caux, Chamby, Villard-sur-Chamby, Les Avants.\n","protected":false},"excerpt":{"rendered":"<p>Artisanlocal \u00e9labore, agence et entretien votre jardin. Notre \u00e9quipe de jardiniers paysagistes op\u00e8re \u00e0 Chexbres aupr\u00e8s des professionnels, propri\u00e9taires et copropri\u00e9t\u00e9s. Nos \u00e9quipes sont \u00e0 l&rsquo;\u00e9coute de vos attentes et vous offrent des services sur mesure tout en respectant l&rsquo;environnement. Prestations personnalis\u00e9es en fonction de votre espace vert Cr\u00e9ation personnalis\u00e9e et cr\u00e9ation de votre jardin [&hellip;]<\/p>\n","protected":false},"author":4,"featured_media":2962,"parent":0,"menu_order":0,"comment_status":"closed","ping_status":"closed","template":"","meta":{"footnotes":""},"profession":[128],"location":[38],"canton":[113],"class_list":["post-2937","page","type-page","status-publish","has-post-thumbnail","hentry","profession-jardinier-paysagiste","location-chexbres","canton-vd"],"yoast_head":"<!-- This site is optimized with the Yoast SEO Premium plugin v25.7.1 (Yoast SEO v27.3) - https:\/\/yoast.com\/product\/yoast-seo-premium-wordpress\/ -->\n<title>Paysagistes \u00e0 Chexbres - Artisanlocal<\/title>\n<meta name=\"robots\" content=\"index, follow, max-snippet:-1, max-image-preview:large, max-video-preview:-1\" \/>\n<link rel=\"canonical\" href=\"https:\/\/www.artisanlocal.ch\/c\/paysagistes-a-chexbres\/\" \/>\n<meta property=\"og:locale\" content=\"fr_FR\" \/>\n<meta property=\"og:type\" content=\"article\" \/>\n<meta property=\"og:title\" content=\"Paysagistes \u00e0 Chexbres\" \/>\n<meta property=\"og:description\" content=\"Artisanlocal \u00e9labore, agence et entretien votre jardin. Notre \u00e9quipe de jardiniers paysagistes op\u00e8re \u00e0 Chexbres aupr\u00e8s des professionnels, propri\u00e9taires et copropri\u00e9t\u00e9s. Nos \u00e9quipes sont \u00e0 l&rsquo;\u00e9coute de vos attentes et vous offrent des services sur mesure tout en respectant l&rsquo;environnement. Prestations personnalis\u00e9es en fonction de votre espace vert Cr\u00e9ation personnalis\u00e9e et cr\u00e9ation de votre jardin [&hellip;]\" \/>\n<meta property=\"og:url\" content=\"https:\/\/www.artisanlocal.ch\/c\/paysagistes-a-chexbres\/\" \/>\n<meta property=\"og:site_name\" content=\"Artisanlocal\" \/>\n<meta property=\"article:modified_time\" content=\"2025-08-26T17:26:44+00:00\" \/>\n<meta property=\"og:image\" content=\"https:\/\/www.artisanlocal.ch\/c\/wp-content\/uploads\/2024\/11\/paysagiste-jardinier.jpg\" \/>\n\t<meta property=\"og:image:width\" content=\"1920\" \/>\n\t<meta property=\"og:image:height\" content=\"300\" \/>\n\t<meta property=\"og:image:type\" content=\"image\/jpeg\" \/>\n<meta name=\"twitter:card\" content=\"summary_large_image\" \/>\n<meta name=\"twitter:label1\" content=\"Dur\u00e9e de lecture estim\u00e9e\" \/>\n\t<meta name=\"twitter:data1\" content=\"3 minutes\" \/>\n<script type=\"application\/ld+json\" class=\"yoast-schema-graph\">{\"@context\":\"https:\\\/\\\/schema.org\",\"@graph\":[{\"@type\":\"WebPage\",\"@id\":\"https:\\\/\\\/www.artisanlocal.ch\\\/c\\\/paysagistes-a-chexbres\\\/\",\"url\":\"https:\\\/\\\/www.artisanlocal.ch\\\/c\\\/paysagistes-a-chexbres\\\/\",\"name\":\"Paysagistes \u00e0 Chexbres - Artisanlocal\",\"isPartOf\":{\"@id\":\"https:\\\/\\\/www.artisanlocal.ch\\\/c\\\/#website\"},\"primaryImageOfPage\":{\"@id\":\"https:\\\/\\\/www.artisanlocal.ch\\\/c\\\/paysagistes-a-chexbres\\\/#primaryimage\"},\"image\":{\"@id\":\"https:\\\/\\\/www.artisanlocal.ch\\\/c\\\/paysagistes-a-chexbres\\\/#primaryimage\"},\"thumbnailUrl\":\"https:\\\/\\\/www.artisanlocal.ch\\\/c\\\/wp-content\\\/uploads\\\/2024\\\/11\\\/paysagiste-jardinier.jpg\",\"datePublished\":\"2024-09-26T15:10:42+00:00\",\"dateModified\":\"2025-08-26T17:26:44+00:00\",\"breadcrumb\":{\"@id\":\"https:\\\/\\\/www.artisanlocal.ch\\\/c\\\/paysagistes-a-chexbres\\\/#breadcrumb\"},\"inLanguage\":\"fr-FR\",\"potentialAction\":[{\"@type\":\"ReadAction\",\"target\":[\"https:\\\/\\\/www.artisanlocal.ch\\\/c\\\/paysagistes-a-chexbres\\\/\"]}]},{\"@type\":\"ImageObject\",\"inLanguage\":\"fr-FR\",\"@id\":\"https:\\\/\\\/www.artisanlocal.ch\\\/c\\\/paysagistes-a-chexbres\\\/#primaryimage\",\"url\":\"https:\\\/\\\/www.artisanlocal.ch\\\/c\\\/wp-content\\\/uploads\\\/2024\\\/11\\\/paysagiste-jardinier.jpg\",\"contentUrl\":\"https:\\\/\\\/www.artisanlocal.ch\\\/c\\\/wp-content\\\/uploads\\\/2024\\\/11\\\/paysagiste-jardinier.jpg\",\"width\":1920,\"height\":300},{\"@type\":\"BreadcrumbList\",\"@id\":\"https:\\\/\\\/www.artisanlocal.ch\\\/c\\\/paysagistes-a-chexbres\\\/#breadcrumb\",\"itemListElement\":[{\"@type\":\"ListItem\",\"position\":1,\"name\":\"Accueil\",\"item\":\"https:\\\/\\\/www.artisanlocal.ch\\\/c\\\/\"},{\"@type\":\"ListItem\",\"position\":2,\"name\":\"Paysagistes \u00e0 Chexbres\"}]},{\"@type\":\"WebSite\",\"@id\":\"https:\\\/\\\/www.artisanlocal.ch\\\/c\\\/#website\",\"url\":\"https:\\\/\\\/www.artisanlocal.ch\\\/c\\\/\",\"name\":\"Artisanlocal\",\"description\":\"\",\"publisher\":{\"@id\":\"https:\\\/\\\/www.artisanlocal.ch\\\/c\\\/#organization\"},\"potentialAction\":[{\"@type\":\"SearchAction\",\"target\":{\"@type\":\"EntryPoint\",\"urlTemplate\":\"https:\\\/\\\/www.artisanlocal.ch\\\/c\\\/?s={search_term_string}\"},\"query-input\":{\"@type\":\"PropertyValueSpecification\",\"valueRequired\":true,\"valueName\":\"search_term_string\"}}],\"inLanguage\":\"fr-FR\"},{\"@type\":\"Organization\",\"@id\":\"https:\\\/\\\/www.artisanlocal.ch\\\/c\\\/#organization\",\"name\":\"Artisanlocal\",\"url\":\"https:\\\/\\\/www.artisanlocal.ch\\\/c\\\/\",\"logo\":{\"@type\":\"ImageObject\",\"inLanguage\":\"fr-FR\",\"@id\":\"https:\\\/\\\/www.artisanlocal.ch\\\/c\\\/#\\\/schema\\\/logo\\\/image\\\/\",\"url\":\"https:\\\/\\\/www.artisanlocal.ch\\\/c\\\/wp-content\\\/uploads\\\/2024\\\/02\\\/logo-artisanlocal-h.svg\",\"contentUrl\":\"https:\\\/\\\/www.artisanlocal.ch\\\/c\\\/wp-content\\\/uploads\\\/2024\\\/02\\\/logo-artisanlocal-h.svg\",\"caption\":\"Artisanlocal\"},\"image\":{\"@id\":\"https:\\\/\\\/www.artisanlocal.ch\\\/c\\\/#\\\/schema\\\/logo\\\/image\\\/\"}}]}<\/script>\n<!-- \/ Yoast SEO Premium plugin. -->","yoast_head_json":{"title":"Paysagistes \u00e0 Chexbres - Artisanlocal","robots":{"index":"index","follow":"follow","max-snippet":"max-snippet:-1","max-image-preview":"max-image-preview:large","max-video-preview":"max-video-preview:-1"},"canonical":"https:\/\/www.artisanlocal.ch\/c\/paysagistes-a-chexbres\/","og_locale":"fr_FR","og_type":"article","og_title":"Paysagistes \u00e0 Chexbres","og_description":"Artisanlocal \u00e9labore, agence et entretien votre jardin. Notre \u00e9quipe de jardiniers paysagistes op\u00e8re \u00e0 Chexbres aupr\u00e8s des professionnels, propri\u00e9taires et copropri\u00e9t\u00e9s. Nos \u00e9quipes sont \u00e0 l&rsquo;\u00e9coute de vos attentes et vous offrent des services sur mesure tout en respectant l&rsquo;environnement. Prestations personnalis\u00e9es en fonction de votre espace vert Cr\u00e9ation personnalis\u00e9e et cr\u00e9ation de votre jardin [&hellip;]","og_url":"https:\/\/www.artisanlocal.ch\/c\/paysagistes-a-chexbres\/","og_site_name":"Artisanlocal","article_modified_time":"2025-08-26T17:26:44+00:00","og_image":[{"width":1920,"height":300,"url":"https:\/\/www.artisanlocal.ch\/c\/wp-content\/uploads\/2024\/11\/paysagiste-jardinier.jpg","type":"image\/jpeg"}],"twitter_card":"summary_large_image","twitter_misc":{"Dur\u00e9e de lecture estim\u00e9e":"3 minutes"},"schema":{"@context":"https:\/\/schema.org","@graph":[{"@type":"WebPage","@id":"https:\/\/www.artisanlocal.ch\/c\/paysagistes-a-chexbres\/","url":"https:\/\/www.artisanlocal.ch\/c\/paysagistes-a-chexbres\/","name":"Paysagistes \u00e0 Chexbres - Artisanlocal","isPartOf":{"@id":"https:\/\/www.artisanlocal.ch\/c\/#website"},"primaryImageOfPage":{"@id":"https:\/\/www.artisanlocal.ch\/c\/paysagistes-a-chexbres\/#primaryimage"},"image":{"@id":"https:\/\/www.artisanlocal.ch\/c\/paysagistes-a-chexbres\/#primaryimage"},"thumbnailUrl":"https:\/\/www.artisanlocal.ch\/c\/wp-content\/uploads\/2024\/11\/paysagiste-jardinier.jpg","datePublished":"2024-09-26T15:10:42+00:00","dateModified":"2025-08-26T17:26:44+00:00","breadcrumb":{"@id":"https:\/\/www.artisanlocal.ch\/c\/paysagistes-a-chexbres\/#breadcrumb"},"inLanguage":"fr-FR","potentialAction":[{"@type":"ReadAction","target":["https:\/\/www.artisanlocal.ch\/c\/paysagistes-a-chexbres\/"]}]},{"@type":"ImageObject","inLanguage":"fr-FR","@id":"https:\/\/www.artisanlocal.ch\/c\/paysagistes-a-chexbres\/#primaryimage","url":"https:\/\/www.artisanlocal.ch\/c\/wp-content\/uploads\/2024\/11\/paysagiste-jardinier.jpg","contentUrl":"https:\/\/www.artisanlocal.ch\/c\/wp-content\/uploads\/2024\/11\/paysagiste-jardinier.jpg","width":1920,"height":300},{"@type":"BreadcrumbList","@id":"https:\/\/www.artisanlocal.ch\/c\/paysagistes-a-chexbres\/#breadcrumb","itemListElement":[{"@type":"ListItem","position":1,"name":"Accueil","item":"https:\/\/www.artisanlocal.ch\/c\/"},{"@type":"ListItem","position":2,"name":"Paysagistes \u00e0 Chexbres"}]},{"@type":"WebSite","@id":"https:\/\/www.artisanlocal.ch\/c\/#website","url":"https:\/\/www.artisanlocal.ch\/c\/","name":"Artisanlocal","description":"","publisher":{"@id":"https:\/\/www.artisanlocal.ch\/c\/#organization"},"potentialAction":[{"@type":"SearchAction","target":{"@type":"EntryPoint","urlTemplate":"https:\/\/www.artisanlocal.ch\/c\/?s={search_term_string}"},"query-input":{"@type":"PropertyValueSpecification","valueRequired":true,"valueName":"search_term_string"}}],"inLanguage":"fr-FR"},{"@type":"Organization","@id":"https:\/\/www.artisanlocal.ch\/c\/#organization","name":"Artisanlocal","url":"https:\/\/www.artisanlocal.ch\/c\/","logo":{"@type":"ImageObject","inLanguage":"fr-FR","@id":"https:\/\/www.artisanlocal.ch\/c\/#\/schema\/logo\/image\/","url":"https:\/\/www.artisanlocal.ch\/c\/wp-content\/uploads\/2024\/02\/logo-artisanlocal-h.svg","contentUrl":"https:\/\/www.artisanlocal.ch\/c\/wp-content\/uploads\/2024\/02\/logo-artisanlocal-h.svg","caption":"Artisanlocal"},"image":{"@id":"https:\/\/www.artisanlocal.ch\/c\/#\/schema\/logo\/image\/"}}]}},"_links":{"self":[{"href":"https:\/\/www.artisanlocal.ch\/c\/wp-json\/wp\/v2\/pages\/2937","targetHints":{"allow":["GET"]}}],"collection":[{"href":"https:\/\/www.artisanlocal.ch\/c\/wp-json\/wp\/v2\/pages"}],"about":[{"href":"https:\/\/www.artisanlocal.ch\/c\/wp-json\/wp\/v2\/types\/page"}],"author":[{"embeddable":true,"href":"https:\/\/www.artisanlocal.ch\/c\/wp-json\/wp\/v2\/users\/4"}],"replies":[{"embeddable":true,"href":"https:\/\/www.artisanlocal.ch\/c\/wp-json\/wp\/v2\/comments?post=2937"}],"version-history":[{"count":0,"href":"https:\/\/www.artisanlocal.ch\/c\/wp-json\/wp\/v2\/pages\/2937\/revisions"}],"wp:featuredmedia":[{"embeddable":true,"href":"https:\/\/www.artisanlocal.ch\/c\/wp-json\/wp\/v2\/media\/2962"}],"wp:attachment":[{"href":"https:\/\/www.artisanlocal.ch\/c\/wp-json\/wp\/v2\/media?parent=2937"}],"wp:term":[{"taxonomy":"profession","embeddable":true,"href":"https:\/\/www.artisanlocal.ch\/c\/wp-json\/wp\/v2\/profession?post=2937"},{"taxonomy":"location","embeddable":true,"href":"https:\/\/www.artisanlocal.ch\/c\/wp-json\/wp\/v2\/location?post=2937"},{"taxonomy":"canton","embeddable":true,"href":"https:\/\/www.artisanlocal.ch\/c\/wp-json\/wp\/v2\/canton?post=2937"}],"curies":[{"name":"wp","href":"https:\/\/api.w.org\/{rel}","templated":true}]}}