{"id":2939,"date":"2024-09-28T08:17:52","date_gmt":"2024-09-28T06:17:52","guid":{"rendered":"https:\/\/www.artisanlocal.ch\/c\/paysagiste-a-bex\/"},"modified":"2025-08-26T19:26:35","modified_gmt":"2025-08-26T17:26:35","slug":"paysagiste-a-bex","status":"publish","type":"page","link":"https:\/\/www.artisanlocal.ch\/c\/paysagiste-a-bex\/","title":{"rendered":"Paysagiste \u00e0 Bex"},"content":{"rendered":"<p>Artisanlocal effectue la conception, l&rsquo;agencement et l&rsquo;entretien de vos espaces verts. \u00c0 Bex, nos jardiniers interviennent chez les copropri\u00e9t\u00e9s, les professionnels et les particuliers. Nos artisans restent attentifs pour vous offrir des prestations personnalis\u00e9es, et en respectant la biodiversit\u00e9 locale.<\/p>\n\r\n<div class=\"box\">\r\n            <div class=\"company-info\">\r\n            <img decoding=\"async\" class=\"company-info__logo\" src=\"https:\/\/www.artisanlocal.ch\/media\/cache\/thumb\/images\/companies\/60ffca3041abb882861113.png\" alt=\"Logo\">\r\n            <h2 class=\"company-info__name\">Martin Marius<\/h2>\r\n            <p class=\"company-info__business\">Paysagistes - Entretien de jardin - Soins aux arbres - Am\u00e9nagements ext\u00e9rieurs<\/p>\r\n        <\/div>\r\n        <div class=\"company-contact\">\r\n            <p class=\"company-info__address\">Chemin du Charbonney 7<\/p>\r\n                            <div class=\"links\">\r\n                                            <a class=\"btn has-accent-background-color js-phoneNumber\" href=\"tel:0794134076\" title=\"Appelez\" data-id=\"1763\" data-type=\"11\">079 413 40 76<\/a>\r\n                                                        <\/div>\r\n                    <\/div>\r\n    \r\n            \r\n<form action=\"https:\/\/www.artisanlocal.ch\/c\/wp-admin\/admin-ajax.php\" method=\"post\" class=\"form-contact\" id=\"artisan_form_contact_company_inline\">\r\n    <div><input type=\"hidden\" name=\"action\" value=\"company_contact\"><\/div>\r\n    <div><input type=\"hidden\" name=\"nonce\" value=\"2ab39f2652\"><\/div>\r\n    <div><input type=\"hidden\" name=\"company_id\" value=\"1763\"><\/div>\r\n    <div><input type=\"hidden\" name=\"form_id\" value=\"artisan_form_contact_company_inline\"><\/div>\r\n    <div class=\"gglcptch gglcptch_v3 gglcptch_custom\"><input type=\"hidden\" id=\"g-recaptcha-response\" name=\"g-recaptcha-response\" \/><br \/><div class=\"gglcptch_error_text\">La p\u00e9riode de v\u00e9rification reCAPTCHA a expir\u00e9. Veuillez recharger la page.<\/div><\/div>    <div class=\"form-content\">\r\n        <div class=\"form-group\">\r\n            <label for=\"contact_firstName\" class=\"required\">Pr\u00e9nom<\/label>\r\n            <input type=\"text\" name=\"firstName\" class=\"form-control\" required>\r\n        <\/div>\r\n        <div class=\"form-group\">\r\n            <label for=\"contact_lastName\" class=\"required\">Nom<\/label>\r\n            <input type=\"text\" name=\"lastName\" class=\"form-control\" required>\r\n        <\/div>\r\n        <div class=\"form-group\">\r\n            <label for=\"contact_email\" class=\"required\">Email<\/label>\r\n            <input type=\"email\" name=\"email\" class=\"form-control\" required>\r\n        <\/div>\r\n        <div class=\"form-group\">\r\n            <label for=\"contact_phone\" class=\"required\">Num\u00e9ro de t\u00e9l\u00e9phone<\/label>\r\n            <input type=\"tel\" name=\"phone\" class=\"form-control\" placeholder=\"0787117165\" pattern=\"^[0-9]{10}$\" required>\r\n        <\/div>\r\n        <div class=\"form-group\">\r\n            <label for=\"contact_postalCode\" class=\"required\">Code postal et localit\u00e9<\/label>\r\n            <input type=\"text\" name=\"postalCode\" class=\"form-control\" required>\r\n        <\/div>\r\n        <div class=\"form-group\">\r\n            <label for=\"contact_address\" class=\"required\">Adresse<\/label>\r\n            <input type=\"text\" name=\"address\" class=\"form-control\" required>\r\n        <\/div>\r\n        <div class=\"full-width topic\">\r\n            <p class=\"required\">Je souhaite \u00eatre contact\u00e9 pour :<\/p>\r\n            <div class=\"form-check\">\r\n                <input type=\"radio\" name=\"topic\" value=\"D\u00e9pannage\" class=\"form-control\" required>\r\n                <label for=\"d\u00e9pannage\">D\u00e9pannage<\/label>\r\n            <\/div>\r\n            <div class=\"form-check\">\r\n                <input type=\"radio\" name=\"topic\" value=\"Entretien\" class=\"form-control\" required>\r\n                <label for=\"entretien\">Entretien<\/label>\r\n            <\/div>\r\n            <div class=\"form-check\">\r\n                <input type=\"radio\" name=\"topic\" value=\"R\u00e9novation\" class=\"form-control\" required>\r\n                <label for=\"r\u00e9novation\">R\u00e9novation<\/label>\r\n            <\/div>\r\n            <div class=\"form-check\">\r\n                <input type=\"radio\" name=\"topic\" value=\"Autre\" class=\"form-control\" required>\r\n                <label for=\"autre\">Autre<\/label>\r\n            <\/div>\r\n        <\/div>\r\n        <div class=\"form-group full-width\">\r\n            <label for=\"contact_message\">Message<\/label>\r\n            <textarea name=\"message\" rows=\"3\" class=\"form-control\"><\/textarea>\r\n        <\/div>\r\n    <\/div>\r\n    <div class=\"form-actions\">\r\n        <button class=\"wp-block-button__link has-accent-background-color\">Contacter<\/button>\r\n    <\/div>\r\n<\/form>\r\n<div class=\"form-feedback\"><\/div>    <\/div>\n<h2>Des services personnalis\u00e9s<\/h2>\n<ul>\n<li>Cr\u00e9ation et organisation de votre jardin : \u00e0 partir de vos attentes, nous concevons et r\u00e9alisons votre jardin sur mesure.<\/li>\n<li>Entretien de votre espace vert : nous op\u00e9rons \u00e0 la prestation ou sous contrat en fonction de vos attentes.<\/li>\n<li> Conception et am\u00e9nagement de votre balcon : nous cr\u00e9ons un espace vert sur votre terrasse ou votre balcon pour le m\u00e9tamorphoser en un lieu de vie.<\/li>\n<li> V\u00e9g\u00e9talisation : nous ajoutons une touche de verdure dans votre entreprise, immeuble, restaurant ou centre commercial. R\u00e9habilitation et r\u00e9novation des espaces verts : nous nous chargeons de l&rsquo;int\u00e9gralit\u00e9 de la r\u00e9novation de vos espaces verts pour les b\u00e2timents, maisons et studios.<\/li>\n<li> Entretien des zones vertes en ville : nous r\u00e9alisons l&rsquo;entretien des berges, ruelles, routes, parcs et jardins.<\/li>\n<\/ul>\n<h2>Nos prestations en am\u00e9nagement paysager<\/h2>\n<ul>\n<li>\u00c9lagage, abattage d&rsquo;arbre<\/li>\n<li>Broyage et \u00e9vacuation des d\u00e9bris<\/li>\n<li>D\u00e9broussaillage, fauchage<\/li>\n<li>Agencement, installation de v\u00e9g\u00e9taux<\/li>\n<li>Cr\u00e9ation de massif de jardin<\/li>\n<li>Pose de gazon naturel<\/li>\n<li>Plantations et fleurissement<\/li>\n<li>Mise en place de panneaux en bois et de barri\u00e8res<\/li>\n<li>Tonte de pelouse<\/li>\n<li>Coupes de rosiers, haies et arbustes<\/li>\n<li>Installation de l&rsquo;arrosage automatique<\/li>\n<li>Restauration de pelouse<\/li>\n<li>Arrachage de racines<\/li>\n<li>Aplanissement de terrain<\/li>\n<li>Terrassement<\/li>\n<li>Mise en place de terrasse en bois<\/li>\n<li>Dallage<\/li>\n<\/ul>\n<h2>Pourquoi s\u00e9lectionner Artisanlocal ?<\/h2>\n<p>Nos paysagistes \u00e0 Bex respectent l&rsquo;environnement. Nous travaillons avec les professionnels, les propri\u00e9taires et les collectivit\u00e9s. Nous utilisons que des produits \u00e9coresponsables. Notre soci\u00e9t\u00e9 est install\u00e9e au c\u0153ur de Bex. Nos paysagistes sont qualifi\u00e9es et attachent une grande importance \u00e0 la satisfaction client\u00e8le. Nous faisons tout notre possible pour r\u00e9pondre \u00e0 vos attentes d\u00e8s que possible. Nos tarifs sont attractifs. Nos devis sont offerts.<\/p>\n<h2>Nos jardiniers effectuent tous vos travaux d&rsquo;am\u00e9nagement \u00e0 Bex<\/h2>\n<p>Install\u00e9e dans le centre ville de Bex, Artisanlocal est reconnue dans l&rsquo;am\u00e9nagement paysager et prend en charge l\u2019entretien et la cr\u00e9ation de vos espaces ext\u00e9rieurs. Avec notre entreprise, vous un interlocuteur unique, vous permettant ainsi de gagner de l&rsquo;argent et du temps.<\/p>\n<h2>Quels types de clients votre entreprise accompagne ?<\/h2>\n<p>Nous accompagnons:<\/p>\n<ul>\n<li>Les bars et les restaurants.<\/li>\n<li>Les chambres d&rsquo;h\u00f4tes et \u00e9tablissements h\u00f4teliers.<\/li>\n<li> Les maisons et copropri\u00e9t\u00e9s.<\/li>\n<li> Les particuliers.<\/li>\n<li> Les terrains agricoles et ch\u00e2teaux. <\/li>\n<li>Les entreprises.<\/li>\n<\/ul>\n<h2>Cr\u00e9ateurs d&rsquo;espaces verts \u00e0 Bex et dans les localit\u00e9s \u00e0 proximit\u00e9<\/h2>\n<p>Nous cr\u00e9ons votre jardin. Nous nous adaptons au type de votre terrain et des exigences (comme la qualit\u00e9 du terrain). Apr\u00e8s \u00e9tude de votre projet et des contraintes, nous effectuons l&rsquo;int\u00e9gralit\u00e9 de vos travaux. Artisanlocal intervient \u00e0 Bex, mais \u00e9galement dans les localit\u00e9s proches comme :&nbsp;<\/p>\nLa Tine, Rossini\u00e8re, Flendruz, Rougemont, Ch\u00e2teau-d'Oex, L'Etivaz, La L\u00e9cherette, Les Moulins, Villeneuve VD, Noville, Chessel, Rennaz, Roche VD, Yvorne, Leysin, Corbeyrier, Aigle, La Comballaz, Les Mosses, Le S\u00e9pey, Vers-l'Eglise, Les Diablerets, La Forclaz VD, Ollon VD, Panex, St-Triphon, Fenalet-sur-Bex, Freni\u00e8res-sur-Bex, Les Plans-sur-Bex, Gryon, Les Posses-sur-Bex, Arveyes, Hu\u00e9moz, Villars-sur-Ollon, Chesi\u00e8res, Lavey-les-Bains, Lavey-Village.\n","protected":false},"excerpt":{"rendered":"<p>Artisanlocal effectue la conception, l&rsquo;agencement et l&rsquo;entretien de vos espaces verts. \u00c0 Bex, nos jardiniers interviennent chez les copropri\u00e9t\u00e9s, les professionnels et les particuliers. Nos artisans restent attentifs pour vous offrir des prestations personnalis\u00e9es, et en respectant la biodiversit\u00e9 locale. Des services personnalis\u00e9s Cr\u00e9ation et organisation de votre jardin : \u00e0 partir de vos attentes, [&hellip;]<\/p>\n","protected":false},"author":4,"featured_media":2962,"parent":0,"menu_order":0,"comment_status":"closed","ping_status":"closed","template":"","meta":{"footnotes":""},"profession":[128],"location":[84],"canton":[113],"class_list":["post-2939","page","type-page","status-publish","has-post-thumbnail","hentry","profession-jardinier-paysagiste","location-bex","canton-vd"],"yoast_head":"<!-- This site is optimized with the Yoast SEO Premium plugin v25.7.1 (Yoast SEO v27.3) - https:\/\/yoast.com\/product\/yoast-seo-premium-wordpress\/ -->\n<title>Paysagiste \u00e0 Bex - Artisanlocal<\/title>\n<meta name=\"robots\" content=\"index, follow, max-snippet:-1, max-image-preview:large, max-video-preview:-1\" \/>\n<link rel=\"canonical\" href=\"https:\/\/www.artisanlocal.ch\/c\/paysagiste-a-bex\/\" \/>\n<meta property=\"og:locale\" content=\"fr_FR\" \/>\n<meta property=\"og:type\" content=\"article\" \/>\n<meta property=\"og:title\" content=\"Paysagiste \u00e0 Bex\" \/>\n<meta property=\"og:description\" content=\"Artisanlocal effectue la conception, l&rsquo;agencement et l&rsquo;entretien de vos espaces verts. \u00c0 Bex, nos jardiniers interviennent chez les copropri\u00e9t\u00e9s, les professionnels et les particuliers. Nos artisans restent attentifs pour vous offrir des prestations personnalis\u00e9es, et en respectant la biodiversit\u00e9 locale. Des services personnalis\u00e9s Cr\u00e9ation et organisation de votre jardin : \u00e0 partir de vos attentes, [&hellip;]\" \/>\n<meta property=\"og:url\" content=\"https:\/\/www.artisanlocal.ch\/c\/paysagiste-a-bex\/\" \/>\n<meta property=\"og:site_name\" content=\"Artisanlocal\" \/>\n<meta property=\"article:modified_time\" content=\"2025-08-26T17:26:35+00:00\" \/>\n<meta property=\"og:image\" content=\"https:\/\/www.artisanlocal.ch\/c\/wp-content\/uploads\/2024\/11\/paysagiste-jardinier.jpg\" \/>\n\t<meta property=\"og:image:width\" content=\"1920\" \/>\n\t<meta property=\"og:image:height\" content=\"300\" \/>\n\t<meta property=\"og:image:type\" content=\"image\/jpeg\" \/>\n<meta name=\"twitter:card\" content=\"summary_large_image\" \/>\n<meta name=\"twitter:label1\" content=\"Dur\u00e9e de lecture estim\u00e9e\" \/>\n\t<meta name=\"twitter:data1\" content=\"2 minutes\" \/>\n<script type=\"application\/ld+json\" class=\"yoast-schema-graph\">{\"@context\":\"https:\\\/\\\/schema.org\",\"@graph\":[{\"@type\":\"WebPage\",\"@id\":\"https:\\\/\\\/www.artisanlocal.ch\\\/c\\\/paysagiste-a-bex\\\/\",\"url\":\"https:\\\/\\\/www.artisanlocal.ch\\\/c\\\/paysagiste-a-bex\\\/\",\"name\":\"Paysagiste \u00e0 Bex - Artisanlocal\",\"isPartOf\":{\"@id\":\"https:\\\/\\\/www.artisanlocal.ch\\\/c\\\/#website\"},\"primaryImageOfPage\":{\"@id\":\"https:\\\/\\\/www.artisanlocal.ch\\\/c\\\/paysagiste-a-bex\\\/#primaryimage\"},\"image\":{\"@id\":\"https:\\\/\\\/www.artisanlocal.ch\\\/c\\\/paysagiste-a-bex\\\/#primaryimage\"},\"thumbnailUrl\":\"https:\\\/\\\/www.artisanlocal.ch\\\/c\\\/wp-content\\\/uploads\\\/2024\\\/11\\\/paysagiste-jardinier.jpg\",\"datePublished\":\"2024-09-28T06:17:52+00:00\",\"dateModified\":\"2025-08-26T17:26:35+00:00\",\"breadcrumb\":{\"@id\":\"https:\\\/\\\/www.artisanlocal.ch\\\/c\\\/paysagiste-a-bex\\\/#breadcrumb\"},\"inLanguage\":\"fr-FR\",\"potentialAction\":[{\"@type\":\"ReadAction\",\"target\":[\"https:\\\/\\\/www.artisanlocal.ch\\\/c\\\/paysagiste-a-bex\\\/\"]}]},{\"@type\":\"ImageObject\",\"inLanguage\":\"fr-FR\",\"@id\":\"https:\\\/\\\/www.artisanlocal.ch\\\/c\\\/paysagiste-a-bex\\\/#primaryimage\",\"url\":\"https:\\\/\\\/www.artisanlocal.ch\\\/c\\\/wp-content\\\/uploads\\\/2024\\\/11\\\/paysagiste-jardinier.jpg\",\"contentUrl\":\"https:\\\/\\\/www.artisanlocal.ch\\\/c\\\/wp-content\\\/uploads\\\/2024\\\/11\\\/paysagiste-jardinier.jpg\",\"width\":1920,\"height\":300},{\"@type\":\"BreadcrumbList\",\"@id\":\"https:\\\/\\\/www.artisanlocal.ch\\\/c\\\/paysagiste-a-bex\\\/#breadcrumb\",\"itemListElement\":[{\"@type\":\"ListItem\",\"position\":1,\"name\":\"Accueil\",\"item\":\"https:\\\/\\\/www.artisanlocal.ch\\\/c\\\/\"},{\"@type\":\"ListItem\",\"position\":2,\"name\":\"Paysagiste \u00e0 Bex\"}]},{\"@type\":\"WebSite\",\"@id\":\"https:\\\/\\\/www.artisanlocal.ch\\\/c\\\/#website\",\"url\":\"https:\\\/\\\/www.artisanlocal.ch\\\/c\\\/\",\"name\":\"Artisanlocal\",\"description\":\"\",\"publisher\":{\"@id\":\"https:\\\/\\\/www.artisanlocal.ch\\\/c\\\/#organization\"},\"potentialAction\":[{\"@type\":\"SearchAction\",\"target\":{\"@type\":\"EntryPoint\",\"urlTemplate\":\"https:\\\/\\\/www.artisanlocal.ch\\\/c\\\/?s={search_term_string}\"},\"query-input\":{\"@type\":\"PropertyValueSpecification\",\"valueRequired\":true,\"valueName\":\"search_term_string\"}}],\"inLanguage\":\"fr-FR\"},{\"@type\":\"Organization\",\"@id\":\"https:\\\/\\\/www.artisanlocal.ch\\\/c\\\/#organization\",\"name\":\"Artisanlocal\",\"url\":\"https:\\\/\\\/www.artisanlocal.ch\\\/c\\\/\",\"logo\":{\"@type\":\"ImageObject\",\"inLanguage\":\"fr-FR\",\"@id\":\"https:\\\/\\\/www.artisanlocal.ch\\\/c\\\/#\\\/schema\\\/logo\\\/image\\\/\",\"url\":\"https:\\\/\\\/www.artisanlocal.ch\\\/c\\\/wp-content\\\/uploads\\\/2024\\\/02\\\/logo-artisanlocal-h.svg\",\"contentUrl\":\"https:\\\/\\\/www.artisanlocal.ch\\\/c\\\/wp-content\\\/uploads\\\/2024\\\/02\\\/logo-artisanlocal-h.svg\",\"caption\":\"Artisanlocal\"},\"image\":{\"@id\":\"https:\\\/\\\/www.artisanlocal.ch\\\/c\\\/#\\\/schema\\\/logo\\\/image\\\/\"}}]}<\/script>\n<!-- \/ Yoast SEO Premium plugin. -->","yoast_head_json":{"title":"Paysagiste \u00e0 Bex - Artisanlocal","robots":{"index":"index","follow":"follow","max-snippet":"max-snippet:-1","max-image-preview":"max-image-preview:large","max-video-preview":"max-video-preview:-1"},"canonical":"https:\/\/www.artisanlocal.ch\/c\/paysagiste-a-bex\/","og_locale":"fr_FR","og_type":"article","og_title":"Paysagiste \u00e0 Bex","og_description":"Artisanlocal effectue la conception, l&rsquo;agencement et l&rsquo;entretien de vos espaces verts. \u00c0 Bex, nos jardiniers interviennent chez les copropri\u00e9t\u00e9s, les professionnels et les particuliers. Nos artisans restent attentifs pour vous offrir des prestations personnalis\u00e9es, et en respectant la biodiversit\u00e9 locale. Des services personnalis\u00e9s Cr\u00e9ation et organisation de votre jardin : \u00e0 partir de vos attentes, [&hellip;]","og_url":"https:\/\/www.artisanlocal.ch\/c\/paysagiste-a-bex\/","og_site_name":"Artisanlocal","article_modified_time":"2025-08-26T17:26:35+00:00","og_image":[{"width":1920,"height":300,"url":"https:\/\/www.artisanlocal.ch\/c\/wp-content\/uploads\/2024\/11\/paysagiste-jardinier.jpg","type":"image\/jpeg"}],"twitter_card":"summary_large_image","twitter_misc":{"Dur\u00e9e de lecture estim\u00e9e":"2 minutes"},"schema":{"@context":"https:\/\/schema.org","@graph":[{"@type":"WebPage","@id":"https:\/\/www.artisanlocal.ch\/c\/paysagiste-a-bex\/","url":"https:\/\/www.artisanlocal.ch\/c\/paysagiste-a-bex\/","name":"Paysagiste \u00e0 Bex - Artisanlocal","isPartOf":{"@id":"https:\/\/www.artisanlocal.ch\/c\/#website"},"primaryImageOfPage":{"@id":"https:\/\/www.artisanlocal.ch\/c\/paysagiste-a-bex\/#primaryimage"},"image":{"@id":"https:\/\/www.artisanlocal.ch\/c\/paysagiste-a-bex\/#primaryimage"},"thumbnailUrl":"https:\/\/www.artisanlocal.ch\/c\/wp-content\/uploads\/2024\/11\/paysagiste-jardinier.jpg","datePublished":"2024-09-28T06:17:52+00:00","dateModified":"2025-08-26T17:26:35+00:00","breadcrumb":{"@id":"https:\/\/www.artisanlocal.ch\/c\/paysagiste-a-bex\/#breadcrumb"},"inLanguage":"fr-FR","potentialAction":[{"@type":"ReadAction","target":["https:\/\/www.artisanlocal.ch\/c\/paysagiste-a-bex\/"]}]},{"@type":"ImageObject","inLanguage":"fr-FR","@id":"https:\/\/www.artisanlocal.ch\/c\/paysagiste-a-bex\/#primaryimage","url":"https:\/\/www.artisanlocal.ch\/c\/wp-content\/uploads\/2024\/11\/paysagiste-jardinier.jpg","contentUrl":"https:\/\/www.artisanlocal.ch\/c\/wp-content\/uploads\/2024\/11\/paysagiste-jardinier.jpg","width":1920,"height":300},{"@type":"BreadcrumbList","@id":"https:\/\/www.artisanlocal.ch\/c\/paysagiste-a-bex\/#breadcrumb","itemListElement":[{"@type":"ListItem","position":1,"name":"Accueil","item":"https:\/\/www.artisanlocal.ch\/c\/"},{"@type":"ListItem","position":2,"name":"Paysagiste \u00e0 Bex"}]},{"@type":"WebSite","@id":"https:\/\/www.artisanlocal.ch\/c\/#website","url":"https:\/\/www.artisanlocal.ch\/c\/","name":"Artisanlocal","description":"","publisher":{"@id":"https:\/\/www.artisanlocal.ch\/c\/#organization"},"potentialAction":[{"@type":"SearchAction","target":{"@type":"EntryPoint","urlTemplate":"https:\/\/www.artisanlocal.ch\/c\/?s={search_term_string}"},"query-input":{"@type":"PropertyValueSpecification","valueRequired":true,"valueName":"search_term_string"}}],"inLanguage":"fr-FR"},{"@type":"Organization","@id":"https:\/\/www.artisanlocal.ch\/c\/#organization","name":"Artisanlocal","url":"https:\/\/www.artisanlocal.ch\/c\/","logo":{"@type":"ImageObject","inLanguage":"fr-FR","@id":"https:\/\/www.artisanlocal.ch\/c\/#\/schema\/logo\/image\/","url":"https:\/\/www.artisanlocal.ch\/c\/wp-content\/uploads\/2024\/02\/logo-artisanlocal-h.svg","contentUrl":"https:\/\/www.artisanlocal.ch\/c\/wp-content\/uploads\/2024\/02\/logo-artisanlocal-h.svg","caption":"Artisanlocal"},"image":{"@id":"https:\/\/www.artisanlocal.ch\/c\/#\/schema\/logo\/image\/"}}]}},"_links":{"self":[{"href":"https:\/\/www.artisanlocal.ch\/c\/wp-json\/wp\/v2\/pages\/2939","targetHints":{"allow":["GET"]}}],"collection":[{"href":"https:\/\/www.artisanlocal.ch\/c\/wp-json\/wp\/v2\/pages"}],"about":[{"href":"https:\/\/www.artisanlocal.ch\/c\/wp-json\/wp\/v2\/types\/page"}],"author":[{"embeddable":true,"href":"https:\/\/www.artisanlocal.ch\/c\/wp-json\/wp\/v2\/users\/4"}],"replies":[{"embeddable":true,"href":"https:\/\/www.artisanlocal.ch\/c\/wp-json\/wp\/v2\/comments?post=2939"}],"version-history":[{"count":0,"href":"https:\/\/www.artisanlocal.ch\/c\/wp-json\/wp\/v2\/pages\/2939\/revisions"}],"wp:featuredmedia":[{"embeddable":true,"href":"https:\/\/www.artisanlocal.ch\/c\/wp-json\/wp\/v2\/media\/2962"}],"wp:attachment":[{"href":"https:\/\/www.artisanlocal.ch\/c\/wp-json\/wp\/v2\/media?parent=2939"}],"wp:term":[{"taxonomy":"profession","embeddable":true,"href":"https:\/\/www.artisanlocal.ch\/c\/wp-json\/wp\/v2\/profession?post=2939"},{"taxonomy":"location","embeddable":true,"href":"https:\/\/www.artisanlocal.ch\/c\/wp-json\/wp\/v2\/location?post=2939"},{"taxonomy":"canton","embeddable":true,"href":"https:\/\/www.artisanlocal.ch\/c\/wp-json\/wp\/v2\/canton?post=2939"}],"curies":[{"name":"wp","href":"https:\/\/api.w.org\/{rel}","templated":true}]}}