{"id":2943,"date":"2024-09-27T04:57:54","date_gmt":"2024-09-27T02:57:54","guid":{"rendered":"https:\/\/www.artisanlocal.ch\/c\/entreprise-paysagiste-a-forel\/"},"modified":"2025-08-26T19:26:41","modified_gmt":"2025-08-26T17:26:41","slug":"entreprise-paysagiste-a-forel","status":"publish","type":"page","link":"https:\/\/www.artisanlocal.ch\/c\/entreprise-paysagiste-a-forel\/","title":{"rendered":"Entreprise Paysagiste \u00e0 Forel (Lavaux)"},"content":{"rendered":"<p>Notre soci\u00e9t\u00e9 cr\u00e9e et entretien vos jardins et espaces ext\u00e9rieurs. \u00c0 Forel (Lavaux), nos jardiniers paysagistes interviennent chez les professionnels, les copropri\u00e9t\u00e9s et les particuliers. Nos \u00e9quipes sont \u00e0 l&rsquo;\u00e9coute de vos attentes et vous proposent des services sur mesure tout en pr\u00e9servant la biodiversit\u00e9 locale.<\/p>\n\r\n<div class=\"box\">\r\n    <h2 class=\"text-dark\">Nous cherchons un <em class=\"text-primary\">Jardinier - Paysagiste<\/em> dans la r\u00e9gion de <em class=\"text-primary\">Forel (Lavaux)<\/em>  en exclusivit\u00e9, afin de proposer vos services \u00e0 nos clients propri\u00e9taires.<\/h2>\r\n    <p>Une opportunit\u00e9 unique pour booster votre activit\u00e9 \u00e0 <strong>Forel (Lavaux)<\/strong> et aux alentours dans votre domaine (Jardinier - Paysagiste).<\/p>\r\n    <p>Nous travaillons en exclusivit\u00e9 avec qu'une soci\u00e9t\u00e9 par m\u00e9tier et par r\u00e9gion. <br>Votre entreprise est pr\u00e9sente sur tous les documents immobiliers. Afin d'\u00eatre mieux vu sur le net, vous \u00eates \u00e9galement visible sur nos deux sites et sur les pages de r\u00e9f\u00e9rencement de votre r\u00e9gion.<\/p>\r\n    <a href=\"\/contact\" class=\"wp-block-button__link has-accent-background-color has-text-align-center wp-element-button\">R\u00e9server<\/a>\r\n<\/div>\n<h2>Des services personnalis\u00e9s<\/h2>\n<ul>\n<li>Conception personnalis\u00e9e et cr\u00e9ation de votre jardin : en fonction de votre demande, nous \u00e9laborons et accomplissons votre projet d&rsquo;am\u00e9nagement paysager sur mesure.<\/li>\n<li>Service d&rsquo;entretien pour vos espaces verts : en fonction de vos attentes, nous op\u00e9rons sous contrat ou \u00e0 la prestation.<\/li>\n<li> Am\u00e9nagement de votre terrasse : nous \u00e9laborons un espace vert sur votre terrasse ou votre balcon pour le transformer en un v\u00e9ritable lieu de vie.<\/li>\n<li> V\u00e9g\u00e9talisation : nous installons des espaces verts dans votre immeuble, restaurant, centre commercial ou soci\u00e9t\u00e9. R\u00e9habilitation et r\u00e9novation des espaces verts : nous effectuons la restauration et de vos jardins pour les b\u00e2timents, maisons et studios.<\/li>\n<li> Entretien des espaces verts en ville : nous entretenons les berges, les ruelles, les bords de route, les parcs et les jardins.<\/li>\n<\/ul>\n<h2>Nos services pour l&rsquo;am\u00e9nagement de votre jardin<\/h2>\n<ul>\n<li>Conception de massif de jardin<\/li>\n<li>D\u00e9frichement, fauchage<\/li>\n<li>Mise en place de gazon naturel<\/li>\n<li>Fleurissement et plantations<\/li>\n<li>Coupes de rosiers, haies et arbustes<\/li>\n<li>Coupe du pelouse<\/li>\n<li>R\u00e9novation de gazon<\/li>\n<li>Am\u00e9nagement, installation de v\u00e9g\u00e9taux<\/li>\n<li>Aplanissement de terrain<\/li>\n<li>Pr\u00e9paration du terrain<\/li>\n<li>Mise en place de panneaux en bois et de cl\u00f4tures<\/li>\n<li>Installation de l&rsquo;arrosage <\/li>\n<li>Installation de terrasse lames de bois<\/li>\n<li>Dallage<\/li>\n<li>\u00c9lagage, enl\u00e8vement d&rsquo;arbre<\/li>\n<li>D\u00e9racinement de racines<\/li>\n<li>Broyage et \u00e9vacuation des d\u00e9chets<\/li>\n<\/ul>\n<h2>Pourquoi faire confiance \u00e0 Artisanlocal<\/h2>\n<p>Nos paysagistes \u00e0 Forel (Lavaux) respectent l&rsquo;environnement. Nous intervenons chez les collectivit\u00e9s, les professionnels et les particuliers. Les produits que nos paysagistes usent sont \u00e9coresponsables. Notre entreprise est implant\u00e9e au c\u0153ur de Forel (Lavaux). Nos paysagistes sont qualifi\u00e9es et attachent une importance particuli\u00e8re \u00e0 votre satisfaction. Nos jardiniers paysagistes s&rsquo;engagent \u00e0 r\u00e9pondre \u00e0 vos attentes dans les plus brefs d\u00e9lais. Nos tarifs sont comp\u00e9titifs. L&rsquo;\u00e9valuation de vos travaux est gratuite.<\/p>\n<h2>Nos paysagistes effectuent tous vos travaux d&rsquo;am\u00e9nagement \u00e0 Forel (Lavaux)<\/h2>\n<p>Situ\u00e9e \u00e0 Forel (Lavaux), Artisanlocal est sp\u00e9cialis\u00e9e dans l&rsquo;am\u00e9nagement des espaces verts et r\u00e9alise aussi l\u2019entretien et la cr\u00e9ation de vos espaces ext\u00e9rieurs. Avec notre entreprise, vous un interlocuteur unique, vous permettant ainsi de gagner du temps et de l&rsquo;argent.<\/p>\n<h2>Quels sont les types de clients que vous accompagnez ?<\/h2>\n<p>Nous accompagnons:<\/p>\n<ul>\n<li>Les restaurants et caf\u00e9s.<\/li>\n<li>Les h\u00f4tels et chambres d&rsquo;h\u00f4tes.<\/li>\n<li> Les habitations et copropri\u00e9t\u00e9s.<\/li>\n<li> Les propri\u00e9taires.<\/li>\n<li> Les terrains agricoles et ch\u00e2teaux. <\/li>\n<li>Les entreprises.<\/li>\n<\/ul>\n<h2>Jardiniers paysagistes \u00e0 Forel (Lavaux) et dans les villes aux alentours<\/h2>\n<p>Nous cr\u00e9ons le jardin dont vous r\u00eavez. Nous nous adaptons au type de votre espace vert et des exigences (comme la qualit\u00e9 du terrain). Apr\u00e8s \u00e9tude des contraintes de votre terrain et de vos demandes, nous effectuons l&rsquo;int\u00e9gralit\u00e9 de votre projet. Artisanlocal op\u00e8re \u00e0 Forel (Lavaux), mais \u00e9galement dans les localit\u00e9s \u00e0 proximit\u00e9 comme :&nbsp;<\/p>\nPeney-le-Jorat, Mollie-Margot, Savigny, Ferlens VD, Servion, Essertes, Les Cullayes, Montpreveyres, Corcelles-le-Jorat, M\u00e9zi\u00e8res VD, Carrouge VD, Vulliens, Ropraz, Les Tavernes, Les Thioleyres, Pal\u00e9zieux, Pal\u00e9zieux-Village, Oron-le-Ch\u00e2tel, Chapelle (Gl\u00e2ne), Bussigny-sur-Oron, Chesalles-sur-Oron, Ch\u00e2tillens, Oron-la-Ville, Vuibroye, Le Cr\u00eat-pr\u00e8s-Semsales, Ecoteaux, Maracon.\n","protected":false},"excerpt":{"rendered":"<p>Notre soci\u00e9t\u00e9 cr\u00e9e et entretien vos jardins et espaces ext\u00e9rieurs. \u00c0 Forel (Lavaux), nos jardiniers paysagistes interviennent chez les professionnels, les copropri\u00e9t\u00e9s et les particuliers. Nos \u00e9quipes sont \u00e0 l&rsquo;\u00e9coute de vos attentes et vous proposent des services sur mesure tout en pr\u00e9servant la biodiversit\u00e9 locale. Des services personnalis\u00e9s Conception personnalis\u00e9e et cr\u00e9ation de votre [&hellip;]<\/p>\n","protected":false},"author":4,"featured_media":2962,"parent":0,"menu_order":0,"comment_status":"closed","ping_status":"closed","template":"","meta":{"footnotes":""},"profession":[128],"location":[15],"canton":[113],"class_list":["post-2943","page","type-page","status-publish","has-post-thumbnail","hentry","profession-jardinier-paysagiste","location-forel-lavaux","canton-vd"],"yoast_head":"<!-- This site is optimized with the Yoast SEO Premium plugin v25.7.1 (Yoast SEO v27.3) - https:\/\/yoast.com\/product\/yoast-seo-premium-wordpress\/ -->\n<title>Entreprise Paysagiste \u00e0 Forel (Lavaux) - Artisanlocal<\/title>\n<meta name=\"robots\" content=\"index, follow, max-snippet:-1, max-image-preview:large, max-video-preview:-1\" \/>\n<link rel=\"canonical\" href=\"https:\/\/www.artisanlocal.ch\/c\/entreprise-paysagiste-a-forel\/\" \/>\n<meta property=\"og:locale\" content=\"fr_FR\" \/>\n<meta property=\"og:type\" content=\"article\" \/>\n<meta property=\"og:title\" content=\"Entreprise Paysagiste \u00e0 Forel (Lavaux)\" \/>\n<meta property=\"og:description\" content=\"Notre soci\u00e9t\u00e9 cr\u00e9e et entretien vos jardins et espaces ext\u00e9rieurs. \u00c0 Forel (Lavaux), nos jardiniers paysagistes interviennent chez les professionnels, les copropri\u00e9t\u00e9s et les particuliers. Nos \u00e9quipes sont \u00e0 l&rsquo;\u00e9coute de vos attentes et vous proposent des services sur mesure tout en pr\u00e9servant la biodiversit\u00e9 locale. Des services personnalis\u00e9s Conception personnalis\u00e9e et cr\u00e9ation de votre [&hellip;]\" \/>\n<meta property=\"og:url\" content=\"https:\/\/www.artisanlocal.ch\/c\/entreprise-paysagiste-a-forel\/\" \/>\n<meta property=\"og:site_name\" content=\"Artisanlocal\" \/>\n<meta property=\"article:modified_time\" content=\"2025-08-26T17:26:41+00:00\" \/>\n<meta property=\"og:image\" content=\"https:\/\/www.artisanlocal.ch\/c\/wp-content\/uploads\/2024\/11\/paysagiste-jardinier.jpg\" \/>\n\t<meta property=\"og:image:width\" content=\"1920\" \/>\n\t<meta property=\"og:image:height\" content=\"300\" \/>\n\t<meta property=\"og:image:type\" content=\"image\/jpeg\" \/>\n<meta name=\"twitter:card\" content=\"summary_large_image\" \/>\n<meta name=\"twitter:label1\" content=\"Dur\u00e9e de lecture estim\u00e9e\" \/>\n\t<meta name=\"twitter:data1\" content=\"3 minutes\" \/>\n<script type=\"application\/ld+json\" class=\"yoast-schema-graph\">{\"@context\":\"https:\\\/\\\/schema.org\",\"@graph\":[{\"@type\":\"WebPage\",\"@id\":\"https:\\\/\\\/www.artisanlocal.ch\\\/c\\\/entreprise-paysagiste-a-forel\\\/\",\"url\":\"https:\\\/\\\/www.artisanlocal.ch\\\/c\\\/entreprise-paysagiste-a-forel\\\/\",\"name\":\"Entreprise Paysagiste \u00e0 Forel (Lavaux) - Artisanlocal\",\"isPartOf\":{\"@id\":\"https:\\\/\\\/www.artisanlocal.ch\\\/c\\\/#website\"},\"primaryImageOfPage\":{\"@id\":\"https:\\\/\\\/www.artisanlocal.ch\\\/c\\\/entreprise-paysagiste-a-forel\\\/#primaryimage\"},\"image\":{\"@id\":\"https:\\\/\\\/www.artisanlocal.ch\\\/c\\\/entreprise-paysagiste-a-forel\\\/#primaryimage\"},\"thumbnailUrl\":\"https:\\\/\\\/www.artisanlocal.ch\\\/c\\\/wp-content\\\/uploads\\\/2024\\\/11\\\/paysagiste-jardinier.jpg\",\"datePublished\":\"2024-09-27T02:57:54+00:00\",\"dateModified\":\"2025-08-26T17:26:41+00:00\",\"breadcrumb\":{\"@id\":\"https:\\\/\\\/www.artisanlocal.ch\\\/c\\\/entreprise-paysagiste-a-forel\\\/#breadcrumb\"},\"inLanguage\":\"fr-FR\",\"potentialAction\":[{\"@type\":\"ReadAction\",\"target\":[\"https:\\\/\\\/www.artisanlocal.ch\\\/c\\\/entreprise-paysagiste-a-forel\\\/\"]}]},{\"@type\":\"ImageObject\",\"inLanguage\":\"fr-FR\",\"@id\":\"https:\\\/\\\/www.artisanlocal.ch\\\/c\\\/entreprise-paysagiste-a-forel\\\/#primaryimage\",\"url\":\"https:\\\/\\\/www.artisanlocal.ch\\\/c\\\/wp-content\\\/uploads\\\/2024\\\/11\\\/paysagiste-jardinier.jpg\",\"contentUrl\":\"https:\\\/\\\/www.artisanlocal.ch\\\/c\\\/wp-content\\\/uploads\\\/2024\\\/11\\\/paysagiste-jardinier.jpg\",\"width\":1920,\"height\":300},{\"@type\":\"BreadcrumbList\",\"@id\":\"https:\\\/\\\/www.artisanlocal.ch\\\/c\\\/entreprise-paysagiste-a-forel\\\/#breadcrumb\",\"itemListElement\":[{\"@type\":\"ListItem\",\"position\":1,\"name\":\"Accueil\",\"item\":\"https:\\\/\\\/www.artisanlocal.ch\\\/c\\\/\"},{\"@type\":\"ListItem\",\"position\":2,\"name\":\"Entreprise Paysagiste \u00e0 Forel\"}]},{\"@type\":\"WebSite\",\"@id\":\"https:\\\/\\\/www.artisanlocal.ch\\\/c\\\/#website\",\"url\":\"https:\\\/\\\/www.artisanlocal.ch\\\/c\\\/\",\"name\":\"Artisanlocal\",\"description\":\"\",\"publisher\":{\"@id\":\"https:\\\/\\\/www.artisanlocal.ch\\\/c\\\/#organization\"},\"potentialAction\":[{\"@type\":\"SearchAction\",\"target\":{\"@type\":\"EntryPoint\",\"urlTemplate\":\"https:\\\/\\\/www.artisanlocal.ch\\\/c\\\/?s={search_term_string}\"},\"query-input\":{\"@type\":\"PropertyValueSpecification\",\"valueRequired\":true,\"valueName\":\"search_term_string\"}}],\"inLanguage\":\"fr-FR\"},{\"@type\":\"Organization\",\"@id\":\"https:\\\/\\\/www.artisanlocal.ch\\\/c\\\/#organization\",\"name\":\"Artisanlocal\",\"url\":\"https:\\\/\\\/www.artisanlocal.ch\\\/c\\\/\",\"logo\":{\"@type\":\"ImageObject\",\"inLanguage\":\"fr-FR\",\"@id\":\"https:\\\/\\\/www.artisanlocal.ch\\\/c\\\/#\\\/schema\\\/logo\\\/image\\\/\",\"url\":\"https:\\\/\\\/www.artisanlocal.ch\\\/c\\\/wp-content\\\/uploads\\\/2024\\\/02\\\/logo-artisanlocal-h.svg\",\"contentUrl\":\"https:\\\/\\\/www.artisanlocal.ch\\\/c\\\/wp-content\\\/uploads\\\/2024\\\/02\\\/logo-artisanlocal-h.svg\",\"caption\":\"Artisanlocal\"},\"image\":{\"@id\":\"https:\\\/\\\/www.artisanlocal.ch\\\/c\\\/#\\\/schema\\\/logo\\\/image\\\/\"}}]}<\/script>\n<!-- \/ Yoast SEO Premium plugin. -->","yoast_head_json":{"title":"Entreprise Paysagiste \u00e0 Forel (Lavaux) - Artisanlocal","robots":{"index":"index","follow":"follow","max-snippet":"max-snippet:-1","max-image-preview":"max-image-preview:large","max-video-preview":"max-video-preview:-1"},"canonical":"https:\/\/www.artisanlocal.ch\/c\/entreprise-paysagiste-a-forel\/","og_locale":"fr_FR","og_type":"article","og_title":"Entreprise Paysagiste \u00e0 Forel (Lavaux)","og_description":"Notre soci\u00e9t\u00e9 cr\u00e9e et entretien vos jardins et espaces ext\u00e9rieurs. \u00c0 Forel (Lavaux), nos jardiniers paysagistes interviennent chez les professionnels, les copropri\u00e9t\u00e9s et les particuliers. Nos \u00e9quipes sont \u00e0 l&rsquo;\u00e9coute de vos attentes et vous proposent des services sur mesure tout en pr\u00e9servant la biodiversit\u00e9 locale. Des services personnalis\u00e9s Conception personnalis\u00e9e et cr\u00e9ation de votre [&hellip;]","og_url":"https:\/\/www.artisanlocal.ch\/c\/entreprise-paysagiste-a-forel\/","og_site_name":"Artisanlocal","article_modified_time":"2025-08-26T17:26:41+00:00","og_image":[{"width":1920,"height":300,"url":"https:\/\/www.artisanlocal.ch\/c\/wp-content\/uploads\/2024\/11\/paysagiste-jardinier.jpg","type":"image\/jpeg"}],"twitter_card":"summary_large_image","twitter_misc":{"Dur\u00e9e de lecture estim\u00e9e":"3 minutes"},"schema":{"@context":"https:\/\/schema.org","@graph":[{"@type":"WebPage","@id":"https:\/\/www.artisanlocal.ch\/c\/entreprise-paysagiste-a-forel\/","url":"https:\/\/www.artisanlocal.ch\/c\/entreprise-paysagiste-a-forel\/","name":"Entreprise Paysagiste \u00e0 Forel (Lavaux) - Artisanlocal","isPartOf":{"@id":"https:\/\/www.artisanlocal.ch\/c\/#website"},"primaryImageOfPage":{"@id":"https:\/\/www.artisanlocal.ch\/c\/entreprise-paysagiste-a-forel\/#primaryimage"},"image":{"@id":"https:\/\/www.artisanlocal.ch\/c\/entreprise-paysagiste-a-forel\/#primaryimage"},"thumbnailUrl":"https:\/\/www.artisanlocal.ch\/c\/wp-content\/uploads\/2024\/11\/paysagiste-jardinier.jpg","datePublished":"2024-09-27T02:57:54+00:00","dateModified":"2025-08-26T17:26:41+00:00","breadcrumb":{"@id":"https:\/\/www.artisanlocal.ch\/c\/entreprise-paysagiste-a-forel\/#breadcrumb"},"inLanguage":"fr-FR","potentialAction":[{"@type":"ReadAction","target":["https:\/\/www.artisanlocal.ch\/c\/entreprise-paysagiste-a-forel\/"]}]},{"@type":"ImageObject","inLanguage":"fr-FR","@id":"https:\/\/www.artisanlocal.ch\/c\/entreprise-paysagiste-a-forel\/#primaryimage","url":"https:\/\/www.artisanlocal.ch\/c\/wp-content\/uploads\/2024\/11\/paysagiste-jardinier.jpg","contentUrl":"https:\/\/www.artisanlocal.ch\/c\/wp-content\/uploads\/2024\/11\/paysagiste-jardinier.jpg","width":1920,"height":300},{"@type":"BreadcrumbList","@id":"https:\/\/www.artisanlocal.ch\/c\/entreprise-paysagiste-a-forel\/#breadcrumb","itemListElement":[{"@type":"ListItem","position":1,"name":"Accueil","item":"https:\/\/www.artisanlocal.ch\/c\/"},{"@type":"ListItem","position":2,"name":"Entreprise Paysagiste \u00e0 Forel"}]},{"@type":"WebSite","@id":"https:\/\/www.artisanlocal.ch\/c\/#website","url":"https:\/\/www.artisanlocal.ch\/c\/","name":"Artisanlocal","description":"","publisher":{"@id":"https:\/\/www.artisanlocal.ch\/c\/#organization"},"potentialAction":[{"@type":"SearchAction","target":{"@type":"EntryPoint","urlTemplate":"https:\/\/www.artisanlocal.ch\/c\/?s={search_term_string}"},"query-input":{"@type":"PropertyValueSpecification","valueRequired":true,"valueName":"search_term_string"}}],"inLanguage":"fr-FR"},{"@type":"Organization","@id":"https:\/\/www.artisanlocal.ch\/c\/#organization","name":"Artisanlocal","url":"https:\/\/www.artisanlocal.ch\/c\/","logo":{"@type":"ImageObject","inLanguage":"fr-FR","@id":"https:\/\/www.artisanlocal.ch\/c\/#\/schema\/logo\/image\/","url":"https:\/\/www.artisanlocal.ch\/c\/wp-content\/uploads\/2024\/02\/logo-artisanlocal-h.svg","contentUrl":"https:\/\/www.artisanlocal.ch\/c\/wp-content\/uploads\/2024\/02\/logo-artisanlocal-h.svg","caption":"Artisanlocal"},"image":{"@id":"https:\/\/www.artisanlocal.ch\/c\/#\/schema\/logo\/image\/"}}]}},"_links":{"self":[{"href":"https:\/\/www.artisanlocal.ch\/c\/wp-json\/wp\/v2\/pages\/2943","targetHints":{"allow":["GET"]}}],"collection":[{"href":"https:\/\/www.artisanlocal.ch\/c\/wp-json\/wp\/v2\/pages"}],"about":[{"href":"https:\/\/www.artisanlocal.ch\/c\/wp-json\/wp\/v2\/types\/page"}],"author":[{"embeddable":true,"href":"https:\/\/www.artisanlocal.ch\/c\/wp-json\/wp\/v2\/users\/4"}],"replies":[{"embeddable":true,"href":"https:\/\/www.artisanlocal.ch\/c\/wp-json\/wp\/v2\/comments?post=2943"}],"version-history":[{"count":0,"href":"https:\/\/www.artisanlocal.ch\/c\/wp-json\/wp\/v2\/pages\/2943\/revisions"}],"wp:featuredmedia":[{"embeddable":true,"href":"https:\/\/www.artisanlocal.ch\/c\/wp-json\/wp\/v2\/media\/2962"}],"wp:attachment":[{"href":"https:\/\/www.artisanlocal.ch\/c\/wp-json\/wp\/v2\/media?parent=2943"}],"wp:term":[{"taxonomy":"profession","embeddable":true,"href":"https:\/\/www.artisanlocal.ch\/c\/wp-json\/wp\/v2\/profession?post=2943"},{"taxonomy":"location","embeddable":true,"href":"https:\/\/www.artisanlocal.ch\/c\/wp-json\/wp\/v2\/location?post=2943"},{"taxonomy":"canton","embeddable":true,"href":"https:\/\/www.artisanlocal.ch\/c\/wp-json\/wp\/v2\/canton?post=2943"}],"curies":[{"name":"wp","href":"https:\/\/api.w.org\/{rel}","templated":true}]}}