{"id":2945,"date":"2024-09-29T18:47:46","date_gmt":"2024-09-29T16:47:46","guid":{"rendered":"https:\/\/www.artisanlocal.ch\/c\/jardinier-paysagiste-a-chardonne\/"},"modified":"2025-08-26T19:26:25","modified_gmt":"2025-08-26T17:26:25","slug":"jardinier-paysagiste-a-chardonne","status":"publish","type":"page","link":"https:\/\/www.artisanlocal.ch\/c\/jardinier-paysagiste-a-chardonne\/","title":{"rendered":"Jardinier paysagiste \u00e0 Chardonne"},"content":{"rendered":"<p>Artisanlocal. Ch cr\u00e9e, am\u00e9nage et entretien votre jardin. \u00c0 Chardonne, nos jardiniers paysagistes op\u00e8rent chez les professionnels, les copropri\u00e9t\u00e9s et les particuliers. Nos artisans restent attentifs pour vous offrir des solutions sur mesure, et en respectant l&rsquo;environnement.<\/p>\n\r\n<div class=\"box\">\r\n    <h2 class=\"text-dark\">Nous cherchons un <em class=\"text-primary\">Jardinier - Paysagiste<\/em> dans la r\u00e9gion de <em class=\"text-primary\">Chardonne<\/em>  en exclusivit\u00e9, afin de proposer vos services \u00e0 nos clients propri\u00e9taires.<\/h2>\r\n    <p>Une opportunit\u00e9 unique pour booster votre activit\u00e9 \u00e0 <strong>Chardonne<\/strong> et aux alentours dans votre domaine (Jardinier - Paysagiste).<\/p>\r\n    <p>Nous travaillons en exclusivit\u00e9 avec qu'une soci\u00e9t\u00e9 par m\u00e9tier et par r\u00e9gion. <br>Votre entreprise est pr\u00e9sente sur tous les documents immobiliers. Afin d'\u00eatre mieux vu sur le net, vous \u00eates \u00e9galement visible sur nos deux sites et sur les pages de r\u00e9f\u00e9rencement de votre r\u00e9gion.<\/p>\r\n    <a href=\"\/contact\" class=\"wp-block-button__link has-accent-background-color has-text-align-center wp-element-button\">R\u00e9server<\/a>\r\n<\/div>\n<h2>Services de jardinage pour les Chardonneret<\/h2>\n<ul>\n<li>Am\u00e9nagement et conception de votre jardin : \u00e0 partir de vos attentes, nous concevons et r\u00e9alisons votre jardin sur mesure.<\/li>\n<li>Maintenance de votre jardin : selon vos besoins, nous intervenons sous contrat ou \u00e0 la prestation.<\/li>\n<li> Am\u00e9nagement d&rsquo;espace vert sur votre balcon ou terrasse : nous cr\u00e9ons un espace vert sur votre terrasse ou votre balcon pour le transformer en un authentique lieu de vie.<\/li>\n<li> V\u00e9g\u00e9talisation : nous r\u00e9alisons la cr\u00e9ation de vos espaces verts dans votre entreprise, immeuble, h\u00f4tel ou centre commercial. R\u00e9habilitation et r\u00e9novation des espaces verts : nous effectuons la r\u00e9novation et de vos espaces verts et jardins pour les immeubles, maisons et studios.<\/li>\n<li> Entretien des espaces verts en milieu urbain : nous entretenons les berges, les ruelles, les bords de route, les parcs et les jardins.<\/li>\n<\/ul>\n<h2>Nos services pour l&rsquo;am\u00e9nagement de votre jardin<\/h2>\n<ul>\n<li>\u00c9lagage, abattage d&rsquo;arbre<\/li>\n<li>Broyage et \u00e9vacuation des d\u00e9bris<\/li>\n<li>D\u00e9frichement, fauchage<\/li>\n<li>Am\u00e9nagement, v\u00e9g\u00e9talisation<\/li>\n<li>R\u00e9alisation de massif de jardin<\/li>\n<li>Mise en place de pelouse <\/li>\n<li>Plantations et fleurissement<\/li>\n<li>Mise en place de panneaux en bois et de barri\u00e8res<\/li>\n<li>Tonte de gazon<\/li>\n<li>Coupes de arbustes, haies et rosiers<\/li>\n<li>Mise en place de l&rsquo;arrosage automatique<\/li>\n<li>Restauration de gazon<\/li>\n<li>Arrachage de racines<\/li>\n<li>Aplanissement de sol<\/li>\n<li>Pr\u00e9paration du terrain<\/li>\n<li>Installation de terrasse en lames de bois<\/li>\n<li>Pose de pav\u00e9s<\/li>\n<\/ul>\n<h2>Pourquoi faire confiance \u00e0 Artisanlocal<\/h2>\n<p>\u00c0 Chardonne, nos jardiniers s&rsquo;engagent \u00e0 respecter l&rsquo;habitat. Nous collaborons avec les propri\u00e9taires, les collectivit\u00e9s et les professionnels. Nous employons que des produits \u00e9cologiques. Artisanlocal est localis\u00e9 au c\u0153ur de Chardonne. Nos jardiniers sont qualifi\u00e9es et attachent une grande importance \u00e0 la satisfaction client\u00e8le. Nous nous effor\u00e7ons de r\u00e9pondre \u00e0 vos demandes d\u00e8s que possible. Nous avons des tarifs comp\u00e9titifs. Nos devis sont gratuits.<\/p>\n<h2>Nos paysagistes effectuent tous vos travaux \u00e0 Chardonne<\/h2>\n<p>Artisanlocal est une soci\u00e9t\u00e9 experte dans l&rsquo;am\u00e9nagement paysager \u00e0 Chardonne et qui s\u2019occupent par ailleurs de l\u2019entretien et la cr\u00e9ation de vos espaces ext\u00e9rieurs. En travaillant avec Artisanlocal, vous avez un interlocuteur unique pour vous faciliter la vie et vous faire gagner de l&rsquo;argent et du temps.<\/p>\n<h2>Quels sont les types de clients qu&rsquo;Artisanlocal assiste ?<\/h2>\n<p>Nous accompagnons:<\/p>\n<ul>\n<li>Les bars et les restaurants.<\/li>\n<li>Les chambres d&rsquo;h\u00f4tes et \u00e9tablissements h\u00f4teliers.<\/li>\n<li> Les r\u00e9sidences et copropri\u00e9t\u00e9s.<\/li>\n<li> Les particuliers.<\/li>\n<li> Les ch\u00e2teaux et terrains agricoles. <\/li>\n<li>Les soci\u00e9t\u00e9s.<\/li>\n<\/ul>\n<h2>Cr\u00e9ateurs de jardins \u00e0 Chardonne et dans les localit\u00e9s proches<\/h2>\n<p>Nous r\u00e9alisons votre espace vert. Nous nous adaptons au type de votre espace vert et des exigences (comme la nature du terrain). Apr\u00e8s \u00e9tude des contraintes de votre terrain et de vos demandes, nous effectuons l&rsquo;int\u00e9gralit\u00e9 de vos travaux. Nos jardiniers interviennent \u00e0 Chardonne, et \u00e9galement dans les communes \u00e0 proximit\u00e9, telles que :&nbsp;<\/p>\nPuidoux, Chexbres, Rivaz, St-Saphorin (Lavaux), Aran, Chenaux, Grandvaux, Cully, Villette (Lavaux), Riex, Epesses, Vevey, Le Mont-P\u00e8lerin, Corseaux, Corsier-sur-Vevey, Jongny, St-L\u00e9gier-La Chi\u00e9saz, Blonay, Les Monts-de-Corsier, Fenil-sur-Corsier, La Tour-de-Peilz, Clarens, Chailly-Montreux, Brent, Montreux, Territet, Veytaux, Chernex, Glion, Caux, Chamby, Villard-sur-Chamby, Les Avants.\n","protected":false},"excerpt":{"rendered":"<p>Artisanlocal. Ch cr\u00e9e, am\u00e9nage et entretien votre jardin. \u00c0 Chardonne, nos jardiniers paysagistes op\u00e8rent chez les professionnels, les copropri\u00e9t\u00e9s et les particuliers. Nos artisans restent attentifs pour vous offrir des solutions sur mesure, et en respectant l&rsquo;environnement. Services de jardinage pour les Chardonneret Am\u00e9nagement et conception de votre jardin : \u00e0 partir de vos attentes, [&hellip;]<\/p>\n","protected":false},"author":4,"featured_media":2962,"parent":0,"menu_order":0,"comment_status":"closed","ping_status":"closed","template":"","meta":{"footnotes":""},"profession":[128],"location":[54],"canton":[113],"class_list":["post-2945","page","type-page","status-publish","has-post-thumbnail","hentry","profession-jardinier-paysagiste","location-chardonne","canton-vd"],"yoast_head":"<!-- This site is optimized with the Yoast SEO Premium plugin v25.7.1 (Yoast SEO v27.3) - https:\/\/yoast.com\/product\/yoast-seo-premium-wordpress\/ -->\n<title>Jardinier paysagiste \u00e0 Chardonne - Artisanlocal<\/title>\n<meta name=\"robots\" content=\"index, follow, max-snippet:-1, max-image-preview:large, max-video-preview:-1\" \/>\n<link rel=\"canonical\" href=\"https:\/\/www.artisanlocal.ch\/c\/jardinier-paysagiste-a-chardonne\/\" \/>\n<meta property=\"og:locale\" content=\"fr_FR\" \/>\n<meta property=\"og:type\" content=\"article\" \/>\n<meta property=\"og:title\" content=\"Jardinier paysagiste \u00e0 Chardonne\" \/>\n<meta property=\"og:description\" content=\"Artisanlocal. Ch cr\u00e9e, am\u00e9nage et entretien votre jardin. \u00c0 Chardonne, nos jardiniers paysagistes op\u00e8rent chez les professionnels, les copropri\u00e9t\u00e9s et les particuliers. Nos artisans restent attentifs pour vous offrir des solutions sur mesure, et en respectant l&rsquo;environnement. Services de jardinage pour les Chardonneret Am\u00e9nagement et conception de votre jardin : \u00e0 partir de vos attentes, [&hellip;]\" \/>\n<meta property=\"og:url\" content=\"https:\/\/www.artisanlocal.ch\/c\/jardinier-paysagiste-a-chardonne\/\" \/>\n<meta property=\"og:site_name\" content=\"Artisanlocal\" \/>\n<meta property=\"article:modified_time\" content=\"2025-08-26T17:26:25+00:00\" \/>\n<meta property=\"og:image\" content=\"https:\/\/www.artisanlocal.ch\/c\/wp-content\/uploads\/2024\/11\/paysagiste-jardinier.jpg\" \/>\n\t<meta property=\"og:image:width\" content=\"1920\" \/>\n\t<meta property=\"og:image:height\" content=\"300\" \/>\n\t<meta property=\"og:image:type\" content=\"image\/jpeg\" \/>\n<meta name=\"twitter:card\" content=\"summary_large_image\" \/>\n<meta name=\"twitter:label1\" content=\"Dur\u00e9e de lecture estim\u00e9e\" \/>\n\t<meta name=\"twitter:data1\" content=\"3 minutes\" \/>\n<script type=\"application\/ld+json\" class=\"yoast-schema-graph\">{\"@context\":\"https:\\\/\\\/schema.org\",\"@graph\":[{\"@type\":\"WebPage\",\"@id\":\"https:\\\/\\\/www.artisanlocal.ch\\\/c\\\/jardinier-paysagiste-a-chardonne\\\/\",\"url\":\"https:\\\/\\\/www.artisanlocal.ch\\\/c\\\/jardinier-paysagiste-a-chardonne\\\/\",\"name\":\"Jardinier paysagiste \u00e0 Chardonne - Artisanlocal\",\"isPartOf\":{\"@id\":\"https:\\\/\\\/www.artisanlocal.ch\\\/c\\\/#website\"},\"primaryImageOfPage\":{\"@id\":\"https:\\\/\\\/www.artisanlocal.ch\\\/c\\\/jardinier-paysagiste-a-chardonne\\\/#primaryimage\"},\"image\":{\"@id\":\"https:\\\/\\\/www.artisanlocal.ch\\\/c\\\/jardinier-paysagiste-a-chardonne\\\/#primaryimage\"},\"thumbnailUrl\":\"https:\\\/\\\/www.artisanlocal.ch\\\/c\\\/wp-content\\\/uploads\\\/2024\\\/11\\\/paysagiste-jardinier.jpg\",\"datePublished\":\"2024-09-29T16:47:46+00:00\",\"dateModified\":\"2025-08-26T17:26:25+00:00\",\"breadcrumb\":{\"@id\":\"https:\\\/\\\/www.artisanlocal.ch\\\/c\\\/jardinier-paysagiste-a-chardonne\\\/#breadcrumb\"},\"inLanguage\":\"fr-FR\",\"potentialAction\":[{\"@type\":\"ReadAction\",\"target\":[\"https:\\\/\\\/www.artisanlocal.ch\\\/c\\\/jardinier-paysagiste-a-chardonne\\\/\"]}]},{\"@type\":\"ImageObject\",\"inLanguage\":\"fr-FR\",\"@id\":\"https:\\\/\\\/www.artisanlocal.ch\\\/c\\\/jardinier-paysagiste-a-chardonne\\\/#primaryimage\",\"url\":\"https:\\\/\\\/www.artisanlocal.ch\\\/c\\\/wp-content\\\/uploads\\\/2024\\\/11\\\/paysagiste-jardinier.jpg\",\"contentUrl\":\"https:\\\/\\\/www.artisanlocal.ch\\\/c\\\/wp-content\\\/uploads\\\/2024\\\/11\\\/paysagiste-jardinier.jpg\",\"width\":1920,\"height\":300},{\"@type\":\"BreadcrumbList\",\"@id\":\"https:\\\/\\\/www.artisanlocal.ch\\\/c\\\/jardinier-paysagiste-a-chardonne\\\/#breadcrumb\",\"itemListElement\":[{\"@type\":\"ListItem\",\"position\":1,\"name\":\"Accueil\",\"item\":\"https:\\\/\\\/www.artisanlocal.ch\\\/c\\\/\"},{\"@type\":\"ListItem\",\"position\":2,\"name\":\"Jardinier paysagiste \u00e0 Chardonne\"}]},{\"@type\":\"WebSite\",\"@id\":\"https:\\\/\\\/www.artisanlocal.ch\\\/c\\\/#website\",\"url\":\"https:\\\/\\\/www.artisanlocal.ch\\\/c\\\/\",\"name\":\"Artisanlocal\",\"description\":\"\",\"publisher\":{\"@id\":\"https:\\\/\\\/www.artisanlocal.ch\\\/c\\\/#organization\"},\"potentialAction\":[{\"@type\":\"SearchAction\",\"target\":{\"@type\":\"EntryPoint\",\"urlTemplate\":\"https:\\\/\\\/www.artisanlocal.ch\\\/c\\\/?s={search_term_string}\"},\"query-input\":{\"@type\":\"PropertyValueSpecification\",\"valueRequired\":true,\"valueName\":\"search_term_string\"}}],\"inLanguage\":\"fr-FR\"},{\"@type\":\"Organization\",\"@id\":\"https:\\\/\\\/www.artisanlocal.ch\\\/c\\\/#organization\",\"name\":\"Artisanlocal\",\"url\":\"https:\\\/\\\/www.artisanlocal.ch\\\/c\\\/\",\"logo\":{\"@type\":\"ImageObject\",\"inLanguage\":\"fr-FR\",\"@id\":\"https:\\\/\\\/www.artisanlocal.ch\\\/c\\\/#\\\/schema\\\/logo\\\/image\\\/\",\"url\":\"https:\\\/\\\/www.artisanlocal.ch\\\/c\\\/wp-content\\\/uploads\\\/2024\\\/02\\\/logo-artisanlocal-h.svg\",\"contentUrl\":\"https:\\\/\\\/www.artisanlocal.ch\\\/c\\\/wp-content\\\/uploads\\\/2024\\\/02\\\/logo-artisanlocal-h.svg\",\"caption\":\"Artisanlocal\"},\"image\":{\"@id\":\"https:\\\/\\\/www.artisanlocal.ch\\\/c\\\/#\\\/schema\\\/logo\\\/image\\\/\"}}]}<\/script>\n<!-- \/ Yoast SEO Premium plugin. -->","yoast_head_json":{"title":"Jardinier paysagiste \u00e0 Chardonne - Artisanlocal","robots":{"index":"index","follow":"follow","max-snippet":"max-snippet:-1","max-image-preview":"max-image-preview:large","max-video-preview":"max-video-preview:-1"},"canonical":"https:\/\/www.artisanlocal.ch\/c\/jardinier-paysagiste-a-chardonne\/","og_locale":"fr_FR","og_type":"article","og_title":"Jardinier paysagiste \u00e0 Chardonne","og_description":"Artisanlocal. Ch cr\u00e9e, am\u00e9nage et entretien votre jardin. \u00c0 Chardonne, nos jardiniers paysagistes op\u00e8rent chez les professionnels, les copropri\u00e9t\u00e9s et les particuliers. Nos artisans restent attentifs pour vous offrir des solutions sur mesure, et en respectant l&rsquo;environnement. Services de jardinage pour les Chardonneret Am\u00e9nagement et conception de votre jardin : \u00e0 partir de vos attentes, [&hellip;]","og_url":"https:\/\/www.artisanlocal.ch\/c\/jardinier-paysagiste-a-chardonne\/","og_site_name":"Artisanlocal","article_modified_time":"2025-08-26T17:26:25+00:00","og_image":[{"width":1920,"height":300,"url":"https:\/\/www.artisanlocal.ch\/c\/wp-content\/uploads\/2024\/11\/paysagiste-jardinier.jpg","type":"image\/jpeg"}],"twitter_card":"summary_large_image","twitter_misc":{"Dur\u00e9e de lecture estim\u00e9e":"3 minutes"},"schema":{"@context":"https:\/\/schema.org","@graph":[{"@type":"WebPage","@id":"https:\/\/www.artisanlocal.ch\/c\/jardinier-paysagiste-a-chardonne\/","url":"https:\/\/www.artisanlocal.ch\/c\/jardinier-paysagiste-a-chardonne\/","name":"Jardinier paysagiste \u00e0 Chardonne - Artisanlocal","isPartOf":{"@id":"https:\/\/www.artisanlocal.ch\/c\/#website"},"primaryImageOfPage":{"@id":"https:\/\/www.artisanlocal.ch\/c\/jardinier-paysagiste-a-chardonne\/#primaryimage"},"image":{"@id":"https:\/\/www.artisanlocal.ch\/c\/jardinier-paysagiste-a-chardonne\/#primaryimage"},"thumbnailUrl":"https:\/\/www.artisanlocal.ch\/c\/wp-content\/uploads\/2024\/11\/paysagiste-jardinier.jpg","datePublished":"2024-09-29T16:47:46+00:00","dateModified":"2025-08-26T17:26:25+00:00","breadcrumb":{"@id":"https:\/\/www.artisanlocal.ch\/c\/jardinier-paysagiste-a-chardonne\/#breadcrumb"},"inLanguage":"fr-FR","potentialAction":[{"@type":"ReadAction","target":["https:\/\/www.artisanlocal.ch\/c\/jardinier-paysagiste-a-chardonne\/"]}]},{"@type":"ImageObject","inLanguage":"fr-FR","@id":"https:\/\/www.artisanlocal.ch\/c\/jardinier-paysagiste-a-chardonne\/#primaryimage","url":"https:\/\/www.artisanlocal.ch\/c\/wp-content\/uploads\/2024\/11\/paysagiste-jardinier.jpg","contentUrl":"https:\/\/www.artisanlocal.ch\/c\/wp-content\/uploads\/2024\/11\/paysagiste-jardinier.jpg","width":1920,"height":300},{"@type":"BreadcrumbList","@id":"https:\/\/www.artisanlocal.ch\/c\/jardinier-paysagiste-a-chardonne\/#breadcrumb","itemListElement":[{"@type":"ListItem","position":1,"name":"Accueil","item":"https:\/\/www.artisanlocal.ch\/c\/"},{"@type":"ListItem","position":2,"name":"Jardinier paysagiste \u00e0 Chardonne"}]},{"@type":"WebSite","@id":"https:\/\/www.artisanlocal.ch\/c\/#website","url":"https:\/\/www.artisanlocal.ch\/c\/","name":"Artisanlocal","description":"","publisher":{"@id":"https:\/\/www.artisanlocal.ch\/c\/#organization"},"potentialAction":[{"@type":"SearchAction","target":{"@type":"EntryPoint","urlTemplate":"https:\/\/www.artisanlocal.ch\/c\/?s={search_term_string}"},"query-input":{"@type":"PropertyValueSpecification","valueRequired":true,"valueName":"search_term_string"}}],"inLanguage":"fr-FR"},{"@type":"Organization","@id":"https:\/\/www.artisanlocal.ch\/c\/#organization","name":"Artisanlocal","url":"https:\/\/www.artisanlocal.ch\/c\/","logo":{"@type":"ImageObject","inLanguage":"fr-FR","@id":"https:\/\/www.artisanlocal.ch\/c\/#\/schema\/logo\/image\/","url":"https:\/\/www.artisanlocal.ch\/c\/wp-content\/uploads\/2024\/02\/logo-artisanlocal-h.svg","contentUrl":"https:\/\/www.artisanlocal.ch\/c\/wp-content\/uploads\/2024\/02\/logo-artisanlocal-h.svg","caption":"Artisanlocal"},"image":{"@id":"https:\/\/www.artisanlocal.ch\/c\/#\/schema\/logo\/image\/"}}]}},"_links":{"self":[{"href":"https:\/\/www.artisanlocal.ch\/c\/wp-json\/wp\/v2\/pages\/2945","targetHints":{"allow":["GET"]}}],"collection":[{"href":"https:\/\/www.artisanlocal.ch\/c\/wp-json\/wp\/v2\/pages"}],"about":[{"href":"https:\/\/www.artisanlocal.ch\/c\/wp-json\/wp\/v2\/types\/page"}],"author":[{"embeddable":true,"href":"https:\/\/www.artisanlocal.ch\/c\/wp-json\/wp\/v2\/users\/4"}],"replies":[{"embeddable":true,"href":"https:\/\/www.artisanlocal.ch\/c\/wp-json\/wp\/v2\/comments?post=2945"}],"version-history":[{"count":0,"href":"https:\/\/www.artisanlocal.ch\/c\/wp-json\/wp\/v2\/pages\/2945\/revisions"}],"wp:featuredmedia":[{"embeddable":true,"href":"https:\/\/www.artisanlocal.ch\/c\/wp-json\/wp\/v2\/media\/2962"}],"wp:attachment":[{"href":"https:\/\/www.artisanlocal.ch\/c\/wp-json\/wp\/v2\/media?parent=2945"}],"wp:term":[{"taxonomy":"profession","embeddable":true,"href":"https:\/\/www.artisanlocal.ch\/c\/wp-json\/wp\/v2\/profession?post=2945"},{"taxonomy":"location","embeddable":true,"href":"https:\/\/www.artisanlocal.ch\/c\/wp-json\/wp\/v2\/location?post=2945"},{"taxonomy":"canton","embeddable":true,"href":"https:\/\/www.artisanlocal.ch\/c\/wp-json\/wp\/v2\/canton?post=2945"}],"curies":[{"name":"wp","href":"https:\/\/api.w.org\/{rel}","templated":true}]}}