{"id":2946,"date":"2024-10-04T10:52:08","date_gmt":"2024-10-04T08:52:08","guid":{"rendered":"https:\/\/www.artisanlocal.ch\/c\/paysagiste-a-renens\/"},"modified":"2025-08-26T19:25:13","modified_gmt":"2025-08-26T17:25:13","slug":"paysagiste-a-renens","status":"publish","type":"page","link":"https:\/\/www.artisanlocal.ch\/c\/paysagiste-a-renens\/","title":{"rendered":"Paysagiste \u00e0 Renens VD"},"content":{"rendered":"<p>Besoin d&rsquo;un paysagiste \u00e0 Renens VD ? Artisanlocal r\u00e9alise la conception, l&rsquo;agencement et l&rsquo;entretien de vos ext\u00e9rieurs \u00e0 Renens VD. Notre \u00e9quipe de paysagistes intervient \u00e0 Renens VD chez les professionnels, particuliers et dans les copropri\u00e9t\u00e9s. Nos paysagistes sont \u00e0 l&rsquo;\u00e9coute de vos besoins et vous proposent des services personnalis\u00e9s.<br \/>\n\r\n<div class=\"box\">\r\n            <div class=\"company-info\">\r\n            <img decoding=\"async\" class=\"company-info__logo\" src=\"https:\/\/www.artisanlocal.ch\/media\/cache\/thumb\/images\/companies\/66a8f9a15725f878352608.png\" alt=\"Logo\">\r\n            <h2 class=\"company-info__name\">La 5\u00e8me Saison jardinier-paysagiste S\u00e0rl<\/h2>\r\n            <p class=\"company-info__business\">Entretien - Am\u00e9nagement ext\u00e9rieur - \u00c9lagage - Taille - Cl\u00f4ture - Terrasse - Rocaille - Plantation - Mur en pierre - \u00c9tang - Arrosage automatique - \u00c9clairage<\/p>\r\n        <\/div>\r\n        <div class=\"company-contact\">\r\n            <p class=\"company-info__address\">Ch. des Halles 3<\/p>\r\n                            <div class=\"links\">\r\n                                            <a class=\"btn has-accent-background-color js-phoneNumber\" href=\"tel:0786192108\" title=\"Appelez\" data-id=\"23498\" data-type=\"11\">078 619 21 08<\/a>\r\n                                                                <a class=\"btn has-accent-background-color\" href=\"https:\/\/www.5emesaison.ch\/\" target=\"_blank\" title=\"Voir le site internet\" data-id=\"23498\" data-type=\"20\">Site internet<\/a>\r\n                                    <\/div>\r\n                    <\/div>\r\n    \r\n            \r\n<form action=\"https:\/\/www.artisanlocal.ch\/c\/wp-admin\/admin-ajax.php\" method=\"post\" class=\"form-contact\" id=\"artisan_form_contact_company_inline\">\r\n    <div><input type=\"hidden\" name=\"action\" value=\"company_contact\"><\/div>\r\n    <div><input type=\"hidden\" name=\"nonce\" value=\"2ab39f2652\"><\/div>\r\n    <div><input type=\"hidden\" name=\"company_id\" value=\"23498\"><\/div>\r\n    <div><input type=\"hidden\" name=\"form_id\" value=\"artisan_form_contact_company_inline\"><\/div>\r\n    <div class=\"gglcptch gglcptch_v3 gglcptch_custom\"><input type=\"hidden\" id=\"g-recaptcha-response\" name=\"g-recaptcha-response\" \/><br \/><div class=\"gglcptch_error_text\">La p\u00e9riode de v\u00e9rification reCAPTCHA a expir\u00e9. Veuillez recharger la page.<\/div><\/div>    <div class=\"form-content\">\r\n        <div class=\"form-group\">\r\n            <label for=\"contact_firstName\" class=\"required\">Pr\u00e9nom<\/label>\r\n            <input type=\"text\" name=\"firstName\" class=\"form-control\" required>\r\n        <\/div>\r\n        <div class=\"form-group\">\r\n            <label for=\"contact_lastName\" class=\"required\">Nom<\/label>\r\n            <input type=\"text\" name=\"lastName\" class=\"form-control\" required>\r\n        <\/div>\r\n        <div class=\"form-group\">\r\n            <label for=\"contact_email\" class=\"required\">Email<\/label>\r\n            <input type=\"email\" name=\"email\" class=\"form-control\" required>\r\n        <\/div>\r\n        <div class=\"form-group\">\r\n            <label for=\"contact_phone\" class=\"required\">Num\u00e9ro de t\u00e9l\u00e9phone<\/label>\r\n            <input type=\"tel\" name=\"phone\" class=\"form-control\" placeholder=\"0787117165\" pattern=\"^[0-9]{10}$\" required>\r\n        <\/div>\r\n        <div class=\"form-group\">\r\n            <label for=\"contact_postalCode\" class=\"required\">Code postal et localit\u00e9<\/label>\r\n            <input type=\"text\" name=\"postalCode\" class=\"form-control\" required>\r\n        <\/div>\r\n        <div class=\"form-group\">\r\n            <label for=\"contact_address\" class=\"required\">Adresse<\/label>\r\n            <input type=\"text\" name=\"address\" class=\"form-control\" required>\r\n        <\/div>\r\n        <div class=\"full-width topic\">\r\n            <p class=\"required\">Je souhaite \u00eatre contact\u00e9 pour :<\/p>\r\n            <div class=\"form-check\">\r\n                <input type=\"radio\" name=\"topic\" value=\"D\u00e9pannage\" class=\"form-control\" required>\r\n                <label for=\"d\u00e9pannage\">D\u00e9pannage<\/label>\r\n            <\/div>\r\n            <div class=\"form-check\">\r\n                <input type=\"radio\" name=\"topic\" value=\"Entretien\" class=\"form-control\" required>\r\n                <label for=\"entretien\">Entretien<\/label>\r\n            <\/div>\r\n            <div class=\"form-check\">\r\n                <input type=\"radio\" name=\"topic\" value=\"R\u00e9novation\" class=\"form-control\" required>\r\n                <label for=\"r\u00e9novation\">R\u00e9novation<\/label>\r\n            <\/div>\r\n            <div class=\"form-check\">\r\n                <input type=\"radio\" name=\"topic\" value=\"Autre\" class=\"form-control\" required>\r\n                <label for=\"autre\">Autre<\/label>\r\n            <\/div>\r\n        <\/div>\r\n        <div class=\"form-group full-width\">\r\n            <label for=\"contact_message\">Message<\/label>\r\n            <textarea name=\"message\" rows=\"3\" class=\"form-control\"><\/textarea>\r\n        <\/div>\r\n    <\/div>\r\n    <div class=\"form-actions\">\r\n        <button class=\"wp-block-button__link has-accent-background-color\">Contacter<\/button>\r\n    <\/div>\r\n<\/form>\r\n<div class=\"form-feedback\"><\/div>    <\/div><\/p>\n<h2>Nos services<\/h2>\n<ul>\n<li>Cr\u00e9ation et agencement de votre jardin : en fonction de vos besoins, nous concevons et agen\u00e7ons votre jardin.<\/li>\n<li>Intervention et contrat sur mesure : nous intervenons \u00e0 la journ\u00e9e ou sous contrat \u00e0 Renens VD.<\/li>\n<li>Conception et am\u00e9nagement de votre balcon : nous cr\u00e9ons des espaces verts sur votre terrasse ou votre balcon.<\/li>\n<li>V\u00e9g\u00e9talisation : nous v\u00e9g\u00e9talisons les entreprises, immeubles, h\u00f4tels et centres commerciaux.<\/li>\n<li>R\u00e9novation des jardins : nous r\u00e9novons les espaces verts et les jardins.<\/li>\n<li>Entretien des zones urbaines : nous r\u00e9alisons l&rsquo;entretien des jardins, parcs, berges, rues et routes.<\/li>\n<\/ul>\n<h2>Nos services en am\u00e9nagement paysager<\/h2>\n<ul>\n<li>Conception de massif de jardin<\/li>\n<li>D\u00e9frichement, fauchage<\/li>\n<li>Pose de pelouse naturelle<\/li>\n<li>Fleurissement et plantations<\/li>\n<li>Tailles de haies, arbustes et rosiers<\/li>\n<li>Coupe de la pelouse<\/li>\n<li>Restauration de pelouse<\/li>\n<li>Am\u00e9nagement, v\u00e9g\u00e9talisation<\/li>\n<li>Nivellement de terrain<\/li>\n<li>Terrassement<\/li>\n<li>Pose de panneaux et de cl\u00f4tures<\/li>\n<li>Installation de syst\u00e8mes d&rsquo;arrosage<\/li>\n<li>Mise en place de terrasse en bois<\/li>\n<li>Dallage<\/li>\n<li>\u00c9lagage, enl\u00e8vement d&rsquo;arbre<\/li>\n<li>D\u00e9racinement de racines<\/li>\n<li>Broyage et \u00e9limination des d\u00e9bris<\/li>\n<\/ul>\n<h2>Pourquoi choisir Artisanlocal.ch \u00e0 Renens VD ?<\/h2>\n<ul>\n<li>Nous travaillons avec les professionnels, les particuliers et aussi directement avec les municipalit\u00e9s.<\/li>\n<li>Nous utilisons des produits \u00e9cologiques.<\/li>\n<li>Notre entreprise est situ\u00e9e au c\u0153ur de Renens VD.<\/li>\n<li>Nos jardiniers s&rsquo;engagent \u00e0 r\u00e9pondre \u00e0 tous vos besoins dans les plus brefs d\u00e9lais.<\/li>\n<li>Nos prix sont comp\u00e9titifs.<\/li>\n<li>Nos devis sont gratuits.<\/li>\n<\/ul>\n<h2>Une soci\u00e9t\u00e9 pour r\u00e9pondre \u00e0 tous vos besoins<\/h2>\n<p>Install\u00e9e \u00e0 Renens VD, notre entreprise est reconnue dans l\u2019am\u00e9nagement des espaces verts et prend en charge l\u2019entretien et la cr\u00e9ation de vos espaces ext\u00e9rieurs. En travaillant avec notre entreprise, vous avez un interlocuteur unique pour vous simplifier la vie et vous faire gagner de l&rsquo;argent et du temps.<\/p>\n<h2>Quels types de clients accompagnez-vous ?<\/h2>\n<ul>\n<li>Les bars et les restaurants.<\/li>\n<li>Les h\u00f4tels et chambres d&rsquo;h\u00f4tes.<\/li>\n<li>Les habitations et copropri\u00e9t\u00e9s.<\/li>\n<li>Les particuliers.<\/li>\n<li>Les terrains agricoles et ch\u00e2teaux.<\/li>\n<li>Les entreprises.<\/li>\n<\/ul>\n<h2>Cr\u00e9ateurs de jardins \u00e0 Renens VD et dans les villes \u00e0 proximit\u00e9<\/h2>\n<p>Nous r\u00e9alisons le jardin dont vous r\u00eavez. En fonction de vos attentes et des contraintes de votre jardin, nous ajustons notre service. Nous \u00e9tudions dans un premier temps votre projet, ensuite notre \u00e9quipe s&rsquo;occupe de sa mise en \u0153uvre de A \u00e0 Z. Nos jardiniers interviennent \u00e0 Renens VD, et aussi dans les villes proches, telles que : Jouxtens-M\u00e9zery, Prilly, Crissier.<\/p>\n","protected":false},"excerpt":{"rendered":"<p>Besoin d&rsquo;un paysagiste \u00e0 Renens VD ? Artisanlocal r\u00e9alise la conception, l&rsquo;agencement et l&rsquo;entretien de vos ext\u00e9rieurs \u00e0 Renens VD. Notre \u00e9quipe de paysagistes intervient \u00e0 Renens VD chez les professionnels, particuliers et dans les copropri\u00e9t\u00e9s. Nos paysagistes sont \u00e0 l&rsquo;\u00e9coute de vos besoins et vous proposent des services personnalis\u00e9s. Nos services Cr\u00e9ation et agencement [&hellip;]<\/p>\n","protected":false},"author":4,"featured_media":2962,"parent":0,"menu_order":0,"comment_status":"closed","ping_status":"closed","template":"","meta":{"footnotes":""},"profession":[128],"location":[53],"canton":[113],"class_list":["post-2946","page","type-page","status-publish","has-post-thumbnail","hentry","profession-jardinier-paysagiste","location-renens-vd","canton-vd"],"yoast_head":"<!-- This site is optimized with the Yoast SEO Premium plugin v25.7.1 (Yoast SEO v27.3) - https:\/\/yoast.com\/product\/yoast-seo-premium-wordpress\/ -->\n<title>Paysagiste \u00e0 Renens VD - Artisanlocal<\/title>\n<meta name=\"robots\" content=\"index, follow, max-snippet:-1, max-image-preview:large, max-video-preview:-1\" \/>\n<link rel=\"canonical\" href=\"https:\/\/www.artisanlocal.ch\/c\/paysagiste-a-renens\/\" \/>\n<meta property=\"og:locale\" content=\"fr_FR\" \/>\n<meta property=\"og:type\" content=\"article\" \/>\n<meta property=\"og:title\" content=\"Paysagiste \u00e0 Renens VD\" \/>\n<meta property=\"og:description\" content=\"Besoin d&rsquo;un paysagiste \u00e0 Renens VD ? Artisanlocal r\u00e9alise la conception, l&rsquo;agencement et l&rsquo;entretien de vos ext\u00e9rieurs \u00e0 Renens VD. Notre \u00e9quipe de paysagistes intervient \u00e0 Renens VD chez les professionnels, particuliers et dans les copropri\u00e9t\u00e9s. Nos paysagistes sont \u00e0 l&rsquo;\u00e9coute de vos besoins et vous proposent des services personnalis\u00e9s. Nos services Cr\u00e9ation et agencement [&hellip;]\" \/>\n<meta property=\"og:url\" content=\"https:\/\/www.artisanlocal.ch\/c\/paysagiste-a-renens\/\" \/>\n<meta property=\"og:site_name\" content=\"Artisanlocal\" \/>\n<meta property=\"article:modified_time\" content=\"2025-08-26T17:25:13+00:00\" \/>\n<meta property=\"og:image\" content=\"https:\/\/www.artisanlocal.ch\/c\/wp-content\/uploads\/2024\/11\/paysagiste-jardinier.jpg\" \/>\n\t<meta property=\"og:image:width\" content=\"1920\" \/>\n\t<meta property=\"og:image:height\" content=\"300\" \/>\n\t<meta property=\"og:image:type\" content=\"image\/jpeg\" \/>\n<meta name=\"twitter:card\" content=\"summary_large_image\" \/>\n<meta name=\"twitter:label1\" content=\"Dur\u00e9e de lecture estim\u00e9e\" \/>\n\t<meta name=\"twitter:data1\" content=\"3 minutes\" \/>\n<script type=\"application\/ld+json\" class=\"yoast-schema-graph\">{\"@context\":\"https:\\\/\\\/schema.org\",\"@graph\":[{\"@type\":\"WebPage\",\"@id\":\"https:\\\/\\\/www.artisanlocal.ch\\\/c\\\/paysagiste-a-renens\\\/\",\"url\":\"https:\\\/\\\/www.artisanlocal.ch\\\/c\\\/paysagiste-a-renens\\\/\",\"name\":\"Paysagiste \u00e0 Renens VD - Artisanlocal\",\"isPartOf\":{\"@id\":\"https:\\\/\\\/www.artisanlocal.ch\\\/c\\\/#website\"},\"primaryImageOfPage\":{\"@id\":\"https:\\\/\\\/www.artisanlocal.ch\\\/c\\\/paysagiste-a-renens\\\/#primaryimage\"},\"image\":{\"@id\":\"https:\\\/\\\/www.artisanlocal.ch\\\/c\\\/paysagiste-a-renens\\\/#primaryimage\"},\"thumbnailUrl\":\"https:\\\/\\\/www.artisanlocal.ch\\\/c\\\/wp-content\\\/uploads\\\/2024\\\/11\\\/paysagiste-jardinier.jpg\",\"datePublished\":\"2024-10-04T08:52:08+00:00\",\"dateModified\":\"2025-08-26T17:25:13+00:00\",\"breadcrumb\":{\"@id\":\"https:\\\/\\\/www.artisanlocal.ch\\\/c\\\/paysagiste-a-renens\\\/#breadcrumb\"},\"inLanguage\":\"fr-FR\",\"potentialAction\":[{\"@type\":\"ReadAction\",\"target\":[\"https:\\\/\\\/www.artisanlocal.ch\\\/c\\\/paysagiste-a-renens\\\/\"]}]},{\"@type\":\"ImageObject\",\"inLanguage\":\"fr-FR\",\"@id\":\"https:\\\/\\\/www.artisanlocal.ch\\\/c\\\/paysagiste-a-renens\\\/#primaryimage\",\"url\":\"https:\\\/\\\/www.artisanlocal.ch\\\/c\\\/wp-content\\\/uploads\\\/2024\\\/11\\\/paysagiste-jardinier.jpg\",\"contentUrl\":\"https:\\\/\\\/www.artisanlocal.ch\\\/c\\\/wp-content\\\/uploads\\\/2024\\\/11\\\/paysagiste-jardinier.jpg\",\"width\":1920,\"height\":300},{\"@type\":\"BreadcrumbList\",\"@id\":\"https:\\\/\\\/www.artisanlocal.ch\\\/c\\\/paysagiste-a-renens\\\/#breadcrumb\",\"itemListElement\":[{\"@type\":\"ListItem\",\"position\":1,\"name\":\"Accueil\",\"item\":\"https:\\\/\\\/www.artisanlocal.ch\\\/c\\\/\"},{\"@type\":\"ListItem\",\"position\":2,\"name\":\"Paysagiste \u00e0 Renens\"}]},{\"@type\":\"WebSite\",\"@id\":\"https:\\\/\\\/www.artisanlocal.ch\\\/c\\\/#website\",\"url\":\"https:\\\/\\\/www.artisanlocal.ch\\\/c\\\/\",\"name\":\"Artisanlocal\",\"description\":\"\",\"publisher\":{\"@id\":\"https:\\\/\\\/www.artisanlocal.ch\\\/c\\\/#organization\"},\"potentialAction\":[{\"@type\":\"SearchAction\",\"target\":{\"@type\":\"EntryPoint\",\"urlTemplate\":\"https:\\\/\\\/www.artisanlocal.ch\\\/c\\\/?s={search_term_string}\"},\"query-input\":{\"@type\":\"PropertyValueSpecification\",\"valueRequired\":true,\"valueName\":\"search_term_string\"}}],\"inLanguage\":\"fr-FR\"},{\"@type\":\"Organization\",\"@id\":\"https:\\\/\\\/www.artisanlocal.ch\\\/c\\\/#organization\",\"name\":\"Artisanlocal\",\"url\":\"https:\\\/\\\/www.artisanlocal.ch\\\/c\\\/\",\"logo\":{\"@type\":\"ImageObject\",\"inLanguage\":\"fr-FR\",\"@id\":\"https:\\\/\\\/www.artisanlocal.ch\\\/c\\\/#\\\/schema\\\/logo\\\/image\\\/\",\"url\":\"https:\\\/\\\/www.artisanlocal.ch\\\/c\\\/wp-content\\\/uploads\\\/2024\\\/02\\\/logo-artisanlocal-h.svg\",\"contentUrl\":\"https:\\\/\\\/www.artisanlocal.ch\\\/c\\\/wp-content\\\/uploads\\\/2024\\\/02\\\/logo-artisanlocal-h.svg\",\"caption\":\"Artisanlocal\"},\"image\":{\"@id\":\"https:\\\/\\\/www.artisanlocal.ch\\\/c\\\/#\\\/schema\\\/logo\\\/image\\\/\"}}]}<\/script>\n<!-- \/ Yoast SEO Premium plugin. -->","yoast_head_json":{"title":"Paysagiste \u00e0 Renens VD - Artisanlocal","robots":{"index":"index","follow":"follow","max-snippet":"max-snippet:-1","max-image-preview":"max-image-preview:large","max-video-preview":"max-video-preview:-1"},"canonical":"https:\/\/www.artisanlocal.ch\/c\/paysagiste-a-renens\/","og_locale":"fr_FR","og_type":"article","og_title":"Paysagiste \u00e0 Renens VD","og_description":"Besoin d&rsquo;un paysagiste \u00e0 Renens VD ? Artisanlocal r\u00e9alise la conception, l&rsquo;agencement et l&rsquo;entretien de vos ext\u00e9rieurs \u00e0 Renens VD. Notre \u00e9quipe de paysagistes intervient \u00e0 Renens VD chez les professionnels, particuliers et dans les copropri\u00e9t\u00e9s. Nos paysagistes sont \u00e0 l&rsquo;\u00e9coute de vos besoins et vous proposent des services personnalis\u00e9s. Nos services Cr\u00e9ation et agencement [&hellip;]","og_url":"https:\/\/www.artisanlocal.ch\/c\/paysagiste-a-renens\/","og_site_name":"Artisanlocal","article_modified_time":"2025-08-26T17:25:13+00:00","og_image":[{"width":1920,"height":300,"url":"https:\/\/www.artisanlocal.ch\/c\/wp-content\/uploads\/2024\/11\/paysagiste-jardinier.jpg","type":"image\/jpeg"}],"twitter_card":"summary_large_image","twitter_misc":{"Dur\u00e9e de lecture estim\u00e9e":"3 minutes"},"schema":{"@context":"https:\/\/schema.org","@graph":[{"@type":"WebPage","@id":"https:\/\/www.artisanlocal.ch\/c\/paysagiste-a-renens\/","url":"https:\/\/www.artisanlocal.ch\/c\/paysagiste-a-renens\/","name":"Paysagiste \u00e0 Renens VD - Artisanlocal","isPartOf":{"@id":"https:\/\/www.artisanlocal.ch\/c\/#website"},"primaryImageOfPage":{"@id":"https:\/\/www.artisanlocal.ch\/c\/paysagiste-a-renens\/#primaryimage"},"image":{"@id":"https:\/\/www.artisanlocal.ch\/c\/paysagiste-a-renens\/#primaryimage"},"thumbnailUrl":"https:\/\/www.artisanlocal.ch\/c\/wp-content\/uploads\/2024\/11\/paysagiste-jardinier.jpg","datePublished":"2024-10-04T08:52:08+00:00","dateModified":"2025-08-26T17:25:13+00:00","breadcrumb":{"@id":"https:\/\/www.artisanlocal.ch\/c\/paysagiste-a-renens\/#breadcrumb"},"inLanguage":"fr-FR","potentialAction":[{"@type":"ReadAction","target":["https:\/\/www.artisanlocal.ch\/c\/paysagiste-a-renens\/"]}]},{"@type":"ImageObject","inLanguage":"fr-FR","@id":"https:\/\/www.artisanlocal.ch\/c\/paysagiste-a-renens\/#primaryimage","url":"https:\/\/www.artisanlocal.ch\/c\/wp-content\/uploads\/2024\/11\/paysagiste-jardinier.jpg","contentUrl":"https:\/\/www.artisanlocal.ch\/c\/wp-content\/uploads\/2024\/11\/paysagiste-jardinier.jpg","width":1920,"height":300},{"@type":"BreadcrumbList","@id":"https:\/\/www.artisanlocal.ch\/c\/paysagiste-a-renens\/#breadcrumb","itemListElement":[{"@type":"ListItem","position":1,"name":"Accueil","item":"https:\/\/www.artisanlocal.ch\/c\/"},{"@type":"ListItem","position":2,"name":"Paysagiste \u00e0 Renens"}]},{"@type":"WebSite","@id":"https:\/\/www.artisanlocal.ch\/c\/#website","url":"https:\/\/www.artisanlocal.ch\/c\/","name":"Artisanlocal","description":"","publisher":{"@id":"https:\/\/www.artisanlocal.ch\/c\/#organization"},"potentialAction":[{"@type":"SearchAction","target":{"@type":"EntryPoint","urlTemplate":"https:\/\/www.artisanlocal.ch\/c\/?s={search_term_string}"},"query-input":{"@type":"PropertyValueSpecification","valueRequired":true,"valueName":"search_term_string"}}],"inLanguage":"fr-FR"},{"@type":"Organization","@id":"https:\/\/www.artisanlocal.ch\/c\/#organization","name":"Artisanlocal","url":"https:\/\/www.artisanlocal.ch\/c\/","logo":{"@type":"ImageObject","inLanguage":"fr-FR","@id":"https:\/\/www.artisanlocal.ch\/c\/#\/schema\/logo\/image\/","url":"https:\/\/www.artisanlocal.ch\/c\/wp-content\/uploads\/2024\/02\/logo-artisanlocal-h.svg","contentUrl":"https:\/\/www.artisanlocal.ch\/c\/wp-content\/uploads\/2024\/02\/logo-artisanlocal-h.svg","caption":"Artisanlocal"},"image":{"@id":"https:\/\/www.artisanlocal.ch\/c\/#\/schema\/logo\/image\/"}}]}},"_links":{"self":[{"href":"https:\/\/www.artisanlocal.ch\/c\/wp-json\/wp\/v2\/pages\/2946","targetHints":{"allow":["GET"]}}],"collection":[{"href":"https:\/\/www.artisanlocal.ch\/c\/wp-json\/wp\/v2\/pages"}],"about":[{"href":"https:\/\/www.artisanlocal.ch\/c\/wp-json\/wp\/v2\/types\/page"}],"author":[{"embeddable":true,"href":"https:\/\/www.artisanlocal.ch\/c\/wp-json\/wp\/v2\/users\/4"}],"replies":[{"embeddable":true,"href":"https:\/\/www.artisanlocal.ch\/c\/wp-json\/wp\/v2\/comments?post=2946"}],"version-history":[{"count":0,"href":"https:\/\/www.artisanlocal.ch\/c\/wp-json\/wp\/v2\/pages\/2946\/revisions"}],"wp:featuredmedia":[{"embeddable":true,"href":"https:\/\/www.artisanlocal.ch\/c\/wp-json\/wp\/v2\/media\/2962"}],"wp:attachment":[{"href":"https:\/\/www.artisanlocal.ch\/c\/wp-json\/wp\/v2\/media?parent=2946"}],"wp:term":[{"taxonomy":"profession","embeddable":true,"href":"https:\/\/www.artisanlocal.ch\/c\/wp-json\/wp\/v2\/profession?post=2946"},{"taxonomy":"location","embeddable":true,"href":"https:\/\/www.artisanlocal.ch\/c\/wp-json\/wp\/v2\/location?post=2946"},{"taxonomy":"canton","embeddable":true,"href":"https:\/\/www.artisanlocal.ch\/c\/wp-json\/wp\/v2\/canton?post=2946"}],"curies":[{"name":"wp","href":"https:\/\/api.w.org\/{rel}","templated":true}]}}