{"id":2950,"date":"2024-09-26T21:58:27","date_gmt":"2024-09-26T19:58:27","guid":{"rendered":"https:\/\/www.artisanlocal.ch\/c\/societe-paysagiste-a-bienne\/"},"modified":"2025-08-26T19:26:43","modified_gmt":"2025-08-26T17:26:43","slug":"societe-paysagiste-a-bienne","status":"publish","type":"page","link":"https:\/\/www.artisanlocal.ch\/c\/societe-paysagiste-a-bienne\/","title":{"rendered":"Soci\u00e9t\u00e9 Paysagiste \u00e0 Biel\/Bienne"},"content":{"rendered":"<p>Notre entreprise d\u00e9veloppe et entretien vos espaces ext\u00e9rieurs et jardins. \u00c0 Biel\/Bienne, nos paysagistes op\u00e8rent chez les particuliers, les copropri\u00e9t\u00e9s et les professionnels. Nos paysagistes sont \u00e0 l&rsquo;\u00e9coute pour vous offrir des solutions sur mesure, et tout en prot\u00e9geant la biodiversit\u00e9 locale.<\/p>\n\r\n<div class=\"box\">\r\n    <h2 class=\"text-dark\">Nous cherchons un <em class=\"text-primary\">Jardinier - Paysagiste<\/em> dans la r\u00e9gion de <em class=\"text-primary\">Biel\/Bienne<\/em>  en exclusivit\u00e9, afin de proposer vos services \u00e0 nos clients propri\u00e9taires.<\/h2>\r\n    <p>Une opportunit\u00e9 unique pour booster votre activit\u00e9 \u00e0 <strong>Biel\/Bienne<\/strong> et aux alentours dans votre domaine (Jardinier - Paysagiste).<\/p>\r\n    <p>Nous travaillons en exclusivit\u00e9 avec qu'une soci\u00e9t\u00e9 par m\u00e9tier et par r\u00e9gion. <br>Votre entreprise est pr\u00e9sente sur tous les documents immobiliers. Afin d'\u00eatre mieux vu sur le net, vous \u00eates \u00e9galement visible sur nos deux sites et sur les pages de r\u00e9f\u00e9rencement de votre r\u00e9gion.<\/p>\r\n    <a href=\"\/contact\" class=\"wp-block-button__link has-accent-background-color has-text-align-center wp-element-button\">R\u00e9server<\/a>\r\n<\/div>\n<h2>Prestations personnalis\u00e9es en fonction de votre projet<\/h2>\n<ul>\n<li>Am\u00e9nagement et conception de votre jardin : \u00e0 partir de vos besoins, nous cr\u00e9ons et r\u00e9alisons votre jardin personnalis\u00e9.<\/li>\n<li>Entretien de votre espace vert : selon vos attentes, nous op\u00e9rons sous contrat ou \u00e0 la prestation.<\/li>\n<li> Am\u00e9nagement de votre balcon : nous concevons un espace vert sur votre balcon ou votre terrasse pour le m\u00e9tamorphoser en un lieu de vie.<\/li>\n<li> V\u00e9g\u00e9talisation : nous installons une touche de verdure dans votre soci\u00e9t\u00e9, immeuble, restaurant ou centre commercial. R\u00e9novation des jardins : nous nous chargeons de la r\u00e9novation compl\u00e8te de vos espaces verts pour les appartements, b\u00e2timents et maisons.<\/li>\n<li> Entretien espaces verts am\u00e9nag\u00e9s dans les villes : nous effectuons l&rsquo;entretien des berges, routes, ruelles, parcs et jardins.<\/li>\n<\/ul>\n<h2>Nos prestations pour l&rsquo;am\u00e9nagement de votre espace vert<\/h2>\n<ul>\n<li>\u00c9lagage, abattement d&rsquo;arbre<\/li>\n<li>Broyage et \u00e9vacuation des d\u00e9bris<\/li>\n<li>D\u00e9frichement, fauchage<\/li>\n<li>Am\u00e9nagement, v\u00e9g\u00e9talisation<\/li>\n<li>Conception de massif de jardin<\/li>\n<li>Mise en place de gazon <\/li>\n<li>Plantations et fleurissement<\/li>\n<li>Pose de panneaux en bois et de cl\u00f4tures<\/li>\n<li>Coupe du gazon<\/li>\n<li>Tailles de haies, arbustes et rosiers<\/li>\n<li>Mise en place de syst\u00e8mes d\u2019arrosage <\/li>\n<li>R\u00e9novation de pelouse<\/li>\n<li>D\u00e9racinement de racines<\/li>\n<li>Aplanissement de terrain<\/li>\n<li>Pr\u00e9paration du terrain<\/li>\n<li>Mise en place de terrasse en bois<\/li>\n<li>Dallage<\/li>\n<\/ul>\n<h2>Pourquoi choisir Artisanlocal ?<\/h2>\n<p>\u00c0 Biel\/Bienne, nos paysagistes s&rsquo;engagent \u00e0 respecter l&rsquo;habitat. Nous collaborons avec les propri\u00e9taires, les collectivit\u00e9s et les professionnels. Nous employons que des produits \u00e9coresponsables. Artisanlocal est situ\u00e9 au centre de Biel\/Bienne. Les jardiniers qui interviennent chez vous veillent \u00e0 votre satisfaction. Nous faisons tout notre possible pour r\u00e9pondre \u00e0 vos attentes d\u00e8s que possible. Nous avons des tarifs comp\u00e9titifs. Nos devis sont gratuits.<\/p>\n<h2>Une seule soci\u00e9t\u00e9 pour g\u00e9rer tous vos besoins paysager<\/h2>\n<p>Localis\u00e9e dans le centre ville de Biel\/Bienne, Artisanlocal est reconnue dans l\u2019am\u00e9nagement de jardin et r\u00e9alise aussi la cr\u00e9ation et l\u2019entretien de vos ext\u00e9rieurs. Avec notre soci\u00e9t\u00e9, vous un interlocuteur unique, vous permettant ainsi de gagner de l&rsquo;argent et du temps.<\/p>\n<h2>Quels types de clients accompagnez-vous ?<\/h2>\n<p>Notre soci\u00e9t\u00e9 assiste:<\/p>\n<ul>\n<li>Les caf\u00e9s et les restaurants.<\/li>\n<li>Les h\u00f4tels et chambres d&rsquo;h\u00f4tes.<\/li>\n<li> Les r\u00e9sidences et copropri\u00e9t\u00e9s.<\/li>\n<li> Les particuliers.<\/li>\n<li> Les terrains agricoles et ch\u00e2teaux. <\/li>\n<li>Les entreprises.<\/li>\n<\/ul>\n<h2>Jardiniers paysagistes \u00e0 Biel\/Bienne et dans les communes proches<\/h2>\n<p>Nous cr\u00e9ons l&rsquo;espace vert dont vous r\u00eavez. En fonction des contraintes de votre terrain et de vos objectifs de votre terrain, nous ajustons notre service. Nous \u00e9tudions premi\u00e8rement votre objectif, et notre \u00e9quipe s&rsquo;occupe de sa r\u00e9alisation de A \u00e0 Z. Nos paysagistes interviennent \u00e0 Biel\/Bienne, et aussi dans les localit\u00e9s \u00e0 proximit\u00e9, telles que :&nbsp;<\/p>\nT\u00fcscherz-Alferm\u00e9e, Twann, Ligerz, Ligni\u00e8res, Le Landeron, Magglingen\/Macolin, Evilard, Les Pr\u00e9s-d'Orvin.\n","protected":false},"excerpt":{"rendered":"<p>Notre entreprise d\u00e9veloppe et entretien vos espaces ext\u00e9rieurs et jardins. \u00c0 Biel\/Bienne, nos paysagistes op\u00e8rent chez les particuliers, les copropri\u00e9t\u00e9s et les professionnels. Nos paysagistes sont \u00e0 l&rsquo;\u00e9coute pour vous offrir des solutions sur mesure, et tout en prot\u00e9geant la biodiversit\u00e9 locale. Prestations personnalis\u00e9es en fonction de votre projet Am\u00e9nagement et conception de votre jardin [&hellip;]<\/p>\n","protected":false},"author":4,"featured_media":2962,"parent":0,"menu_order":0,"comment_status":"closed","ping_status":"closed","template":"","meta":{"footnotes":""},"profession":[128],"location":[59],"canton":[118],"class_list":["post-2950","page","type-page","status-publish","has-post-thumbnail","hentry","profession-jardinier-paysagiste","location-biel-bienne","canton-be"],"yoast_head":"<!-- This site is optimized with the Yoast SEO Premium plugin v25.7.1 (Yoast SEO v27.4) - https:\/\/yoast.com\/product\/yoast-seo-premium-wordpress\/ -->\n<title>Soci\u00e9t\u00e9 Paysagiste \u00e0 Biel\/Bienne - Artisanlocal<\/title>\n<meta name=\"robots\" content=\"index, follow, max-snippet:-1, max-image-preview:large, max-video-preview:-1\" \/>\n<link rel=\"canonical\" href=\"https:\/\/www.artisanlocal.ch\/c\/societe-paysagiste-a-bienne\/\" \/>\n<meta property=\"og:locale\" content=\"fr_FR\" \/>\n<meta property=\"og:type\" content=\"article\" \/>\n<meta property=\"og:title\" content=\"Soci\u00e9t\u00e9 Paysagiste \u00e0 Biel\/Bienne\" \/>\n<meta property=\"og:description\" content=\"Notre entreprise d\u00e9veloppe et entretien vos espaces ext\u00e9rieurs et jardins. \u00c0 Biel\/Bienne, nos paysagistes op\u00e8rent chez les particuliers, les copropri\u00e9t\u00e9s et les professionnels. Nos paysagistes sont \u00e0 l&rsquo;\u00e9coute pour vous offrir des solutions sur mesure, et tout en prot\u00e9geant la biodiversit\u00e9 locale. Prestations personnalis\u00e9es en fonction de votre projet Am\u00e9nagement et conception de votre jardin [&hellip;]\" \/>\n<meta property=\"og:url\" content=\"https:\/\/www.artisanlocal.ch\/c\/societe-paysagiste-a-bienne\/\" \/>\n<meta property=\"og:site_name\" content=\"Artisanlocal\" \/>\n<meta property=\"article:modified_time\" content=\"2025-08-26T17:26:43+00:00\" \/>\n<meta property=\"og:image\" content=\"https:\/\/www.artisanlocal.ch\/c\/wp-content\/uploads\/2024\/11\/paysagiste-jardinier.jpg\" \/>\n\t<meta property=\"og:image:width\" content=\"1920\" \/>\n\t<meta property=\"og:image:height\" content=\"300\" \/>\n\t<meta property=\"og:image:type\" content=\"image\/jpeg\" \/>\n<meta name=\"twitter:card\" content=\"summary_large_image\" \/>\n<meta name=\"twitter:label1\" content=\"Dur\u00e9e de lecture estim\u00e9e\" \/>\n\t<meta name=\"twitter:data1\" content=\"3 minutes\" \/>\n<script type=\"application\/ld+json\" class=\"yoast-schema-graph\">{\"@context\":\"https:\\\/\\\/schema.org\",\"@graph\":[{\"@type\":\"WebPage\",\"@id\":\"https:\\\/\\\/www.artisanlocal.ch\\\/c\\\/societe-paysagiste-a-bienne\\\/\",\"url\":\"https:\\\/\\\/www.artisanlocal.ch\\\/c\\\/societe-paysagiste-a-bienne\\\/\",\"name\":\"Soci\u00e9t\u00e9 Paysagiste \u00e0 Biel\\\/Bienne - Artisanlocal\",\"isPartOf\":{\"@id\":\"https:\\\/\\\/www.artisanlocal.ch\\\/c\\\/#website\"},\"primaryImageOfPage\":{\"@id\":\"https:\\\/\\\/www.artisanlocal.ch\\\/c\\\/societe-paysagiste-a-bienne\\\/#primaryimage\"},\"image\":{\"@id\":\"https:\\\/\\\/www.artisanlocal.ch\\\/c\\\/societe-paysagiste-a-bienne\\\/#primaryimage\"},\"thumbnailUrl\":\"https:\\\/\\\/www.artisanlocal.ch\\\/c\\\/wp-content\\\/uploads\\\/2024\\\/11\\\/paysagiste-jardinier.jpg\",\"datePublished\":\"2024-09-26T19:58:27+00:00\",\"dateModified\":\"2025-08-26T17:26:43+00:00\",\"breadcrumb\":{\"@id\":\"https:\\\/\\\/www.artisanlocal.ch\\\/c\\\/societe-paysagiste-a-bienne\\\/#breadcrumb\"},\"inLanguage\":\"fr-FR\",\"potentialAction\":[{\"@type\":\"ReadAction\",\"target\":[\"https:\\\/\\\/www.artisanlocal.ch\\\/c\\\/societe-paysagiste-a-bienne\\\/\"]}]},{\"@type\":\"ImageObject\",\"inLanguage\":\"fr-FR\",\"@id\":\"https:\\\/\\\/www.artisanlocal.ch\\\/c\\\/societe-paysagiste-a-bienne\\\/#primaryimage\",\"url\":\"https:\\\/\\\/www.artisanlocal.ch\\\/c\\\/wp-content\\\/uploads\\\/2024\\\/11\\\/paysagiste-jardinier.jpg\",\"contentUrl\":\"https:\\\/\\\/www.artisanlocal.ch\\\/c\\\/wp-content\\\/uploads\\\/2024\\\/11\\\/paysagiste-jardinier.jpg\",\"width\":1920,\"height\":300},{\"@type\":\"BreadcrumbList\",\"@id\":\"https:\\\/\\\/www.artisanlocal.ch\\\/c\\\/societe-paysagiste-a-bienne\\\/#breadcrumb\",\"itemListElement\":[{\"@type\":\"ListItem\",\"position\":1,\"name\":\"Accueil\",\"item\":\"https:\\\/\\\/www.artisanlocal.ch\\\/c\\\/\"},{\"@type\":\"ListItem\",\"position\":2,\"name\":\"Soci\u00e9t\u00e9 Paysagiste \u00e0 Bienne\"}]},{\"@type\":\"WebSite\",\"@id\":\"https:\\\/\\\/www.artisanlocal.ch\\\/c\\\/#website\",\"url\":\"https:\\\/\\\/www.artisanlocal.ch\\\/c\\\/\",\"name\":\"Artisanlocal\",\"description\":\"\",\"publisher\":{\"@id\":\"https:\\\/\\\/www.artisanlocal.ch\\\/c\\\/#organization\"},\"potentialAction\":[{\"@type\":\"SearchAction\",\"target\":{\"@type\":\"EntryPoint\",\"urlTemplate\":\"https:\\\/\\\/www.artisanlocal.ch\\\/c\\\/?s={search_term_string}\"},\"query-input\":{\"@type\":\"PropertyValueSpecification\",\"valueRequired\":true,\"valueName\":\"search_term_string\"}}],\"inLanguage\":\"fr-FR\"},{\"@type\":\"Organization\",\"@id\":\"https:\\\/\\\/www.artisanlocal.ch\\\/c\\\/#organization\",\"name\":\"Artisanlocal\",\"url\":\"https:\\\/\\\/www.artisanlocal.ch\\\/c\\\/\",\"logo\":{\"@type\":\"ImageObject\",\"inLanguage\":\"fr-FR\",\"@id\":\"https:\\\/\\\/www.artisanlocal.ch\\\/c\\\/#\\\/schema\\\/logo\\\/image\\\/\",\"url\":\"https:\\\/\\\/www.artisanlocal.ch\\\/c\\\/wp-content\\\/uploads\\\/2024\\\/02\\\/logo-artisanlocal-h.svg\",\"contentUrl\":\"https:\\\/\\\/www.artisanlocal.ch\\\/c\\\/wp-content\\\/uploads\\\/2024\\\/02\\\/logo-artisanlocal-h.svg\",\"caption\":\"Artisanlocal\"},\"image\":{\"@id\":\"https:\\\/\\\/www.artisanlocal.ch\\\/c\\\/#\\\/schema\\\/logo\\\/image\\\/\"}}]}<\/script>\n<!-- \/ Yoast SEO Premium plugin. -->","yoast_head_json":{"title":"Soci\u00e9t\u00e9 Paysagiste \u00e0 Biel\/Bienne - Artisanlocal","robots":{"index":"index","follow":"follow","max-snippet":"max-snippet:-1","max-image-preview":"max-image-preview:large","max-video-preview":"max-video-preview:-1"},"canonical":"https:\/\/www.artisanlocal.ch\/c\/societe-paysagiste-a-bienne\/","og_locale":"fr_FR","og_type":"article","og_title":"Soci\u00e9t\u00e9 Paysagiste \u00e0 Biel\/Bienne","og_description":"Notre entreprise d\u00e9veloppe et entretien vos espaces ext\u00e9rieurs et jardins. \u00c0 Biel\/Bienne, nos paysagistes op\u00e8rent chez les particuliers, les copropri\u00e9t\u00e9s et les professionnels. Nos paysagistes sont \u00e0 l&rsquo;\u00e9coute pour vous offrir des solutions sur mesure, et tout en prot\u00e9geant la biodiversit\u00e9 locale. Prestations personnalis\u00e9es en fonction de votre projet Am\u00e9nagement et conception de votre jardin [&hellip;]","og_url":"https:\/\/www.artisanlocal.ch\/c\/societe-paysagiste-a-bienne\/","og_site_name":"Artisanlocal","article_modified_time":"2025-08-26T17:26:43+00:00","og_image":[{"width":1920,"height":300,"url":"https:\/\/www.artisanlocal.ch\/c\/wp-content\/uploads\/2024\/11\/paysagiste-jardinier.jpg","type":"image\/jpeg"}],"twitter_card":"summary_large_image","twitter_misc":{"Dur\u00e9e de lecture estim\u00e9e":"3 minutes"},"schema":{"@context":"https:\/\/schema.org","@graph":[{"@type":"WebPage","@id":"https:\/\/www.artisanlocal.ch\/c\/societe-paysagiste-a-bienne\/","url":"https:\/\/www.artisanlocal.ch\/c\/societe-paysagiste-a-bienne\/","name":"Soci\u00e9t\u00e9 Paysagiste \u00e0 Biel\/Bienne - Artisanlocal","isPartOf":{"@id":"https:\/\/www.artisanlocal.ch\/c\/#website"},"primaryImageOfPage":{"@id":"https:\/\/www.artisanlocal.ch\/c\/societe-paysagiste-a-bienne\/#primaryimage"},"image":{"@id":"https:\/\/www.artisanlocal.ch\/c\/societe-paysagiste-a-bienne\/#primaryimage"},"thumbnailUrl":"https:\/\/www.artisanlocal.ch\/c\/wp-content\/uploads\/2024\/11\/paysagiste-jardinier.jpg","datePublished":"2024-09-26T19:58:27+00:00","dateModified":"2025-08-26T17:26:43+00:00","breadcrumb":{"@id":"https:\/\/www.artisanlocal.ch\/c\/societe-paysagiste-a-bienne\/#breadcrumb"},"inLanguage":"fr-FR","potentialAction":[{"@type":"ReadAction","target":["https:\/\/www.artisanlocal.ch\/c\/societe-paysagiste-a-bienne\/"]}]},{"@type":"ImageObject","inLanguage":"fr-FR","@id":"https:\/\/www.artisanlocal.ch\/c\/societe-paysagiste-a-bienne\/#primaryimage","url":"https:\/\/www.artisanlocal.ch\/c\/wp-content\/uploads\/2024\/11\/paysagiste-jardinier.jpg","contentUrl":"https:\/\/www.artisanlocal.ch\/c\/wp-content\/uploads\/2024\/11\/paysagiste-jardinier.jpg","width":1920,"height":300},{"@type":"BreadcrumbList","@id":"https:\/\/www.artisanlocal.ch\/c\/societe-paysagiste-a-bienne\/#breadcrumb","itemListElement":[{"@type":"ListItem","position":1,"name":"Accueil","item":"https:\/\/www.artisanlocal.ch\/c\/"},{"@type":"ListItem","position":2,"name":"Soci\u00e9t\u00e9 Paysagiste \u00e0 Bienne"}]},{"@type":"WebSite","@id":"https:\/\/www.artisanlocal.ch\/c\/#website","url":"https:\/\/www.artisanlocal.ch\/c\/","name":"Artisanlocal","description":"","publisher":{"@id":"https:\/\/www.artisanlocal.ch\/c\/#organization"},"potentialAction":[{"@type":"SearchAction","target":{"@type":"EntryPoint","urlTemplate":"https:\/\/www.artisanlocal.ch\/c\/?s={search_term_string}"},"query-input":{"@type":"PropertyValueSpecification","valueRequired":true,"valueName":"search_term_string"}}],"inLanguage":"fr-FR"},{"@type":"Organization","@id":"https:\/\/www.artisanlocal.ch\/c\/#organization","name":"Artisanlocal","url":"https:\/\/www.artisanlocal.ch\/c\/","logo":{"@type":"ImageObject","inLanguage":"fr-FR","@id":"https:\/\/www.artisanlocal.ch\/c\/#\/schema\/logo\/image\/","url":"https:\/\/www.artisanlocal.ch\/c\/wp-content\/uploads\/2024\/02\/logo-artisanlocal-h.svg","contentUrl":"https:\/\/www.artisanlocal.ch\/c\/wp-content\/uploads\/2024\/02\/logo-artisanlocal-h.svg","caption":"Artisanlocal"},"image":{"@id":"https:\/\/www.artisanlocal.ch\/c\/#\/schema\/logo\/image\/"}}]}},"_links":{"self":[{"href":"https:\/\/www.artisanlocal.ch\/c\/wp-json\/wp\/v2\/pages\/2950","targetHints":{"allow":["GET"]}}],"collection":[{"href":"https:\/\/www.artisanlocal.ch\/c\/wp-json\/wp\/v2\/pages"}],"about":[{"href":"https:\/\/www.artisanlocal.ch\/c\/wp-json\/wp\/v2\/types\/page"}],"author":[{"embeddable":true,"href":"https:\/\/www.artisanlocal.ch\/c\/wp-json\/wp\/v2\/users\/4"}],"replies":[{"embeddable":true,"href":"https:\/\/www.artisanlocal.ch\/c\/wp-json\/wp\/v2\/comments?post=2950"}],"version-history":[{"count":0,"href":"https:\/\/www.artisanlocal.ch\/c\/wp-json\/wp\/v2\/pages\/2950\/revisions"}],"wp:featuredmedia":[{"embeddable":true,"href":"https:\/\/www.artisanlocal.ch\/c\/wp-json\/wp\/v2\/media\/2962"}],"wp:attachment":[{"href":"https:\/\/www.artisanlocal.ch\/c\/wp-json\/wp\/v2\/media?parent=2950"}],"wp:term":[{"taxonomy":"profession","embeddable":true,"href":"https:\/\/www.artisanlocal.ch\/c\/wp-json\/wp\/v2\/profession?post=2950"},{"taxonomy":"location","embeddable":true,"href":"https:\/\/www.artisanlocal.ch\/c\/wp-json\/wp\/v2\/location?post=2950"},{"taxonomy":"canton","embeddable":true,"href":"https:\/\/www.artisanlocal.ch\/c\/wp-json\/wp\/v2\/canton?post=2950"}],"curies":[{"name":"wp","href":"https:\/\/api.w.org\/{rel}","templated":true}]}}