{"id":2951,"date":"2024-09-28T00:17:06","date_gmt":"2024-09-27T22:17:06","guid":{"rendered":"https:\/\/www.artisanlocal.ch\/c\/paysagistes-a-cheseaux-sur-lausanne\/"},"modified":"2025-10-30T09:48:14","modified_gmt":"2025-10-30T08:48:14","slug":"paysagistes-a-cheseaux-sur-lausanne","status":"publish","type":"page","link":"https:\/\/www.artisanlocal.ch\/c\/paysagistes-a-cheseaux-sur-lausanne\/","title":{"rendered":"Paysagiste \u00e0 Cheseaux-sur-Lausanne"},"content":{"rendered":"<p>Besoin d&rsquo;un paysagiste \u00e0 Cheseaux-sur-Lausanne ? Artisanlocal am\u00e9nage les jardins des particuliers, copropri\u00e9t\u00e9s et professionnels \u00e0 Cheseaux-sur-Lausanne et dans les villes aux alentours.<\/p>\n\r\n<div class=\"box\">\r\n            <div class=\"company-info\">\r\n            <img decoding=\"async\" class=\"company-info__logo\" src=\"https:\/\/www.artisanlocal.ch\/media\/cache\/thumb\/images\/companies\/65f81689c10b9187653075.png\" alt=\"Logo\">\r\n            <h2 class=\"company-info__name\">Frustini Espace Vert<\/h2>\r\n            <p class=\"company-info__business\">Paysagiste - Jardinage - Entretien - Am\u00e9nagement<\/p>\r\n        <\/div>\r\n        <div class=\"company-contact\">\r\n            <p class=\"company-info__address\">Ch. du Crochet 8<\/p>\r\n                            <div class=\"links\">\r\n                                            <a class=\"btn has-accent-background-color js-phoneNumber\" href=\"tel:0217317472\" title=\"Appelez\" data-id=\"313\" data-type=\"11\">021 731 74 72<\/a>\r\n                                                                <a class=\"btn has-accent-background-color\" href=\"https:\/\/frustini-espacevert.ch\/\" target=\"_blank\" title=\"Voir le site internet\" data-id=\"313\" data-type=\"20\">Site internet<\/a>\r\n                                    <\/div>\r\n                    <\/div>\r\n    \r\n            \r\n<form action=\"https:\/\/www.artisanlocal.ch\/c\/wp-admin\/admin-ajax.php\" method=\"post\" class=\"form-contact\" id=\"artisan_form_contact_company_inline\">\r\n    <div><input type=\"hidden\" name=\"action\" value=\"company_contact\"><\/div>\r\n    <div><input type=\"hidden\" name=\"nonce\" value=\"2ab39f2652\"><\/div>\r\n    <div><input type=\"hidden\" name=\"company_id\" value=\"313\"><\/div>\r\n    <div><input type=\"hidden\" name=\"form_id\" value=\"artisan_form_contact_company_inline\"><\/div>\r\n    <div class=\"gglcptch gglcptch_v3 gglcptch_custom\"><input type=\"hidden\" id=\"g-recaptcha-response\" name=\"g-recaptcha-response\" \/><br \/><div class=\"gglcptch_error_text\">La p\u00e9riode de v\u00e9rification reCAPTCHA a expir\u00e9. Veuillez recharger la page.<\/div><\/div>    <div class=\"form-content\">\r\n        <div class=\"form-group\">\r\n            <label for=\"contact_firstName\" class=\"required\">Pr\u00e9nom<\/label>\r\n            <input type=\"text\" name=\"firstName\" class=\"form-control\" required>\r\n        <\/div>\r\n        <div class=\"form-group\">\r\n            <label for=\"contact_lastName\" class=\"required\">Nom<\/label>\r\n            <input type=\"text\" name=\"lastName\" class=\"form-control\" required>\r\n        <\/div>\r\n        <div class=\"form-group\">\r\n            <label for=\"contact_email\" class=\"required\">Email<\/label>\r\n            <input type=\"email\" name=\"email\" class=\"form-control\" required>\r\n        <\/div>\r\n        <div class=\"form-group\">\r\n            <label for=\"contact_phone\" class=\"required\">Num\u00e9ro de t\u00e9l\u00e9phone<\/label>\r\n            <input type=\"tel\" name=\"phone\" class=\"form-control\" placeholder=\"0787117165\" pattern=\"^[0-9]{10}$\" required>\r\n        <\/div>\r\n        <div class=\"form-group\">\r\n            <label for=\"contact_postalCode\" class=\"required\">Code postal et localit\u00e9<\/label>\r\n            <input type=\"text\" name=\"postalCode\" class=\"form-control\" required>\r\n        <\/div>\r\n        <div class=\"form-group\">\r\n            <label for=\"contact_address\" class=\"required\">Adresse<\/label>\r\n            <input type=\"text\" name=\"address\" class=\"form-control\" required>\r\n        <\/div>\r\n        <div class=\"full-width topic\">\r\n            <p class=\"required\">Je souhaite \u00eatre contact\u00e9 pour :<\/p>\r\n            <div class=\"form-check\">\r\n                <input type=\"radio\" name=\"topic\" value=\"D\u00e9pannage\" class=\"form-control\" required>\r\n                <label for=\"d\u00e9pannage\">D\u00e9pannage<\/label>\r\n            <\/div>\r\n            <div class=\"form-check\">\r\n                <input type=\"radio\" name=\"topic\" value=\"Entretien\" class=\"form-control\" required>\r\n                <label for=\"entretien\">Entretien<\/label>\r\n            <\/div>\r\n            <div class=\"form-check\">\r\n                <input type=\"radio\" name=\"topic\" value=\"R\u00e9novation\" class=\"form-control\" required>\r\n                <label for=\"r\u00e9novation\">R\u00e9novation<\/label>\r\n            <\/div>\r\n            <div class=\"form-check\">\r\n                <input type=\"radio\" name=\"topic\" value=\"Autre\" class=\"form-control\" required>\r\n                <label for=\"autre\">Autre<\/label>\r\n            <\/div>\r\n        <\/div>\r\n        <div class=\"form-group full-width\">\r\n            <label for=\"contact_message\">Message<\/label>\r\n            <textarea name=\"message\" rows=\"3\" class=\"form-control\"><\/textarea>\r\n        <\/div>\r\n    <\/div>\r\n    <div class=\"form-actions\">\r\n        <button class=\"wp-block-button__link has-accent-background-color\">Contacter<\/button>\r\n    <\/div>\r\n<\/form>\r\n<div class=\"form-feedback\"><\/div>    <\/div>\n<h2>Nos services<\/h2>\n<ul>\n<li>Cr\u00e9ation de massif de jardin.<\/li>\n<li>D\u00e9broussaillage, fauchage.<\/li>\n<li>Installation de pelouse naturelle.<\/li>\n<li>Fleurissement et plantations.<\/li>\n<li>Tailles de rosiers, haies et arbustes.<\/li>\n<li>Coupe du gazon.<\/li>\n<li>R\u00e9novation de gazon.<\/li>\n<li>Am\u00e9nagement, v\u00e9g\u00e9talisation.<\/li>\n<li>Aplanissement de terrain.<\/li>\n<li>Terrassement.<\/li>\n<li>Installation de panneaux et de barri\u00e8res.<\/li>\n<li>Mise en place de l&rsquo;arrosage automatique.<\/li>\n<li>Installation de terrasse en bois.<\/li>\n<li>Mise en place de pav\u00e9s.<\/li>\n<li>\u00c9lagage, enl\u00e8vement d&rsquo;arbre.<\/li>\n<li>D\u00e9racinement de racines.<\/li>\n<li>Broyage et \u00e9limination des d\u00e9bris.<\/li>\n<\/ul>\n<h2>Pourquoi travailler avec Artisanlocal.ch ?<\/h2>\n<p>Nos paysagistes s&rsquo;engagent \u00e0 respecter l&rsquo;habitat en utilisant des produits \u00e9cologiques. <span style=\"font-size: revert;\">Artisanlocal.ch est situ\u00e9 au centre de Cheseaux-sur-Lausanne pour intervenir rapidement chez vous. Nos tarifs sont attractifs, et nos devis sont gratuits. <\/span>En travaillant avec Artisanlocal, vous avez un seul interlocuteur pour vous faciliter la vie et vous faire gagner du temps.<\/p>\n<h2>Quels types de clients accompagnez-vous ?<\/h2>\n<ul>\n<li>Les bars et les restaurants.<\/li>\n<li>Les chambres d&rsquo;h\u00f4tes et h\u00f4tels.<\/li>\n<li>Les copropri\u00e9t\u00e9s et maisons.<\/li>\n<li>Les propri\u00e9taires.<\/li>\n<li>Les ch\u00e2teaux et domaines agricoles.<\/li>\n<li>Les entreprises.<\/li>\n<\/ul>\n<h2>Paysagiste \u00e0 Cheseaux-sur-Lausanne et dans les villes proches<\/h2>\n<p>Nos paysagistes interviennent \u00e0 Cheseaux-sur-Lausanne, et aussi dans les villes proches, telles que :<\/p>\nRomanel-sur-Lausanne, Le Mont-sur-Lausanne, Bretigny-sur-Morrens, Cugy VD, Morrens VD, Froideville, Epalinges.\n","protected":false},"excerpt":{"rendered":"<p>Besoin d&rsquo;un paysagiste \u00e0 Cheseaux-sur-Lausanne ? Artisanlocal am\u00e9nage les jardins des particuliers, copropri\u00e9t\u00e9s et professionnels \u00e0 Cheseaux-sur-Lausanne et dans les villes aux alentours. Nos services Cr\u00e9ation de massif de jardin. D\u00e9broussaillage, fauchage. Installation de pelouse naturelle. Fleurissement et plantations. Tailles de rosiers, haies et arbustes. Coupe du gazon. R\u00e9novation de gazon. Am\u00e9nagement, v\u00e9g\u00e9talisation. Aplanissement de [&hellip;]<\/p>\n","protected":false},"author":4,"featured_media":2962,"parent":0,"menu_order":0,"comment_status":"closed","ping_status":"closed","template":"","meta":{"footnotes":""},"profession":[128],"location":[9],"canton":[113],"class_list":["post-2951","page","type-page","status-publish","has-post-thumbnail","hentry","profession-jardinier-paysagiste","location-cheseaux-sur-lausanne","canton-vd"],"yoast_head":"<!-- This site is optimized with the Yoast SEO Premium plugin v25.7.1 (Yoast SEO v27.3) - https:\/\/yoast.com\/product\/yoast-seo-premium-wordpress\/ -->\n<title>Paysagiste \u00e0 Cheseaux-sur-Lausanne - Artisanlocal<\/title>\n<meta name=\"robots\" content=\"index, follow, max-snippet:-1, max-image-preview:large, max-video-preview:-1\" \/>\n<link rel=\"canonical\" href=\"https:\/\/www.artisanlocal.ch\/c\/paysagistes-a-cheseaux-sur-lausanne\/\" \/>\n<meta property=\"og:locale\" content=\"fr_FR\" \/>\n<meta property=\"og:type\" content=\"article\" \/>\n<meta property=\"og:title\" content=\"Paysagiste \u00e0 Cheseaux-sur-Lausanne\" \/>\n<meta property=\"og:description\" content=\"Besoin d&rsquo;un paysagiste \u00e0 Cheseaux-sur-Lausanne ? Artisanlocal am\u00e9nage les jardins des particuliers, copropri\u00e9t\u00e9s et professionnels \u00e0 Cheseaux-sur-Lausanne et dans les villes aux alentours. Nos services Cr\u00e9ation de massif de jardin. D\u00e9broussaillage, fauchage. Installation de pelouse naturelle. Fleurissement et plantations. Tailles de rosiers, haies et arbustes. Coupe du gazon. R\u00e9novation de gazon. Am\u00e9nagement, v\u00e9g\u00e9talisation. Aplanissement de [&hellip;]\" \/>\n<meta property=\"og:url\" content=\"https:\/\/www.artisanlocal.ch\/c\/paysagistes-a-cheseaux-sur-lausanne\/\" \/>\n<meta property=\"og:site_name\" content=\"Artisanlocal\" \/>\n<meta property=\"article:modified_time\" content=\"2025-10-30T08:48:14+00:00\" \/>\n<meta property=\"og:image\" content=\"https:\/\/www.artisanlocal.ch\/c\/wp-content\/uploads\/2024\/11\/paysagiste-jardinier.jpg\" \/>\n\t<meta property=\"og:image:width\" content=\"1920\" \/>\n\t<meta property=\"og:image:height\" content=\"300\" \/>\n\t<meta property=\"og:image:type\" content=\"image\/jpeg\" \/>\n<meta name=\"twitter:card\" content=\"summary_large_image\" \/>\n<meta name=\"twitter:label1\" content=\"Dur\u00e9e de lecture estim\u00e9e\" \/>\n\t<meta name=\"twitter:data1\" content=\"2 minutes\" \/>\n<script type=\"application\/ld+json\" class=\"yoast-schema-graph\">{\"@context\":\"https:\\\/\\\/schema.org\",\"@graph\":[{\"@type\":\"WebPage\",\"@id\":\"https:\\\/\\\/www.artisanlocal.ch\\\/c\\\/paysagistes-a-cheseaux-sur-lausanne\\\/\",\"url\":\"https:\\\/\\\/www.artisanlocal.ch\\\/c\\\/paysagistes-a-cheseaux-sur-lausanne\\\/\",\"name\":\"Paysagiste \u00e0 Cheseaux-sur-Lausanne - Artisanlocal\",\"isPartOf\":{\"@id\":\"https:\\\/\\\/www.artisanlocal.ch\\\/c\\\/#website\"},\"primaryImageOfPage\":{\"@id\":\"https:\\\/\\\/www.artisanlocal.ch\\\/c\\\/paysagistes-a-cheseaux-sur-lausanne\\\/#primaryimage\"},\"image\":{\"@id\":\"https:\\\/\\\/www.artisanlocal.ch\\\/c\\\/paysagistes-a-cheseaux-sur-lausanne\\\/#primaryimage\"},\"thumbnailUrl\":\"https:\\\/\\\/www.artisanlocal.ch\\\/c\\\/wp-content\\\/uploads\\\/2024\\\/11\\\/paysagiste-jardinier.jpg\",\"datePublished\":\"2024-09-27T22:17:06+00:00\",\"dateModified\":\"2025-10-30T08:48:14+00:00\",\"breadcrumb\":{\"@id\":\"https:\\\/\\\/www.artisanlocal.ch\\\/c\\\/paysagistes-a-cheseaux-sur-lausanne\\\/#breadcrumb\"},\"inLanguage\":\"fr-FR\",\"potentialAction\":[{\"@type\":\"ReadAction\",\"target\":[\"https:\\\/\\\/www.artisanlocal.ch\\\/c\\\/paysagistes-a-cheseaux-sur-lausanne\\\/\"]}]},{\"@type\":\"ImageObject\",\"inLanguage\":\"fr-FR\",\"@id\":\"https:\\\/\\\/www.artisanlocal.ch\\\/c\\\/paysagistes-a-cheseaux-sur-lausanne\\\/#primaryimage\",\"url\":\"https:\\\/\\\/www.artisanlocal.ch\\\/c\\\/wp-content\\\/uploads\\\/2024\\\/11\\\/paysagiste-jardinier.jpg\",\"contentUrl\":\"https:\\\/\\\/www.artisanlocal.ch\\\/c\\\/wp-content\\\/uploads\\\/2024\\\/11\\\/paysagiste-jardinier.jpg\",\"width\":1920,\"height\":300},{\"@type\":\"BreadcrumbList\",\"@id\":\"https:\\\/\\\/www.artisanlocal.ch\\\/c\\\/paysagistes-a-cheseaux-sur-lausanne\\\/#breadcrumb\",\"itemListElement\":[{\"@type\":\"ListItem\",\"position\":1,\"name\":\"Accueil\",\"item\":\"https:\\\/\\\/www.artisanlocal.ch\\\/c\\\/\"},{\"@type\":\"ListItem\",\"position\":2,\"name\":\"Paysagiste \u00e0 Cheseaux-sur-Lausanne\"}]},{\"@type\":\"WebSite\",\"@id\":\"https:\\\/\\\/www.artisanlocal.ch\\\/c\\\/#website\",\"url\":\"https:\\\/\\\/www.artisanlocal.ch\\\/c\\\/\",\"name\":\"Artisanlocal\",\"description\":\"\",\"publisher\":{\"@id\":\"https:\\\/\\\/www.artisanlocal.ch\\\/c\\\/#organization\"},\"potentialAction\":[{\"@type\":\"SearchAction\",\"target\":{\"@type\":\"EntryPoint\",\"urlTemplate\":\"https:\\\/\\\/www.artisanlocal.ch\\\/c\\\/?s={search_term_string}\"},\"query-input\":{\"@type\":\"PropertyValueSpecification\",\"valueRequired\":true,\"valueName\":\"search_term_string\"}}],\"inLanguage\":\"fr-FR\"},{\"@type\":\"Organization\",\"@id\":\"https:\\\/\\\/www.artisanlocal.ch\\\/c\\\/#organization\",\"name\":\"Artisanlocal\",\"url\":\"https:\\\/\\\/www.artisanlocal.ch\\\/c\\\/\",\"logo\":{\"@type\":\"ImageObject\",\"inLanguage\":\"fr-FR\",\"@id\":\"https:\\\/\\\/www.artisanlocal.ch\\\/c\\\/#\\\/schema\\\/logo\\\/image\\\/\",\"url\":\"https:\\\/\\\/www.artisanlocal.ch\\\/c\\\/wp-content\\\/uploads\\\/2024\\\/02\\\/logo-artisanlocal-h.svg\",\"contentUrl\":\"https:\\\/\\\/www.artisanlocal.ch\\\/c\\\/wp-content\\\/uploads\\\/2024\\\/02\\\/logo-artisanlocal-h.svg\",\"caption\":\"Artisanlocal\"},\"image\":{\"@id\":\"https:\\\/\\\/www.artisanlocal.ch\\\/c\\\/#\\\/schema\\\/logo\\\/image\\\/\"}}]}<\/script>\n<!-- \/ Yoast SEO Premium plugin. -->","yoast_head_json":{"title":"Paysagiste \u00e0 Cheseaux-sur-Lausanne - Artisanlocal","robots":{"index":"index","follow":"follow","max-snippet":"max-snippet:-1","max-image-preview":"max-image-preview:large","max-video-preview":"max-video-preview:-1"},"canonical":"https:\/\/www.artisanlocal.ch\/c\/paysagistes-a-cheseaux-sur-lausanne\/","og_locale":"fr_FR","og_type":"article","og_title":"Paysagiste \u00e0 Cheseaux-sur-Lausanne","og_description":"Besoin d&rsquo;un paysagiste \u00e0 Cheseaux-sur-Lausanne ? Artisanlocal am\u00e9nage les jardins des particuliers, copropri\u00e9t\u00e9s et professionnels \u00e0 Cheseaux-sur-Lausanne et dans les villes aux alentours. Nos services Cr\u00e9ation de massif de jardin. D\u00e9broussaillage, fauchage. Installation de pelouse naturelle. Fleurissement et plantations. Tailles de rosiers, haies et arbustes. Coupe du gazon. R\u00e9novation de gazon. Am\u00e9nagement, v\u00e9g\u00e9talisation. Aplanissement de [&hellip;]","og_url":"https:\/\/www.artisanlocal.ch\/c\/paysagistes-a-cheseaux-sur-lausanne\/","og_site_name":"Artisanlocal","article_modified_time":"2025-10-30T08:48:14+00:00","og_image":[{"width":1920,"height":300,"url":"https:\/\/www.artisanlocal.ch\/c\/wp-content\/uploads\/2024\/11\/paysagiste-jardinier.jpg","type":"image\/jpeg"}],"twitter_card":"summary_large_image","twitter_misc":{"Dur\u00e9e de lecture estim\u00e9e":"2 minutes"},"schema":{"@context":"https:\/\/schema.org","@graph":[{"@type":"WebPage","@id":"https:\/\/www.artisanlocal.ch\/c\/paysagistes-a-cheseaux-sur-lausanne\/","url":"https:\/\/www.artisanlocal.ch\/c\/paysagistes-a-cheseaux-sur-lausanne\/","name":"Paysagiste \u00e0 Cheseaux-sur-Lausanne - Artisanlocal","isPartOf":{"@id":"https:\/\/www.artisanlocal.ch\/c\/#website"},"primaryImageOfPage":{"@id":"https:\/\/www.artisanlocal.ch\/c\/paysagistes-a-cheseaux-sur-lausanne\/#primaryimage"},"image":{"@id":"https:\/\/www.artisanlocal.ch\/c\/paysagistes-a-cheseaux-sur-lausanne\/#primaryimage"},"thumbnailUrl":"https:\/\/www.artisanlocal.ch\/c\/wp-content\/uploads\/2024\/11\/paysagiste-jardinier.jpg","datePublished":"2024-09-27T22:17:06+00:00","dateModified":"2025-10-30T08:48:14+00:00","breadcrumb":{"@id":"https:\/\/www.artisanlocal.ch\/c\/paysagistes-a-cheseaux-sur-lausanne\/#breadcrumb"},"inLanguage":"fr-FR","potentialAction":[{"@type":"ReadAction","target":["https:\/\/www.artisanlocal.ch\/c\/paysagistes-a-cheseaux-sur-lausanne\/"]}]},{"@type":"ImageObject","inLanguage":"fr-FR","@id":"https:\/\/www.artisanlocal.ch\/c\/paysagistes-a-cheseaux-sur-lausanne\/#primaryimage","url":"https:\/\/www.artisanlocal.ch\/c\/wp-content\/uploads\/2024\/11\/paysagiste-jardinier.jpg","contentUrl":"https:\/\/www.artisanlocal.ch\/c\/wp-content\/uploads\/2024\/11\/paysagiste-jardinier.jpg","width":1920,"height":300},{"@type":"BreadcrumbList","@id":"https:\/\/www.artisanlocal.ch\/c\/paysagistes-a-cheseaux-sur-lausanne\/#breadcrumb","itemListElement":[{"@type":"ListItem","position":1,"name":"Accueil","item":"https:\/\/www.artisanlocal.ch\/c\/"},{"@type":"ListItem","position":2,"name":"Paysagiste \u00e0 Cheseaux-sur-Lausanne"}]},{"@type":"WebSite","@id":"https:\/\/www.artisanlocal.ch\/c\/#website","url":"https:\/\/www.artisanlocal.ch\/c\/","name":"Artisanlocal","description":"","publisher":{"@id":"https:\/\/www.artisanlocal.ch\/c\/#organization"},"potentialAction":[{"@type":"SearchAction","target":{"@type":"EntryPoint","urlTemplate":"https:\/\/www.artisanlocal.ch\/c\/?s={search_term_string}"},"query-input":{"@type":"PropertyValueSpecification","valueRequired":true,"valueName":"search_term_string"}}],"inLanguage":"fr-FR"},{"@type":"Organization","@id":"https:\/\/www.artisanlocal.ch\/c\/#organization","name":"Artisanlocal","url":"https:\/\/www.artisanlocal.ch\/c\/","logo":{"@type":"ImageObject","inLanguage":"fr-FR","@id":"https:\/\/www.artisanlocal.ch\/c\/#\/schema\/logo\/image\/","url":"https:\/\/www.artisanlocal.ch\/c\/wp-content\/uploads\/2024\/02\/logo-artisanlocal-h.svg","contentUrl":"https:\/\/www.artisanlocal.ch\/c\/wp-content\/uploads\/2024\/02\/logo-artisanlocal-h.svg","caption":"Artisanlocal"},"image":{"@id":"https:\/\/www.artisanlocal.ch\/c\/#\/schema\/logo\/image\/"}}]}},"_links":{"self":[{"href":"https:\/\/www.artisanlocal.ch\/c\/wp-json\/wp\/v2\/pages\/2951","targetHints":{"allow":["GET"]}}],"collection":[{"href":"https:\/\/www.artisanlocal.ch\/c\/wp-json\/wp\/v2\/pages"}],"about":[{"href":"https:\/\/www.artisanlocal.ch\/c\/wp-json\/wp\/v2\/types\/page"}],"author":[{"embeddable":true,"href":"https:\/\/www.artisanlocal.ch\/c\/wp-json\/wp\/v2\/users\/4"}],"replies":[{"embeddable":true,"href":"https:\/\/www.artisanlocal.ch\/c\/wp-json\/wp\/v2\/comments?post=2951"}],"version-history":[{"count":0,"href":"https:\/\/www.artisanlocal.ch\/c\/wp-json\/wp\/v2\/pages\/2951\/revisions"}],"wp:featuredmedia":[{"embeddable":true,"href":"https:\/\/www.artisanlocal.ch\/c\/wp-json\/wp\/v2\/media\/2962"}],"wp:attachment":[{"href":"https:\/\/www.artisanlocal.ch\/c\/wp-json\/wp\/v2\/media?parent=2951"}],"wp:term":[{"taxonomy":"profession","embeddable":true,"href":"https:\/\/www.artisanlocal.ch\/c\/wp-json\/wp\/v2\/profession?post=2951"},{"taxonomy":"location","embeddable":true,"href":"https:\/\/www.artisanlocal.ch\/c\/wp-json\/wp\/v2\/location?post=2951"},{"taxonomy":"canton","embeddable":true,"href":"https:\/\/www.artisanlocal.ch\/c\/wp-json\/wp\/v2\/canton?post=2951"}],"curies":[{"name":"wp","href":"https:\/\/api.w.org\/{rel}","templated":true}]}}