{"id":2952,"date":"2024-10-01T23:15:38","date_gmt":"2024-10-01T21:15:38","guid":{"rendered":"https:\/\/www.artisanlocal.ch\/c\/jardinier-paysagiste-a-delemont\/"},"modified":"2025-08-26T19:26:04","modified_gmt":"2025-08-26T17:26:04","slug":"jardinier-paysagiste-a-delemont","status":"publish","type":"page","link":"https:\/\/www.artisanlocal.ch\/c\/jardinier-paysagiste-a-delemont\/","title":{"rendered":"Jardinier paysagiste \u00e0 Del\u00e9mont"},"content":{"rendered":"<p>Artisanlocal r\u00e9alise la cr\u00e9ation, l&rsquo;agencement et l&rsquo;entretien de vos espaces verts. Notre \u00e9quipe de jardiniers op\u00e8re \u00e0 Del\u00e9mont aupr\u00e8s des particuliers, copropri\u00e9t\u00e9s et professionnels. Nos paysagistes sont \u00e0 l&rsquo;\u00e9coute de vos attentes et vous proposent des services personnalis\u00e9s tout en respectant l&rsquo;environnement.<\/p>\n\r\n<div class=\"box\">\r\n            <div class=\"company-info\">\r\n            <img decoding=\"async\" class=\"company-info__logo\" src=\"https:\/\/www.artisanlocal.ch\/media\/cache\/thumb\/images\/companies\/66a8b418014ea212913674.png\" alt=\"Logo\">\r\n            <h2 class=\"company-info__name\">Amex4D S\u00e0rl<\/h2>\r\n            <p class=\"company-info__business\">Paysagiste - Architecte paysagiste - Services : conception, planification, r\u00e9alisation, entretien<\/p>\r\n        <\/div>\r\n        <div class=\"company-contact\">\r\n            <p class=\"company-info__address\">Rue de la Fenaison 13<\/p>\r\n                            <div class=\"links\">\r\n                                            <a class=\"btn has-accent-background-color js-phoneNumber\" href=\"tel:0784046482\" title=\"Appelez\" data-id=\"25181\" data-type=\"11\">078 404 64 82<\/a>\r\n                                                                <a class=\"btn has-accent-background-color\" href=\"https:\/\/amex4d.ch\/\" target=\"_blank\" title=\"Voir le site internet\" data-id=\"25181\" data-type=\"20\">Site internet<\/a>\r\n                                    <\/div>\r\n                    <\/div>\r\n    \r\n            \r\n<form action=\"https:\/\/www.artisanlocal.ch\/c\/wp-admin\/admin-ajax.php\" method=\"post\" class=\"form-contact\" id=\"artisan_form_contact_company_inline\">\r\n    <div><input type=\"hidden\" name=\"action\" value=\"company_contact\"><\/div>\r\n    <div><input type=\"hidden\" name=\"nonce\" value=\"85ec494698\"><\/div>\r\n    <div><input type=\"hidden\" name=\"company_id\" value=\"25181\"><\/div>\r\n    <div><input type=\"hidden\" name=\"form_id\" value=\"artisan_form_contact_company_inline\"><\/div>\r\n    <div class=\"gglcptch gglcptch_v3 gglcptch_custom\"><input type=\"hidden\" id=\"g-recaptcha-response\" name=\"g-recaptcha-response\" \/><br \/><div class=\"gglcptch_error_text\">La p\u00e9riode de v\u00e9rification reCAPTCHA a expir\u00e9. Veuillez recharger la page.<\/div><\/div>    <div class=\"form-content\">\r\n        <div class=\"form-group\">\r\n            <label for=\"contact_firstName\" class=\"required\">Pr\u00e9nom<\/label>\r\n            <input type=\"text\" name=\"firstName\" class=\"form-control\" required>\r\n        <\/div>\r\n        <div class=\"form-group\">\r\n            <label for=\"contact_lastName\" class=\"required\">Nom<\/label>\r\n            <input type=\"text\" name=\"lastName\" class=\"form-control\" required>\r\n        <\/div>\r\n        <div class=\"form-group\">\r\n            <label for=\"contact_email\" class=\"required\">Email<\/label>\r\n            <input type=\"email\" name=\"email\" class=\"form-control\" required>\r\n        <\/div>\r\n        <div class=\"form-group\">\r\n            <label for=\"contact_phone\" class=\"required\">Num\u00e9ro de t\u00e9l\u00e9phone<\/label>\r\n            <input type=\"tel\" name=\"phone\" class=\"form-control\" placeholder=\"0787117165\" pattern=\"^[0-9]{10}$\" required>\r\n        <\/div>\r\n        <div class=\"form-group\">\r\n            <label for=\"contact_postalCode\" class=\"required\">Code postal et localit\u00e9<\/label>\r\n            <input type=\"text\" name=\"postalCode\" class=\"form-control\" required>\r\n        <\/div>\r\n        <div class=\"form-group\">\r\n            <label for=\"contact_address\" class=\"required\">Adresse<\/label>\r\n            <input type=\"text\" name=\"address\" class=\"form-control\" required>\r\n        <\/div>\r\n        <div class=\"full-width topic\">\r\n            <p class=\"required\">Je souhaite \u00eatre contact\u00e9 pour :<\/p>\r\n            <div class=\"form-check\">\r\n                <input type=\"radio\" name=\"topic\" value=\"D\u00e9pannage\" class=\"form-control\" required>\r\n                <label for=\"d\u00e9pannage\">D\u00e9pannage<\/label>\r\n            <\/div>\r\n            <div class=\"form-check\">\r\n                <input type=\"radio\" name=\"topic\" value=\"Entretien\" class=\"form-control\" required>\r\n                <label for=\"entretien\">Entretien<\/label>\r\n            <\/div>\r\n            <div class=\"form-check\">\r\n                <input type=\"radio\" name=\"topic\" value=\"R\u00e9novation\" class=\"form-control\" required>\r\n                <label for=\"r\u00e9novation\">R\u00e9novation<\/label>\r\n            <\/div>\r\n            <div class=\"form-check\">\r\n                <input type=\"radio\" name=\"topic\" value=\"Autre\" class=\"form-control\" required>\r\n                <label for=\"autre\">Autre<\/label>\r\n            <\/div>\r\n        <\/div>\r\n        <div class=\"form-group full-width\">\r\n            <label for=\"contact_message\">Message<\/label>\r\n            <textarea name=\"message\" rows=\"3\" class=\"form-control\"><\/textarea>\r\n        <\/div>\r\n    <\/div>\r\n    <div class=\"form-actions\">\r\n        <button class=\"wp-block-button__link has-accent-background-color\">Contacter<\/button>\r\n    <\/div>\r\n<\/form>\r\n<div class=\"form-feedback\"><\/div>    <\/div>\n<h2>Services de jardinage pour les Del\u00e9montain<\/h2>\n<ul>\n<li>Am\u00e9nagement et conception de votre espace vert : en fonction de vos attentes, nous concevons et r\u00e9alisons votre jardin personnalis\u00e9.<\/li>\n<li>Entretien de votre espace vert : en fonction de vos attentes, nous op\u00e9rons sous contrat ou \u00e0 la prestation.<\/li>\n<li> Conception et am\u00e9nagement de votre balcon : nous cr\u00e9ons un espace vert sur votre terrasse ou votre balcon pour le transformer en un authentique lieu de vie.<\/li>\n<li> V\u00e9g\u00e9talisation : nous r\u00e9alisons la cr\u00e9ation de vos espaces verts dans votre entreprise, immeuble, h\u00f4tel ou centre commercial. R\u00e9novation et modernisation des terrains et espaces verts : nous nous chargeons de la r\u00e9novation compl\u00e8te de vos espaces verts pour les appartements, b\u00e2timents et maisons.<\/li>\n<li> Entretien des espaces verts en ville : nous restaurons les jardins, les parcs, les ruelles, les berges et les bords de route.<\/li>\n<\/ul>\n<h2>Nos services en am\u00e9nagement paysager<\/h2>\n<ul>\n<li>Conception de massif <\/li>\n<li>D\u00e9frichement, fauchage<\/li>\n<li>Installation de gazon <\/li>\n<li>Fleurissement et plantations<\/li>\n<li>Coupes de haies, arbustes et rosiers<\/li>\n<li>Coupe du pelouse<\/li>\n<li>R\u00e9novation de pelouse<\/li>\n<li>Am\u00e9nagement, v\u00e9g\u00e9talisation<\/li>\n<li>Nivellement de sol<\/li>\n<li>Pr\u00e9paration du terrain<\/li>\n<li>Installation de panneaux et de barri\u00e8res<\/li>\n<li>Mise en place de syst\u00e8mes d&rsquo;arrosage automatique<\/li>\n<li>Installation de terrasse en bois<\/li>\n<li>Pose de pav\u00e9s<\/li>\n<li>\u00c9lagage, abattage d&rsquo;arbre<\/li>\n<li>Arrachage de racines<\/li>\n<li>Broyage et \u00e9vacuation des d\u00e9chets<\/li>\n<\/ul>\n<h2>Pourquoi faire confiance \u00e0 Artisanlocal<\/h2>\n<p>Nos paysagistes \u00e0 Del\u00e9mont respectent l&rsquo;environnement. Nous travaillons avec les propri\u00e9taires, les collectivit\u00e9s et les professionnels. Nous employons que des produits \u00e9coresponsables. Artisanlocal est situ\u00e9 au c\u0153ur de Del\u00e9mont. Nos \u00e9quipes attachent une grande importance \u00e0 votre satisfaction. Nos paysagistes s&rsquo;engagent \u00e0 r\u00e9pondre \u00e0 vos besoins le plus vite possible. Nous avons des tarifs comp\u00e9titifs. Nos devis sont gratuits.<\/p>\n<h2>Une entreprise pour r\u00e9pondre \u00e0 tous vos besoins <\/h2>\n<p>Localis\u00e9e dans le centre de Del\u00e9mont, Artisanlocal est sp\u00e9cialis\u00e9e dans l\u2019am\u00e9nagement des espaces verts et prend en charge l\u2019entretien et la cr\u00e9ation de vos ext\u00e9rieurs. En travaillant avec notre soci\u00e9t\u00e9, vous avez un interlocuteur unique pour vous faire gagner de l&rsquo;argent et du temps.<\/p>\n<h2>Quels types de clients accompagnez-vous ?<\/h2>\n<p>Nous accompagnons:<\/p>\n<ul>\n<li>Les restaurants et bars.<\/li>\n<li>Les chambres d&rsquo;h\u00f4tes et h\u00f4tels.<\/li>\n<li> Les r\u00e9sidences et copropri\u00e9t\u00e9s.<\/li>\n<li> Les particuliers.<\/li>\n<li> Les ch\u00e2teaux et terrains agricoles. <\/li>\n<li>Les soci\u00e9t\u00e9s.<\/li>\n<\/ul>\n<h2>Cr\u00e9ateurs de jardins \u00e0 Del\u00e9mont et dans les villes proches<\/h2>\n<p>Nous r\u00e9alisons l&rsquo;espace vert dont vous r\u00eavez. Notre \u00e9quipe s&rsquo;adapte au style de votre terrain et des exigences (comme la nature du terrain). Apr\u00e8s analyse de votre projet et des contraintes, nous effectuons la totalit\u00e9 de vos travaux. Nos paysagistes interviennent \u00e0 Del\u00e9mont, et aussi dans les communes \u00e0 proximit\u00e9, telles que :&nbsp;<\/p>\nDevelier, Bourrignon, Soyhi\u00e8res, Mettembert, Pleigne, Lucelle, Movelier, Ederswiler, Roggenburg, Courroux, Courcelon, Vicques, Courchapoix, Corban, Mervelier, Montsevelier, Vermes, Courrendlin, Vellerat, Rebeuvelier, Rossemaison, Ch\u00e2tillon JU, Court\u00e9telle, Courfaivre, Bassecourt, Glovelier, Bo\u00e9court, Montavon, Undervelier, Soulce, Saulcy.\n","protected":false},"excerpt":{"rendered":"<p>Artisanlocal r\u00e9alise la cr\u00e9ation, l&rsquo;agencement et l&rsquo;entretien de vos espaces verts. Notre \u00e9quipe de jardiniers op\u00e8re \u00e0 Del\u00e9mont aupr\u00e8s des particuliers, copropri\u00e9t\u00e9s et professionnels. Nos paysagistes sont \u00e0 l&rsquo;\u00e9coute de vos attentes et vous proposent des services personnalis\u00e9s tout en respectant l&rsquo;environnement. Services de jardinage pour les Del\u00e9montain Am\u00e9nagement et conception de votre espace vert [&hellip;]<\/p>\n","protected":false},"author":4,"featured_media":2962,"parent":0,"menu_order":0,"comment_status":"closed","ping_status":"closed","template":"","meta":{"footnotes":""},"profession":[128],"location":[11],"canton":[111],"class_list":["post-2952","page","type-page","status-publish","has-post-thumbnail","hentry","profession-jardinier-paysagiste","location-delemont","canton-ju"],"yoast_head":"<!-- This site is optimized with the Yoast SEO Premium plugin v25.7.1 (Yoast SEO v27.3) - https:\/\/yoast.com\/product\/yoast-seo-premium-wordpress\/ -->\n<title>Jardinier paysagiste \u00e0 Del\u00e9mont - Artisanlocal<\/title>\n<meta name=\"robots\" content=\"index, follow, max-snippet:-1, max-image-preview:large, max-video-preview:-1\" \/>\n<link rel=\"canonical\" href=\"https:\/\/www.artisanlocal.ch\/c\/jardinier-paysagiste-a-delemont\/\" \/>\n<meta property=\"og:locale\" content=\"fr_FR\" \/>\n<meta property=\"og:type\" content=\"article\" \/>\n<meta property=\"og:title\" content=\"Jardinier paysagiste \u00e0 Del\u00e9mont\" \/>\n<meta property=\"og:description\" content=\"Artisanlocal r\u00e9alise la cr\u00e9ation, l&rsquo;agencement et l&rsquo;entretien de vos espaces verts. Notre \u00e9quipe de jardiniers op\u00e8re \u00e0 Del\u00e9mont aupr\u00e8s des particuliers, copropri\u00e9t\u00e9s et professionnels. Nos paysagistes sont \u00e0 l&rsquo;\u00e9coute de vos attentes et vous proposent des services personnalis\u00e9s tout en respectant l&rsquo;environnement. Services de jardinage pour les Del\u00e9montain Am\u00e9nagement et conception de votre espace vert [&hellip;]\" \/>\n<meta property=\"og:url\" content=\"https:\/\/www.artisanlocal.ch\/c\/jardinier-paysagiste-a-delemont\/\" \/>\n<meta property=\"og:site_name\" content=\"Artisanlocal\" \/>\n<meta property=\"article:modified_time\" content=\"2025-08-26T17:26:04+00:00\" \/>\n<meta property=\"og:image\" content=\"https:\/\/www.artisanlocal.ch\/c\/wp-content\/uploads\/2024\/11\/paysagiste-jardinier.jpg\" \/>\n\t<meta property=\"og:image:width\" content=\"1920\" \/>\n\t<meta property=\"og:image:height\" content=\"300\" \/>\n\t<meta property=\"og:image:type\" content=\"image\/jpeg\" \/>\n<meta name=\"twitter:card\" content=\"summary_large_image\" \/>\n<meta name=\"twitter:label1\" content=\"Dur\u00e9e de lecture estim\u00e9e\" \/>\n\t<meta name=\"twitter:data1\" content=\"3 minutes\" \/>\n<script type=\"application\/ld+json\" class=\"yoast-schema-graph\">{\"@context\":\"https:\\\/\\\/schema.org\",\"@graph\":[{\"@type\":\"WebPage\",\"@id\":\"https:\\\/\\\/www.artisanlocal.ch\\\/c\\\/jardinier-paysagiste-a-delemont\\\/\",\"url\":\"https:\\\/\\\/www.artisanlocal.ch\\\/c\\\/jardinier-paysagiste-a-delemont\\\/\",\"name\":\"Jardinier paysagiste \u00e0 Del\u00e9mont - Artisanlocal\",\"isPartOf\":{\"@id\":\"https:\\\/\\\/www.artisanlocal.ch\\\/c\\\/#website\"},\"primaryImageOfPage\":{\"@id\":\"https:\\\/\\\/www.artisanlocal.ch\\\/c\\\/jardinier-paysagiste-a-delemont\\\/#primaryimage\"},\"image\":{\"@id\":\"https:\\\/\\\/www.artisanlocal.ch\\\/c\\\/jardinier-paysagiste-a-delemont\\\/#primaryimage\"},\"thumbnailUrl\":\"https:\\\/\\\/www.artisanlocal.ch\\\/c\\\/wp-content\\\/uploads\\\/2024\\\/11\\\/paysagiste-jardinier.jpg\",\"datePublished\":\"2024-10-01T21:15:38+00:00\",\"dateModified\":\"2025-08-26T17:26:04+00:00\",\"breadcrumb\":{\"@id\":\"https:\\\/\\\/www.artisanlocal.ch\\\/c\\\/jardinier-paysagiste-a-delemont\\\/#breadcrumb\"},\"inLanguage\":\"fr-FR\",\"potentialAction\":[{\"@type\":\"ReadAction\",\"target\":[\"https:\\\/\\\/www.artisanlocal.ch\\\/c\\\/jardinier-paysagiste-a-delemont\\\/\"]}]},{\"@type\":\"ImageObject\",\"inLanguage\":\"fr-FR\",\"@id\":\"https:\\\/\\\/www.artisanlocal.ch\\\/c\\\/jardinier-paysagiste-a-delemont\\\/#primaryimage\",\"url\":\"https:\\\/\\\/www.artisanlocal.ch\\\/c\\\/wp-content\\\/uploads\\\/2024\\\/11\\\/paysagiste-jardinier.jpg\",\"contentUrl\":\"https:\\\/\\\/www.artisanlocal.ch\\\/c\\\/wp-content\\\/uploads\\\/2024\\\/11\\\/paysagiste-jardinier.jpg\",\"width\":1920,\"height\":300},{\"@type\":\"BreadcrumbList\",\"@id\":\"https:\\\/\\\/www.artisanlocal.ch\\\/c\\\/jardinier-paysagiste-a-delemont\\\/#breadcrumb\",\"itemListElement\":[{\"@type\":\"ListItem\",\"position\":1,\"name\":\"Accueil\",\"item\":\"https:\\\/\\\/www.artisanlocal.ch\\\/c\\\/\"},{\"@type\":\"ListItem\",\"position\":2,\"name\":\"Jardinier paysagiste \u00e0 Del\u00e9mont\"}]},{\"@type\":\"WebSite\",\"@id\":\"https:\\\/\\\/www.artisanlocal.ch\\\/c\\\/#website\",\"url\":\"https:\\\/\\\/www.artisanlocal.ch\\\/c\\\/\",\"name\":\"Artisanlocal\",\"description\":\"\",\"publisher\":{\"@id\":\"https:\\\/\\\/www.artisanlocal.ch\\\/c\\\/#organization\"},\"potentialAction\":[{\"@type\":\"SearchAction\",\"target\":{\"@type\":\"EntryPoint\",\"urlTemplate\":\"https:\\\/\\\/www.artisanlocal.ch\\\/c\\\/?s={search_term_string}\"},\"query-input\":{\"@type\":\"PropertyValueSpecification\",\"valueRequired\":true,\"valueName\":\"search_term_string\"}}],\"inLanguage\":\"fr-FR\"},{\"@type\":\"Organization\",\"@id\":\"https:\\\/\\\/www.artisanlocal.ch\\\/c\\\/#organization\",\"name\":\"Artisanlocal\",\"url\":\"https:\\\/\\\/www.artisanlocal.ch\\\/c\\\/\",\"logo\":{\"@type\":\"ImageObject\",\"inLanguage\":\"fr-FR\",\"@id\":\"https:\\\/\\\/www.artisanlocal.ch\\\/c\\\/#\\\/schema\\\/logo\\\/image\\\/\",\"url\":\"https:\\\/\\\/www.artisanlocal.ch\\\/c\\\/wp-content\\\/uploads\\\/2024\\\/02\\\/logo-artisanlocal-h.svg\",\"contentUrl\":\"https:\\\/\\\/www.artisanlocal.ch\\\/c\\\/wp-content\\\/uploads\\\/2024\\\/02\\\/logo-artisanlocal-h.svg\",\"caption\":\"Artisanlocal\"},\"image\":{\"@id\":\"https:\\\/\\\/www.artisanlocal.ch\\\/c\\\/#\\\/schema\\\/logo\\\/image\\\/\"}}]}<\/script>\n<!-- \/ Yoast SEO Premium plugin. -->","yoast_head_json":{"title":"Jardinier paysagiste \u00e0 Del\u00e9mont - Artisanlocal","robots":{"index":"index","follow":"follow","max-snippet":"max-snippet:-1","max-image-preview":"max-image-preview:large","max-video-preview":"max-video-preview:-1"},"canonical":"https:\/\/www.artisanlocal.ch\/c\/jardinier-paysagiste-a-delemont\/","og_locale":"fr_FR","og_type":"article","og_title":"Jardinier paysagiste \u00e0 Del\u00e9mont","og_description":"Artisanlocal r\u00e9alise la cr\u00e9ation, l&rsquo;agencement et l&rsquo;entretien de vos espaces verts. Notre \u00e9quipe de jardiniers op\u00e8re \u00e0 Del\u00e9mont aupr\u00e8s des particuliers, copropri\u00e9t\u00e9s et professionnels. Nos paysagistes sont \u00e0 l&rsquo;\u00e9coute de vos attentes et vous proposent des services personnalis\u00e9s tout en respectant l&rsquo;environnement. Services de jardinage pour les Del\u00e9montain Am\u00e9nagement et conception de votre espace vert [&hellip;]","og_url":"https:\/\/www.artisanlocal.ch\/c\/jardinier-paysagiste-a-delemont\/","og_site_name":"Artisanlocal","article_modified_time":"2025-08-26T17:26:04+00:00","og_image":[{"width":1920,"height":300,"url":"https:\/\/www.artisanlocal.ch\/c\/wp-content\/uploads\/2024\/11\/paysagiste-jardinier.jpg","type":"image\/jpeg"}],"twitter_card":"summary_large_image","twitter_misc":{"Dur\u00e9e de lecture estim\u00e9e":"3 minutes"},"schema":{"@context":"https:\/\/schema.org","@graph":[{"@type":"WebPage","@id":"https:\/\/www.artisanlocal.ch\/c\/jardinier-paysagiste-a-delemont\/","url":"https:\/\/www.artisanlocal.ch\/c\/jardinier-paysagiste-a-delemont\/","name":"Jardinier paysagiste \u00e0 Del\u00e9mont - Artisanlocal","isPartOf":{"@id":"https:\/\/www.artisanlocal.ch\/c\/#website"},"primaryImageOfPage":{"@id":"https:\/\/www.artisanlocal.ch\/c\/jardinier-paysagiste-a-delemont\/#primaryimage"},"image":{"@id":"https:\/\/www.artisanlocal.ch\/c\/jardinier-paysagiste-a-delemont\/#primaryimage"},"thumbnailUrl":"https:\/\/www.artisanlocal.ch\/c\/wp-content\/uploads\/2024\/11\/paysagiste-jardinier.jpg","datePublished":"2024-10-01T21:15:38+00:00","dateModified":"2025-08-26T17:26:04+00:00","breadcrumb":{"@id":"https:\/\/www.artisanlocal.ch\/c\/jardinier-paysagiste-a-delemont\/#breadcrumb"},"inLanguage":"fr-FR","potentialAction":[{"@type":"ReadAction","target":["https:\/\/www.artisanlocal.ch\/c\/jardinier-paysagiste-a-delemont\/"]}]},{"@type":"ImageObject","inLanguage":"fr-FR","@id":"https:\/\/www.artisanlocal.ch\/c\/jardinier-paysagiste-a-delemont\/#primaryimage","url":"https:\/\/www.artisanlocal.ch\/c\/wp-content\/uploads\/2024\/11\/paysagiste-jardinier.jpg","contentUrl":"https:\/\/www.artisanlocal.ch\/c\/wp-content\/uploads\/2024\/11\/paysagiste-jardinier.jpg","width":1920,"height":300},{"@type":"BreadcrumbList","@id":"https:\/\/www.artisanlocal.ch\/c\/jardinier-paysagiste-a-delemont\/#breadcrumb","itemListElement":[{"@type":"ListItem","position":1,"name":"Accueil","item":"https:\/\/www.artisanlocal.ch\/c\/"},{"@type":"ListItem","position":2,"name":"Jardinier paysagiste \u00e0 Del\u00e9mont"}]},{"@type":"WebSite","@id":"https:\/\/www.artisanlocal.ch\/c\/#website","url":"https:\/\/www.artisanlocal.ch\/c\/","name":"Artisanlocal","description":"","publisher":{"@id":"https:\/\/www.artisanlocal.ch\/c\/#organization"},"potentialAction":[{"@type":"SearchAction","target":{"@type":"EntryPoint","urlTemplate":"https:\/\/www.artisanlocal.ch\/c\/?s={search_term_string}"},"query-input":{"@type":"PropertyValueSpecification","valueRequired":true,"valueName":"search_term_string"}}],"inLanguage":"fr-FR"},{"@type":"Organization","@id":"https:\/\/www.artisanlocal.ch\/c\/#organization","name":"Artisanlocal","url":"https:\/\/www.artisanlocal.ch\/c\/","logo":{"@type":"ImageObject","inLanguage":"fr-FR","@id":"https:\/\/www.artisanlocal.ch\/c\/#\/schema\/logo\/image\/","url":"https:\/\/www.artisanlocal.ch\/c\/wp-content\/uploads\/2024\/02\/logo-artisanlocal-h.svg","contentUrl":"https:\/\/www.artisanlocal.ch\/c\/wp-content\/uploads\/2024\/02\/logo-artisanlocal-h.svg","caption":"Artisanlocal"},"image":{"@id":"https:\/\/www.artisanlocal.ch\/c\/#\/schema\/logo\/image\/"}}]}},"_links":{"self":[{"href":"https:\/\/www.artisanlocal.ch\/c\/wp-json\/wp\/v2\/pages\/2952","targetHints":{"allow":["GET"]}}],"collection":[{"href":"https:\/\/www.artisanlocal.ch\/c\/wp-json\/wp\/v2\/pages"}],"about":[{"href":"https:\/\/www.artisanlocal.ch\/c\/wp-json\/wp\/v2\/types\/page"}],"author":[{"embeddable":true,"href":"https:\/\/www.artisanlocal.ch\/c\/wp-json\/wp\/v2\/users\/4"}],"replies":[{"embeddable":true,"href":"https:\/\/www.artisanlocal.ch\/c\/wp-json\/wp\/v2\/comments?post=2952"}],"version-history":[{"count":0,"href":"https:\/\/www.artisanlocal.ch\/c\/wp-json\/wp\/v2\/pages\/2952\/revisions"}],"wp:featuredmedia":[{"embeddable":true,"href":"https:\/\/www.artisanlocal.ch\/c\/wp-json\/wp\/v2\/media\/2962"}],"wp:attachment":[{"href":"https:\/\/www.artisanlocal.ch\/c\/wp-json\/wp\/v2\/media?parent=2952"}],"wp:term":[{"taxonomy":"profession","embeddable":true,"href":"https:\/\/www.artisanlocal.ch\/c\/wp-json\/wp\/v2\/profession?post=2952"},{"taxonomy":"location","embeddable":true,"href":"https:\/\/www.artisanlocal.ch\/c\/wp-json\/wp\/v2\/location?post=2952"},{"taxonomy":"canton","embeddable":true,"href":"https:\/\/www.artisanlocal.ch\/c\/wp-json\/wp\/v2\/canton?post=2952"}],"curies":[{"name":"wp","href":"https:\/\/api.w.org\/{rel}","templated":true}]}}