{"id":2955,"date":"2024-10-04T08:09:05","date_gmt":"2024-10-04T06:09:05","guid":{"rendered":"https:\/\/www.artisanlocal.ch\/c\/societe-paysagiste-a-sierre\/"},"modified":"2025-08-26T19:25:14","modified_gmt":"2025-08-26T17:25:14","slug":"societe-paysagiste-a-sierre","status":"publish","type":"page","link":"https:\/\/www.artisanlocal.ch\/c\/societe-paysagiste-a-sierre\/","title":{"rendered":"Paysagiste \u00e0 Sierre"},"content":{"rendered":"<p>Besoin d&rsquo;un paysagiste \u00e0 Sierre ? Nos jardiniers interviennent chez les professionnels et particuliers.<br \/>\n\r\n<div class=\"box\">\r\n            <div class=\"company-info\">\r\n            <img decoding=\"async\" class=\"company-info__logo\" src=\"https:\/\/www.artisanlocal.ch\/media\/cache\/thumb\/images\/companies\/harmonie-paysage-sarl.jpg\" alt=\"Logo\">\r\n            <h2 class=\"company-info__name\">Harmonie paysage sarl<\/h2>\r\n            <p class=\"company-info__business\">Paysagistes - Am\u00e9nagements ext\u00e9rieurs - Entretien de jardin<\/p>\r\n        <\/div>\r\n        <div class=\"company-contact\">\r\n            <p class=\"company-info__address\">Rue de Hlobouil 14<\/p>\r\n                            <div class=\"links\">\r\n                                            <a class=\"btn has-accent-background-color js-phoneNumber\" href=\"tel:0791798313\" title=\"Appelez\" data-id=\"15155\" data-type=\"11\">079 179 83 13<\/a>\r\n                                                                <a class=\"btn has-accent-background-color\" href=\"http:\/\/www.harmonie-paysage.ch\/\" target=\"_blank\" title=\"Voir le site internet\" data-id=\"15155\" data-type=\"20\">Site internet<\/a>\r\n                                    <\/div>\r\n                    <\/div>\r\n    \r\n            \r\n<form action=\"https:\/\/www.artisanlocal.ch\/c\/wp-admin\/admin-ajax.php\" method=\"post\" class=\"form-contact\" id=\"artisan_form_contact_company_inline\">\r\n    <div><input type=\"hidden\" name=\"action\" value=\"company_contact\"><\/div>\r\n    <div><input type=\"hidden\" name=\"nonce\" value=\"972bc58192\"><\/div>\r\n    <div><input type=\"hidden\" name=\"company_id\" value=\"15155\"><\/div>\r\n    <div><input type=\"hidden\" name=\"form_id\" value=\"artisan_form_contact_company_inline\"><\/div>\r\n    <div class=\"gglcptch gglcptch_v3 gglcptch_custom\"><input type=\"hidden\" id=\"g-recaptcha-response\" name=\"g-recaptcha-response\" \/><br \/><div class=\"gglcptch_error_text\">La p\u00e9riode de v\u00e9rification reCAPTCHA a expir\u00e9. Veuillez recharger la page.<\/div><\/div>    <div class=\"form-content\">\r\n        <div class=\"form-group\">\r\n            <label for=\"contact_firstName\" class=\"required\">Pr\u00e9nom<\/label>\r\n            <input type=\"text\" name=\"firstName\" class=\"form-control\" required>\r\n        <\/div>\r\n        <div class=\"form-group\">\r\n            <label for=\"contact_lastName\" class=\"required\">Nom<\/label>\r\n            <input type=\"text\" name=\"lastName\" class=\"form-control\" required>\r\n        <\/div>\r\n        <div class=\"form-group\">\r\n            <label for=\"contact_email\" class=\"required\">Email<\/label>\r\n            <input type=\"email\" name=\"email\" class=\"form-control\" required>\r\n        <\/div>\r\n        <div class=\"form-group\">\r\n            <label for=\"contact_phone\" class=\"required\">Num\u00e9ro de t\u00e9l\u00e9phone<\/label>\r\n            <input type=\"tel\" name=\"phone\" class=\"form-control\" placeholder=\"0787117165\" pattern=\"^[0-9]{10}$\" required>\r\n        <\/div>\r\n        <div class=\"form-group\">\r\n            <label for=\"contact_postalCode\" class=\"required\">Code postal et localit\u00e9<\/label>\r\n            <input type=\"text\" name=\"postalCode\" class=\"form-control\" required>\r\n        <\/div>\r\n        <div class=\"form-group\">\r\n            <label for=\"contact_address\" class=\"required\">Adresse<\/label>\r\n            <input type=\"text\" name=\"address\" class=\"form-control\" required>\r\n        <\/div>\r\n        <div class=\"full-width topic\">\r\n            <p class=\"required\">Je souhaite \u00eatre contact\u00e9 pour :<\/p>\r\n            <div class=\"form-check\">\r\n                <input type=\"radio\" name=\"topic\" value=\"D\u00e9pannage\" class=\"form-control\" required>\r\n                <label for=\"d\u00e9pannage\">D\u00e9pannage<\/label>\r\n            <\/div>\r\n            <div class=\"form-check\">\r\n                <input type=\"radio\" name=\"topic\" value=\"Entretien\" class=\"form-control\" required>\r\n                <label for=\"entretien\">Entretien<\/label>\r\n            <\/div>\r\n            <div class=\"form-check\">\r\n                <input type=\"radio\" name=\"topic\" value=\"R\u00e9novation\" class=\"form-control\" required>\r\n                <label for=\"r\u00e9novation\">R\u00e9novation<\/label>\r\n            <\/div>\r\n            <div class=\"form-check\">\r\n                <input type=\"radio\" name=\"topic\" value=\"Autre\" class=\"form-control\" required>\r\n                <label for=\"autre\">Autre<\/label>\r\n            <\/div>\r\n        <\/div>\r\n        <div class=\"form-group full-width\">\r\n            <label for=\"contact_message\">Message<\/label>\r\n            <textarea name=\"message\" rows=\"3\" class=\"form-control\"><\/textarea>\r\n        <\/div>\r\n    <\/div>\r\n    <div class=\"form-actions\">\r\n        <button class=\"wp-block-button__link has-accent-background-color\">Contacter<\/button>\r\n    <\/div>\r\n<\/form>\r\n<div class=\"form-feedback\"><\/div>    <\/div><\/p>\n<h2>Des services sur mesure<\/h2>\n<ul>\n<li>Cr\u00e9ation sur mesure de votre jardin : \u00e0 partir de vos besoins, nous cr\u00e9ons et r\u00e9alisons votre jardin sur mesure.<\/li>\n<li>Entretien de votre espace vert : nous intervenons \u00e0 la prestation ou sous contrat selon vos besoins.<\/li>\n<li>Am\u00e9nagement de votre terrasse : nos paysagistes transforment votre balcon ou votre terrasse en espace vert.<\/li>\n<li>V\u00e9g\u00e9talisation : nous installons espaces verts dans votre soci\u00e9t\u00e9, b\u00e2timent, h\u00f4tel ou centre commercial.<\/li>\n<li>R\u00e9novation des espaces verts : nous r\u00e9alisons la r\u00e9novation de vos espaces verts et jardins pour les b\u00e2timents, maisons et appartements.<\/li>\n<li>Entretien des espaces verts : nous effectuons l&rsquo;entretien des berges, routes, ruelles, parcs et jardins.<\/li>\n<\/ul>\n<h2>Nos prestations en am\u00e9nagement paysager<\/h2>\n<ul>\n<li>Conception de massif de jardin<\/li>\n<li>D\u00e9broussaillage, fauchage<\/li>\n<li>Mise en place de gazon naturel<\/li>\n<li>Plantations et fleurissement<\/li>\n<li>Coupes de rosiers, haies et arbustes<\/li>\n<li>Tonte de gazon<\/li>\n<li>R\u00e9novation de gazon<\/li>\n<li>Am\u00e9nagement, installation de v\u00e9g\u00e9taux<\/li>\n<li>Nivellement de sol<\/li>\n<li>Pr\u00e9paration du terrain<\/li>\n<li>Mise en place de panneaux en bois et de barri\u00e8res<\/li>\n<li>Installation de syst\u00e8mes d&rsquo;arrosage automatique<\/li>\n<li>Mise en place de terrasse en bois<\/li>\n<li>Pose de pav\u00e9s<\/li>\n<li>\u00c9lagage, abattement d&rsquo;arbre<\/li>\n<li>D\u00e9racinement de souches<\/li>\n<li>Broyage et \u00e9limination des d\u00e9chets<\/li>\n<\/ul>\n<h2>Pourquoi choisir Artisanlocal ?<\/h2>\n<p>\u00c0 Sierre, nos paysagistes s&rsquo;engagent \u00e0 respecter l&rsquo;habitat. Nous op\u00e9rons chez les particuliers, les collectivit\u00e9s et les professionnels. Nous utilisons que des produits \u00e9coresponsables. Artisanlocal est situ\u00e9e au c\u0153ur de Sierre. Nos jardiniers attachent une importance particuli\u00e8re \u00e0 votre satisfaction. Nous faisons tout notre possible pour r\u00e9pondre \u00e0 vos attentes d\u00e8s que possible. Notre entreprise propose des tarifs attractifs. Et nos devis sont gratuits.<\/p>\n<h2>Nos jardiniers r\u00e9alisent tous vos travaux d&rsquo;am\u00e9nagement \u00e0 Sierre<\/h2>\n<p>Situ\u00e9e \u00e0 Sierre, Artisanlocal est reconnue dans l\u2019am\u00e9nagement des espaces verts et r\u00e9alise aussi la cr\u00e9ation et l\u2019entretien de vos espaces ext\u00e9rieurs. En passant par nous, vous avez un interlocuteur unique pour vous faire gagner de l&rsquo;argent et du temps.<\/p>\n<h2>Quels sont les types de clients que vous accompagnez ?<\/h2>\n<p>Notre entreprise accompagne :<\/p>\n<ul>\n<li>Les restaurants et caf\u00e9s.<\/li>\n<li>Les h\u00f4tels et chambres d&rsquo;h\u00f4tes.<\/li>\n<li>Les r\u00e9sidences et copropri\u00e9t\u00e9s.<\/li>\n<li>Les propri\u00e9taires.<\/li>\n<li>Les terrains agricoles et ch\u00e2teaux.<\/li>\n<li>Les entreprises.<\/li>\n<\/ul>\n<h2>Paysagistes \u00e0 Sierre et dans les villes proches<\/h2>\n<p>Nous cr\u00e9ons le jardin dont vous r\u00eavez. En fonction de vos attentes et des contraintes de votre terrain, nous ajustons notre prestation. Nous \u00e9tudions en amont votre objectif, et notre \u00e9quipe s&rsquo;occupe de sa r\u00e9alisation de A \u00e0 Z. Notre \u00e9quipe intervient \u00e0 Sierre, mais aussi dans les villes aux proches comme : Argnou (Ayent), Blignou (Ayent), Botyre (Ayent), Fortunau (Ayent), La Place (Ayent), Luc (Ayent), Saxonne (Ayent), Sign\u00e8se (Ayent), St-Romain (Ayent), Villa (Ayent), Anz\u00e8re, Icogne, Lens, Corin-de-la-Cr\u00eate, Loc, Muraz (Sierre), Niouc, Ayer, Chandolin, Grimentz, St-Jean VS, St-Luc, Vissoie, Zinal, Aminona, Crans-Montana, Montana, Chippis, Chalais, R\u00e9chy, Vercorin, Veyras, Chermignon, Chermignon-d'en-Bas, Ollon VS, Mi\u00e8ge, Venth\u00f4ne, Mollens VS, Randogne, Champzab\u00e9, No\u00ebs, Granges VS, Flanthey, Gr\u00f4ne.<\/p>\n","protected":false},"excerpt":{"rendered":"<p>Besoin d&rsquo;un paysagiste \u00e0 Sierre ? Nos jardiniers interviennent chez les professionnels et particuliers. Des services sur mesure Cr\u00e9ation sur mesure de votre jardin : \u00e0 partir de vos besoins, nous cr\u00e9ons et r\u00e9alisons votre jardin sur mesure. Entretien de votre espace vert : nous intervenons \u00e0 la prestation ou sous contrat selon vos besoins. [&hellip;]<\/p>\n","protected":false},"author":4,"featured_media":2962,"parent":0,"menu_order":0,"comment_status":"closed","ping_status":"closed","template":"","meta":{"footnotes":""},"profession":[128],"location":[44],"canton":[110],"class_list":["post-2955","page","type-page","status-publish","has-post-thumbnail","hentry","profession-jardinier-paysagiste","location-sierre","canton-vs"],"yoast_head":"<!-- This site is optimized with the Yoast SEO Premium plugin v25.7.1 (Yoast SEO v27.4) - https:\/\/yoast.com\/product\/yoast-seo-premium-wordpress\/ -->\n<title>Paysagiste \u00e0 Sierre - Artisanlocal<\/title>\n<meta name=\"robots\" content=\"index, follow, max-snippet:-1, max-image-preview:large, max-video-preview:-1\" \/>\n<link rel=\"canonical\" href=\"https:\/\/www.artisanlocal.ch\/c\/societe-paysagiste-a-sierre\/\" \/>\n<meta property=\"og:locale\" content=\"fr_FR\" \/>\n<meta property=\"og:type\" content=\"article\" \/>\n<meta property=\"og:title\" content=\"Paysagiste \u00e0 Sierre\" \/>\n<meta property=\"og:description\" content=\"Besoin d&rsquo;un paysagiste \u00e0 Sierre ? Nos jardiniers interviennent chez les professionnels et particuliers. Des services sur mesure Cr\u00e9ation sur mesure de votre jardin : \u00e0 partir de vos besoins, nous cr\u00e9ons et r\u00e9alisons votre jardin sur mesure. Entretien de votre espace vert : nous intervenons \u00e0 la prestation ou sous contrat selon vos besoins. [&hellip;]\" \/>\n<meta property=\"og:url\" content=\"https:\/\/www.artisanlocal.ch\/c\/societe-paysagiste-a-sierre\/\" \/>\n<meta property=\"og:site_name\" content=\"Artisanlocal\" \/>\n<meta property=\"article:modified_time\" content=\"2025-08-26T17:25:14+00:00\" \/>\n<meta property=\"og:image\" content=\"https:\/\/www.artisanlocal.ch\/c\/wp-content\/uploads\/2024\/11\/paysagiste-jardinier.jpg\" \/>\n\t<meta property=\"og:image:width\" content=\"1920\" \/>\n\t<meta property=\"og:image:height\" content=\"300\" \/>\n\t<meta property=\"og:image:type\" content=\"image\/jpeg\" \/>\n<meta name=\"twitter:card\" content=\"summary_large_image\" \/>\n<meta name=\"twitter:label1\" content=\"Dur\u00e9e de lecture estim\u00e9e\" \/>\n\t<meta name=\"twitter:data1\" content=\"3 minutes\" \/>\n<script type=\"application\/ld+json\" class=\"yoast-schema-graph\">{\"@context\":\"https:\\\/\\\/schema.org\",\"@graph\":[{\"@type\":\"WebPage\",\"@id\":\"https:\\\/\\\/www.artisanlocal.ch\\\/c\\\/societe-paysagiste-a-sierre\\\/\",\"url\":\"https:\\\/\\\/www.artisanlocal.ch\\\/c\\\/societe-paysagiste-a-sierre\\\/\",\"name\":\"Paysagiste \u00e0 Sierre - Artisanlocal\",\"isPartOf\":{\"@id\":\"https:\\\/\\\/www.artisanlocal.ch\\\/c\\\/#website\"},\"primaryImageOfPage\":{\"@id\":\"https:\\\/\\\/www.artisanlocal.ch\\\/c\\\/societe-paysagiste-a-sierre\\\/#primaryimage\"},\"image\":{\"@id\":\"https:\\\/\\\/www.artisanlocal.ch\\\/c\\\/societe-paysagiste-a-sierre\\\/#primaryimage\"},\"thumbnailUrl\":\"https:\\\/\\\/www.artisanlocal.ch\\\/c\\\/wp-content\\\/uploads\\\/2024\\\/11\\\/paysagiste-jardinier.jpg\",\"datePublished\":\"2024-10-04T06:09:05+00:00\",\"dateModified\":\"2025-08-26T17:25:14+00:00\",\"breadcrumb\":{\"@id\":\"https:\\\/\\\/www.artisanlocal.ch\\\/c\\\/societe-paysagiste-a-sierre\\\/#breadcrumb\"},\"inLanguage\":\"fr-FR\",\"potentialAction\":[{\"@type\":\"ReadAction\",\"target\":[\"https:\\\/\\\/www.artisanlocal.ch\\\/c\\\/societe-paysagiste-a-sierre\\\/\"]}]},{\"@type\":\"ImageObject\",\"inLanguage\":\"fr-FR\",\"@id\":\"https:\\\/\\\/www.artisanlocal.ch\\\/c\\\/societe-paysagiste-a-sierre\\\/#primaryimage\",\"url\":\"https:\\\/\\\/www.artisanlocal.ch\\\/c\\\/wp-content\\\/uploads\\\/2024\\\/11\\\/paysagiste-jardinier.jpg\",\"contentUrl\":\"https:\\\/\\\/www.artisanlocal.ch\\\/c\\\/wp-content\\\/uploads\\\/2024\\\/11\\\/paysagiste-jardinier.jpg\",\"width\":1920,\"height\":300},{\"@type\":\"BreadcrumbList\",\"@id\":\"https:\\\/\\\/www.artisanlocal.ch\\\/c\\\/societe-paysagiste-a-sierre\\\/#breadcrumb\",\"itemListElement\":[{\"@type\":\"ListItem\",\"position\":1,\"name\":\"Accueil\",\"item\":\"https:\\\/\\\/www.artisanlocal.ch\\\/c\\\/\"},{\"@type\":\"ListItem\",\"position\":2,\"name\":\"Paysagiste \u00e0 Sierre\"}]},{\"@type\":\"WebSite\",\"@id\":\"https:\\\/\\\/www.artisanlocal.ch\\\/c\\\/#website\",\"url\":\"https:\\\/\\\/www.artisanlocal.ch\\\/c\\\/\",\"name\":\"Artisanlocal\",\"description\":\"\",\"publisher\":{\"@id\":\"https:\\\/\\\/www.artisanlocal.ch\\\/c\\\/#organization\"},\"potentialAction\":[{\"@type\":\"SearchAction\",\"target\":{\"@type\":\"EntryPoint\",\"urlTemplate\":\"https:\\\/\\\/www.artisanlocal.ch\\\/c\\\/?s={search_term_string}\"},\"query-input\":{\"@type\":\"PropertyValueSpecification\",\"valueRequired\":true,\"valueName\":\"search_term_string\"}}],\"inLanguage\":\"fr-FR\"},{\"@type\":\"Organization\",\"@id\":\"https:\\\/\\\/www.artisanlocal.ch\\\/c\\\/#organization\",\"name\":\"Artisanlocal\",\"url\":\"https:\\\/\\\/www.artisanlocal.ch\\\/c\\\/\",\"logo\":{\"@type\":\"ImageObject\",\"inLanguage\":\"fr-FR\",\"@id\":\"https:\\\/\\\/www.artisanlocal.ch\\\/c\\\/#\\\/schema\\\/logo\\\/image\\\/\",\"url\":\"https:\\\/\\\/www.artisanlocal.ch\\\/c\\\/wp-content\\\/uploads\\\/2024\\\/02\\\/logo-artisanlocal-h.svg\",\"contentUrl\":\"https:\\\/\\\/www.artisanlocal.ch\\\/c\\\/wp-content\\\/uploads\\\/2024\\\/02\\\/logo-artisanlocal-h.svg\",\"caption\":\"Artisanlocal\"},\"image\":{\"@id\":\"https:\\\/\\\/www.artisanlocal.ch\\\/c\\\/#\\\/schema\\\/logo\\\/image\\\/\"}}]}<\/script>\n<!-- \/ Yoast SEO Premium plugin. -->","yoast_head_json":{"title":"Paysagiste \u00e0 Sierre - Artisanlocal","robots":{"index":"index","follow":"follow","max-snippet":"max-snippet:-1","max-image-preview":"max-image-preview:large","max-video-preview":"max-video-preview:-1"},"canonical":"https:\/\/www.artisanlocal.ch\/c\/societe-paysagiste-a-sierre\/","og_locale":"fr_FR","og_type":"article","og_title":"Paysagiste \u00e0 Sierre","og_description":"Besoin d&rsquo;un paysagiste \u00e0 Sierre ? Nos jardiniers interviennent chez les professionnels et particuliers. Des services sur mesure Cr\u00e9ation sur mesure de votre jardin : \u00e0 partir de vos besoins, nous cr\u00e9ons et r\u00e9alisons votre jardin sur mesure. Entretien de votre espace vert : nous intervenons \u00e0 la prestation ou sous contrat selon vos besoins. [&hellip;]","og_url":"https:\/\/www.artisanlocal.ch\/c\/societe-paysagiste-a-sierre\/","og_site_name":"Artisanlocal","article_modified_time":"2025-08-26T17:25:14+00:00","og_image":[{"width":1920,"height":300,"url":"https:\/\/www.artisanlocal.ch\/c\/wp-content\/uploads\/2024\/11\/paysagiste-jardinier.jpg","type":"image\/jpeg"}],"twitter_card":"summary_large_image","twitter_misc":{"Dur\u00e9e de lecture estim\u00e9e":"3 minutes"},"schema":{"@context":"https:\/\/schema.org","@graph":[{"@type":"WebPage","@id":"https:\/\/www.artisanlocal.ch\/c\/societe-paysagiste-a-sierre\/","url":"https:\/\/www.artisanlocal.ch\/c\/societe-paysagiste-a-sierre\/","name":"Paysagiste \u00e0 Sierre - Artisanlocal","isPartOf":{"@id":"https:\/\/www.artisanlocal.ch\/c\/#website"},"primaryImageOfPage":{"@id":"https:\/\/www.artisanlocal.ch\/c\/societe-paysagiste-a-sierre\/#primaryimage"},"image":{"@id":"https:\/\/www.artisanlocal.ch\/c\/societe-paysagiste-a-sierre\/#primaryimage"},"thumbnailUrl":"https:\/\/www.artisanlocal.ch\/c\/wp-content\/uploads\/2024\/11\/paysagiste-jardinier.jpg","datePublished":"2024-10-04T06:09:05+00:00","dateModified":"2025-08-26T17:25:14+00:00","breadcrumb":{"@id":"https:\/\/www.artisanlocal.ch\/c\/societe-paysagiste-a-sierre\/#breadcrumb"},"inLanguage":"fr-FR","potentialAction":[{"@type":"ReadAction","target":["https:\/\/www.artisanlocal.ch\/c\/societe-paysagiste-a-sierre\/"]}]},{"@type":"ImageObject","inLanguage":"fr-FR","@id":"https:\/\/www.artisanlocal.ch\/c\/societe-paysagiste-a-sierre\/#primaryimage","url":"https:\/\/www.artisanlocal.ch\/c\/wp-content\/uploads\/2024\/11\/paysagiste-jardinier.jpg","contentUrl":"https:\/\/www.artisanlocal.ch\/c\/wp-content\/uploads\/2024\/11\/paysagiste-jardinier.jpg","width":1920,"height":300},{"@type":"BreadcrumbList","@id":"https:\/\/www.artisanlocal.ch\/c\/societe-paysagiste-a-sierre\/#breadcrumb","itemListElement":[{"@type":"ListItem","position":1,"name":"Accueil","item":"https:\/\/www.artisanlocal.ch\/c\/"},{"@type":"ListItem","position":2,"name":"Paysagiste \u00e0 Sierre"}]},{"@type":"WebSite","@id":"https:\/\/www.artisanlocal.ch\/c\/#website","url":"https:\/\/www.artisanlocal.ch\/c\/","name":"Artisanlocal","description":"","publisher":{"@id":"https:\/\/www.artisanlocal.ch\/c\/#organization"},"potentialAction":[{"@type":"SearchAction","target":{"@type":"EntryPoint","urlTemplate":"https:\/\/www.artisanlocal.ch\/c\/?s={search_term_string}"},"query-input":{"@type":"PropertyValueSpecification","valueRequired":true,"valueName":"search_term_string"}}],"inLanguage":"fr-FR"},{"@type":"Organization","@id":"https:\/\/www.artisanlocal.ch\/c\/#organization","name":"Artisanlocal","url":"https:\/\/www.artisanlocal.ch\/c\/","logo":{"@type":"ImageObject","inLanguage":"fr-FR","@id":"https:\/\/www.artisanlocal.ch\/c\/#\/schema\/logo\/image\/","url":"https:\/\/www.artisanlocal.ch\/c\/wp-content\/uploads\/2024\/02\/logo-artisanlocal-h.svg","contentUrl":"https:\/\/www.artisanlocal.ch\/c\/wp-content\/uploads\/2024\/02\/logo-artisanlocal-h.svg","caption":"Artisanlocal"},"image":{"@id":"https:\/\/www.artisanlocal.ch\/c\/#\/schema\/logo\/image\/"}}]}},"_links":{"self":[{"href":"https:\/\/www.artisanlocal.ch\/c\/wp-json\/wp\/v2\/pages\/2955","targetHints":{"allow":["GET"]}}],"collection":[{"href":"https:\/\/www.artisanlocal.ch\/c\/wp-json\/wp\/v2\/pages"}],"about":[{"href":"https:\/\/www.artisanlocal.ch\/c\/wp-json\/wp\/v2\/types\/page"}],"author":[{"embeddable":true,"href":"https:\/\/www.artisanlocal.ch\/c\/wp-json\/wp\/v2\/users\/4"}],"replies":[{"embeddable":true,"href":"https:\/\/www.artisanlocal.ch\/c\/wp-json\/wp\/v2\/comments?post=2955"}],"version-history":[{"count":0,"href":"https:\/\/www.artisanlocal.ch\/c\/wp-json\/wp\/v2\/pages\/2955\/revisions"}],"wp:featuredmedia":[{"embeddable":true,"href":"https:\/\/www.artisanlocal.ch\/c\/wp-json\/wp\/v2\/media\/2962"}],"wp:attachment":[{"href":"https:\/\/www.artisanlocal.ch\/c\/wp-json\/wp\/v2\/media?parent=2955"}],"wp:term":[{"taxonomy":"profession","embeddable":true,"href":"https:\/\/www.artisanlocal.ch\/c\/wp-json\/wp\/v2\/profession?post=2955"},{"taxonomy":"location","embeddable":true,"href":"https:\/\/www.artisanlocal.ch\/c\/wp-json\/wp\/v2\/location?post=2955"},{"taxonomy":"canton","embeddable":true,"href":"https:\/\/www.artisanlocal.ch\/c\/wp-json\/wp\/v2\/canton?post=2955"}],"curies":[{"name":"wp","href":"https:\/\/api.w.org\/{rel}","templated":true}]}}