{"id":2957,"date":"2024-10-02T04:45:43","date_gmt":"2024-10-02T02:45:43","guid":{"rendered":"https:\/\/www.artisanlocal.ch\/c\/paysagiste-dans-le-canton-du-jura\/"},"modified":"2025-11-06T12:39:40","modified_gmt":"2025-11-06T11:39:40","slug":"paysagiste-dans-le-canton-du-jura","status":"publish","type":"page","link":"https:\/\/www.artisanlocal.ch\/c\/paysagiste-dans-le-canton-du-jura\/","title":{"rendered":"Paysagiste dans le canton du Jura"},"content":{"rendered":"<p>Artisanlocal cr\u00e9e, am\u00e9nage et entretien votre jardin. Notre \u00e9quipe de jardiniers intervient dans le canton du Jura aupr\u00e8s des particuliers, copropri\u00e9t\u00e9s et professionnels. Nos jardiniers restent attentifs pour vous proposer des solutions adapt\u00e9es, et tout en prot\u00e9geant l&rsquo;environnement.<\/p>\n<h2>Services de jardinage pour les Jura<\/h2>\n<ul>\n<li>Conception et agencement de votre jardin : en fonction de votre envie, nous concevons et effectuons votre projet d&rsquo;am\u00e9nagement paysager.<\/li>\n<li>Service d&rsquo;entretien pour vos espaces verts : nous op\u00e9rons \u00e0 la prestation ou sous contrat par rapport \u00e0 vos attentes.<\/li>\n<li> Am\u00e9nagement d&rsquo;espace vert sur votre balcon ou terrasse : nos jardiniers transforment votre balcon ou votre terrasse en y construisant un espace vert.<\/li>\n<li> Conception-r\u00e9alisation d&rsquo;espaces verts : nous introduisons de la verdure dans votre soci\u00e9t\u00e9, immeuble, h\u00f4tel ou centre commercial. R\u00e9novation et modernisation des terrains et espaces verts : nous r\u00e9alisons la r\u00e9novation et de vos jardins pour les immeubles, maisons et studios.<\/li>\n<li> Maintenance et entretien des espaces urbains : nous effectuons l&rsquo;entretien des jardins, parcs, berges, rues et routes.<\/li>\n<\/ul>\n<h2>Nos prestations pour l&rsquo;am\u00e9nagement de votre espace vert<\/h2>\n<ul>\n<li>\u00c9lagage, abattage d&rsquo;arbre<\/li>\n<li>Broyage et \u00e9limination des d\u00e9chets<\/li>\n<li>D\u00e9frichement, fauchage<\/li>\n<li>Am\u00e9nagement, v\u00e9g\u00e9talisation<\/li>\n<li>Conception de massif <\/li>\n<li>Pose de gazon naturel<\/li>\n<li>Plantations et fleurissement<\/li>\n<li>Installation de panneaux et de cl\u00f4tures<\/li>\n<li>Coupe du gazon<\/li>\n<li>Tailles de haies, arbustes et rosiers<\/li>\n<li>Mise en place de l&rsquo;arrosage <\/li>\n<li>Restauration de pelouse<\/li>\n<li>D\u00e9racinement de racines<\/li>\n<li>Nivellement de terrain<\/li>\n<li>Pr\u00e9paration du terrain<\/li>\n<li>Installation de terrasse en bois<\/li>\n<li>Installation de pav\u00e9s<\/li>\n<\/ul>\n<h2>Pourquoi choisir Artisanlocal ?<\/h2>\n<p>Dans le canton du Jura, nos paysagistes s&rsquo;engagent \u00e0 respecter l&rsquo;habitat. Nous travaillons avec les propri\u00e9taires, les collectivit\u00e9s et les professionnels. Les produits que nos jardiniers utilisent sont \u00e9coresponsables. Artisanlocal est situ\u00e9 au c\u0153ur de canton du Jura. Les paysagistes qui interviennent chez vous veillent \u00e0 votre satisfaction. Nous faisons tout notre possible pour r\u00e9pondre \u00e0 vos demandes d\u00e8s que possible. Nos tarifs sont attractifs. L&rsquo;estimation de vos travaux est gratuite.<\/p>\n<h2>Nos jardiniers paysagistes effectuent tous vos travaux d&rsquo;am\u00e9nagement dans le canton du Jura<\/h2>\n<p>Artisanlocal est une soci\u00e9t\u00e9 experte dans l\u2019am\u00e9nagement paysager dans le canton du Jura et qui r\u00e9alisent l\u2019entretien et la cr\u00e9ation de vos jardins. Avec notre soci\u00e9t\u00e9, vous n\u2019avez qu\u2019un seul interlocuteur, vous permettant ainsi de gagner du temps et de l&rsquo;argent.<\/p>\n<h2>Quels types de clients accompagnez-vous ?<\/h2>\n<p>Nous accompagnons:<\/p>\n<ul>\n<li>Les bars et les restaurants.<\/li>\n<li>Les h\u00f4tels et chambres d&rsquo;h\u00f4tes.<\/li>\n<li> Les maisons et copropri\u00e9t\u00e9s.<\/li>\n<li> Les propri\u00e9taires.<\/li>\n<li> Les ch\u00e2teaux et domaines agricoles. <\/li>\n<li>Les entreprises.<\/li>\n<\/ul>\n<h2>Jardiniers paysagistes dans le canton du Jura et dans les villes aux alentours<\/h2>\n<p>Nous cr\u00e9ons votre espace vert. En fonction des contraintes de votre terrain et de vos objectifs, de votre espace vert, nous adaptons notre prestation. Nous analysons en premier lieu votre objectif, et notre \u00e9quipe s&rsquo;occupe de sa r\u00e9alisation. Nos paysagistes op\u00e8rent dans le canton du Jura, et aussi dans les communes \u00e0 proximit\u00e9, telles que :&nbsp;<\/p>\n","protected":false},"excerpt":{"rendered":"<p>Artisanlocal cr\u00e9e, am\u00e9nage et entretien votre jardin. Notre \u00e9quipe de jardiniers intervient dans le canton du Jura aupr\u00e8s des particuliers, copropri\u00e9t\u00e9s et professionnels. Nos jardiniers restent attentifs pour vous proposer des solutions adapt\u00e9es, et tout en prot\u00e9geant l&rsquo;environnement. Services de jardinage pour les Jura Conception et agencement de votre jardin : en fonction de votre [&hellip;]<\/p>\n","protected":false},"author":4,"featured_media":2962,"parent":0,"menu_order":0,"comment_status":"closed","ping_status":"closed","template":"wp-custom-template-page-canton","meta":{"footnotes":""},"profession":[128],"location":[],"canton":[111],"class_list":["post-2957","page","type-page","status-publish","has-post-thumbnail","hentry","profession-jardinier-paysagiste","canton-ju"],"yoast_head":"<!-- This site is optimized with the Yoast SEO Premium plugin v25.7.1 (Yoast SEO v27.3) - https:\/\/yoast.com\/product\/yoast-seo-premium-wordpress\/ -->\n<title>Paysagiste dans le canton du Jura - Artisanlocal<\/title>\n<meta name=\"robots\" content=\"index, follow, max-snippet:-1, max-image-preview:large, max-video-preview:-1\" \/>\n<link rel=\"canonical\" href=\"https:\/\/www.artisanlocal.ch\/c\/paysagiste-dans-le-canton-du-jura\/\" \/>\n<meta property=\"og:locale\" content=\"fr_FR\" \/>\n<meta property=\"og:type\" content=\"article\" \/>\n<meta property=\"og:title\" content=\"Paysagiste dans le canton du Jura\" \/>\n<meta property=\"og:description\" content=\"Artisanlocal cr\u00e9e, am\u00e9nage et entretien votre jardin. Notre \u00e9quipe de jardiniers intervient dans le canton du Jura aupr\u00e8s des particuliers, copropri\u00e9t\u00e9s et professionnels. Nos jardiniers restent attentifs pour vous proposer des solutions adapt\u00e9es, et tout en prot\u00e9geant l&rsquo;environnement. Services de jardinage pour les Jura Conception et agencement de votre jardin : en fonction de votre [&hellip;]\" \/>\n<meta property=\"og:url\" content=\"https:\/\/www.artisanlocal.ch\/c\/paysagiste-dans-le-canton-du-jura\/\" \/>\n<meta property=\"og:site_name\" content=\"Artisanlocal\" \/>\n<meta property=\"article:modified_time\" content=\"2025-11-06T11:39:40+00:00\" \/>\n<meta property=\"og:image\" content=\"https:\/\/www.artisanlocal.ch\/c\/wp-content\/uploads\/2024\/11\/paysagiste-jardinier.jpg\" \/>\n\t<meta property=\"og:image:width\" content=\"1920\" \/>\n\t<meta property=\"og:image:height\" content=\"300\" \/>\n\t<meta property=\"og:image:type\" content=\"image\/jpeg\" \/>\n<meta name=\"twitter:card\" content=\"summary_large_image\" \/>\n<meta name=\"twitter:label1\" content=\"Dur\u00e9e de lecture estim\u00e9e\" \/>\n\t<meta name=\"twitter:data1\" content=\"2 minutes\" \/>\n<script type=\"application\/ld+json\" class=\"yoast-schema-graph\">{\"@context\":\"https:\\\/\\\/schema.org\",\"@graph\":[{\"@type\":\"WebPage\",\"@id\":\"https:\\\/\\\/www.artisanlocal.ch\\\/c\\\/paysagiste-dans-le-canton-du-jura\\\/\",\"url\":\"https:\\\/\\\/www.artisanlocal.ch\\\/c\\\/paysagiste-dans-le-canton-du-jura\\\/\",\"name\":\"Paysagiste dans le canton du Jura - Artisanlocal\",\"isPartOf\":{\"@id\":\"https:\\\/\\\/www.artisanlocal.ch\\\/c\\\/#website\"},\"primaryImageOfPage\":{\"@id\":\"https:\\\/\\\/www.artisanlocal.ch\\\/c\\\/paysagiste-dans-le-canton-du-jura\\\/#primaryimage\"},\"image\":{\"@id\":\"https:\\\/\\\/www.artisanlocal.ch\\\/c\\\/paysagiste-dans-le-canton-du-jura\\\/#primaryimage\"},\"thumbnailUrl\":\"https:\\\/\\\/www.artisanlocal.ch\\\/c\\\/wp-content\\\/uploads\\\/2024\\\/11\\\/paysagiste-jardinier.jpg\",\"datePublished\":\"2024-10-02T02:45:43+00:00\",\"dateModified\":\"2025-11-06T11:39:40+00:00\",\"breadcrumb\":{\"@id\":\"https:\\\/\\\/www.artisanlocal.ch\\\/c\\\/paysagiste-dans-le-canton-du-jura\\\/#breadcrumb\"},\"inLanguage\":\"fr-FR\",\"potentialAction\":[{\"@type\":\"ReadAction\",\"target\":[\"https:\\\/\\\/www.artisanlocal.ch\\\/c\\\/paysagiste-dans-le-canton-du-jura\\\/\"]}]},{\"@type\":\"ImageObject\",\"inLanguage\":\"fr-FR\",\"@id\":\"https:\\\/\\\/www.artisanlocal.ch\\\/c\\\/paysagiste-dans-le-canton-du-jura\\\/#primaryimage\",\"url\":\"https:\\\/\\\/www.artisanlocal.ch\\\/c\\\/wp-content\\\/uploads\\\/2024\\\/11\\\/paysagiste-jardinier.jpg\",\"contentUrl\":\"https:\\\/\\\/www.artisanlocal.ch\\\/c\\\/wp-content\\\/uploads\\\/2024\\\/11\\\/paysagiste-jardinier.jpg\",\"width\":1920,\"height\":300},{\"@type\":\"BreadcrumbList\",\"@id\":\"https:\\\/\\\/www.artisanlocal.ch\\\/c\\\/paysagiste-dans-le-canton-du-jura\\\/#breadcrumb\",\"itemListElement\":[{\"@type\":\"ListItem\",\"position\":1,\"name\":\"Accueil\",\"item\":\"https:\\\/\\\/www.artisanlocal.ch\\\/c\\\/\"},{\"@type\":\"ListItem\",\"position\":2,\"name\":\"Paysagiste dans le canton du Jura\"}]},{\"@type\":\"WebSite\",\"@id\":\"https:\\\/\\\/www.artisanlocal.ch\\\/c\\\/#website\",\"url\":\"https:\\\/\\\/www.artisanlocal.ch\\\/c\\\/\",\"name\":\"Artisanlocal\",\"description\":\"\",\"publisher\":{\"@id\":\"https:\\\/\\\/www.artisanlocal.ch\\\/c\\\/#organization\"},\"potentialAction\":[{\"@type\":\"SearchAction\",\"target\":{\"@type\":\"EntryPoint\",\"urlTemplate\":\"https:\\\/\\\/www.artisanlocal.ch\\\/c\\\/?s={search_term_string}\"},\"query-input\":{\"@type\":\"PropertyValueSpecification\",\"valueRequired\":true,\"valueName\":\"search_term_string\"}}],\"inLanguage\":\"fr-FR\"},{\"@type\":\"Organization\",\"@id\":\"https:\\\/\\\/www.artisanlocal.ch\\\/c\\\/#organization\",\"name\":\"Artisanlocal\",\"url\":\"https:\\\/\\\/www.artisanlocal.ch\\\/c\\\/\",\"logo\":{\"@type\":\"ImageObject\",\"inLanguage\":\"fr-FR\",\"@id\":\"https:\\\/\\\/www.artisanlocal.ch\\\/c\\\/#\\\/schema\\\/logo\\\/image\\\/\",\"url\":\"https:\\\/\\\/www.artisanlocal.ch\\\/c\\\/wp-content\\\/uploads\\\/2024\\\/02\\\/logo-artisanlocal-h.svg\",\"contentUrl\":\"https:\\\/\\\/www.artisanlocal.ch\\\/c\\\/wp-content\\\/uploads\\\/2024\\\/02\\\/logo-artisanlocal-h.svg\",\"caption\":\"Artisanlocal\"},\"image\":{\"@id\":\"https:\\\/\\\/www.artisanlocal.ch\\\/c\\\/#\\\/schema\\\/logo\\\/image\\\/\"}}]}<\/script>\n<!-- \/ Yoast SEO Premium plugin. -->","yoast_head_json":{"title":"Paysagiste dans le canton du Jura - Artisanlocal","robots":{"index":"index","follow":"follow","max-snippet":"max-snippet:-1","max-image-preview":"max-image-preview:large","max-video-preview":"max-video-preview:-1"},"canonical":"https:\/\/www.artisanlocal.ch\/c\/paysagiste-dans-le-canton-du-jura\/","og_locale":"fr_FR","og_type":"article","og_title":"Paysagiste dans le canton du Jura","og_description":"Artisanlocal cr\u00e9e, am\u00e9nage et entretien votre jardin. Notre \u00e9quipe de jardiniers intervient dans le canton du Jura aupr\u00e8s des particuliers, copropri\u00e9t\u00e9s et professionnels. Nos jardiniers restent attentifs pour vous proposer des solutions adapt\u00e9es, et tout en prot\u00e9geant l&rsquo;environnement. Services de jardinage pour les Jura Conception et agencement de votre jardin : en fonction de votre [&hellip;]","og_url":"https:\/\/www.artisanlocal.ch\/c\/paysagiste-dans-le-canton-du-jura\/","og_site_name":"Artisanlocal","article_modified_time":"2025-11-06T11:39:40+00:00","og_image":[{"width":1920,"height":300,"url":"https:\/\/www.artisanlocal.ch\/c\/wp-content\/uploads\/2024\/11\/paysagiste-jardinier.jpg","type":"image\/jpeg"}],"twitter_card":"summary_large_image","twitter_misc":{"Dur\u00e9e de lecture estim\u00e9e":"2 minutes"},"schema":{"@context":"https:\/\/schema.org","@graph":[{"@type":"WebPage","@id":"https:\/\/www.artisanlocal.ch\/c\/paysagiste-dans-le-canton-du-jura\/","url":"https:\/\/www.artisanlocal.ch\/c\/paysagiste-dans-le-canton-du-jura\/","name":"Paysagiste dans le canton du Jura - Artisanlocal","isPartOf":{"@id":"https:\/\/www.artisanlocal.ch\/c\/#website"},"primaryImageOfPage":{"@id":"https:\/\/www.artisanlocal.ch\/c\/paysagiste-dans-le-canton-du-jura\/#primaryimage"},"image":{"@id":"https:\/\/www.artisanlocal.ch\/c\/paysagiste-dans-le-canton-du-jura\/#primaryimage"},"thumbnailUrl":"https:\/\/www.artisanlocal.ch\/c\/wp-content\/uploads\/2024\/11\/paysagiste-jardinier.jpg","datePublished":"2024-10-02T02:45:43+00:00","dateModified":"2025-11-06T11:39:40+00:00","breadcrumb":{"@id":"https:\/\/www.artisanlocal.ch\/c\/paysagiste-dans-le-canton-du-jura\/#breadcrumb"},"inLanguage":"fr-FR","potentialAction":[{"@type":"ReadAction","target":["https:\/\/www.artisanlocal.ch\/c\/paysagiste-dans-le-canton-du-jura\/"]}]},{"@type":"ImageObject","inLanguage":"fr-FR","@id":"https:\/\/www.artisanlocal.ch\/c\/paysagiste-dans-le-canton-du-jura\/#primaryimage","url":"https:\/\/www.artisanlocal.ch\/c\/wp-content\/uploads\/2024\/11\/paysagiste-jardinier.jpg","contentUrl":"https:\/\/www.artisanlocal.ch\/c\/wp-content\/uploads\/2024\/11\/paysagiste-jardinier.jpg","width":1920,"height":300},{"@type":"BreadcrumbList","@id":"https:\/\/www.artisanlocal.ch\/c\/paysagiste-dans-le-canton-du-jura\/#breadcrumb","itemListElement":[{"@type":"ListItem","position":1,"name":"Accueil","item":"https:\/\/www.artisanlocal.ch\/c\/"},{"@type":"ListItem","position":2,"name":"Paysagiste dans le canton du Jura"}]},{"@type":"WebSite","@id":"https:\/\/www.artisanlocal.ch\/c\/#website","url":"https:\/\/www.artisanlocal.ch\/c\/","name":"Artisanlocal","description":"","publisher":{"@id":"https:\/\/www.artisanlocal.ch\/c\/#organization"},"potentialAction":[{"@type":"SearchAction","target":{"@type":"EntryPoint","urlTemplate":"https:\/\/www.artisanlocal.ch\/c\/?s={search_term_string}"},"query-input":{"@type":"PropertyValueSpecification","valueRequired":true,"valueName":"search_term_string"}}],"inLanguage":"fr-FR"},{"@type":"Organization","@id":"https:\/\/www.artisanlocal.ch\/c\/#organization","name":"Artisanlocal","url":"https:\/\/www.artisanlocal.ch\/c\/","logo":{"@type":"ImageObject","inLanguage":"fr-FR","@id":"https:\/\/www.artisanlocal.ch\/c\/#\/schema\/logo\/image\/","url":"https:\/\/www.artisanlocal.ch\/c\/wp-content\/uploads\/2024\/02\/logo-artisanlocal-h.svg","contentUrl":"https:\/\/www.artisanlocal.ch\/c\/wp-content\/uploads\/2024\/02\/logo-artisanlocal-h.svg","caption":"Artisanlocal"},"image":{"@id":"https:\/\/www.artisanlocal.ch\/c\/#\/schema\/logo\/image\/"}}]}},"_links":{"self":[{"href":"https:\/\/www.artisanlocal.ch\/c\/wp-json\/wp\/v2\/pages\/2957","targetHints":{"allow":["GET"]}}],"collection":[{"href":"https:\/\/www.artisanlocal.ch\/c\/wp-json\/wp\/v2\/pages"}],"about":[{"href":"https:\/\/www.artisanlocal.ch\/c\/wp-json\/wp\/v2\/types\/page"}],"author":[{"embeddable":true,"href":"https:\/\/www.artisanlocal.ch\/c\/wp-json\/wp\/v2\/users\/4"}],"replies":[{"embeddable":true,"href":"https:\/\/www.artisanlocal.ch\/c\/wp-json\/wp\/v2\/comments?post=2957"}],"version-history":[{"count":0,"href":"https:\/\/www.artisanlocal.ch\/c\/wp-json\/wp\/v2\/pages\/2957\/revisions"}],"wp:featuredmedia":[{"embeddable":true,"href":"https:\/\/www.artisanlocal.ch\/c\/wp-json\/wp\/v2\/media\/2962"}],"wp:attachment":[{"href":"https:\/\/www.artisanlocal.ch\/c\/wp-json\/wp\/v2\/media?parent=2957"}],"wp:term":[{"taxonomy":"profession","embeddable":true,"href":"https:\/\/www.artisanlocal.ch\/c\/wp-json\/wp\/v2\/profession?post=2957"},{"taxonomy":"location","embeddable":true,"href":"https:\/\/www.artisanlocal.ch\/c\/wp-json\/wp\/v2\/location?post=2957"},{"taxonomy":"canton","embeddable":true,"href":"https:\/\/www.artisanlocal.ch\/c\/wp-json\/wp\/v2\/canton?post=2957"}],"curies":[{"name":"wp","href":"https:\/\/api.w.org\/{rel}","templated":true}]}}