{"id":2960,"date":"2024-10-01T21:23:29","date_gmt":"2024-10-01T19:23:29","guid":{"rendered":"https:\/\/www.artisanlocal.ch\/c\/entreprise-paysagiste-dans-le-canton-de-vaud\/"},"modified":"2025-11-06T12:39:35","modified_gmt":"2025-11-06T11:39:35","slug":"entreprise-paysagiste-dans-le-canton-de-vaud","status":"publish","type":"page","link":"https:\/\/www.artisanlocal.ch\/c\/entreprise-paysagiste-dans-le-canton-de-vaud\/","title":{"rendered":"Entreprise Paysagiste dans le canton de Vaud"},"content":{"rendered":"<p>Artisanlocal effectue la conception, l&rsquo;agencement et l&rsquo;entretien de vos ext\u00e9rieurs. Dans le canton de Vaud, nos jardiniers interviennent chez les particuliers, les copropri\u00e9t\u00e9s et les professionnels. Nos \u00e9quipes pr\u00eatent attention \u00e0 vos besoins et vous proposent des travaux adapt\u00e9s tout en pr\u00e9servant l&rsquo;environnement.<\/p>\n<h2>Des services sur mesure<\/h2>\n<ul>\n<li>Am\u00e9nagement et conception de votre jardin : nous r\u00e9alisons la cr\u00e9ation et l&rsquo;am\u00e9nagement de votre jardin en fonction de vos attentes.<\/li>\n<li>Maintenance de votre jardin : en fonction de vos attentes, nous op\u00e9rons sous contrat ou \u00e0 la prestation.<\/li>\n<li> Am\u00e9nagement de jardin sur votre balcon ou terrasse : nos jardiniers transforment votre terrasse ou votre balcon en y construisant un espace vert.<\/li>\n<li> Cr\u00e9ation et am\u00e9nagement d&rsquo;espaces verts : nous introduisons de la verdure dans votre entreprise, b\u00e2timent, restaurant ou centre commercial. R\u00e9habilitation et r\u00e9novation des espaces verts : nous r\u00e9alisons la restauration et de vos jardins pour les immeubles, maisons et studios.<\/li>\n<li> Maintenance et entretien des zones vertes en ville : nous r\u00e9alisons l&rsquo;entretien des jardins, parcs, berges, rues et routes.<\/li>\n<\/ul>\n<h2>Nos services en am\u00e9nagement paysager<\/h2>\n<ul>\n<li>\u00c9lagage, enl\u00e8vement d&rsquo;arbre<\/li>\n<li>Broyage et \u00e9vacuation des d\u00e9bris<\/li>\n<li>D\u00e9frichement, fauchage<\/li>\n<li>Agencement, installation de v\u00e9g\u00e9taux<\/li>\n<li>Cr\u00e9ation de massif de jardin<\/li>\n<li>Installation de gazon <\/li>\n<li>Plantations et fleurissement<\/li>\n<li>Installation de panneaux et de barri\u00e8res<\/li>\n<li>Tonte de gazon<\/li>\n<li>Tailles de rosiers, haies et arbustes<\/li>\n<li>Installation de l&rsquo;arrosage <\/li>\n<li>Restauration de pelouse<\/li>\n<li>D\u00e9racinement de racines<\/li>\n<li>Aplanissement de terrain<\/li>\n<li>Terrassement<\/li>\n<li>Pose de terrasse en bois<\/li>\n<li>Installation de pav\u00e9s<\/li>\n<\/ul>\n<h2>Pourquoi s\u00e9lectionner Artisanlocal ?<\/h2>\n<p>Dans le canton de Vaud, nos paysagistes s&rsquo;engagent \u00e0 respecter l&rsquo;habitat. Nous op\u00e9rons chez les particuliers, les collectivit\u00e9s et les professionnels. Nous employons que des produits \u00e9coresponsables. Artisanlocal est situ\u00e9 au centre de canton de Vaud. Nos paysagistes sont qualifi\u00e9es et attachent une importance particuli\u00e8re \u00e0 votre satisfaction. Nous nous effor\u00e7ons de r\u00e9pondre \u00e0 vos attentes dans les meilleurs d\u00e9lais. Nous avons des prix comp\u00e9titifs. Nos devis sont offerts.<\/p>\n<h2>Nos paysagistes r\u00e9alisent tous vos travaux dans le canton de Vaud<\/h2>\n<p>Situ\u00e9e dans le centre de canton de Vaud, Artisanlocal est sp\u00e9cialis\u00e9e dans l\u2019am\u00e9nagement de jardin et prend en charge la cr\u00e9ation et l\u2019entretien de vos ext\u00e9rieurs. Avec notre entreprise, vous n\u2019avez qu\u2019un seul interlocuteur, vous permettant ainsi de gagner de l&rsquo;argent et du temps.<\/p>\n<h2>Quels types de clients accompagnez-vous ?<\/h2>\n<p>Nous accompagnons:<\/p>\n<ul>\n<li>Les \u00e9tablissements et bars.<\/li>\n<li>Les chambres d&rsquo;h\u00f4tes et \u00e9tablissements h\u00f4teliers.<\/li>\n<li> Les copropri\u00e9t\u00e9s et maisons.<\/li>\n<li> Les propri\u00e9taires.<\/li>\n<li> Les ch\u00e2teaux et domaines agricoles. <\/li>\n<li>Les soci\u00e9t\u00e9s.<\/li>\n<\/ul>\n<h2>Cr\u00e9ateurs d&rsquo;espaces verts dans le canton de Vaud et dans les localit\u00e9s proches<\/h2>\n<p>Nous cr\u00e9ons le jardin dont vous r\u00eavez. Nous nous adaptons au type de votre terrain et des contraintes (comme la caract\u00e9ristique du terrain). Nous examinons en premier lieu votre projet, et nous nous occupons de sa r\u00e9alisation. Notre \u00e9quipe op\u00e8re dans le canton de Vaud, mais \u00e9galement dans les communes proches comme :&nbsp;<\/p>\n","protected":false},"excerpt":{"rendered":"<p>Artisanlocal effectue la conception, l&rsquo;agencement et l&rsquo;entretien de vos ext\u00e9rieurs. Dans le canton de Vaud, nos jardiniers interviennent chez les particuliers, les copropri\u00e9t\u00e9s et les professionnels. Nos \u00e9quipes pr\u00eatent attention \u00e0 vos besoins et vous proposent des travaux adapt\u00e9s tout en pr\u00e9servant l&rsquo;environnement. Des services sur mesure Am\u00e9nagement et conception de votre jardin : nous [&hellip;]<\/p>\n","protected":false},"author":4,"featured_media":2962,"parent":0,"menu_order":0,"comment_status":"closed","ping_status":"closed","template":"wp-custom-template-page-canton","meta":{"footnotes":""},"profession":[128],"location":[],"canton":[113],"class_list":["post-2960","page","type-page","status-publish","has-post-thumbnail","hentry","profession-jardinier-paysagiste","canton-vd"],"yoast_head":"<!-- This site is optimized with the Yoast SEO Premium plugin v25.7.1 (Yoast SEO v27.3) - https:\/\/yoast.com\/product\/yoast-seo-premium-wordpress\/ -->\n<title>Entreprise Paysagiste dans le canton de Vaud - Artisanlocal<\/title>\n<meta name=\"robots\" content=\"index, follow, max-snippet:-1, max-image-preview:large, max-video-preview:-1\" \/>\n<link rel=\"canonical\" href=\"https:\/\/www.artisanlocal.ch\/c\/entreprise-paysagiste-dans-le-canton-de-vaud\/\" \/>\n<meta property=\"og:locale\" content=\"fr_FR\" \/>\n<meta property=\"og:type\" content=\"article\" \/>\n<meta property=\"og:title\" content=\"Entreprise Paysagiste dans le canton de Vaud\" \/>\n<meta property=\"og:description\" content=\"Artisanlocal effectue la conception, l&rsquo;agencement et l&rsquo;entretien de vos ext\u00e9rieurs. Dans le canton de Vaud, nos jardiniers interviennent chez les particuliers, les copropri\u00e9t\u00e9s et les professionnels. Nos \u00e9quipes pr\u00eatent attention \u00e0 vos besoins et vous proposent des travaux adapt\u00e9s tout en pr\u00e9servant l&rsquo;environnement. Des services sur mesure Am\u00e9nagement et conception de votre jardin : nous [&hellip;]\" \/>\n<meta property=\"og:url\" content=\"https:\/\/www.artisanlocal.ch\/c\/entreprise-paysagiste-dans-le-canton-de-vaud\/\" \/>\n<meta property=\"og:site_name\" content=\"Artisanlocal\" \/>\n<meta property=\"article:modified_time\" content=\"2025-11-06T11:39:35+00:00\" \/>\n<meta property=\"og:image\" content=\"https:\/\/www.artisanlocal.ch\/c\/wp-content\/uploads\/2024\/11\/paysagiste-jardinier.jpg\" \/>\n\t<meta property=\"og:image:width\" content=\"1920\" \/>\n\t<meta property=\"og:image:height\" content=\"300\" \/>\n\t<meta property=\"og:image:type\" content=\"image\/jpeg\" \/>\n<meta name=\"twitter:card\" content=\"summary_large_image\" \/>\n<meta name=\"twitter:label1\" content=\"Dur\u00e9e de lecture estim\u00e9e\" \/>\n\t<meta name=\"twitter:data1\" content=\"3 minutes\" \/>\n<script type=\"application\/ld+json\" class=\"yoast-schema-graph\">{\"@context\":\"https:\\\/\\\/schema.org\",\"@graph\":[{\"@type\":\"WebPage\",\"@id\":\"https:\\\/\\\/www.artisanlocal.ch\\\/c\\\/entreprise-paysagiste-dans-le-canton-de-vaud\\\/\",\"url\":\"https:\\\/\\\/www.artisanlocal.ch\\\/c\\\/entreprise-paysagiste-dans-le-canton-de-vaud\\\/\",\"name\":\"Entreprise Paysagiste dans le canton de Vaud - Artisanlocal\",\"isPartOf\":{\"@id\":\"https:\\\/\\\/www.artisanlocal.ch\\\/c\\\/#website\"},\"primaryImageOfPage\":{\"@id\":\"https:\\\/\\\/www.artisanlocal.ch\\\/c\\\/entreprise-paysagiste-dans-le-canton-de-vaud\\\/#primaryimage\"},\"image\":{\"@id\":\"https:\\\/\\\/www.artisanlocal.ch\\\/c\\\/entreprise-paysagiste-dans-le-canton-de-vaud\\\/#primaryimage\"},\"thumbnailUrl\":\"https:\\\/\\\/www.artisanlocal.ch\\\/c\\\/wp-content\\\/uploads\\\/2024\\\/11\\\/paysagiste-jardinier.jpg\",\"datePublished\":\"2024-10-01T19:23:29+00:00\",\"dateModified\":\"2025-11-06T11:39:35+00:00\",\"breadcrumb\":{\"@id\":\"https:\\\/\\\/www.artisanlocal.ch\\\/c\\\/entreprise-paysagiste-dans-le-canton-de-vaud\\\/#breadcrumb\"},\"inLanguage\":\"fr-FR\",\"potentialAction\":[{\"@type\":\"ReadAction\",\"target\":[\"https:\\\/\\\/www.artisanlocal.ch\\\/c\\\/entreprise-paysagiste-dans-le-canton-de-vaud\\\/\"]}]},{\"@type\":\"ImageObject\",\"inLanguage\":\"fr-FR\",\"@id\":\"https:\\\/\\\/www.artisanlocal.ch\\\/c\\\/entreprise-paysagiste-dans-le-canton-de-vaud\\\/#primaryimage\",\"url\":\"https:\\\/\\\/www.artisanlocal.ch\\\/c\\\/wp-content\\\/uploads\\\/2024\\\/11\\\/paysagiste-jardinier.jpg\",\"contentUrl\":\"https:\\\/\\\/www.artisanlocal.ch\\\/c\\\/wp-content\\\/uploads\\\/2024\\\/11\\\/paysagiste-jardinier.jpg\",\"width\":1920,\"height\":300},{\"@type\":\"BreadcrumbList\",\"@id\":\"https:\\\/\\\/www.artisanlocal.ch\\\/c\\\/entreprise-paysagiste-dans-le-canton-de-vaud\\\/#breadcrumb\",\"itemListElement\":[{\"@type\":\"ListItem\",\"position\":1,\"name\":\"Accueil\",\"item\":\"https:\\\/\\\/www.artisanlocal.ch\\\/c\\\/\"},{\"@type\":\"ListItem\",\"position\":2,\"name\":\"Entreprise Paysagiste dans le canton de Vaud\"}]},{\"@type\":\"WebSite\",\"@id\":\"https:\\\/\\\/www.artisanlocal.ch\\\/c\\\/#website\",\"url\":\"https:\\\/\\\/www.artisanlocal.ch\\\/c\\\/\",\"name\":\"Artisanlocal\",\"description\":\"\",\"publisher\":{\"@id\":\"https:\\\/\\\/www.artisanlocal.ch\\\/c\\\/#organization\"},\"potentialAction\":[{\"@type\":\"SearchAction\",\"target\":{\"@type\":\"EntryPoint\",\"urlTemplate\":\"https:\\\/\\\/www.artisanlocal.ch\\\/c\\\/?s={search_term_string}\"},\"query-input\":{\"@type\":\"PropertyValueSpecification\",\"valueRequired\":true,\"valueName\":\"search_term_string\"}}],\"inLanguage\":\"fr-FR\"},{\"@type\":\"Organization\",\"@id\":\"https:\\\/\\\/www.artisanlocal.ch\\\/c\\\/#organization\",\"name\":\"Artisanlocal\",\"url\":\"https:\\\/\\\/www.artisanlocal.ch\\\/c\\\/\",\"logo\":{\"@type\":\"ImageObject\",\"inLanguage\":\"fr-FR\",\"@id\":\"https:\\\/\\\/www.artisanlocal.ch\\\/c\\\/#\\\/schema\\\/logo\\\/image\\\/\",\"url\":\"https:\\\/\\\/www.artisanlocal.ch\\\/c\\\/wp-content\\\/uploads\\\/2024\\\/02\\\/logo-artisanlocal-h.svg\",\"contentUrl\":\"https:\\\/\\\/www.artisanlocal.ch\\\/c\\\/wp-content\\\/uploads\\\/2024\\\/02\\\/logo-artisanlocal-h.svg\",\"caption\":\"Artisanlocal\"},\"image\":{\"@id\":\"https:\\\/\\\/www.artisanlocal.ch\\\/c\\\/#\\\/schema\\\/logo\\\/image\\\/\"}}]}<\/script>\n<!-- \/ Yoast SEO Premium plugin. -->","yoast_head_json":{"title":"Entreprise Paysagiste dans le canton de Vaud - Artisanlocal","robots":{"index":"index","follow":"follow","max-snippet":"max-snippet:-1","max-image-preview":"max-image-preview:large","max-video-preview":"max-video-preview:-1"},"canonical":"https:\/\/www.artisanlocal.ch\/c\/entreprise-paysagiste-dans-le-canton-de-vaud\/","og_locale":"fr_FR","og_type":"article","og_title":"Entreprise Paysagiste dans le canton de Vaud","og_description":"Artisanlocal effectue la conception, l&rsquo;agencement et l&rsquo;entretien de vos ext\u00e9rieurs. Dans le canton de Vaud, nos jardiniers interviennent chez les particuliers, les copropri\u00e9t\u00e9s et les professionnels. Nos \u00e9quipes pr\u00eatent attention \u00e0 vos besoins et vous proposent des travaux adapt\u00e9s tout en pr\u00e9servant l&rsquo;environnement. Des services sur mesure Am\u00e9nagement et conception de votre jardin : nous [&hellip;]","og_url":"https:\/\/www.artisanlocal.ch\/c\/entreprise-paysagiste-dans-le-canton-de-vaud\/","og_site_name":"Artisanlocal","article_modified_time":"2025-11-06T11:39:35+00:00","og_image":[{"width":1920,"height":300,"url":"https:\/\/www.artisanlocal.ch\/c\/wp-content\/uploads\/2024\/11\/paysagiste-jardinier.jpg","type":"image\/jpeg"}],"twitter_card":"summary_large_image","twitter_misc":{"Dur\u00e9e de lecture estim\u00e9e":"3 minutes"},"schema":{"@context":"https:\/\/schema.org","@graph":[{"@type":"WebPage","@id":"https:\/\/www.artisanlocal.ch\/c\/entreprise-paysagiste-dans-le-canton-de-vaud\/","url":"https:\/\/www.artisanlocal.ch\/c\/entreprise-paysagiste-dans-le-canton-de-vaud\/","name":"Entreprise Paysagiste dans le canton de Vaud - Artisanlocal","isPartOf":{"@id":"https:\/\/www.artisanlocal.ch\/c\/#website"},"primaryImageOfPage":{"@id":"https:\/\/www.artisanlocal.ch\/c\/entreprise-paysagiste-dans-le-canton-de-vaud\/#primaryimage"},"image":{"@id":"https:\/\/www.artisanlocal.ch\/c\/entreprise-paysagiste-dans-le-canton-de-vaud\/#primaryimage"},"thumbnailUrl":"https:\/\/www.artisanlocal.ch\/c\/wp-content\/uploads\/2024\/11\/paysagiste-jardinier.jpg","datePublished":"2024-10-01T19:23:29+00:00","dateModified":"2025-11-06T11:39:35+00:00","breadcrumb":{"@id":"https:\/\/www.artisanlocal.ch\/c\/entreprise-paysagiste-dans-le-canton-de-vaud\/#breadcrumb"},"inLanguage":"fr-FR","potentialAction":[{"@type":"ReadAction","target":["https:\/\/www.artisanlocal.ch\/c\/entreprise-paysagiste-dans-le-canton-de-vaud\/"]}]},{"@type":"ImageObject","inLanguage":"fr-FR","@id":"https:\/\/www.artisanlocal.ch\/c\/entreprise-paysagiste-dans-le-canton-de-vaud\/#primaryimage","url":"https:\/\/www.artisanlocal.ch\/c\/wp-content\/uploads\/2024\/11\/paysagiste-jardinier.jpg","contentUrl":"https:\/\/www.artisanlocal.ch\/c\/wp-content\/uploads\/2024\/11\/paysagiste-jardinier.jpg","width":1920,"height":300},{"@type":"BreadcrumbList","@id":"https:\/\/www.artisanlocal.ch\/c\/entreprise-paysagiste-dans-le-canton-de-vaud\/#breadcrumb","itemListElement":[{"@type":"ListItem","position":1,"name":"Accueil","item":"https:\/\/www.artisanlocal.ch\/c\/"},{"@type":"ListItem","position":2,"name":"Entreprise Paysagiste dans le canton de Vaud"}]},{"@type":"WebSite","@id":"https:\/\/www.artisanlocal.ch\/c\/#website","url":"https:\/\/www.artisanlocal.ch\/c\/","name":"Artisanlocal","description":"","publisher":{"@id":"https:\/\/www.artisanlocal.ch\/c\/#organization"},"potentialAction":[{"@type":"SearchAction","target":{"@type":"EntryPoint","urlTemplate":"https:\/\/www.artisanlocal.ch\/c\/?s={search_term_string}"},"query-input":{"@type":"PropertyValueSpecification","valueRequired":true,"valueName":"search_term_string"}}],"inLanguage":"fr-FR"},{"@type":"Organization","@id":"https:\/\/www.artisanlocal.ch\/c\/#organization","name":"Artisanlocal","url":"https:\/\/www.artisanlocal.ch\/c\/","logo":{"@type":"ImageObject","inLanguage":"fr-FR","@id":"https:\/\/www.artisanlocal.ch\/c\/#\/schema\/logo\/image\/","url":"https:\/\/www.artisanlocal.ch\/c\/wp-content\/uploads\/2024\/02\/logo-artisanlocal-h.svg","contentUrl":"https:\/\/www.artisanlocal.ch\/c\/wp-content\/uploads\/2024\/02\/logo-artisanlocal-h.svg","caption":"Artisanlocal"},"image":{"@id":"https:\/\/www.artisanlocal.ch\/c\/#\/schema\/logo\/image\/"}}]}},"_links":{"self":[{"href":"https:\/\/www.artisanlocal.ch\/c\/wp-json\/wp\/v2\/pages\/2960","targetHints":{"allow":["GET"]}}],"collection":[{"href":"https:\/\/www.artisanlocal.ch\/c\/wp-json\/wp\/v2\/pages"}],"about":[{"href":"https:\/\/www.artisanlocal.ch\/c\/wp-json\/wp\/v2\/types\/page"}],"author":[{"embeddable":true,"href":"https:\/\/www.artisanlocal.ch\/c\/wp-json\/wp\/v2\/users\/4"}],"replies":[{"embeddable":true,"href":"https:\/\/www.artisanlocal.ch\/c\/wp-json\/wp\/v2\/comments?post=2960"}],"version-history":[{"count":0,"href":"https:\/\/www.artisanlocal.ch\/c\/wp-json\/wp\/v2\/pages\/2960\/revisions"}],"wp:featuredmedia":[{"embeddable":true,"href":"https:\/\/www.artisanlocal.ch\/c\/wp-json\/wp\/v2\/media\/2962"}],"wp:attachment":[{"href":"https:\/\/www.artisanlocal.ch\/c\/wp-json\/wp\/v2\/media?parent=2960"}],"wp:term":[{"taxonomy":"profession","embeddable":true,"href":"https:\/\/www.artisanlocal.ch\/c\/wp-json\/wp\/v2\/profession?post=2960"},{"taxonomy":"location","embeddable":true,"href":"https:\/\/www.artisanlocal.ch\/c\/wp-json\/wp\/v2\/location?post=2960"},{"taxonomy":"canton","embeddable":true,"href":"https:\/\/www.artisanlocal.ch\/c\/wp-json\/wp\/v2\/canton?post=2960"}],"curies":[{"name":"wp","href":"https:\/\/api.w.org\/{rel}","templated":true}]}}