{"id":2991,"date":"2024-11-25T16:01:11","date_gmt":"2024-11-25T15:01:11","guid":{"rendered":"https:\/\/www.artisanlocal.ch\/c\/artisanlocal-le-specialiste-stores-et-fermetures-sur-mesure-a-aubonne\/"},"modified":"2025-08-26T19:24:51","modified_gmt":"2025-08-26T17:24:51","slug":"artisanlocal-le-specialiste-stores-et-fermetures-sur-mesure-a-aubonne","status":"publish","type":"page","link":"https:\/\/www.artisanlocal.ch\/c\/artisanlocal-le-specialiste-stores-et-fermetures-sur-mesure-a-aubonne\/","title":{"rendered":"Artisanlocal le sp\u00e9cialiste stores et fermetures sur mesure \u00e0 Aubonne"},"content":{"rendered":"<p>Notre entreprise est expert dans l&rsquo;installation de enseignes, stores, accessoires pour terrasses et lambrequins lumineux, intervient \u00e0 Aubonne et dans les villes aux alentours.<\/p>\n\r\n<div class=\"box\">\r\n    <h2 class=\"text-dark\">Nous cherchons un <em class=\"text-primary\">Storiste<\/em> dans la r\u00e9gion de <em class=\"text-primary\">Aubonne<\/em>  en exclusivit\u00e9, afin de proposer vos services \u00e0 nos clients propri\u00e9taires.<\/h2>\r\n    <p>Une opportunit\u00e9 unique pour booster votre activit\u00e9 \u00e0 <strong>Aubonne<\/strong> et aux alentours dans votre domaine (Storiste).<\/p>\r\n    <p>Nous travaillons en exclusivit\u00e9 avec qu'une soci\u00e9t\u00e9 par m\u00e9tier et par r\u00e9gion. <br>Votre entreprise est pr\u00e9sente sur tous les documents immobiliers. Afin d'\u00eatre mieux vu sur le net, vous \u00eates \u00e9galement visible sur nos deux sites et sur les pages de r\u00e9f\u00e9rencement de votre r\u00e9gion.<\/p>\r\n    <a href=\"\/contact\" class=\"wp-block-button__link has-accent-background-color has-text-align-center wp-element-button\">R\u00e9server<\/a>\r\n<\/div>\n<h2>Tous types de stores int\u00e9rieurs<\/h2>\n<p>Nos solutions int\u00e9rieures am\u00e9liorent l&rsquo;apparence de vos fen\u00eatres, contr\u00f4ler la lumi\u00e8re et prot\u00e9gez votre confidentialit\u00e9. Nous offrons un large choix de stores : textiles, enrouleurs, bateaux, pliss\u00e9s, rideaux, parois japonaises, bandes verticales, v\u00e9nitiens, enrouleurs avec coffre et bateaux voilage.<\/p>\n<h2>Stores ext\u00e9rieurs personnalis\u00e9s pour vos fen\u00eatres<\/h2>\n<p>Nos stores ext\u00e9rieurs sur-mesure sont install\u00e9s pour cr\u00e9er des espaces ombrag\u00e9s. Nous offrons un large choix de stores ext\u00e9rieurs : loggias, verri\u00e8res et v\u00e9randas, mais aussi fen\u00eatres, \u00e9quip\u00e9es de coffres, bannes, semi-coffres, \u00e0 bras t\u00e9lescopiques ou articul\u00e9s.<\/p>\n<h2>Pergolas bioclimatiques et pergolas<\/h2>\n<p>Si vous cherchez une protection contre les intemp\u00e9ries, nous vous recommandons de s\u00e9lectionner une pergola. Nous vous proposons des pergolas : toiles de protection solaire verticale, \u00e0 lames r\u00e9tractables, \u00e0 toits fixes ou avec panneaux verticaux.<\/p>\n<h2>Lambrequins lumineux<\/h2>\n<p>Nos lambrequins lumineux vous aident \u00e0 am\u00e9liorer la visibilit\u00e9 nocturne : de votre restaurant, magasin, commerces, commerce, h\u00f4tel ou brasserie.&nbsp;<\/p>\n<h2>Rentoilage de toiles du store banne ou pergola<\/h2>\n<p>Le changement de toile de stores banne est un choix \u00e9conomique au changement votre store.<\/p>\n<h2>Fen\u00eatres bois &amp; aluminium<\/h2>\n<p>Si vous souhaitez remplacer vos fen\u00eatres. Nous cr\u00e9ons et installons vos fen\u00eatres battantes et coulissantes : PVC, en bois ou aluminium.<\/p>\n<h2>Volets roulants et motorisation<\/h2>\n<p>Les volets roulants offrent une meilleure isolation thermique, et une protection phonique et solaire. Ils diminuent les d\u00e9perditions de chaleur : solaires, aluminium, persiennes, bois ou m\u00e9talliques.<\/p>\n<h2>Nos films pour vitrages et stores sur mesure <\/h2>\n<p>Nos films solaires sans tains vous aident \u00e0 r\u00e9guler la temp\u00e9rature de votre habitation, de limiter la transmission UV, et de prot\u00e9ger votre intimit\u00e9 des regards.<\/p>\n<h2>Menuiserie Aubonne : Alu, PVC, Bois<\/h2>\n<p>Nous proposons aussi d&rsquo;autres solutions personnalis\u00e9es, comme les :<\/p>\n<ul>\n<li>Fen\u00eatres.<\/li>\n<li>Volets.<\/li>\n<li>Portes et portails.<\/li>\n<li>Alarmes.<\/li>\n<li>Domotiques.<\/li>\n<li>Portes de garage.<\/li>\n<li>Carport.<\/li>\n<li>Garde-corps.<\/li>\n<\/ul>\n<h2>Nos secteurs d&rsquo;activit\u00e9<\/h2>\n<h3>Les soci\u00e9t\u00e9s : caf\u00e9s, commerces de proximit\u00e9, brasseries et restaurants<\/h3>\n<p>Artisanlocal \u00e9labore, fabrique, et met en place des stores pour les entreprises \u00e0 Aubonne, comme : les restaurants, bureaux et boutiques.&nbsp;<\/p>\n<h3>Les particuliers et les copropri\u00e9t\u00e9s<\/h3>\n<p>Nous op\u00e9rons chez les particuliers et dans les copropri\u00e9t\u00e9s pour poser vos pergolas, pergolas bioclimatiques, fen\u00eatres, volets battants, stores de terrasse, v\u00e9randas, volets roulants et stores int\u00e9rieurs.<\/p>\n<h2>Nos services<\/h2>\n<h3>Conception technique<\/h3>\n<p>Nous construisons tous nos stores sur mesures et en fonction de vos probl\u00e9matiques et besoins.<\/p>\n<h3>Mise en place personnalis\u00e9<\/h3>\n<p>Les techniciens d&rsquo;Artisanlocal op\u00e8rent \u00e0 Aubonne pour \u00e9valuer et poser vos stores sur mesure.<\/p>\n<h3>Service de r\u00e9paration de stores<\/h3>\n<p>Nos techniciens r\u00e9parent vos stores, au cours de leur intervention, ils remplacent les pi\u00e8ces endommag\u00e9es.<\/p>\n<h3>Entretien sur-mesure de tous vos stores<\/h3>\n<p>Un entretien r\u00e9alis\u00e9 habituellement permet d\u2019augmenter la long\u00e9vit\u00e9 de vos stores. Pour cela, un technicien doit venir chez vous et examiner l\u2019\u00e9tat de votre store et si cela s\u2019av\u00e8re n\u00e9cessaire r\u00e9aliser le rentoilage, la r\u00e9paration et le remplacement.<\/p>\n<h3>Option et accessoire suppl\u00e9mentaire<\/h3>\n<p>Nos produits sont disponibles avec des ouvertures manuelles ou \u00e9lectriques pour les stores, portes de garage et volets.<\/p>\n<h2>Pourquoi choisir notre soci\u00e9t\u00e9 ?<\/h2>\n<p>Artisanlocal est sp\u00e9cialis\u00e9 dans la pose et l\u2019entretien de stores \u00e0 Aubonne. Nos storistes vous conseilleront dans le choix de votre store pour r\u00e9pondre au mieux \u00e0 vos demandes.<\/p>\n<h3>Large gamme<\/h3>\n<p>Notre entreprise vous propose un grand choix de stores.<\/p>\n<h3>Devis en ligne gratuit<\/h3>\n<p>B\u00e9n\u00e9ficiez de nos estimations gratuites. Nos devis sont complets et transparents.&nbsp;<\/p>\n<h3>\u00c9tude pr\u00e9alable<\/h3>\n<p>Pour chaque projet, nous regardons sa possibilit\u00e9 de r\u00e9alisation, et nous \u00e9laborons des plans sur mesures pour incorporer de la meilleure fa\u00e7on vos stores en consid\u00e9rant vos besoins et vos probl\u00e9matiques.<\/p>\n<h3>Mat\u00e9riaux premium<\/h3>\n<p>Les stores que nous installons sont fabriqu\u00e9s avec des mat\u00e9riaux de qualit\u00e9 pour garantir une bonne long\u00e9vit\u00e9.<\/p>\n<h3>Service rapide \u00e0 Aubonne<\/h3>\n<p>Notre entreprise Artisanlocal est install\u00e9e au coeur de Aubonne pour intervenir d\u00e8s que possible dans votre domicile.<\/p>\n<h2>Questions &#8211; R\u00e9ponses<\/h2>\n<h3>Les stores existants peuvent-ils \u00eatre m\u00e9canis\u00e9s ?<\/h3>\n<p>Oui, la motorisation d&rsquo;un store est enti\u00e8rement possible, mais sous certaines conditions. Un de nos storistes doit se d\u00e9placer \u00e0 votre domicile pour \u00e9tudier la faisabilit\u00e9 de votre projet.<\/p>\n<h3>Intervenez-vous dans les soci\u00e9t\u00e9s proches de Aubonne ?<\/h3>\n<p>Oui, nous intervenons \u00e0 Aubonne et dans les villes aux alentours, comme : Apples, Ballens, Bi\u00e8re, Mollens VD, Berolle, Etoy, Buchillon, Allaman, Perroy, Villars-sous-Yens, Yens, Bougy-Villars, F\u00e9chy, Pizy, Montherod, Lavigny, St-Livres, Saubraz.<\/p>\n","protected":false},"excerpt":{"rendered":"<p>Notre entreprise est expert dans l&rsquo;installation de enseignes, stores, accessoires pour terrasses et lambrequins lumineux, intervient \u00e0 Aubonne et dans les villes aux alentours. Tous types de stores int\u00e9rieurs Nos solutions int\u00e9rieures am\u00e9liorent l&rsquo;apparence de vos fen\u00eatres, contr\u00f4ler la lumi\u00e8re et prot\u00e9gez votre confidentialit\u00e9. Nous offrons un large choix de stores : textiles, enrouleurs, bateaux, [&hellip;]<\/p>\n","protected":false},"author":4,"featured_media":3071,"parent":0,"menu_order":0,"comment_status":"closed","ping_status":"closed","template":"","meta":{"footnotes":""},"profession":[130],"location":[27],"canton":[113],"class_list":["post-2991","page","type-page","status-publish","has-post-thumbnail","hentry","profession-storiste","location-aubonne","canton-vd"],"yoast_head":"<!-- This site is optimized with the Yoast SEO Premium plugin v25.7.1 (Yoast SEO v27.3) - https:\/\/yoast.com\/product\/yoast-seo-premium-wordpress\/ -->\n<title>Artisanlocal le sp\u00e9cialiste stores et fermetures sur mesure \u00e0 Aubonne - Artisanlocal<\/title>\n<meta name=\"robots\" content=\"index, follow, max-snippet:-1, max-image-preview:large, max-video-preview:-1\" \/>\n<link rel=\"canonical\" href=\"https:\/\/www.artisanlocal.ch\/c\/artisanlocal-le-specialiste-stores-et-fermetures-sur-mesure-a-aubonne\/\" \/>\n<meta property=\"og:locale\" content=\"fr_FR\" \/>\n<meta property=\"og:type\" content=\"article\" \/>\n<meta property=\"og:title\" content=\"Artisanlocal le sp\u00e9cialiste stores et fermetures sur mesure \u00e0 Aubonne\" \/>\n<meta property=\"og:description\" content=\"Notre entreprise est expert dans l&rsquo;installation de enseignes, stores, accessoires pour terrasses et lambrequins lumineux, intervient \u00e0 Aubonne et dans les villes aux alentours. Tous types de stores int\u00e9rieurs Nos solutions int\u00e9rieures am\u00e9liorent l&rsquo;apparence de vos fen\u00eatres, contr\u00f4ler la lumi\u00e8re et prot\u00e9gez votre confidentialit\u00e9. Nous offrons un large choix de stores : textiles, enrouleurs, bateaux, [&hellip;]\" \/>\n<meta property=\"og:url\" content=\"https:\/\/www.artisanlocal.ch\/c\/artisanlocal-le-specialiste-stores-et-fermetures-sur-mesure-a-aubonne\/\" \/>\n<meta property=\"og:site_name\" content=\"Artisanlocal\" \/>\n<meta property=\"article:modified_time\" content=\"2025-08-26T17:24:51+00:00\" \/>\n<meta property=\"og:image\" content=\"https:\/\/www.artisanlocal.ch\/c\/wp-content\/uploads\/2024\/12\/storiste.jpg\" \/>\n\t<meta property=\"og:image:width\" content=\"1920\" \/>\n\t<meta property=\"og:image:height\" content=\"300\" \/>\n\t<meta property=\"og:image:type\" content=\"image\/jpeg\" \/>\n<meta name=\"twitter:card\" content=\"summary_large_image\" \/>\n<meta name=\"twitter:label1\" content=\"Dur\u00e9e de lecture estim\u00e9e\" \/>\n\t<meta name=\"twitter:data1\" content=\"4 minutes\" \/>\n<script type=\"application\/ld+json\" class=\"yoast-schema-graph\">{\"@context\":\"https:\\\/\\\/schema.org\",\"@graph\":[{\"@type\":\"WebPage\",\"@id\":\"https:\\\/\\\/www.artisanlocal.ch\\\/c\\\/artisanlocal-le-specialiste-stores-et-fermetures-sur-mesure-a-aubonne\\\/\",\"url\":\"https:\\\/\\\/www.artisanlocal.ch\\\/c\\\/artisanlocal-le-specialiste-stores-et-fermetures-sur-mesure-a-aubonne\\\/\",\"name\":\"Artisanlocal le sp\u00e9cialiste stores et fermetures sur mesure \u00e0 Aubonne - Artisanlocal\",\"isPartOf\":{\"@id\":\"https:\\\/\\\/www.artisanlocal.ch\\\/c\\\/#website\"},\"primaryImageOfPage\":{\"@id\":\"https:\\\/\\\/www.artisanlocal.ch\\\/c\\\/artisanlocal-le-specialiste-stores-et-fermetures-sur-mesure-a-aubonne\\\/#primaryimage\"},\"image\":{\"@id\":\"https:\\\/\\\/www.artisanlocal.ch\\\/c\\\/artisanlocal-le-specialiste-stores-et-fermetures-sur-mesure-a-aubonne\\\/#primaryimage\"},\"thumbnailUrl\":\"https:\\\/\\\/www.artisanlocal.ch\\\/c\\\/wp-content\\\/uploads\\\/2024\\\/12\\\/storiste.jpg\",\"datePublished\":\"2024-11-25T15:01:11+00:00\",\"dateModified\":\"2025-08-26T17:24:51+00:00\",\"breadcrumb\":{\"@id\":\"https:\\\/\\\/www.artisanlocal.ch\\\/c\\\/artisanlocal-le-specialiste-stores-et-fermetures-sur-mesure-a-aubonne\\\/#breadcrumb\"},\"inLanguage\":\"fr-FR\",\"potentialAction\":[{\"@type\":\"ReadAction\",\"target\":[\"https:\\\/\\\/www.artisanlocal.ch\\\/c\\\/artisanlocal-le-specialiste-stores-et-fermetures-sur-mesure-a-aubonne\\\/\"]}]},{\"@type\":\"ImageObject\",\"inLanguage\":\"fr-FR\",\"@id\":\"https:\\\/\\\/www.artisanlocal.ch\\\/c\\\/artisanlocal-le-specialiste-stores-et-fermetures-sur-mesure-a-aubonne\\\/#primaryimage\",\"url\":\"https:\\\/\\\/www.artisanlocal.ch\\\/c\\\/wp-content\\\/uploads\\\/2024\\\/12\\\/storiste.jpg\",\"contentUrl\":\"https:\\\/\\\/www.artisanlocal.ch\\\/c\\\/wp-content\\\/uploads\\\/2024\\\/12\\\/storiste.jpg\",\"width\":1920,\"height\":300},{\"@type\":\"BreadcrumbList\",\"@id\":\"https:\\\/\\\/www.artisanlocal.ch\\\/c\\\/artisanlocal-le-specialiste-stores-et-fermetures-sur-mesure-a-aubonne\\\/#breadcrumb\",\"itemListElement\":[{\"@type\":\"ListItem\",\"position\":1,\"name\":\"Accueil\",\"item\":\"https:\\\/\\\/www.artisanlocal.ch\\\/c\\\/\"},{\"@type\":\"ListItem\",\"position\":2,\"name\":\"Artisanlocal le sp\u00e9cialiste stores et fermetures sur mesure \u00e0 Aubonne\"}]},{\"@type\":\"WebSite\",\"@id\":\"https:\\\/\\\/www.artisanlocal.ch\\\/c\\\/#website\",\"url\":\"https:\\\/\\\/www.artisanlocal.ch\\\/c\\\/\",\"name\":\"Artisanlocal\",\"description\":\"\",\"publisher\":{\"@id\":\"https:\\\/\\\/www.artisanlocal.ch\\\/c\\\/#organization\"},\"potentialAction\":[{\"@type\":\"SearchAction\",\"target\":{\"@type\":\"EntryPoint\",\"urlTemplate\":\"https:\\\/\\\/www.artisanlocal.ch\\\/c\\\/?s={search_term_string}\"},\"query-input\":{\"@type\":\"PropertyValueSpecification\",\"valueRequired\":true,\"valueName\":\"search_term_string\"}}],\"inLanguage\":\"fr-FR\"},{\"@type\":\"Organization\",\"@id\":\"https:\\\/\\\/www.artisanlocal.ch\\\/c\\\/#organization\",\"name\":\"Artisanlocal\",\"url\":\"https:\\\/\\\/www.artisanlocal.ch\\\/c\\\/\",\"logo\":{\"@type\":\"ImageObject\",\"inLanguage\":\"fr-FR\",\"@id\":\"https:\\\/\\\/www.artisanlocal.ch\\\/c\\\/#\\\/schema\\\/logo\\\/image\\\/\",\"url\":\"https:\\\/\\\/www.artisanlocal.ch\\\/c\\\/wp-content\\\/uploads\\\/2024\\\/02\\\/logo-artisanlocal-h.svg\",\"contentUrl\":\"https:\\\/\\\/www.artisanlocal.ch\\\/c\\\/wp-content\\\/uploads\\\/2024\\\/02\\\/logo-artisanlocal-h.svg\",\"caption\":\"Artisanlocal\"},\"image\":{\"@id\":\"https:\\\/\\\/www.artisanlocal.ch\\\/c\\\/#\\\/schema\\\/logo\\\/image\\\/\"}}]}<\/script>\n<!-- \/ Yoast SEO Premium plugin. -->","yoast_head_json":{"title":"Artisanlocal le sp\u00e9cialiste stores et fermetures sur mesure \u00e0 Aubonne - Artisanlocal","robots":{"index":"index","follow":"follow","max-snippet":"max-snippet:-1","max-image-preview":"max-image-preview:large","max-video-preview":"max-video-preview:-1"},"canonical":"https:\/\/www.artisanlocal.ch\/c\/artisanlocal-le-specialiste-stores-et-fermetures-sur-mesure-a-aubonne\/","og_locale":"fr_FR","og_type":"article","og_title":"Artisanlocal le sp\u00e9cialiste stores et fermetures sur mesure \u00e0 Aubonne","og_description":"Notre entreprise est expert dans l&rsquo;installation de enseignes, stores, accessoires pour terrasses et lambrequins lumineux, intervient \u00e0 Aubonne et dans les villes aux alentours. Tous types de stores int\u00e9rieurs Nos solutions int\u00e9rieures am\u00e9liorent l&rsquo;apparence de vos fen\u00eatres, contr\u00f4ler la lumi\u00e8re et prot\u00e9gez votre confidentialit\u00e9. Nous offrons un large choix de stores : textiles, enrouleurs, bateaux, [&hellip;]","og_url":"https:\/\/www.artisanlocal.ch\/c\/artisanlocal-le-specialiste-stores-et-fermetures-sur-mesure-a-aubonne\/","og_site_name":"Artisanlocal","article_modified_time":"2025-08-26T17:24:51+00:00","og_image":[{"width":1920,"height":300,"url":"https:\/\/www.artisanlocal.ch\/c\/wp-content\/uploads\/2024\/12\/storiste.jpg","type":"image\/jpeg"}],"twitter_card":"summary_large_image","twitter_misc":{"Dur\u00e9e de lecture estim\u00e9e":"4 minutes"},"schema":{"@context":"https:\/\/schema.org","@graph":[{"@type":"WebPage","@id":"https:\/\/www.artisanlocal.ch\/c\/artisanlocal-le-specialiste-stores-et-fermetures-sur-mesure-a-aubonne\/","url":"https:\/\/www.artisanlocal.ch\/c\/artisanlocal-le-specialiste-stores-et-fermetures-sur-mesure-a-aubonne\/","name":"Artisanlocal le sp\u00e9cialiste stores et fermetures sur mesure \u00e0 Aubonne - Artisanlocal","isPartOf":{"@id":"https:\/\/www.artisanlocal.ch\/c\/#website"},"primaryImageOfPage":{"@id":"https:\/\/www.artisanlocal.ch\/c\/artisanlocal-le-specialiste-stores-et-fermetures-sur-mesure-a-aubonne\/#primaryimage"},"image":{"@id":"https:\/\/www.artisanlocal.ch\/c\/artisanlocal-le-specialiste-stores-et-fermetures-sur-mesure-a-aubonne\/#primaryimage"},"thumbnailUrl":"https:\/\/www.artisanlocal.ch\/c\/wp-content\/uploads\/2024\/12\/storiste.jpg","datePublished":"2024-11-25T15:01:11+00:00","dateModified":"2025-08-26T17:24:51+00:00","breadcrumb":{"@id":"https:\/\/www.artisanlocal.ch\/c\/artisanlocal-le-specialiste-stores-et-fermetures-sur-mesure-a-aubonne\/#breadcrumb"},"inLanguage":"fr-FR","potentialAction":[{"@type":"ReadAction","target":["https:\/\/www.artisanlocal.ch\/c\/artisanlocal-le-specialiste-stores-et-fermetures-sur-mesure-a-aubonne\/"]}]},{"@type":"ImageObject","inLanguage":"fr-FR","@id":"https:\/\/www.artisanlocal.ch\/c\/artisanlocal-le-specialiste-stores-et-fermetures-sur-mesure-a-aubonne\/#primaryimage","url":"https:\/\/www.artisanlocal.ch\/c\/wp-content\/uploads\/2024\/12\/storiste.jpg","contentUrl":"https:\/\/www.artisanlocal.ch\/c\/wp-content\/uploads\/2024\/12\/storiste.jpg","width":1920,"height":300},{"@type":"BreadcrumbList","@id":"https:\/\/www.artisanlocal.ch\/c\/artisanlocal-le-specialiste-stores-et-fermetures-sur-mesure-a-aubonne\/#breadcrumb","itemListElement":[{"@type":"ListItem","position":1,"name":"Accueil","item":"https:\/\/www.artisanlocal.ch\/c\/"},{"@type":"ListItem","position":2,"name":"Artisanlocal le sp\u00e9cialiste stores et fermetures sur mesure \u00e0 Aubonne"}]},{"@type":"WebSite","@id":"https:\/\/www.artisanlocal.ch\/c\/#website","url":"https:\/\/www.artisanlocal.ch\/c\/","name":"Artisanlocal","description":"","publisher":{"@id":"https:\/\/www.artisanlocal.ch\/c\/#organization"},"potentialAction":[{"@type":"SearchAction","target":{"@type":"EntryPoint","urlTemplate":"https:\/\/www.artisanlocal.ch\/c\/?s={search_term_string}"},"query-input":{"@type":"PropertyValueSpecification","valueRequired":true,"valueName":"search_term_string"}}],"inLanguage":"fr-FR"},{"@type":"Organization","@id":"https:\/\/www.artisanlocal.ch\/c\/#organization","name":"Artisanlocal","url":"https:\/\/www.artisanlocal.ch\/c\/","logo":{"@type":"ImageObject","inLanguage":"fr-FR","@id":"https:\/\/www.artisanlocal.ch\/c\/#\/schema\/logo\/image\/","url":"https:\/\/www.artisanlocal.ch\/c\/wp-content\/uploads\/2024\/02\/logo-artisanlocal-h.svg","contentUrl":"https:\/\/www.artisanlocal.ch\/c\/wp-content\/uploads\/2024\/02\/logo-artisanlocal-h.svg","caption":"Artisanlocal"},"image":{"@id":"https:\/\/www.artisanlocal.ch\/c\/#\/schema\/logo\/image\/"}}]}},"_links":{"self":[{"href":"https:\/\/www.artisanlocal.ch\/c\/wp-json\/wp\/v2\/pages\/2991","targetHints":{"allow":["GET"]}}],"collection":[{"href":"https:\/\/www.artisanlocal.ch\/c\/wp-json\/wp\/v2\/pages"}],"about":[{"href":"https:\/\/www.artisanlocal.ch\/c\/wp-json\/wp\/v2\/types\/page"}],"author":[{"embeddable":true,"href":"https:\/\/www.artisanlocal.ch\/c\/wp-json\/wp\/v2\/users\/4"}],"replies":[{"embeddable":true,"href":"https:\/\/www.artisanlocal.ch\/c\/wp-json\/wp\/v2\/comments?post=2991"}],"version-history":[{"count":0,"href":"https:\/\/www.artisanlocal.ch\/c\/wp-json\/wp\/v2\/pages\/2991\/revisions"}],"wp:featuredmedia":[{"embeddable":true,"href":"https:\/\/www.artisanlocal.ch\/c\/wp-json\/wp\/v2\/media\/3071"}],"wp:attachment":[{"href":"https:\/\/www.artisanlocal.ch\/c\/wp-json\/wp\/v2\/media?parent=2991"}],"wp:term":[{"taxonomy":"profession","embeddable":true,"href":"https:\/\/www.artisanlocal.ch\/c\/wp-json\/wp\/v2\/profession?post=2991"},{"taxonomy":"location","embeddable":true,"href":"https:\/\/www.artisanlocal.ch\/c\/wp-json\/wp\/v2\/location?post=2991"},{"taxonomy":"canton","embeddable":true,"href":"https:\/\/www.artisanlocal.ch\/c\/wp-json\/wp\/v2\/canton?post=2991"}],"curies":[{"name":"wp","href":"https:\/\/api.w.org\/{rel}","templated":true}]}}