{"id":2992,"date":"2024-11-25T14:52:02","date_gmt":"2024-11-25T13:52:02","guid":{"rendered":"https:\/\/www.artisanlocal.ch\/c\/artisanlocal-le-specialiste-fermetures-et-stores-sur-mesure-a-avenches\/"},"modified":"2025-08-26T19:24:51","modified_gmt":"2025-08-26T17:24:51","slug":"artisanlocal-le-specialiste-fermetures-et-stores-sur-mesure-a-avenches","status":"publish","type":"page","link":"https:\/\/www.artisanlocal.ch\/c\/artisanlocal-le-specialiste-fermetures-et-stores-sur-mesure-a-avenches\/","title":{"rendered":"Artisanlocal le sp\u00e9cialiste fermetures et stores sur mesure \u00e0 Avenches"},"content":{"rendered":"<p>Notre soci\u00e9t\u00e9 est sp\u00e9cialis\u00e9e dans l&rsquo;installation de enseignes, stores, lambrequins lumineux et accessoires pour terrasses, op\u00e8re \u00e0 Avenches et dans les villes \u00e0 proximit\u00e9s.<\/p>\n\r\n<div class=\"box\">\r\n    <h2 class=\"text-dark\">Nous cherchons un <em class=\"text-primary\">Storiste<\/em> dans la r\u00e9gion de <em class=\"text-primary\">Avenches<\/em>  en exclusivit\u00e9, afin de proposer vos services \u00e0 nos clients propri\u00e9taires.<\/h2>\r\n    <p>Une opportunit\u00e9 unique pour booster votre activit\u00e9 \u00e0 <strong>Avenches<\/strong> et aux alentours dans votre domaine (Storiste).<\/p>\r\n    <p>Nous travaillons en exclusivit\u00e9 avec qu'une soci\u00e9t\u00e9 par m\u00e9tier et par r\u00e9gion. <br>Votre entreprise est pr\u00e9sente sur tous les documents immobiliers. Afin d'\u00eatre mieux vu sur le net, vous \u00eates \u00e9galement visible sur nos deux sites et sur les pages de r\u00e9f\u00e9rencement de votre r\u00e9gion.<\/p>\r\n    <a href=\"\/contact\" class=\"wp-block-button__link has-accent-background-color has-text-align-center wp-element-button\">R\u00e9server<\/a>\r\n<\/div>\n<h2>Large gamme de stores int\u00e9rieurs<\/h2>\n<p>Nos stores int\u00e9rieurs sont con\u00e7us pour embellir l&rsquo;esth\u00e9tique de vos fen\u00eatres, contr\u00f4ler la lumi\u00e8re et prot\u00e9gez votre confidentialit\u00e9. Nous offrons un large choix de stores : v\u00e9nitiens, textiles, pliss\u00e9s, bandes verticales, enrouleurs, enrouleurs avec coffre, rideaux, parois japonaises, bateaux et bateaux voilage.<\/p>\n<h2>Store ext\u00e9rieur sur-mesure<\/h2>\n<p>Avec nos stores ext\u00e9rieurs, apportez des zones d&rsquo;ombre sur votre terrasse ou balcon. Nous proposons un large choix de stores ext\u00e9rieurs : bannes et coffres, ou semi-coffres, \u00e0 bras t\u00e9lescopiques ou articul\u00e9s, de fen\u00eatre, \u00e9galement des v\u00e9randas, loggias ainsi que des verri\u00e8res.<\/p>\n<h2>Pergolas<\/h2>\n<p>Si vous avez besoin de vous abriter des intemp\u00e9ries, nous vous conseillons de s\u00e9lectionner une pergola. Nous avons un large choix de pergolas : toiles de protection solaire verticale, \u00e0 lames r\u00e9tractables, \u00e0 toits fixes ou avec panneaux verticaux.<\/p>\n<h2>Lambrequin lumineux sur mesure<\/h2>\n<p>Gr\u00e2ce \u00e0 nos lambrequins lumineux, votre \u00e9tablissement sera vu m\u00eame la nuit ou par temps de pluie.&nbsp;<\/p>\n<h2>Rentoilage de stores sur-mesure <\/h2>\n<p>Nous proposons aussi le changement de toile (rentoilage) de stores banne qui est une solution \u00e9conomique et vous permet d\u2019\u00e9viter le remplacement de votre store.<\/p>\n<h2>Fen\u00eatres bois &amp; aluminium<\/h2>\n<p>Si vous avez besoin de changer vos fen\u00eatres. Nous cr\u00e9ons et mettons en place vos fen\u00eatres coulissantes et battantes : PVC, en bois ou aluminium.<\/p>\n<h2>Installation de volets roulants avec ou sans motorisation <\/h2>\n<p>Pour am\u00e9liorer la protection phonique, thermique ou solaire, nous proposons aussi des volets roulants motoris\u00e9s ou manuels : solaires, aluminium, persiennes, bois ou m\u00e9talliques.<\/p>\n<h2>Nos films pour vitrages et stores sur mesure de qualit\u00e9<\/h2>\n<p>Nos films solaires sans tains vous permettent de limiter la temp\u00e9rature de votre maison, de vous prot\u00e9ger des rayons UV, et de pr\u00e9server votre intimit\u00e9.<\/p>\n<h2>Menuiserie \u00e0 Avenches<\/h2>\n<p>Nous proposons aussi d\u2019autres solutions sur mesure, comme les :<\/p>\n<ul>\n<li>Fen\u00eatres.<\/li>\n<li>Volets.<\/li>\n<li>Portails et portes.<\/li>\n<li>Alarmes.<\/li>\n<li>Domotiques.<\/li>\n<li>Portes de garage.<\/li>\n<li>Carport.<\/li>\n<li>Garde-corps.<\/li>\n<\/ul>\n<h2>Nos secteurs d&rsquo;activit\u00e9 \u00e0 Avenches<\/h2>\n<h3>Les soci\u00e9t\u00e9s : caf\u00e9s, brasseries, boutiques et h\u00f4tels<\/h3>\n<p>Artisanlocal \u00e9labore, construit, et met en place des stores pour les entreprises \u00e0 Avenches, tels que : les bureaux, les boutiques et les restaurants.&nbsp;<\/p>\n<h3>Les particuliers et les copropri\u00e9t\u00e9s<\/h3>\n<p>Nous intervenons dans les copropri\u00e9t\u00e9s et chez les particuliers pour poser vos fen\u00eatres, stores int\u00e9rieurs, stores de terrasse, v\u00e9randa, volets roulants, volets battants, pergolas et pergolas bioclimatiques.<\/p>\n<h2>Tous nos services<\/h2>\n<h3>Conception de stores sur mesure<\/h3>\n<p>Nous r\u00e9alisons tous vos stores personnalis\u00e9s en fonction de vos demandes.<\/p>\n<h3>Pose personnalis\u00e9<\/h3>\n<p>Les techniciens d&rsquo;Artisanlocal op\u00e8rent \u00e0 Avenches pour \u00e9valuer et poser vos stores.<\/p>\n<h3>R\u00e9paration de store \u00e0 Avenches<\/h3>\n<p>Les storistes d&rsquo;Artisanlocal changent les pi\u00e8ces de vos stores, au cours de leur intervention, ils remplacent les \u00e9l\u00e9ments d\u00e9fectueux.<\/p>\n<h3>Entretien de store \u00e0 Avenches<\/h3>\n<p>Un service d&rsquo;entretien r\u00e9alis\u00e9 r\u00e9guli\u00e8rement permet d\u2019augmenter la durabilit\u00e9 de vos stores. Un technicien doit venir \u00e0 votre domicile pour contr\u00f4ler l\u2019\u00e9tat de votre store et si oblig\u00e9 r\u00e9aliser le rentoilage, le remplacement et la r\u00e9paration.<\/p>\n<h3>Option et accessoire suppl\u00e9mentaire<\/h3>\n<p>Nous proposons diff\u00e9rents mod\u00e8les d\u2019ouverture (manuelle ou \u00e9lectrique) pour les portes de garage, les volets et les stores.<\/p>\n<h2>Pourquoi choisir Artisanlocal ?<\/h2>\n<p>Notre soci\u00e9t\u00e9 situ\u00e9e \u00e0 Avenches est sp\u00e9cialis\u00e9e dans l\u2019installation et le d\u00e9pannage des stores. Nous vous assistons de A \u00e0 Z, de l&rsquo;analyse de votre besoin \u00e0 la mise en place.<\/p>\n<h3>Large gamme<\/h3>\n<p>Nous vous proposons une s\u00e9lection de stores int\u00e9rieurs et ext\u00e9rieurs.<\/p>\n<h3>Devis en ligne gratuit<\/h3>\n<p>Recevez nos devis gratuits. Nos estimations sont pr\u00e9cises et transparentes.&nbsp;<\/p>\n<h3>\u00c9valuation<\/h3>\n<p>Nous regardons toujours la viabilit\u00e9 des projets, en fonction de vos demandes, nous \u00e9laborons des plans sur mesure pour poser vos stores.<\/p>\n<h3>Faire le choix de la qualit\u00e9<\/h3>\n<p>Les stores que nous installons sont fabriqu\u00e9s avec des mat\u00e9riaux haut de gamme pour assurer une bonne durabilit\u00e9.<\/p>\n<h3>Intervention en urgence \u00e0 Avenches<\/h3>\n<p>Le technicien storiste qui est localis\u00e9 \u00e0 Avenches intervient d\u00e8s que possible chez vous pour installer ou r\u00e9parer vos stores.<\/p>\n<h2>Foire Aux Questions<\/h2>\n<h3>Les stores actuels peuvent-ils \u00eatre motoris\u00e9s ?<\/h3>\n<p>Oui, la m\u00e9canisation d&rsquo;un store est tout \u00e0 fait r\u00e9alisable, seulement sous certaines conditions. Un de nos storistes doit op\u00e9rer chez vous pour analyser la faisabilit\u00e9 du projet.<\/p>\n<h3>Votre soci\u00e9t\u00e9 intervient-elle dans les villes proches de Avenches ? ?<\/h3>\n<p>Oui, nos artisans op\u00e8rent \u00e0 Avenches, mais aussi dans les communes aux environs, telles que : Gletterens, Dompierre FR, Domdidier, Vallon, Les Friques, St-Aubin FR, Delley, Portalban, Oleyres, Donatyre, Villarepos, Villars-le-Grand, Bellerive VD, Cotterd, Salavaux, Vallamand, Constantine, Montmagny, Cudrefin, Chabrey, Clavaleyres, Faoug, Corm\u00e9rod, Courtion, Misery, Chandon, L\u00e9chelles, Russy, Sugiez, Mur (Vully) FR, M\u00f4tier (Vully), Mur (Vully) VD, Praz (Vully), Lugnorre.<\/p>\n","protected":false},"excerpt":{"rendered":"<p>Notre soci\u00e9t\u00e9 est sp\u00e9cialis\u00e9e dans l&rsquo;installation de enseignes, stores, lambrequins lumineux et accessoires pour terrasses, op\u00e8re \u00e0 Avenches et dans les villes \u00e0 proximit\u00e9s. Large gamme de stores int\u00e9rieurs Nos stores int\u00e9rieurs sont con\u00e7us pour embellir l&rsquo;esth\u00e9tique de vos fen\u00eatres, contr\u00f4ler la lumi\u00e8re et prot\u00e9gez votre confidentialit\u00e9. Nous offrons un large choix de stores : [&hellip;]<\/p>\n","protected":false},"author":4,"featured_media":3071,"parent":0,"menu_order":0,"comment_status":"closed","ping_status":"closed","template":"","meta":{"footnotes":""},"profession":[130],"location":[37],"canton":[113],"class_list":["post-2992","page","type-page","status-publish","has-post-thumbnail","hentry","profession-storiste","location-avenches","canton-vd"],"yoast_head":"<!-- This site is optimized with the Yoast SEO Premium plugin v25.7.1 (Yoast SEO v27.3) - https:\/\/yoast.com\/product\/yoast-seo-premium-wordpress\/ -->\n<title>Artisanlocal le sp\u00e9cialiste fermetures et stores sur mesure \u00e0 Avenches - Artisanlocal<\/title>\n<meta name=\"robots\" content=\"index, follow, max-snippet:-1, max-image-preview:large, max-video-preview:-1\" \/>\n<link rel=\"canonical\" href=\"https:\/\/www.artisanlocal.ch\/c\/artisanlocal-le-specialiste-fermetures-et-stores-sur-mesure-a-avenches\/\" \/>\n<meta property=\"og:locale\" content=\"fr_FR\" \/>\n<meta property=\"og:type\" content=\"article\" \/>\n<meta property=\"og:title\" content=\"Artisanlocal le sp\u00e9cialiste fermetures et stores sur mesure \u00e0 Avenches\" \/>\n<meta property=\"og:description\" content=\"Notre soci\u00e9t\u00e9 est sp\u00e9cialis\u00e9e dans l&rsquo;installation de enseignes, stores, lambrequins lumineux et accessoires pour terrasses, op\u00e8re \u00e0 Avenches et dans les villes \u00e0 proximit\u00e9s. Large gamme de stores int\u00e9rieurs Nos stores int\u00e9rieurs sont con\u00e7us pour embellir l&rsquo;esth\u00e9tique de vos fen\u00eatres, contr\u00f4ler la lumi\u00e8re et prot\u00e9gez votre confidentialit\u00e9. Nous offrons un large choix de stores : [&hellip;]\" \/>\n<meta property=\"og:url\" content=\"https:\/\/www.artisanlocal.ch\/c\/artisanlocal-le-specialiste-fermetures-et-stores-sur-mesure-a-avenches\/\" \/>\n<meta property=\"og:site_name\" content=\"Artisanlocal\" \/>\n<meta property=\"article:modified_time\" content=\"2025-08-26T17:24:51+00:00\" \/>\n<meta property=\"og:image\" content=\"https:\/\/www.artisanlocal.ch\/c\/wp-content\/uploads\/2024\/12\/storiste.jpg\" \/>\n\t<meta property=\"og:image:width\" content=\"1920\" \/>\n\t<meta property=\"og:image:height\" content=\"300\" \/>\n\t<meta property=\"og:image:type\" content=\"image\/jpeg\" \/>\n<meta name=\"twitter:card\" content=\"summary_large_image\" \/>\n<meta name=\"twitter:label1\" content=\"Dur\u00e9e de lecture estim\u00e9e\" \/>\n\t<meta name=\"twitter:data1\" content=\"4 minutes\" \/>\n<script type=\"application\/ld+json\" class=\"yoast-schema-graph\">{\"@context\":\"https:\\\/\\\/schema.org\",\"@graph\":[{\"@type\":\"WebPage\",\"@id\":\"https:\\\/\\\/www.artisanlocal.ch\\\/c\\\/artisanlocal-le-specialiste-fermetures-et-stores-sur-mesure-a-avenches\\\/\",\"url\":\"https:\\\/\\\/www.artisanlocal.ch\\\/c\\\/artisanlocal-le-specialiste-fermetures-et-stores-sur-mesure-a-avenches\\\/\",\"name\":\"Artisanlocal le sp\u00e9cialiste fermetures et stores sur mesure \u00e0 Avenches - Artisanlocal\",\"isPartOf\":{\"@id\":\"https:\\\/\\\/www.artisanlocal.ch\\\/c\\\/#website\"},\"primaryImageOfPage\":{\"@id\":\"https:\\\/\\\/www.artisanlocal.ch\\\/c\\\/artisanlocal-le-specialiste-fermetures-et-stores-sur-mesure-a-avenches\\\/#primaryimage\"},\"image\":{\"@id\":\"https:\\\/\\\/www.artisanlocal.ch\\\/c\\\/artisanlocal-le-specialiste-fermetures-et-stores-sur-mesure-a-avenches\\\/#primaryimage\"},\"thumbnailUrl\":\"https:\\\/\\\/www.artisanlocal.ch\\\/c\\\/wp-content\\\/uploads\\\/2024\\\/12\\\/storiste.jpg\",\"datePublished\":\"2024-11-25T13:52:02+00:00\",\"dateModified\":\"2025-08-26T17:24:51+00:00\",\"breadcrumb\":{\"@id\":\"https:\\\/\\\/www.artisanlocal.ch\\\/c\\\/artisanlocal-le-specialiste-fermetures-et-stores-sur-mesure-a-avenches\\\/#breadcrumb\"},\"inLanguage\":\"fr-FR\",\"potentialAction\":[{\"@type\":\"ReadAction\",\"target\":[\"https:\\\/\\\/www.artisanlocal.ch\\\/c\\\/artisanlocal-le-specialiste-fermetures-et-stores-sur-mesure-a-avenches\\\/\"]}]},{\"@type\":\"ImageObject\",\"inLanguage\":\"fr-FR\",\"@id\":\"https:\\\/\\\/www.artisanlocal.ch\\\/c\\\/artisanlocal-le-specialiste-fermetures-et-stores-sur-mesure-a-avenches\\\/#primaryimage\",\"url\":\"https:\\\/\\\/www.artisanlocal.ch\\\/c\\\/wp-content\\\/uploads\\\/2024\\\/12\\\/storiste.jpg\",\"contentUrl\":\"https:\\\/\\\/www.artisanlocal.ch\\\/c\\\/wp-content\\\/uploads\\\/2024\\\/12\\\/storiste.jpg\",\"width\":1920,\"height\":300},{\"@type\":\"BreadcrumbList\",\"@id\":\"https:\\\/\\\/www.artisanlocal.ch\\\/c\\\/artisanlocal-le-specialiste-fermetures-et-stores-sur-mesure-a-avenches\\\/#breadcrumb\",\"itemListElement\":[{\"@type\":\"ListItem\",\"position\":1,\"name\":\"Accueil\",\"item\":\"https:\\\/\\\/www.artisanlocal.ch\\\/c\\\/\"},{\"@type\":\"ListItem\",\"position\":2,\"name\":\"Artisanlocal le sp\u00e9cialiste fermetures et stores sur mesure \u00e0 Avenches\"}]},{\"@type\":\"WebSite\",\"@id\":\"https:\\\/\\\/www.artisanlocal.ch\\\/c\\\/#website\",\"url\":\"https:\\\/\\\/www.artisanlocal.ch\\\/c\\\/\",\"name\":\"Artisanlocal\",\"description\":\"\",\"publisher\":{\"@id\":\"https:\\\/\\\/www.artisanlocal.ch\\\/c\\\/#organization\"},\"potentialAction\":[{\"@type\":\"SearchAction\",\"target\":{\"@type\":\"EntryPoint\",\"urlTemplate\":\"https:\\\/\\\/www.artisanlocal.ch\\\/c\\\/?s={search_term_string}\"},\"query-input\":{\"@type\":\"PropertyValueSpecification\",\"valueRequired\":true,\"valueName\":\"search_term_string\"}}],\"inLanguage\":\"fr-FR\"},{\"@type\":\"Organization\",\"@id\":\"https:\\\/\\\/www.artisanlocal.ch\\\/c\\\/#organization\",\"name\":\"Artisanlocal\",\"url\":\"https:\\\/\\\/www.artisanlocal.ch\\\/c\\\/\",\"logo\":{\"@type\":\"ImageObject\",\"inLanguage\":\"fr-FR\",\"@id\":\"https:\\\/\\\/www.artisanlocal.ch\\\/c\\\/#\\\/schema\\\/logo\\\/image\\\/\",\"url\":\"https:\\\/\\\/www.artisanlocal.ch\\\/c\\\/wp-content\\\/uploads\\\/2024\\\/02\\\/logo-artisanlocal-h.svg\",\"contentUrl\":\"https:\\\/\\\/www.artisanlocal.ch\\\/c\\\/wp-content\\\/uploads\\\/2024\\\/02\\\/logo-artisanlocal-h.svg\",\"caption\":\"Artisanlocal\"},\"image\":{\"@id\":\"https:\\\/\\\/www.artisanlocal.ch\\\/c\\\/#\\\/schema\\\/logo\\\/image\\\/\"}}]}<\/script>\n<!-- \/ Yoast SEO Premium plugin. -->","yoast_head_json":{"title":"Artisanlocal le sp\u00e9cialiste fermetures et stores sur mesure \u00e0 Avenches - Artisanlocal","robots":{"index":"index","follow":"follow","max-snippet":"max-snippet:-1","max-image-preview":"max-image-preview:large","max-video-preview":"max-video-preview:-1"},"canonical":"https:\/\/www.artisanlocal.ch\/c\/artisanlocal-le-specialiste-fermetures-et-stores-sur-mesure-a-avenches\/","og_locale":"fr_FR","og_type":"article","og_title":"Artisanlocal le sp\u00e9cialiste fermetures et stores sur mesure \u00e0 Avenches","og_description":"Notre soci\u00e9t\u00e9 est sp\u00e9cialis\u00e9e dans l&rsquo;installation de enseignes, stores, lambrequins lumineux et accessoires pour terrasses, op\u00e8re \u00e0 Avenches et dans les villes \u00e0 proximit\u00e9s. Large gamme de stores int\u00e9rieurs Nos stores int\u00e9rieurs sont con\u00e7us pour embellir l&rsquo;esth\u00e9tique de vos fen\u00eatres, contr\u00f4ler la lumi\u00e8re et prot\u00e9gez votre confidentialit\u00e9. Nous offrons un large choix de stores : [&hellip;]","og_url":"https:\/\/www.artisanlocal.ch\/c\/artisanlocal-le-specialiste-fermetures-et-stores-sur-mesure-a-avenches\/","og_site_name":"Artisanlocal","article_modified_time":"2025-08-26T17:24:51+00:00","og_image":[{"width":1920,"height":300,"url":"https:\/\/www.artisanlocal.ch\/c\/wp-content\/uploads\/2024\/12\/storiste.jpg","type":"image\/jpeg"}],"twitter_card":"summary_large_image","twitter_misc":{"Dur\u00e9e de lecture estim\u00e9e":"4 minutes"},"schema":{"@context":"https:\/\/schema.org","@graph":[{"@type":"WebPage","@id":"https:\/\/www.artisanlocal.ch\/c\/artisanlocal-le-specialiste-fermetures-et-stores-sur-mesure-a-avenches\/","url":"https:\/\/www.artisanlocal.ch\/c\/artisanlocal-le-specialiste-fermetures-et-stores-sur-mesure-a-avenches\/","name":"Artisanlocal le sp\u00e9cialiste fermetures et stores sur mesure \u00e0 Avenches - Artisanlocal","isPartOf":{"@id":"https:\/\/www.artisanlocal.ch\/c\/#website"},"primaryImageOfPage":{"@id":"https:\/\/www.artisanlocal.ch\/c\/artisanlocal-le-specialiste-fermetures-et-stores-sur-mesure-a-avenches\/#primaryimage"},"image":{"@id":"https:\/\/www.artisanlocal.ch\/c\/artisanlocal-le-specialiste-fermetures-et-stores-sur-mesure-a-avenches\/#primaryimage"},"thumbnailUrl":"https:\/\/www.artisanlocal.ch\/c\/wp-content\/uploads\/2024\/12\/storiste.jpg","datePublished":"2024-11-25T13:52:02+00:00","dateModified":"2025-08-26T17:24:51+00:00","breadcrumb":{"@id":"https:\/\/www.artisanlocal.ch\/c\/artisanlocal-le-specialiste-fermetures-et-stores-sur-mesure-a-avenches\/#breadcrumb"},"inLanguage":"fr-FR","potentialAction":[{"@type":"ReadAction","target":["https:\/\/www.artisanlocal.ch\/c\/artisanlocal-le-specialiste-fermetures-et-stores-sur-mesure-a-avenches\/"]}]},{"@type":"ImageObject","inLanguage":"fr-FR","@id":"https:\/\/www.artisanlocal.ch\/c\/artisanlocal-le-specialiste-fermetures-et-stores-sur-mesure-a-avenches\/#primaryimage","url":"https:\/\/www.artisanlocal.ch\/c\/wp-content\/uploads\/2024\/12\/storiste.jpg","contentUrl":"https:\/\/www.artisanlocal.ch\/c\/wp-content\/uploads\/2024\/12\/storiste.jpg","width":1920,"height":300},{"@type":"BreadcrumbList","@id":"https:\/\/www.artisanlocal.ch\/c\/artisanlocal-le-specialiste-fermetures-et-stores-sur-mesure-a-avenches\/#breadcrumb","itemListElement":[{"@type":"ListItem","position":1,"name":"Accueil","item":"https:\/\/www.artisanlocal.ch\/c\/"},{"@type":"ListItem","position":2,"name":"Artisanlocal le sp\u00e9cialiste fermetures et stores sur mesure \u00e0 Avenches"}]},{"@type":"WebSite","@id":"https:\/\/www.artisanlocal.ch\/c\/#website","url":"https:\/\/www.artisanlocal.ch\/c\/","name":"Artisanlocal","description":"","publisher":{"@id":"https:\/\/www.artisanlocal.ch\/c\/#organization"},"potentialAction":[{"@type":"SearchAction","target":{"@type":"EntryPoint","urlTemplate":"https:\/\/www.artisanlocal.ch\/c\/?s={search_term_string}"},"query-input":{"@type":"PropertyValueSpecification","valueRequired":true,"valueName":"search_term_string"}}],"inLanguage":"fr-FR"},{"@type":"Organization","@id":"https:\/\/www.artisanlocal.ch\/c\/#organization","name":"Artisanlocal","url":"https:\/\/www.artisanlocal.ch\/c\/","logo":{"@type":"ImageObject","inLanguage":"fr-FR","@id":"https:\/\/www.artisanlocal.ch\/c\/#\/schema\/logo\/image\/","url":"https:\/\/www.artisanlocal.ch\/c\/wp-content\/uploads\/2024\/02\/logo-artisanlocal-h.svg","contentUrl":"https:\/\/www.artisanlocal.ch\/c\/wp-content\/uploads\/2024\/02\/logo-artisanlocal-h.svg","caption":"Artisanlocal"},"image":{"@id":"https:\/\/www.artisanlocal.ch\/c\/#\/schema\/logo\/image\/"}}]}},"_links":{"self":[{"href":"https:\/\/www.artisanlocal.ch\/c\/wp-json\/wp\/v2\/pages\/2992","targetHints":{"allow":["GET"]}}],"collection":[{"href":"https:\/\/www.artisanlocal.ch\/c\/wp-json\/wp\/v2\/pages"}],"about":[{"href":"https:\/\/www.artisanlocal.ch\/c\/wp-json\/wp\/v2\/types\/page"}],"author":[{"embeddable":true,"href":"https:\/\/www.artisanlocal.ch\/c\/wp-json\/wp\/v2\/users\/4"}],"replies":[{"embeddable":true,"href":"https:\/\/www.artisanlocal.ch\/c\/wp-json\/wp\/v2\/comments?post=2992"}],"version-history":[{"count":0,"href":"https:\/\/www.artisanlocal.ch\/c\/wp-json\/wp\/v2\/pages\/2992\/revisions"}],"wp:featuredmedia":[{"embeddable":true,"href":"https:\/\/www.artisanlocal.ch\/c\/wp-json\/wp\/v2\/media\/3071"}],"wp:attachment":[{"href":"https:\/\/www.artisanlocal.ch\/c\/wp-json\/wp\/v2\/media?parent=2992"}],"wp:term":[{"taxonomy":"profession","embeddable":true,"href":"https:\/\/www.artisanlocal.ch\/c\/wp-json\/wp\/v2\/profession?post=2992"},{"taxonomy":"location","embeddable":true,"href":"https:\/\/www.artisanlocal.ch\/c\/wp-json\/wp\/v2\/location?post=2992"},{"taxonomy":"canton","embeddable":true,"href":"https:\/\/www.artisanlocal.ch\/c\/wp-json\/wp\/v2\/canton?post=2992"}],"curies":[{"name":"wp","href":"https:\/\/api.w.org\/{rel}","templated":true}]}}