{"id":2994,"date":"2024-12-03T03:57:00","date_gmt":"2024-12-03T02:57:00","guid":{"rendered":"https:\/\/www.artisanlocal.ch\/c\/confiez-la-mise-en-place-de-votre-store-a-un-professionnel-experimente-a-cossonay-ville\/"},"modified":"2025-11-12T13:39:45","modified_gmt":"2025-11-12T12:39:45","slug":"confiez-la-mise-en-place-de-votre-store-a-un-professionnel-experimente-a-cossonay-ville","status":"publish","type":"page","link":"https:\/\/www.artisanlocal.ch\/c\/confiez-la-mise-en-place-de-votre-store-a-un-professionnel-experimente-a-cossonay-ville\/","title":{"rendered":"Storiste \u00e0 Cossonay-Ville"},"content":{"rendered":"<p>Besoin d&rsquo;un storiste \u00e0 Cossonay-Ville ? Notre entreprise est sp\u00e9cialis\u00e9e dans l&rsquo;installation de stores, enseignes, lambrequins lumineux et accessoires pour terrasses, nous intervenons \u00e0 Cossonay-Ville et dans les villes proches.<br \/>\n\r\n<div class=\"box\">\r\n    <h2 class=\"text-dark\">Nous cherchons un <em class=\"text-primary\">Storiste<\/em> dans la r\u00e9gion de <em class=\"text-primary\">Cossonay-Ville<\/em>  en exclusivit\u00e9, afin de proposer vos services \u00e0 nos clients propri\u00e9taires.<\/h2>\r\n    <p>Une opportunit\u00e9 unique pour booster votre activit\u00e9 \u00e0 <strong>Cossonay-Ville<\/strong> et aux alentours dans votre domaine (Storiste).<\/p>\r\n    <p>Nous travaillons en exclusivit\u00e9 avec qu'une soci\u00e9t\u00e9 par m\u00e9tier et par r\u00e9gion. <br>Votre entreprise est pr\u00e9sente sur tous les documents immobiliers. Afin d'\u00eatre mieux vu sur le net, vous \u00eates \u00e9galement visible sur nos deux sites et sur les pages de r\u00e9f\u00e9rencement de votre r\u00e9gion.<\/p>\r\n    <a href=\"\/contact\" class=\"wp-block-button__link has-accent-background-color has-text-align-center wp-element-button\">R\u00e9server<\/a>\r\n<\/div><\/p>\n<h2>Tous types de stores int\u00e9rieurs<\/h2>\n<p>Nous proposons \u00e0 nos clients un vaste choix de stores : textiles, enrouleurs, rideaux, bateaux, pliss\u00e9s, parois japonaises, v\u00e9nitiens, bandes verticales, enrouleurs avec coffre et bateaux voilage.<\/p>\n<h2>Stores ext\u00e9rieurs pour terrasses et balcons<\/h2>\n<p>Avec nos stores, vous pouvez cr\u00e9er facilement des zones d\u2019ombre sur votre balcon ou terrasse. Nous proposons une large gamme de stores ext\u00e9rieurs : verri\u00e8res, loggias et v\u00e9randas, mais aussi fen\u00eatres, pourvues de coffres, semi-coffres, bannes, \u00e0 bras t\u00e9lescopiques ou articul\u00e9s.<\/p>\n<h2>Pergolas<\/h2>\n<p>Nous proposons des pergolas : \u00e0 lames r\u00e9tractables, toiles de protection solaire verticale, \u00e0 toits fixes ou avec panneaux verticaux.<\/p>\n<h2>Lambrequin lumineux \u00e0 Cossonay-Ville<\/h2>\n<p>Si \u00eates un professionnel, nous proposons aussi des lambrequins lumineux, avec cette solution, votre magasin sera visible la nuit ou par temps pluvieux.<\/p>\n<h2>Rentoilage de stores sur-mesure<\/h2>\n<p>Notre entreprise propose le changement de toile (rentoilage) de stores banne qui permet d\u2019\u00e9viter le remplacement complet du store.<\/p>\n<h2>Fen\u00eatres bois et alu<\/h2>\n<p>Si vous souhaitez changer vos fen\u00eatres. Nous avons un choix de fen\u00eatres battantes et coulissantes : PVC, en bois ou aluminium.<\/p>\n<h2>Volets roulants et motorisation<\/h2>\n<p>Les volets roulants offrent une meilleure isolation thermique, et une protection phonique et solaire. Ils diminuent les d\u00e9perditions de chaleur : m\u00e9talliques, persiennes, alu, solaires ou bois.<\/p>\n<h2>Films de protection solaire<\/h2>\n<p>Nos films solaires sans tains vous permettent de contr\u00f4ler la temp\u00e9rature de votre maison, d\u2019am\u00e9liorer votre s\u00e9curit\u00e9 en pr\u00e9servant votre intimit\u00e9 des rayons UV dangereux.<\/p>\n<h2>Menuiserie Cossonay-Ville : Alu, PVC, Bois<\/h2>\n<p>Nous proposons aussi d\u2019autres solutions sur mesure, par exemple :<\/p>\n<ul>\n<li>Portes et portails.<\/li>\n<li>Domotiques.<\/li>\n<li>Fen\u00eatres.<\/li>\n<li>Portes de garage.<\/li>\n<li>Carport.<\/li>\n<li>Garde-corps ext\u00e9rieurs.<\/li>\n<li>Volets.<\/li>\n<li>Alarmes.<\/li>\n<\/ul>\n<h2>Nos champs d&rsquo;intervention<\/h2>\n<p>Nous intervenons pour les :<\/p>\n<ul>\n<li>Restaurants et caf\u00e9s,<\/li>\n<li>boutiques,<\/li>\n<li>brasseries,<\/li>\n<li>particuliers et copropri\u00e9t\u00e9s.<\/li>\n<\/ul>\n<h2>Nos services<\/h2>\n<ul>\n<li>Cr\u00e9ation de stores sur mesure.<\/li>\n<li>Installation personnalis\u00e9e.<\/li>\n<li>Service de r\u00e9paration de stores.<\/li>\n<li>Entretien sur-mesure.<\/li>\n<li>Option et accessoire suppl\u00e9mentaire.<\/li>\n<\/ul>\n<h2>Pourquoi choisir Artisanlocal.ch ?<\/h2>\n<ul>\n<li>Large gamme.<\/li>\n<li>Devis gratuits.<\/li>\n<li>Diagnostic.<\/li>\n<li>Mat\u00e9riaux premium.<\/li>\n<li>Service rapide.<\/li>\n<\/ul>\n<h2>Foire Aux Questions<\/h2>\n<h3>Est-il possible de motoriser des stores install\u00e9s ?<\/h3>\n<p>Oui, nous pouvons motoriser vos stores \u00e0 condition que certains \u00e9l\u00e9ments soient respect\u00e9s. Un de nos artisans se d\u00e9place \u00e0 votre domicile pour examiner la viabilit\u00e9 du projet.<\/p>\n<h3>Intervenez-vous dans les villes proches de Cossonay-Ville ?<\/h3>\n<p>Oui, nous intervenons \u00e0 Cossonay-Ville et dans les villes \u00e0 proximit\u00e9, comme : Mex VD, Boussens, Bournens, Sullens, Bettens, Cottens VD, Grancy, Gollion, S\u00e9very, Pampigny, Montricher, Chavannes-le-Veyron, Cuarnens, L'Isle, La Coudre, Villars-Bozon, Mauraz, Moiry VD, Mont-la-Ville, Vufflens-la-Ville, Penthaz, Allens, Dizy, Senarclens, Penthalaz, Daillens, Lussery-Villars, La Chaux (Cossonay), Ecl\u00e9pens, Ferreyres, La Sarraz, Chevilly, Orny, Pompaples.<\/p>\n","protected":false},"excerpt":{"rendered":"<p>Besoin d&rsquo;un storiste \u00e0 Cossonay-Ville ? Notre entreprise est sp\u00e9cialis\u00e9e dans l&rsquo;installation de stores, enseignes, lambrequins lumineux et accessoires pour terrasses, nous intervenons \u00e0 Cossonay-Ville et dans les villes proches. Tous types de stores int\u00e9rieurs Nous proposons \u00e0 nos clients un vaste choix de stores : textiles, enrouleurs, rideaux, bateaux, pliss\u00e9s, parois japonaises, v\u00e9nitiens, bandes [&hellip;]<\/p>\n","protected":false},"author":4,"featured_media":3071,"parent":0,"menu_order":0,"comment_status":"closed","ping_status":"closed","template":"","meta":{"footnotes":""},"profession":[130],"location":[116],"canton":[113],"class_list":["post-2994","page","type-page","status-publish","has-post-thumbnail","hentry","profession-storiste","location-cossonay-ville","canton-vd"],"yoast_head":"<!-- This site is optimized with the Yoast SEO Premium plugin v25.7.1 (Yoast SEO v27.3) - https:\/\/yoast.com\/product\/yoast-seo-premium-wordpress\/ -->\n<title>Storiste \u00e0 Cossonay-Ville - Artisanlocal<\/title>\n<meta name=\"robots\" content=\"index, follow, max-snippet:-1, max-image-preview:large, max-video-preview:-1\" \/>\n<link rel=\"canonical\" href=\"https:\/\/www.artisanlocal.ch\/c\/confiez-la-mise-en-place-de-votre-store-a-un-professionnel-experimente-a-cossonay-ville\/\" \/>\n<meta property=\"og:locale\" content=\"fr_FR\" \/>\n<meta property=\"og:type\" content=\"article\" \/>\n<meta property=\"og:title\" content=\"Storiste \u00e0 Cossonay-Ville\" \/>\n<meta property=\"og:description\" content=\"Besoin d&rsquo;un storiste \u00e0 Cossonay-Ville ? Notre entreprise est sp\u00e9cialis\u00e9e dans l&rsquo;installation de stores, enseignes, lambrequins lumineux et accessoires pour terrasses, nous intervenons \u00e0 Cossonay-Ville et dans les villes proches. Tous types de stores int\u00e9rieurs Nous proposons \u00e0 nos clients un vaste choix de stores : textiles, enrouleurs, rideaux, bateaux, pliss\u00e9s, parois japonaises, v\u00e9nitiens, bandes [&hellip;]\" \/>\n<meta property=\"og:url\" content=\"https:\/\/www.artisanlocal.ch\/c\/confiez-la-mise-en-place-de-votre-store-a-un-professionnel-experimente-a-cossonay-ville\/\" \/>\n<meta property=\"og:site_name\" content=\"Artisanlocal\" \/>\n<meta property=\"article:modified_time\" content=\"2025-11-12T12:39:45+00:00\" \/>\n<meta property=\"og:image\" content=\"https:\/\/www.artisanlocal.ch\/c\/wp-content\/uploads\/2024\/12\/storiste.jpg\" \/>\n\t<meta property=\"og:image:width\" content=\"1920\" \/>\n\t<meta property=\"og:image:height\" content=\"300\" \/>\n\t<meta property=\"og:image:type\" content=\"image\/jpeg\" \/>\n<meta name=\"twitter:card\" content=\"summary_large_image\" \/>\n<meta name=\"twitter:label1\" content=\"Dur\u00e9e de lecture estim\u00e9e\" \/>\n\t<meta name=\"twitter:data1\" content=\"3 minutes\" \/>\n<script type=\"application\/ld+json\" class=\"yoast-schema-graph\">{\"@context\":\"https:\\\/\\\/schema.org\",\"@graph\":[{\"@type\":\"WebPage\",\"@id\":\"https:\\\/\\\/www.artisanlocal.ch\\\/c\\\/confiez-la-mise-en-place-de-votre-store-a-un-professionnel-experimente-a-cossonay-ville\\\/\",\"url\":\"https:\\\/\\\/www.artisanlocal.ch\\\/c\\\/confiez-la-mise-en-place-de-votre-store-a-un-professionnel-experimente-a-cossonay-ville\\\/\",\"name\":\"Storiste \u00e0 Cossonay-Ville - Artisanlocal\",\"isPartOf\":{\"@id\":\"https:\\\/\\\/www.artisanlocal.ch\\\/c\\\/#website\"},\"primaryImageOfPage\":{\"@id\":\"https:\\\/\\\/www.artisanlocal.ch\\\/c\\\/confiez-la-mise-en-place-de-votre-store-a-un-professionnel-experimente-a-cossonay-ville\\\/#primaryimage\"},\"image\":{\"@id\":\"https:\\\/\\\/www.artisanlocal.ch\\\/c\\\/confiez-la-mise-en-place-de-votre-store-a-un-professionnel-experimente-a-cossonay-ville\\\/#primaryimage\"},\"thumbnailUrl\":\"https:\\\/\\\/www.artisanlocal.ch\\\/c\\\/wp-content\\\/uploads\\\/2024\\\/12\\\/storiste.jpg\",\"datePublished\":\"2024-12-03T02:57:00+00:00\",\"dateModified\":\"2025-11-12T12:39:45+00:00\",\"breadcrumb\":{\"@id\":\"https:\\\/\\\/www.artisanlocal.ch\\\/c\\\/confiez-la-mise-en-place-de-votre-store-a-un-professionnel-experimente-a-cossonay-ville\\\/#breadcrumb\"},\"inLanguage\":\"fr-FR\",\"potentialAction\":[{\"@type\":\"ReadAction\",\"target\":[\"https:\\\/\\\/www.artisanlocal.ch\\\/c\\\/confiez-la-mise-en-place-de-votre-store-a-un-professionnel-experimente-a-cossonay-ville\\\/\"]}]},{\"@type\":\"ImageObject\",\"inLanguage\":\"fr-FR\",\"@id\":\"https:\\\/\\\/www.artisanlocal.ch\\\/c\\\/confiez-la-mise-en-place-de-votre-store-a-un-professionnel-experimente-a-cossonay-ville\\\/#primaryimage\",\"url\":\"https:\\\/\\\/www.artisanlocal.ch\\\/c\\\/wp-content\\\/uploads\\\/2024\\\/12\\\/storiste.jpg\",\"contentUrl\":\"https:\\\/\\\/www.artisanlocal.ch\\\/c\\\/wp-content\\\/uploads\\\/2024\\\/12\\\/storiste.jpg\",\"width\":1920,\"height\":300},{\"@type\":\"BreadcrumbList\",\"@id\":\"https:\\\/\\\/www.artisanlocal.ch\\\/c\\\/confiez-la-mise-en-place-de-votre-store-a-un-professionnel-experimente-a-cossonay-ville\\\/#breadcrumb\",\"itemListElement\":[{\"@type\":\"ListItem\",\"position\":1,\"name\":\"Accueil\",\"item\":\"https:\\\/\\\/www.artisanlocal.ch\\\/c\\\/\"},{\"@type\":\"ListItem\",\"position\":2,\"name\":\"Storiste \u00e0 Cossonay-Ville\"}]},{\"@type\":\"WebSite\",\"@id\":\"https:\\\/\\\/www.artisanlocal.ch\\\/c\\\/#website\",\"url\":\"https:\\\/\\\/www.artisanlocal.ch\\\/c\\\/\",\"name\":\"Artisanlocal\",\"description\":\"\",\"publisher\":{\"@id\":\"https:\\\/\\\/www.artisanlocal.ch\\\/c\\\/#organization\"},\"potentialAction\":[{\"@type\":\"SearchAction\",\"target\":{\"@type\":\"EntryPoint\",\"urlTemplate\":\"https:\\\/\\\/www.artisanlocal.ch\\\/c\\\/?s={search_term_string}\"},\"query-input\":{\"@type\":\"PropertyValueSpecification\",\"valueRequired\":true,\"valueName\":\"search_term_string\"}}],\"inLanguage\":\"fr-FR\"},{\"@type\":\"Organization\",\"@id\":\"https:\\\/\\\/www.artisanlocal.ch\\\/c\\\/#organization\",\"name\":\"Artisanlocal\",\"url\":\"https:\\\/\\\/www.artisanlocal.ch\\\/c\\\/\",\"logo\":{\"@type\":\"ImageObject\",\"inLanguage\":\"fr-FR\",\"@id\":\"https:\\\/\\\/www.artisanlocal.ch\\\/c\\\/#\\\/schema\\\/logo\\\/image\\\/\",\"url\":\"https:\\\/\\\/www.artisanlocal.ch\\\/c\\\/wp-content\\\/uploads\\\/2024\\\/02\\\/logo-artisanlocal-h.svg\",\"contentUrl\":\"https:\\\/\\\/www.artisanlocal.ch\\\/c\\\/wp-content\\\/uploads\\\/2024\\\/02\\\/logo-artisanlocal-h.svg\",\"caption\":\"Artisanlocal\"},\"image\":{\"@id\":\"https:\\\/\\\/www.artisanlocal.ch\\\/c\\\/#\\\/schema\\\/logo\\\/image\\\/\"}}]}<\/script>\n<!-- \/ Yoast SEO Premium plugin. -->","yoast_head_json":{"title":"Storiste \u00e0 Cossonay-Ville - Artisanlocal","robots":{"index":"index","follow":"follow","max-snippet":"max-snippet:-1","max-image-preview":"max-image-preview:large","max-video-preview":"max-video-preview:-1"},"canonical":"https:\/\/www.artisanlocal.ch\/c\/confiez-la-mise-en-place-de-votre-store-a-un-professionnel-experimente-a-cossonay-ville\/","og_locale":"fr_FR","og_type":"article","og_title":"Storiste \u00e0 Cossonay-Ville","og_description":"Besoin d&rsquo;un storiste \u00e0 Cossonay-Ville ? Notre entreprise est sp\u00e9cialis\u00e9e dans l&rsquo;installation de stores, enseignes, lambrequins lumineux et accessoires pour terrasses, nous intervenons \u00e0 Cossonay-Ville et dans les villes proches. Tous types de stores int\u00e9rieurs Nous proposons \u00e0 nos clients un vaste choix de stores : textiles, enrouleurs, rideaux, bateaux, pliss\u00e9s, parois japonaises, v\u00e9nitiens, bandes [&hellip;]","og_url":"https:\/\/www.artisanlocal.ch\/c\/confiez-la-mise-en-place-de-votre-store-a-un-professionnel-experimente-a-cossonay-ville\/","og_site_name":"Artisanlocal","article_modified_time":"2025-11-12T12:39:45+00:00","og_image":[{"width":1920,"height":300,"url":"https:\/\/www.artisanlocal.ch\/c\/wp-content\/uploads\/2024\/12\/storiste.jpg","type":"image\/jpeg"}],"twitter_card":"summary_large_image","twitter_misc":{"Dur\u00e9e de lecture estim\u00e9e":"3 minutes"},"schema":{"@context":"https:\/\/schema.org","@graph":[{"@type":"WebPage","@id":"https:\/\/www.artisanlocal.ch\/c\/confiez-la-mise-en-place-de-votre-store-a-un-professionnel-experimente-a-cossonay-ville\/","url":"https:\/\/www.artisanlocal.ch\/c\/confiez-la-mise-en-place-de-votre-store-a-un-professionnel-experimente-a-cossonay-ville\/","name":"Storiste \u00e0 Cossonay-Ville - Artisanlocal","isPartOf":{"@id":"https:\/\/www.artisanlocal.ch\/c\/#website"},"primaryImageOfPage":{"@id":"https:\/\/www.artisanlocal.ch\/c\/confiez-la-mise-en-place-de-votre-store-a-un-professionnel-experimente-a-cossonay-ville\/#primaryimage"},"image":{"@id":"https:\/\/www.artisanlocal.ch\/c\/confiez-la-mise-en-place-de-votre-store-a-un-professionnel-experimente-a-cossonay-ville\/#primaryimage"},"thumbnailUrl":"https:\/\/www.artisanlocal.ch\/c\/wp-content\/uploads\/2024\/12\/storiste.jpg","datePublished":"2024-12-03T02:57:00+00:00","dateModified":"2025-11-12T12:39:45+00:00","breadcrumb":{"@id":"https:\/\/www.artisanlocal.ch\/c\/confiez-la-mise-en-place-de-votre-store-a-un-professionnel-experimente-a-cossonay-ville\/#breadcrumb"},"inLanguage":"fr-FR","potentialAction":[{"@type":"ReadAction","target":["https:\/\/www.artisanlocal.ch\/c\/confiez-la-mise-en-place-de-votre-store-a-un-professionnel-experimente-a-cossonay-ville\/"]}]},{"@type":"ImageObject","inLanguage":"fr-FR","@id":"https:\/\/www.artisanlocal.ch\/c\/confiez-la-mise-en-place-de-votre-store-a-un-professionnel-experimente-a-cossonay-ville\/#primaryimage","url":"https:\/\/www.artisanlocal.ch\/c\/wp-content\/uploads\/2024\/12\/storiste.jpg","contentUrl":"https:\/\/www.artisanlocal.ch\/c\/wp-content\/uploads\/2024\/12\/storiste.jpg","width":1920,"height":300},{"@type":"BreadcrumbList","@id":"https:\/\/www.artisanlocal.ch\/c\/confiez-la-mise-en-place-de-votre-store-a-un-professionnel-experimente-a-cossonay-ville\/#breadcrumb","itemListElement":[{"@type":"ListItem","position":1,"name":"Accueil","item":"https:\/\/www.artisanlocal.ch\/c\/"},{"@type":"ListItem","position":2,"name":"Storiste \u00e0 Cossonay-Ville"}]},{"@type":"WebSite","@id":"https:\/\/www.artisanlocal.ch\/c\/#website","url":"https:\/\/www.artisanlocal.ch\/c\/","name":"Artisanlocal","description":"","publisher":{"@id":"https:\/\/www.artisanlocal.ch\/c\/#organization"},"potentialAction":[{"@type":"SearchAction","target":{"@type":"EntryPoint","urlTemplate":"https:\/\/www.artisanlocal.ch\/c\/?s={search_term_string}"},"query-input":{"@type":"PropertyValueSpecification","valueRequired":true,"valueName":"search_term_string"}}],"inLanguage":"fr-FR"},{"@type":"Organization","@id":"https:\/\/www.artisanlocal.ch\/c\/#organization","name":"Artisanlocal","url":"https:\/\/www.artisanlocal.ch\/c\/","logo":{"@type":"ImageObject","inLanguage":"fr-FR","@id":"https:\/\/www.artisanlocal.ch\/c\/#\/schema\/logo\/image\/","url":"https:\/\/www.artisanlocal.ch\/c\/wp-content\/uploads\/2024\/02\/logo-artisanlocal-h.svg","contentUrl":"https:\/\/www.artisanlocal.ch\/c\/wp-content\/uploads\/2024\/02\/logo-artisanlocal-h.svg","caption":"Artisanlocal"},"image":{"@id":"https:\/\/www.artisanlocal.ch\/c\/#\/schema\/logo\/image\/"}}]}},"_links":{"self":[{"href":"https:\/\/www.artisanlocal.ch\/c\/wp-json\/wp\/v2\/pages\/2994","targetHints":{"allow":["GET"]}}],"collection":[{"href":"https:\/\/www.artisanlocal.ch\/c\/wp-json\/wp\/v2\/pages"}],"about":[{"href":"https:\/\/www.artisanlocal.ch\/c\/wp-json\/wp\/v2\/types\/page"}],"author":[{"embeddable":true,"href":"https:\/\/www.artisanlocal.ch\/c\/wp-json\/wp\/v2\/users\/4"}],"replies":[{"embeddable":true,"href":"https:\/\/www.artisanlocal.ch\/c\/wp-json\/wp\/v2\/comments?post=2994"}],"version-history":[{"count":0,"href":"https:\/\/www.artisanlocal.ch\/c\/wp-json\/wp\/v2\/pages\/2994\/revisions"}],"wp:featuredmedia":[{"embeddable":true,"href":"https:\/\/www.artisanlocal.ch\/c\/wp-json\/wp\/v2\/media\/3071"}],"wp:attachment":[{"href":"https:\/\/www.artisanlocal.ch\/c\/wp-json\/wp\/v2\/media?parent=2994"}],"wp:term":[{"taxonomy":"profession","embeddable":true,"href":"https:\/\/www.artisanlocal.ch\/c\/wp-json\/wp\/v2\/profession?post=2994"},{"taxonomy":"location","embeddable":true,"href":"https:\/\/www.artisanlocal.ch\/c\/wp-json\/wp\/v2\/location?post=2994"},{"taxonomy":"canton","embeddable":true,"href":"https:\/\/www.artisanlocal.ch\/c\/wp-json\/wp\/v2\/canton?post=2994"}],"curies":[{"name":"wp","href":"https:\/\/api.w.org\/{rel}","templated":true}]}}