{"id":2996,"date":"2024-12-01T20:53:51","date_gmt":"2024-12-01T19:53:51","guid":{"rendered":"https:\/\/www.artisanlocal.ch\/c\/confiez-la-mise-en-place-de-votre-store-a-un-professionnel-experimente-a-lausanne\/"},"modified":"2025-08-26T19:24:18","modified_gmt":"2025-08-26T17:24:18","slug":"confiez-la-mise-en-place-de-votre-store-a-un-professionnel-experimente-a-lausanne","status":"publish","type":"page","link":"https:\/\/www.artisanlocal.ch\/c\/confiez-la-mise-en-place-de-votre-store-a-un-professionnel-experimente-a-lausanne\/","title":{"rendered":"Confiez la mise en place de votre store \u00e0 un professionnel exp\u00e9riment\u00e9 \u00e0 Lausanne"},"content":{"rendered":"<p>Notre entreprise est expert dans l&rsquo;installation de enseignes, stores, lambrequins lumineux et accessoires pour terrasses, intervient \u00e0 Lausanne et dans les villes \u00e0 proximit\u00e9s.<\/p>\n\r\n<div class=\"box\">\r\n            <div class=\"company-info\">\r\n            <img decoding=\"async\" class=\"company-info__logo\" src=\"https:\/\/www.artisanlocal.ch\/media\/cache\/thumb\/images\/companies\/671a12e88cad6140864316.png\" alt=\"Logo\">\r\n            <h2 class=\"company-info__name\">Colombara stores SA<\/h2>\r\n            <p class=\"company-info__business\">Stores - Volets - Moustiquaires - Portes de garage - Sauts-de-loup - Domotique - Vente - Pose - R\u00e9paration<\/p>\r\n        <\/div>\r\n        <div class=\"company-contact\">\r\n            <p class=\"company-info__address\">Chemin de la Clopette 33<\/p>\r\n                            <div class=\"links\">\r\n                                            <a class=\"btn has-accent-background-color js-phoneNumber\" href=\"tel:0216249205\" title=\"Appelez\" data-id=\"12088\" data-type=\"11\">021 624 92 05<\/a>\r\n                                                                <a class=\"btn has-accent-background-color\" href=\"https:\/\/www.colombara-stores.ch\/\" target=\"_blank\" title=\"Voir le site internet\" data-id=\"12088\" data-type=\"20\">Site internet<\/a>\r\n                                    <\/div>\r\n                    <\/div>\r\n    \r\n            \r\n<form action=\"https:\/\/www.artisanlocal.ch\/c\/wp-admin\/admin-ajax.php\" method=\"post\" class=\"form-contact\" id=\"artisan_form_contact_company_inline\">\r\n    <div><input type=\"hidden\" name=\"action\" value=\"company_contact\"><\/div>\r\n    <div><input type=\"hidden\" name=\"nonce\" value=\"45c5953414\"><\/div>\r\n    <div><input type=\"hidden\" name=\"company_id\" value=\"12088\"><\/div>\r\n    <div><input type=\"hidden\" name=\"form_id\" value=\"artisan_form_contact_company_inline\"><\/div>\r\n    <div class=\"gglcptch gglcptch_v3 gglcptch_custom\"><input type=\"hidden\" id=\"g-recaptcha-response\" name=\"g-recaptcha-response\" \/><br \/><div class=\"gglcptch_error_text\">La p\u00e9riode de v\u00e9rification reCAPTCHA a expir\u00e9. Veuillez recharger la page.<\/div><\/div>    <div class=\"form-content\">\r\n        <div class=\"form-group\">\r\n            <label for=\"contact_firstName\" class=\"required\">Pr\u00e9nom<\/label>\r\n            <input type=\"text\" name=\"firstName\" class=\"form-control\" required>\r\n        <\/div>\r\n        <div class=\"form-group\">\r\n            <label for=\"contact_lastName\" class=\"required\">Nom<\/label>\r\n            <input type=\"text\" name=\"lastName\" class=\"form-control\" required>\r\n        <\/div>\r\n        <div class=\"form-group\">\r\n            <label for=\"contact_email\" class=\"required\">Email<\/label>\r\n            <input type=\"email\" name=\"email\" class=\"form-control\" required>\r\n        <\/div>\r\n        <div class=\"form-group\">\r\n            <label for=\"contact_phone\" class=\"required\">Num\u00e9ro de t\u00e9l\u00e9phone<\/label>\r\n            <input type=\"tel\" name=\"phone\" class=\"form-control\" placeholder=\"0787117165\" pattern=\"^[0-9]{10}$\" required>\r\n        <\/div>\r\n        <div class=\"form-group\">\r\n            <label for=\"contact_postalCode\" class=\"required\">Code postal et localit\u00e9<\/label>\r\n            <input type=\"text\" name=\"postalCode\" class=\"form-control\" required>\r\n        <\/div>\r\n        <div class=\"form-group\">\r\n            <label for=\"contact_address\" class=\"required\">Adresse<\/label>\r\n            <input type=\"text\" name=\"address\" class=\"form-control\" required>\r\n        <\/div>\r\n        <div class=\"full-width topic\">\r\n            <p class=\"required\">Je souhaite \u00eatre contact\u00e9 pour :<\/p>\r\n            <div class=\"form-check\">\r\n                <input type=\"radio\" name=\"topic\" value=\"D\u00e9pannage\" class=\"form-control\" required>\r\n                <label for=\"d\u00e9pannage\">D\u00e9pannage<\/label>\r\n            <\/div>\r\n            <div class=\"form-check\">\r\n                <input type=\"radio\" name=\"topic\" value=\"Entretien\" class=\"form-control\" required>\r\n                <label for=\"entretien\">Entretien<\/label>\r\n            <\/div>\r\n            <div class=\"form-check\">\r\n                <input type=\"radio\" name=\"topic\" value=\"R\u00e9novation\" class=\"form-control\" required>\r\n                <label for=\"r\u00e9novation\">R\u00e9novation<\/label>\r\n            <\/div>\r\n            <div class=\"form-check\">\r\n                <input type=\"radio\" name=\"topic\" value=\"Autre\" class=\"form-control\" required>\r\n                <label for=\"autre\">Autre<\/label>\r\n            <\/div>\r\n        <\/div>\r\n        <div class=\"form-group full-width\">\r\n            <label for=\"contact_message\">Message<\/label>\r\n            <textarea name=\"message\" rows=\"3\" class=\"form-control\"><\/textarea>\r\n        <\/div>\r\n    <\/div>\r\n    <div class=\"form-actions\">\r\n        <button class=\"wp-block-button__link has-accent-background-color\">Contacter<\/button>\r\n    <\/div>\r\n<\/form>\r\n<div class=\"form-feedback\"><\/div>    <\/div>\n<h2>Diverses gammes de stores int\u00e9rieurs<\/h2>\n<p>Nos stores sur mesure pour votre int\u00e9rieur am\u00e9liorent l&rsquo;esth\u00e9tique de vos fen\u00eatres, contr\u00f4ler l&rsquo;entr\u00e9e de la lumi\u00e8re ou pr\u00e9server votre intimit\u00e9. Nous proposons un large choix de stores : v\u00e9nitiens, textiles, pliss\u00e9s, bandes verticales, enrouleurs, enrouleurs avec coffre, parois japonaises, rideaux, bateaux et bateaux voilage.<\/p>\n<h2>Store ext\u00e9rieur sur-mesure<\/h2>\n<p>Nos stores ext\u00e9rieurs sont install\u00e9s pour cr\u00e9er des zones ombrag\u00e9es. D\u00e9couvrez notre large s\u00e9lection de stores ext\u00e9rieurs : verri\u00e8res, loggias et v\u00e9randas, mais aussi fen\u00eatres, pourvues de coffres, semi-coffres, bannes, \u00e0 bras t\u00e9lescopiques ou articul\u00e9s.<\/p>\n<h2>Pergolas bioclimatiques et pergolas<\/h2>\n<p>Si vous souhaitez vous prot\u00e9ger de la pluie, nous vous recommandons de s\u00e9lectionner une pergola. Nous proposons des pergolas : toiles de protection solaire verticale, \u00e0 lames r\u00e9tractables, avec panneaux verticaux ou \u00e0 toits fixes.<\/p>\n<h2>Lambrequins lumineux<\/h2>\n<p>Nos lambrequins lumineux vous aident \u00e0 augmenter la visibilit\u00e9 nocturne : de votre restaurant, magasin, commerces, commerce, h\u00f4tel ou brasserie.&nbsp;<\/p>\n<h2>Rentoilage de stores<\/h2>\n<p>Nous proposons \u00e9galement le rentoilage de stores banne qui permet d&#8217;emp\u00eacher le remplacement complet du store.<\/p>\n<h2>Fen\u00eatres bois et alu<\/h2>\n<p>Si vous avez besoin de remplacer vos fen\u00eatres. Nous construisons et installons vos fen\u00eatres coulissantes et battantes : PVC, en bois ou aluminium.<\/p>\n<h2>Volet roulant \u00e9lectrique ou manuel<\/h2>\n<p>Pour am\u00e9liorer la protection phonique, thermique ou solaire, nous proposons aussi des volets roulants motoris\u00e9s ou manuels : m\u00e9talliques, aluminium, persiennes, solaires ou bois.<\/p>\n<h2>Nos films pour vitrages et stores sur mesure de qualit\u00e9<\/h2>\n<p>Nos films solaires sans tains vous aident \u00e0 contr\u00f4ler la temp\u00e9rature de votre maison, de vous prot\u00e9ger des rayons UV, et de prot\u00e9ger votre intimit\u00e9.<\/p>\n<h2>Menuiserie Lausanne : Alu, PVC, Bois<\/h2>\n<p>Nous avons par ailleurs d\u2019autres produits \u00e0 vous pr\u00e9senter, par exemple les :<\/p>\n<ul>\n<li>Portail et portes.<\/li>\n<li>Domotiques.<\/li>\n<li>Fen\u00eatres.<\/li>\n<li>Portes de garage.<\/li>\n<li>Carport.<\/li>\n<li>Garde-corps ext\u00e9rieurs.<\/li>\n<li>Volets.<\/li>\n<li>Alarmes.<\/li>\n<\/ul>\n<h2>Nos champs d&rsquo;intervention<\/h2>\n<h3>Les entreprises : caf\u00e9s, brasseries, boutiques et restaurants<\/h3>\n<p>Artisanlocal \u00e9labore, fabrique, et installe des stores pour les entreprises \u00e0 Lausanne, tels que : les bureaux, les boutiques et les restaurants.&nbsp;<\/p>\n<h3>Les particuliers et les copropri\u00e9t\u00e9s<\/h3>\n<p>Nous intervenons chez les particuliers et dans les copropri\u00e9t\u00e9s pour poser vos pergolas, pergolas bioclimatiques, fen\u00eatres, volets battants, stores de terrasse, volets roulants, v\u00e9randa et stores int\u00e9rieurs.<\/p>\n<h2>D\u00e9couvrez nos services<\/h2>\n<h3>Conception technique<\/h3>\n<p>Nous cr\u00e9ons tous vos stores personnalis\u00e9s selon vos besoin.<\/p>\n<h3>Installation personnalis\u00e9<\/h3>\n<p>Nos techniciens se d\u00e9placent \u00e0 Lausanne pour prendre les mesures et poser vos stores en fonction de vos attentes et vos contraintes.<\/p>\n<h3>R\u00e9paration de store \u00e0 Lausanne<\/h3>\n<p>Les storistes d&rsquo;Artisanlocal changent les parties de vos stores, lors de leur intervention, ils changent les parties d\u00e9fectueuses.<\/p>\n<h3>Entretien de store \u00e0 Lausanne<\/h3>\n<p>Une maintenance effectu\u00e9e r\u00e9guli\u00e8rement permet d&rsquo;augmenter la durabilit\u00e9 de vos stores. Un technicien doit venir \u00e0 votre domicile pour inspecter l\u2019\u00e9tat du store et si n\u00e9cessaire effectuer le rentoilage, la r\u00e9paration et le remplacement.<\/p>\n<h3>Options<\/h3>\n<p>Nous proposons diff\u00e9rents types d\u2019ouverture (manuelle ou \u00e9lectrique) pour les portes de garage, les stores et les volets.<\/p>\n<h2>Pourquoi choisir notre soci\u00e9t\u00e9 ?<\/h2>\n<p>Notre soci\u00e9t\u00e9 \u00e9tabli \u00e0 Lausanne est sp\u00e9cialis\u00e9e dans l\u2019installation et l\u2019entretien des stores. Nos storistes vous accompagneront dans le choix de votre store pour r\u00e9pondre au mieux \u00e0 vos demandes.<\/p>\n<h3>Grand choix de stores<\/h3>\n<p>Notre soci\u00e9t\u00e9 vous propose un grand choix de stores.<\/p>\n<h3>\u00c9tude et devis gratuit<\/h3>\n<p>Recevez un devis gratuit complet et sans engagement. Nos devis sont complets et transparents.&nbsp;<\/p>\n<h3>\u00c9tude pr\u00e9alable<\/h3>\n<p>Pour chacun des projets, nous examinons sa possibilit\u00e9 de r\u00e9alisation, et nous \u00e9laborons des plans personnalis\u00e9s pour incorporer de la meilleure sorte vos stores en consid\u00e9rant vos attentes.<\/p>\n<h3>Faire le choix de la qualit\u00e9<\/h3>\n<p>Nous utilisons pour nos stores des mat\u00e9riaux de qualit\u00e9, pour garantir une bonne durabilit\u00e9.<\/p>\n<h3>Intervention imm\u00e9diate \u00e0 Lausanne<\/h3>\n<p>Notre soci\u00e9t\u00e9 est situ\u00e9e au centre de Lausanne pour op\u00e9rer d\u00e8s que possible chez vous.<\/p>\n<h2>FAQ<\/h2>\n<h3>Les stores existants peuvent-ils \u00eatre motoris\u00e9s ?<\/h3>\n<p>Oui, la motorisation d&rsquo;un store est tout \u00e0 fait faisable, mais (selon certaines conditions). Un de nos techniciens doit op\u00e9rer \u00e0 votre domicile pour \u00e9tudier la faisabilit\u00e9 du projet.<\/p>\n<h3>Artisanlocal intervient dans les villes \u00e0 proximit\u00e9 de Lausanne ? ?<\/h3>\n<p>Oui, nous op\u00e9rons \u00e0 Lausanne et dans les villes aux environs, comme : Pully, Les Monts-de-Pully, La Croix (Lutry), Belmont-sur-Lausanne, La Conversion, Paudex, Lutry, Jouxtens-M\u00e9zery, Prilly, Renens VD, Crissier, Romanel-sur-Lausanne, Cheseaux-sur-Lausanne, Le Mont-sur-Lausanne, Bretigny-sur-Morrens, Cugy VD, Morrens VD, Froideville, Epalinges.<\/p>\n","protected":false},"excerpt":{"rendered":"<p>Notre entreprise est expert dans l&rsquo;installation de enseignes, stores, lambrequins lumineux et accessoires pour terrasses, intervient \u00e0 Lausanne et dans les villes \u00e0 proximit\u00e9s. Diverses gammes de stores int\u00e9rieurs Nos stores sur mesure pour votre int\u00e9rieur am\u00e9liorent l&rsquo;esth\u00e9tique de vos fen\u00eatres, contr\u00f4ler l&rsquo;entr\u00e9e de la lumi\u00e8re ou pr\u00e9server votre intimit\u00e9. Nous proposons un large choix [&hellip;]<\/p>\n","protected":false},"author":4,"featured_media":3071,"parent":0,"menu_order":0,"comment_status":"closed","ping_status":"closed","template":"","meta":{"footnotes":""},"profession":[130],"location":[31],"canton":[113],"class_list":["post-2996","page","type-page","status-publish","has-post-thumbnail","hentry","profession-storiste","location-lausanne","canton-vd"],"yoast_head":"<!-- This site is optimized with the Yoast SEO Premium plugin v25.7.1 (Yoast SEO v27.6) - https:\/\/yoast.com\/product\/yoast-seo-premium-wordpress\/ -->\n<title>Confiez la mise en place de votre store \u00e0 un professionnel exp\u00e9riment\u00e9 \u00e0 Lausanne - Artisanlocal<\/title>\n<meta name=\"robots\" content=\"index, follow, max-snippet:-1, max-image-preview:large, max-video-preview:-1\" \/>\n<link rel=\"canonical\" href=\"https:\/\/www.artisanlocal.ch\/c\/confiez-la-mise-en-place-de-votre-store-a-un-professionnel-experimente-a-lausanne\/\" \/>\n<meta property=\"og:locale\" content=\"fr_FR\" \/>\n<meta property=\"og:type\" content=\"article\" \/>\n<meta property=\"og:title\" content=\"Confiez la mise en place de votre store \u00e0 un professionnel exp\u00e9riment\u00e9 \u00e0 Lausanne\" \/>\n<meta property=\"og:description\" content=\"Notre entreprise est expert dans l&rsquo;installation de enseignes, stores, lambrequins lumineux et accessoires pour terrasses, intervient \u00e0 Lausanne et dans les villes \u00e0 proximit\u00e9s. Diverses gammes de stores int\u00e9rieurs Nos stores sur mesure pour votre int\u00e9rieur am\u00e9liorent l&rsquo;esth\u00e9tique de vos fen\u00eatres, contr\u00f4ler l&rsquo;entr\u00e9e de la lumi\u00e8re ou pr\u00e9server votre intimit\u00e9. Nous proposons un large choix [&hellip;]\" \/>\n<meta property=\"og:url\" content=\"https:\/\/www.artisanlocal.ch\/c\/confiez-la-mise-en-place-de-votre-store-a-un-professionnel-experimente-a-lausanne\/\" \/>\n<meta property=\"og:site_name\" content=\"Artisanlocal\" \/>\n<meta property=\"article:modified_time\" content=\"2025-08-26T17:24:18+00:00\" \/>\n<meta property=\"og:image\" content=\"https:\/\/www.artisanlocal.ch\/c\/wp-content\/uploads\/2024\/12\/storiste.jpg\" \/>\n\t<meta property=\"og:image:width\" content=\"1920\" \/>\n\t<meta property=\"og:image:height\" content=\"300\" \/>\n\t<meta property=\"og:image:type\" content=\"image\/jpeg\" \/>\n<meta name=\"twitter:card\" content=\"summary_large_image\" \/>\n<meta name=\"twitter:label1\" content=\"Dur\u00e9e de lecture estim\u00e9e\" \/>\n\t<meta name=\"twitter:data1\" content=\"4 minutes\" \/>\n<script type=\"application\/ld+json\" class=\"yoast-schema-graph\">{\"@context\":\"https:\\\/\\\/schema.org\",\"@graph\":[{\"@type\":\"WebPage\",\"@id\":\"https:\\\/\\\/www.artisanlocal.ch\\\/c\\\/confiez-la-mise-en-place-de-votre-store-a-un-professionnel-experimente-a-lausanne\\\/\",\"url\":\"https:\\\/\\\/www.artisanlocal.ch\\\/c\\\/confiez-la-mise-en-place-de-votre-store-a-un-professionnel-experimente-a-lausanne\\\/\",\"name\":\"Confiez la mise en place de votre store \u00e0 un professionnel exp\u00e9riment\u00e9 \u00e0 Lausanne - Artisanlocal\",\"isPartOf\":{\"@id\":\"https:\\\/\\\/www.artisanlocal.ch\\\/c\\\/#website\"},\"primaryImageOfPage\":{\"@id\":\"https:\\\/\\\/www.artisanlocal.ch\\\/c\\\/confiez-la-mise-en-place-de-votre-store-a-un-professionnel-experimente-a-lausanne\\\/#primaryimage\"},\"image\":{\"@id\":\"https:\\\/\\\/www.artisanlocal.ch\\\/c\\\/confiez-la-mise-en-place-de-votre-store-a-un-professionnel-experimente-a-lausanne\\\/#primaryimage\"},\"thumbnailUrl\":\"https:\\\/\\\/www.artisanlocal.ch\\\/c\\\/wp-content\\\/uploads\\\/2024\\\/12\\\/storiste.jpg\",\"datePublished\":\"2024-12-01T19:53:51+00:00\",\"dateModified\":\"2025-08-26T17:24:18+00:00\",\"breadcrumb\":{\"@id\":\"https:\\\/\\\/www.artisanlocal.ch\\\/c\\\/confiez-la-mise-en-place-de-votre-store-a-un-professionnel-experimente-a-lausanne\\\/#breadcrumb\"},\"inLanguage\":\"fr-FR\",\"potentialAction\":[{\"@type\":\"ReadAction\",\"target\":[\"https:\\\/\\\/www.artisanlocal.ch\\\/c\\\/confiez-la-mise-en-place-de-votre-store-a-un-professionnel-experimente-a-lausanne\\\/\"]}]},{\"@type\":\"ImageObject\",\"inLanguage\":\"fr-FR\",\"@id\":\"https:\\\/\\\/www.artisanlocal.ch\\\/c\\\/confiez-la-mise-en-place-de-votre-store-a-un-professionnel-experimente-a-lausanne\\\/#primaryimage\",\"url\":\"https:\\\/\\\/www.artisanlocal.ch\\\/c\\\/wp-content\\\/uploads\\\/2024\\\/12\\\/storiste.jpg\",\"contentUrl\":\"https:\\\/\\\/www.artisanlocal.ch\\\/c\\\/wp-content\\\/uploads\\\/2024\\\/12\\\/storiste.jpg\",\"width\":1920,\"height\":300},{\"@type\":\"BreadcrumbList\",\"@id\":\"https:\\\/\\\/www.artisanlocal.ch\\\/c\\\/confiez-la-mise-en-place-de-votre-store-a-un-professionnel-experimente-a-lausanne\\\/#breadcrumb\",\"itemListElement\":[{\"@type\":\"ListItem\",\"position\":1,\"name\":\"Accueil\",\"item\":\"https:\\\/\\\/www.artisanlocal.ch\\\/c\\\/\"},{\"@type\":\"ListItem\",\"position\":2,\"name\":\"Confiez la mise en place de votre store \u00e0 un professionnel exp\u00e9riment\u00e9 \u00e0 Lausanne\"}]},{\"@type\":\"WebSite\",\"@id\":\"https:\\\/\\\/www.artisanlocal.ch\\\/c\\\/#website\",\"url\":\"https:\\\/\\\/www.artisanlocal.ch\\\/c\\\/\",\"name\":\"Artisanlocal\",\"description\":\"\",\"publisher\":{\"@id\":\"https:\\\/\\\/www.artisanlocal.ch\\\/c\\\/#organization\"},\"potentialAction\":[{\"@type\":\"SearchAction\",\"target\":{\"@type\":\"EntryPoint\",\"urlTemplate\":\"https:\\\/\\\/www.artisanlocal.ch\\\/c\\\/?s={search_term_string}\"},\"query-input\":{\"@type\":\"PropertyValueSpecification\",\"valueRequired\":true,\"valueName\":\"search_term_string\"}}],\"inLanguage\":\"fr-FR\"},{\"@type\":\"Organization\",\"@id\":\"https:\\\/\\\/www.artisanlocal.ch\\\/c\\\/#organization\",\"name\":\"Artisanlocal\",\"url\":\"https:\\\/\\\/www.artisanlocal.ch\\\/c\\\/\",\"logo\":{\"@type\":\"ImageObject\",\"inLanguage\":\"fr-FR\",\"@id\":\"https:\\\/\\\/www.artisanlocal.ch\\\/c\\\/#\\\/schema\\\/logo\\\/image\\\/\",\"url\":\"https:\\\/\\\/www.artisanlocal.ch\\\/c\\\/wp-content\\\/uploads\\\/2024\\\/02\\\/logo-artisanlocal-h.svg\",\"contentUrl\":\"https:\\\/\\\/www.artisanlocal.ch\\\/c\\\/wp-content\\\/uploads\\\/2024\\\/02\\\/logo-artisanlocal-h.svg\",\"caption\":\"Artisanlocal\"},\"image\":{\"@id\":\"https:\\\/\\\/www.artisanlocal.ch\\\/c\\\/#\\\/schema\\\/logo\\\/image\\\/\"}}]}<\/script>\n<!-- \/ Yoast SEO Premium plugin. -->","yoast_head_json":{"title":"Confiez la mise en place de votre store \u00e0 un professionnel exp\u00e9riment\u00e9 \u00e0 Lausanne - Artisanlocal","robots":{"index":"index","follow":"follow","max-snippet":"max-snippet:-1","max-image-preview":"max-image-preview:large","max-video-preview":"max-video-preview:-1"},"canonical":"https:\/\/www.artisanlocal.ch\/c\/confiez-la-mise-en-place-de-votre-store-a-un-professionnel-experimente-a-lausanne\/","og_locale":"fr_FR","og_type":"article","og_title":"Confiez la mise en place de votre store \u00e0 un professionnel exp\u00e9riment\u00e9 \u00e0 Lausanne","og_description":"Notre entreprise est expert dans l&rsquo;installation de enseignes, stores, lambrequins lumineux et accessoires pour terrasses, intervient \u00e0 Lausanne et dans les villes \u00e0 proximit\u00e9s. Diverses gammes de stores int\u00e9rieurs Nos stores sur mesure pour votre int\u00e9rieur am\u00e9liorent l&rsquo;esth\u00e9tique de vos fen\u00eatres, contr\u00f4ler l&rsquo;entr\u00e9e de la lumi\u00e8re ou pr\u00e9server votre intimit\u00e9. Nous proposons un large choix [&hellip;]","og_url":"https:\/\/www.artisanlocal.ch\/c\/confiez-la-mise-en-place-de-votre-store-a-un-professionnel-experimente-a-lausanne\/","og_site_name":"Artisanlocal","article_modified_time":"2025-08-26T17:24:18+00:00","og_image":[{"width":1920,"height":300,"url":"https:\/\/www.artisanlocal.ch\/c\/wp-content\/uploads\/2024\/12\/storiste.jpg","type":"image\/jpeg"}],"twitter_card":"summary_large_image","twitter_misc":{"Dur\u00e9e de lecture estim\u00e9e":"4 minutes"},"schema":{"@context":"https:\/\/schema.org","@graph":[{"@type":"WebPage","@id":"https:\/\/www.artisanlocal.ch\/c\/confiez-la-mise-en-place-de-votre-store-a-un-professionnel-experimente-a-lausanne\/","url":"https:\/\/www.artisanlocal.ch\/c\/confiez-la-mise-en-place-de-votre-store-a-un-professionnel-experimente-a-lausanne\/","name":"Confiez la mise en place de votre store \u00e0 un professionnel exp\u00e9riment\u00e9 \u00e0 Lausanne - Artisanlocal","isPartOf":{"@id":"https:\/\/www.artisanlocal.ch\/c\/#website"},"primaryImageOfPage":{"@id":"https:\/\/www.artisanlocal.ch\/c\/confiez-la-mise-en-place-de-votre-store-a-un-professionnel-experimente-a-lausanne\/#primaryimage"},"image":{"@id":"https:\/\/www.artisanlocal.ch\/c\/confiez-la-mise-en-place-de-votre-store-a-un-professionnel-experimente-a-lausanne\/#primaryimage"},"thumbnailUrl":"https:\/\/www.artisanlocal.ch\/c\/wp-content\/uploads\/2024\/12\/storiste.jpg","datePublished":"2024-12-01T19:53:51+00:00","dateModified":"2025-08-26T17:24:18+00:00","breadcrumb":{"@id":"https:\/\/www.artisanlocal.ch\/c\/confiez-la-mise-en-place-de-votre-store-a-un-professionnel-experimente-a-lausanne\/#breadcrumb"},"inLanguage":"fr-FR","potentialAction":[{"@type":"ReadAction","target":["https:\/\/www.artisanlocal.ch\/c\/confiez-la-mise-en-place-de-votre-store-a-un-professionnel-experimente-a-lausanne\/"]}]},{"@type":"ImageObject","inLanguage":"fr-FR","@id":"https:\/\/www.artisanlocal.ch\/c\/confiez-la-mise-en-place-de-votre-store-a-un-professionnel-experimente-a-lausanne\/#primaryimage","url":"https:\/\/www.artisanlocal.ch\/c\/wp-content\/uploads\/2024\/12\/storiste.jpg","contentUrl":"https:\/\/www.artisanlocal.ch\/c\/wp-content\/uploads\/2024\/12\/storiste.jpg","width":1920,"height":300},{"@type":"BreadcrumbList","@id":"https:\/\/www.artisanlocal.ch\/c\/confiez-la-mise-en-place-de-votre-store-a-un-professionnel-experimente-a-lausanne\/#breadcrumb","itemListElement":[{"@type":"ListItem","position":1,"name":"Accueil","item":"https:\/\/www.artisanlocal.ch\/c\/"},{"@type":"ListItem","position":2,"name":"Confiez la mise en place de votre store \u00e0 un professionnel exp\u00e9riment\u00e9 \u00e0 Lausanne"}]},{"@type":"WebSite","@id":"https:\/\/www.artisanlocal.ch\/c\/#website","url":"https:\/\/www.artisanlocal.ch\/c\/","name":"Artisanlocal","description":"","publisher":{"@id":"https:\/\/www.artisanlocal.ch\/c\/#organization"},"potentialAction":[{"@type":"SearchAction","target":{"@type":"EntryPoint","urlTemplate":"https:\/\/www.artisanlocal.ch\/c\/?s={search_term_string}"},"query-input":{"@type":"PropertyValueSpecification","valueRequired":true,"valueName":"search_term_string"}}],"inLanguage":"fr-FR"},{"@type":"Organization","@id":"https:\/\/www.artisanlocal.ch\/c\/#organization","name":"Artisanlocal","url":"https:\/\/www.artisanlocal.ch\/c\/","logo":{"@type":"ImageObject","inLanguage":"fr-FR","@id":"https:\/\/www.artisanlocal.ch\/c\/#\/schema\/logo\/image\/","url":"https:\/\/www.artisanlocal.ch\/c\/wp-content\/uploads\/2024\/02\/logo-artisanlocal-h.svg","contentUrl":"https:\/\/www.artisanlocal.ch\/c\/wp-content\/uploads\/2024\/02\/logo-artisanlocal-h.svg","caption":"Artisanlocal"},"image":{"@id":"https:\/\/www.artisanlocal.ch\/c\/#\/schema\/logo\/image\/"}}]}},"_links":{"self":[{"href":"https:\/\/www.artisanlocal.ch\/c\/wp-json\/wp\/v2\/pages\/2996","targetHints":{"allow":["GET"]}}],"collection":[{"href":"https:\/\/www.artisanlocal.ch\/c\/wp-json\/wp\/v2\/pages"}],"about":[{"href":"https:\/\/www.artisanlocal.ch\/c\/wp-json\/wp\/v2\/types\/page"}],"author":[{"embeddable":true,"href":"https:\/\/www.artisanlocal.ch\/c\/wp-json\/wp\/v2\/users\/4"}],"replies":[{"embeddable":true,"href":"https:\/\/www.artisanlocal.ch\/c\/wp-json\/wp\/v2\/comments?post=2996"}],"version-history":[{"count":0,"href":"https:\/\/www.artisanlocal.ch\/c\/wp-json\/wp\/v2\/pages\/2996\/revisions"}],"wp:featuredmedia":[{"embeddable":true,"href":"https:\/\/www.artisanlocal.ch\/c\/wp-json\/wp\/v2\/media\/3071"}],"wp:attachment":[{"href":"https:\/\/www.artisanlocal.ch\/c\/wp-json\/wp\/v2\/media?parent=2996"}],"wp:term":[{"taxonomy":"profession","embeddable":true,"href":"https:\/\/www.artisanlocal.ch\/c\/wp-json\/wp\/v2\/profession?post=2996"},{"taxonomy":"location","embeddable":true,"href":"https:\/\/www.artisanlocal.ch\/c\/wp-json\/wp\/v2\/location?post=2996"},{"taxonomy":"canton","embeddable":true,"href":"https:\/\/www.artisanlocal.ch\/c\/wp-json\/wp\/v2\/canton?post=2996"}],"curies":[{"name":"wp","href":"https:\/\/api.w.org\/{rel}","templated":true}]}}