{"id":2998,"date":"2024-11-29T17:09:27","date_gmt":"2024-11-29T16:09:27","guid":{"rendered":"https:\/\/www.artisanlocal.ch\/c\/artisanlocal-le-specialiste-fermetures-et-stores-sur-mesure-a-moudon\/"},"modified":"2025-08-26T19:24:31","modified_gmt":"2025-08-26T17:24:31","slug":"artisanlocal-le-specialiste-fermetures-et-stores-sur-mesure-a-moudon","status":"publish","type":"page","link":"https:\/\/www.artisanlocal.ch\/c\/artisanlocal-le-specialiste-fermetures-et-stores-sur-mesure-a-moudon\/","title":{"rendered":"Artisanlocal le sp\u00e9cialiste fermetures et stores sur mesure \u00e0 Moudon"},"content":{"rendered":"<p>Notre soci\u00e9t\u00e9 est expert dans l&rsquo;installation de enseignes, stores, accessoires pour terrasses et lambrequins lumineux, op\u00e8re \u00e0 Moudon et dans les villes \u00e0 proximit\u00e9s.<\/p>\n\r\n<div class=\"box\">\r\n            <div class=\"company-info\">\r\n            <img decoding=\"async\" class=\"company-info__logo\" src=\"https:\/\/www.artisanlocal.ch\/media\/cache\/thumb\/images\/companies\/670fc68a3f5db832854020.png\" alt=\"Logo\">\r\n            <h2 class=\"company-info__name\">CGMultiservices - Gani\u00e8re Christophe<\/h2>\r\n            <p class=\"company-info__business\">Moustiquaires sur mesure - Portes de garage - Stores - Soudure - Services<\/p>\r\n        <\/div>\r\n        <div class=\"company-contact\">\r\n            <p class=\"company-info__address\">Impasse Champ le Derrey 18<\/p>\r\n                            <div class=\"links\">\r\n                                            <a class=\"btn has-accent-background-color js-phoneNumber\" href=\"tel:0792340511\" title=\"Appelez\" data-id=\"12276\" data-type=\"11\">079 234 05 11<\/a>\r\n                                                                <a class=\"btn has-accent-background-color\" href=\"https:\/\/cgmultiservices.digitalone.site\/\" target=\"_blank\" title=\"Voir le site internet\" data-id=\"12276\" data-type=\"20\">Site internet<\/a>\r\n                                    <\/div>\r\n                    <\/div>\r\n    \r\n            \r\n<form action=\"https:\/\/www.artisanlocal.ch\/c\/wp-admin\/admin-ajax.php\" method=\"post\" class=\"form-contact\" id=\"artisan_form_contact_company_inline\">\r\n    <div><input type=\"hidden\" name=\"action\" value=\"company_contact\"><\/div>\r\n    <div><input type=\"hidden\" name=\"nonce\" value=\"4e25433c73\"><\/div>\r\n    <div><input type=\"hidden\" name=\"company_id\" value=\"12276\"><\/div>\r\n    <div><input type=\"hidden\" name=\"form_id\" value=\"artisan_form_contact_company_inline\"><\/div>\r\n    <div class=\"gglcptch gglcptch_v3 gglcptch_custom\"><input type=\"hidden\" id=\"g-recaptcha-response\" name=\"g-recaptcha-response\" \/><br \/><div class=\"gglcptch_error_text\">La p\u00e9riode de v\u00e9rification reCAPTCHA a expir\u00e9. Veuillez recharger la page.<\/div><\/div>    <div class=\"form-content\">\r\n        <div class=\"form-group\">\r\n            <label for=\"contact_firstName\" class=\"required\">Pr\u00e9nom<\/label>\r\n            <input type=\"text\" name=\"firstName\" class=\"form-control\" required>\r\n        <\/div>\r\n        <div class=\"form-group\">\r\n            <label for=\"contact_lastName\" class=\"required\">Nom<\/label>\r\n            <input type=\"text\" name=\"lastName\" class=\"form-control\" required>\r\n        <\/div>\r\n        <div class=\"form-group\">\r\n            <label for=\"contact_email\" class=\"required\">Email<\/label>\r\n            <input type=\"email\" name=\"email\" class=\"form-control\" required>\r\n        <\/div>\r\n        <div class=\"form-group\">\r\n            <label for=\"contact_phone\" class=\"required\">Num\u00e9ro de t\u00e9l\u00e9phone<\/label>\r\n            <input type=\"tel\" name=\"phone\" class=\"form-control\" placeholder=\"0787117165\" pattern=\"^[0-9]{10}$\" required>\r\n        <\/div>\r\n        <div class=\"form-group\">\r\n            <label for=\"contact_postalCode\" class=\"required\">Code postal et localit\u00e9<\/label>\r\n            <input type=\"text\" name=\"postalCode\" class=\"form-control\" required>\r\n        <\/div>\r\n        <div class=\"form-group\">\r\n            <label for=\"contact_address\" class=\"required\">Adresse<\/label>\r\n            <input type=\"text\" name=\"address\" class=\"form-control\" required>\r\n        <\/div>\r\n        <div class=\"full-width topic\">\r\n            <p class=\"required\">Je souhaite \u00eatre contact\u00e9 pour :<\/p>\r\n            <div class=\"form-check\">\r\n                <input type=\"radio\" name=\"topic\" value=\"D\u00e9pannage\" class=\"form-control\" required>\r\n                <label for=\"d\u00e9pannage\">D\u00e9pannage<\/label>\r\n            <\/div>\r\n            <div class=\"form-check\">\r\n                <input type=\"radio\" name=\"topic\" value=\"Entretien\" class=\"form-control\" required>\r\n                <label for=\"entretien\">Entretien<\/label>\r\n            <\/div>\r\n            <div class=\"form-check\">\r\n                <input type=\"radio\" name=\"topic\" value=\"R\u00e9novation\" class=\"form-control\" required>\r\n                <label for=\"r\u00e9novation\">R\u00e9novation<\/label>\r\n            <\/div>\r\n            <div class=\"form-check\">\r\n                <input type=\"radio\" name=\"topic\" value=\"Autre\" class=\"form-control\" required>\r\n                <label for=\"autre\">Autre<\/label>\r\n            <\/div>\r\n        <\/div>\r\n        <div class=\"form-group full-width\">\r\n            <label for=\"contact_message\">Message<\/label>\r\n            <textarea name=\"message\" rows=\"3\" class=\"form-control\"><\/textarea>\r\n        <\/div>\r\n    <\/div>\r\n    <div class=\"form-actions\">\r\n        <button class=\"wp-block-button__link has-accent-background-color\">Contacter<\/button>\r\n    <\/div>\r\n<\/form>\r\n<div class=\"form-feedback\"><\/div>    <\/div>\n<h2>Large choix de stores int\u00e9rieurs<\/h2>\n<p>Nos stores int\u00e9rieurs sont d\u00e9velopp\u00e9s pour embellir l&rsquo;apparence de vos fen\u00eatres, r\u00e9guler la lumi\u00e8re et pr\u00e9servez votre intimit\u00e9. Nous offrons un grand choix de stores : textiles, enrouleurs, bateaux, pliss\u00e9s, rideaux, parois japonaises, v\u00e9nitiens, bandes verticales, enrouleurs avec coffre et bateaux voilage.<\/p>\n<h2>Stores ext\u00e9rieurs<\/h2>\n<p>Nos stores ext\u00e9rieurs sont adapt\u00e9s pour cr\u00e9er des zones ombrag\u00e9es. D\u00e9couvrez notre choix de stores ext\u00e9rieurs : bannes et coffres, ou semi-coffres, articul\u00e9s ou \u00e0 bras t\u00e9lescopiques, de fen\u00eatre, mais aussi des loggias, v\u00e9randas ainsi que des verri\u00e8res.<\/p>\n<h2>Pergolas<\/h2>\n<p>Si vous cherchez une protection contre la pluie, nous vous sugg\u00e9rons de s\u00e9lectionner une pergola. Nous proposons des pergolas : toiles de protection solaire verticale, \u00e0 lames r\u00e9tractables, avec panneaux verticaux ou \u00e0 toits fixes.<\/p>\n<h2>Lambrequins lumineux<\/h2>\n<p>Nos lambrequins lumineux vous permettent d&rsquo;am\u00e9liorer la visibilit\u00e9 nocturne : de votre commerce, magasin, commerces, brasserie, restaurant ou h\u00f4tel.&nbsp;<\/p>\n<h2>Rentoilage de toiles du store banne ou pergola<\/h2>\n<p>Notre entreprise propose le rentoilage de stores banne qui est une solution \u00e9conomique et vous permet d&#8217;emp\u00eacher le changement complet du store.<\/p>\n<h2>Fen\u00eatre bois aluminium \u00e0 Moudon<\/h2>\n<p>Si vous avez besoin de r\u00e9nover vos fen\u00eatres. Nous avons une gamme de fen\u00eatres battantes et coulissantes : en bois, aluminium ou PVC.<\/p>\n<h2>Volets roulants avec ou sans motorisation<\/h2>\n<p>Pour am\u00e9liorer la protection phonique, thermique ou solaire, privil\u00e9gier nos volets roulants motoris\u00e9s ou manuels : m\u00e9talliques, aluminium, persiennes, solaires ou bois.<\/p>\n<h2>Film solaire sur mesure pour fen\u00eatre <\/h2>\n<p>Le film de protection solaire pour fen\u00eatre aide \u00e0 r\u00e9duire la temp\u00e9rature de votre espace int\u00e9rieur, de vous prot\u00e9ger des rayons UV, et de prot\u00e9ger votre intimit\u00e9.<\/p>\n<h2>Menuiserie Moudon : Alu, PVC, Bois<\/h2>\n<p>Nous proposons aussi d\u2019autres solutions personnalis\u00e9es, tels que :<\/p>\n<ul>\n<li>Portail et portes.<\/li>\n<li>Domotiques.<\/li>\n<li>Fen\u00eatres.<\/li>\n<li>Portes de garage.<\/li>\n<li>Carport.<\/li>\n<li>Garde-corps ext\u00e9rieurs.<\/li>\n<li>Volets.<\/li>\n<li>Alarmes.<\/li>\n<\/ul>\n<h2>Nos champs d&rsquo;intervention<\/h2>\n<h3>Les entreprises : caf\u00e9s, brasseries, boutiques et h\u00f4tels<\/h3>\n<p>Artisanlocal est sp\u00e9cialis\u00e9 dans la cr\u00e9ation, la fabrication, et l\u2019installation de stores pour les soci\u00e9t\u00e9s \u00e0 Moudon, tels que : les bureaux, les boutiques et les restaurants.&nbsp;<\/p>\n<h3>Pour les copropri\u00e9t\u00e9s et particuliers<\/h3>\n<p>Intervention chez les particuliers et les copropri\u00e9t\u00e9s, nous installons vos pergolas, pergolas bioclimatiques, volets battants, fen\u00eatres, stores de terrasse, v\u00e9randas, volets roulants et stores int\u00e9rieurs.<\/p>\n<h2>Tous nos services<\/h2>\n<h3>Conception de stores sur mesure<\/h3>\n<p>Nous \u00e9laborons des stores personnalis\u00e9s en fonction de vos probl\u00e9matiques et besoins.<\/p>\n<h3>Installation sur mesure<\/h3>\n<p>Nos techniciens se d\u00e9placent \u00e0 Moudon pour panifier et installer vos stores en fonction de vos contraintes et vos besoins.<\/p>\n<h3>Service de r\u00e9paration de stores<\/h3>\n<p>Nos storistes r\u00e9parent vos stores, lors de leur intervention, ils changent les \u00e9l\u00e9ments d\u00e9fectueux.<\/p>\n<h3>Entretien sur-mesure de tous vos stores<\/h3>\n<p>Un service d&rsquo;entretien r\u00e9alis\u00e9 r\u00e9guli\u00e8rement permet d\u2019augmenter la durabilit\u00e9 de vos stores. Un storiste doit intervenir chez vous pour contr\u00f4ler l\u2019\u00e9tat du store et si n\u00e9cessaire effectuer le rentoilage, le remplacement et la r\u00e9paration.<\/p>\n<h3>Options<\/h3>\n<p>Nous proposons diff\u00e9rents mod\u00e8les d\u2019ouverture (manuelle ou \u00e9lectrique) pour les stores, volets et portes de garage.<\/p>\n<h2>Pourquoi choisir Artisanlocal ?<\/h2>\n<p>Artisanlocal est sp\u00e9cialis\u00e9 dans la pose et l\u2019entretien de stores et de fermetures \u00e0 Moudon. Nous vous guidons de A \u00e0 Z, de l\u2019audit de votre besoin \u00e0 l&rsquo;installation.<\/p>\n<h3>Large gamme<\/h3>\n<p>Nous proposons un large choix de stores int\u00e9rieurs et ext\u00e9rieurs.<\/p>\n<h3>Devis gratuits<\/h3>\n<p>Recevez un devis gratuit. Nos devis sont complets et transparents.&nbsp;<\/p>\n<h3>\u00c9tude de faisabilit\u00e9<\/h3>\n<p>Nous examinons toujours la faisabilit\u00e9 des projets, et nous fabriquons des plans personnalis\u00e9s pour ins\u00e9rer de la meilleure mani\u00e8re vos stores en tenant compte vos probl\u00e9matiques et vos besoins.<\/p>\n<h3>Store haut de gamme<\/h3>\n<p>Nous utilisons pour nos stores des mat\u00e9riaux performants, de mani\u00e8re \u00e0 garantir une bonne long\u00e9vit\u00e9.<\/p>\n<h3>Intervention imm\u00e9diate \u00e0 Moudon<\/h3>\n<p>Le technicien storiste qui est localis\u00e9 \u00e0 Moudon intervient d\u00e8s que possible chez vous pour poser ou r\u00e9parer vos stores.<\/p>\n<h2>FAQ<\/h2>\n<h3>Les stores existants peuvent-ils \u00eatre m\u00e9canis\u00e9s ?<\/h3>\n<p>Oui, nous pouvons m\u00e9caniser vos stores sous certaines conditions. Un de nos storistes se d\u00e9place \u00e0 votre domicile pour estimer la viabilit\u00e9 du projet.<\/p>\n<h3>Votre soci\u00e9t\u00e9 intervient-elle dans les villes \u00e0 proximit\u00e9 de Moudon ? ?<\/h3>\n<p>Oui, nous intervenons \u00e0 Moudon et dans les villes aux environs, comme : Ogens, Villars-Mendraz, Sottens, Boulens, Chapelle-sur-Moudon, Martherenges, Peyres-Possens, Chan\u00e9az, Pr\u00e9vondavaux, Correvon, Denezy, St-Cierges, Thierrens, Vuissens, Vucherens, Syens, Chavannes-sur-Moudon, Hermenches, Rossenges, Bussy-sur-Moudon, Neyruz-sur-Moudon, Villars-le-Comte, Curtilles, Lucens, Oulens-sur-Lucens, Granges-pr\u00e8s-Marnand, Marnand, Henniez, Seigneux, Cremin, Forel-sur-Lucens, Villeneuve FR, Praratoud, Surpierre, Cheiry, Chapelle (Broye), Sassel, Combremont-le-Grand, Combremont-le-Petit, Champtauroz, Rossens VD, S\u00e9deilles, Villarzel, Dompierre VD, Lovatens, Pr\u00e9vonloup, Cerniaz VD, Villars-Bramard, Brenles, Chesalles-sur-Moudon, Sarzens.<\/p>\n","protected":false},"excerpt":{"rendered":"<p>Notre soci\u00e9t\u00e9 est expert dans l&rsquo;installation de enseignes, stores, accessoires pour terrasses et lambrequins lumineux, op\u00e8re \u00e0 Moudon et dans les villes \u00e0 proximit\u00e9s. Large choix de stores int\u00e9rieurs Nos stores int\u00e9rieurs sont d\u00e9velopp\u00e9s pour embellir l&rsquo;apparence de vos fen\u00eatres, r\u00e9guler la lumi\u00e8re et pr\u00e9servez votre intimit\u00e9. Nous offrons un grand choix de stores : [&hellip;]<\/p>\n","protected":false},"author":4,"featured_media":3071,"parent":0,"menu_order":0,"comment_status":"closed","ping_status":"closed","template":"","meta":{"footnotes":""},"profession":[130],"location":[63],"canton":[113],"class_list":["post-2998","page","type-page","status-publish","has-post-thumbnail","hentry","profession-storiste","location-moudon","canton-vd"],"yoast_head":"<!-- This site is optimized with the Yoast SEO Premium plugin v25.7.1 (Yoast SEO v27.3) - https:\/\/yoast.com\/product\/yoast-seo-premium-wordpress\/ -->\n<title>Artisanlocal le sp\u00e9cialiste fermetures et stores sur mesure \u00e0 Moudon - Artisanlocal<\/title>\n<meta name=\"robots\" content=\"index, follow, max-snippet:-1, max-image-preview:large, max-video-preview:-1\" \/>\n<link rel=\"canonical\" href=\"https:\/\/www.artisanlocal.ch\/c\/artisanlocal-le-specialiste-fermetures-et-stores-sur-mesure-a-moudon\/\" \/>\n<meta property=\"og:locale\" content=\"fr_FR\" \/>\n<meta property=\"og:type\" content=\"article\" \/>\n<meta property=\"og:title\" content=\"Artisanlocal le sp\u00e9cialiste fermetures et stores sur mesure \u00e0 Moudon\" \/>\n<meta property=\"og:description\" content=\"Notre soci\u00e9t\u00e9 est expert dans l&rsquo;installation de enseignes, stores, accessoires pour terrasses et lambrequins lumineux, op\u00e8re \u00e0 Moudon et dans les villes \u00e0 proximit\u00e9s. Large choix de stores int\u00e9rieurs Nos stores int\u00e9rieurs sont d\u00e9velopp\u00e9s pour embellir l&rsquo;apparence de vos fen\u00eatres, r\u00e9guler la lumi\u00e8re et pr\u00e9servez votre intimit\u00e9. Nous offrons un grand choix de stores : [&hellip;]\" \/>\n<meta property=\"og:url\" content=\"https:\/\/www.artisanlocal.ch\/c\/artisanlocal-le-specialiste-fermetures-et-stores-sur-mesure-a-moudon\/\" \/>\n<meta property=\"og:site_name\" content=\"Artisanlocal\" \/>\n<meta property=\"article:modified_time\" content=\"2025-08-26T17:24:31+00:00\" \/>\n<meta property=\"og:image\" content=\"https:\/\/www.artisanlocal.ch\/c\/wp-content\/uploads\/2024\/12\/storiste.jpg\" \/>\n\t<meta property=\"og:image:width\" content=\"1920\" \/>\n\t<meta property=\"og:image:height\" content=\"300\" \/>\n\t<meta property=\"og:image:type\" content=\"image\/jpeg\" \/>\n<meta name=\"twitter:card\" content=\"summary_large_image\" \/>\n<meta name=\"twitter:label1\" content=\"Dur\u00e9e de lecture estim\u00e9e\" \/>\n\t<meta name=\"twitter:data1\" content=\"4 minutes\" \/>\n<script type=\"application\/ld+json\" class=\"yoast-schema-graph\">{\"@context\":\"https:\\\/\\\/schema.org\",\"@graph\":[{\"@type\":\"WebPage\",\"@id\":\"https:\\\/\\\/www.artisanlocal.ch\\\/c\\\/artisanlocal-le-specialiste-fermetures-et-stores-sur-mesure-a-moudon\\\/\",\"url\":\"https:\\\/\\\/www.artisanlocal.ch\\\/c\\\/artisanlocal-le-specialiste-fermetures-et-stores-sur-mesure-a-moudon\\\/\",\"name\":\"Artisanlocal le sp\u00e9cialiste fermetures et stores sur mesure \u00e0 Moudon - Artisanlocal\",\"isPartOf\":{\"@id\":\"https:\\\/\\\/www.artisanlocal.ch\\\/c\\\/#website\"},\"primaryImageOfPage\":{\"@id\":\"https:\\\/\\\/www.artisanlocal.ch\\\/c\\\/artisanlocal-le-specialiste-fermetures-et-stores-sur-mesure-a-moudon\\\/#primaryimage\"},\"image\":{\"@id\":\"https:\\\/\\\/www.artisanlocal.ch\\\/c\\\/artisanlocal-le-specialiste-fermetures-et-stores-sur-mesure-a-moudon\\\/#primaryimage\"},\"thumbnailUrl\":\"https:\\\/\\\/www.artisanlocal.ch\\\/c\\\/wp-content\\\/uploads\\\/2024\\\/12\\\/storiste.jpg\",\"datePublished\":\"2024-11-29T16:09:27+00:00\",\"dateModified\":\"2025-08-26T17:24:31+00:00\",\"breadcrumb\":{\"@id\":\"https:\\\/\\\/www.artisanlocal.ch\\\/c\\\/artisanlocal-le-specialiste-fermetures-et-stores-sur-mesure-a-moudon\\\/#breadcrumb\"},\"inLanguage\":\"fr-FR\",\"potentialAction\":[{\"@type\":\"ReadAction\",\"target\":[\"https:\\\/\\\/www.artisanlocal.ch\\\/c\\\/artisanlocal-le-specialiste-fermetures-et-stores-sur-mesure-a-moudon\\\/\"]}]},{\"@type\":\"ImageObject\",\"inLanguage\":\"fr-FR\",\"@id\":\"https:\\\/\\\/www.artisanlocal.ch\\\/c\\\/artisanlocal-le-specialiste-fermetures-et-stores-sur-mesure-a-moudon\\\/#primaryimage\",\"url\":\"https:\\\/\\\/www.artisanlocal.ch\\\/c\\\/wp-content\\\/uploads\\\/2024\\\/12\\\/storiste.jpg\",\"contentUrl\":\"https:\\\/\\\/www.artisanlocal.ch\\\/c\\\/wp-content\\\/uploads\\\/2024\\\/12\\\/storiste.jpg\",\"width\":1920,\"height\":300},{\"@type\":\"BreadcrumbList\",\"@id\":\"https:\\\/\\\/www.artisanlocal.ch\\\/c\\\/artisanlocal-le-specialiste-fermetures-et-stores-sur-mesure-a-moudon\\\/#breadcrumb\",\"itemListElement\":[{\"@type\":\"ListItem\",\"position\":1,\"name\":\"Accueil\",\"item\":\"https:\\\/\\\/www.artisanlocal.ch\\\/c\\\/\"},{\"@type\":\"ListItem\",\"position\":2,\"name\":\"Artisanlocal le sp\u00e9cialiste fermetures et stores sur mesure \u00e0 Moudon\"}]},{\"@type\":\"WebSite\",\"@id\":\"https:\\\/\\\/www.artisanlocal.ch\\\/c\\\/#website\",\"url\":\"https:\\\/\\\/www.artisanlocal.ch\\\/c\\\/\",\"name\":\"Artisanlocal\",\"description\":\"\",\"publisher\":{\"@id\":\"https:\\\/\\\/www.artisanlocal.ch\\\/c\\\/#organization\"},\"potentialAction\":[{\"@type\":\"SearchAction\",\"target\":{\"@type\":\"EntryPoint\",\"urlTemplate\":\"https:\\\/\\\/www.artisanlocal.ch\\\/c\\\/?s={search_term_string}\"},\"query-input\":{\"@type\":\"PropertyValueSpecification\",\"valueRequired\":true,\"valueName\":\"search_term_string\"}}],\"inLanguage\":\"fr-FR\"},{\"@type\":\"Organization\",\"@id\":\"https:\\\/\\\/www.artisanlocal.ch\\\/c\\\/#organization\",\"name\":\"Artisanlocal\",\"url\":\"https:\\\/\\\/www.artisanlocal.ch\\\/c\\\/\",\"logo\":{\"@type\":\"ImageObject\",\"inLanguage\":\"fr-FR\",\"@id\":\"https:\\\/\\\/www.artisanlocal.ch\\\/c\\\/#\\\/schema\\\/logo\\\/image\\\/\",\"url\":\"https:\\\/\\\/www.artisanlocal.ch\\\/c\\\/wp-content\\\/uploads\\\/2024\\\/02\\\/logo-artisanlocal-h.svg\",\"contentUrl\":\"https:\\\/\\\/www.artisanlocal.ch\\\/c\\\/wp-content\\\/uploads\\\/2024\\\/02\\\/logo-artisanlocal-h.svg\",\"caption\":\"Artisanlocal\"},\"image\":{\"@id\":\"https:\\\/\\\/www.artisanlocal.ch\\\/c\\\/#\\\/schema\\\/logo\\\/image\\\/\"}}]}<\/script>\n<!-- \/ Yoast SEO Premium plugin. -->","yoast_head_json":{"title":"Artisanlocal le sp\u00e9cialiste fermetures et stores sur mesure \u00e0 Moudon - Artisanlocal","robots":{"index":"index","follow":"follow","max-snippet":"max-snippet:-1","max-image-preview":"max-image-preview:large","max-video-preview":"max-video-preview:-1"},"canonical":"https:\/\/www.artisanlocal.ch\/c\/artisanlocal-le-specialiste-fermetures-et-stores-sur-mesure-a-moudon\/","og_locale":"fr_FR","og_type":"article","og_title":"Artisanlocal le sp\u00e9cialiste fermetures et stores sur mesure \u00e0 Moudon","og_description":"Notre soci\u00e9t\u00e9 est expert dans l&rsquo;installation de enseignes, stores, accessoires pour terrasses et lambrequins lumineux, op\u00e8re \u00e0 Moudon et dans les villes \u00e0 proximit\u00e9s. Large choix de stores int\u00e9rieurs Nos stores int\u00e9rieurs sont d\u00e9velopp\u00e9s pour embellir l&rsquo;apparence de vos fen\u00eatres, r\u00e9guler la lumi\u00e8re et pr\u00e9servez votre intimit\u00e9. Nous offrons un grand choix de stores : [&hellip;]","og_url":"https:\/\/www.artisanlocal.ch\/c\/artisanlocal-le-specialiste-fermetures-et-stores-sur-mesure-a-moudon\/","og_site_name":"Artisanlocal","article_modified_time":"2025-08-26T17:24:31+00:00","og_image":[{"width":1920,"height":300,"url":"https:\/\/www.artisanlocal.ch\/c\/wp-content\/uploads\/2024\/12\/storiste.jpg","type":"image\/jpeg"}],"twitter_card":"summary_large_image","twitter_misc":{"Dur\u00e9e de lecture estim\u00e9e":"4 minutes"},"schema":{"@context":"https:\/\/schema.org","@graph":[{"@type":"WebPage","@id":"https:\/\/www.artisanlocal.ch\/c\/artisanlocal-le-specialiste-fermetures-et-stores-sur-mesure-a-moudon\/","url":"https:\/\/www.artisanlocal.ch\/c\/artisanlocal-le-specialiste-fermetures-et-stores-sur-mesure-a-moudon\/","name":"Artisanlocal le sp\u00e9cialiste fermetures et stores sur mesure \u00e0 Moudon - Artisanlocal","isPartOf":{"@id":"https:\/\/www.artisanlocal.ch\/c\/#website"},"primaryImageOfPage":{"@id":"https:\/\/www.artisanlocal.ch\/c\/artisanlocal-le-specialiste-fermetures-et-stores-sur-mesure-a-moudon\/#primaryimage"},"image":{"@id":"https:\/\/www.artisanlocal.ch\/c\/artisanlocal-le-specialiste-fermetures-et-stores-sur-mesure-a-moudon\/#primaryimage"},"thumbnailUrl":"https:\/\/www.artisanlocal.ch\/c\/wp-content\/uploads\/2024\/12\/storiste.jpg","datePublished":"2024-11-29T16:09:27+00:00","dateModified":"2025-08-26T17:24:31+00:00","breadcrumb":{"@id":"https:\/\/www.artisanlocal.ch\/c\/artisanlocal-le-specialiste-fermetures-et-stores-sur-mesure-a-moudon\/#breadcrumb"},"inLanguage":"fr-FR","potentialAction":[{"@type":"ReadAction","target":["https:\/\/www.artisanlocal.ch\/c\/artisanlocal-le-specialiste-fermetures-et-stores-sur-mesure-a-moudon\/"]}]},{"@type":"ImageObject","inLanguage":"fr-FR","@id":"https:\/\/www.artisanlocal.ch\/c\/artisanlocal-le-specialiste-fermetures-et-stores-sur-mesure-a-moudon\/#primaryimage","url":"https:\/\/www.artisanlocal.ch\/c\/wp-content\/uploads\/2024\/12\/storiste.jpg","contentUrl":"https:\/\/www.artisanlocal.ch\/c\/wp-content\/uploads\/2024\/12\/storiste.jpg","width":1920,"height":300},{"@type":"BreadcrumbList","@id":"https:\/\/www.artisanlocal.ch\/c\/artisanlocal-le-specialiste-fermetures-et-stores-sur-mesure-a-moudon\/#breadcrumb","itemListElement":[{"@type":"ListItem","position":1,"name":"Accueil","item":"https:\/\/www.artisanlocal.ch\/c\/"},{"@type":"ListItem","position":2,"name":"Artisanlocal le sp\u00e9cialiste fermetures et stores sur mesure \u00e0 Moudon"}]},{"@type":"WebSite","@id":"https:\/\/www.artisanlocal.ch\/c\/#website","url":"https:\/\/www.artisanlocal.ch\/c\/","name":"Artisanlocal","description":"","publisher":{"@id":"https:\/\/www.artisanlocal.ch\/c\/#organization"},"potentialAction":[{"@type":"SearchAction","target":{"@type":"EntryPoint","urlTemplate":"https:\/\/www.artisanlocal.ch\/c\/?s={search_term_string}"},"query-input":{"@type":"PropertyValueSpecification","valueRequired":true,"valueName":"search_term_string"}}],"inLanguage":"fr-FR"},{"@type":"Organization","@id":"https:\/\/www.artisanlocal.ch\/c\/#organization","name":"Artisanlocal","url":"https:\/\/www.artisanlocal.ch\/c\/","logo":{"@type":"ImageObject","inLanguage":"fr-FR","@id":"https:\/\/www.artisanlocal.ch\/c\/#\/schema\/logo\/image\/","url":"https:\/\/www.artisanlocal.ch\/c\/wp-content\/uploads\/2024\/02\/logo-artisanlocal-h.svg","contentUrl":"https:\/\/www.artisanlocal.ch\/c\/wp-content\/uploads\/2024\/02\/logo-artisanlocal-h.svg","caption":"Artisanlocal"},"image":{"@id":"https:\/\/www.artisanlocal.ch\/c\/#\/schema\/logo\/image\/"}}]}},"_links":{"self":[{"href":"https:\/\/www.artisanlocal.ch\/c\/wp-json\/wp\/v2\/pages\/2998","targetHints":{"allow":["GET"]}}],"collection":[{"href":"https:\/\/www.artisanlocal.ch\/c\/wp-json\/wp\/v2\/pages"}],"about":[{"href":"https:\/\/www.artisanlocal.ch\/c\/wp-json\/wp\/v2\/types\/page"}],"author":[{"embeddable":true,"href":"https:\/\/www.artisanlocal.ch\/c\/wp-json\/wp\/v2\/users\/4"}],"replies":[{"embeddable":true,"href":"https:\/\/www.artisanlocal.ch\/c\/wp-json\/wp\/v2\/comments?post=2998"}],"version-history":[{"count":0,"href":"https:\/\/www.artisanlocal.ch\/c\/wp-json\/wp\/v2\/pages\/2998\/revisions"}],"wp:featuredmedia":[{"embeddable":true,"href":"https:\/\/www.artisanlocal.ch\/c\/wp-json\/wp\/v2\/media\/3071"}],"wp:attachment":[{"href":"https:\/\/www.artisanlocal.ch\/c\/wp-json\/wp\/v2\/media?parent=2998"}],"wp:term":[{"taxonomy":"profession","embeddable":true,"href":"https:\/\/www.artisanlocal.ch\/c\/wp-json\/wp\/v2\/profession?post=2998"},{"taxonomy":"location","embeddable":true,"href":"https:\/\/www.artisanlocal.ch\/c\/wp-json\/wp\/v2\/location?post=2998"},{"taxonomy":"canton","embeddable":true,"href":"https:\/\/www.artisanlocal.ch\/c\/wp-json\/wp\/v2\/canton?post=2998"}],"curies":[{"name":"wp","href":"https:\/\/api.w.org\/{rel}","templated":true}]}}