{"id":2999,"date":"2024-11-29T10:57:26","date_gmt":"2024-11-29T09:57:26","guid":{"rendered":"https:\/\/www.artisanlocal.ch\/c\/votre-expert-du-store-et-des-enseignes-a-nyon\/"},"modified":"2025-08-26T19:24:32","modified_gmt":"2025-08-26T17:24:32","slug":"votre-expert-du-store-et-des-enseignes-a-nyon","status":"publish","type":"page","link":"https:\/\/www.artisanlocal.ch\/c\/votre-expert-du-store-et-des-enseignes-a-nyon\/","title":{"rendered":"Votre expert du store et des enseignes \u00e0 Nyon"},"content":{"rendered":"<p>Notre entreprise est sp\u00e9cialis\u00e9e dans l&rsquo;installation de stores, enseignes, lambrequins lumineux et accessoires pour terrasses, op\u00e8re \u00e0 Nyon et dans les villes aux alentours.<\/p>\n\r\n<div class=\"box\">\r\n            <div class=\"company-info\">\r\n            <img decoding=\"async\" class=\"company-info__logo\" src=\"https:\/\/www.artisanlocal.ch\/media\/cache\/thumb\/images\/companies\/js-store-sarl.png\" alt=\"Logo\">\r\n            <h2 class=\"company-info__name\">JS Store S\u00e0rl<\/h2>\r\n            <p class=\"company-info__business\">Stores - Pergolas - Installation - R\u00e9paration - Motorisation<\/p>\r\n        <\/div>\r\n        <div class=\"company-contact\">\r\n            <p class=\"company-info__address\">Chemin du Rayon de Soleil 11<\/p>\r\n                            <div class=\"links\">\r\n                                            <a class=\"btn has-accent-background-color js-phoneNumber\" href=\"tel:0797283729\" title=\"Appelez\" data-id=\"32348\" data-type=\"11\">079 728 37 29<\/a>\r\n                                                                <a class=\"btn has-accent-background-color\" href=\"https:\/\/www.js-store.ch\/\" target=\"_blank\" title=\"Voir le site internet\" data-id=\"32348\" data-type=\"20\">Site internet<\/a>\r\n                                    <\/div>\r\n                    <\/div>\r\n    \r\n            \r\n<form action=\"https:\/\/www.artisanlocal.ch\/c\/wp-admin\/admin-ajax.php\" method=\"post\" class=\"form-contact\" id=\"artisan_form_contact_company_inline\">\r\n    <div><input type=\"hidden\" name=\"action\" value=\"company_contact\"><\/div>\r\n    <div><input type=\"hidden\" name=\"nonce\" value=\"4e25433c73\"><\/div>\r\n    <div><input type=\"hidden\" name=\"company_id\" value=\"32348\"><\/div>\r\n    <div><input type=\"hidden\" name=\"form_id\" value=\"artisan_form_contact_company_inline\"><\/div>\r\n    <div class=\"gglcptch gglcptch_v3 gglcptch_custom\"><input type=\"hidden\" id=\"g-recaptcha-response\" name=\"g-recaptcha-response\" \/><br \/><div class=\"gglcptch_error_text\">La p\u00e9riode de v\u00e9rification reCAPTCHA a expir\u00e9. Veuillez recharger la page.<\/div><\/div>    <div class=\"form-content\">\r\n        <div class=\"form-group\">\r\n            <label for=\"contact_firstName\" class=\"required\">Pr\u00e9nom<\/label>\r\n            <input type=\"text\" name=\"firstName\" class=\"form-control\" required>\r\n        <\/div>\r\n        <div class=\"form-group\">\r\n            <label for=\"contact_lastName\" class=\"required\">Nom<\/label>\r\n            <input type=\"text\" name=\"lastName\" class=\"form-control\" required>\r\n        <\/div>\r\n        <div class=\"form-group\">\r\n            <label for=\"contact_email\" class=\"required\">Email<\/label>\r\n            <input type=\"email\" name=\"email\" class=\"form-control\" required>\r\n        <\/div>\r\n        <div class=\"form-group\">\r\n            <label for=\"contact_phone\" class=\"required\">Num\u00e9ro de t\u00e9l\u00e9phone<\/label>\r\n            <input type=\"tel\" name=\"phone\" class=\"form-control\" placeholder=\"0787117165\" pattern=\"^[0-9]{10}$\" required>\r\n        <\/div>\r\n        <div class=\"form-group\">\r\n            <label for=\"contact_postalCode\" class=\"required\">Code postal et localit\u00e9<\/label>\r\n            <input type=\"text\" name=\"postalCode\" class=\"form-control\" required>\r\n        <\/div>\r\n        <div class=\"form-group\">\r\n            <label for=\"contact_address\" class=\"required\">Adresse<\/label>\r\n            <input type=\"text\" name=\"address\" class=\"form-control\" required>\r\n        <\/div>\r\n        <div class=\"full-width topic\">\r\n            <p class=\"required\">Je souhaite \u00eatre contact\u00e9 pour :<\/p>\r\n            <div class=\"form-check\">\r\n                <input type=\"radio\" name=\"topic\" value=\"D\u00e9pannage\" class=\"form-control\" required>\r\n                <label for=\"d\u00e9pannage\">D\u00e9pannage<\/label>\r\n            <\/div>\r\n            <div class=\"form-check\">\r\n                <input type=\"radio\" name=\"topic\" value=\"Entretien\" class=\"form-control\" required>\r\n                <label for=\"entretien\">Entretien<\/label>\r\n            <\/div>\r\n            <div class=\"form-check\">\r\n                <input type=\"radio\" name=\"topic\" value=\"R\u00e9novation\" class=\"form-control\" required>\r\n                <label for=\"r\u00e9novation\">R\u00e9novation<\/label>\r\n            <\/div>\r\n            <div class=\"form-check\">\r\n                <input type=\"radio\" name=\"topic\" value=\"Autre\" class=\"form-control\" required>\r\n                <label for=\"autre\">Autre<\/label>\r\n            <\/div>\r\n        <\/div>\r\n        <div class=\"form-group full-width\">\r\n            <label for=\"contact_message\">Message<\/label>\r\n            <textarea name=\"message\" rows=\"3\" class=\"form-control\"><\/textarea>\r\n        <\/div>\r\n    <\/div>\r\n    <div class=\"form-actions\">\r\n        <button class=\"wp-block-button__link has-accent-background-color\">Contacter<\/button>\r\n    <\/div>\r\n<\/form>\r\n<div class=\"form-feedback\"><\/div>    <\/div>\n<h2>Stores int\u00e9rieurs<\/h2>\n<p>Nos stores int\u00e9rieurs sont d\u00e9velopp\u00e9s pour am\u00e9liorer l&rsquo;esth\u00e9tique de vos fen\u00eatres, r\u00e9guler la luminosit\u00e9 et prot\u00e9gez votre confidentialit\u00e9. Nous offrons un vaste choix de stores : textiles, enrouleurs, rideaux, bateaux, pliss\u00e9s, parois japonaises, bandes verticales, v\u00e9nitiens, enrouleurs avec coffre et bateaux voilage.<\/p>\n<h2>Stores ext\u00e9rieurs<\/h2>\n<p>Avec nos stores ext\u00e9rieurs, cr\u00e9ez des zones d&rsquo;ombre sur votre terrasse ou balcon. D\u00e9couvrez notre choix de stores ext\u00e9rieurs : coffres et bannes, ou semi-coffres, \u00e0 bras t\u00e9lescopiques ou articul\u00e9s, de fen\u00eatre, mais aussi des v\u00e9randas, loggias ainsi que des verri\u00e8res.<\/p>\n<h2>Pergolas et pergolas bioclimatiques<\/h2>\n<p>Si vous recherchez une protection contre les intemp\u00e9ries, nous vous conseillons de s\u00e9lectionner une pergola. Nous avons un large choix de pergolas : toiles de protection solaire verticale, \u00e0 lames r\u00e9tractables, avec panneaux verticaux ou \u00e0 toits fixes.<\/p>\n<h2>Lambrequin lumineux LED<\/h2>\n<p>Nos lambrequins lumineux vous aident \u00e0 am\u00e9liorer la visibilit\u00e9 de nuit : de votre restaurant, magasin, commerces, commerce, h\u00f4tel ou brasserie.&nbsp;<\/p>\n<h2>Rentoilage de toiles du store banne ou pergola<\/h2>\n<p>Notre entreprise propose \u00e9galement le changement de toile (rentoilage) de stores banne qui permet d&#8217;emp\u00eacher le remplacement du store.<\/p>\n<h2>Fen\u00eatre bois aluminium \u00e0 Nyon<\/h2>\n<p>Si vous avez besoin de changer vos fen\u00eatres. Nous avons un choix de fen\u00eatres coulissantes et battantes : en bois, aluminium ou PVC.<\/p>\n<h2>Volets roulants avec ou sans motorisation<\/h2>\n<p>Pour am\u00e9liorer la protection thermique, solaire ou phonique, privil\u00e9gier nos Volets roulants manuels ou \u00e9lectriques : solaires, aluminium, persiennes, bois ou m\u00e9talliques.<\/p>\n<h2>Films de protection solaire<\/h2>\n<p>Le film de protection solaire sur mesure pour vitrage permet de diminuer la temp\u00e9rature de votre int\u00e9rieur, de diminuer la transmission UV, et de pr\u00e9server votre intimit\u00e9.<\/p>\n<h2>Menuiserie \u00e0 Nyon<\/h2>\n<p>Notre entreprise a une large choix de produits, tels que :<\/p>\n<ul>\n<li>Portail et portes.<\/li>\n<li>Domotiques.<\/li>\n<li>Fen\u00eatres.<\/li>\n<li>Portes de garage.<\/li>\n<li>Carport.<\/li>\n<li>Garde-corps.<\/li>\n<li>Volets.<\/li>\n<li>Alarmes.<\/li>\n<\/ul>\n<h2>Nos champs d&rsquo;intervention<\/h2>\n<h3>Les soci\u00e9t\u00e9s : caf\u00e9s, brasseries, boutiques et h\u00f4tels<\/h3>\n<p>Artisanlocal est sp\u00e9cialis\u00e9 dans la conception, la fabrication, et la mise en place de stores pour les entreprises \u00e0 Nyon, comme : les bureaux, les boutiques et les restaurants.&nbsp;<\/p>\n<h3>Les particuliers et les copropri\u00e9t\u00e9s<\/h3>\n<p>Nous op\u00e9rons dans les copropri\u00e9t\u00e9s et chez les particuliers pour poser vos fen\u00eatres, stores de terrasse, stores int\u00e9rieurs, v\u00e9randa, volets roulants, volets battants, pergolas et pergolas bioclimatiques.<\/p>\n<h2>Nos services &amp; prestations<\/h2>\n<h3>Conception de stores sur mesure<\/h3>\n<p>Nous \u00e9laborons des stores personnalis\u00e9s en fonction de vos probl\u00e9matiques et besoins.<\/p>\n<h3>Pose sur mesure<\/h3>\n<p>Nos techniciens op\u00e8rent \u00e0 Nyon pour panifier et installer vos stores en fonction de vos besoins et vos contraintes.<\/p>\n<h3>R\u00e9paration de store \u00e0 Nyon<\/h3>\n<p>Nos techniciens sont sp\u00e9cialis\u00e9s dans la r\u00e9paration et remplacement de stores, au cours de leur intervention, ils remplacent les \u00e9l\u00e9ments d\u00e9fectueux.<\/p>\n<h3>Service d\u2019entretien<\/h3>\n<p>Une maintenance r\u00e9guli\u00e8re permet d&rsquo;augmenter la long\u00e9vit\u00e9 de vos stores. Pour cela, un storiste doit se d\u00e9placer \u00e0 votre domicile et inspecter l\u2019\u00e9tat de votre store et si n\u00e9cessaire effectuer la r\u00e9paration, le remplacement ou le rentoilage.<\/p>\n<h3>Option et accessoire suppl\u00e9mentaire<\/h3>\n<p>Nous proposons diff\u00e9rents types d\u2019ouverture (\u00e9lectrique ou manuelle) pour les stores, portes de garage et volets.<\/p>\n<h2>Pourquoi choisir Artisanlocal. Ch ?<\/h2>\n<p>Notre soci\u00e9t\u00e9 implant\u00e9e \u00e0 Nyon est sp\u00e9cialis\u00e9e dans la mise en place et la r\u00e9paration des stores. Nous vous accompagnons de A \u00e0 Z, de l\u2019audit de votre besoin \u00e0 l&rsquo;installation.<\/p>\n<h3>Large gamme<\/h3>\n<p>Notre entreprise propose une grande s\u00e9lection de stores.<\/p>\n<h3>Devis en ligne gratuit<\/h3>\n<p>Recevez nos devis gratuits et sans engagement. Nos estimations sont d\u00e9taill\u00e9es et transparentes.&nbsp;<\/p>\n<h3>\u00c9tude pr\u00e9alable<\/h3>\n<p>Pour chacun des projets, nous examinons sa faisabilit\u00e9, et nous cr\u00e9ons des plans sur mesures pour inclure de la meilleure mani\u00e8re vos stores en consid\u00e9rant vos probl\u00e9matiques et vos besoins.<\/p>\n<h3>Mat\u00e9riaux de qualit\u00e9<\/h3>\n<p>Nous utilisons pour nos stores des mat\u00e9riaux performants, afin de garantir une bonne durabilit\u00e9.<\/p>\n<h3>Intervention imm\u00e9diate <\/h3>\n<p>Le storiste qui est situ\u00e9 \u00e0 Nyon op\u00e8re rapidement chez vous pour installer ou d\u00e9panner vos stores.<\/p>\n<h2>Questions &#8211; R\u00e9ponses<\/h2>\n<h3>Est-il possible de motoriser des stores pos\u00e9s ?<\/h3>\n<p>Oui, la m\u00e9canisation d&rsquo;un store est tout \u00e0 fait r\u00e9alisable, mais (selon certaines conditions). Un de nos techniciens doit se d\u00e9placer \u00e0 votre logement pour \u00e9tudier la faisabilit\u00e9 de votre projet.<\/p>\n<h3>Intervenez-vous dans les villes proches de Nyon ?<\/h3>\n<p>Oui, nous intervenons \u00e0 Nyon et dans les villes aux alentours, comme : Gland, Prangins, Le Vaud, Eysins, Crassier, St-Cergue, La Cure, Duillier, Coinsins, Vich, Begnins, Bassins, Tr\u00e9lex, Givrins, Genolier, Arzier-Le Muids, Grens, Signy, Ch\u00e9serex, Gingins, Arnex-sur-Nyon, Borex, La Rippe, Crans VD.<\/p>\n","protected":false},"excerpt":{"rendered":"<p>Notre entreprise est sp\u00e9cialis\u00e9e dans l&rsquo;installation de stores, enseignes, lambrequins lumineux et accessoires pour terrasses, op\u00e8re \u00e0 Nyon et dans les villes aux alentours. Stores int\u00e9rieurs Nos stores int\u00e9rieurs sont d\u00e9velopp\u00e9s pour am\u00e9liorer l&rsquo;esth\u00e9tique de vos fen\u00eatres, r\u00e9guler la luminosit\u00e9 et prot\u00e9gez votre confidentialit\u00e9. Nous offrons un vaste choix de stores : textiles, enrouleurs, rideaux, [&hellip;]<\/p>\n","protected":false},"author":4,"featured_media":3071,"parent":0,"menu_order":0,"comment_status":"closed","ping_status":"closed","template":"","meta":{"footnotes":""},"profession":[130],"location":[103],"canton":[113],"class_list":["post-2999","page","type-page","status-publish","has-post-thumbnail","hentry","profession-storiste","location-nyon","canton-vd"],"yoast_head":"<!-- This site is optimized with the Yoast SEO Premium plugin v25.7.1 (Yoast SEO v27.3) - https:\/\/yoast.com\/product\/yoast-seo-premium-wordpress\/ -->\n<title>Votre expert du store et des enseignes \u00e0 Nyon - Artisanlocal<\/title>\n<meta name=\"robots\" content=\"index, follow, max-snippet:-1, max-image-preview:large, max-video-preview:-1\" \/>\n<link rel=\"canonical\" href=\"https:\/\/www.artisanlocal.ch\/c\/votre-expert-du-store-et-des-enseignes-a-nyon\/\" \/>\n<meta property=\"og:locale\" content=\"fr_FR\" \/>\n<meta property=\"og:type\" content=\"article\" \/>\n<meta property=\"og:title\" content=\"Votre expert du store et des enseignes \u00e0 Nyon\" \/>\n<meta property=\"og:description\" content=\"Notre entreprise est sp\u00e9cialis\u00e9e dans l&rsquo;installation de stores, enseignes, lambrequins lumineux et accessoires pour terrasses, op\u00e8re \u00e0 Nyon et dans les villes aux alentours. Stores int\u00e9rieurs Nos stores int\u00e9rieurs sont d\u00e9velopp\u00e9s pour am\u00e9liorer l&rsquo;esth\u00e9tique de vos fen\u00eatres, r\u00e9guler la luminosit\u00e9 et prot\u00e9gez votre confidentialit\u00e9. Nous offrons un vaste choix de stores : textiles, enrouleurs, rideaux, [&hellip;]\" \/>\n<meta property=\"og:url\" content=\"https:\/\/www.artisanlocal.ch\/c\/votre-expert-du-store-et-des-enseignes-a-nyon\/\" \/>\n<meta property=\"og:site_name\" content=\"Artisanlocal\" \/>\n<meta property=\"article:modified_time\" content=\"2025-08-26T17:24:32+00:00\" \/>\n<meta property=\"og:image\" content=\"https:\/\/www.artisanlocal.ch\/c\/wp-content\/uploads\/2024\/12\/storiste.jpg\" \/>\n\t<meta property=\"og:image:width\" content=\"1920\" \/>\n\t<meta property=\"og:image:height\" content=\"300\" \/>\n\t<meta property=\"og:image:type\" content=\"image\/jpeg\" \/>\n<meta name=\"twitter:card\" content=\"summary_large_image\" \/>\n<meta name=\"twitter:label1\" content=\"Dur\u00e9e de lecture estim\u00e9e\" \/>\n\t<meta name=\"twitter:data1\" content=\"4 minutes\" \/>\n<script type=\"application\/ld+json\" class=\"yoast-schema-graph\">{\"@context\":\"https:\\\/\\\/schema.org\",\"@graph\":[{\"@type\":\"WebPage\",\"@id\":\"https:\\\/\\\/www.artisanlocal.ch\\\/c\\\/votre-expert-du-store-et-des-enseignes-a-nyon\\\/\",\"url\":\"https:\\\/\\\/www.artisanlocal.ch\\\/c\\\/votre-expert-du-store-et-des-enseignes-a-nyon\\\/\",\"name\":\"Votre expert du store et des enseignes \u00e0 Nyon - Artisanlocal\",\"isPartOf\":{\"@id\":\"https:\\\/\\\/www.artisanlocal.ch\\\/c\\\/#website\"},\"primaryImageOfPage\":{\"@id\":\"https:\\\/\\\/www.artisanlocal.ch\\\/c\\\/votre-expert-du-store-et-des-enseignes-a-nyon\\\/#primaryimage\"},\"image\":{\"@id\":\"https:\\\/\\\/www.artisanlocal.ch\\\/c\\\/votre-expert-du-store-et-des-enseignes-a-nyon\\\/#primaryimage\"},\"thumbnailUrl\":\"https:\\\/\\\/www.artisanlocal.ch\\\/c\\\/wp-content\\\/uploads\\\/2024\\\/12\\\/storiste.jpg\",\"datePublished\":\"2024-11-29T09:57:26+00:00\",\"dateModified\":\"2025-08-26T17:24:32+00:00\",\"breadcrumb\":{\"@id\":\"https:\\\/\\\/www.artisanlocal.ch\\\/c\\\/votre-expert-du-store-et-des-enseignes-a-nyon\\\/#breadcrumb\"},\"inLanguage\":\"fr-FR\",\"potentialAction\":[{\"@type\":\"ReadAction\",\"target\":[\"https:\\\/\\\/www.artisanlocal.ch\\\/c\\\/votre-expert-du-store-et-des-enseignes-a-nyon\\\/\"]}]},{\"@type\":\"ImageObject\",\"inLanguage\":\"fr-FR\",\"@id\":\"https:\\\/\\\/www.artisanlocal.ch\\\/c\\\/votre-expert-du-store-et-des-enseignes-a-nyon\\\/#primaryimage\",\"url\":\"https:\\\/\\\/www.artisanlocal.ch\\\/c\\\/wp-content\\\/uploads\\\/2024\\\/12\\\/storiste.jpg\",\"contentUrl\":\"https:\\\/\\\/www.artisanlocal.ch\\\/c\\\/wp-content\\\/uploads\\\/2024\\\/12\\\/storiste.jpg\",\"width\":1920,\"height\":300},{\"@type\":\"BreadcrumbList\",\"@id\":\"https:\\\/\\\/www.artisanlocal.ch\\\/c\\\/votre-expert-du-store-et-des-enseignes-a-nyon\\\/#breadcrumb\",\"itemListElement\":[{\"@type\":\"ListItem\",\"position\":1,\"name\":\"Accueil\",\"item\":\"https:\\\/\\\/www.artisanlocal.ch\\\/c\\\/\"},{\"@type\":\"ListItem\",\"position\":2,\"name\":\"Votre expert du store et des enseignes \u00e0 Nyon\"}]},{\"@type\":\"WebSite\",\"@id\":\"https:\\\/\\\/www.artisanlocal.ch\\\/c\\\/#website\",\"url\":\"https:\\\/\\\/www.artisanlocal.ch\\\/c\\\/\",\"name\":\"Artisanlocal\",\"description\":\"\",\"publisher\":{\"@id\":\"https:\\\/\\\/www.artisanlocal.ch\\\/c\\\/#organization\"},\"potentialAction\":[{\"@type\":\"SearchAction\",\"target\":{\"@type\":\"EntryPoint\",\"urlTemplate\":\"https:\\\/\\\/www.artisanlocal.ch\\\/c\\\/?s={search_term_string}\"},\"query-input\":{\"@type\":\"PropertyValueSpecification\",\"valueRequired\":true,\"valueName\":\"search_term_string\"}}],\"inLanguage\":\"fr-FR\"},{\"@type\":\"Organization\",\"@id\":\"https:\\\/\\\/www.artisanlocal.ch\\\/c\\\/#organization\",\"name\":\"Artisanlocal\",\"url\":\"https:\\\/\\\/www.artisanlocal.ch\\\/c\\\/\",\"logo\":{\"@type\":\"ImageObject\",\"inLanguage\":\"fr-FR\",\"@id\":\"https:\\\/\\\/www.artisanlocal.ch\\\/c\\\/#\\\/schema\\\/logo\\\/image\\\/\",\"url\":\"https:\\\/\\\/www.artisanlocal.ch\\\/c\\\/wp-content\\\/uploads\\\/2024\\\/02\\\/logo-artisanlocal-h.svg\",\"contentUrl\":\"https:\\\/\\\/www.artisanlocal.ch\\\/c\\\/wp-content\\\/uploads\\\/2024\\\/02\\\/logo-artisanlocal-h.svg\",\"caption\":\"Artisanlocal\"},\"image\":{\"@id\":\"https:\\\/\\\/www.artisanlocal.ch\\\/c\\\/#\\\/schema\\\/logo\\\/image\\\/\"}}]}<\/script>\n<!-- \/ Yoast SEO Premium plugin. -->","yoast_head_json":{"title":"Votre expert du store et des enseignes \u00e0 Nyon - Artisanlocal","robots":{"index":"index","follow":"follow","max-snippet":"max-snippet:-1","max-image-preview":"max-image-preview:large","max-video-preview":"max-video-preview:-1"},"canonical":"https:\/\/www.artisanlocal.ch\/c\/votre-expert-du-store-et-des-enseignes-a-nyon\/","og_locale":"fr_FR","og_type":"article","og_title":"Votre expert du store et des enseignes \u00e0 Nyon","og_description":"Notre entreprise est sp\u00e9cialis\u00e9e dans l&rsquo;installation de stores, enseignes, lambrequins lumineux et accessoires pour terrasses, op\u00e8re \u00e0 Nyon et dans les villes aux alentours. Stores int\u00e9rieurs Nos stores int\u00e9rieurs sont d\u00e9velopp\u00e9s pour am\u00e9liorer l&rsquo;esth\u00e9tique de vos fen\u00eatres, r\u00e9guler la luminosit\u00e9 et prot\u00e9gez votre confidentialit\u00e9. Nous offrons un vaste choix de stores : textiles, enrouleurs, rideaux, [&hellip;]","og_url":"https:\/\/www.artisanlocal.ch\/c\/votre-expert-du-store-et-des-enseignes-a-nyon\/","og_site_name":"Artisanlocal","article_modified_time":"2025-08-26T17:24:32+00:00","og_image":[{"width":1920,"height":300,"url":"https:\/\/www.artisanlocal.ch\/c\/wp-content\/uploads\/2024\/12\/storiste.jpg","type":"image\/jpeg"}],"twitter_card":"summary_large_image","twitter_misc":{"Dur\u00e9e de lecture estim\u00e9e":"4 minutes"},"schema":{"@context":"https:\/\/schema.org","@graph":[{"@type":"WebPage","@id":"https:\/\/www.artisanlocal.ch\/c\/votre-expert-du-store-et-des-enseignes-a-nyon\/","url":"https:\/\/www.artisanlocal.ch\/c\/votre-expert-du-store-et-des-enseignes-a-nyon\/","name":"Votre expert du store et des enseignes \u00e0 Nyon - Artisanlocal","isPartOf":{"@id":"https:\/\/www.artisanlocal.ch\/c\/#website"},"primaryImageOfPage":{"@id":"https:\/\/www.artisanlocal.ch\/c\/votre-expert-du-store-et-des-enseignes-a-nyon\/#primaryimage"},"image":{"@id":"https:\/\/www.artisanlocal.ch\/c\/votre-expert-du-store-et-des-enseignes-a-nyon\/#primaryimage"},"thumbnailUrl":"https:\/\/www.artisanlocal.ch\/c\/wp-content\/uploads\/2024\/12\/storiste.jpg","datePublished":"2024-11-29T09:57:26+00:00","dateModified":"2025-08-26T17:24:32+00:00","breadcrumb":{"@id":"https:\/\/www.artisanlocal.ch\/c\/votre-expert-du-store-et-des-enseignes-a-nyon\/#breadcrumb"},"inLanguage":"fr-FR","potentialAction":[{"@type":"ReadAction","target":["https:\/\/www.artisanlocal.ch\/c\/votre-expert-du-store-et-des-enseignes-a-nyon\/"]}]},{"@type":"ImageObject","inLanguage":"fr-FR","@id":"https:\/\/www.artisanlocal.ch\/c\/votre-expert-du-store-et-des-enseignes-a-nyon\/#primaryimage","url":"https:\/\/www.artisanlocal.ch\/c\/wp-content\/uploads\/2024\/12\/storiste.jpg","contentUrl":"https:\/\/www.artisanlocal.ch\/c\/wp-content\/uploads\/2024\/12\/storiste.jpg","width":1920,"height":300},{"@type":"BreadcrumbList","@id":"https:\/\/www.artisanlocal.ch\/c\/votre-expert-du-store-et-des-enseignes-a-nyon\/#breadcrumb","itemListElement":[{"@type":"ListItem","position":1,"name":"Accueil","item":"https:\/\/www.artisanlocal.ch\/c\/"},{"@type":"ListItem","position":2,"name":"Votre expert du store et des enseignes \u00e0 Nyon"}]},{"@type":"WebSite","@id":"https:\/\/www.artisanlocal.ch\/c\/#website","url":"https:\/\/www.artisanlocal.ch\/c\/","name":"Artisanlocal","description":"","publisher":{"@id":"https:\/\/www.artisanlocal.ch\/c\/#organization"},"potentialAction":[{"@type":"SearchAction","target":{"@type":"EntryPoint","urlTemplate":"https:\/\/www.artisanlocal.ch\/c\/?s={search_term_string}"},"query-input":{"@type":"PropertyValueSpecification","valueRequired":true,"valueName":"search_term_string"}}],"inLanguage":"fr-FR"},{"@type":"Organization","@id":"https:\/\/www.artisanlocal.ch\/c\/#organization","name":"Artisanlocal","url":"https:\/\/www.artisanlocal.ch\/c\/","logo":{"@type":"ImageObject","inLanguage":"fr-FR","@id":"https:\/\/www.artisanlocal.ch\/c\/#\/schema\/logo\/image\/","url":"https:\/\/www.artisanlocal.ch\/c\/wp-content\/uploads\/2024\/02\/logo-artisanlocal-h.svg","contentUrl":"https:\/\/www.artisanlocal.ch\/c\/wp-content\/uploads\/2024\/02\/logo-artisanlocal-h.svg","caption":"Artisanlocal"},"image":{"@id":"https:\/\/www.artisanlocal.ch\/c\/#\/schema\/logo\/image\/"}}]}},"_links":{"self":[{"href":"https:\/\/www.artisanlocal.ch\/c\/wp-json\/wp\/v2\/pages\/2999","targetHints":{"allow":["GET"]}}],"collection":[{"href":"https:\/\/www.artisanlocal.ch\/c\/wp-json\/wp\/v2\/pages"}],"about":[{"href":"https:\/\/www.artisanlocal.ch\/c\/wp-json\/wp\/v2\/types\/page"}],"author":[{"embeddable":true,"href":"https:\/\/www.artisanlocal.ch\/c\/wp-json\/wp\/v2\/users\/4"}],"replies":[{"embeddable":true,"href":"https:\/\/www.artisanlocal.ch\/c\/wp-json\/wp\/v2\/comments?post=2999"}],"version-history":[{"count":0,"href":"https:\/\/www.artisanlocal.ch\/c\/wp-json\/wp\/v2\/pages\/2999\/revisions"}],"wp:featuredmedia":[{"embeddable":true,"href":"https:\/\/www.artisanlocal.ch\/c\/wp-json\/wp\/v2\/media\/3071"}],"wp:attachment":[{"href":"https:\/\/www.artisanlocal.ch\/c\/wp-json\/wp\/v2\/media?parent=2999"}],"wp:term":[{"taxonomy":"profession","embeddable":true,"href":"https:\/\/www.artisanlocal.ch\/c\/wp-json\/wp\/v2\/profession?post=2999"},{"taxonomy":"location","embeddable":true,"href":"https:\/\/www.artisanlocal.ch\/c\/wp-json\/wp\/v2\/location?post=2999"},{"taxonomy":"canton","embeddable":true,"href":"https:\/\/www.artisanlocal.ch\/c\/wp-json\/wp\/v2\/canton?post=2999"}],"curies":[{"name":"wp","href":"https:\/\/api.w.org\/{rel}","templated":true}]}}