{"id":3000,"date":"2024-12-02T18:01:45","date_gmt":"2024-12-02T17:01:45","guid":{"rendered":"https:\/\/www.artisanlocal.ch\/c\/votre-expert-du-store-et-des-enseignes-a-orbe\/"},"modified":"2025-08-26T19:24:11","modified_gmt":"2025-08-26T17:24:11","slug":"votre-expert-du-store-et-des-enseignes-a-orbe","status":"publish","type":"page","link":"https:\/\/www.artisanlocal.ch\/c\/votre-expert-du-store-et-des-enseignes-a-orbe\/","title":{"rendered":"Votre expert du store et des enseignes \u00e0 Orbe"},"content":{"rendered":"<p>Notre entreprise est exp\u00e9riment\u00e9 dans l&rsquo;installation de enseignes, stores, lambrequins lumineux et accessoires pour terrasses, op\u00e8re \u00e0 Orbe et dans les villes aux alentours.<\/p>\n\r\n<div class=\"box\">\r\n    <h2 class=\"text-dark\">Nous cherchons un <em class=\"text-primary\">Storiste<\/em> dans la r\u00e9gion de <em class=\"text-primary\">Orbe<\/em>  en exclusivit\u00e9, afin de proposer vos services \u00e0 nos clients propri\u00e9taires.<\/h2>\r\n    <p>Une opportunit\u00e9 unique pour booster votre activit\u00e9 \u00e0 <strong>Orbe<\/strong> et aux alentours dans votre domaine (Storiste).<\/p>\r\n    <p>Nous travaillons en exclusivit\u00e9 avec qu'une soci\u00e9t\u00e9 par m\u00e9tier et par r\u00e9gion. <br>Votre entreprise est pr\u00e9sente sur tous les documents immobiliers. Afin d'\u00eatre mieux vu sur le net, vous \u00eates \u00e9galement visible sur nos deux sites et sur les pages de r\u00e9f\u00e9rencement de votre r\u00e9gion.<\/p>\r\n    <a href=\"\/contact\" class=\"wp-block-button__link has-accent-background-color has-text-align-center wp-element-button\">R\u00e9server<\/a>\r\n<\/div>\n<h2>Tous types de stores int\u00e9rieurs<\/h2>\n<p>Nos stores int\u00e9rieurs sont pr\u00e9vus pour embellir l&rsquo;esth\u00e9tique de vos fen\u00eatres, r\u00e9guler la luminosit\u00e9 et prot\u00e9gez votre intimit\u00e9. Nous proposons \u00e0 nos clients un grand choix de stores : v\u00e9nitiens, textiles, pliss\u00e9s, bandes verticales, enrouleurs, enrouleurs avec coffre, parois japonaises, rideaux, bateaux et bateaux voilage.<\/p>\n<h2>Store ext\u00e9rieur personnalis\u00e9<\/h2>\n<p>Nos stores ext\u00e9rieurs cr\u00e9ent des espaces ombrag\u00e9s sur votre balcon ou terrasse. D\u00e9couvrez notre s\u00e9lection de stores ext\u00e9rieurs : bannes et coffres, ou semi-coffres, \u00e0 bras t\u00e9lescopiques ou articul\u00e9s, de fen\u00eatre, mais aussi des loggias, v\u00e9randas ainsi que des verri\u00e8res.<\/p>\n<h2>Pergolas bioclimatiques et pergolas<\/h2>\n<p>Si vous souhaitez vous prot\u00e9ger des intemp\u00e9ries, nous vous sugg\u00e9rons de s\u00e9lectionner une pergola. Nous vous proposons des pergolas : toiles de protection solaire verticale, \u00e0 lames r\u00e9tractables, \u00e0 toits fixes ou avec panneaux verticaux.<\/p>\n<h2>Lambrequin lumineux sur mesure<\/h2>\n<p>Nos lambrequins lumineux vous permettent d&rsquo;am\u00e9liorer la visibilit\u00e9 de nuit : de votre commerce, magasin, commerces, brasserie, restaurant ou h\u00f4tel.&nbsp;<\/p>\n<h2>Rentoilage de stores sur-mesure \u00e0 Orbe<\/h2>\n<p>Notre entreprise propose aussi le changement de toile (rentoilage) de stores banne qui est une solution \u00e9conomique et vous permet d&#8217;emp\u00eacher le changement total du store.<\/p>\n<h2>Fen\u00eatre bois et aluminium sur mesure<\/h2>\n<p>Si vous avez besoin de changer vos fen\u00eatres. Nous construisons et installons vos fen\u00eatres battantes et coulissantes : en bois, aluminium ou PVC.<\/p>\n<h2>Volets roulants et motorisation<\/h2>\n<p>Pour am\u00e9liorer la protection phonique, thermique ou solaire, privil\u00e9gier nos volets roulants motoris\u00e9s ou manuels : solaires, aluminium, bois, persiennes ou m\u00e9talliques.<\/p>\n<h2>Nos films pour vitrages et stores sur mesure <\/h2>\n<p>Nos films protection solaire sans tains vous permettent de contr\u00f4ler la temp\u00e9rature de votre int\u00e9rieur, de renforcer votre s\u00e9curit\u00e9 en prot\u00e9geant votre intimit\u00e9, et r\u00e9duit l&rsquo;impact de l&rsquo;exposition aux UV.<\/p>\n<h2>Menuiserie Orbe : Alu, PVC, Bois<\/h2>\n<p>Notre entreprise a une choix de produits, tels que :<\/p>\n<ul>\n<li>Portail et portes.<\/li>\n<li>Domotiques.<\/li>\n<li>Fen\u00eatres.<\/li>\n<li>Portes de garage.<\/li>\n<li>Carport.<\/li>\n<li>Garde-corps.<\/li>\n<li>Volets.<\/li>\n<li>Alarmes.<\/li>\n<\/ul>\n<h2>Nos secteurs d&rsquo;activit\u00e9<\/h2>\n<h3>Les soci\u00e9t\u00e9s : restaurants, brasseries, caf\u00e9s, boutiques<\/h3>\n<p>Artisanlocal con\u00e7oit, fabrique, et installe des stores pour les soci\u00e9t\u00e9s \u00e0 Orbe, comme : les restaurants, bureaux et boutiques.&nbsp;<\/p>\n<h3>Les particuliers et les copropri\u00e9t\u00e9s<\/h3>\n<p>Intervention chez les particuliers et les copropri\u00e9t\u00e9s, nous installons vos pergolas, pergolas bioclimatiques, fen\u00eatres, volets battants, stores de terrasse, v\u00e9randas, volets roulants et stores int\u00e9rieurs.<\/p>\n<h2>D\u00e9couvrez nos services<\/h2>\n<h3>Conception de stores sur mesure<\/h3>\n<p>Nous r\u00e9alisons tous vos stores sur mesure en fonction de vos attentes.<\/p>\n<h3>Pose personnalis\u00e9<\/h3>\n<p>Les techniciens d&rsquo;Artisanlocal op\u00e8rent \u00e0 Orbe pour mesurer et installer vos stores personnalis\u00e9s.<\/p>\n<h3>R\u00e9paration de store \u00e0 Orbe<\/h3>\n<p>Les storistes d&rsquo;Artisanlocal changent les parties de vos stores, au cours de leur intervention, ils remplacent les \u00e9l\u00e9ments d\u00e9fectueux.<\/p>\n<h3>Entretien de store \u00e0 Orbe<\/h3>\n<p>Un service d&rsquo;entretien r\u00e9alis\u00e9 habituellement permet d\u2019augmenter la durabilit\u00e9 de vos stores. Pour cela, un storiste doit intervenir chez vous et examiner l\u2019\u00e9tat de votre store et si cela s\u2019av\u00e8re n\u00e9cessaire r\u00e9aliser le rentoilage, la r\u00e9paration et le remplacement.<\/p>\n<h3>Options<\/h3>\n<p>Nous proposons diff\u00e9rents types d\u2019ouverture (\u00e9lectrique ou manuelle) pour les stores, portes de garage et volets.<\/p>\n<h2>Pourquoi choisir notre entreprise ?<\/h2>\n<p>Artisanlocal est sp\u00e9cialis\u00e9 dans la mise en place et l\u2019entretien de stores \u00e0 Orbe. Nous vous assistons de A \u00e0 Z, de l\u2019audit de votre besoin \u00e0 l&rsquo;installation.<\/p>\n<h3>Collection de stores<\/h3>\n<p>Artisanlocal vous propose un large choix de stores.<\/p>\n<h3>Devis en ligne gratuit<\/h3>\n<p>Recevez un devis sans frais ni engagement. Nos estimations sont d\u00e9taill\u00e9es et transparentes.&nbsp;<\/p>\n<h3>\u00c9valuation<\/h3>\n<p>Pour chacun des projets, nous regardons sa possibilit\u00e9 de r\u00e9alisation, et nous \u00e9laborons des plans sur mesures pour incorporer de la meilleure fa\u00e7on vos stores en tenant compte vos probl\u00e9matiques et vos besoins.<\/p>\n<h3>Faire le choix de la qualit\u00e9<\/h3>\n<p>Nous utilisons pour nos stores des mat\u00e9riaux performants, afin de garantir une bonne long\u00e9vit\u00e9.<\/p>\n<h3>Intervention en urgence \u00e0 Orbe<\/h3>\n<p>Le technicien storiste qui est situ\u00e9 \u00e0 Orbe op\u00e8re d\u00e8s que possible chez vous pour poser ou d\u00e9panner vos stores.<\/p>\n<h2>Questions &#8211; R\u00e9ponses<\/h2>\n<h3>Est-il possible de motoriser des stores install\u00e9s ?<\/h3>\n<p>Oui, nos storistes peuvent m\u00e9caniser vos stores sous certaines conditions. Un de nos artisans se d\u00e9place \u00e0 votre domicile pour \u00e9valuer la viabilit\u00e9 du projet.<\/p>\n<h3>Artisanlocal op\u00e8re dans les localit\u00e9s proches de Orbe ? ?<\/h3>\n<p>Oui, nos artisans interviennent \u00e0 Orbe, mais aussi dans les localit\u00e9s aux alentours, par exemple : La Praz, Arnex-sur-Orbe, Croy, Romainm\u00f4tier, Premier, Vaulion, Juriens, Bretonni\u00e8res, Vallorbe, Ballaigues, Agiez, Bofflens, Montcherand, L'Abergement, Sergey, La Russille, Les Cl\u00e9es, Lignerolle, Valeyres-sous-Rances, Bavois, Chavornay, Corcelles-sur-Chavornay, Rances, Baulmes.<\/p>\n","protected":false},"excerpt":{"rendered":"<p>Notre entreprise est exp\u00e9riment\u00e9 dans l&rsquo;installation de enseignes, stores, lambrequins lumineux et accessoires pour terrasses, op\u00e8re \u00e0 Orbe et dans les villes aux alentours. Tous types de stores int\u00e9rieurs Nos stores int\u00e9rieurs sont pr\u00e9vus pour embellir l&rsquo;esth\u00e9tique de vos fen\u00eatres, r\u00e9guler la luminosit\u00e9 et prot\u00e9gez votre intimit\u00e9. Nous proposons \u00e0 nos clients un grand choix [&hellip;]<\/p>\n","protected":false},"author":4,"featured_media":3071,"parent":0,"menu_order":0,"comment_status":"closed","ping_status":"closed","template":"","meta":{"footnotes":""},"profession":[130],"location":[16],"canton":[113],"class_list":["post-3000","page","type-page","status-publish","has-post-thumbnail","hentry","profession-storiste","location-orbe","canton-vd"],"yoast_head":"<!-- This site is optimized with the Yoast SEO Premium plugin v25.7.1 (Yoast SEO v27.3) - https:\/\/yoast.com\/product\/yoast-seo-premium-wordpress\/ -->\n<title>Votre expert du store et des enseignes \u00e0 Orbe - Artisanlocal<\/title>\n<meta name=\"robots\" content=\"index, follow, max-snippet:-1, max-image-preview:large, max-video-preview:-1\" \/>\n<link rel=\"canonical\" href=\"https:\/\/www.artisanlocal.ch\/c\/votre-expert-du-store-et-des-enseignes-a-orbe\/\" \/>\n<meta property=\"og:locale\" content=\"fr_FR\" \/>\n<meta property=\"og:type\" content=\"article\" \/>\n<meta property=\"og:title\" content=\"Votre expert du store et des enseignes \u00e0 Orbe\" \/>\n<meta property=\"og:description\" content=\"Notre entreprise est exp\u00e9riment\u00e9 dans l&rsquo;installation de enseignes, stores, lambrequins lumineux et accessoires pour terrasses, op\u00e8re \u00e0 Orbe et dans les villes aux alentours. Tous types de stores int\u00e9rieurs Nos stores int\u00e9rieurs sont pr\u00e9vus pour embellir l&rsquo;esth\u00e9tique de vos fen\u00eatres, r\u00e9guler la luminosit\u00e9 et prot\u00e9gez votre intimit\u00e9. Nous proposons \u00e0 nos clients un grand choix [&hellip;]\" \/>\n<meta property=\"og:url\" content=\"https:\/\/www.artisanlocal.ch\/c\/votre-expert-du-store-et-des-enseignes-a-orbe\/\" \/>\n<meta property=\"og:site_name\" content=\"Artisanlocal\" \/>\n<meta property=\"article:modified_time\" content=\"2025-08-26T17:24:11+00:00\" \/>\n<meta property=\"og:image\" content=\"https:\/\/www.artisanlocal.ch\/c\/wp-content\/uploads\/2024\/12\/storiste.jpg\" \/>\n\t<meta property=\"og:image:width\" content=\"1920\" \/>\n\t<meta property=\"og:image:height\" content=\"300\" \/>\n\t<meta property=\"og:image:type\" content=\"image\/jpeg\" \/>\n<meta name=\"twitter:card\" content=\"summary_large_image\" \/>\n<meta name=\"twitter:label1\" content=\"Dur\u00e9e de lecture estim\u00e9e\" \/>\n\t<meta name=\"twitter:data1\" content=\"4 minutes\" \/>\n<script type=\"application\/ld+json\" class=\"yoast-schema-graph\">{\"@context\":\"https:\\\/\\\/schema.org\",\"@graph\":[{\"@type\":\"WebPage\",\"@id\":\"https:\\\/\\\/www.artisanlocal.ch\\\/c\\\/votre-expert-du-store-et-des-enseignes-a-orbe\\\/\",\"url\":\"https:\\\/\\\/www.artisanlocal.ch\\\/c\\\/votre-expert-du-store-et-des-enseignes-a-orbe\\\/\",\"name\":\"Votre expert du store et des enseignes \u00e0 Orbe - Artisanlocal\",\"isPartOf\":{\"@id\":\"https:\\\/\\\/www.artisanlocal.ch\\\/c\\\/#website\"},\"primaryImageOfPage\":{\"@id\":\"https:\\\/\\\/www.artisanlocal.ch\\\/c\\\/votre-expert-du-store-et-des-enseignes-a-orbe\\\/#primaryimage\"},\"image\":{\"@id\":\"https:\\\/\\\/www.artisanlocal.ch\\\/c\\\/votre-expert-du-store-et-des-enseignes-a-orbe\\\/#primaryimage\"},\"thumbnailUrl\":\"https:\\\/\\\/www.artisanlocal.ch\\\/c\\\/wp-content\\\/uploads\\\/2024\\\/12\\\/storiste.jpg\",\"datePublished\":\"2024-12-02T17:01:45+00:00\",\"dateModified\":\"2025-08-26T17:24:11+00:00\",\"breadcrumb\":{\"@id\":\"https:\\\/\\\/www.artisanlocal.ch\\\/c\\\/votre-expert-du-store-et-des-enseignes-a-orbe\\\/#breadcrumb\"},\"inLanguage\":\"fr-FR\",\"potentialAction\":[{\"@type\":\"ReadAction\",\"target\":[\"https:\\\/\\\/www.artisanlocal.ch\\\/c\\\/votre-expert-du-store-et-des-enseignes-a-orbe\\\/\"]}]},{\"@type\":\"ImageObject\",\"inLanguage\":\"fr-FR\",\"@id\":\"https:\\\/\\\/www.artisanlocal.ch\\\/c\\\/votre-expert-du-store-et-des-enseignes-a-orbe\\\/#primaryimage\",\"url\":\"https:\\\/\\\/www.artisanlocal.ch\\\/c\\\/wp-content\\\/uploads\\\/2024\\\/12\\\/storiste.jpg\",\"contentUrl\":\"https:\\\/\\\/www.artisanlocal.ch\\\/c\\\/wp-content\\\/uploads\\\/2024\\\/12\\\/storiste.jpg\",\"width\":1920,\"height\":300},{\"@type\":\"BreadcrumbList\",\"@id\":\"https:\\\/\\\/www.artisanlocal.ch\\\/c\\\/votre-expert-du-store-et-des-enseignes-a-orbe\\\/#breadcrumb\",\"itemListElement\":[{\"@type\":\"ListItem\",\"position\":1,\"name\":\"Accueil\",\"item\":\"https:\\\/\\\/www.artisanlocal.ch\\\/c\\\/\"},{\"@type\":\"ListItem\",\"position\":2,\"name\":\"Votre expert du store et des enseignes \u00e0 Orbe\"}]},{\"@type\":\"WebSite\",\"@id\":\"https:\\\/\\\/www.artisanlocal.ch\\\/c\\\/#website\",\"url\":\"https:\\\/\\\/www.artisanlocal.ch\\\/c\\\/\",\"name\":\"Artisanlocal\",\"description\":\"\",\"publisher\":{\"@id\":\"https:\\\/\\\/www.artisanlocal.ch\\\/c\\\/#organization\"},\"potentialAction\":[{\"@type\":\"SearchAction\",\"target\":{\"@type\":\"EntryPoint\",\"urlTemplate\":\"https:\\\/\\\/www.artisanlocal.ch\\\/c\\\/?s={search_term_string}\"},\"query-input\":{\"@type\":\"PropertyValueSpecification\",\"valueRequired\":true,\"valueName\":\"search_term_string\"}}],\"inLanguage\":\"fr-FR\"},{\"@type\":\"Organization\",\"@id\":\"https:\\\/\\\/www.artisanlocal.ch\\\/c\\\/#organization\",\"name\":\"Artisanlocal\",\"url\":\"https:\\\/\\\/www.artisanlocal.ch\\\/c\\\/\",\"logo\":{\"@type\":\"ImageObject\",\"inLanguage\":\"fr-FR\",\"@id\":\"https:\\\/\\\/www.artisanlocal.ch\\\/c\\\/#\\\/schema\\\/logo\\\/image\\\/\",\"url\":\"https:\\\/\\\/www.artisanlocal.ch\\\/c\\\/wp-content\\\/uploads\\\/2024\\\/02\\\/logo-artisanlocal-h.svg\",\"contentUrl\":\"https:\\\/\\\/www.artisanlocal.ch\\\/c\\\/wp-content\\\/uploads\\\/2024\\\/02\\\/logo-artisanlocal-h.svg\",\"caption\":\"Artisanlocal\"},\"image\":{\"@id\":\"https:\\\/\\\/www.artisanlocal.ch\\\/c\\\/#\\\/schema\\\/logo\\\/image\\\/\"}}]}<\/script>\n<!-- \/ Yoast SEO Premium plugin. -->","yoast_head_json":{"title":"Votre expert du store et des enseignes \u00e0 Orbe - Artisanlocal","robots":{"index":"index","follow":"follow","max-snippet":"max-snippet:-1","max-image-preview":"max-image-preview:large","max-video-preview":"max-video-preview:-1"},"canonical":"https:\/\/www.artisanlocal.ch\/c\/votre-expert-du-store-et-des-enseignes-a-orbe\/","og_locale":"fr_FR","og_type":"article","og_title":"Votre expert du store et des enseignes \u00e0 Orbe","og_description":"Notre entreprise est exp\u00e9riment\u00e9 dans l&rsquo;installation de enseignes, stores, lambrequins lumineux et accessoires pour terrasses, op\u00e8re \u00e0 Orbe et dans les villes aux alentours. Tous types de stores int\u00e9rieurs Nos stores int\u00e9rieurs sont pr\u00e9vus pour embellir l&rsquo;esth\u00e9tique de vos fen\u00eatres, r\u00e9guler la luminosit\u00e9 et prot\u00e9gez votre intimit\u00e9. Nous proposons \u00e0 nos clients un grand choix [&hellip;]","og_url":"https:\/\/www.artisanlocal.ch\/c\/votre-expert-du-store-et-des-enseignes-a-orbe\/","og_site_name":"Artisanlocal","article_modified_time":"2025-08-26T17:24:11+00:00","og_image":[{"width":1920,"height":300,"url":"https:\/\/www.artisanlocal.ch\/c\/wp-content\/uploads\/2024\/12\/storiste.jpg","type":"image\/jpeg"}],"twitter_card":"summary_large_image","twitter_misc":{"Dur\u00e9e de lecture estim\u00e9e":"4 minutes"},"schema":{"@context":"https:\/\/schema.org","@graph":[{"@type":"WebPage","@id":"https:\/\/www.artisanlocal.ch\/c\/votre-expert-du-store-et-des-enseignes-a-orbe\/","url":"https:\/\/www.artisanlocal.ch\/c\/votre-expert-du-store-et-des-enseignes-a-orbe\/","name":"Votre expert du store et des enseignes \u00e0 Orbe - Artisanlocal","isPartOf":{"@id":"https:\/\/www.artisanlocal.ch\/c\/#website"},"primaryImageOfPage":{"@id":"https:\/\/www.artisanlocal.ch\/c\/votre-expert-du-store-et-des-enseignes-a-orbe\/#primaryimage"},"image":{"@id":"https:\/\/www.artisanlocal.ch\/c\/votre-expert-du-store-et-des-enseignes-a-orbe\/#primaryimage"},"thumbnailUrl":"https:\/\/www.artisanlocal.ch\/c\/wp-content\/uploads\/2024\/12\/storiste.jpg","datePublished":"2024-12-02T17:01:45+00:00","dateModified":"2025-08-26T17:24:11+00:00","breadcrumb":{"@id":"https:\/\/www.artisanlocal.ch\/c\/votre-expert-du-store-et-des-enseignes-a-orbe\/#breadcrumb"},"inLanguage":"fr-FR","potentialAction":[{"@type":"ReadAction","target":["https:\/\/www.artisanlocal.ch\/c\/votre-expert-du-store-et-des-enseignes-a-orbe\/"]}]},{"@type":"ImageObject","inLanguage":"fr-FR","@id":"https:\/\/www.artisanlocal.ch\/c\/votre-expert-du-store-et-des-enseignes-a-orbe\/#primaryimage","url":"https:\/\/www.artisanlocal.ch\/c\/wp-content\/uploads\/2024\/12\/storiste.jpg","contentUrl":"https:\/\/www.artisanlocal.ch\/c\/wp-content\/uploads\/2024\/12\/storiste.jpg","width":1920,"height":300},{"@type":"BreadcrumbList","@id":"https:\/\/www.artisanlocal.ch\/c\/votre-expert-du-store-et-des-enseignes-a-orbe\/#breadcrumb","itemListElement":[{"@type":"ListItem","position":1,"name":"Accueil","item":"https:\/\/www.artisanlocal.ch\/c\/"},{"@type":"ListItem","position":2,"name":"Votre expert du store et des enseignes \u00e0 Orbe"}]},{"@type":"WebSite","@id":"https:\/\/www.artisanlocal.ch\/c\/#website","url":"https:\/\/www.artisanlocal.ch\/c\/","name":"Artisanlocal","description":"","publisher":{"@id":"https:\/\/www.artisanlocal.ch\/c\/#organization"},"potentialAction":[{"@type":"SearchAction","target":{"@type":"EntryPoint","urlTemplate":"https:\/\/www.artisanlocal.ch\/c\/?s={search_term_string}"},"query-input":{"@type":"PropertyValueSpecification","valueRequired":true,"valueName":"search_term_string"}}],"inLanguage":"fr-FR"},{"@type":"Organization","@id":"https:\/\/www.artisanlocal.ch\/c\/#organization","name":"Artisanlocal","url":"https:\/\/www.artisanlocal.ch\/c\/","logo":{"@type":"ImageObject","inLanguage":"fr-FR","@id":"https:\/\/www.artisanlocal.ch\/c\/#\/schema\/logo\/image\/","url":"https:\/\/www.artisanlocal.ch\/c\/wp-content\/uploads\/2024\/02\/logo-artisanlocal-h.svg","contentUrl":"https:\/\/www.artisanlocal.ch\/c\/wp-content\/uploads\/2024\/02\/logo-artisanlocal-h.svg","caption":"Artisanlocal"},"image":{"@id":"https:\/\/www.artisanlocal.ch\/c\/#\/schema\/logo\/image\/"}}]}},"_links":{"self":[{"href":"https:\/\/www.artisanlocal.ch\/c\/wp-json\/wp\/v2\/pages\/3000","targetHints":{"allow":["GET"]}}],"collection":[{"href":"https:\/\/www.artisanlocal.ch\/c\/wp-json\/wp\/v2\/pages"}],"about":[{"href":"https:\/\/www.artisanlocal.ch\/c\/wp-json\/wp\/v2\/types\/page"}],"author":[{"embeddable":true,"href":"https:\/\/www.artisanlocal.ch\/c\/wp-json\/wp\/v2\/users\/4"}],"replies":[{"embeddable":true,"href":"https:\/\/www.artisanlocal.ch\/c\/wp-json\/wp\/v2\/comments?post=3000"}],"version-history":[{"count":0,"href":"https:\/\/www.artisanlocal.ch\/c\/wp-json\/wp\/v2\/pages\/3000\/revisions"}],"wp:featuredmedia":[{"embeddable":true,"href":"https:\/\/www.artisanlocal.ch\/c\/wp-json\/wp\/v2\/media\/3071"}],"wp:attachment":[{"href":"https:\/\/www.artisanlocal.ch\/c\/wp-json\/wp\/v2\/media?parent=3000"}],"wp:term":[{"taxonomy":"profession","embeddable":true,"href":"https:\/\/www.artisanlocal.ch\/c\/wp-json\/wp\/v2\/profession?post=3000"},{"taxonomy":"location","embeddable":true,"href":"https:\/\/www.artisanlocal.ch\/c\/wp-json\/wp\/v2\/location?post=3000"},{"taxonomy":"canton","embeddable":true,"href":"https:\/\/www.artisanlocal.ch\/c\/wp-json\/wp\/v2\/canton?post=3000"}],"curies":[{"name":"wp","href":"https:\/\/api.w.org\/{rel}","templated":true}]}}