{"id":3002,"date":"2024-11-30T00:38:45","date_gmt":"2024-11-29T23:38:45","guid":{"rendered":"https:\/\/www.artisanlocal.ch\/c\/vos-stores-fenetres-et-fermetures-a-rolle\/"},"modified":"2025-08-26T19:24:30","modified_gmt":"2025-08-26T17:24:30","slug":"vos-stores-fenetres-et-fermetures-a-rolle","status":"publish","type":"page","link":"https:\/\/www.artisanlocal.ch\/c\/vos-stores-fenetres-et-fermetures-a-rolle\/","title":{"rendered":"Vos stores, fen\u00eatres, et fermetures \u00e0 Rolle"},"content":{"rendered":"<p>Notre entreprise est sp\u00e9cialis\u00e9e dans l&rsquo;installation de stores, enseignes, lambrequins lumineux et accessoires pour terrasses, intervient \u00e0 Rolle et dans les villes aux alentours.<\/p>\n\r\n<div class=\"box\">\r\n    <h2 class=\"text-dark\">Nous cherchons un <em class=\"text-primary\">Storiste<\/em> dans la r\u00e9gion de <em class=\"text-primary\">Rolle<\/em>  en exclusivit\u00e9, afin de proposer vos services \u00e0 nos clients propri\u00e9taires.<\/h2>\r\n    <p>Une opportunit\u00e9 unique pour booster votre activit\u00e9 \u00e0 <strong>Rolle<\/strong> et aux alentours dans votre domaine (Storiste).<\/p>\r\n    <p>Nous travaillons en exclusivit\u00e9 avec qu'une soci\u00e9t\u00e9 par m\u00e9tier et par r\u00e9gion. <br>Votre entreprise est pr\u00e9sente sur tous les documents immobiliers. Afin d'\u00eatre mieux vu sur le net, vous \u00eates \u00e9galement visible sur nos deux sites et sur les pages de r\u00e9f\u00e9rencement de votre r\u00e9gion.<\/p>\r\n    <a href=\"\/contact\" class=\"wp-block-button__link has-accent-background-color has-text-align-center wp-element-button\">R\u00e9server<\/a>\r\n<\/div>\n<h2>Stores int\u00e9rieurs<\/h2>\n<p>Nos stores int\u00e9rieurs sont pr\u00e9vus pour embellir l&rsquo;esth\u00e9tique de vos fen\u00eatres, contr\u00f4ler l&rsquo;entr\u00e9e de la lumi\u00e8re ou conserver votre intimit\u00e9. Nous offrons un large choix de stores : v\u00e9nitiens, textiles, pliss\u00e9s, bandes verticales, enrouleurs, enrouleurs avec coffre, parois japonaises, rideaux, bateaux et bateaux voilage.<\/p>\n<h2>Stores ext\u00e9rieurs sur-mesure pour vos fen\u00eatres<\/h2>\n<p>Nos stores ext\u00e9rieurs sur-mesure sont install\u00e9s pour cr\u00e9er des espaces \u00e0 l\u2019abri du soleil. Nous proposons une large gamme de stores ext\u00e9rieurs : verri\u00e8res, loggias et v\u00e9randas, mais aussi fen\u00eatres, pourvues de coffres, semi-coffres, bannes, \u00e0 bras t\u00e9lescopiques ou articul\u00e9s.<\/p>\n<h2>Pergolas et pergolas bioclimatiques<\/h2>\n<p>Si vous cherchez une protection contre les pr\u00e9cipitations, nous vous conseillons de choisir une pergola. Nous avons une vaste gamme de pergolas : \u00e0 lames r\u00e9tractables, toiles de protection solaire verticale, \u00e0 toits fixes ou avec panneaux verticaux.<\/p>\n<h2>Lambrequin lumineux \u00e0 Rolle<\/h2>\n<p>Nos lambrequins lumineux vous permettent d\u2019am\u00e9liorer la visibilit\u00e9 nocturne : de votre restaurant, magasin, commerces, commerce, h\u00f4tel ou brasserie.&nbsp;<\/p>\n<h2>Rentoilage de stores<\/h2>\n<p>Nous proposons \u00e9galement le changement de toile (rentoilage) de stores banne qui permet d&#8217;emp\u00eacher le remplacement complet du store.<\/p>\n<h2>Fen\u00eatres bois et alu<\/h2>\n<p>Si vous avez besoin de changer vos fen\u00eatres. Nous construisons et mettons en place vos fen\u00eatres battantes et coulissantes : en bois, aluminium ou PVC.<\/p>\n<h2>Volet roulant \u00e9lectrique ou manuel<\/h2>\n<p>Les volets roulants permettent d&rsquo;obtenir une meilleure protection thermique, et une bonne protection solaire et phonique. Ils r\u00e9duisent les d\u00e9perditions \u00e9nerg\u00e9tiques : m\u00e9talliques, persiennes, alu, solaires ou bois.<\/p>\n<h2>Film solaire sur mesure pour fen\u00eatre \u00e0 Rolle<\/h2>\n<p>Nos films protection solaire sans tains vous permettent de limiter la temp\u00e9rature de votre int\u00e9rieur, de vous prot\u00e9ger des rayons UV, et de pr\u00e9server votre intimit\u00e9.<\/p>\n<h2>Menuiserie Rolle : Alu, PVC, Bois<\/h2>\n<p>Nous avons aussi d\u2019autres solutions \u00e0 vous pr\u00e9senter, comme les :<\/p>\n<ul>\n<li>Fen\u00eatres.<\/li>\n<li>Volets.<\/li>\n<li>Portails et portes.<\/li>\n<li>Alarmes.<\/li>\n<li>Domotiques.<\/li>\n<li>Portes de garage.<\/li>\n<li>Carport.<\/li>\n<li>Garde-corps ext\u00e9rieurs.<\/li>\n<\/ul>\n<h2>Nos secteurs d&rsquo;activit\u00e9<\/h2>\n<h3>Les soci\u00e9t\u00e9s : caf\u00e9s, commerces de proximit\u00e9, brasseries et h\u00f4tels<\/h3>\n<p>Notre entreprise con\u00e7oit, construit, et met en place des stores pour les soci\u00e9t\u00e9s \u00e0 Rolle, comme : les restaurants, bureaux et boutiques.&nbsp;<\/p>\n<h3>Les particuliers et les copropri\u00e9t\u00e9s<\/h3>\n<p>Nous intervenons chez les particuliers et dans les copropri\u00e9t\u00e9s pour poser vos pergolas, pergolas bioclimatiques, fen\u00eatres, volets battants, stores de terrasse, v\u00e9randas, volets roulants et stores int\u00e9rieurs.<\/p>\n<h2>Nos services<\/h2>\n<h3>Conception<\/h3>\n<p>Nous cr\u00e9ons tous vos stores personnalis\u00e9s selon vos attentes.<\/p>\n<h3>Pose personnalis\u00e9<\/h3>\n<p>Nos techniciens op\u00e8rent \u00e0 Rolle pour prendre les mesures et poser vos stores en fonction de vos contraintes et vos besoins.<\/p>\n<h3>Service de r\u00e9paration de stores<\/h3>\n<p>Nos storistes sont sp\u00e9cialis\u00e9s dans la r\u00e9paration de stores, lors de leur intervention, ils remplacent les \u00e9l\u00e9ments d\u00e9fectueux.<\/p>\n<h3>Service d\u2019entretien<\/h3>\n<p>Une maintenance r\u00e9alis\u00e9e r\u00e9guli\u00e8rement permet d&rsquo;am\u00e9liorer la long\u00e9vit\u00e9 de vos stores. Un storiste doit intervenir \u00e0 votre domicile pour contr\u00f4ler l\u2019\u00e9tat de votre store et si n\u00e9cessaire effectuer la r\u00e9paration, le remplacement ou le rentoilage.<\/p>\n<h3>Accessoires et options<\/h3>\n<p>Nous proposons diff\u00e9rents types d\u2019ouverture (manuelle ou \u00e9lectrique) pour les portes de garage, les volets et les stores.<\/p>\n<h2>Pourquoi choisir Artisanlocal ?<\/h2>\n<p>Notre entreprise est experte dans la pose et l\u2019entretien de stores et de fermetures \u00e0 Rolle. Nos storistes vous accompagneront dans le choix de votre store pour r\u00e9pondre au mieux \u00e0 vos demandes.<\/p>\n<h3>Large gamme<\/h3>\n<p>Notre entreprise propose un grand choix de stores.<\/p>\n<h3>Devis gratuits<\/h3>\n<p>Recevez un devis gratuit et sans engagement. Nos devis sont d\u00e9taill\u00e9s et transparents.&nbsp;<\/p>\n<h3>Diagnostic<\/h3>\n<p>Pour chacun des projets, nous examinons sa faisabilit\u00e9, et nous concevons des plans personnalis\u00e9s pour int\u00e9grer de la meilleure fa\u00e7on vos stores en prenant compte vos d\u00e9sirs et vos probl\u00e9matiques.<\/p>\n<h3>Store haut de gamme<\/h3>\n<p>Nous utilisons des mat\u00e9riaux de qualit\u00e9 pour les stores que nous posons.<\/p>\n<h3>D\u00e9pannage rapide \u00e0 Rolle<\/h3>\n<p>Le storiste qui est localis\u00e9 \u00e0 Rolle op\u00e8re d\u00e8s que possible chez vous pour poser ou r\u00e9parer vos stores.<\/p>\n<h2>Foire Aux Questions<\/h2>\n<h3>Les stores actuels peuvent-ils \u00eatre m\u00e9canis\u00e9s ?<\/h3>\n<p>Oui, la m\u00e9canisation d&rsquo;un store est parfaitement possible, seulement (selon certaines conditions). Un de nos techniciens doit se d\u00e9placer \u00e0 votre logement pour analyser la faisabilit\u00e9 du projet.<\/p>\n<h3>Artisanlocal op\u00e8re dans les villes \u00e0 proximit\u00e9 de Rolle ? ?<\/h3>\n<p>Oui, nos storistes op\u00e8rent \u00e0 Rolle, mais aussi dans les localit\u00e9s aux alentours, telles que : Tartegnin, Gilly, Bursins, Luins, Vinzel, Mont-sur-Rolle, Essertines-sur-Rolle, St-Oyens, Gimel, St-George, Bursinel, Dully, Longirod, Marchissy, Burtigny.<\/p>\n","protected":false},"excerpt":{"rendered":"<p>Notre entreprise est sp\u00e9cialis\u00e9e dans l&rsquo;installation de stores, enseignes, lambrequins lumineux et accessoires pour terrasses, intervient \u00e0 Rolle et dans les villes aux alentours. Stores int\u00e9rieurs Nos stores int\u00e9rieurs sont pr\u00e9vus pour embellir l&rsquo;esth\u00e9tique de vos fen\u00eatres, contr\u00f4ler l&rsquo;entr\u00e9e de la lumi\u00e8re ou conserver votre intimit\u00e9. Nous offrons un large choix de stores : v\u00e9nitiens, [&hellip;]<\/p>\n","protected":false},"author":4,"featured_media":3071,"parent":0,"menu_order":0,"comment_status":"closed","ping_status":"closed","template":"","meta":{"footnotes":""},"profession":[130],"location":[70],"canton":[113],"class_list":["post-3002","page","type-page","status-publish","has-post-thumbnail","hentry","profession-storiste","location-rolle","canton-vd"],"yoast_head":"<!-- This site is optimized with the Yoast SEO Premium plugin v25.7.1 (Yoast SEO v27.3) - https:\/\/yoast.com\/product\/yoast-seo-premium-wordpress\/ -->\n<title>Vos stores, fen\u00eatres, et fermetures \u00e0 Rolle - Artisanlocal<\/title>\n<meta name=\"robots\" content=\"index, follow, max-snippet:-1, max-image-preview:large, max-video-preview:-1\" \/>\n<link rel=\"canonical\" href=\"https:\/\/www.artisanlocal.ch\/c\/vos-stores-fenetres-et-fermetures-a-rolle\/\" \/>\n<meta property=\"og:locale\" content=\"fr_FR\" \/>\n<meta property=\"og:type\" content=\"article\" \/>\n<meta property=\"og:title\" content=\"Vos stores, fen\u00eatres, et fermetures \u00e0 Rolle\" \/>\n<meta property=\"og:description\" content=\"Notre entreprise est sp\u00e9cialis\u00e9e dans l&rsquo;installation de stores, enseignes, lambrequins lumineux et accessoires pour terrasses, intervient \u00e0 Rolle et dans les villes aux alentours. Stores int\u00e9rieurs Nos stores int\u00e9rieurs sont pr\u00e9vus pour embellir l&rsquo;esth\u00e9tique de vos fen\u00eatres, contr\u00f4ler l&rsquo;entr\u00e9e de la lumi\u00e8re ou conserver votre intimit\u00e9. Nous offrons un large choix de stores : v\u00e9nitiens, [&hellip;]\" \/>\n<meta property=\"og:url\" content=\"https:\/\/www.artisanlocal.ch\/c\/vos-stores-fenetres-et-fermetures-a-rolle\/\" \/>\n<meta property=\"og:site_name\" content=\"Artisanlocal\" \/>\n<meta property=\"article:modified_time\" content=\"2025-08-26T17:24:30+00:00\" \/>\n<meta property=\"og:image\" content=\"https:\/\/www.artisanlocal.ch\/c\/wp-content\/uploads\/2024\/12\/storiste.jpg\" \/>\n\t<meta property=\"og:image:width\" content=\"1920\" \/>\n\t<meta property=\"og:image:height\" content=\"300\" \/>\n\t<meta property=\"og:image:type\" content=\"image\/jpeg\" \/>\n<meta name=\"twitter:card\" content=\"summary_large_image\" \/>\n<meta name=\"twitter:label1\" content=\"Dur\u00e9e de lecture estim\u00e9e\" \/>\n\t<meta name=\"twitter:data1\" content=\"4 minutes\" \/>\n<script type=\"application\/ld+json\" class=\"yoast-schema-graph\">{\"@context\":\"https:\\\/\\\/schema.org\",\"@graph\":[{\"@type\":\"WebPage\",\"@id\":\"https:\\\/\\\/www.artisanlocal.ch\\\/c\\\/vos-stores-fenetres-et-fermetures-a-rolle\\\/\",\"url\":\"https:\\\/\\\/www.artisanlocal.ch\\\/c\\\/vos-stores-fenetres-et-fermetures-a-rolle\\\/\",\"name\":\"Vos stores, fen\u00eatres, et fermetures \u00e0 Rolle - Artisanlocal\",\"isPartOf\":{\"@id\":\"https:\\\/\\\/www.artisanlocal.ch\\\/c\\\/#website\"},\"primaryImageOfPage\":{\"@id\":\"https:\\\/\\\/www.artisanlocal.ch\\\/c\\\/vos-stores-fenetres-et-fermetures-a-rolle\\\/#primaryimage\"},\"image\":{\"@id\":\"https:\\\/\\\/www.artisanlocal.ch\\\/c\\\/vos-stores-fenetres-et-fermetures-a-rolle\\\/#primaryimage\"},\"thumbnailUrl\":\"https:\\\/\\\/www.artisanlocal.ch\\\/c\\\/wp-content\\\/uploads\\\/2024\\\/12\\\/storiste.jpg\",\"datePublished\":\"2024-11-29T23:38:45+00:00\",\"dateModified\":\"2025-08-26T17:24:30+00:00\",\"breadcrumb\":{\"@id\":\"https:\\\/\\\/www.artisanlocal.ch\\\/c\\\/vos-stores-fenetres-et-fermetures-a-rolle\\\/#breadcrumb\"},\"inLanguage\":\"fr-FR\",\"potentialAction\":[{\"@type\":\"ReadAction\",\"target\":[\"https:\\\/\\\/www.artisanlocal.ch\\\/c\\\/vos-stores-fenetres-et-fermetures-a-rolle\\\/\"]}]},{\"@type\":\"ImageObject\",\"inLanguage\":\"fr-FR\",\"@id\":\"https:\\\/\\\/www.artisanlocal.ch\\\/c\\\/vos-stores-fenetres-et-fermetures-a-rolle\\\/#primaryimage\",\"url\":\"https:\\\/\\\/www.artisanlocal.ch\\\/c\\\/wp-content\\\/uploads\\\/2024\\\/12\\\/storiste.jpg\",\"contentUrl\":\"https:\\\/\\\/www.artisanlocal.ch\\\/c\\\/wp-content\\\/uploads\\\/2024\\\/12\\\/storiste.jpg\",\"width\":1920,\"height\":300},{\"@type\":\"BreadcrumbList\",\"@id\":\"https:\\\/\\\/www.artisanlocal.ch\\\/c\\\/vos-stores-fenetres-et-fermetures-a-rolle\\\/#breadcrumb\",\"itemListElement\":[{\"@type\":\"ListItem\",\"position\":1,\"name\":\"Accueil\",\"item\":\"https:\\\/\\\/www.artisanlocal.ch\\\/c\\\/\"},{\"@type\":\"ListItem\",\"position\":2,\"name\":\"Vos stores, fen\u00eatres, et fermetures \u00e0 Rolle\"}]},{\"@type\":\"WebSite\",\"@id\":\"https:\\\/\\\/www.artisanlocal.ch\\\/c\\\/#website\",\"url\":\"https:\\\/\\\/www.artisanlocal.ch\\\/c\\\/\",\"name\":\"Artisanlocal\",\"description\":\"\",\"publisher\":{\"@id\":\"https:\\\/\\\/www.artisanlocal.ch\\\/c\\\/#organization\"},\"potentialAction\":[{\"@type\":\"SearchAction\",\"target\":{\"@type\":\"EntryPoint\",\"urlTemplate\":\"https:\\\/\\\/www.artisanlocal.ch\\\/c\\\/?s={search_term_string}\"},\"query-input\":{\"@type\":\"PropertyValueSpecification\",\"valueRequired\":true,\"valueName\":\"search_term_string\"}}],\"inLanguage\":\"fr-FR\"},{\"@type\":\"Organization\",\"@id\":\"https:\\\/\\\/www.artisanlocal.ch\\\/c\\\/#organization\",\"name\":\"Artisanlocal\",\"url\":\"https:\\\/\\\/www.artisanlocal.ch\\\/c\\\/\",\"logo\":{\"@type\":\"ImageObject\",\"inLanguage\":\"fr-FR\",\"@id\":\"https:\\\/\\\/www.artisanlocal.ch\\\/c\\\/#\\\/schema\\\/logo\\\/image\\\/\",\"url\":\"https:\\\/\\\/www.artisanlocal.ch\\\/c\\\/wp-content\\\/uploads\\\/2024\\\/02\\\/logo-artisanlocal-h.svg\",\"contentUrl\":\"https:\\\/\\\/www.artisanlocal.ch\\\/c\\\/wp-content\\\/uploads\\\/2024\\\/02\\\/logo-artisanlocal-h.svg\",\"caption\":\"Artisanlocal\"},\"image\":{\"@id\":\"https:\\\/\\\/www.artisanlocal.ch\\\/c\\\/#\\\/schema\\\/logo\\\/image\\\/\"}}]}<\/script>\n<!-- \/ Yoast SEO Premium plugin. -->","yoast_head_json":{"title":"Vos stores, fen\u00eatres, et fermetures \u00e0 Rolle - Artisanlocal","robots":{"index":"index","follow":"follow","max-snippet":"max-snippet:-1","max-image-preview":"max-image-preview:large","max-video-preview":"max-video-preview:-1"},"canonical":"https:\/\/www.artisanlocal.ch\/c\/vos-stores-fenetres-et-fermetures-a-rolle\/","og_locale":"fr_FR","og_type":"article","og_title":"Vos stores, fen\u00eatres, et fermetures \u00e0 Rolle","og_description":"Notre entreprise est sp\u00e9cialis\u00e9e dans l&rsquo;installation de stores, enseignes, lambrequins lumineux et accessoires pour terrasses, intervient \u00e0 Rolle et dans les villes aux alentours. Stores int\u00e9rieurs Nos stores int\u00e9rieurs sont pr\u00e9vus pour embellir l&rsquo;esth\u00e9tique de vos fen\u00eatres, contr\u00f4ler l&rsquo;entr\u00e9e de la lumi\u00e8re ou conserver votre intimit\u00e9. Nous offrons un large choix de stores : v\u00e9nitiens, [&hellip;]","og_url":"https:\/\/www.artisanlocal.ch\/c\/vos-stores-fenetres-et-fermetures-a-rolle\/","og_site_name":"Artisanlocal","article_modified_time":"2025-08-26T17:24:30+00:00","og_image":[{"width":1920,"height":300,"url":"https:\/\/www.artisanlocal.ch\/c\/wp-content\/uploads\/2024\/12\/storiste.jpg","type":"image\/jpeg"}],"twitter_card":"summary_large_image","twitter_misc":{"Dur\u00e9e de lecture estim\u00e9e":"4 minutes"},"schema":{"@context":"https:\/\/schema.org","@graph":[{"@type":"WebPage","@id":"https:\/\/www.artisanlocal.ch\/c\/vos-stores-fenetres-et-fermetures-a-rolle\/","url":"https:\/\/www.artisanlocal.ch\/c\/vos-stores-fenetres-et-fermetures-a-rolle\/","name":"Vos stores, fen\u00eatres, et fermetures \u00e0 Rolle - Artisanlocal","isPartOf":{"@id":"https:\/\/www.artisanlocal.ch\/c\/#website"},"primaryImageOfPage":{"@id":"https:\/\/www.artisanlocal.ch\/c\/vos-stores-fenetres-et-fermetures-a-rolle\/#primaryimage"},"image":{"@id":"https:\/\/www.artisanlocal.ch\/c\/vos-stores-fenetres-et-fermetures-a-rolle\/#primaryimage"},"thumbnailUrl":"https:\/\/www.artisanlocal.ch\/c\/wp-content\/uploads\/2024\/12\/storiste.jpg","datePublished":"2024-11-29T23:38:45+00:00","dateModified":"2025-08-26T17:24:30+00:00","breadcrumb":{"@id":"https:\/\/www.artisanlocal.ch\/c\/vos-stores-fenetres-et-fermetures-a-rolle\/#breadcrumb"},"inLanguage":"fr-FR","potentialAction":[{"@type":"ReadAction","target":["https:\/\/www.artisanlocal.ch\/c\/vos-stores-fenetres-et-fermetures-a-rolle\/"]}]},{"@type":"ImageObject","inLanguage":"fr-FR","@id":"https:\/\/www.artisanlocal.ch\/c\/vos-stores-fenetres-et-fermetures-a-rolle\/#primaryimage","url":"https:\/\/www.artisanlocal.ch\/c\/wp-content\/uploads\/2024\/12\/storiste.jpg","contentUrl":"https:\/\/www.artisanlocal.ch\/c\/wp-content\/uploads\/2024\/12\/storiste.jpg","width":1920,"height":300},{"@type":"BreadcrumbList","@id":"https:\/\/www.artisanlocal.ch\/c\/vos-stores-fenetres-et-fermetures-a-rolle\/#breadcrumb","itemListElement":[{"@type":"ListItem","position":1,"name":"Accueil","item":"https:\/\/www.artisanlocal.ch\/c\/"},{"@type":"ListItem","position":2,"name":"Vos stores, fen\u00eatres, et fermetures \u00e0 Rolle"}]},{"@type":"WebSite","@id":"https:\/\/www.artisanlocal.ch\/c\/#website","url":"https:\/\/www.artisanlocal.ch\/c\/","name":"Artisanlocal","description":"","publisher":{"@id":"https:\/\/www.artisanlocal.ch\/c\/#organization"},"potentialAction":[{"@type":"SearchAction","target":{"@type":"EntryPoint","urlTemplate":"https:\/\/www.artisanlocal.ch\/c\/?s={search_term_string}"},"query-input":{"@type":"PropertyValueSpecification","valueRequired":true,"valueName":"search_term_string"}}],"inLanguage":"fr-FR"},{"@type":"Organization","@id":"https:\/\/www.artisanlocal.ch\/c\/#organization","name":"Artisanlocal","url":"https:\/\/www.artisanlocal.ch\/c\/","logo":{"@type":"ImageObject","inLanguage":"fr-FR","@id":"https:\/\/www.artisanlocal.ch\/c\/#\/schema\/logo\/image\/","url":"https:\/\/www.artisanlocal.ch\/c\/wp-content\/uploads\/2024\/02\/logo-artisanlocal-h.svg","contentUrl":"https:\/\/www.artisanlocal.ch\/c\/wp-content\/uploads\/2024\/02\/logo-artisanlocal-h.svg","caption":"Artisanlocal"},"image":{"@id":"https:\/\/www.artisanlocal.ch\/c\/#\/schema\/logo\/image\/"}}]}},"_links":{"self":[{"href":"https:\/\/www.artisanlocal.ch\/c\/wp-json\/wp\/v2\/pages\/3002","targetHints":{"allow":["GET"]}}],"collection":[{"href":"https:\/\/www.artisanlocal.ch\/c\/wp-json\/wp\/v2\/pages"}],"about":[{"href":"https:\/\/www.artisanlocal.ch\/c\/wp-json\/wp\/v2\/types\/page"}],"author":[{"embeddable":true,"href":"https:\/\/www.artisanlocal.ch\/c\/wp-json\/wp\/v2\/users\/4"}],"replies":[{"embeddable":true,"href":"https:\/\/www.artisanlocal.ch\/c\/wp-json\/wp\/v2\/comments?post=3002"}],"version-history":[{"count":0,"href":"https:\/\/www.artisanlocal.ch\/c\/wp-json\/wp\/v2\/pages\/3002\/revisions"}],"wp:featuredmedia":[{"embeddable":true,"href":"https:\/\/www.artisanlocal.ch\/c\/wp-json\/wp\/v2\/media\/3071"}],"wp:attachment":[{"href":"https:\/\/www.artisanlocal.ch\/c\/wp-json\/wp\/v2\/media?parent=3002"}],"wp:term":[{"taxonomy":"profession","embeddable":true,"href":"https:\/\/www.artisanlocal.ch\/c\/wp-json\/wp\/v2\/profession?post=3002"},{"taxonomy":"location","embeddable":true,"href":"https:\/\/www.artisanlocal.ch\/c\/wp-json\/wp\/v2\/location?post=3002"},{"taxonomy":"canton","embeddable":true,"href":"https:\/\/www.artisanlocal.ch\/c\/wp-json\/wp\/v2\/canton?post=3002"}],"curies":[{"name":"wp","href":"https:\/\/api.w.org\/{rel}","templated":true}]}}