{"id":3003,"date":"2024-11-27T22:01:15","date_gmt":"2024-11-27T21:01:15","guid":{"rendered":"https:\/\/www.artisanlocal.ch\/c\/stores-et-fermetures-a-vevey\/"},"modified":"2026-04-03T12:58:16","modified_gmt":"2026-04-03T10:58:16","slug":"stores-et-fermetures-a-vevey","status":"publish","type":"page","link":"https:\/\/www.artisanlocal.ch\/c\/stores-et-fermetures-a-vevey\/","title":{"rendered":"Stores et fermetures \u00e0 Vevey"},"content":{"rendered":"<p>Artisanlocal est un installateur de stores, enseignes, lambrequin lumineux et accessoires de terrasses, \u00e0 Vevey et dans les localit\u00e9s proches.<\/p>\n\r\n<div class=\"box\">\r\n            <div class=\"company-info\">\r\n            <img decoding=\"async\" class=\"company-info__logo\" src=\"https:\/\/www.artisanlocal.ch\/media\/cache\/thumb\/images\/companies\/6788c4f908b4c210523863.png\" alt=\"Logo\">\r\n            <h2 class=\"company-info__name\">Ultra Volets S\u00e0rl<\/h2>\r\n            <p class=\"company-info__business\">Volets en aluminium thermolaqu\u00e9s - Moustiquaires - Stores en tout genre - Rideaux<\/p>\r\n        <\/div>\r\n        <div class=\"company-contact\">\r\n            <p class=\"company-info__address\">Rue du Pays-d'Enhaut 51<\/p>\r\n                            <div class=\"links\">\r\n                                            <a class=\"btn has-accent-background-color js-phoneNumber\" href=\"tel:0795370830\" title=\"Appelez\" data-id=\"3796\" data-type=\"11\">079 537 08 30<\/a>\r\n                                                                <a class=\"btn has-accent-background-color\" href=\"https:\/\/www.ultravolets.ch\/\" target=\"_blank\" title=\"Voir le site internet\" data-id=\"3796\" data-type=\"20\">Site internet<\/a>\r\n                                    <\/div>\r\n                    <\/div>\r\n    \r\n            \r\n<form action=\"https:\/\/www.artisanlocal.ch\/c\/wp-admin\/admin-ajax.php\" method=\"post\" class=\"form-contact\" id=\"artisan_form_contact_company_inline\">\r\n    <div><input type=\"hidden\" name=\"action\" value=\"company_contact\"><\/div>\r\n    <div><input type=\"hidden\" name=\"nonce\" value=\"4e25433c73\"><\/div>\r\n    <div><input type=\"hidden\" name=\"company_id\" value=\"3796\"><\/div>\r\n    <div><input type=\"hidden\" name=\"form_id\" value=\"artisan_form_contact_company_inline\"><\/div>\r\n    <div class=\"gglcptch gglcptch_v3 gglcptch_custom\"><input type=\"hidden\" id=\"g-recaptcha-response\" name=\"g-recaptcha-response\" \/><br \/><div class=\"gglcptch_error_text\">La p\u00e9riode de v\u00e9rification reCAPTCHA a expir\u00e9. Veuillez recharger la page.<\/div><\/div>    <div class=\"form-content\">\r\n        <div class=\"form-group\">\r\n            <label for=\"contact_firstName\" class=\"required\">Pr\u00e9nom<\/label>\r\n            <input type=\"text\" name=\"firstName\" class=\"form-control\" required>\r\n        <\/div>\r\n        <div class=\"form-group\">\r\n            <label for=\"contact_lastName\" class=\"required\">Nom<\/label>\r\n            <input type=\"text\" name=\"lastName\" class=\"form-control\" required>\r\n        <\/div>\r\n        <div class=\"form-group\">\r\n            <label for=\"contact_email\" class=\"required\">Email<\/label>\r\n            <input type=\"email\" name=\"email\" class=\"form-control\" required>\r\n        <\/div>\r\n        <div class=\"form-group\">\r\n            <label for=\"contact_phone\" class=\"required\">Num\u00e9ro de t\u00e9l\u00e9phone<\/label>\r\n            <input type=\"tel\" name=\"phone\" class=\"form-control\" placeholder=\"0787117165\" pattern=\"^[0-9]{10}$\" required>\r\n        <\/div>\r\n        <div class=\"form-group\">\r\n            <label for=\"contact_postalCode\" class=\"required\">Code postal et localit\u00e9<\/label>\r\n            <input type=\"text\" name=\"postalCode\" class=\"form-control\" required>\r\n        <\/div>\r\n        <div class=\"form-group\">\r\n            <label for=\"contact_address\" class=\"required\">Adresse<\/label>\r\n            <input type=\"text\" name=\"address\" class=\"form-control\" required>\r\n        <\/div>\r\n        <div class=\"full-width topic\">\r\n            <p class=\"required\">Je souhaite \u00eatre contact\u00e9 pour :<\/p>\r\n            <div class=\"form-check\">\r\n                <input type=\"radio\" name=\"topic\" value=\"D\u00e9pannage\" class=\"form-control\" required>\r\n                <label for=\"d\u00e9pannage\">D\u00e9pannage<\/label>\r\n            <\/div>\r\n            <div class=\"form-check\">\r\n                <input type=\"radio\" name=\"topic\" value=\"Entretien\" class=\"form-control\" required>\r\n                <label for=\"entretien\">Entretien<\/label>\r\n            <\/div>\r\n            <div class=\"form-check\">\r\n                <input type=\"radio\" name=\"topic\" value=\"R\u00e9novation\" class=\"form-control\" required>\r\n                <label for=\"r\u00e9novation\">R\u00e9novation<\/label>\r\n            <\/div>\r\n            <div class=\"form-check\">\r\n                <input type=\"radio\" name=\"topic\" value=\"Autre\" class=\"form-control\" required>\r\n                <label for=\"autre\">Autre<\/label>\r\n            <\/div>\r\n        <\/div>\r\n        <div class=\"form-group full-width\">\r\n            <label for=\"contact_message\">Message<\/label>\r\n            <textarea name=\"message\" rows=\"3\" class=\"form-control\"><\/textarea>\r\n        <\/div>\r\n    <\/div>\r\n    <div class=\"form-actions\">\r\n        <button class=\"wp-block-button__link has-accent-background-color\">Contacter<\/button>\r\n    <\/div>\r\n<\/form>\r\n<div class=\"form-feedback\"><\/div>    <\/div>\n<h2>Diverses gammes de stores int\u00e9rieurs<\/h2>\n<p>Nos solutions int\u00e9rieures am\u00e9liorent l&rsquo;apparence de vos fen\u00eatres, r\u00e9guler la lumi\u00e8re et prot\u00e9gez votre intimit\u00e9. Nous proposons une large gamme de stores : textiles, enrouleurs, bateaux, pliss\u00e9s, rideaux, parois japonaises, v\u00e9nitiens, bandes verticales, enrouleurs avec coffre et bateaux voilage.<\/p>\n<h2>Stores ext\u00e9rieurs pour terrasses et balcons<\/h2>\n<p>Nos stores ext\u00e9rieurs permettent de cr\u00e9er des espaces ombrag\u00e9s sur votre balcon ou terrasse. Nous proposons un large choix de stores ext\u00e9rieurs : verri\u00e8res, loggias et v\u00e9randas, mais aussi fen\u00eatres, pourvues de coffres, bannes, semi-coffres, \u00e0 bras t\u00e9lescopiques ou articul\u00e9s.<\/p>\n<h2>Pergolas bioclimatiques et pergolas<\/h2>\n<p>Si vous recherchez une protection contre les pr\u00e9cipitations, nous vous recommandons de s\u00e9lectionner une pergola. Nous vous proposons des pergolas : \u00e0 lames r\u00e9tractables, \u00e0 toits fixes, toiles de protection solaire verticale ou avec panneaux verticaux.<\/p>\n<h2>Lambrequins lumineux<\/h2>\n<p>Gr\u00e2ce \u00e0 nos lambrequins lumineux, votre commerce sera vu m\u00eame la nuit ou par temps pluvieux.&nbsp;<\/p>\n<h2>Rentoilage de stores sur-mesure <\/h2>\n<p>Le changement de toile de stores banne est une alternative \u00e9conomique au remplacement du store.<\/p>\n<h2>Fen\u00eatre bois aluminium \u00e0 Vevey<\/h2>\n<p>Si vous avez besoin de r\u00e9nover vos fen\u00eatres. Nous construisons et installons vos fen\u00eatres battantes et coulissantes : PVC, en bois ou aluminium.<\/p>\n<h2>Installation de volets roulants avec ou sans motorisation <\/h2>\n<p>Les volets roulants offrent une meilleure isolation thermique, et une bonne protection phonique et solaire. Ils r\u00e9duisent les d\u00e9perditions de chaleur : m\u00e9talliques, aluminium, persiennes, solaires ou bois.<\/p>\n<h2>Films pour vitrages et stores sur mesure de qualit\u00e9<\/h2>\n<p>Nos films protection solaire sans tains vous permettent de contr\u00f4ler la temp\u00e9rature de votre habitation, de renforcer votre s\u00e9curit\u00e9 en prot\u00e9geant votre intimit\u00e9, et r\u00e9duit l&rsquo;impact de l&rsquo;exposition aux UV.<\/p>\n<h2>Menuiserie \u00e0 Vevey<\/h2>\n<p>Nous avons de plus d&rsquo;autres produits \u00e0 vous pr\u00e9senter, comme les :<\/p>\n<ul>\n<li>Fen\u00eatres.<\/li>\n<li>Volets.<\/li>\n<li>Portes et portails.<\/li>\n<li>Alarmes.<\/li>\n<li>Domotiques.<\/li>\n<li>Portes de garage.<\/li>\n<li>Carport.<\/li>\n<li>Garde-corps ext\u00e9rieurs.<\/li>\n<\/ul>\n<h2>Nos secteurs d&rsquo;activit\u00e9<\/h2>\n<h3>Les soci\u00e9t\u00e9s : caf\u00e9s, brasseries, boutiques et restaurants<\/h3>\n<p>Artisanlocal con\u00e7oit, fabrique, et met en place des stores pour les entreprises \u00e0 Vevey, comme : les bureaux, les boutiques et les restaurants.&nbsp;<\/p>\n<h3>Les syndics de copropri\u00e9t\u00e9 et les particuliers<\/h3>\n<p>Intervention chez les particuliers et les copropri\u00e9t\u00e9s, nous mettons en place vos fen\u00eatres, stores int\u00e9rieurs, stores de terrasse, v\u00e9randa, volets roulants, volets battants, pergolas et pergolas bioclimatiques.<\/p>\n<h2>Nos services &amp; prestations<\/h2>\n<h3>Conception<\/h3>\n<p>Nous r\u00e9alisons tous vos stores sur mesure par rapport \u00e0 vos demandes.<\/p>\n<h3>Installation personnalis\u00e9<\/h3>\n<p>Nos techniciens interviennent \u00e0 Vevey pour prendre les mesures et poser vos stores en fonction de vos besoins et vos contraintes.<\/p>\n<h3>Service de r\u00e9paration de stores<\/h3>\n<p>Les storistes d&rsquo;Artisanlocal remplacent les pi\u00e8ces de vos stores, au cours de leur intervention, ils remplacent les \u00e9l\u00e9ments d\u00e9fectueux.<\/p>\n<h3>Entretien sur-mesure de tous vos stores<\/h3>\n<p>Une maintenance effectu\u00e9e fr\u00e9quemment permet d&rsquo;augmenter la durabilit\u00e9 de vos stores. Pour cela, un storiste doit venir chez vous et contr\u00f4ler l\u2019\u00e9tat de votre store et si besoin r\u00e9aliser la r\u00e9paration, le remplacement ou le rentoilage.<\/p>\n<h3>Accessoires et options<\/h3>\n<p>Nous proposons diff\u00e9rents types d\u2019ouverture (manuelle ou \u00e9lectrique) pour les stores, portes de garage et volets.<\/p>\n<h2>Pourquoi choisir notre entreprise ?<\/h2>\n<p>Artisanlocal est sp\u00e9cialis\u00e9 dans l\u2019installation et l\u2019entretien de stores et de fermetures \u00e0 Vevey. Nous vous assistons de A \u00e0 Z, de l&rsquo;analyse de votre besoin \u00e0 la mise en place.<\/p>\n<h3>Large gamme<\/h3>\n<p>Nous proposons une s\u00e9lection de stores ext\u00e9rieurs et int\u00e9rieurs.<\/p>\n<h3>Devis en ligne gratuit<\/h3>\n<p>Obtenez un devis gratuit. Nos estimations sont d\u00e9taill\u00e9es et transparentes.&nbsp;<\/p>\n<h3>\u00c9valuation<\/h3>\n<p>Nous analysons toujours la viabilit\u00e9 des projets, et nous cr\u00e9ons des plans sur mesures pour inclure de la meilleure fa\u00e7on vos stores en consid\u00e9rant vos probl\u00e9matiques et vos besoins.<\/p>\n<h3>Faire le choix de la qualit\u00e9<\/h3>\n<p>Nous nous engageons \u00e0 toujours utiliser des mat\u00e9riaux de haute qualit\u00e9 pour les stores que nous mettons en place.<\/p>\n<h3>Intervention imm\u00e9diate <\/h3>\n<p>Notre soci\u00e9t\u00e9 est \u00e9tablie au coeur de Vevey pour intervenir rapidement chez vous.<\/p>\n<h2>Questions &#8211; R\u00e9ponses<\/h2>\n<h3>Les stores actuels peuvent-ils \u00eatre motoris\u00e9s ?<\/h3>\n<p>Oui, nous pouvons motoriser vos stores \u00e0 condition que certains crit\u00e8res soient respect\u00e9s. Un de nos techniciens doit se d\u00e9placer chez vous pour analyser la possibilit\u00e9 du projet.<\/p>\n<h3>Votre entreprise intervient-elle dans les localit\u00e9s \u00e0 proximit\u00e9 de Vevey ? ?<\/h3>\n<p>Oui, nous intervenons \u00e0 Vevey et dans les villes aux alentours, comme : Puidoux, Chexbres, Rivaz, St-Saphorin (Lavaux), Aran, Chenaux, Grandvaux, Cully, Villette (Lavaux), Riex, Epesses, Le Mont-P\u00e8lerin, Corseaux, Chardonne, Corsier-sur-Vevey, Jongny, St-L\u00e9gier-La Chi\u00e9saz, Blonay, Les Monts-de-Corsier, Fenil-sur-Corsier, La Tour-de-Peilz, Clarens, Chailly-Montreux, Brent, Montreux, Territet, Veytaux, Chernex, Glion, Caux, Chamby, Villard-sur-Chamby, Les Avants.<\/p>\n","protected":false},"excerpt":{"rendered":"<p>Artisanlocal est un installateur de stores, enseignes, lambrequin lumineux et accessoires de terrasses, \u00e0 Vevey et dans les localit\u00e9s proches. Diverses gammes de stores int\u00e9rieurs Nos solutions int\u00e9rieures am\u00e9liorent l&rsquo;apparence de vos fen\u00eatres, r\u00e9guler la lumi\u00e8re et prot\u00e9gez votre intimit\u00e9. Nous proposons une large gamme de stores : textiles, enrouleurs, bateaux, pliss\u00e9s, rideaux, parois japonaises, [&hellip;]<\/p>\n","protected":false},"author":4,"featured_media":3071,"parent":0,"menu_order":0,"comment_status":"closed","ping_status":"closed","template":"","meta":{"footnotes":""},"profession":[130],"location":[133],"canton":[113],"class_list":["post-3003","page","type-page","status-publish","has-post-thumbnail","hentry","profession-storiste","location-vevey","canton-vd"],"yoast_head":"<!-- This site is optimized with the Yoast SEO Premium plugin v25.7.1 (Yoast SEO v27.3) - https:\/\/yoast.com\/product\/yoast-seo-premium-wordpress\/ -->\n<title>Stores et fermetures \u00e0 Vevey - Artisanlocal<\/title>\n<meta name=\"robots\" content=\"index, follow, max-snippet:-1, max-image-preview:large, max-video-preview:-1\" \/>\n<link rel=\"canonical\" href=\"https:\/\/www.artisanlocal.ch\/c\/stores-et-fermetures-a-vevey\/\" \/>\n<meta property=\"og:locale\" content=\"fr_FR\" \/>\n<meta property=\"og:type\" content=\"article\" \/>\n<meta property=\"og:title\" content=\"Stores et fermetures \u00e0 Vevey\" \/>\n<meta property=\"og:description\" content=\"Artisanlocal est un installateur de stores, enseignes, lambrequin lumineux et accessoires de terrasses, \u00e0 Vevey et dans les localit\u00e9s proches. Diverses gammes de stores int\u00e9rieurs Nos solutions int\u00e9rieures am\u00e9liorent l&rsquo;apparence de vos fen\u00eatres, r\u00e9guler la lumi\u00e8re et prot\u00e9gez votre intimit\u00e9. Nous proposons une large gamme de stores : textiles, enrouleurs, bateaux, pliss\u00e9s, rideaux, parois japonaises, [&hellip;]\" \/>\n<meta property=\"og:url\" content=\"https:\/\/www.artisanlocal.ch\/c\/stores-et-fermetures-a-vevey\/\" \/>\n<meta property=\"og:site_name\" content=\"Artisanlocal\" \/>\n<meta property=\"article:modified_time\" content=\"2026-04-03T10:58:16+00:00\" \/>\n<meta property=\"og:image\" content=\"https:\/\/www.artisanlocal.ch\/c\/wp-content\/uploads\/2024\/12\/storiste.jpg\" \/>\n\t<meta property=\"og:image:width\" content=\"1920\" \/>\n\t<meta property=\"og:image:height\" content=\"300\" \/>\n\t<meta property=\"og:image:type\" content=\"image\/jpeg\" \/>\n<meta name=\"twitter:card\" content=\"summary_large_image\" \/>\n<meta name=\"twitter:label1\" content=\"Dur\u00e9e de lecture estim\u00e9e\" \/>\n\t<meta name=\"twitter:data1\" content=\"4 minutes\" \/>\n<script type=\"application\/ld+json\" class=\"yoast-schema-graph\">{\"@context\":\"https:\\\/\\\/schema.org\",\"@graph\":[{\"@type\":\"WebPage\",\"@id\":\"https:\\\/\\\/www.artisanlocal.ch\\\/c\\\/stores-et-fermetures-a-vevey\\\/\",\"url\":\"https:\\\/\\\/www.artisanlocal.ch\\\/c\\\/stores-et-fermetures-a-vevey\\\/\",\"name\":\"Stores et fermetures \u00e0 Vevey - Artisanlocal\",\"isPartOf\":{\"@id\":\"https:\\\/\\\/www.artisanlocal.ch\\\/c\\\/#website\"},\"primaryImageOfPage\":{\"@id\":\"https:\\\/\\\/www.artisanlocal.ch\\\/c\\\/stores-et-fermetures-a-vevey\\\/#primaryimage\"},\"image\":{\"@id\":\"https:\\\/\\\/www.artisanlocal.ch\\\/c\\\/stores-et-fermetures-a-vevey\\\/#primaryimage\"},\"thumbnailUrl\":\"https:\\\/\\\/www.artisanlocal.ch\\\/c\\\/wp-content\\\/uploads\\\/2024\\\/12\\\/storiste.jpg\",\"datePublished\":\"2024-11-27T21:01:15+00:00\",\"dateModified\":\"2026-04-03T10:58:16+00:00\",\"breadcrumb\":{\"@id\":\"https:\\\/\\\/www.artisanlocal.ch\\\/c\\\/stores-et-fermetures-a-vevey\\\/#breadcrumb\"},\"inLanguage\":\"fr-FR\",\"potentialAction\":[{\"@type\":\"ReadAction\",\"target\":[\"https:\\\/\\\/www.artisanlocal.ch\\\/c\\\/stores-et-fermetures-a-vevey\\\/\"]}]},{\"@type\":\"ImageObject\",\"inLanguage\":\"fr-FR\",\"@id\":\"https:\\\/\\\/www.artisanlocal.ch\\\/c\\\/stores-et-fermetures-a-vevey\\\/#primaryimage\",\"url\":\"https:\\\/\\\/www.artisanlocal.ch\\\/c\\\/wp-content\\\/uploads\\\/2024\\\/12\\\/storiste.jpg\",\"contentUrl\":\"https:\\\/\\\/www.artisanlocal.ch\\\/c\\\/wp-content\\\/uploads\\\/2024\\\/12\\\/storiste.jpg\",\"width\":1920,\"height\":300},{\"@type\":\"BreadcrumbList\",\"@id\":\"https:\\\/\\\/www.artisanlocal.ch\\\/c\\\/stores-et-fermetures-a-vevey\\\/#breadcrumb\",\"itemListElement\":[{\"@type\":\"ListItem\",\"position\":1,\"name\":\"Accueil\",\"item\":\"https:\\\/\\\/www.artisanlocal.ch\\\/c\\\/\"},{\"@type\":\"ListItem\",\"position\":2,\"name\":\"Stores et fermetures \u00e0 Vevey\"}]},{\"@type\":\"WebSite\",\"@id\":\"https:\\\/\\\/www.artisanlocal.ch\\\/c\\\/#website\",\"url\":\"https:\\\/\\\/www.artisanlocal.ch\\\/c\\\/\",\"name\":\"Artisanlocal\",\"description\":\"\",\"publisher\":{\"@id\":\"https:\\\/\\\/www.artisanlocal.ch\\\/c\\\/#organization\"},\"potentialAction\":[{\"@type\":\"SearchAction\",\"target\":{\"@type\":\"EntryPoint\",\"urlTemplate\":\"https:\\\/\\\/www.artisanlocal.ch\\\/c\\\/?s={search_term_string}\"},\"query-input\":{\"@type\":\"PropertyValueSpecification\",\"valueRequired\":true,\"valueName\":\"search_term_string\"}}],\"inLanguage\":\"fr-FR\"},{\"@type\":\"Organization\",\"@id\":\"https:\\\/\\\/www.artisanlocal.ch\\\/c\\\/#organization\",\"name\":\"Artisanlocal\",\"url\":\"https:\\\/\\\/www.artisanlocal.ch\\\/c\\\/\",\"logo\":{\"@type\":\"ImageObject\",\"inLanguage\":\"fr-FR\",\"@id\":\"https:\\\/\\\/www.artisanlocal.ch\\\/c\\\/#\\\/schema\\\/logo\\\/image\\\/\",\"url\":\"https:\\\/\\\/www.artisanlocal.ch\\\/c\\\/wp-content\\\/uploads\\\/2024\\\/02\\\/logo-artisanlocal-h.svg\",\"contentUrl\":\"https:\\\/\\\/www.artisanlocal.ch\\\/c\\\/wp-content\\\/uploads\\\/2024\\\/02\\\/logo-artisanlocal-h.svg\",\"caption\":\"Artisanlocal\"},\"image\":{\"@id\":\"https:\\\/\\\/www.artisanlocal.ch\\\/c\\\/#\\\/schema\\\/logo\\\/image\\\/\"}}]}<\/script>\n<!-- \/ Yoast SEO Premium plugin. -->","yoast_head_json":{"title":"Stores et fermetures \u00e0 Vevey - Artisanlocal","robots":{"index":"index","follow":"follow","max-snippet":"max-snippet:-1","max-image-preview":"max-image-preview:large","max-video-preview":"max-video-preview:-1"},"canonical":"https:\/\/www.artisanlocal.ch\/c\/stores-et-fermetures-a-vevey\/","og_locale":"fr_FR","og_type":"article","og_title":"Stores et fermetures \u00e0 Vevey","og_description":"Artisanlocal est un installateur de stores, enseignes, lambrequin lumineux et accessoires de terrasses, \u00e0 Vevey et dans les localit\u00e9s proches. Diverses gammes de stores int\u00e9rieurs Nos solutions int\u00e9rieures am\u00e9liorent l&rsquo;apparence de vos fen\u00eatres, r\u00e9guler la lumi\u00e8re et prot\u00e9gez votre intimit\u00e9. Nous proposons une large gamme de stores : textiles, enrouleurs, bateaux, pliss\u00e9s, rideaux, parois japonaises, [&hellip;]","og_url":"https:\/\/www.artisanlocal.ch\/c\/stores-et-fermetures-a-vevey\/","og_site_name":"Artisanlocal","article_modified_time":"2026-04-03T10:58:16+00:00","og_image":[{"width":1920,"height":300,"url":"https:\/\/www.artisanlocal.ch\/c\/wp-content\/uploads\/2024\/12\/storiste.jpg","type":"image\/jpeg"}],"twitter_card":"summary_large_image","twitter_misc":{"Dur\u00e9e de lecture estim\u00e9e":"4 minutes"},"schema":{"@context":"https:\/\/schema.org","@graph":[{"@type":"WebPage","@id":"https:\/\/www.artisanlocal.ch\/c\/stores-et-fermetures-a-vevey\/","url":"https:\/\/www.artisanlocal.ch\/c\/stores-et-fermetures-a-vevey\/","name":"Stores et fermetures \u00e0 Vevey - Artisanlocal","isPartOf":{"@id":"https:\/\/www.artisanlocal.ch\/c\/#website"},"primaryImageOfPage":{"@id":"https:\/\/www.artisanlocal.ch\/c\/stores-et-fermetures-a-vevey\/#primaryimage"},"image":{"@id":"https:\/\/www.artisanlocal.ch\/c\/stores-et-fermetures-a-vevey\/#primaryimage"},"thumbnailUrl":"https:\/\/www.artisanlocal.ch\/c\/wp-content\/uploads\/2024\/12\/storiste.jpg","datePublished":"2024-11-27T21:01:15+00:00","dateModified":"2026-04-03T10:58:16+00:00","breadcrumb":{"@id":"https:\/\/www.artisanlocal.ch\/c\/stores-et-fermetures-a-vevey\/#breadcrumb"},"inLanguage":"fr-FR","potentialAction":[{"@type":"ReadAction","target":["https:\/\/www.artisanlocal.ch\/c\/stores-et-fermetures-a-vevey\/"]}]},{"@type":"ImageObject","inLanguage":"fr-FR","@id":"https:\/\/www.artisanlocal.ch\/c\/stores-et-fermetures-a-vevey\/#primaryimage","url":"https:\/\/www.artisanlocal.ch\/c\/wp-content\/uploads\/2024\/12\/storiste.jpg","contentUrl":"https:\/\/www.artisanlocal.ch\/c\/wp-content\/uploads\/2024\/12\/storiste.jpg","width":1920,"height":300},{"@type":"BreadcrumbList","@id":"https:\/\/www.artisanlocal.ch\/c\/stores-et-fermetures-a-vevey\/#breadcrumb","itemListElement":[{"@type":"ListItem","position":1,"name":"Accueil","item":"https:\/\/www.artisanlocal.ch\/c\/"},{"@type":"ListItem","position":2,"name":"Stores et fermetures \u00e0 Vevey"}]},{"@type":"WebSite","@id":"https:\/\/www.artisanlocal.ch\/c\/#website","url":"https:\/\/www.artisanlocal.ch\/c\/","name":"Artisanlocal","description":"","publisher":{"@id":"https:\/\/www.artisanlocal.ch\/c\/#organization"},"potentialAction":[{"@type":"SearchAction","target":{"@type":"EntryPoint","urlTemplate":"https:\/\/www.artisanlocal.ch\/c\/?s={search_term_string}"},"query-input":{"@type":"PropertyValueSpecification","valueRequired":true,"valueName":"search_term_string"}}],"inLanguage":"fr-FR"},{"@type":"Organization","@id":"https:\/\/www.artisanlocal.ch\/c\/#organization","name":"Artisanlocal","url":"https:\/\/www.artisanlocal.ch\/c\/","logo":{"@type":"ImageObject","inLanguage":"fr-FR","@id":"https:\/\/www.artisanlocal.ch\/c\/#\/schema\/logo\/image\/","url":"https:\/\/www.artisanlocal.ch\/c\/wp-content\/uploads\/2024\/02\/logo-artisanlocal-h.svg","contentUrl":"https:\/\/www.artisanlocal.ch\/c\/wp-content\/uploads\/2024\/02\/logo-artisanlocal-h.svg","caption":"Artisanlocal"},"image":{"@id":"https:\/\/www.artisanlocal.ch\/c\/#\/schema\/logo\/image\/"}}]}},"_links":{"self":[{"href":"https:\/\/www.artisanlocal.ch\/c\/wp-json\/wp\/v2\/pages\/3003","targetHints":{"allow":["GET"]}}],"collection":[{"href":"https:\/\/www.artisanlocal.ch\/c\/wp-json\/wp\/v2\/pages"}],"about":[{"href":"https:\/\/www.artisanlocal.ch\/c\/wp-json\/wp\/v2\/types\/page"}],"author":[{"embeddable":true,"href":"https:\/\/www.artisanlocal.ch\/c\/wp-json\/wp\/v2\/users\/4"}],"replies":[{"embeddable":true,"href":"https:\/\/www.artisanlocal.ch\/c\/wp-json\/wp\/v2\/comments?post=3003"}],"version-history":[{"count":1,"href":"https:\/\/www.artisanlocal.ch\/c\/wp-json\/wp\/v2\/pages\/3003\/revisions"}],"predecessor-version":[{"id":5354,"href":"https:\/\/www.artisanlocal.ch\/c\/wp-json\/wp\/v2\/pages\/3003\/revisions\/5354"}],"wp:featuredmedia":[{"embeddable":true,"href":"https:\/\/www.artisanlocal.ch\/c\/wp-json\/wp\/v2\/media\/3071"}],"wp:attachment":[{"href":"https:\/\/www.artisanlocal.ch\/c\/wp-json\/wp\/v2\/media?parent=3003"}],"wp:term":[{"taxonomy":"profession","embeddable":true,"href":"https:\/\/www.artisanlocal.ch\/c\/wp-json\/wp\/v2\/profession?post=3003"},{"taxonomy":"location","embeddable":true,"href":"https:\/\/www.artisanlocal.ch\/c\/wp-json\/wp\/v2\/location?post=3003"},{"taxonomy":"canton","embeddable":true,"href":"https:\/\/www.artisanlocal.ch\/c\/wp-json\/wp\/v2\/canton?post=3003"}],"curies":[{"name":"wp","href":"https:\/\/api.w.org\/{rel}","templated":true}]}}