{"id":3004,"date":"2024-12-02T18:10:47","date_gmt":"2024-12-02T17:10:47","guid":{"rendered":"https:\/\/www.artisanlocal.ch\/c\/confiez-linstallation-de-votre-store-a-un-professionnel-qualifie-a-yverdon\/"},"modified":"2025-10-29T13:35:22","modified_gmt":"2025-10-29T12:35:22","slug":"confiez-linstallation-de-votre-store-a-un-professionnel-qualifie-a-yverdon","status":"publish","type":"page","link":"https:\/\/www.artisanlocal.ch\/c\/confiez-linstallation-de-votre-store-a-un-professionnel-qualifie-a-yverdon\/","title":{"rendered":"Storiste \u00e0 Yverdon-les-Bains"},"content":{"rendered":"<p>Besoin d&rsquo;un storiste \u00e0 Yverdon-les-Bains ? Notre entreprise installe : enseignes, stores, accessoires pour terrasses et lambrequin lumineux \u00e0 Yverdon-les-Bains et dans les villes proches.<\/p>\n\r\n<div class=\"box\">\r\n            <div class=\"company-info\">\r\n            <img decoding=\"async\" class=\"company-info__logo\" src=\"https:\/\/www.artisanlocal.ch\/media\/cache\/thumb\/images\/companies\/xm-stores-sarl.jpg\" alt=\"Logo\">\r\n            <h2 class=\"company-info__name\">XM Stores S\u00e0rl<\/h2>\r\n            <p class=\"company-info__business\">Stores int\u00e9rieurs et ext\u00e9rieurs - Protection contre le soleil - Moustiquaires - Volets - Pergola<\/p>\r\n        <\/div>\r\n        <div class=\"company-contact\">\r\n            <p class=\"company-info__address\">Rue Galil\u00e9e 15<\/p>\r\n                            <div class=\"links\">\r\n                                            <a class=\"btn has-accent-background-color js-phoneNumber\" href=\"tel:0244239777\" title=\"Appelez\" data-id=\"3108\" data-type=\"11\">024 423 97 77<\/a>\r\n                                                                <a class=\"btn has-accent-background-color\" href=\"http:\/\/www.xmstores.ch\/\" target=\"_blank\" title=\"Voir le site internet\" data-id=\"3108\" data-type=\"20\">Site internet<\/a>\r\n                                    <\/div>\r\n                    <\/div>\r\n    \r\n            \r\n<form action=\"https:\/\/www.artisanlocal.ch\/c\/wp-admin\/admin-ajax.php\" method=\"post\" class=\"form-contact\" id=\"artisan_form_contact_company_inline\">\r\n    <div><input type=\"hidden\" name=\"action\" value=\"company_contact\"><\/div>\r\n    <div><input type=\"hidden\" name=\"nonce\" value=\"67a23a8c67\"><\/div>\r\n    <div><input type=\"hidden\" name=\"company_id\" value=\"3108\"><\/div>\r\n    <div><input type=\"hidden\" name=\"form_id\" value=\"artisan_form_contact_company_inline\"><\/div>\r\n    <div class=\"gglcptch gglcptch_v3 gglcptch_custom\"><input type=\"hidden\" id=\"g-recaptcha-response\" name=\"g-recaptcha-response\" \/><br \/><div class=\"gglcptch_error_text\">La p\u00e9riode de v\u00e9rification reCAPTCHA a expir\u00e9. Veuillez recharger la page.<\/div><\/div>    <div class=\"form-content\">\r\n        <div class=\"form-group\">\r\n            <label for=\"contact_firstName\" class=\"required\">Pr\u00e9nom<\/label>\r\n            <input type=\"text\" name=\"firstName\" class=\"form-control\" required>\r\n        <\/div>\r\n        <div class=\"form-group\">\r\n            <label for=\"contact_lastName\" class=\"required\">Nom<\/label>\r\n            <input type=\"text\" name=\"lastName\" class=\"form-control\" required>\r\n        <\/div>\r\n        <div class=\"form-group\">\r\n            <label for=\"contact_email\" class=\"required\">Email<\/label>\r\n            <input type=\"email\" name=\"email\" class=\"form-control\" required>\r\n        <\/div>\r\n        <div class=\"form-group\">\r\n            <label for=\"contact_phone\" class=\"required\">Num\u00e9ro de t\u00e9l\u00e9phone<\/label>\r\n            <input type=\"tel\" name=\"phone\" class=\"form-control\" placeholder=\"0787117165\" pattern=\"^[0-9]{10}$\" required>\r\n        <\/div>\r\n        <div class=\"form-group\">\r\n            <label for=\"contact_postalCode\" class=\"required\">Code postal et localit\u00e9<\/label>\r\n            <input type=\"text\" name=\"postalCode\" class=\"form-control\" required>\r\n        <\/div>\r\n        <div class=\"form-group\">\r\n            <label for=\"contact_address\" class=\"required\">Adresse<\/label>\r\n            <input type=\"text\" name=\"address\" class=\"form-control\" required>\r\n        <\/div>\r\n        <div class=\"full-width topic\">\r\n            <p class=\"required\">Je souhaite \u00eatre contact\u00e9 pour :<\/p>\r\n            <div class=\"form-check\">\r\n                <input type=\"radio\" name=\"topic\" value=\"D\u00e9pannage\" class=\"form-control\" required>\r\n                <label for=\"d\u00e9pannage\">D\u00e9pannage<\/label>\r\n            <\/div>\r\n            <div class=\"form-check\">\r\n                <input type=\"radio\" name=\"topic\" value=\"Entretien\" class=\"form-control\" required>\r\n                <label for=\"entretien\">Entretien<\/label>\r\n            <\/div>\r\n            <div class=\"form-check\">\r\n                <input type=\"radio\" name=\"topic\" value=\"R\u00e9novation\" class=\"form-control\" required>\r\n                <label for=\"r\u00e9novation\">R\u00e9novation<\/label>\r\n            <\/div>\r\n            <div class=\"form-check\">\r\n                <input type=\"radio\" name=\"topic\" value=\"Autre\" class=\"form-control\" required>\r\n                <label for=\"autre\">Autre<\/label>\r\n            <\/div>\r\n        <\/div>\r\n        <div class=\"form-group full-width\">\r\n            <label for=\"contact_message\">Message<\/label>\r\n            <textarea name=\"message\" rows=\"3\" class=\"form-control\"><\/textarea>\r\n        <\/div>\r\n    <\/div>\r\n    <div class=\"form-actions\">\r\n        <button class=\"wp-block-button__link has-accent-background-color\">Contacter<\/button>\r\n    <\/div>\r\n<\/form>\r\n<div class=\"form-feedback\"><\/div>    <\/div>\n<h2>Large choix de produits<\/h2>\n<ul>\n<li>Stores ext\u00e9rieurs : bannes et coffres, ou semi-coffres, \u00e0 bras t\u00e9lescopiques ou articul\u00e9s, de fen\u00eatre, \u00e9galement des v\u00e9randas, loggias ainsi que des verri\u00e8res.<\/li>\n<li>Pergolas : \u00e0 lames r\u00e9tractables, toiles de protection solaire verticale, \u00e0 toits fixes ou avec panneaux verticaux.<\/li>\n<li>Lambrequins lumineux.<\/li>\n<li>Rentoilage de stores banne.<\/li>\n<li>Fen\u00eatres coulissantes et battantes : PVC, en bois ou aluminium.<\/li>\n<li>Volets roulants manuels ou \u00e9lectriques : m\u00e9talliques, aluminium, persiennes, solaires ou bois.<\/li>\n<li>Film de protection solaire sur mesure.<\/li>\n<li>Fen\u00eatres.<\/li>\n<li>Portails et portes.<\/li>\n<li>Alarmes.<\/li>\n<li>Domotiques.<\/li>\n<li>Portes de garage.<\/li>\n<li>Carport.<\/li>\n<li>Garde-corps ext\u00e9rieurs.<\/li>\n<\/ul>\n<h2>Nos secteurs d&rsquo;activit\u00e9<\/h2>\n<ul>\n<li>Restaurants, brasseries, caf\u00e9s, boutiques.<\/li>\n<li>Les syndics de copropri\u00e9t\u00e9 et les particuliers.<\/li>\n<\/ul>\n<h2>Nos services<\/h2>\n<h3>Conception de stores sur mesure<\/h3>\n<p>Nous \u00e9laborons des stores personnalis\u00e9s en fonction de vos probl\u00e9matiques et besoins.<\/p>\n<h3>Mise en place sur mesure<\/h3>\n<p>Nos storistes interviennent \u00e0 Yverdon-les-Bains pour \u00e9valuer et installer vos stores.<\/p>\n<h3>Service de r\u00e9paration de stores<\/h3>\n<p>Nos storistes peuvent r\u00e9parer vos stores en urgence, au cours de leur intervention, ils remplacent les pi\u00e8ces d\u00e9fectueuses.<\/p>\n<h3>Entretien de store \u00e0 Yverdon-les-Bains<\/h3>\n<p>Un service d&rsquo;entretien r\u00e9alis\u00e9 habituellement permet d\u2019augmenter la dur\u00e9e de vie de vos stores. Pour cela, un storiste doit intervenir chez vous et examiner l\u2019\u00e9tat de votre store et si n\u00e9cessaire r\u00e9aliser le rentoilage, la r\u00e9paration ou le remplacement.<\/p>\n<h3>Option et accessoire suppl\u00e9mentaire<\/h3>\n<p>Nos stores sont disponibles avec ouvertures \u00e9lectriques ou manuelles.<\/p>\n<h2>Pourquoi choisir notre entreprise ?<\/h2>\n<p>Notre soci\u00e9t\u00e9 situ\u00e9e \u00e0 Yverdon-les-Bains est sp\u00e9cialis\u00e9e dans l\u2019installation des stores. Nos techniciens vous guideront dans le choix de votre store pour r\u00e9pondre au mieux \u00e0 vos demandes.<\/p>\n<ul>\n<li>Large gamme.<\/li>\n<li>Devis gratuit.<\/li>\n<li>Diagnostic et interviention rapide<\/li>\n<li>Mat\u00e9riaux premium.<\/li>\n<\/ul>\n<h2>FAQ<\/h2>\n<h3>Est-il possible de motoriser des stores install\u00e9s ?<\/h3>\n<p>Oui, nos storistes peuvent motoriser vos stores \u00e0 condition que certains crit\u00e8res soient respect\u00e9s. Un de nos storistes se d\u00e9place chez vous pour estimer la viabilit\u00e9 du projet.<\/p>\n<h3>Intervenez-vous dans les villes proches d&rsquo;Yverdon-les-Bains ?<\/h3>\n<p>Oui, nous intervenons \u00e0 Yverdon-les-Bains, et dans les villes proches, telles que : Oppens, Cheseaux-Nor\u00e9az, Cuarny, Villars-Epeney, Pomy, Cronay, Bioley-Magnoux, Donneloye, Gossens, M\u00e9zery-pr\u00e8s-Donneloye, Prahins, Ursins, Valeyres-sous-Ursins, Orzens, D\u00e9moret, Molondin, Epautheyres, Essertines-sur-Yverdon, Belmont-sur-Yverdon, Gressy, Suchy, Ependes VD, Essert-Pittet, Chamblon, Treycovagnes, Susc\u00e9vaz, Mathod, Valeyres-sous-Montagny, Montagny-pr\u00e8s-Yverdon, Champvent, Essert-sous-Champvent, Villars-sous-Champvent, Yvonand, Rovray, Chavannes-le-Ch\u00eane, Ch\u00eane-P\u00e2quier.<\/p>\n","protected":false},"excerpt":{"rendered":"<p>Besoin d&rsquo;un storiste \u00e0 Yverdon-les-Bains ? Notre entreprise installe : enseignes, stores, accessoires pour terrasses et lambrequin lumineux \u00e0 Yverdon-les-Bains et dans les villes proches. Large choix de produits Stores ext\u00e9rieurs : bannes et coffres, ou semi-coffres, \u00e0 bras t\u00e9lescopiques ou articul\u00e9s, de fen\u00eatre, \u00e9galement des v\u00e9randas, loggias ainsi que des verri\u00e8res. Pergolas : \u00e0 [&hellip;]<\/p>\n","protected":false},"author":4,"featured_media":3071,"parent":0,"menu_order":0,"comment_status":"closed","ping_status":"closed","template":"","meta":{"footnotes":""},"profession":[130],"location":[33],"canton":[113],"class_list":["post-3004","page","type-page","status-publish","has-post-thumbnail","hentry","profession-storiste","location-yverdon-les-bains","canton-vd"],"yoast_head":"<!-- This site is optimized with the Yoast SEO Premium plugin v25.7.1 (Yoast SEO v27.3) - https:\/\/yoast.com\/product\/yoast-seo-premium-wordpress\/ -->\n<title>Storiste \u00e0 Yverdon-les-Bains - Artisanlocal<\/title>\n<meta name=\"robots\" content=\"index, follow, max-snippet:-1, max-image-preview:large, max-video-preview:-1\" \/>\n<link rel=\"canonical\" href=\"https:\/\/www.artisanlocal.ch\/c\/confiez-linstallation-de-votre-store-a-un-professionnel-qualifie-a-yverdon\/\" \/>\n<meta property=\"og:locale\" content=\"fr_FR\" \/>\n<meta property=\"og:type\" content=\"article\" \/>\n<meta property=\"og:title\" content=\"Storiste \u00e0 Yverdon-les-Bains\" \/>\n<meta property=\"og:description\" content=\"Besoin d&rsquo;un storiste \u00e0 Yverdon-les-Bains ? Notre entreprise installe : enseignes, stores, accessoires pour terrasses et lambrequin lumineux \u00e0 Yverdon-les-Bains et dans les villes proches. Large choix de produits Stores ext\u00e9rieurs : bannes et coffres, ou semi-coffres, \u00e0 bras t\u00e9lescopiques ou articul\u00e9s, de fen\u00eatre, \u00e9galement des v\u00e9randas, loggias ainsi que des verri\u00e8res. Pergolas : \u00e0 [&hellip;]\" \/>\n<meta property=\"og:url\" content=\"https:\/\/www.artisanlocal.ch\/c\/confiez-linstallation-de-votre-store-a-un-professionnel-qualifie-a-yverdon\/\" \/>\n<meta property=\"og:site_name\" content=\"Artisanlocal\" \/>\n<meta property=\"article:modified_time\" content=\"2025-10-29T12:35:22+00:00\" \/>\n<meta property=\"og:image\" content=\"https:\/\/www.artisanlocal.ch\/c\/wp-content\/uploads\/2024\/12\/storiste.jpg\" \/>\n\t<meta property=\"og:image:width\" content=\"1920\" \/>\n\t<meta property=\"og:image:height\" content=\"300\" \/>\n\t<meta property=\"og:image:type\" content=\"image\/jpeg\" \/>\n<meta name=\"twitter:card\" content=\"summary_large_image\" \/>\n<meta name=\"twitter:label1\" content=\"Dur\u00e9e de lecture estim\u00e9e\" \/>\n\t<meta name=\"twitter:data1\" content=\"2 minutes\" \/>\n<script type=\"application\/ld+json\" class=\"yoast-schema-graph\">{\"@context\":\"https:\\\/\\\/schema.org\",\"@graph\":[{\"@type\":\"WebPage\",\"@id\":\"https:\\\/\\\/www.artisanlocal.ch\\\/c\\\/confiez-linstallation-de-votre-store-a-un-professionnel-qualifie-a-yverdon\\\/\",\"url\":\"https:\\\/\\\/www.artisanlocal.ch\\\/c\\\/confiez-linstallation-de-votre-store-a-un-professionnel-qualifie-a-yverdon\\\/\",\"name\":\"Storiste \u00e0 Yverdon-les-Bains - Artisanlocal\",\"isPartOf\":{\"@id\":\"https:\\\/\\\/www.artisanlocal.ch\\\/c\\\/#website\"},\"primaryImageOfPage\":{\"@id\":\"https:\\\/\\\/www.artisanlocal.ch\\\/c\\\/confiez-linstallation-de-votre-store-a-un-professionnel-qualifie-a-yverdon\\\/#primaryimage\"},\"image\":{\"@id\":\"https:\\\/\\\/www.artisanlocal.ch\\\/c\\\/confiez-linstallation-de-votre-store-a-un-professionnel-qualifie-a-yverdon\\\/#primaryimage\"},\"thumbnailUrl\":\"https:\\\/\\\/www.artisanlocal.ch\\\/c\\\/wp-content\\\/uploads\\\/2024\\\/12\\\/storiste.jpg\",\"datePublished\":\"2024-12-02T17:10:47+00:00\",\"dateModified\":\"2025-10-29T12:35:22+00:00\",\"breadcrumb\":{\"@id\":\"https:\\\/\\\/www.artisanlocal.ch\\\/c\\\/confiez-linstallation-de-votre-store-a-un-professionnel-qualifie-a-yverdon\\\/#breadcrumb\"},\"inLanguage\":\"fr-FR\",\"potentialAction\":[{\"@type\":\"ReadAction\",\"target\":[\"https:\\\/\\\/www.artisanlocal.ch\\\/c\\\/confiez-linstallation-de-votre-store-a-un-professionnel-qualifie-a-yverdon\\\/\"]}]},{\"@type\":\"ImageObject\",\"inLanguage\":\"fr-FR\",\"@id\":\"https:\\\/\\\/www.artisanlocal.ch\\\/c\\\/confiez-linstallation-de-votre-store-a-un-professionnel-qualifie-a-yverdon\\\/#primaryimage\",\"url\":\"https:\\\/\\\/www.artisanlocal.ch\\\/c\\\/wp-content\\\/uploads\\\/2024\\\/12\\\/storiste.jpg\",\"contentUrl\":\"https:\\\/\\\/www.artisanlocal.ch\\\/c\\\/wp-content\\\/uploads\\\/2024\\\/12\\\/storiste.jpg\",\"width\":1920,\"height\":300},{\"@type\":\"BreadcrumbList\",\"@id\":\"https:\\\/\\\/www.artisanlocal.ch\\\/c\\\/confiez-linstallation-de-votre-store-a-un-professionnel-qualifie-a-yverdon\\\/#breadcrumb\",\"itemListElement\":[{\"@type\":\"ListItem\",\"position\":1,\"name\":\"Accueil\",\"item\":\"https:\\\/\\\/www.artisanlocal.ch\\\/c\\\/\"},{\"@type\":\"ListItem\",\"position\":2,\"name\":\"Storiste \u00e0 Yverdon\"}]},{\"@type\":\"WebSite\",\"@id\":\"https:\\\/\\\/www.artisanlocal.ch\\\/c\\\/#website\",\"url\":\"https:\\\/\\\/www.artisanlocal.ch\\\/c\\\/\",\"name\":\"Artisanlocal\",\"description\":\"\",\"publisher\":{\"@id\":\"https:\\\/\\\/www.artisanlocal.ch\\\/c\\\/#organization\"},\"potentialAction\":[{\"@type\":\"SearchAction\",\"target\":{\"@type\":\"EntryPoint\",\"urlTemplate\":\"https:\\\/\\\/www.artisanlocal.ch\\\/c\\\/?s={search_term_string}\"},\"query-input\":{\"@type\":\"PropertyValueSpecification\",\"valueRequired\":true,\"valueName\":\"search_term_string\"}}],\"inLanguage\":\"fr-FR\"},{\"@type\":\"Organization\",\"@id\":\"https:\\\/\\\/www.artisanlocal.ch\\\/c\\\/#organization\",\"name\":\"Artisanlocal\",\"url\":\"https:\\\/\\\/www.artisanlocal.ch\\\/c\\\/\",\"logo\":{\"@type\":\"ImageObject\",\"inLanguage\":\"fr-FR\",\"@id\":\"https:\\\/\\\/www.artisanlocal.ch\\\/c\\\/#\\\/schema\\\/logo\\\/image\\\/\",\"url\":\"https:\\\/\\\/www.artisanlocal.ch\\\/c\\\/wp-content\\\/uploads\\\/2024\\\/02\\\/logo-artisanlocal-h.svg\",\"contentUrl\":\"https:\\\/\\\/www.artisanlocal.ch\\\/c\\\/wp-content\\\/uploads\\\/2024\\\/02\\\/logo-artisanlocal-h.svg\",\"caption\":\"Artisanlocal\"},\"image\":{\"@id\":\"https:\\\/\\\/www.artisanlocal.ch\\\/c\\\/#\\\/schema\\\/logo\\\/image\\\/\"}}]}<\/script>\n<!-- \/ Yoast SEO Premium plugin. -->","yoast_head_json":{"title":"Storiste \u00e0 Yverdon-les-Bains - Artisanlocal","robots":{"index":"index","follow":"follow","max-snippet":"max-snippet:-1","max-image-preview":"max-image-preview:large","max-video-preview":"max-video-preview:-1"},"canonical":"https:\/\/www.artisanlocal.ch\/c\/confiez-linstallation-de-votre-store-a-un-professionnel-qualifie-a-yverdon\/","og_locale":"fr_FR","og_type":"article","og_title":"Storiste \u00e0 Yverdon-les-Bains","og_description":"Besoin d&rsquo;un storiste \u00e0 Yverdon-les-Bains ? Notre entreprise installe : enseignes, stores, accessoires pour terrasses et lambrequin lumineux \u00e0 Yverdon-les-Bains et dans les villes proches. Large choix de produits Stores ext\u00e9rieurs : bannes et coffres, ou semi-coffres, \u00e0 bras t\u00e9lescopiques ou articul\u00e9s, de fen\u00eatre, \u00e9galement des v\u00e9randas, loggias ainsi que des verri\u00e8res. Pergolas : \u00e0 [&hellip;]","og_url":"https:\/\/www.artisanlocal.ch\/c\/confiez-linstallation-de-votre-store-a-un-professionnel-qualifie-a-yverdon\/","og_site_name":"Artisanlocal","article_modified_time":"2025-10-29T12:35:22+00:00","og_image":[{"width":1920,"height":300,"url":"https:\/\/www.artisanlocal.ch\/c\/wp-content\/uploads\/2024\/12\/storiste.jpg","type":"image\/jpeg"}],"twitter_card":"summary_large_image","twitter_misc":{"Dur\u00e9e de lecture estim\u00e9e":"2 minutes"},"schema":{"@context":"https:\/\/schema.org","@graph":[{"@type":"WebPage","@id":"https:\/\/www.artisanlocal.ch\/c\/confiez-linstallation-de-votre-store-a-un-professionnel-qualifie-a-yverdon\/","url":"https:\/\/www.artisanlocal.ch\/c\/confiez-linstallation-de-votre-store-a-un-professionnel-qualifie-a-yverdon\/","name":"Storiste \u00e0 Yverdon-les-Bains - Artisanlocal","isPartOf":{"@id":"https:\/\/www.artisanlocal.ch\/c\/#website"},"primaryImageOfPage":{"@id":"https:\/\/www.artisanlocal.ch\/c\/confiez-linstallation-de-votre-store-a-un-professionnel-qualifie-a-yverdon\/#primaryimage"},"image":{"@id":"https:\/\/www.artisanlocal.ch\/c\/confiez-linstallation-de-votre-store-a-un-professionnel-qualifie-a-yverdon\/#primaryimage"},"thumbnailUrl":"https:\/\/www.artisanlocal.ch\/c\/wp-content\/uploads\/2024\/12\/storiste.jpg","datePublished":"2024-12-02T17:10:47+00:00","dateModified":"2025-10-29T12:35:22+00:00","breadcrumb":{"@id":"https:\/\/www.artisanlocal.ch\/c\/confiez-linstallation-de-votre-store-a-un-professionnel-qualifie-a-yverdon\/#breadcrumb"},"inLanguage":"fr-FR","potentialAction":[{"@type":"ReadAction","target":["https:\/\/www.artisanlocal.ch\/c\/confiez-linstallation-de-votre-store-a-un-professionnel-qualifie-a-yverdon\/"]}]},{"@type":"ImageObject","inLanguage":"fr-FR","@id":"https:\/\/www.artisanlocal.ch\/c\/confiez-linstallation-de-votre-store-a-un-professionnel-qualifie-a-yverdon\/#primaryimage","url":"https:\/\/www.artisanlocal.ch\/c\/wp-content\/uploads\/2024\/12\/storiste.jpg","contentUrl":"https:\/\/www.artisanlocal.ch\/c\/wp-content\/uploads\/2024\/12\/storiste.jpg","width":1920,"height":300},{"@type":"BreadcrumbList","@id":"https:\/\/www.artisanlocal.ch\/c\/confiez-linstallation-de-votre-store-a-un-professionnel-qualifie-a-yverdon\/#breadcrumb","itemListElement":[{"@type":"ListItem","position":1,"name":"Accueil","item":"https:\/\/www.artisanlocal.ch\/c\/"},{"@type":"ListItem","position":2,"name":"Storiste \u00e0 Yverdon"}]},{"@type":"WebSite","@id":"https:\/\/www.artisanlocal.ch\/c\/#website","url":"https:\/\/www.artisanlocal.ch\/c\/","name":"Artisanlocal","description":"","publisher":{"@id":"https:\/\/www.artisanlocal.ch\/c\/#organization"},"potentialAction":[{"@type":"SearchAction","target":{"@type":"EntryPoint","urlTemplate":"https:\/\/www.artisanlocal.ch\/c\/?s={search_term_string}"},"query-input":{"@type":"PropertyValueSpecification","valueRequired":true,"valueName":"search_term_string"}}],"inLanguage":"fr-FR"},{"@type":"Organization","@id":"https:\/\/www.artisanlocal.ch\/c\/#organization","name":"Artisanlocal","url":"https:\/\/www.artisanlocal.ch\/c\/","logo":{"@type":"ImageObject","inLanguage":"fr-FR","@id":"https:\/\/www.artisanlocal.ch\/c\/#\/schema\/logo\/image\/","url":"https:\/\/www.artisanlocal.ch\/c\/wp-content\/uploads\/2024\/02\/logo-artisanlocal-h.svg","contentUrl":"https:\/\/www.artisanlocal.ch\/c\/wp-content\/uploads\/2024\/02\/logo-artisanlocal-h.svg","caption":"Artisanlocal"},"image":{"@id":"https:\/\/www.artisanlocal.ch\/c\/#\/schema\/logo\/image\/"}}]}},"_links":{"self":[{"href":"https:\/\/www.artisanlocal.ch\/c\/wp-json\/wp\/v2\/pages\/3004","targetHints":{"allow":["GET"]}}],"collection":[{"href":"https:\/\/www.artisanlocal.ch\/c\/wp-json\/wp\/v2\/pages"}],"about":[{"href":"https:\/\/www.artisanlocal.ch\/c\/wp-json\/wp\/v2\/types\/page"}],"author":[{"embeddable":true,"href":"https:\/\/www.artisanlocal.ch\/c\/wp-json\/wp\/v2\/users\/4"}],"replies":[{"embeddable":true,"href":"https:\/\/www.artisanlocal.ch\/c\/wp-json\/wp\/v2\/comments?post=3004"}],"version-history":[{"count":0,"href":"https:\/\/www.artisanlocal.ch\/c\/wp-json\/wp\/v2\/pages\/3004\/revisions"}],"wp:featuredmedia":[{"embeddable":true,"href":"https:\/\/www.artisanlocal.ch\/c\/wp-json\/wp\/v2\/media\/3071"}],"wp:attachment":[{"href":"https:\/\/www.artisanlocal.ch\/c\/wp-json\/wp\/v2\/media?parent=3004"}],"wp:term":[{"taxonomy":"profession","embeddable":true,"href":"https:\/\/www.artisanlocal.ch\/c\/wp-json\/wp\/v2\/profession?post=3004"},{"taxonomy":"location","embeddable":true,"href":"https:\/\/www.artisanlocal.ch\/c\/wp-json\/wp\/v2\/location?post=3004"},{"taxonomy":"canton","embeddable":true,"href":"https:\/\/www.artisanlocal.ch\/c\/wp-json\/wp\/v2\/canton?post=3004"}],"curies":[{"name":"wp","href":"https:\/\/api.w.org\/{rel}","templated":true}]}}