{"id":3015,"date":"2024-11-26T06:21:00","date_gmt":"2024-11-26T05:21:00","guid":{"rendered":"https:\/\/www.artisanlocal.ch\/c\/votre-expert-du-store-et-des-enseignes-a-ste-croix\/"},"modified":"2025-08-26T19:24:45","modified_gmt":"2025-08-26T17:24:45","slug":"votre-expert-du-store-et-des-enseignes-a-ste-croix","status":"publish","type":"page","link":"https:\/\/www.artisanlocal.ch\/c\/votre-expert-du-store-et-des-enseignes-a-ste-croix\/","title":{"rendered":"Votre expert du store et des enseignes \u00e0 Ste-Croix"},"content":{"rendered":"<p>Artisanlocal est une entreprise sp\u00e9cialis\u00e9e dans l&rsquo;installation de stores, lambrequin lumineux, enseignes et accessoires de terrasses, \u00e0 Ste-Croix et dans les communes \u00e0 proximit\u00e9.<\/p>\n\r\n<div class=\"box\">\r\n    <h2 class=\"text-dark\">Nous cherchons un <em class=\"text-primary\">Storiste<\/em> dans la r\u00e9gion de <em class=\"text-primary\">Ste-Croix<\/em>  en exclusivit\u00e9, afin de proposer vos services \u00e0 nos clients propri\u00e9taires.<\/h2>\r\n    <p>Une opportunit\u00e9 unique pour booster votre activit\u00e9 \u00e0 <strong>Ste-Croix<\/strong> et aux alentours dans votre domaine (Storiste).<\/p>\r\n    <p>Nous travaillons en exclusivit\u00e9 avec qu'une soci\u00e9t\u00e9 par m\u00e9tier et par r\u00e9gion. <br>Votre entreprise est pr\u00e9sente sur tous les documents immobiliers. Afin d'\u00eatre mieux vu sur le net, vous \u00eates \u00e9galement visible sur nos deux sites et sur les pages de r\u00e9f\u00e9rencement de votre r\u00e9gion.<\/p>\r\n    <a href=\"\/contact\" class=\"wp-block-button__link has-accent-background-color has-text-align-center wp-element-button\">R\u00e9server<\/a>\r\n<\/div>\n<h2>Tous types de stores int\u00e9rieurs<\/h2>\n<p>Nos stores int\u00e9rieurs sont con\u00e7us pour embellir l&rsquo;apparence de vos fen\u00eatres, r\u00e9guler la luminosit\u00e9 et prot\u00e9gez votre confidentialit\u00e9. Nous offrons un large choix de stores : textiles, enrouleurs, rideaux, bateaux, pliss\u00e9s, parois japonaises, v\u00e9nitiens, bandes verticales, enrouleurs avec coffre et bateaux voilage.<\/p>\n<h2>Stores ext\u00e9rieurs sur-mesure pour vos fen\u00eatres<\/h2>\n<p>Avec nos stores ext\u00e9rieurs, cr\u00e9ez des zones d&rsquo;ombre sur votre terrasse ou balcon. Nous offrons une large gamme de stores ext\u00e9rieurs : bannes et coffres, ou semi-coffres, \u00e0 bras t\u00e9lescopiques ou articul\u00e9s, de fen\u00eatre, mais aussi des v\u00e9randas, loggias ainsi que des verri\u00e8res.<\/p>\n<h2>Pergolas et pergolas bioclimatiques<\/h2>\n<p>Si vous recherchez une protection contre les intemp\u00e9ries, nous vous sugg\u00e9rons de s\u00e9lectionner une pergola. Nous vous proposons des pergolas : toiles de protection solaire verticale, \u00e0 lames r\u00e9tractables, \u00e0 toits fixes ou avec panneaux verticaux.<\/p>\n<h2>Lambrequin lumineux sur mesure<\/h2>\n<p>Gr\u00e2ce \u00e0 nos lambrequins lumineux, votre magasin sera vu m\u00eame la nuit ou par temps de pluie.&nbsp;<\/p>\n<h2>Store banne : changement de toile (rentoilage)<\/h2>\n<p>Le changement de toile de stores banne est un choix \u00e9conomique au remplacement du store.<\/p>\n<h2>Fen\u00eatres bois &amp; aluminium<\/h2>\n<p>Si vous d\u00e9sirez r\u00e9nover vos fen\u00eatres. Nous construisons et mettons en place vos fen\u00eatres battantes et coulissantes : en bois, aluminium ou PVC.<\/p>\n<h2>Volet roulant manuel ou \u00e9lectrique<\/h2>\n<p>Pour am\u00e9liorer la protection phonique, thermique ou solaire, nous proposons aussi des volets roulants motoris\u00e9s ou manuels : solaires, aluminium, persiennes, bois ou m\u00e9talliques.<\/p>\n<h2>Film solaire sur mesure pour fen\u00eatre \u00e0 Ste-Croix<\/h2>\n<p>Nos films solaires sans tains vous aident \u00e0 contr\u00f4ler la temp\u00e9rature de votre habitation, de mod\u00e9rer la transmission UV, et de prot\u00e9ger votre intimit\u00e9 des regards.<\/p>\n<h2>Menuiserie \u00e0 Ste-Croix<\/h2>\n<p>Nous proposons une large choix de produits, comme les :<\/p>\n<ul>\n<li>Portail et portes.<\/li>\n<li>Domotiques.<\/li>\n<li>Fen\u00eatres.<\/li>\n<li>Portes de garage.<\/li>\n<li>Carport.<\/li>\n<li>Garde-corps.<\/li>\n<li>Volets.<\/li>\n<li>Alarmes.<\/li>\n<\/ul>\n<h2>Nos champs d&rsquo;intervention<\/h2>\n<h3>Les soci\u00e9t\u00e9s : restaurants, brasseries, caf\u00e9s, boutiques<\/h3>\n<p>Notre soci\u00e9t\u00e9 con\u00e7oit, fabrique, et installe des stores pour les soci\u00e9t\u00e9s \u00e0 Ste-Croix, comme : les restaurants, bureaux et boutiques.&nbsp;<\/p>\n<h3>Les syndics de copropri\u00e9t\u00e9 et les particuliers<\/h3>\n<p>Nous op\u00e9rons dans les copropri\u00e9t\u00e9s et chez les particuliers pour poser vos pergolas, pergolas bioclimatiques, fen\u00eatres, volets battants, stores de terrasse, volets roulants, v\u00e9randa et stores int\u00e9rieurs.<\/p>\n<h2>Nos services &amp; prestations<\/h2>\n<h3>Conception de stores sur mesure<\/h3>\n<p>Nous cr\u00e9ons tous vos stores sur mesure par rapport \u00e0 vos besoin.<\/p>\n<h3>Installation sur mesure<\/h3>\n<p>Les techniciens d&rsquo;Artisanlocal interviennent \u00e0 Ste-Croix pour mesurer et poser vos stores sur mesure.<\/p>\n<h3>R\u00e9paration de store \u00e0 Ste-Croix<\/h3>\n<p>Nos techniciens sont sp\u00e9cialis\u00e9s dans la r\u00e9paration de stores, au cours de leur intervention, ils changent les \u00e9l\u00e9ments d\u00e9fectueux.<\/p>\n<h3>Entretien de store \u00e0 Ste-Croix<\/h3>\n<p>Une maintenance r\u00e9alis\u00e9e fr\u00e9quemment permet d&rsquo;augmenter la durabilit\u00e9 de vos stores. Pour cela, un storiste doit intervenir \u00e0 votre domicile et examiner l\u2019\u00e9tat de votre store et si n\u00e9cessaire effectuer la r\u00e9paration, le remplacement ou le rentoilage.<\/p>\n<h3>Option et accessoire suppl\u00e9mentaire<\/h3>\n<p>Nos produits sont disponibles avec des ouvertures \u00e9lectriques ou manuelles pour les stores, volets et portes de garage.<\/p>\n<h2>Pourquoi choisir notre entreprise ?<\/h2>\n<p>Artisanlocal est sp\u00e9cialis\u00e9 dans la mise en place et l\u2019entretien de stores et de fermetures \u00e0 Ste-Croix. Nos techniciens vous guideront dans le choix de votre store pour r\u00e9pondre au mieux \u00e0 vos attentes.<\/p>\n<h3>Large gamme<\/h3>\n<p>Nous proposons une s\u00e9lection de stores int\u00e9rieurs et ext\u00e9rieurs.<\/p>\n<h3>\u00c9tude et devis gratuit<\/h3>\n<p>Recevez un devis gratuit d\u00e9taill\u00e9. Nos devis sont complets et totalement transparents.&nbsp;<\/p>\n<h3>\u00c9valuation<\/h3>\n<p>Nous regardons toujours la faisabilit\u00e9 des projets, en fonction de vos demandes, nous imaginons des plans sur mesure pour poser vos stores.<\/p>\n<h3>Faire le choix de la qualit\u00e9<\/h3>\n<p>Les stores que nous posons sont cr\u00e9\u00e9s avec des mat\u00e9riaux de qualit\u00e9 pour garantir une bonne durabilit\u00e9.<\/p>\n<h3>Intervention rapide <\/h3>\n<p>Le technicien storiste qui est situ\u00e9 \u00e0 Ste-Croix intervient rapidement chez vous pour installer ou d\u00e9panner vos stores.<\/p>\n<h2>Foire Aux Questions<\/h2>\n<h3>Les stores existants peuvent-ils \u00eatre m\u00e9canis\u00e9s ?<\/h3>\n<p>Oui, nos storistes peuvent motoriser vos stores \u00e0 condition que certains \u00e9l\u00e9ments soient respect\u00e9s. Un de nos storistes doit se d\u00e9placer \u00e0 votre logement pour examiner la possibilit\u00e9 du projet.<\/p>\n<h3>Intervenez-vous dans les villes proches de Ste-Croix ?<\/h3>\n<p>Oui, nos storistes interviennent \u00e0 Ste-Croix, mais aussi dans les localit\u00e9s \u00e0 proximit\u00e9, telles que : Fiez, Fontaines-sur-Grandson, Grandevent, Grandson, Fontanezier, Romairon, Vaugondry, Villars-Burquin, Champagne, Onnens VD, Concise, Corcelles-pr\u00e8s-Concise, Bonvillars, Mutrux, Provence, Giez, Orges, Novalles, Vugelles-La Mothe, Vuiteboeuf, La Sagne (Ste-croix), Le Ch\u00e2teau-de-Ste-Croix, Les Rasses, Bullet, Mauborget, L'Auberson, La Vraconnaz.<\/p>\n","protected":false},"excerpt":{"rendered":"<p>Artisanlocal est une entreprise sp\u00e9cialis\u00e9e dans l&rsquo;installation de stores, lambrequin lumineux, enseignes et accessoires de terrasses, \u00e0 Ste-Croix et dans les communes \u00e0 proximit\u00e9. Tous types de stores int\u00e9rieurs Nos stores int\u00e9rieurs sont con\u00e7us pour embellir l&rsquo;apparence de vos fen\u00eatres, r\u00e9guler la luminosit\u00e9 et prot\u00e9gez votre confidentialit\u00e9. Nous offrons un large choix de stores : [&hellip;]<\/p>\n","protected":false},"author":4,"featured_media":3071,"parent":0,"menu_order":0,"comment_status":"closed","ping_status":"closed","template":"","meta":{"footnotes":""},"profession":[130],"location":[29],"canton":[113],"class_list":["post-3015","page","type-page","status-publish","has-post-thumbnail","hentry","profession-storiste","location-ste-croix","canton-vd"],"yoast_head":"<!-- This site is optimized with the Yoast SEO Premium plugin v25.7.1 (Yoast SEO v27.4) - https:\/\/yoast.com\/product\/yoast-seo-premium-wordpress\/ -->\n<title>Votre expert du store et des enseignes \u00e0 Ste-Croix - Artisanlocal<\/title>\n<meta name=\"robots\" content=\"index, follow, max-snippet:-1, max-image-preview:large, max-video-preview:-1\" \/>\n<link rel=\"canonical\" href=\"https:\/\/www.artisanlocal.ch\/c\/votre-expert-du-store-et-des-enseignes-a-ste-croix\/\" \/>\n<meta property=\"og:locale\" content=\"fr_FR\" \/>\n<meta property=\"og:type\" content=\"article\" \/>\n<meta property=\"og:title\" content=\"Votre expert du store et des enseignes \u00e0 Ste-Croix\" \/>\n<meta property=\"og:description\" content=\"Artisanlocal est une entreprise sp\u00e9cialis\u00e9e dans l&rsquo;installation de stores, lambrequin lumineux, enseignes et accessoires de terrasses, \u00e0 Ste-Croix et dans les communes \u00e0 proximit\u00e9. Tous types de stores int\u00e9rieurs Nos stores int\u00e9rieurs sont con\u00e7us pour embellir l&rsquo;apparence de vos fen\u00eatres, r\u00e9guler la luminosit\u00e9 et prot\u00e9gez votre confidentialit\u00e9. Nous offrons un large choix de stores : [&hellip;]\" \/>\n<meta property=\"og:url\" content=\"https:\/\/www.artisanlocal.ch\/c\/votre-expert-du-store-et-des-enseignes-a-ste-croix\/\" \/>\n<meta property=\"og:site_name\" content=\"Artisanlocal\" \/>\n<meta property=\"article:modified_time\" content=\"2025-08-26T17:24:45+00:00\" \/>\n<meta property=\"og:image\" content=\"https:\/\/www.artisanlocal.ch\/c\/wp-content\/uploads\/2024\/12\/storiste.jpg\" \/>\n\t<meta property=\"og:image:width\" content=\"1920\" \/>\n\t<meta property=\"og:image:height\" content=\"300\" \/>\n\t<meta property=\"og:image:type\" content=\"image\/jpeg\" \/>\n<meta name=\"twitter:card\" content=\"summary_large_image\" \/>\n<meta name=\"twitter:label1\" content=\"Dur\u00e9e de lecture estim\u00e9e\" \/>\n\t<meta name=\"twitter:data1\" content=\"4 minutes\" \/>\n<script type=\"application\/ld+json\" class=\"yoast-schema-graph\">{\"@context\":\"https:\\\/\\\/schema.org\",\"@graph\":[{\"@type\":\"WebPage\",\"@id\":\"https:\\\/\\\/www.artisanlocal.ch\\\/c\\\/votre-expert-du-store-et-des-enseignes-a-ste-croix\\\/\",\"url\":\"https:\\\/\\\/www.artisanlocal.ch\\\/c\\\/votre-expert-du-store-et-des-enseignes-a-ste-croix\\\/\",\"name\":\"Votre expert du store et des enseignes \u00e0 Ste-Croix - Artisanlocal\",\"isPartOf\":{\"@id\":\"https:\\\/\\\/www.artisanlocal.ch\\\/c\\\/#website\"},\"primaryImageOfPage\":{\"@id\":\"https:\\\/\\\/www.artisanlocal.ch\\\/c\\\/votre-expert-du-store-et-des-enseignes-a-ste-croix\\\/#primaryimage\"},\"image\":{\"@id\":\"https:\\\/\\\/www.artisanlocal.ch\\\/c\\\/votre-expert-du-store-et-des-enseignes-a-ste-croix\\\/#primaryimage\"},\"thumbnailUrl\":\"https:\\\/\\\/www.artisanlocal.ch\\\/c\\\/wp-content\\\/uploads\\\/2024\\\/12\\\/storiste.jpg\",\"datePublished\":\"2024-11-26T05:21:00+00:00\",\"dateModified\":\"2025-08-26T17:24:45+00:00\",\"breadcrumb\":{\"@id\":\"https:\\\/\\\/www.artisanlocal.ch\\\/c\\\/votre-expert-du-store-et-des-enseignes-a-ste-croix\\\/#breadcrumb\"},\"inLanguage\":\"fr-FR\",\"potentialAction\":[{\"@type\":\"ReadAction\",\"target\":[\"https:\\\/\\\/www.artisanlocal.ch\\\/c\\\/votre-expert-du-store-et-des-enseignes-a-ste-croix\\\/\"]}]},{\"@type\":\"ImageObject\",\"inLanguage\":\"fr-FR\",\"@id\":\"https:\\\/\\\/www.artisanlocal.ch\\\/c\\\/votre-expert-du-store-et-des-enseignes-a-ste-croix\\\/#primaryimage\",\"url\":\"https:\\\/\\\/www.artisanlocal.ch\\\/c\\\/wp-content\\\/uploads\\\/2024\\\/12\\\/storiste.jpg\",\"contentUrl\":\"https:\\\/\\\/www.artisanlocal.ch\\\/c\\\/wp-content\\\/uploads\\\/2024\\\/12\\\/storiste.jpg\",\"width\":1920,\"height\":300},{\"@type\":\"BreadcrumbList\",\"@id\":\"https:\\\/\\\/www.artisanlocal.ch\\\/c\\\/votre-expert-du-store-et-des-enseignes-a-ste-croix\\\/#breadcrumb\",\"itemListElement\":[{\"@type\":\"ListItem\",\"position\":1,\"name\":\"Accueil\",\"item\":\"https:\\\/\\\/www.artisanlocal.ch\\\/c\\\/\"},{\"@type\":\"ListItem\",\"position\":2,\"name\":\"Votre expert du store et des enseignes \u00e0 Ste-Croix\"}]},{\"@type\":\"WebSite\",\"@id\":\"https:\\\/\\\/www.artisanlocal.ch\\\/c\\\/#website\",\"url\":\"https:\\\/\\\/www.artisanlocal.ch\\\/c\\\/\",\"name\":\"Artisanlocal\",\"description\":\"\",\"publisher\":{\"@id\":\"https:\\\/\\\/www.artisanlocal.ch\\\/c\\\/#organization\"},\"potentialAction\":[{\"@type\":\"SearchAction\",\"target\":{\"@type\":\"EntryPoint\",\"urlTemplate\":\"https:\\\/\\\/www.artisanlocal.ch\\\/c\\\/?s={search_term_string}\"},\"query-input\":{\"@type\":\"PropertyValueSpecification\",\"valueRequired\":true,\"valueName\":\"search_term_string\"}}],\"inLanguage\":\"fr-FR\"},{\"@type\":\"Organization\",\"@id\":\"https:\\\/\\\/www.artisanlocal.ch\\\/c\\\/#organization\",\"name\":\"Artisanlocal\",\"url\":\"https:\\\/\\\/www.artisanlocal.ch\\\/c\\\/\",\"logo\":{\"@type\":\"ImageObject\",\"inLanguage\":\"fr-FR\",\"@id\":\"https:\\\/\\\/www.artisanlocal.ch\\\/c\\\/#\\\/schema\\\/logo\\\/image\\\/\",\"url\":\"https:\\\/\\\/www.artisanlocal.ch\\\/c\\\/wp-content\\\/uploads\\\/2024\\\/02\\\/logo-artisanlocal-h.svg\",\"contentUrl\":\"https:\\\/\\\/www.artisanlocal.ch\\\/c\\\/wp-content\\\/uploads\\\/2024\\\/02\\\/logo-artisanlocal-h.svg\",\"caption\":\"Artisanlocal\"},\"image\":{\"@id\":\"https:\\\/\\\/www.artisanlocal.ch\\\/c\\\/#\\\/schema\\\/logo\\\/image\\\/\"}}]}<\/script>\n<!-- \/ Yoast SEO Premium plugin. -->","yoast_head_json":{"title":"Votre expert du store et des enseignes \u00e0 Ste-Croix - Artisanlocal","robots":{"index":"index","follow":"follow","max-snippet":"max-snippet:-1","max-image-preview":"max-image-preview:large","max-video-preview":"max-video-preview:-1"},"canonical":"https:\/\/www.artisanlocal.ch\/c\/votre-expert-du-store-et-des-enseignes-a-ste-croix\/","og_locale":"fr_FR","og_type":"article","og_title":"Votre expert du store et des enseignes \u00e0 Ste-Croix","og_description":"Artisanlocal est une entreprise sp\u00e9cialis\u00e9e dans l&rsquo;installation de stores, lambrequin lumineux, enseignes et accessoires de terrasses, \u00e0 Ste-Croix et dans les communes \u00e0 proximit\u00e9. Tous types de stores int\u00e9rieurs Nos stores int\u00e9rieurs sont con\u00e7us pour embellir l&rsquo;apparence de vos fen\u00eatres, r\u00e9guler la luminosit\u00e9 et prot\u00e9gez votre confidentialit\u00e9. Nous offrons un large choix de stores : [&hellip;]","og_url":"https:\/\/www.artisanlocal.ch\/c\/votre-expert-du-store-et-des-enseignes-a-ste-croix\/","og_site_name":"Artisanlocal","article_modified_time":"2025-08-26T17:24:45+00:00","og_image":[{"width":1920,"height":300,"url":"https:\/\/www.artisanlocal.ch\/c\/wp-content\/uploads\/2024\/12\/storiste.jpg","type":"image\/jpeg"}],"twitter_card":"summary_large_image","twitter_misc":{"Dur\u00e9e de lecture estim\u00e9e":"4 minutes"},"schema":{"@context":"https:\/\/schema.org","@graph":[{"@type":"WebPage","@id":"https:\/\/www.artisanlocal.ch\/c\/votre-expert-du-store-et-des-enseignes-a-ste-croix\/","url":"https:\/\/www.artisanlocal.ch\/c\/votre-expert-du-store-et-des-enseignes-a-ste-croix\/","name":"Votre expert du store et des enseignes \u00e0 Ste-Croix - Artisanlocal","isPartOf":{"@id":"https:\/\/www.artisanlocal.ch\/c\/#website"},"primaryImageOfPage":{"@id":"https:\/\/www.artisanlocal.ch\/c\/votre-expert-du-store-et-des-enseignes-a-ste-croix\/#primaryimage"},"image":{"@id":"https:\/\/www.artisanlocal.ch\/c\/votre-expert-du-store-et-des-enseignes-a-ste-croix\/#primaryimage"},"thumbnailUrl":"https:\/\/www.artisanlocal.ch\/c\/wp-content\/uploads\/2024\/12\/storiste.jpg","datePublished":"2024-11-26T05:21:00+00:00","dateModified":"2025-08-26T17:24:45+00:00","breadcrumb":{"@id":"https:\/\/www.artisanlocal.ch\/c\/votre-expert-du-store-et-des-enseignes-a-ste-croix\/#breadcrumb"},"inLanguage":"fr-FR","potentialAction":[{"@type":"ReadAction","target":["https:\/\/www.artisanlocal.ch\/c\/votre-expert-du-store-et-des-enseignes-a-ste-croix\/"]}]},{"@type":"ImageObject","inLanguage":"fr-FR","@id":"https:\/\/www.artisanlocal.ch\/c\/votre-expert-du-store-et-des-enseignes-a-ste-croix\/#primaryimage","url":"https:\/\/www.artisanlocal.ch\/c\/wp-content\/uploads\/2024\/12\/storiste.jpg","contentUrl":"https:\/\/www.artisanlocal.ch\/c\/wp-content\/uploads\/2024\/12\/storiste.jpg","width":1920,"height":300},{"@type":"BreadcrumbList","@id":"https:\/\/www.artisanlocal.ch\/c\/votre-expert-du-store-et-des-enseignes-a-ste-croix\/#breadcrumb","itemListElement":[{"@type":"ListItem","position":1,"name":"Accueil","item":"https:\/\/www.artisanlocal.ch\/c\/"},{"@type":"ListItem","position":2,"name":"Votre expert du store et des enseignes \u00e0 Ste-Croix"}]},{"@type":"WebSite","@id":"https:\/\/www.artisanlocal.ch\/c\/#website","url":"https:\/\/www.artisanlocal.ch\/c\/","name":"Artisanlocal","description":"","publisher":{"@id":"https:\/\/www.artisanlocal.ch\/c\/#organization"},"potentialAction":[{"@type":"SearchAction","target":{"@type":"EntryPoint","urlTemplate":"https:\/\/www.artisanlocal.ch\/c\/?s={search_term_string}"},"query-input":{"@type":"PropertyValueSpecification","valueRequired":true,"valueName":"search_term_string"}}],"inLanguage":"fr-FR"},{"@type":"Organization","@id":"https:\/\/www.artisanlocal.ch\/c\/#organization","name":"Artisanlocal","url":"https:\/\/www.artisanlocal.ch\/c\/","logo":{"@type":"ImageObject","inLanguage":"fr-FR","@id":"https:\/\/www.artisanlocal.ch\/c\/#\/schema\/logo\/image\/","url":"https:\/\/www.artisanlocal.ch\/c\/wp-content\/uploads\/2024\/02\/logo-artisanlocal-h.svg","contentUrl":"https:\/\/www.artisanlocal.ch\/c\/wp-content\/uploads\/2024\/02\/logo-artisanlocal-h.svg","caption":"Artisanlocal"},"image":{"@id":"https:\/\/www.artisanlocal.ch\/c\/#\/schema\/logo\/image\/"}}]}},"_links":{"self":[{"href":"https:\/\/www.artisanlocal.ch\/c\/wp-json\/wp\/v2\/pages\/3015","targetHints":{"allow":["GET"]}}],"collection":[{"href":"https:\/\/www.artisanlocal.ch\/c\/wp-json\/wp\/v2\/pages"}],"about":[{"href":"https:\/\/www.artisanlocal.ch\/c\/wp-json\/wp\/v2\/types\/page"}],"author":[{"embeddable":true,"href":"https:\/\/www.artisanlocal.ch\/c\/wp-json\/wp\/v2\/users\/4"}],"replies":[{"embeddable":true,"href":"https:\/\/www.artisanlocal.ch\/c\/wp-json\/wp\/v2\/comments?post=3015"}],"version-history":[{"count":0,"href":"https:\/\/www.artisanlocal.ch\/c\/wp-json\/wp\/v2\/pages\/3015\/revisions"}],"wp:featuredmedia":[{"embeddable":true,"href":"https:\/\/www.artisanlocal.ch\/c\/wp-json\/wp\/v2\/media\/3071"}],"wp:attachment":[{"href":"https:\/\/www.artisanlocal.ch\/c\/wp-json\/wp\/v2\/media?parent=3015"}],"wp:term":[{"taxonomy":"profession","embeddable":true,"href":"https:\/\/www.artisanlocal.ch\/c\/wp-json\/wp\/v2\/profession?post=3015"},{"taxonomy":"location","embeddable":true,"href":"https:\/\/www.artisanlocal.ch\/c\/wp-json\/wp\/v2\/location?post=3015"},{"taxonomy":"canton","embeddable":true,"href":"https:\/\/www.artisanlocal.ch\/c\/wp-json\/wp\/v2\/canton?post=3015"}],"curies":[{"name":"wp","href":"https:\/\/api.w.org\/{rel}","templated":true}]}}