{"id":3016,"date":"2024-11-26T05:28:41","date_gmt":"2024-11-26T04:28:41","guid":{"rendered":"https:\/\/www.artisanlocal.ch\/c\/votre-expert-du-store-et-des-enseignes-a-payerne\/"},"modified":"2025-08-26T19:24:46","modified_gmt":"2025-08-26T17:24:46","slug":"votre-expert-du-store-et-des-enseignes-a-payerne","status":"publish","type":"page","link":"https:\/\/www.artisanlocal.ch\/c\/votre-expert-du-store-et-des-enseignes-a-payerne\/","title":{"rendered":"Votre expert du store et des enseignes \u00e0 Payerne"},"content":{"rendered":"<p>Notre entreprise est expert dans l&rsquo;installation de stores, enseignes, accessoires pour terrasses et lambrequins lumineux, op\u00e8re \u00e0 Payerne et dans les villes aux alentours.<\/p>\n\r\n<div class=\"box\">\r\n    <h2 class=\"text-dark\">Nous cherchons un <em class=\"text-primary\">Storiste<\/em> dans la r\u00e9gion de <em class=\"text-primary\">Payerne<\/em>  en exclusivit\u00e9, afin de proposer vos services \u00e0 nos clients propri\u00e9taires.<\/h2>\r\n    <p>Une opportunit\u00e9 unique pour booster votre activit\u00e9 \u00e0 <strong>Payerne<\/strong> et aux alentours dans votre domaine (Storiste).<\/p>\r\n    <p>Nous travaillons en exclusivit\u00e9 avec qu'une soci\u00e9t\u00e9 par m\u00e9tier et par r\u00e9gion. <br>Votre entreprise est pr\u00e9sente sur tous les documents immobiliers. Afin d'\u00eatre mieux vu sur le net, vous \u00eates \u00e9galement visible sur nos deux sites et sur les pages de r\u00e9f\u00e9rencement de votre r\u00e9gion.<\/p>\r\n    <a href=\"\/contact\" class=\"wp-block-button__link has-accent-background-color has-text-align-center wp-element-button\">R\u00e9server<\/a>\r\n<\/div>\n<h2>Diverses gammes de stores int\u00e9rieurs<\/h2>\n<p>Nos stores int\u00e9rieurs sont cr\u00e9\u00e9s pour am\u00e9liorer l&rsquo;aspect visuel de vos fen\u00eatres, g\u00e9rer l\u2019entr\u00e9e de la luminosit\u00e9 ou pr\u00e9server votre intimit\u00e9. Nous offrons un grand choix de stores : v\u00e9nitiens, textiles, pliss\u00e9s, bandes verticales, enrouleurs, enrouleurs avec coffre, parois japonaises, rideaux, bateaux et bateaux voilage.<\/p>\n<h2>Store ext\u00e9rieur personnalis\u00e9<\/h2>\n<p>Avec nos stores ext\u00e9rieurs, cr\u00e9ez des zones d\u2019ombre sur votre balcon ou terrasse. D\u00e9couvrez notre choix de stores ext\u00e9rieurs : verri\u00e8res, loggias et v\u00e9randas, mais aussi fen\u00eatres, pourvues de coffres, bannes, semi-coffres, \u00e0 bras t\u00e9lescopiques ou articul\u00e9s.<\/p>\n<h2>Pergolas<\/h2>\n<p>Si vous recherchez une protection contre les pr\u00e9cipitations, nous vous conseillons de s\u00e9lectionner une pergola. Nous avons un large choix de pergolas : \u00e0 lames r\u00e9tractables, \u00e0 toits fixes, toiles de protection solaire verticale ou avec panneaux verticaux.<\/p>\n<h2>Lambrequin lumineux sur mesure<\/h2>\n<p>Nos lambrequins lumineux vous permettent d\u2019am\u00e9liorer la visibilit\u00e9 nocturne : de votre restaurant, magasin, commerces, commerce, h\u00f4tel ou brasserie.&nbsp;<\/p>\n<h2>Rentoilage de stores<\/h2>\n<p>Nous proposons \u00e9galement le changement de toile (rentoilage) de stores banne qui est une solution \u00e9conomique et vous permet d&#8217;emp\u00eacher le remplacement du store.<\/p>\n<h2>Fen\u00eatre bois aluminium \u00e0 Payerne<\/h2>\n<p>Si vous avez besoin de remplacer vos fen\u00eatres. Nous cr\u00e9ons et mettons en place vos fen\u00eatres battantes et coulissantes : PVC, en bois ou aluminium.<\/p>\n<h2>Volets roulants avec ou sans motorisation<\/h2>\n<p>Les volets roulants permettent d&rsquo;obtenir une meilleure isolation thermique, et une bonne protection phonique et solaire. Ils r\u00e9duisent les d\u00e9perditions \u00e9nerg\u00e9tiques : m\u00e9talliques, aluminium, persiennes, solaires ou bois.<\/p>\n<h2>Nos films pour vitrages et stores sur mesure de qualit\u00e9<\/h2>\n<p>Nos films solaires sans tains vous aident \u00e0 r\u00e9guler la temp\u00e9rature de votre int\u00e9rieur, d\u2019am\u00e9liorer votre s\u00e9curit\u00e9 en pr\u00e9servant votre intimit\u00e9 des regards, et r\u00e9duit l&rsquo;impact de l&rsquo;exposition aux UV.<\/p>\n<h2>Menuiserie \u00e0 Payerne<\/h2>\n<p>Artisanlocal propose d\u2019autres solutions sur mesure, par exemple les :<\/p>\n<ul>\n<li>Portail et portes.<\/li>\n<li>Domotiques.<\/li>\n<li>Fen\u00eatres.<\/li>\n<li>Portes de garage.<\/li>\n<li>Carport.<\/li>\n<li>Garde-corps.<\/li>\n<li>Volets.<\/li>\n<li>Alarmes.<\/li>\n<\/ul>\n<h2>Nos champs d&rsquo;intervention<\/h2>\n<h3>Les entreprises : restaurants, brasseries, caf\u00e9s, boutiques<\/h3>\n<p>Notre entreprise est experte dans la conception, la fabrication, et la mise en place de stores pour les soci\u00e9t\u00e9s \u00e0 Payerne, tels que : les restaurants, bureaux et boutiques.&nbsp;<\/p>\n<h3>Les syndics de copropri\u00e9t\u00e9 et les particuliers<\/h3>\n<p>Intervention chez les particuliers et les copropri\u00e9t\u00e9s, nous installons vos pergolas, pergolas bioclimatiques, volets battants, fen\u00eatres, stores de terrasse, v\u00e9randas, volets roulants et stores int\u00e9rieurs.<\/p>\n<h2>Tous nos services<\/h2>\n<h3>Conception technique<\/h3>\n<p>Nous cr\u00e9ons tous vos stores personnalis\u00e9s selon vos besoin.<\/p>\n<h3>Pose sur mesure<\/h3>\n<p>Nos storistes interviennent \u00e0 Payerne pour mesurer et installer vos stores personnalis\u00e9s.<\/p>\n<h3>R\u00e9paration de store \u00e0 Payerne<\/h3>\n<p>Les storistes d&rsquo;Artisanlocal remplacent les parties de vos stores, lors de leur intervention, ils changent les \u00e9l\u00e9ments d\u00e9fectueux.<\/p>\n<h3>Service d\u2019entretien<\/h3>\n<p>Un entretien effectu\u00e9 r\u00e9guli\u00e8rement permet d\u2019augmenter la dur\u00e9e de vie de vos stores. Pour cela, un storiste doit venir chez vous et inspecter l\u2019\u00e9tat de votre store et si besoin r\u00e9aliser la r\u00e9paration, le remplacement ou le rentoilage.<\/p>\n<h3>Accessoires et options<\/h3>\n<p>Nous proposons diff\u00e9rentes options d\u2019ouverture (\u00e9lectrique ou manuelle) pour les stores, volets et portes de garage.<\/p>\n<h2>Pourquoi choisir Artisanlocal ?<\/h2>\n<p>Notre soci\u00e9t\u00e9 est experte dans l\u2019installation et l\u2019entretien de stores et de fermetures \u00e0 Payerne. Nos techniciens storistes vous guideront dans le choix de votre store pour r\u00e9pondre au mieux \u00e0 vos attentes.<\/p>\n<h3>Large gamme<\/h3>\n<p>Artisanlocal vous propose un large choix de stores.<\/p>\n<h3>Devis gratuits<\/h3>\n<p>Profitez de nos devis gratuits et sans engagement. Nos devis sont d\u00e9taill\u00e9s et totalement transparents.&nbsp;<\/p>\n<h3>Diagnostic<\/h3>\n<p>Nous regardons toujours la faisabilit\u00e9 des projets, et nous fabriquons des plans personnalis\u00e9s pour int\u00e9grer de la meilleure sorte vos stores en consid\u00e9rant vos probl\u00e9matiques et vos besoins.<\/p>\n<h3>Mat\u00e9riaux de qualit\u00e9<\/h3>\n<p>Les stores que nous installons sont cr\u00e9\u00e9s avec des mat\u00e9riaux haut de gamme pour assurer une bonne durabilit\u00e9.<\/p>\n<h3>Intervention imm\u00e9diate \u00e0 Payerne<\/h3>\n<p>Le technicien storiste qui est situ\u00e9 \u00e0 Payerne intervient d\u00e8s que possible chez vous pour installer ou d\u00e9panner vos stores.<\/p>\n<h2>Foire Aux Questions<\/h2>\n<h3>Les stores existants peuvent-ils \u00eatre motoris\u00e9s ?<\/h3>\n<p>Oui, nos storistes peuvent motoriser vos stores sous certaines conditions. Un de nos storistes doit se d\u00e9placer \u00e0 votre logement pour \u00e9tudier la faisabilit\u00e9 de votre projet.<\/p>\n<h3>Votre entreprise intervient-elle dans les villes proches de Payerne ? ?<\/h3>\n<p>Oui, nos artisans op\u00e8rent \u00e0 Payerne, mais aussi dans les localit\u00e9s aux environs, telles que : Cheyres, Estavayer-le-Lac, Bollion, Lully FR, Seiry, Ch\u00e2tillon FR, Font, Ch\u00e2bles FR, Autavaux, Forel FR, Montbrelloz, Cugy FR, Vesin, Frasses, Montet (Broye), Aumont, Granges-de-Vesin, Nuvilly, Murist, F\u00e9tigny, M\u00e9ni\u00e8res, Treytorrens (Payerne), Bussy FR, Morens FR, S\u00e9vaz, Rueyres-les-Pr\u00e9s, Grandcour, Chevroux, Vers-chez-Perrin, Trey, Ch\u00e2tonnaye, Corcelles-pr\u00e8s-Payerne, Missy, Cerniat FR, Middes, Cousset, Montagny-les-Monts, Grandsivaz, Mannens, Montagny-la-Ville.<\/p>\n","protected":false},"excerpt":{"rendered":"<p>Notre entreprise est expert dans l&rsquo;installation de stores, enseignes, accessoires pour terrasses et lambrequins lumineux, op\u00e8re \u00e0 Payerne et dans les villes aux alentours. Diverses gammes de stores int\u00e9rieurs Nos stores int\u00e9rieurs sont cr\u00e9\u00e9s pour am\u00e9liorer l&rsquo;aspect visuel de vos fen\u00eatres, g\u00e9rer l\u2019entr\u00e9e de la luminosit\u00e9 ou pr\u00e9server votre intimit\u00e9. Nous offrons un grand choix [&hellip;]<\/p>\n","protected":false},"author":4,"featured_media":3071,"parent":0,"menu_order":0,"comment_status":"closed","ping_status":"closed","template":"","meta":{"footnotes":""},"profession":[130],"location":[13],"canton":[113],"class_list":["post-3016","page","type-page","status-publish","has-post-thumbnail","hentry","profession-storiste","location-payerne","canton-vd"],"yoast_head":"<!-- This site is optimized with the Yoast SEO Premium plugin v25.7.1 (Yoast SEO v27.3) - https:\/\/yoast.com\/product\/yoast-seo-premium-wordpress\/ -->\n<title>Votre expert du store et des enseignes \u00e0 Payerne - Artisanlocal<\/title>\n<meta name=\"robots\" content=\"index, follow, max-snippet:-1, max-image-preview:large, max-video-preview:-1\" \/>\n<link rel=\"canonical\" href=\"https:\/\/www.artisanlocal.ch\/c\/votre-expert-du-store-et-des-enseignes-a-payerne\/\" \/>\n<meta property=\"og:locale\" content=\"fr_FR\" \/>\n<meta property=\"og:type\" content=\"article\" \/>\n<meta property=\"og:title\" content=\"Votre expert du store et des enseignes \u00e0 Payerne\" \/>\n<meta property=\"og:description\" content=\"Notre entreprise est expert dans l&rsquo;installation de stores, enseignes, accessoires pour terrasses et lambrequins lumineux, op\u00e8re \u00e0 Payerne et dans les villes aux alentours. Diverses gammes de stores int\u00e9rieurs Nos stores int\u00e9rieurs sont cr\u00e9\u00e9s pour am\u00e9liorer l&rsquo;aspect visuel de vos fen\u00eatres, g\u00e9rer l\u2019entr\u00e9e de la luminosit\u00e9 ou pr\u00e9server votre intimit\u00e9. Nous offrons un grand choix [&hellip;]\" \/>\n<meta property=\"og:url\" content=\"https:\/\/www.artisanlocal.ch\/c\/votre-expert-du-store-et-des-enseignes-a-payerne\/\" \/>\n<meta property=\"og:site_name\" content=\"Artisanlocal\" \/>\n<meta property=\"article:modified_time\" content=\"2025-08-26T17:24:46+00:00\" \/>\n<meta property=\"og:image\" content=\"https:\/\/www.artisanlocal.ch\/c\/wp-content\/uploads\/2024\/12\/storiste.jpg\" \/>\n\t<meta property=\"og:image:width\" content=\"1920\" \/>\n\t<meta property=\"og:image:height\" content=\"300\" \/>\n\t<meta property=\"og:image:type\" content=\"image\/jpeg\" \/>\n<meta name=\"twitter:card\" content=\"summary_large_image\" \/>\n<meta name=\"twitter:label1\" content=\"Dur\u00e9e de lecture estim\u00e9e\" \/>\n\t<meta name=\"twitter:data1\" content=\"4 minutes\" \/>\n<script type=\"application\/ld+json\" class=\"yoast-schema-graph\">{\"@context\":\"https:\\\/\\\/schema.org\",\"@graph\":[{\"@type\":\"WebPage\",\"@id\":\"https:\\\/\\\/www.artisanlocal.ch\\\/c\\\/votre-expert-du-store-et-des-enseignes-a-payerne\\\/\",\"url\":\"https:\\\/\\\/www.artisanlocal.ch\\\/c\\\/votre-expert-du-store-et-des-enseignes-a-payerne\\\/\",\"name\":\"Votre expert du store et des enseignes \u00e0 Payerne - Artisanlocal\",\"isPartOf\":{\"@id\":\"https:\\\/\\\/www.artisanlocal.ch\\\/c\\\/#website\"},\"primaryImageOfPage\":{\"@id\":\"https:\\\/\\\/www.artisanlocal.ch\\\/c\\\/votre-expert-du-store-et-des-enseignes-a-payerne\\\/#primaryimage\"},\"image\":{\"@id\":\"https:\\\/\\\/www.artisanlocal.ch\\\/c\\\/votre-expert-du-store-et-des-enseignes-a-payerne\\\/#primaryimage\"},\"thumbnailUrl\":\"https:\\\/\\\/www.artisanlocal.ch\\\/c\\\/wp-content\\\/uploads\\\/2024\\\/12\\\/storiste.jpg\",\"datePublished\":\"2024-11-26T04:28:41+00:00\",\"dateModified\":\"2025-08-26T17:24:46+00:00\",\"breadcrumb\":{\"@id\":\"https:\\\/\\\/www.artisanlocal.ch\\\/c\\\/votre-expert-du-store-et-des-enseignes-a-payerne\\\/#breadcrumb\"},\"inLanguage\":\"fr-FR\",\"potentialAction\":[{\"@type\":\"ReadAction\",\"target\":[\"https:\\\/\\\/www.artisanlocal.ch\\\/c\\\/votre-expert-du-store-et-des-enseignes-a-payerne\\\/\"]}]},{\"@type\":\"ImageObject\",\"inLanguage\":\"fr-FR\",\"@id\":\"https:\\\/\\\/www.artisanlocal.ch\\\/c\\\/votre-expert-du-store-et-des-enseignes-a-payerne\\\/#primaryimage\",\"url\":\"https:\\\/\\\/www.artisanlocal.ch\\\/c\\\/wp-content\\\/uploads\\\/2024\\\/12\\\/storiste.jpg\",\"contentUrl\":\"https:\\\/\\\/www.artisanlocal.ch\\\/c\\\/wp-content\\\/uploads\\\/2024\\\/12\\\/storiste.jpg\",\"width\":1920,\"height\":300},{\"@type\":\"BreadcrumbList\",\"@id\":\"https:\\\/\\\/www.artisanlocal.ch\\\/c\\\/votre-expert-du-store-et-des-enseignes-a-payerne\\\/#breadcrumb\",\"itemListElement\":[{\"@type\":\"ListItem\",\"position\":1,\"name\":\"Accueil\",\"item\":\"https:\\\/\\\/www.artisanlocal.ch\\\/c\\\/\"},{\"@type\":\"ListItem\",\"position\":2,\"name\":\"Votre expert du store et des enseignes \u00e0 Payerne\"}]},{\"@type\":\"WebSite\",\"@id\":\"https:\\\/\\\/www.artisanlocal.ch\\\/c\\\/#website\",\"url\":\"https:\\\/\\\/www.artisanlocal.ch\\\/c\\\/\",\"name\":\"Artisanlocal\",\"description\":\"\",\"publisher\":{\"@id\":\"https:\\\/\\\/www.artisanlocal.ch\\\/c\\\/#organization\"},\"potentialAction\":[{\"@type\":\"SearchAction\",\"target\":{\"@type\":\"EntryPoint\",\"urlTemplate\":\"https:\\\/\\\/www.artisanlocal.ch\\\/c\\\/?s={search_term_string}\"},\"query-input\":{\"@type\":\"PropertyValueSpecification\",\"valueRequired\":true,\"valueName\":\"search_term_string\"}}],\"inLanguage\":\"fr-FR\"},{\"@type\":\"Organization\",\"@id\":\"https:\\\/\\\/www.artisanlocal.ch\\\/c\\\/#organization\",\"name\":\"Artisanlocal\",\"url\":\"https:\\\/\\\/www.artisanlocal.ch\\\/c\\\/\",\"logo\":{\"@type\":\"ImageObject\",\"inLanguage\":\"fr-FR\",\"@id\":\"https:\\\/\\\/www.artisanlocal.ch\\\/c\\\/#\\\/schema\\\/logo\\\/image\\\/\",\"url\":\"https:\\\/\\\/www.artisanlocal.ch\\\/c\\\/wp-content\\\/uploads\\\/2024\\\/02\\\/logo-artisanlocal-h.svg\",\"contentUrl\":\"https:\\\/\\\/www.artisanlocal.ch\\\/c\\\/wp-content\\\/uploads\\\/2024\\\/02\\\/logo-artisanlocal-h.svg\",\"caption\":\"Artisanlocal\"},\"image\":{\"@id\":\"https:\\\/\\\/www.artisanlocal.ch\\\/c\\\/#\\\/schema\\\/logo\\\/image\\\/\"}}]}<\/script>\n<!-- \/ Yoast SEO Premium plugin. -->","yoast_head_json":{"title":"Votre expert du store et des enseignes \u00e0 Payerne - Artisanlocal","robots":{"index":"index","follow":"follow","max-snippet":"max-snippet:-1","max-image-preview":"max-image-preview:large","max-video-preview":"max-video-preview:-1"},"canonical":"https:\/\/www.artisanlocal.ch\/c\/votre-expert-du-store-et-des-enseignes-a-payerne\/","og_locale":"fr_FR","og_type":"article","og_title":"Votre expert du store et des enseignes \u00e0 Payerne","og_description":"Notre entreprise est expert dans l&rsquo;installation de stores, enseignes, accessoires pour terrasses et lambrequins lumineux, op\u00e8re \u00e0 Payerne et dans les villes aux alentours. Diverses gammes de stores int\u00e9rieurs Nos stores int\u00e9rieurs sont cr\u00e9\u00e9s pour am\u00e9liorer l&rsquo;aspect visuel de vos fen\u00eatres, g\u00e9rer l\u2019entr\u00e9e de la luminosit\u00e9 ou pr\u00e9server votre intimit\u00e9. Nous offrons un grand choix [&hellip;]","og_url":"https:\/\/www.artisanlocal.ch\/c\/votre-expert-du-store-et-des-enseignes-a-payerne\/","og_site_name":"Artisanlocal","article_modified_time":"2025-08-26T17:24:46+00:00","og_image":[{"width":1920,"height":300,"url":"https:\/\/www.artisanlocal.ch\/c\/wp-content\/uploads\/2024\/12\/storiste.jpg","type":"image\/jpeg"}],"twitter_card":"summary_large_image","twitter_misc":{"Dur\u00e9e de lecture estim\u00e9e":"4 minutes"},"schema":{"@context":"https:\/\/schema.org","@graph":[{"@type":"WebPage","@id":"https:\/\/www.artisanlocal.ch\/c\/votre-expert-du-store-et-des-enseignes-a-payerne\/","url":"https:\/\/www.artisanlocal.ch\/c\/votre-expert-du-store-et-des-enseignes-a-payerne\/","name":"Votre expert du store et des enseignes \u00e0 Payerne - Artisanlocal","isPartOf":{"@id":"https:\/\/www.artisanlocal.ch\/c\/#website"},"primaryImageOfPage":{"@id":"https:\/\/www.artisanlocal.ch\/c\/votre-expert-du-store-et-des-enseignes-a-payerne\/#primaryimage"},"image":{"@id":"https:\/\/www.artisanlocal.ch\/c\/votre-expert-du-store-et-des-enseignes-a-payerne\/#primaryimage"},"thumbnailUrl":"https:\/\/www.artisanlocal.ch\/c\/wp-content\/uploads\/2024\/12\/storiste.jpg","datePublished":"2024-11-26T04:28:41+00:00","dateModified":"2025-08-26T17:24:46+00:00","breadcrumb":{"@id":"https:\/\/www.artisanlocal.ch\/c\/votre-expert-du-store-et-des-enseignes-a-payerne\/#breadcrumb"},"inLanguage":"fr-FR","potentialAction":[{"@type":"ReadAction","target":["https:\/\/www.artisanlocal.ch\/c\/votre-expert-du-store-et-des-enseignes-a-payerne\/"]}]},{"@type":"ImageObject","inLanguage":"fr-FR","@id":"https:\/\/www.artisanlocal.ch\/c\/votre-expert-du-store-et-des-enseignes-a-payerne\/#primaryimage","url":"https:\/\/www.artisanlocal.ch\/c\/wp-content\/uploads\/2024\/12\/storiste.jpg","contentUrl":"https:\/\/www.artisanlocal.ch\/c\/wp-content\/uploads\/2024\/12\/storiste.jpg","width":1920,"height":300},{"@type":"BreadcrumbList","@id":"https:\/\/www.artisanlocal.ch\/c\/votre-expert-du-store-et-des-enseignes-a-payerne\/#breadcrumb","itemListElement":[{"@type":"ListItem","position":1,"name":"Accueil","item":"https:\/\/www.artisanlocal.ch\/c\/"},{"@type":"ListItem","position":2,"name":"Votre expert du store et des enseignes \u00e0 Payerne"}]},{"@type":"WebSite","@id":"https:\/\/www.artisanlocal.ch\/c\/#website","url":"https:\/\/www.artisanlocal.ch\/c\/","name":"Artisanlocal","description":"","publisher":{"@id":"https:\/\/www.artisanlocal.ch\/c\/#organization"},"potentialAction":[{"@type":"SearchAction","target":{"@type":"EntryPoint","urlTemplate":"https:\/\/www.artisanlocal.ch\/c\/?s={search_term_string}"},"query-input":{"@type":"PropertyValueSpecification","valueRequired":true,"valueName":"search_term_string"}}],"inLanguage":"fr-FR"},{"@type":"Organization","@id":"https:\/\/www.artisanlocal.ch\/c\/#organization","name":"Artisanlocal","url":"https:\/\/www.artisanlocal.ch\/c\/","logo":{"@type":"ImageObject","inLanguage":"fr-FR","@id":"https:\/\/www.artisanlocal.ch\/c\/#\/schema\/logo\/image\/","url":"https:\/\/www.artisanlocal.ch\/c\/wp-content\/uploads\/2024\/02\/logo-artisanlocal-h.svg","contentUrl":"https:\/\/www.artisanlocal.ch\/c\/wp-content\/uploads\/2024\/02\/logo-artisanlocal-h.svg","caption":"Artisanlocal"},"image":{"@id":"https:\/\/www.artisanlocal.ch\/c\/#\/schema\/logo\/image\/"}}]}},"_links":{"self":[{"href":"https:\/\/www.artisanlocal.ch\/c\/wp-json\/wp\/v2\/pages\/3016","targetHints":{"allow":["GET"]}}],"collection":[{"href":"https:\/\/www.artisanlocal.ch\/c\/wp-json\/wp\/v2\/pages"}],"about":[{"href":"https:\/\/www.artisanlocal.ch\/c\/wp-json\/wp\/v2\/types\/page"}],"author":[{"embeddable":true,"href":"https:\/\/www.artisanlocal.ch\/c\/wp-json\/wp\/v2\/users\/4"}],"replies":[{"embeddable":true,"href":"https:\/\/www.artisanlocal.ch\/c\/wp-json\/wp\/v2\/comments?post=3016"}],"version-history":[{"count":0,"href":"https:\/\/www.artisanlocal.ch\/c\/wp-json\/wp\/v2\/pages\/3016\/revisions"}],"wp:featuredmedia":[{"embeddable":true,"href":"https:\/\/www.artisanlocal.ch\/c\/wp-json\/wp\/v2\/media\/3071"}],"wp:attachment":[{"href":"https:\/\/www.artisanlocal.ch\/c\/wp-json\/wp\/v2\/media?parent=3016"}],"wp:term":[{"taxonomy":"profession","embeddable":true,"href":"https:\/\/www.artisanlocal.ch\/c\/wp-json\/wp\/v2\/profession?post=3016"},{"taxonomy":"location","embeddable":true,"href":"https:\/\/www.artisanlocal.ch\/c\/wp-json\/wp\/v2\/location?post=3016"},{"taxonomy":"canton","embeddable":true,"href":"https:\/\/www.artisanlocal.ch\/c\/wp-json\/wp\/v2\/canton?post=3016"}],"curies":[{"name":"wp","href":"https:\/\/api.w.org\/{rel}","templated":true}]}}