{"id":3020,"date":"2024-12-02T15:34:05","date_gmt":"2024-12-02T14:34:05","guid":{"rendered":"https:\/\/www.artisanlocal.ch\/c\/confiez-linstallation-de-votre-store-a-un-professionnel-experimente-a-villeneuve\/"},"modified":"2025-08-26T19:24:12","modified_gmt":"2025-08-26T17:24:12","slug":"confiez-linstallation-de-votre-store-a-un-professionnel-experimente-a-villeneuve","status":"publish","type":"page","link":"https:\/\/www.artisanlocal.ch\/c\/confiez-linstallation-de-votre-store-a-un-professionnel-experimente-a-villeneuve\/","title":{"rendered":"Confiez l&rsquo;installation de votre store \u00e0 un professionnel exp\u00e9riment\u00e9 \u00e0 Villeneuve VD"},"content":{"rendered":"<p>Notre soci\u00e9t\u00e9 est exp\u00e9riment\u00e9 dans l&rsquo;installation de stores, enseignes, accessoires pour terrasses et lambrequins lumineux, intervient \u00e0 Villeneuve VD et dans les villes \u00e0 proximit\u00e9s.<\/p>\n\r\n<div class=\"box\">\r\n            <div class=\"company-info\">\r\n            <img decoding=\"async\" class=\"company-info__logo\" src=\"https:\/\/www.artisanlocal.ch\/media\/cache\/thumb\/images\/companies\/gmc-stores-sarl.png\" alt=\"Logo\">\r\n            <h2 class=\"company-info__name\">GMC Stores S\u00e0rl<\/h2>\r\n            <p class=\"company-info__business\">Stores - Protection contre le soleil - R\u00e9parations - Volets - Portes de garage - Moustiquaires - Motorisation et domotique - Parasols - Pergolas<\/p>\r\n        <\/div>\r\n        <div class=\"company-contact\">\r\n            <p class=\"company-info__address\">Zone Industrielle C 68<\/p>\r\n                            <div class=\"links\">\r\n                                            <a class=\"btn has-accent-background-color js-phoneNumber\" href=\"tel:0219604848\" title=\"Appelez\" data-id=\"11971\" data-type=\"11\">021 960 48 48<\/a>\r\n                                                                <a class=\"btn has-accent-background-color\" href=\"http:\/\/www.gmc-stores.ch\/index.html\" target=\"_blank\" title=\"Voir le site internet\" data-id=\"11971\" data-type=\"20\">Site internet<\/a>\r\n                                    <\/div>\r\n                    <\/div>\r\n    \r\n            \r\n<form action=\"https:\/\/www.artisanlocal.ch\/c\/wp-admin\/admin-ajax.php\" method=\"post\" class=\"form-contact\" id=\"artisan_form_contact_company_inline\">\r\n    <div><input type=\"hidden\" name=\"action\" value=\"company_contact\"><\/div>\r\n    <div><input type=\"hidden\" name=\"nonce\" value=\"cd17951345\"><\/div>\r\n    <div><input type=\"hidden\" name=\"company_id\" value=\"11971\"><\/div>\r\n    <div><input type=\"hidden\" name=\"form_id\" value=\"artisan_form_contact_company_inline\"><\/div>\r\n    <div class=\"gglcptch gglcptch_v3 gglcptch_custom\"><input type=\"hidden\" id=\"g-recaptcha-response\" name=\"g-recaptcha-response\" \/><br \/><div class=\"gglcptch_error_text\">La p\u00e9riode de v\u00e9rification reCAPTCHA a expir\u00e9. Veuillez recharger la page.<\/div><\/div>    <div class=\"form-content\">\r\n        <div class=\"form-group\">\r\n            <label for=\"contact_firstName\" class=\"required\">Pr\u00e9nom<\/label>\r\n            <input type=\"text\" name=\"firstName\" class=\"form-control\" required>\r\n        <\/div>\r\n        <div class=\"form-group\">\r\n            <label for=\"contact_lastName\" class=\"required\">Nom<\/label>\r\n            <input type=\"text\" name=\"lastName\" class=\"form-control\" required>\r\n        <\/div>\r\n        <div class=\"form-group\">\r\n            <label for=\"contact_email\" class=\"required\">Email<\/label>\r\n            <input type=\"email\" name=\"email\" class=\"form-control\" required>\r\n        <\/div>\r\n        <div class=\"form-group\">\r\n            <label for=\"contact_phone\" class=\"required\">Num\u00e9ro de t\u00e9l\u00e9phone<\/label>\r\n            <input type=\"tel\" name=\"phone\" class=\"form-control\" placeholder=\"0787117165\" pattern=\"^[0-9]{10}$\" required>\r\n        <\/div>\r\n        <div class=\"form-group\">\r\n            <label for=\"contact_postalCode\" class=\"required\">Code postal et localit\u00e9<\/label>\r\n            <input type=\"text\" name=\"postalCode\" class=\"form-control\" required>\r\n        <\/div>\r\n        <div class=\"form-group\">\r\n            <label for=\"contact_address\" class=\"required\">Adresse<\/label>\r\n            <input type=\"text\" name=\"address\" class=\"form-control\" required>\r\n        <\/div>\r\n        <div class=\"full-width topic\">\r\n            <p class=\"required\">Je souhaite \u00eatre contact\u00e9 pour :<\/p>\r\n            <div class=\"form-check\">\r\n                <input type=\"radio\" name=\"topic\" value=\"D\u00e9pannage\" class=\"form-control\" required>\r\n                <label for=\"d\u00e9pannage\">D\u00e9pannage<\/label>\r\n            <\/div>\r\n            <div class=\"form-check\">\r\n                <input type=\"radio\" name=\"topic\" value=\"Entretien\" class=\"form-control\" required>\r\n                <label for=\"entretien\">Entretien<\/label>\r\n            <\/div>\r\n            <div class=\"form-check\">\r\n                <input type=\"radio\" name=\"topic\" value=\"R\u00e9novation\" class=\"form-control\" required>\r\n                <label for=\"r\u00e9novation\">R\u00e9novation<\/label>\r\n            <\/div>\r\n            <div class=\"form-check\">\r\n                <input type=\"radio\" name=\"topic\" value=\"Autre\" class=\"form-control\" required>\r\n                <label for=\"autre\">Autre<\/label>\r\n            <\/div>\r\n        <\/div>\r\n        <div class=\"form-group full-width\">\r\n            <label for=\"contact_message\">Message<\/label>\r\n            <textarea name=\"message\" rows=\"3\" class=\"form-control\"><\/textarea>\r\n        <\/div>\r\n    <\/div>\r\n    <div class=\"form-actions\">\r\n        <button class=\"wp-block-button__link has-accent-background-color\">Contacter<\/button>\r\n    <\/div>\r\n<\/form>\r\n<div class=\"form-feedback\"><\/div>    <\/div>\n<h2>Large choix de stores int\u00e9rieurs<\/h2>\n<p>Nos stores int\u00e9rieurs sont construits pour embellir l\u2019aspect visuel de vos fen\u00eatres, g\u00e9rer l\u2019entr\u00e9e de la lumi\u00e8re ou prot\u00e9ger votre intimit\u00e9. Nous proposons une large gamme de stores : v\u00e9nitiens, textiles, pliss\u00e9s, bandes verticales, enrouleurs, enrouleurs avec coffre, rideaux, parois japonaises, bateaux et bateaux voilage.<\/p>\n<h2>Stores ext\u00e9rieurs<\/h2>\n<p>Nos stores ext\u00e9rieurs sont adapt\u00e9s pour cr\u00e9er des zones ombrag\u00e9es. Nous proposons une large gamme de stores ext\u00e9rieurs : verri\u00e8res, loggias et v\u00e9randas, mais aussi fen\u00eatres, \u00e9quip\u00e9es de coffres, semi-coffres, bannes, \u00e0 bras t\u00e9lescopiques ou articul\u00e9s.<\/p>\n<h2>Pergolas bioclimatiques et pergolas<\/h2>\n<p>Si vous cherchez une protection contre la pluie, nous vous conseillons de s\u00e9lectionner une pergola. Nous avons une vaste gamme de pergolas : toiles de protection solaire verticale, \u00e0 lames r\u00e9tractables, avec panneaux verticaux ou \u00e0 toits fixes.<\/p>\n<h2>Lambrequins lumineux<\/h2>\n<p>Nos lambrequins lumineux vous aident \u00e0 augmenter la visibilit\u00e9 nocturne : de votre commerce, magasin, commerces, brasserie, restaurant ou h\u00f4tel.&nbsp;<\/p>\n<h2>Rentoilage de stores sur-mesure \u00e0 Villeneuve VD<\/h2>\n<p>Notre entreprise propose \u00e9galement le changement de toile (rentoilage) de stores banne qui est une solution \u00e9conomique et vous permet d&#8217;emp\u00eacher le changement complet de votre store.<\/p>\n<h2>Fen\u00eatre bois et aluminium sur mesure<\/h2>\n<p>Si vous avez d\u00e9cid\u00e9 de changer vos fen\u00eatres. Nous avons une gamme de fen\u00eatres battantes et coulissantes : PVC, en bois ou aluminium.<\/p>\n<h2>Volets roulants et motorisation<\/h2>\n<p>Les volets roulants offrent une meilleure protection thermique, et une protection solaire et phonique. Ils limitent les d\u00e9perditions de chaleur : m\u00e9talliques, aluminium, persiennes, solaires ou bois.<\/p>\n<h2>Film solaire sur mesure pour fen\u00eatre \u00e0 Villeneuve VD<\/h2>\n<p>Nos films protection solaire sans tains vous permettent de contr\u00f4ler la temp\u00e9rature de votre maison, de mod\u00e9rer la transmission UV, et de prot\u00e9ger votre intimit\u00e9.<\/p>\n<h2>Menuiserie \u00e0 Villeneuve VD<\/h2>\n<p>Nous avons \u00e9galement d\u2019autres solutions \u00e0 vous pr\u00e9senter, tels que :<\/p>\n<ul>\n<li>Fen\u00eatres.<\/li>\n<li>Volets.<\/li>\n<li>Portes et portails.<\/li>\n<li>Alarmes.<\/li>\n<li>Domotiques.<\/li>\n<li>Portes de garage.<\/li>\n<li>Carport.<\/li>\n<li>Garde-corps ext\u00e9rieurs.<\/li>\n<\/ul>\n<h2>Nos secteurs d&rsquo;activit\u00e9 \u00e0 Villeneuve VD<\/h2>\n<h3>Les entreprises : restaurants, caf\u00e9s, brasseries, boutiques<\/h3>\n<p>Artisanlocal con\u00e7oit, fabrique, et met en place des stores pour les soci\u00e9t\u00e9s \u00e0 Villeneuve VD, comme : les restaurants, bureaux et boutiques.&nbsp;<\/p>\n<h3>Les syndics de copropri\u00e9t\u00e9 et les particuliers<\/h3>\n<p>Intervention dans les copropri\u00e9t\u00e9s et chez les particuliers, nous mettons en place vos pergolas, pergolas bioclimatiques, fen\u00eatres, volets battants, stores de terrasse, volets roulants, v\u00e9randa et stores int\u00e9rieurs.<\/p>\n<h2>Nos services<\/h2>\n<h3>Conception technique<\/h3>\n<p>Nous r\u00e9alisons vos stores personnalis\u00e9s selon vos demandes.<\/p>\n<h3>Mise en place sur mesure<\/h3>\n<p>Nos techniciens interviennent \u00e0 Villeneuve VD pour panifier et poser vos stores en fonction de vos contraintes et vos d\u00e9sirs.<\/p>\n<h3>R\u00e9paration de store \u00e0 Villeneuve VD<\/h3>\n<p>Les storistes d&rsquo;Artisanlocal remplacent les parties de vos stores, au cours de leur intervention, ils changent les \u00e9l\u00e9ments d\u00e9fectueux.<\/p>\n<h3>Service d\u2019entretien<\/h3>\n<p>Une maintenance effectu\u00e9e fr\u00e9quemment permet d&rsquo;am\u00e9liorer la long\u00e9vit\u00e9 de vos stores. Pour cela, un storiste doit se d\u00e9placer \u00e0 votre domicile et inspecter l\u2019\u00e9tat de votre store et si cela s\u2019av\u00e8re n\u00e9cessaire effectuer le rentoilage, le remplacement et la r\u00e9paration.<\/p>\n<h3>Accessoires et options<\/h3>\n<p>Notre gamme de produits est disponibles avec des ouvertures manuelles ou \u00e9lectriques pour les portes de garage, les stores et les volets.<\/p>\n<h2>Pourquoi choisir Artisanlocal. Ch ?<\/h2>\n<p>Notre soci\u00e9t\u00e9 est experte dans la mise en place et l\u2019entretien de stores \u00e0 Villeneuve VD. Nous vous guidons de A \u00e0 Z, de l&rsquo;\u00e9tude de votre besoin \u00e0 l&rsquo;installation.<\/p>\n<h3>Large gamme<\/h3>\n<p>Nous proposons une s\u00e9lection de stores int\u00e9rieurs et ext\u00e9rieurs.<\/p>\n<h3>\u00c9tude et devis gratuit<\/h3>\n<p>Recevez un devis gratuit d\u00e9taill\u00e9. Nos devis sont d\u00e9taill\u00e9s et transparents.&nbsp;<\/p>\n<h3>\u00c9tude pr\u00e9alable<\/h3>\n<p>Pour chaque projet, nous regardons sa possibilit\u00e9 de r\u00e9alisation, et nous fabriquons des plans personnalis\u00e9s pour ins\u00e9rer de la meilleure sorte vos stores en consid\u00e9rant vos besoins.<\/p>\n<h3>Mat\u00e9riaux de qualit\u00e9<\/h3>\n<p>Les stores que nous posons sont cr\u00e9\u00e9s avec des mat\u00e9riaux de qualit\u00e9 pour assurer une bonne durabilit\u00e9.<\/p>\n<h3>D\u00e9pannage rapide \u00e0 Villeneuve VD<\/h3>\n<p>Notre entreprise est install\u00e9e au coeur de Villeneuve VD pour intervenir d\u00e8s que possible \u00e0 votre domicile.<\/p>\n<h2>FAQ<\/h2>\n<h3>Est-il possible de motoriser des stores install\u00e9s ?<\/h3>\n<p>Oui, la m\u00e9canisation d&rsquo;un store est parfaitement r\u00e9alisable, mais (selon certaines conditions). Un de nos storistes doit se d\u00e9placer \u00e0 votre logement pour \u00e9tudier la faisabilit\u00e9 du projet.<\/p>\n<h3>Intervenez-vous dans les soci\u00e9t\u00e9s \u00e0 proximit\u00e9 de Villeneuve VD ?<\/h3>\n<p>Oui, nous op\u00e9rons \u00e0 Villeneuve VD et dans les villes \u00e0 proximit\u00e9, comme : La Tine, Rossini\u00e8re, Flendruz, Rougemont, Ch\u00e2teau-d'Oex, L'Etivaz, La L\u00e9cherette, Les Moulins, Noville, Chessel, Rennaz, Roche VD, Yvorne, Leysin, Corbeyrier, Aigle, La Comballaz, Les Mosses, Le S\u00e9pey, Vers-l'Eglise, Les Diablerets, La Forclaz VD, Ollon VD, Panex, St-Triphon, Bex, Fenalet-sur-Bex, Freni\u00e8res-sur-Bex, Les Plans-sur-Bex, Gryon, Les Posses-sur-Bex, Arveyes, Hu\u00e9moz, Villars-sur-Ollon, Chesi\u00e8res, Lavey-les-Bains, Lavey-Village.<\/p>\n","protected":false},"excerpt":{"rendered":"<p>Notre soci\u00e9t\u00e9 est exp\u00e9riment\u00e9 dans l&rsquo;installation de stores, enseignes, accessoires pour terrasses et lambrequins lumineux, intervient \u00e0 Villeneuve VD et dans les villes \u00e0 proximit\u00e9s. Large choix de stores int\u00e9rieurs Nos stores int\u00e9rieurs sont construits pour embellir l\u2019aspect visuel de vos fen\u00eatres, g\u00e9rer l\u2019entr\u00e9e de la lumi\u00e8re ou prot\u00e9ger votre intimit\u00e9. Nous proposons une large [&hellip;]<\/p>\n","protected":false},"author":4,"featured_media":3071,"parent":0,"menu_order":0,"comment_status":"closed","ping_status":"closed","template":"","meta":{"footnotes":""},"profession":[130],"location":[6],"canton":[113],"class_list":["post-3020","page","type-page","status-publish","has-post-thumbnail","hentry","profession-storiste","location-villeneuve-vd","canton-vd"],"yoast_head":"<!-- This site is optimized with the Yoast SEO Premium plugin v25.7.1 (Yoast SEO v27.3) - https:\/\/yoast.com\/product\/yoast-seo-premium-wordpress\/ -->\n<title>Confiez l&#039;installation de votre store \u00e0 un professionnel exp\u00e9riment\u00e9 \u00e0 Villeneuve VD - Artisanlocal<\/title>\n<meta name=\"robots\" content=\"index, follow, max-snippet:-1, max-image-preview:large, max-video-preview:-1\" \/>\n<link rel=\"canonical\" href=\"https:\/\/www.artisanlocal.ch\/c\/confiez-linstallation-de-votre-store-a-un-professionnel-experimente-a-villeneuve\/\" \/>\n<meta property=\"og:locale\" content=\"fr_FR\" \/>\n<meta property=\"og:type\" content=\"article\" \/>\n<meta property=\"og:title\" content=\"Confiez l&#039;installation de votre store \u00e0 un professionnel exp\u00e9riment\u00e9 \u00e0 Villeneuve VD\" \/>\n<meta property=\"og:description\" content=\"Notre soci\u00e9t\u00e9 est exp\u00e9riment\u00e9 dans l&rsquo;installation de stores, enseignes, accessoires pour terrasses et lambrequins lumineux, intervient \u00e0 Villeneuve VD et dans les villes \u00e0 proximit\u00e9s. Large choix de stores int\u00e9rieurs Nos stores int\u00e9rieurs sont construits pour embellir l\u2019aspect visuel de vos fen\u00eatres, g\u00e9rer l\u2019entr\u00e9e de la lumi\u00e8re ou prot\u00e9ger votre intimit\u00e9. Nous proposons une large [&hellip;]\" \/>\n<meta property=\"og:url\" content=\"https:\/\/www.artisanlocal.ch\/c\/confiez-linstallation-de-votre-store-a-un-professionnel-experimente-a-villeneuve\/\" \/>\n<meta property=\"og:site_name\" content=\"Artisanlocal\" \/>\n<meta property=\"article:modified_time\" content=\"2025-08-26T17:24:12+00:00\" \/>\n<meta property=\"og:image\" content=\"https:\/\/www.artisanlocal.ch\/c\/wp-content\/uploads\/2024\/12\/storiste.jpg\" \/>\n\t<meta property=\"og:image:width\" content=\"1920\" \/>\n\t<meta property=\"og:image:height\" content=\"300\" \/>\n\t<meta property=\"og:image:type\" content=\"image\/jpeg\" \/>\n<meta name=\"twitter:card\" content=\"summary_large_image\" \/>\n<meta name=\"twitter:label1\" content=\"Dur\u00e9e de lecture estim\u00e9e\" \/>\n\t<meta name=\"twitter:data1\" content=\"4 minutes\" \/>\n<script type=\"application\/ld+json\" class=\"yoast-schema-graph\">{\"@context\":\"https:\\\/\\\/schema.org\",\"@graph\":[{\"@type\":\"WebPage\",\"@id\":\"https:\\\/\\\/www.artisanlocal.ch\\\/c\\\/confiez-linstallation-de-votre-store-a-un-professionnel-experimente-a-villeneuve\\\/\",\"url\":\"https:\\\/\\\/www.artisanlocal.ch\\\/c\\\/confiez-linstallation-de-votre-store-a-un-professionnel-experimente-a-villeneuve\\\/\",\"name\":\"Confiez l'installation de votre store \u00e0 un professionnel exp\u00e9riment\u00e9 \u00e0 Villeneuve VD - Artisanlocal\",\"isPartOf\":{\"@id\":\"https:\\\/\\\/www.artisanlocal.ch\\\/c\\\/#website\"},\"primaryImageOfPage\":{\"@id\":\"https:\\\/\\\/www.artisanlocal.ch\\\/c\\\/confiez-linstallation-de-votre-store-a-un-professionnel-experimente-a-villeneuve\\\/#primaryimage\"},\"image\":{\"@id\":\"https:\\\/\\\/www.artisanlocal.ch\\\/c\\\/confiez-linstallation-de-votre-store-a-un-professionnel-experimente-a-villeneuve\\\/#primaryimage\"},\"thumbnailUrl\":\"https:\\\/\\\/www.artisanlocal.ch\\\/c\\\/wp-content\\\/uploads\\\/2024\\\/12\\\/storiste.jpg\",\"datePublished\":\"2024-12-02T14:34:05+00:00\",\"dateModified\":\"2025-08-26T17:24:12+00:00\",\"breadcrumb\":{\"@id\":\"https:\\\/\\\/www.artisanlocal.ch\\\/c\\\/confiez-linstallation-de-votre-store-a-un-professionnel-experimente-a-villeneuve\\\/#breadcrumb\"},\"inLanguage\":\"fr-FR\",\"potentialAction\":[{\"@type\":\"ReadAction\",\"target\":[\"https:\\\/\\\/www.artisanlocal.ch\\\/c\\\/confiez-linstallation-de-votre-store-a-un-professionnel-experimente-a-villeneuve\\\/\"]}]},{\"@type\":\"ImageObject\",\"inLanguage\":\"fr-FR\",\"@id\":\"https:\\\/\\\/www.artisanlocal.ch\\\/c\\\/confiez-linstallation-de-votre-store-a-un-professionnel-experimente-a-villeneuve\\\/#primaryimage\",\"url\":\"https:\\\/\\\/www.artisanlocal.ch\\\/c\\\/wp-content\\\/uploads\\\/2024\\\/12\\\/storiste.jpg\",\"contentUrl\":\"https:\\\/\\\/www.artisanlocal.ch\\\/c\\\/wp-content\\\/uploads\\\/2024\\\/12\\\/storiste.jpg\",\"width\":1920,\"height\":300},{\"@type\":\"BreadcrumbList\",\"@id\":\"https:\\\/\\\/www.artisanlocal.ch\\\/c\\\/confiez-linstallation-de-votre-store-a-un-professionnel-experimente-a-villeneuve\\\/#breadcrumb\",\"itemListElement\":[{\"@type\":\"ListItem\",\"position\":1,\"name\":\"Accueil\",\"item\":\"https:\\\/\\\/www.artisanlocal.ch\\\/c\\\/\"},{\"@type\":\"ListItem\",\"position\":2,\"name\":\"Confiez l&rsquo;installation de votre store \u00e0 un professionnel exp\u00e9riment\u00e9 \u00e0 Villeneuve\"}]},{\"@type\":\"WebSite\",\"@id\":\"https:\\\/\\\/www.artisanlocal.ch\\\/c\\\/#website\",\"url\":\"https:\\\/\\\/www.artisanlocal.ch\\\/c\\\/\",\"name\":\"Artisanlocal\",\"description\":\"\",\"publisher\":{\"@id\":\"https:\\\/\\\/www.artisanlocal.ch\\\/c\\\/#organization\"},\"potentialAction\":[{\"@type\":\"SearchAction\",\"target\":{\"@type\":\"EntryPoint\",\"urlTemplate\":\"https:\\\/\\\/www.artisanlocal.ch\\\/c\\\/?s={search_term_string}\"},\"query-input\":{\"@type\":\"PropertyValueSpecification\",\"valueRequired\":true,\"valueName\":\"search_term_string\"}}],\"inLanguage\":\"fr-FR\"},{\"@type\":\"Organization\",\"@id\":\"https:\\\/\\\/www.artisanlocal.ch\\\/c\\\/#organization\",\"name\":\"Artisanlocal\",\"url\":\"https:\\\/\\\/www.artisanlocal.ch\\\/c\\\/\",\"logo\":{\"@type\":\"ImageObject\",\"inLanguage\":\"fr-FR\",\"@id\":\"https:\\\/\\\/www.artisanlocal.ch\\\/c\\\/#\\\/schema\\\/logo\\\/image\\\/\",\"url\":\"https:\\\/\\\/www.artisanlocal.ch\\\/c\\\/wp-content\\\/uploads\\\/2024\\\/02\\\/logo-artisanlocal-h.svg\",\"contentUrl\":\"https:\\\/\\\/www.artisanlocal.ch\\\/c\\\/wp-content\\\/uploads\\\/2024\\\/02\\\/logo-artisanlocal-h.svg\",\"caption\":\"Artisanlocal\"},\"image\":{\"@id\":\"https:\\\/\\\/www.artisanlocal.ch\\\/c\\\/#\\\/schema\\\/logo\\\/image\\\/\"}}]}<\/script>\n<!-- \/ Yoast SEO Premium plugin. -->","yoast_head_json":{"title":"Confiez l'installation de votre store \u00e0 un professionnel exp\u00e9riment\u00e9 \u00e0 Villeneuve VD - Artisanlocal","robots":{"index":"index","follow":"follow","max-snippet":"max-snippet:-1","max-image-preview":"max-image-preview:large","max-video-preview":"max-video-preview:-1"},"canonical":"https:\/\/www.artisanlocal.ch\/c\/confiez-linstallation-de-votre-store-a-un-professionnel-experimente-a-villeneuve\/","og_locale":"fr_FR","og_type":"article","og_title":"Confiez l'installation de votre store \u00e0 un professionnel exp\u00e9riment\u00e9 \u00e0 Villeneuve VD","og_description":"Notre soci\u00e9t\u00e9 est exp\u00e9riment\u00e9 dans l&rsquo;installation de stores, enseignes, accessoires pour terrasses et lambrequins lumineux, intervient \u00e0 Villeneuve VD et dans les villes \u00e0 proximit\u00e9s. Large choix de stores int\u00e9rieurs Nos stores int\u00e9rieurs sont construits pour embellir l\u2019aspect visuel de vos fen\u00eatres, g\u00e9rer l\u2019entr\u00e9e de la lumi\u00e8re ou prot\u00e9ger votre intimit\u00e9. Nous proposons une large [&hellip;]","og_url":"https:\/\/www.artisanlocal.ch\/c\/confiez-linstallation-de-votre-store-a-un-professionnel-experimente-a-villeneuve\/","og_site_name":"Artisanlocal","article_modified_time":"2025-08-26T17:24:12+00:00","og_image":[{"width":1920,"height":300,"url":"https:\/\/www.artisanlocal.ch\/c\/wp-content\/uploads\/2024\/12\/storiste.jpg","type":"image\/jpeg"}],"twitter_card":"summary_large_image","twitter_misc":{"Dur\u00e9e de lecture estim\u00e9e":"4 minutes"},"schema":{"@context":"https:\/\/schema.org","@graph":[{"@type":"WebPage","@id":"https:\/\/www.artisanlocal.ch\/c\/confiez-linstallation-de-votre-store-a-un-professionnel-experimente-a-villeneuve\/","url":"https:\/\/www.artisanlocal.ch\/c\/confiez-linstallation-de-votre-store-a-un-professionnel-experimente-a-villeneuve\/","name":"Confiez l'installation de votre store \u00e0 un professionnel exp\u00e9riment\u00e9 \u00e0 Villeneuve VD - Artisanlocal","isPartOf":{"@id":"https:\/\/www.artisanlocal.ch\/c\/#website"},"primaryImageOfPage":{"@id":"https:\/\/www.artisanlocal.ch\/c\/confiez-linstallation-de-votre-store-a-un-professionnel-experimente-a-villeneuve\/#primaryimage"},"image":{"@id":"https:\/\/www.artisanlocal.ch\/c\/confiez-linstallation-de-votre-store-a-un-professionnel-experimente-a-villeneuve\/#primaryimage"},"thumbnailUrl":"https:\/\/www.artisanlocal.ch\/c\/wp-content\/uploads\/2024\/12\/storiste.jpg","datePublished":"2024-12-02T14:34:05+00:00","dateModified":"2025-08-26T17:24:12+00:00","breadcrumb":{"@id":"https:\/\/www.artisanlocal.ch\/c\/confiez-linstallation-de-votre-store-a-un-professionnel-experimente-a-villeneuve\/#breadcrumb"},"inLanguage":"fr-FR","potentialAction":[{"@type":"ReadAction","target":["https:\/\/www.artisanlocal.ch\/c\/confiez-linstallation-de-votre-store-a-un-professionnel-experimente-a-villeneuve\/"]}]},{"@type":"ImageObject","inLanguage":"fr-FR","@id":"https:\/\/www.artisanlocal.ch\/c\/confiez-linstallation-de-votre-store-a-un-professionnel-experimente-a-villeneuve\/#primaryimage","url":"https:\/\/www.artisanlocal.ch\/c\/wp-content\/uploads\/2024\/12\/storiste.jpg","contentUrl":"https:\/\/www.artisanlocal.ch\/c\/wp-content\/uploads\/2024\/12\/storiste.jpg","width":1920,"height":300},{"@type":"BreadcrumbList","@id":"https:\/\/www.artisanlocal.ch\/c\/confiez-linstallation-de-votre-store-a-un-professionnel-experimente-a-villeneuve\/#breadcrumb","itemListElement":[{"@type":"ListItem","position":1,"name":"Accueil","item":"https:\/\/www.artisanlocal.ch\/c\/"},{"@type":"ListItem","position":2,"name":"Confiez l&rsquo;installation de votre store \u00e0 un professionnel exp\u00e9riment\u00e9 \u00e0 Villeneuve"}]},{"@type":"WebSite","@id":"https:\/\/www.artisanlocal.ch\/c\/#website","url":"https:\/\/www.artisanlocal.ch\/c\/","name":"Artisanlocal","description":"","publisher":{"@id":"https:\/\/www.artisanlocal.ch\/c\/#organization"},"potentialAction":[{"@type":"SearchAction","target":{"@type":"EntryPoint","urlTemplate":"https:\/\/www.artisanlocal.ch\/c\/?s={search_term_string}"},"query-input":{"@type":"PropertyValueSpecification","valueRequired":true,"valueName":"search_term_string"}}],"inLanguage":"fr-FR"},{"@type":"Organization","@id":"https:\/\/www.artisanlocal.ch\/c\/#organization","name":"Artisanlocal","url":"https:\/\/www.artisanlocal.ch\/c\/","logo":{"@type":"ImageObject","inLanguage":"fr-FR","@id":"https:\/\/www.artisanlocal.ch\/c\/#\/schema\/logo\/image\/","url":"https:\/\/www.artisanlocal.ch\/c\/wp-content\/uploads\/2024\/02\/logo-artisanlocal-h.svg","contentUrl":"https:\/\/www.artisanlocal.ch\/c\/wp-content\/uploads\/2024\/02\/logo-artisanlocal-h.svg","caption":"Artisanlocal"},"image":{"@id":"https:\/\/www.artisanlocal.ch\/c\/#\/schema\/logo\/image\/"}}]}},"_links":{"self":[{"href":"https:\/\/www.artisanlocal.ch\/c\/wp-json\/wp\/v2\/pages\/3020","targetHints":{"allow":["GET"]}}],"collection":[{"href":"https:\/\/www.artisanlocal.ch\/c\/wp-json\/wp\/v2\/pages"}],"about":[{"href":"https:\/\/www.artisanlocal.ch\/c\/wp-json\/wp\/v2\/types\/page"}],"author":[{"embeddable":true,"href":"https:\/\/www.artisanlocal.ch\/c\/wp-json\/wp\/v2\/users\/4"}],"replies":[{"embeddable":true,"href":"https:\/\/www.artisanlocal.ch\/c\/wp-json\/wp\/v2\/comments?post=3020"}],"version-history":[{"count":0,"href":"https:\/\/www.artisanlocal.ch\/c\/wp-json\/wp\/v2\/pages\/3020\/revisions"}],"wp:featuredmedia":[{"embeddable":true,"href":"https:\/\/www.artisanlocal.ch\/c\/wp-json\/wp\/v2\/media\/3071"}],"wp:attachment":[{"href":"https:\/\/www.artisanlocal.ch\/c\/wp-json\/wp\/v2\/media?parent=3020"}],"wp:term":[{"taxonomy":"profession","embeddable":true,"href":"https:\/\/www.artisanlocal.ch\/c\/wp-json\/wp\/v2\/profession?post=3020"},{"taxonomy":"location","embeddable":true,"href":"https:\/\/www.artisanlocal.ch\/c\/wp-json\/wp\/v2\/location?post=3020"},{"taxonomy":"canton","embeddable":true,"href":"https:\/\/www.artisanlocal.ch\/c\/wp-json\/wp\/v2\/canton?post=3020"}],"curies":[{"name":"wp","href":"https:\/\/api.w.org\/{rel}","templated":true}]}}