{"id":3025,"date":"2024-11-30T04:44:45","date_gmt":"2024-11-30T03:44:45","guid":{"rendered":"https:\/\/www.artisanlocal.ch\/c\/votre-specialiste-fermetures-et-stores-sur-mesure-a-pully\/"},"modified":"2025-08-26T19:24:28","modified_gmt":"2025-08-26T17:24:28","slug":"votre-specialiste-fermetures-et-stores-sur-mesure-a-pully","status":"publish","type":"page","link":"https:\/\/www.artisanlocal.ch\/c\/votre-specialiste-fermetures-et-stores-sur-mesure-a-pully\/","title":{"rendered":"Votre sp\u00e9cialiste fermetures et stores sur mesure \u00e0 Pully"},"content":{"rendered":"<p>Notre entreprise est sp\u00e9cialis\u00e9e dans l&rsquo;installation de enseignes, stores, lambrequins lumineux et accessoires pour terrasses, intervient \u00e0 Pully et dans les villes aux alentours.<\/p>\n\r\n<div class=\"box\">\r\n            <div class=\"company-info\">\r\n            <img decoding=\"async\" class=\"company-info__logo\" src=\"https:\/\/www.artisanlocal.ch\/media\/cache\/thumb\/images\/companies\/671a12e88cad6140864316.png\" alt=\"Logo\">\r\n            <h2 class=\"company-info__name\">Colombara stores SA<\/h2>\r\n            <p class=\"company-info__business\">Stores - Volets - Moustiquaires - Portes de garage - Sauts-de-loup - Domotique - Vente - Pose - R\u00e9paration<\/p>\r\n        <\/div>\r\n        <div class=\"company-contact\">\r\n            <p class=\"company-info__address\">Chemin de la Clopette 33<\/p>\r\n                            <div class=\"links\">\r\n                                            <a class=\"btn has-accent-background-color js-phoneNumber\" href=\"tel:0216249205\" title=\"Appelez\" data-id=\"12088\" data-type=\"11\">021 624 92 05<\/a>\r\n                                                                <a class=\"btn has-accent-background-color\" href=\"https:\/\/www.colombara-stores.ch\/\" target=\"_blank\" title=\"Voir le site internet\" data-id=\"12088\" data-type=\"20\">Site internet<\/a>\r\n                                    <\/div>\r\n                    <\/div>\r\n    \r\n            \r\n<form action=\"https:\/\/www.artisanlocal.ch\/c\/wp-admin\/admin-ajax.php\" method=\"post\" class=\"form-contact\" id=\"artisan_form_contact_company_inline\">\r\n    <div><input type=\"hidden\" name=\"action\" value=\"company_contact\"><\/div>\r\n    <div><input type=\"hidden\" name=\"nonce\" value=\"4e25433c73\"><\/div>\r\n    <div><input type=\"hidden\" name=\"company_id\" value=\"12088\"><\/div>\r\n    <div><input type=\"hidden\" name=\"form_id\" value=\"artisan_form_contact_company_inline\"><\/div>\r\n    <div class=\"gglcptch gglcptch_v3 gglcptch_custom\"><input type=\"hidden\" id=\"g-recaptcha-response\" name=\"g-recaptcha-response\" \/><br \/><div class=\"gglcptch_error_text\">La p\u00e9riode de v\u00e9rification reCAPTCHA a expir\u00e9. Veuillez recharger la page.<\/div><\/div>    <div class=\"form-content\">\r\n        <div class=\"form-group\">\r\n            <label for=\"contact_firstName\" class=\"required\">Pr\u00e9nom<\/label>\r\n            <input type=\"text\" name=\"firstName\" class=\"form-control\" required>\r\n        <\/div>\r\n        <div class=\"form-group\">\r\n            <label for=\"contact_lastName\" class=\"required\">Nom<\/label>\r\n            <input type=\"text\" name=\"lastName\" class=\"form-control\" required>\r\n        <\/div>\r\n        <div class=\"form-group\">\r\n            <label for=\"contact_email\" class=\"required\">Email<\/label>\r\n            <input type=\"email\" name=\"email\" class=\"form-control\" required>\r\n        <\/div>\r\n        <div class=\"form-group\">\r\n            <label for=\"contact_phone\" class=\"required\">Num\u00e9ro de t\u00e9l\u00e9phone<\/label>\r\n            <input type=\"tel\" name=\"phone\" class=\"form-control\" placeholder=\"0787117165\" pattern=\"^[0-9]{10}$\" required>\r\n        <\/div>\r\n        <div class=\"form-group\">\r\n            <label for=\"contact_postalCode\" class=\"required\">Code postal et localit\u00e9<\/label>\r\n            <input type=\"text\" name=\"postalCode\" class=\"form-control\" required>\r\n        <\/div>\r\n        <div class=\"form-group\">\r\n            <label for=\"contact_address\" class=\"required\">Adresse<\/label>\r\n            <input type=\"text\" name=\"address\" class=\"form-control\" required>\r\n        <\/div>\r\n        <div class=\"full-width topic\">\r\n            <p class=\"required\">Je souhaite \u00eatre contact\u00e9 pour :<\/p>\r\n            <div class=\"form-check\">\r\n                <input type=\"radio\" name=\"topic\" value=\"D\u00e9pannage\" class=\"form-control\" required>\r\n                <label for=\"d\u00e9pannage\">D\u00e9pannage<\/label>\r\n            <\/div>\r\n            <div class=\"form-check\">\r\n                <input type=\"radio\" name=\"topic\" value=\"Entretien\" class=\"form-control\" required>\r\n                <label for=\"entretien\">Entretien<\/label>\r\n            <\/div>\r\n            <div class=\"form-check\">\r\n                <input type=\"radio\" name=\"topic\" value=\"R\u00e9novation\" class=\"form-control\" required>\r\n                <label for=\"r\u00e9novation\">R\u00e9novation<\/label>\r\n            <\/div>\r\n            <div class=\"form-check\">\r\n                <input type=\"radio\" name=\"topic\" value=\"Autre\" class=\"form-control\" required>\r\n                <label for=\"autre\">Autre<\/label>\r\n            <\/div>\r\n        <\/div>\r\n        <div class=\"form-group full-width\">\r\n            <label for=\"contact_message\">Message<\/label>\r\n            <textarea name=\"message\" rows=\"3\" class=\"form-control\"><\/textarea>\r\n        <\/div>\r\n    <\/div>\r\n    <div class=\"form-actions\">\r\n        <button class=\"wp-block-button__link has-accent-background-color\">Contacter<\/button>\r\n    <\/div>\r\n<\/form>\r\n<div class=\"form-feedback\"><\/div>    <\/div>\n<h2>Stores int\u00e9rieurs<\/h2>\n<p>Nos stores sur mesure pour votre int\u00e9rieur am\u00e9liorent l&rsquo;apparence de vos fen\u00eatres, contr\u00f4ler la luminosit\u00e9 et prot\u00e9gez votre confidentialit\u00e9. Nous offrons une large gamme de stores : textiles, enrouleurs, rideaux, bateaux, pliss\u00e9s, parois japonaises, v\u00e9nitiens, bandes verticales, enrouleurs avec coffre et bateaux voilage.<\/p>\n<h2>Store ext\u00e9rieur personnalis\u00e9<\/h2>\n<p>Nos stores ext\u00e9rieurs sont adapt\u00e9s pour cr\u00e9er des espaces \u00e0 l&rsquo;abri du soleil. Nous proposons une large gamme de stores ext\u00e9rieurs : bannes et coffres, ou semi-coffres, articul\u00e9s ou \u00e0 bras t\u00e9lescopiques, de fen\u00eatre, mais aussi des v\u00e9randas, loggias ainsi que des verri\u00e8res.<\/p>\n<h2>Pergolas et pergolas bioclimatiques<\/h2>\n<p>Si vous recherchez une protection contre la pluie, nous vous sugg\u00e9rons de s\u00e9lectionner une pergola. Nous proposons des pergolas : toiles de protection solaire verticale, \u00e0 lames r\u00e9tractables, \u00e0 toits fixes ou avec panneaux verticaux.<\/p>\n<h2>Lambrequins lumineux<\/h2>\n<p>Nos lambrequins lumineux vous aident \u00e0 augmenter la visibilit\u00e9 nocturne : de votre commerce, magasin, commerces, brasserie, restaurant ou h\u00f4tel.&nbsp;<\/p>\n<h2>Rentoilage de stores<\/h2>\n<p>Notre entreprise propose \u00e9galement le rentoilage de stores banne qui est une solution \u00e9conomique et vous permet d&#8217;emp\u00eacher le changement complet du store.<\/p>\n<h2>Fen\u00eatre bois et aluminium sur mesure<\/h2>\n<p>Si vous \u00eates d\u00e9termin\u00e9s \u00e0 changer vos fen\u00eatres. Nous concevons et mettons en place vos fen\u00eatres coulissantes et battantes : PVC, en bois ou aluminium.<\/p>\n<h2>Volet roulant \u00e9lectrique ou manuel<\/h2>\n<p>Les volets roulants offrent une meilleure isolation thermique, et une bonne protection solaire et phonique. Ils limitent les d\u00e9perditions \u00e9nerg\u00e9tiques : solaires, aluminium, persiennes, bois ou m\u00e9talliques.<\/p>\n<h2>Films pour vitrages et stores sur mesure <\/h2>\n<p>Nos films solaires sans tains vous aident \u00e0 limiter la temp\u00e9rature de votre int\u00e9rieur, de vous prot\u00e9ger des rayons UV, et de prot\u00e9ger votre intimit\u00e9 des regards.<\/p>\n<h2>Menuiserie \u00e0 Pully<\/h2>\n<p>Notre entreprise a une choix de produits, par exemple les :<\/p>\n<ul>\n<li>Portail et portes.<\/li>\n<li>Domotiques.<\/li>\n<li>Fen\u00eatres.<\/li>\n<li>Portes de garage.<\/li>\n<li>Carport.<\/li>\n<li>Garde-corps ext\u00e9rieurs.<\/li>\n<li>Volets.<\/li>\n<li>Alarmes.<\/li>\n<\/ul>\n<h2>Nos secteurs d&rsquo;activit\u00e9 \u00e0 Pully<\/h2>\n<h3>Les entreprises : caf\u00e9s, boutiques, brasseries et restaurants<\/h3>\n<p>Notre soci\u00e9t\u00e9 \u00e9labore, construit, et installe des stores pour les entreprises \u00e0 Pully, tels que : les bureaux, les boutiques et les restaurants.&nbsp;<\/p>\n<h3>Les particuliers et les copropri\u00e9t\u00e9s<\/h3>\n<p>Intervention chez les particuliers et les copropri\u00e9t\u00e9s, nous mettons en place vos pergolas, pergolas bioclimatiques, fen\u00eatres, volets battants, stores de terrasse, v\u00e9randas, volets roulants et stores int\u00e9rieurs.<\/p>\n<h2>D\u00e9couvrez nos services<\/h2>\n<h3>Conception de stores sur mesure<\/h3>\n<p>Nous cr\u00e9ons vos stores sur mesure en fonction de vos attentes.<\/p>\n<h3>Pose sur mesure<\/h3>\n<p>Nos techniciens se d\u00e9placent \u00e0 Pully pour prendre les mesures et installer vos stores en fonction de vos attentes.<\/p>\n<h3>R\u00e9paration de store \u00e0 Pully<\/h3>\n<p>Nos techniciens sont sp\u00e9cialis\u00e9s dans la r\u00e9paration et remplacement de stores, au cours de leur intervention, ils changent les parties endommag\u00e9es.<\/p>\n<h3>Entretien sur-mesure de tous vos stores<\/h3>\n<p>Une maintenance r\u00e9guli\u00e8re permet d&rsquo;augmenter la long\u00e9vit\u00e9 de vos stores. Pour cela, un storiste doit venir chez vous et examiner l\u2019\u00e9tat de votre store et si besoin effectuer le rentoilage, la r\u00e9paration et le remplacement.<\/p>\n<h3>Options<\/h3>\n<p>Nous proposons diff\u00e9rentes options d\u2019ouverture (manuelle ou \u00e9lectrique) pour les stores, volets et portes de garage.<\/p>\n<h2>Pourquoi choisir notre entreprise ?<\/h2>\n<p>Notre entreprise situ\u00e9e \u00e0 Pully est sp\u00e9cialis\u00e9e dans la pose et le d\u00e9pannage des stores. Nos storistes vous conseilleront dans le choix de votre store pour r\u00e9pondre au mieux \u00e0 vos demandes.<\/p>\n<h3>Large choix de stores<\/h3>\n<p>Artisanlocal vous propose une grande s\u00e9lection de stores.<\/p>\n<h3>Devis gratuits<\/h3>\n<p>Recevez nos devis gratuits et sans engagement. Nos estimations sont d\u00e9taill\u00e9es et transparentes.&nbsp;<\/p>\n<h3>\u00c9valuation<\/h3>\n<p>Pour chaque projet, nous analysons sa possibilit\u00e9 de r\u00e9alisation, en fonction de vos attentes, nous imaginons des plans sur mesure pour installer vos stores.<\/p>\n<h3>Faire le choix de la qualit\u00e9<\/h3>\n<p>Nous utilisons des mat\u00e9riaux de qualit\u00e9 pour les stores que nous posons.<\/p>\n<h3>Intervention imm\u00e9diate \u00e0 Pully<\/h3>\n<p>Notre entreprise est localis\u00e9e au coeur de Pully pour intervenir d\u00e8s que possible chez vous.<\/p>\n<h2>Questions &#8211; R\u00e9ponses<\/h2>\n<h3>Est-il possible de motoriser des stores pos\u00e9s ?<\/h3>\n<p>Oui, la m\u00e9canisation d&rsquo;un store est parfaitement r\u00e9alisable, seulement sous certaines conditions. Un de nos storistes se d\u00e9place \u00e0 votre domicile pour examiner la viabilit\u00e9 du projet.<\/p>\n<h3>Intervenez-vous dans les soci\u00e9t\u00e9s \u00e0 proximit\u00e9 de Pully ?<\/h3>\n<p>Oui, nous op\u00e9rons \u00e0 Pully et dans les localit\u00e9s aux alentours, comme : Les Monts-de-Pully, La Croix (Lutry), Belmont-sur-Lausanne, La Conversion, Paudex, Lutry.<\/p>\n","protected":false},"excerpt":{"rendered":"<p>Notre entreprise est sp\u00e9cialis\u00e9e dans l&rsquo;installation de enseignes, stores, lambrequins lumineux et accessoires pour terrasses, intervient \u00e0 Pully et dans les villes aux alentours. Stores int\u00e9rieurs Nos stores sur mesure pour votre int\u00e9rieur am\u00e9liorent l&rsquo;apparence de vos fen\u00eatres, contr\u00f4ler la luminosit\u00e9 et prot\u00e9gez votre confidentialit\u00e9. Nous offrons une large gamme de stores : textiles, enrouleurs, [&hellip;]<\/p>\n","protected":false},"author":4,"featured_media":3071,"parent":0,"menu_order":0,"comment_status":"closed","ping_status":"closed","template":"","meta":{"footnotes":""},"profession":[130],"location":[80],"canton":[113],"class_list":["post-3025","page","type-page","status-publish","has-post-thumbnail","hentry","profession-storiste","location-pully","canton-vd"],"yoast_head":"<!-- This site is optimized with the Yoast SEO Premium plugin v25.7.1 (Yoast SEO v27.3) - https:\/\/yoast.com\/product\/yoast-seo-premium-wordpress\/ -->\n<title>Votre sp\u00e9cialiste fermetures et stores sur mesure \u00e0 Pully - Artisanlocal<\/title>\n<meta name=\"robots\" content=\"index, follow, max-snippet:-1, max-image-preview:large, max-video-preview:-1\" \/>\n<link rel=\"canonical\" href=\"https:\/\/www.artisanlocal.ch\/c\/votre-specialiste-fermetures-et-stores-sur-mesure-a-pully\/\" \/>\n<meta property=\"og:locale\" content=\"fr_FR\" \/>\n<meta property=\"og:type\" content=\"article\" \/>\n<meta property=\"og:title\" content=\"Votre sp\u00e9cialiste fermetures et stores sur mesure \u00e0 Pully\" \/>\n<meta property=\"og:description\" content=\"Notre entreprise est sp\u00e9cialis\u00e9e dans l&rsquo;installation de enseignes, stores, lambrequins lumineux et accessoires pour terrasses, intervient \u00e0 Pully et dans les villes aux alentours. Stores int\u00e9rieurs Nos stores sur mesure pour votre int\u00e9rieur am\u00e9liorent l&rsquo;apparence de vos fen\u00eatres, contr\u00f4ler la luminosit\u00e9 et prot\u00e9gez votre confidentialit\u00e9. Nous offrons une large gamme de stores : textiles, enrouleurs, [&hellip;]\" \/>\n<meta property=\"og:url\" content=\"https:\/\/www.artisanlocal.ch\/c\/votre-specialiste-fermetures-et-stores-sur-mesure-a-pully\/\" \/>\n<meta property=\"og:site_name\" content=\"Artisanlocal\" \/>\n<meta property=\"article:modified_time\" content=\"2025-08-26T17:24:28+00:00\" \/>\n<meta property=\"og:image\" content=\"https:\/\/www.artisanlocal.ch\/c\/wp-content\/uploads\/2024\/12\/storiste.jpg\" \/>\n\t<meta property=\"og:image:width\" content=\"1920\" \/>\n\t<meta property=\"og:image:height\" content=\"300\" \/>\n\t<meta property=\"og:image:type\" content=\"image\/jpeg\" \/>\n<meta name=\"twitter:card\" content=\"summary_large_image\" \/>\n<meta name=\"twitter:label1\" content=\"Dur\u00e9e de lecture estim\u00e9e\" \/>\n\t<meta name=\"twitter:data1\" content=\"4 minutes\" \/>\n<script type=\"application\/ld+json\" class=\"yoast-schema-graph\">{\"@context\":\"https:\\\/\\\/schema.org\",\"@graph\":[{\"@type\":\"WebPage\",\"@id\":\"https:\\\/\\\/www.artisanlocal.ch\\\/c\\\/votre-specialiste-fermetures-et-stores-sur-mesure-a-pully\\\/\",\"url\":\"https:\\\/\\\/www.artisanlocal.ch\\\/c\\\/votre-specialiste-fermetures-et-stores-sur-mesure-a-pully\\\/\",\"name\":\"Votre sp\u00e9cialiste fermetures et stores sur mesure \u00e0 Pully - Artisanlocal\",\"isPartOf\":{\"@id\":\"https:\\\/\\\/www.artisanlocal.ch\\\/c\\\/#website\"},\"primaryImageOfPage\":{\"@id\":\"https:\\\/\\\/www.artisanlocal.ch\\\/c\\\/votre-specialiste-fermetures-et-stores-sur-mesure-a-pully\\\/#primaryimage\"},\"image\":{\"@id\":\"https:\\\/\\\/www.artisanlocal.ch\\\/c\\\/votre-specialiste-fermetures-et-stores-sur-mesure-a-pully\\\/#primaryimage\"},\"thumbnailUrl\":\"https:\\\/\\\/www.artisanlocal.ch\\\/c\\\/wp-content\\\/uploads\\\/2024\\\/12\\\/storiste.jpg\",\"datePublished\":\"2024-11-30T03:44:45+00:00\",\"dateModified\":\"2025-08-26T17:24:28+00:00\",\"breadcrumb\":{\"@id\":\"https:\\\/\\\/www.artisanlocal.ch\\\/c\\\/votre-specialiste-fermetures-et-stores-sur-mesure-a-pully\\\/#breadcrumb\"},\"inLanguage\":\"fr-FR\",\"potentialAction\":[{\"@type\":\"ReadAction\",\"target\":[\"https:\\\/\\\/www.artisanlocal.ch\\\/c\\\/votre-specialiste-fermetures-et-stores-sur-mesure-a-pully\\\/\"]}]},{\"@type\":\"ImageObject\",\"inLanguage\":\"fr-FR\",\"@id\":\"https:\\\/\\\/www.artisanlocal.ch\\\/c\\\/votre-specialiste-fermetures-et-stores-sur-mesure-a-pully\\\/#primaryimage\",\"url\":\"https:\\\/\\\/www.artisanlocal.ch\\\/c\\\/wp-content\\\/uploads\\\/2024\\\/12\\\/storiste.jpg\",\"contentUrl\":\"https:\\\/\\\/www.artisanlocal.ch\\\/c\\\/wp-content\\\/uploads\\\/2024\\\/12\\\/storiste.jpg\",\"width\":1920,\"height\":300},{\"@type\":\"BreadcrumbList\",\"@id\":\"https:\\\/\\\/www.artisanlocal.ch\\\/c\\\/votre-specialiste-fermetures-et-stores-sur-mesure-a-pully\\\/#breadcrumb\",\"itemListElement\":[{\"@type\":\"ListItem\",\"position\":1,\"name\":\"Accueil\",\"item\":\"https:\\\/\\\/www.artisanlocal.ch\\\/c\\\/\"},{\"@type\":\"ListItem\",\"position\":2,\"name\":\"Votre sp\u00e9cialiste fermetures et stores sur mesure \u00e0 Pully\"}]},{\"@type\":\"WebSite\",\"@id\":\"https:\\\/\\\/www.artisanlocal.ch\\\/c\\\/#website\",\"url\":\"https:\\\/\\\/www.artisanlocal.ch\\\/c\\\/\",\"name\":\"Artisanlocal\",\"description\":\"\",\"publisher\":{\"@id\":\"https:\\\/\\\/www.artisanlocal.ch\\\/c\\\/#organization\"},\"potentialAction\":[{\"@type\":\"SearchAction\",\"target\":{\"@type\":\"EntryPoint\",\"urlTemplate\":\"https:\\\/\\\/www.artisanlocal.ch\\\/c\\\/?s={search_term_string}\"},\"query-input\":{\"@type\":\"PropertyValueSpecification\",\"valueRequired\":true,\"valueName\":\"search_term_string\"}}],\"inLanguage\":\"fr-FR\"},{\"@type\":\"Organization\",\"@id\":\"https:\\\/\\\/www.artisanlocal.ch\\\/c\\\/#organization\",\"name\":\"Artisanlocal\",\"url\":\"https:\\\/\\\/www.artisanlocal.ch\\\/c\\\/\",\"logo\":{\"@type\":\"ImageObject\",\"inLanguage\":\"fr-FR\",\"@id\":\"https:\\\/\\\/www.artisanlocal.ch\\\/c\\\/#\\\/schema\\\/logo\\\/image\\\/\",\"url\":\"https:\\\/\\\/www.artisanlocal.ch\\\/c\\\/wp-content\\\/uploads\\\/2024\\\/02\\\/logo-artisanlocal-h.svg\",\"contentUrl\":\"https:\\\/\\\/www.artisanlocal.ch\\\/c\\\/wp-content\\\/uploads\\\/2024\\\/02\\\/logo-artisanlocal-h.svg\",\"caption\":\"Artisanlocal\"},\"image\":{\"@id\":\"https:\\\/\\\/www.artisanlocal.ch\\\/c\\\/#\\\/schema\\\/logo\\\/image\\\/\"}}]}<\/script>\n<!-- \/ Yoast SEO Premium plugin. -->","yoast_head_json":{"title":"Votre sp\u00e9cialiste fermetures et stores sur mesure \u00e0 Pully - Artisanlocal","robots":{"index":"index","follow":"follow","max-snippet":"max-snippet:-1","max-image-preview":"max-image-preview:large","max-video-preview":"max-video-preview:-1"},"canonical":"https:\/\/www.artisanlocal.ch\/c\/votre-specialiste-fermetures-et-stores-sur-mesure-a-pully\/","og_locale":"fr_FR","og_type":"article","og_title":"Votre sp\u00e9cialiste fermetures et stores sur mesure \u00e0 Pully","og_description":"Notre entreprise est sp\u00e9cialis\u00e9e dans l&rsquo;installation de enseignes, stores, lambrequins lumineux et accessoires pour terrasses, intervient \u00e0 Pully et dans les villes aux alentours. Stores int\u00e9rieurs Nos stores sur mesure pour votre int\u00e9rieur am\u00e9liorent l&rsquo;apparence de vos fen\u00eatres, contr\u00f4ler la luminosit\u00e9 et prot\u00e9gez votre confidentialit\u00e9. Nous offrons une large gamme de stores : textiles, enrouleurs, [&hellip;]","og_url":"https:\/\/www.artisanlocal.ch\/c\/votre-specialiste-fermetures-et-stores-sur-mesure-a-pully\/","og_site_name":"Artisanlocal","article_modified_time":"2025-08-26T17:24:28+00:00","og_image":[{"width":1920,"height":300,"url":"https:\/\/www.artisanlocal.ch\/c\/wp-content\/uploads\/2024\/12\/storiste.jpg","type":"image\/jpeg"}],"twitter_card":"summary_large_image","twitter_misc":{"Dur\u00e9e de lecture estim\u00e9e":"4 minutes"},"schema":{"@context":"https:\/\/schema.org","@graph":[{"@type":"WebPage","@id":"https:\/\/www.artisanlocal.ch\/c\/votre-specialiste-fermetures-et-stores-sur-mesure-a-pully\/","url":"https:\/\/www.artisanlocal.ch\/c\/votre-specialiste-fermetures-et-stores-sur-mesure-a-pully\/","name":"Votre sp\u00e9cialiste fermetures et stores sur mesure \u00e0 Pully - Artisanlocal","isPartOf":{"@id":"https:\/\/www.artisanlocal.ch\/c\/#website"},"primaryImageOfPage":{"@id":"https:\/\/www.artisanlocal.ch\/c\/votre-specialiste-fermetures-et-stores-sur-mesure-a-pully\/#primaryimage"},"image":{"@id":"https:\/\/www.artisanlocal.ch\/c\/votre-specialiste-fermetures-et-stores-sur-mesure-a-pully\/#primaryimage"},"thumbnailUrl":"https:\/\/www.artisanlocal.ch\/c\/wp-content\/uploads\/2024\/12\/storiste.jpg","datePublished":"2024-11-30T03:44:45+00:00","dateModified":"2025-08-26T17:24:28+00:00","breadcrumb":{"@id":"https:\/\/www.artisanlocal.ch\/c\/votre-specialiste-fermetures-et-stores-sur-mesure-a-pully\/#breadcrumb"},"inLanguage":"fr-FR","potentialAction":[{"@type":"ReadAction","target":["https:\/\/www.artisanlocal.ch\/c\/votre-specialiste-fermetures-et-stores-sur-mesure-a-pully\/"]}]},{"@type":"ImageObject","inLanguage":"fr-FR","@id":"https:\/\/www.artisanlocal.ch\/c\/votre-specialiste-fermetures-et-stores-sur-mesure-a-pully\/#primaryimage","url":"https:\/\/www.artisanlocal.ch\/c\/wp-content\/uploads\/2024\/12\/storiste.jpg","contentUrl":"https:\/\/www.artisanlocal.ch\/c\/wp-content\/uploads\/2024\/12\/storiste.jpg","width":1920,"height":300},{"@type":"BreadcrumbList","@id":"https:\/\/www.artisanlocal.ch\/c\/votre-specialiste-fermetures-et-stores-sur-mesure-a-pully\/#breadcrumb","itemListElement":[{"@type":"ListItem","position":1,"name":"Accueil","item":"https:\/\/www.artisanlocal.ch\/c\/"},{"@type":"ListItem","position":2,"name":"Votre sp\u00e9cialiste fermetures et stores sur mesure \u00e0 Pully"}]},{"@type":"WebSite","@id":"https:\/\/www.artisanlocal.ch\/c\/#website","url":"https:\/\/www.artisanlocal.ch\/c\/","name":"Artisanlocal","description":"","publisher":{"@id":"https:\/\/www.artisanlocal.ch\/c\/#organization"},"potentialAction":[{"@type":"SearchAction","target":{"@type":"EntryPoint","urlTemplate":"https:\/\/www.artisanlocal.ch\/c\/?s={search_term_string}"},"query-input":{"@type":"PropertyValueSpecification","valueRequired":true,"valueName":"search_term_string"}}],"inLanguage":"fr-FR"},{"@type":"Organization","@id":"https:\/\/www.artisanlocal.ch\/c\/#organization","name":"Artisanlocal","url":"https:\/\/www.artisanlocal.ch\/c\/","logo":{"@type":"ImageObject","inLanguage":"fr-FR","@id":"https:\/\/www.artisanlocal.ch\/c\/#\/schema\/logo\/image\/","url":"https:\/\/www.artisanlocal.ch\/c\/wp-content\/uploads\/2024\/02\/logo-artisanlocal-h.svg","contentUrl":"https:\/\/www.artisanlocal.ch\/c\/wp-content\/uploads\/2024\/02\/logo-artisanlocal-h.svg","caption":"Artisanlocal"},"image":{"@id":"https:\/\/www.artisanlocal.ch\/c\/#\/schema\/logo\/image\/"}}]}},"_links":{"self":[{"href":"https:\/\/www.artisanlocal.ch\/c\/wp-json\/wp\/v2\/pages\/3025","targetHints":{"allow":["GET"]}}],"collection":[{"href":"https:\/\/www.artisanlocal.ch\/c\/wp-json\/wp\/v2\/pages"}],"about":[{"href":"https:\/\/www.artisanlocal.ch\/c\/wp-json\/wp\/v2\/types\/page"}],"author":[{"embeddable":true,"href":"https:\/\/www.artisanlocal.ch\/c\/wp-json\/wp\/v2\/users\/4"}],"replies":[{"embeddable":true,"href":"https:\/\/www.artisanlocal.ch\/c\/wp-json\/wp\/v2\/comments?post=3025"}],"version-history":[{"count":0,"href":"https:\/\/www.artisanlocal.ch\/c\/wp-json\/wp\/v2\/pages\/3025\/revisions"}],"wp:featuredmedia":[{"embeddable":true,"href":"https:\/\/www.artisanlocal.ch\/c\/wp-json\/wp\/v2\/media\/3071"}],"wp:attachment":[{"href":"https:\/\/www.artisanlocal.ch\/c\/wp-json\/wp\/v2\/media?parent=3025"}],"wp:term":[{"taxonomy":"profession","embeddable":true,"href":"https:\/\/www.artisanlocal.ch\/c\/wp-json\/wp\/v2\/profession?post=3025"},{"taxonomy":"location","embeddable":true,"href":"https:\/\/www.artisanlocal.ch\/c\/wp-json\/wp\/v2\/location?post=3025"},{"taxonomy":"canton","embeddable":true,"href":"https:\/\/www.artisanlocal.ch\/c\/wp-json\/wp\/v2\/canton?post=3025"}],"curies":[{"name":"wp","href":"https:\/\/api.w.org\/{rel}","templated":true}]}}