{"id":3026,"date":"2024-11-22T18:37:25","date_gmt":"2024-11-22T17:37:25","guid":{"rendered":"https:\/\/www.artisanlocal.ch\/c\/confiez-linstallation-de-votre-store-a-un-professionnel-experimente-a-prilly\/"},"modified":"2025-08-26T19:24:58","modified_gmt":"2025-08-26T17:24:58","slug":"confiez-linstallation-de-votre-store-a-un-professionnel-experimente-a-prilly","status":"publish","type":"page","link":"https:\/\/www.artisanlocal.ch\/c\/confiez-linstallation-de-votre-store-a-un-professionnel-experimente-a-prilly\/","title":{"rendered":"Confiez l&rsquo;installation de votre store \u00e0 un professionnel exp\u00e9riment\u00e9 \u00e0 Prilly"},"content":{"rendered":"<p>Artisanlocal est une soci\u00e9t\u00e9 sp\u00e9cialis\u00e9e dans la mise en place de stores, enseignes, lambrequin lumineux et accessoires de terrasses, \u00e0 Prilly et dans les localit\u00e9s proches.<\/p>\n\r\n<div class=\"box\">\r\n            <div class=\"company-info\">\r\n            <img decoding=\"async\" class=\"company-info__logo\" src=\"https:\/\/www.artisanlocal.ch\/media\/cache\/thumb\/images\/companies\/671a12e88cad6140864316.png\" alt=\"Logo\">\r\n            <h2 class=\"company-info__name\">Colombara stores SA<\/h2>\r\n            <p class=\"company-info__business\">Stores - Volets - Moustiquaires - Portes de garage - Sauts-de-loup - Domotique - Vente - Pose - R\u00e9paration<\/p>\r\n        <\/div>\r\n        <div class=\"company-contact\">\r\n            <p class=\"company-info__address\">Chemin de la Clopette 33<\/p>\r\n                            <div class=\"links\">\r\n                                            <a class=\"btn has-accent-background-color js-phoneNumber\" href=\"tel:0216249205\" title=\"Appelez\" data-id=\"12088\" data-type=\"11\">021 624 92 05<\/a>\r\n                                                                <a class=\"btn has-accent-background-color\" href=\"https:\/\/www.colombara-stores.ch\/\" target=\"_blank\" title=\"Voir le site internet\" data-id=\"12088\" data-type=\"20\">Site internet<\/a>\r\n                                    <\/div>\r\n                    <\/div>\r\n    \r\n            \r\n<form action=\"https:\/\/www.artisanlocal.ch\/c\/wp-admin\/admin-ajax.php\" method=\"post\" class=\"form-contact\" id=\"artisan_form_contact_company_inline\">\r\n    <div><input type=\"hidden\" name=\"action\" value=\"company_contact\"><\/div>\r\n    <div><input type=\"hidden\" name=\"nonce\" value=\"cd17951345\"><\/div>\r\n    <div><input type=\"hidden\" name=\"company_id\" value=\"12088\"><\/div>\r\n    <div><input type=\"hidden\" name=\"form_id\" value=\"artisan_form_contact_company_inline\"><\/div>\r\n    <div class=\"gglcptch gglcptch_v3 gglcptch_custom\"><input type=\"hidden\" id=\"g-recaptcha-response\" name=\"g-recaptcha-response\" \/><br \/><div class=\"gglcptch_error_text\">La p\u00e9riode de v\u00e9rification reCAPTCHA a expir\u00e9. Veuillez recharger la page.<\/div><\/div>    <div class=\"form-content\">\r\n        <div class=\"form-group\">\r\n            <label for=\"contact_firstName\" class=\"required\">Pr\u00e9nom<\/label>\r\n            <input type=\"text\" name=\"firstName\" class=\"form-control\" required>\r\n        <\/div>\r\n        <div class=\"form-group\">\r\n            <label for=\"contact_lastName\" class=\"required\">Nom<\/label>\r\n            <input type=\"text\" name=\"lastName\" class=\"form-control\" required>\r\n        <\/div>\r\n        <div class=\"form-group\">\r\n            <label for=\"contact_email\" class=\"required\">Email<\/label>\r\n            <input type=\"email\" name=\"email\" class=\"form-control\" required>\r\n        <\/div>\r\n        <div class=\"form-group\">\r\n            <label for=\"contact_phone\" class=\"required\">Num\u00e9ro de t\u00e9l\u00e9phone<\/label>\r\n            <input type=\"tel\" name=\"phone\" class=\"form-control\" placeholder=\"0787117165\" pattern=\"^[0-9]{10}$\" required>\r\n        <\/div>\r\n        <div class=\"form-group\">\r\n            <label for=\"contact_postalCode\" class=\"required\">Code postal et localit\u00e9<\/label>\r\n            <input type=\"text\" name=\"postalCode\" class=\"form-control\" required>\r\n        <\/div>\r\n        <div class=\"form-group\">\r\n            <label for=\"contact_address\" class=\"required\">Adresse<\/label>\r\n            <input type=\"text\" name=\"address\" class=\"form-control\" required>\r\n        <\/div>\r\n        <div class=\"full-width topic\">\r\n            <p class=\"required\">Je souhaite \u00eatre contact\u00e9 pour :<\/p>\r\n            <div class=\"form-check\">\r\n                <input type=\"radio\" name=\"topic\" value=\"D\u00e9pannage\" class=\"form-control\" required>\r\n                <label for=\"d\u00e9pannage\">D\u00e9pannage<\/label>\r\n            <\/div>\r\n            <div class=\"form-check\">\r\n                <input type=\"radio\" name=\"topic\" value=\"Entretien\" class=\"form-control\" required>\r\n                <label for=\"entretien\">Entretien<\/label>\r\n            <\/div>\r\n            <div class=\"form-check\">\r\n                <input type=\"radio\" name=\"topic\" value=\"R\u00e9novation\" class=\"form-control\" required>\r\n                <label for=\"r\u00e9novation\">R\u00e9novation<\/label>\r\n            <\/div>\r\n            <div class=\"form-check\">\r\n                <input type=\"radio\" name=\"topic\" value=\"Autre\" class=\"form-control\" required>\r\n                <label for=\"autre\">Autre<\/label>\r\n            <\/div>\r\n        <\/div>\r\n        <div class=\"form-group full-width\">\r\n            <label for=\"contact_message\">Message<\/label>\r\n            <textarea name=\"message\" rows=\"3\" class=\"form-control\"><\/textarea>\r\n        <\/div>\r\n    <\/div>\r\n    <div class=\"form-actions\">\r\n        <button class=\"wp-block-button__link has-accent-background-color\">Contacter<\/button>\r\n    <\/div>\r\n<\/form>\r\n<div class=\"form-feedback\"><\/div>    <\/div>\n<h2>Diverses gammes de stores int\u00e9rieurs<\/h2>\n<p>Nos stores int\u00e9rieurs sont con\u00e7us pour embellir l\u2019aspect visuel de vos fen\u00eatres, limiter la luminosit\u00e9 et pr\u00e9servez votre confidentialit\u00e9. Nous proposons une large gamme de stores : v\u00e9nitiens, textiles, pliss\u00e9s, bandes verticales, enrouleurs, enrouleurs avec coffre, rideaux, parois japonaises, bateaux et bateaux voilage.<\/p>\n<h2>Stores ext\u00e9rieurs sur-mesure pour vos fen\u00eatres<\/h2>\n<p>Nos stores ext\u00e9rieurs sur-mesure sont install\u00e9s pour cr\u00e9er des espaces \u00e0 l\u2019abri du soleil. Nous proposons un large choix de stores ext\u00e9rieurs : coffres et bannes, ou semi-coffres, articul\u00e9s ou \u00e0 bras t\u00e9lescopiques, de fen\u00eatre, \u00e9galement des loggias, v\u00e9randas ainsi que des verri\u00e8res.<\/p>\n<h2>Pergolas et pergolas bioclimatiques<\/h2>\n<p>Si vous recherchez une protection contre la pluie, nous vous conseillons de s\u00e9lectionner une pergola. Nous vous proposons des pergolas : toiles de protection solaire verticale, \u00e0 lames r\u00e9tractables, avec panneaux verticaux ou \u00e0 toits fixes.<\/p>\n<h2>Lambrequin lumineux sur mesure<\/h2>\n<p>Nos lambrequins lumineux vous permettent d\u2019am\u00e9liorer la visibilit\u00e9 nocturne : de votre commerce, magasin, commerces, brasserie, restaurant ou h\u00f4tel.&nbsp;<\/p>\n<h2>Rentoilage de toiles du store banne ou pergola<\/h2>\n<p>Le rentoilage de stores banne est un choix \u00e9conomique au changement du store.<\/p>\n<h2>Fen\u00eatre bois aluminium \u00e0 Prilly<\/h2>\n<p>Si vous avez besoin de changer vos fen\u00eatres. Nous cr\u00e9ons et installons vos fen\u00eatres battantes et coulissantes : PVC, en bois ou aluminium.<\/p>\n<h2>Volets roulants et motorisation<\/h2>\n<p>Pour am\u00e9liorer la protection phonique, thermique ou solaire, nous proposons aussi des Volets roulants manuels ou \u00e9lectriques : solaires, aluminium, persiennes, bois ou m\u00e9talliques.<\/p>\n<h2>Film solaire sur mesure pour fen\u00eatre \u00e0 Prilly<\/h2>\n<p>Le film de protection solaire pour vitrage permet de r\u00e9duire la temp\u00e9rature ambiante de votre int\u00e9rieur, d\u2019am\u00e9liorer votre s\u00e9curit\u00e9 en prot\u00e9geant votre intimit\u00e9 des regards, et des rayons UV nocifs.<\/p>\n<h2>Menuiserie Prilly : Alu, PVC, Bois<\/h2>\n<p>Notre entreprise a une large choix de produits, comme les :<\/p>\n<ul>\n<li>Portes et portails.<\/li>\n<li>Domotiques.<\/li>\n<li>Fen\u00eatres.<\/li>\n<li>Portes de garage.<\/li>\n<li>Carport.<\/li>\n<li>Garde-corps.<\/li>\n<li>Volets.<\/li>\n<li>Alarmes.<\/li>\n<\/ul>\n<h2>Nos secteurs d&rsquo;activit\u00e9<\/h2>\n<h3>Les entreprises : restaurants, brasseries, caf\u00e9s, boutiques<\/h3>\n<p>Notre entreprise \u00e9labore, fabrique, et installe des stores pour les entreprises \u00e0 Prilly, tels que : les bureaux, les boutiques et les restaurants.&nbsp;<\/p>\n<h3>Pour les copropri\u00e9t\u00e9s et particuliers<\/h3>\n<p>Intervention chez les particuliers et les copropri\u00e9t\u00e9s, nous mettons en place vos pergolas, pergolas bioclimatiques, volets battants, fen\u00eatres, stores de terrasse, v\u00e9randas, volets roulants et stores int\u00e9rieurs.<\/p>\n<h2>Nos services<\/h2>\n<h3>Conception technique<\/h3>\n<p>Nous cr\u00e9ons tous vos stores sur mesure selon vos besoin.<\/p>\n<h3>Installation personnalis\u00e9<\/h3>\n<p>Nos techniciens se d\u00e9placent \u00e0 Prilly pour panifier et poser vos stores en fonction de vos contraintes et vos d\u00e9sirs.<\/p>\n<h3>Service de r\u00e9paration de stores<\/h3>\n<p>Les storistes d&rsquo;Artisanlocal remplacent les parties de vos stores, lors de leur intervention, ils changent les \u00e9l\u00e9ments d\u00e9fectueux.<\/p>\n<h3>Entretien de store \u00e0 Prilly<\/h3>\n<p>Une maintenance r\u00e9guli\u00e8re permet d&rsquo;am\u00e9liorer la long\u00e9vit\u00e9 de vos stores. Pour cela, un storiste doit intervenir \u00e0 votre domicile et examiner l\u2019\u00e9tat de votre store et si cela s\u2019av\u00e8re n\u00e9cessaire r\u00e9aliser le rentoilage, le remplacement et la r\u00e9paration.<\/p>\n<h3>Option et accessoire suppl\u00e9mentaire<\/h3>\n<p>Nous proposons diff\u00e9rents mod\u00e8les d\u2019ouverture (manuelle ou \u00e9lectrique) pour les portes de garage, les volets et les stores.<\/p>\n<h2>Pourquoi choisir notre entreprise ?<\/h2>\n<p>Notre soci\u00e9t\u00e9 est sp\u00e9cialis\u00e9e dans la mise en place et l\u2019entretien de stores \u00e0 Prilly. Nos storistes vous guideront dans le choix de votre store pour r\u00e9pondre au mieux \u00e0 vos demandes.<\/p>\n<h3>Large gamme<\/h3>\n<p>Nous proposons un large choix de stores int\u00e9rieurs et ext\u00e9rieurs.<\/p>\n<h3>Devis gratuits<\/h3>\n<p>Obtenez un devis gratuit d\u00e9taill\u00e9. Nos devis sont complets et totalement transparents.&nbsp;<\/p>\n<h3>\u00c9valuation<\/h3>\n<p>Pour chacun des projets, nous regardons sa possibilit\u00e9 de r\u00e9alisation, en fonction de vos attentes, nous cr\u00e9ons des plans personnalis\u00e9s pour installer vos stores.<\/p>\n<h3>Store haut de gamme<\/h3>\n<p>Nous utilisons pour nos stores des mat\u00e9riaux de qualit\u00e9, de mani\u00e8re \u00e0 garantir une bonne long\u00e9vit\u00e9.<\/p>\n<h3>Intervention rapide <\/h3>\n<p>Le technicien storiste qui est localis\u00e9 \u00e0 Prilly intervient d\u00e8s que possible chez vous pour poser ou r\u00e9parer vos stores.<\/p>\n<h2>Questions &#8211; R\u00e9ponses<\/h2>\n<h3>Est-il possible de motoriser des stores pos\u00e9s ?<\/h3>\n<p>Oui, nos techniciens storistes peuvent m\u00e9caniser vos stores \u00e0 condition que certains \u00e9l\u00e9ments soient respect\u00e9s. Un de nos storistes se d\u00e9place \u00e0 votre logement pour estimer la viabilit\u00e9 du projet.<\/p>\n<h3>Artisanlocal op\u00e8re dans les localit\u00e9s \u00e0 proximit\u00e9 de Prilly ? ?<\/h3>\n<p>Oui, nous intervenons \u00e0 Prilly et dans les villes \u00e0 proximit\u00e9, comme : Jouxtens-M\u00e9zery, Renens VD, Crissier.<\/p>\n","protected":false},"excerpt":{"rendered":"<p>Artisanlocal est une soci\u00e9t\u00e9 sp\u00e9cialis\u00e9e dans la mise en place de stores, enseignes, lambrequin lumineux et accessoires de terrasses, \u00e0 Prilly et dans les localit\u00e9s proches. Diverses gammes de stores int\u00e9rieurs Nos stores int\u00e9rieurs sont con\u00e7us pour embellir l\u2019aspect visuel de vos fen\u00eatres, limiter la luminosit\u00e9 et pr\u00e9servez votre confidentialit\u00e9. Nous proposons une large gamme [&hellip;]<\/p>\n","protected":false},"author":4,"featured_media":3071,"parent":0,"menu_order":0,"comment_status":"closed","ping_status":"closed","template":"","meta":{"footnotes":""},"profession":[130],"location":[68],"canton":[113],"class_list":["post-3026","page","type-page","status-publish","has-post-thumbnail","hentry","profession-storiste","location-prilly","canton-vd"],"yoast_head":"<!-- This site is optimized with the Yoast SEO Premium plugin v25.7.1 (Yoast SEO v27.3) - https:\/\/yoast.com\/product\/yoast-seo-premium-wordpress\/ -->\n<title>Confiez l&#039;installation de votre store \u00e0 un professionnel exp\u00e9riment\u00e9 \u00e0 Prilly - Artisanlocal<\/title>\n<meta name=\"robots\" content=\"index, follow, max-snippet:-1, max-image-preview:large, max-video-preview:-1\" \/>\n<link rel=\"canonical\" href=\"https:\/\/www.artisanlocal.ch\/c\/confiez-linstallation-de-votre-store-a-un-professionnel-experimente-a-prilly\/\" \/>\n<meta property=\"og:locale\" content=\"fr_FR\" \/>\n<meta property=\"og:type\" content=\"article\" \/>\n<meta property=\"og:title\" content=\"Confiez l&#039;installation de votre store \u00e0 un professionnel exp\u00e9riment\u00e9 \u00e0 Prilly\" \/>\n<meta property=\"og:description\" content=\"Artisanlocal est une soci\u00e9t\u00e9 sp\u00e9cialis\u00e9e dans la mise en place de stores, enseignes, lambrequin lumineux et accessoires de terrasses, \u00e0 Prilly et dans les localit\u00e9s proches. Diverses gammes de stores int\u00e9rieurs Nos stores int\u00e9rieurs sont con\u00e7us pour embellir l\u2019aspect visuel de vos fen\u00eatres, limiter la luminosit\u00e9 et pr\u00e9servez votre confidentialit\u00e9. Nous proposons une large gamme [&hellip;]\" \/>\n<meta property=\"og:url\" content=\"https:\/\/www.artisanlocal.ch\/c\/confiez-linstallation-de-votre-store-a-un-professionnel-experimente-a-prilly\/\" \/>\n<meta property=\"og:site_name\" content=\"Artisanlocal\" \/>\n<meta property=\"article:modified_time\" content=\"2025-08-26T17:24:58+00:00\" \/>\n<meta property=\"og:image\" content=\"https:\/\/www.artisanlocal.ch\/c\/wp-content\/uploads\/2024\/12\/storiste.jpg\" \/>\n\t<meta property=\"og:image:width\" content=\"1920\" \/>\n\t<meta property=\"og:image:height\" content=\"300\" \/>\n\t<meta property=\"og:image:type\" content=\"image\/jpeg\" \/>\n<meta name=\"twitter:card\" content=\"summary_large_image\" \/>\n<meta name=\"twitter:label1\" content=\"Dur\u00e9e de lecture estim\u00e9e\" \/>\n\t<meta name=\"twitter:data1\" content=\"4 minutes\" \/>\n<script type=\"application\/ld+json\" class=\"yoast-schema-graph\">{\"@context\":\"https:\\\/\\\/schema.org\",\"@graph\":[{\"@type\":\"WebPage\",\"@id\":\"https:\\\/\\\/www.artisanlocal.ch\\\/c\\\/confiez-linstallation-de-votre-store-a-un-professionnel-experimente-a-prilly\\\/\",\"url\":\"https:\\\/\\\/www.artisanlocal.ch\\\/c\\\/confiez-linstallation-de-votre-store-a-un-professionnel-experimente-a-prilly\\\/\",\"name\":\"Confiez l'installation de votre store \u00e0 un professionnel exp\u00e9riment\u00e9 \u00e0 Prilly - Artisanlocal\",\"isPartOf\":{\"@id\":\"https:\\\/\\\/www.artisanlocal.ch\\\/c\\\/#website\"},\"primaryImageOfPage\":{\"@id\":\"https:\\\/\\\/www.artisanlocal.ch\\\/c\\\/confiez-linstallation-de-votre-store-a-un-professionnel-experimente-a-prilly\\\/#primaryimage\"},\"image\":{\"@id\":\"https:\\\/\\\/www.artisanlocal.ch\\\/c\\\/confiez-linstallation-de-votre-store-a-un-professionnel-experimente-a-prilly\\\/#primaryimage\"},\"thumbnailUrl\":\"https:\\\/\\\/www.artisanlocal.ch\\\/c\\\/wp-content\\\/uploads\\\/2024\\\/12\\\/storiste.jpg\",\"datePublished\":\"2024-11-22T17:37:25+00:00\",\"dateModified\":\"2025-08-26T17:24:58+00:00\",\"breadcrumb\":{\"@id\":\"https:\\\/\\\/www.artisanlocal.ch\\\/c\\\/confiez-linstallation-de-votre-store-a-un-professionnel-experimente-a-prilly\\\/#breadcrumb\"},\"inLanguage\":\"fr-FR\",\"potentialAction\":[{\"@type\":\"ReadAction\",\"target\":[\"https:\\\/\\\/www.artisanlocal.ch\\\/c\\\/confiez-linstallation-de-votre-store-a-un-professionnel-experimente-a-prilly\\\/\"]}]},{\"@type\":\"ImageObject\",\"inLanguage\":\"fr-FR\",\"@id\":\"https:\\\/\\\/www.artisanlocal.ch\\\/c\\\/confiez-linstallation-de-votre-store-a-un-professionnel-experimente-a-prilly\\\/#primaryimage\",\"url\":\"https:\\\/\\\/www.artisanlocal.ch\\\/c\\\/wp-content\\\/uploads\\\/2024\\\/12\\\/storiste.jpg\",\"contentUrl\":\"https:\\\/\\\/www.artisanlocal.ch\\\/c\\\/wp-content\\\/uploads\\\/2024\\\/12\\\/storiste.jpg\",\"width\":1920,\"height\":300},{\"@type\":\"BreadcrumbList\",\"@id\":\"https:\\\/\\\/www.artisanlocal.ch\\\/c\\\/confiez-linstallation-de-votre-store-a-un-professionnel-experimente-a-prilly\\\/#breadcrumb\",\"itemListElement\":[{\"@type\":\"ListItem\",\"position\":1,\"name\":\"Accueil\",\"item\":\"https:\\\/\\\/www.artisanlocal.ch\\\/c\\\/\"},{\"@type\":\"ListItem\",\"position\":2,\"name\":\"Confiez l&rsquo;installation de votre store \u00e0 un professionnel exp\u00e9riment\u00e9 \u00e0 Prilly\"}]},{\"@type\":\"WebSite\",\"@id\":\"https:\\\/\\\/www.artisanlocal.ch\\\/c\\\/#website\",\"url\":\"https:\\\/\\\/www.artisanlocal.ch\\\/c\\\/\",\"name\":\"Artisanlocal\",\"description\":\"\",\"publisher\":{\"@id\":\"https:\\\/\\\/www.artisanlocal.ch\\\/c\\\/#organization\"},\"potentialAction\":[{\"@type\":\"SearchAction\",\"target\":{\"@type\":\"EntryPoint\",\"urlTemplate\":\"https:\\\/\\\/www.artisanlocal.ch\\\/c\\\/?s={search_term_string}\"},\"query-input\":{\"@type\":\"PropertyValueSpecification\",\"valueRequired\":true,\"valueName\":\"search_term_string\"}}],\"inLanguage\":\"fr-FR\"},{\"@type\":\"Organization\",\"@id\":\"https:\\\/\\\/www.artisanlocal.ch\\\/c\\\/#organization\",\"name\":\"Artisanlocal\",\"url\":\"https:\\\/\\\/www.artisanlocal.ch\\\/c\\\/\",\"logo\":{\"@type\":\"ImageObject\",\"inLanguage\":\"fr-FR\",\"@id\":\"https:\\\/\\\/www.artisanlocal.ch\\\/c\\\/#\\\/schema\\\/logo\\\/image\\\/\",\"url\":\"https:\\\/\\\/www.artisanlocal.ch\\\/c\\\/wp-content\\\/uploads\\\/2024\\\/02\\\/logo-artisanlocal-h.svg\",\"contentUrl\":\"https:\\\/\\\/www.artisanlocal.ch\\\/c\\\/wp-content\\\/uploads\\\/2024\\\/02\\\/logo-artisanlocal-h.svg\",\"caption\":\"Artisanlocal\"},\"image\":{\"@id\":\"https:\\\/\\\/www.artisanlocal.ch\\\/c\\\/#\\\/schema\\\/logo\\\/image\\\/\"}}]}<\/script>\n<!-- \/ Yoast SEO Premium plugin. -->","yoast_head_json":{"title":"Confiez l'installation de votre store \u00e0 un professionnel exp\u00e9riment\u00e9 \u00e0 Prilly - Artisanlocal","robots":{"index":"index","follow":"follow","max-snippet":"max-snippet:-1","max-image-preview":"max-image-preview:large","max-video-preview":"max-video-preview:-1"},"canonical":"https:\/\/www.artisanlocal.ch\/c\/confiez-linstallation-de-votre-store-a-un-professionnel-experimente-a-prilly\/","og_locale":"fr_FR","og_type":"article","og_title":"Confiez l'installation de votre store \u00e0 un professionnel exp\u00e9riment\u00e9 \u00e0 Prilly","og_description":"Artisanlocal est une soci\u00e9t\u00e9 sp\u00e9cialis\u00e9e dans la mise en place de stores, enseignes, lambrequin lumineux et accessoires de terrasses, \u00e0 Prilly et dans les localit\u00e9s proches. Diverses gammes de stores int\u00e9rieurs Nos stores int\u00e9rieurs sont con\u00e7us pour embellir l\u2019aspect visuel de vos fen\u00eatres, limiter la luminosit\u00e9 et pr\u00e9servez votre confidentialit\u00e9. Nous proposons une large gamme [&hellip;]","og_url":"https:\/\/www.artisanlocal.ch\/c\/confiez-linstallation-de-votre-store-a-un-professionnel-experimente-a-prilly\/","og_site_name":"Artisanlocal","article_modified_time":"2025-08-26T17:24:58+00:00","og_image":[{"width":1920,"height":300,"url":"https:\/\/www.artisanlocal.ch\/c\/wp-content\/uploads\/2024\/12\/storiste.jpg","type":"image\/jpeg"}],"twitter_card":"summary_large_image","twitter_misc":{"Dur\u00e9e de lecture estim\u00e9e":"4 minutes"},"schema":{"@context":"https:\/\/schema.org","@graph":[{"@type":"WebPage","@id":"https:\/\/www.artisanlocal.ch\/c\/confiez-linstallation-de-votre-store-a-un-professionnel-experimente-a-prilly\/","url":"https:\/\/www.artisanlocal.ch\/c\/confiez-linstallation-de-votre-store-a-un-professionnel-experimente-a-prilly\/","name":"Confiez l'installation de votre store \u00e0 un professionnel exp\u00e9riment\u00e9 \u00e0 Prilly - Artisanlocal","isPartOf":{"@id":"https:\/\/www.artisanlocal.ch\/c\/#website"},"primaryImageOfPage":{"@id":"https:\/\/www.artisanlocal.ch\/c\/confiez-linstallation-de-votre-store-a-un-professionnel-experimente-a-prilly\/#primaryimage"},"image":{"@id":"https:\/\/www.artisanlocal.ch\/c\/confiez-linstallation-de-votre-store-a-un-professionnel-experimente-a-prilly\/#primaryimage"},"thumbnailUrl":"https:\/\/www.artisanlocal.ch\/c\/wp-content\/uploads\/2024\/12\/storiste.jpg","datePublished":"2024-11-22T17:37:25+00:00","dateModified":"2025-08-26T17:24:58+00:00","breadcrumb":{"@id":"https:\/\/www.artisanlocal.ch\/c\/confiez-linstallation-de-votre-store-a-un-professionnel-experimente-a-prilly\/#breadcrumb"},"inLanguage":"fr-FR","potentialAction":[{"@type":"ReadAction","target":["https:\/\/www.artisanlocal.ch\/c\/confiez-linstallation-de-votre-store-a-un-professionnel-experimente-a-prilly\/"]}]},{"@type":"ImageObject","inLanguage":"fr-FR","@id":"https:\/\/www.artisanlocal.ch\/c\/confiez-linstallation-de-votre-store-a-un-professionnel-experimente-a-prilly\/#primaryimage","url":"https:\/\/www.artisanlocal.ch\/c\/wp-content\/uploads\/2024\/12\/storiste.jpg","contentUrl":"https:\/\/www.artisanlocal.ch\/c\/wp-content\/uploads\/2024\/12\/storiste.jpg","width":1920,"height":300},{"@type":"BreadcrumbList","@id":"https:\/\/www.artisanlocal.ch\/c\/confiez-linstallation-de-votre-store-a-un-professionnel-experimente-a-prilly\/#breadcrumb","itemListElement":[{"@type":"ListItem","position":1,"name":"Accueil","item":"https:\/\/www.artisanlocal.ch\/c\/"},{"@type":"ListItem","position":2,"name":"Confiez l&rsquo;installation de votre store \u00e0 un professionnel exp\u00e9riment\u00e9 \u00e0 Prilly"}]},{"@type":"WebSite","@id":"https:\/\/www.artisanlocal.ch\/c\/#website","url":"https:\/\/www.artisanlocal.ch\/c\/","name":"Artisanlocal","description":"","publisher":{"@id":"https:\/\/www.artisanlocal.ch\/c\/#organization"},"potentialAction":[{"@type":"SearchAction","target":{"@type":"EntryPoint","urlTemplate":"https:\/\/www.artisanlocal.ch\/c\/?s={search_term_string}"},"query-input":{"@type":"PropertyValueSpecification","valueRequired":true,"valueName":"search_term_string"}}],"inLanguage":"fr-FR"},{"@type":"Organization","@id":"https:\/\/www.artisanlocal.ch\/c\/#organization","name":"Artisanlocal","url":"https:\/\/www.artisanlocal.ch\/c\/","logo":{"@type":"ImageObject","inLanguage":"fr-FR","@id":"https:\/\/www.artisanlocal.ch\/c\/#\/schema\/logo\/image\/","url":"https:\/\/www.artisanlocal.ch\/c\/wp-content\/uploads\/2024\/02\/logo-artisanlocal-h.svg","contentUrl":"https:\/\/www.artisanlocal.ch\/c\/wp-content\/uploads\/2024\/02\/logo-artisanlocal-h.svg","caption":"Artisanlocal"},"image":{"@id":"https:\/\/www.artisanlocal.ch\/c\/#\/schema\/logo\/image\/"}}]}},"_links":{"self":[{"href":"https:\/\/www.artisanlocal.ch\/c\/wp-json\/wp\/v2\/pages\/3026","targetHints":{"allow":["GET"]}}],"collection":[{"href":"https:\/\/www.artisanlocal.ch\/c\/wp-json\/wp\/v2\/pages"}],"about":[{"href":"https:\/\/www.artisanlocal.ch\/c\/wp-json\/wp\/v2\/types\/page"}],"author":[{"embeddable":true,"href":"https:\/\/www.artisanlocal.ch\/c\/wp-json\/wp\/v2\/users\/4"}],"replies":[{"embeddable":true,"href":"https:\/\/www.artisanlocal.ch\/c\/wp-json\/wp\/v2\/comments?post=3026"}],"version-history":[{"count":0,"href":"https:\/\/www.artisanlocal.ch\/c\/wp-json\/wp\/v2\/pages\/3026\/revisions"}],"wp:featuredmedia":[{"embeddable":true,"href":"https:\/\/www.artisanlocal.ch\/c\/wp-json\/wp\/v2\/media\/3071"}],"wp:attachment":[{"href":"https:\/\/www.artisanlocal.ch\/c\/wp-json\/wp\/v2\/media?parent=3026"}],"wp:term":[{"taxonomy":"profession","embeddable":true,"href":"https:\/\/www.artisanlocal.ch\/c\/wp-json\/wp\/v2\/profession?post=3026"},{"taxonomy":"location","embeddable":true,"href":"https:\/\/www.artisanlocal.ch\/c\/wp-json\/wp\/v2\/location?post=3026"},{"taxonomy":"canton","embeddable":true,"href":"https:\/\/www.artisanlocal.ch\/c\/wp-json\/wp\/v2\/canton?post=3026"}],"curies":[{"name":"wp","href":"https:\/\/api.w.org\/{rel}","templated":true}]}}