{"id":3027,"date":"2024-12-03T15:30:12","date_gmt":"2024-12-03T14:30:12","guid":{"rendered":"https:\/\/www.artisanlocal.ch\/c\/votre-expert-du-store-et-des-enseignes-a-bussigny-pres-lausanne\/"},"modified":"2025-08-26T19:24:02","modified_gmt":"2025-08-26T17:24:02","slug":"votre-expert-du-store-et-des-enseignes-a-bussigny-pres-lausanne","status":"publish","type":"page","link":"https:\/\/www.artisanlocal.ch\/c\/votre-expert-du-store-et-des-enseignes-a-bussigny-pres-lausanne\/","title":{"rendered":"Votre expert du store et des enseignes \u00e0 Bussigny"},"content":{"rendered":"<p>Notre soci\u00e9t\u00e9 est sp\u00e9cialis\u00e9e dans l&rsquo;installation de stores, enseignes, accessoires pour terrasses et lambrequins lumineux, op\u00e8re \u00e0 Bussigny et dans les localit\u00e9s \u00e0 proximit\u00e9s.<\/p>\n\r\n<div class=\"box\">\r\n            <div class=\"company-info\">\r\n            <img decoding=\"async\" class=\"company-info__logo\" src=\"https:\/\/www.artisanlocal.ch\/media\/cache\/thumb\/images\/companies\/671a12e88cad6140864316.png\" alt=\"Logo\">\r\n            <h2 class=\"company-info__name\">Colombara stores SA<\/h2>\r\n            <p class=\"company-info__business\">Stores - Volets - Moustiquaires - Portes de garage - Sauts-de-loup - Domotique - Vente - Pose - R\u00e9paration<\/p>\r\n        <\/div>\r\n        <div class=\"company-contact\">\r\n            <p class=\"company-info__address\">Chemin de la Clopette 33<\/p>\r\n                            <div class=\"links\">\r\n                                            <a class=\"btn has-accent-background-color js-phoneNumber\" href=\"tel:0216249205\" title=\"Appelez\" data-id=\"12088\" data-type=\"11\">021 624 92 05<\/a>\r\n                                                                <a class=\"btn has-accent-background-color\" href=\"https:\/\/www.colombara-stores.ch\/\" target=\"_blank\" title=\"Voir le site internet\" data-id=\"12088\" data-type=\"20\">Site internet<\/a>\r\n                                    <\/div>\r\n                    <\/div>\r\n    \r\n            \r\n<form action=\"https:\/\/www.artisanlocal.ch\/c\/wp-admin\/admin-ajax.php\" method=\"post\" class=\"form-contact\" id=\"artisan_form_contact_company_inline\">\r\n    <div><input type=\"hidden\" name=\"action\" value=\"company_contact\"><\/div>\r\n    <div><input type=\"hidden\" name=\"nonce\" value=\"3ea75e31ab\"><\/div>\r\n    <div><input type=\"hidden\" name=\"company_id\" value=\"12088\"><\/div>\r\n    <div><input type=\"hidden\" name=\"form_id\" value=\"artisan_form_contact_company_inline\"><\/div>\r\n    <div class=\"gglcptch gglcptch_v3 gglcptch_custom\"><input type=\"hidden\" id=\"g-recaptcha-response\" name=\"g-recaptcha-response\" \/><br \/><div class=\"gglcptch_error_text\">La p\u00e9riode de v\u00e9rification reCAPTCHA a expir\u00e9. Veuillez recharger la page.<\/div><\/div>    <div class=\"form-content\">\r\n        <div class=\"form-group\">\r\n            <label for=\"contact_firstName\" class=\"required\">Pr\u00e9nom<\/label>\r\n            <input type=\"text\" name=\"firstName\" class=\"form-control\" required>\r\n        <\/div>\r\n        <div class=\"form-group\">\r\n            <label for=\"contact_lastName\" class=\"required\">Nom<\/label>\r\n            <input type=\"text\" name=\"lastName\" class=\"form-control\" required>\r\n        <\/div>\r\n        <div class=\"form-group\">\r\n            <label for=\"contact_email\" class=\"required\">Email<\/label>\r\n            <input type=\"email\" name=\"email\" class=\"form-control\" required>\r\n        <\/div>\r\n        <div class=\"form-group\">\r\n            <label for=\"contact_phone\" class=\"required\">Num\u00e9ro de t\u00e9l\u00e9phone<\/label>\r\n            <input type=\"tel\" name=\"phone\" class=\"form-control\" placeholder=\"0787117165\" pattern=\"^[0-9]{10}$\" required>\r\n        <\/div>\r\n        <div class=\"form-group\">\r\n            <label for=\"contact_postalCode\" class=\"required\">Code postal et localit\u00e9<\/label>\r\n            <input type=\"text\" name=\"postalCode\" class=\"form-control\" required>\r\n        <\/div>\r\n        <div class=\"form-group\">\r\n            <label for=\"contact_address\" class=\"required\">Adresse<\/label>\r\n            <input type=\"text\" name=\"address\" class=\"form-control\" required>\r\n        <\/div>\r\n        <div class=\"full-width topic\">\r\n            <p class=\"required\">Je souhaite \u00eatre contact\u00e9 pour :<\/p>\r\n            <div class=\"form-check\">\r\n                <input type=\"radio\" name=\"topic\" value=\"D\u00e9pannage\" class=\"form-control\" required>\r\n                <label for=\"d\u00e9pannage\">D\u00e9pannage<\/label>\r\n            <\/div>\r\n            <div class=\"form-check\">\r\n                <input type=\"radio\" name=\"topic\" value=\"Entretien\" class=\"form-control\" required>\r\n                <label for=\"entretien\">Entretien<\/label>\r\n            <\/div>\r\n            <div class=\"form-check\">\r\n                <input type=\"radio\" name=\"topic\" value=\"R\u00e9novation\" class=\"form-control\" required>\r\n                <label for=\"r\u00e9novation\">R\u00e9novation<\/label>\r\n            <\/div>\r\n            <div class=\"form-check\">\r\n                <input type=\"radio\" name=\"topic\" value=\"Autre\" class=\"form-control\" required>\r\n                <label for=\"autre\">Autre<\/label>\r\n            <\/div>\r\n        <\/div>\r\n        <div class=\"form-group full-width\">\r\n            <label for=\"contact_message\">Message<\/label>\r\n            <textarea name=\"message\" rows=\"3\" class=\"form-control\"><\/textarea>\r\n        <\/div>\r\n    <\/div>\r\n    <div class=\"form-actions\">\r\n        <button class=\"wp-block-button__link has-accent-background-color\">Contacter<\/button>\r\n    <\/div>\r\n<\/form>\r\n<div class=\"form-feedback\"><\/div>    <\/div>\n<h2>Stores int\u00e9rieurs<\/h2>\n<p>Nos stores sur mesure pour votre int\u00e9rieur am\u00e9liorent l&rsquo;apparence de vos fen\u00eatres, g\u00e9rer l&rsquo;entr\u00e9e de la lumi\u00e8re ou prot\u00e9ger votre intimit\u00e9. Nous proposons un large choix de stores : textiles, enrouleurs, rideaux, bateaux, pliss\u00e9s, parois japonaises, bandes verticales, v\u00e9nitiens, enrouleurs avec coffre et bateaux voilage.<\/p>\n<h2>Stores ext\u00e9rieurs personnalis\u00e9s pour vos fen\u00eatres<\/h2>\n<p>Nos stores ext\u00e9rieurs permettent de cr\u00e9er des espaces ombrag\u00e9s sur votre terrasse ou balcon. Nous proposons un large choix de stores ext\u00e9rieurs : bannes et coffres, ou semi-coffres, articul\u00e9s ou \u00e0 bras t\u00e9lescopiques, de fen\u00eatre, mais aussi des loggias, v\u00e9randas ainsi que des verri\u00e8res.<\/p>\n<h2>Pergolas<\/h2>\n<p>Si vous cherchez une protection contre les intemp\u00e9ries, nous vous conseillons de choisir une pergola. Nous vous proposons des pergolas : toiles de protection solaire verticale, \u00e0 lames r\u00e9tractables, \u00e0 toits fixes ou avec panneaux verticaux.<\/p>\n<h2>Lambrequin lumineux LED<\/h2>\n<p>Avec nos lambrequins lumineux, votre magasin sera vu m\u00eame la nuit ou par temps pluvieux.&nbsp;<\/p>\n<h2>Rentoilage de toiles du store banne ou pergola<\/h2>\n<p>Notre entreprise propose aussi le changement de toile (rentoilage) de stores banne qui est une solution \u00e9conomique et vous permet d\u2019\u00e9viter le remplacement complet de votre store.<\/p>\n<h2>Nos fen\u00eatres bois &amp; aluminium<\/h2>\n<p>Si vous souhaitez changer vos fen\u00eatres. Nous avons un choix de fen\u00eatres battantes et coulissantes : en bois, aluminium ou PVC.<\/p>\n<h2>Installation de volets roulants avec ou sans motorisation \u00e0 Bussigny<\/h2>\n<p>Si vous avez besoin d\u2019une meilleure protection phonique, thermique ou solaire, nous proposons aussi des Volets roulants manuels ou \u00e9lectriques : solaires, aluminium, bois, persiennes ou m\u00e9talliques.<\/p>\n<h2>Nos films pour vitrages et stores sur mesure <\/h2>\n<p>Nos films solaires sans tains vous aident \u00e0 limiter la temp\u00e9rature de votre int\u00e9rieur, de diminuer la transmission UV, et de pr\u00e9server votre intimit\u00e9 des regards.<\/p>\n<h2>Menuiserie Bussigny : Alu, PVC, Bois<\/h2>\n<p>Artisanlocal propose d\u2019autres solutions sur mesure, comme les :<\/p>\n<ul>\n<li>Fen\u00eatres.<\/li>\n<li>Volets.<\/li>\n<li>Portails et portes.<\/li>\n<li>Alarmes.<\/li>\n<li>Domotiques.<\/li>\n<li>Portes de garage.<\/li>\n<li>Carport.<\/li>\n<li>Garde-corps ext\u00e9rieurs.<\/li>\n<\/ul>\n<h2>Nos secteurs d&rsquo;activit\u00e9<\/h2>\n<h3>Les entreprises : restaurants, caf\u00e9s, brasseries, boutiques<\/h3>\n<p>Artisanlocal est sp\u00e9cialis\u00e9 dans la conception, la fabrication, et l\u2019installation de stores pour les soci\u00e9t\u00e9s \u00e0 Bussigny, tels que : les bureaux, les boutiques et les restaurants.&nbsp;<\/p>\n<h3>Pour les copropri\u00e9t\u00e9s et particuliers<\/h3>\n<p>Intervention chez les particuliers et les copropri\u00e9t\u00e9s, nous installons vos fen\u00eatres, stores de terrasse, stores int\u00e9rieurs, v\u00e9randa, volets roulants, volets battants, pergolas et pergolas bioclimatiques.<\/p>\n<h2>D\u00e9couvrez nos services<\/h2>\n<h3>Conception de stores sur mesure<\/h3>\n<p>Nous r\u00e9alisons tous vos stores personnalis\u00e9s selon vos attentes.<\/p>\n<h3>Pose personnalis\u00e9<\/h3>\n<p>Les techniciens d&rsquo;Artisanlocal interviennent \u00e0 Bussigny pour mesurer et poser vos stores personnalis\u00e9s.<\/p>\n<h3>R\u00e9paration &amp; remplacement\u200b<\/h3>\n<p>Les storistes d&rsquo;Artisanlocal remplacent les pi\u00e8ces de vos stores, au cours de leur intervention, ils changent les \u00e9l\u00e9ments d\u00e9fectueux.<\/p>\n<h3>Entretien sur-mesure de tous vos stores<\/h3>\n<p>Une maintenance r\u00e9alis\u00e9e r\u00e9guli\u00e8rement permet d&rsquo;augmenter la long\u00e9vit\u00e9 de vos stores. Pour cela, un storiste doit venir chez vous et examiner l\u2019\u00e9tat de votre store et si cela s\u2019av\u00e8re n\u00e9cessaire r\u00e9aliser le rentoilage, le remplacement et la r\u00e9paration.<\/p>\n<h3>Option et accessoire suppl\u00e9mentaire<\/h3>\n<p>Nous proposons diff\u00e9rents mod\u00e8les d\u2019ouverture (manuelle ou \u00e9lectrique) pour les stores, portes de garage et volets.<\/p>\n<h2>Pourquoi choisir notre soci\u00e9t\u00e9 ?<\/h2>\n<p>Notre entreprise situ\u00e9e \u00e0 Bussigny est sp\u00e9cialis\u00e9e dans l\u2019installation et la r\u00e9paration des stores. Nos storistes vous conseilleront dans le choix de votre store pour r\u00e9pondre au mieux \u00e0 vos attentes.<\/p>\n<h3>Large gamme<\/h3>\n<p>Notre soci\u00e9t\u00e9 vous propose une grande s\u00e9lection de stores.<\/p>\n<h3>Devis gratuits<\/h3>\n<p>Recevez un devis gratuit complet. Nos devis sont pr\u00e9cis et totalement transparents.&nbsp;<\/p>\n<h3>\u00c9tude pr\u00e9alable<\/h3>\n<p>Nous \u00e9tudions toujours la faisabilit\u00e9 des projets, en fonction de vos attentes, nous imaginons des plans pour poser vos stores.<\/p>\n<h3>Store haut de gamme<\/h3>\n<p>Nous utilisons pour nos stores des mat\u00e9riaux de haute qualit\u00e9, afin de garantir une bonne durabilit\u00e9.<\/p>\n<h3>Intervention rapide <\/h3>\n<p>Le technicien storiste qui est localis\u00e9 \u00e0 Bussigny op\u00e8re rapidement chez vous pour installer ou r\u00e9parer vos stores.<\/p>\n<h2>FAQ<\/h2>\n<h3>Est-il possible de motoriser des stores install\u00e9s ?<\/h3>\n<p>Oui, la motorisation d&rsquo;un store est tout \u00e0 fait r\u00e9alisable, seulement sous certaines conditions. Un de nos artisans se d\u00e9place \u00e0 votre domicile pour \u00e9valuer la viabilit\u00e9 du projet.<\/p>\n<h3>Intervenez-vous dans les soci\u00e9t\u00e9s \u00e0 proximit\u00e9 de Bussigny ?<\/h3>\n<p>Oui, nous intervenons \u00e0 Bussigny et dans les localit\u00e9s aux environs, comme : Chavannes-pr\u00e8s-Renens, Ecublens VD, St-Sulpice VD, Denges, Echandens, Lonay, Pr\u00e9verenges, Villars-Ste-Croix, Morges, Echichens, St-Saphorin-sur-Morges, Colombier VD, Vullierens, Bremblens, Romanel-sur-Morges, Aclens, Monnaz, Vaux-sur-Morges, Clarmont, Reverolle, Tolochenaz, Lully VD, Chigny, Vufflens-le-Ch\u00e2teau, Denens, Bussy-Chardonney, St-Prex, Lussy-sur-Morges.<\/p>\n","protected":false},"excerpt":{"rendered":"<p>Notre soci\u00e9t\u00e9 est sp\u00e9cialis\u00e9e dans l&rsquo;installation de stores, enseignes, accessoires pour terrasses et lambrequins lumineux, op\u00e8re \u00e0 Bussigny et dans les localit\u00e9s \u00e0 proximit\u00e9s. Stores int\u00e9rieurs Nos stores sur mesure pour votre int\u00e9rieur am\u00e9liorent l&rsquo;apparence de vos fen\u00eatres, g\u00e9rer l&rsquo;entr\u00e9e de la lumi\u00e8re ou prot\u00e9ger votre intimit\u00e9. Nous proposons un large choix de stores : [&hellip;]<\/p>\n","protected":false},"author":4,"featured_media":3071,"parent":0,"menu_order":0,"comment_status":"closed","ping_status":"closed","template":"","meta":{"footnotes":""},"profession":[130],"location":[5],"canton":[113],"class_list":["post-3027","page","type-page","status-publish","has-post-thumbnail","hentry","profession-storiste","location-bussigny","canton-vd"],"yoast_head":"<!-- This site is optimized with the Yoast SEO Premium plugin v25.7.1 (Yoast SEO v27.3) - https:\/\/yoast.com\/product\/yoast-seo-premium-wordpress\/ -->\n<title>Votre expert du store et des enseignes \u00e0 Bussigny - Artisanlocal<\/title>\n<meta name=\"robots\" content=\"index, follow, max-snippet:-1, max-image-preview:large, max-video-preview:-1\" \/>\n<link rel=\"canonical\" href=\"https:\/\/www.artisanlocal.ch\/c\/votre-expert-du-store-et-des-enseignes-a-bussigny-pres-lausanne\/\" \/>\n<meta property=\"og:locale\" content=\"fr_FR\" \/>\n<meta property=\"og:type\" content=\"article\" \/>\n<meta property=\"og:title\" content=\"Votre expert du store et des enseignes \u00e0 Bussigny\" \/>\n<meta property=\"og:description\" content=\"Notre soci\u00e9t\u00e9 est sp\u00e9cialis\u00e9e dans l&rsquo;installation de stores, enseignes, accessoires pour terrasses et lambrequins lumineux, op\u00e8re \u00e0 Bussigny et dans les localit\u00e9s \u00e0 proximit\u00e9s. Stores int\u00e9rieurs Nos stores sur mesure pour votre int\u00e9rieur am\u00e9liorent l&rsquo;apparence de vos fen\u00eatres, g\u00e9rer l&rsquo;entr\u00e9e de la lumi\u00e8re ou prot\u00e9ger votre intimit\u00e9. Nous proposons un large choix de stores : [&hellip;]\" \/>\n<meta property=\"og:url\" content=\"https:\/\/www.artisanlocal.ch\/c\/votre-expert-du-store-et-des-enseignes-a-bussigny-pres-lausanne\/\" \/>\n<meta property=\"og:site_name\" content=\"Artisanlocal\" \/>\n<meta property=\"article:modified_time\" content=\"2025-08-26T17:24:02+00:00\" \/>\n<meta property=\"og:image\" content=\"https:\/\/www.artisanlocal.ch\/c\/wp-content\/uploads\/2024\/12\/storiste.jpg\" \/>\n\t<meta property=\"og:image:width\" content=\"1920\" \/>\n\t<meta property=\"og:image:height\" content=\"300\" \/>\n\t<meta property=\"og:image:type\" content=\"image\/jpeg\" \/>\n<meta name=\"twitter:card\" content=\"summary_large_image\" \/>\n<meta name=\"twitter:label1\" content=\"Dur\u00e9e de lecture estim\u00e9e\" \/>\n\t<meta name=\"twitter:data1\" content=\"4 minutes\" \/>\n<script type=\"application\/ld+json\" class=\"yoast-schema-graph\">{\"@context\":\"https:\\\/\\\/schema.org\",\"@graph\":[{\"@type\":\"WebPage\",\"@id\":\"https:\\\/\\\/www.artisanlocal.ch\\\/c\\\/votre-expert-du-store-et-des-enseignes-a-bussigny-pres-lausanne\\\/\",\"url\":\"https:\\\/\\\/www.artisanlocal.ch\\\/c\\\/votre-expert-du-store-et-des-enseignes-a-bussigny-pres-lausanne\\\/\",\"name\":\"Votre expert du store et des enseignes \u00e0 Bussigny - Artisanlocal\",\"isPartOf\":{\"@id\":\"https:\\\/\\\/www.artisanlocal.ch\\\/c\\\/#website\"},\"primaryImageOfPage\":{\"@id\":\"https:\\\/\\\/www.artisanlocal.ch\\\/c\\\/votre-expert-du-store-et-des-enseignes-a-bussigny-pres-lausanne\\\/#primaryimage\"},\"image\":{\"@id\":\"https:\\\/\\\/www.artisanlocal.ch\\\/c\\\/votre-expert-du-store-et-des-enseignes-a-bussigny-pres-lausanne\\\/#primaryimage\"},\"thumbnailUrl\":\"https:\\\/\\\/www.artisanlocal.ch\\\/c\\\/wp-content\\\/uploads\\\/2024\\\/12\\\/storiste.jpg\",\"datePublished\":\"2024-12-03T14:30:12+00:00\",\"dateModified\":\"2025-08-26T17:24:02+00:00\",\"breadcrumb\":{\"@id\":\"https:\\\/\\\/www.artisanlocal.ch\\\/c\\\/votre-expert-du-store-et-des-enseignes-a-bussigny-pres-lausanne\\\/#breadcrumb\"},\"inLanguage\":\"fr-FR\",\"potentialAction\":[{\"@type\":\"ReadAction\",\"target\":[\"https:\\\/\\\/www.artisanlocal.ch\\\/c\\\/votre-expert-du-store-et-des-enseignes-a-bussigny-pres-lausanne\\\/\"]}]},{\"@type\":\"ImageObject\",\"inLanguage\":\"fr-FR\",\"@id\":\"https:\\\/\\\/www.artisanlocal.ch\\\/c\\\/votre-expert-du-store-et-des-enseignes-a-bussigny-pres-lausanne\\\/#primaryimage\",\"url\":\"https:\\\/\\\/www.artisanlocal.ch\\\/c\\\/wp-content\\\/uploads\\\/2024\\\/12\\\/storiste.jpg\",\"contentUrl\":\"https:\\\/\\\/www.artisanlocal.ch\\\/c\\\/wp-content\\\/uploads\\\/2024\\\/12\\\/storiste.jpg\",\"width\":1920,\"height\":300},{\"@type\":\"BreadcrumbList\",\"@id\":\"https:\\\/\\\/www.artisanlocal.ch\\\/c\\\/votre-expert-du-store-et-des-enseignes-a-bussigny-pres-lausanne\\\/#breadcrumb\",\"itemListElement\":[{\"@type\":\"ListItem\",\"position\":1,\"name\":\"Accueil\",\"item\":\"https:\\\/\\\/www.artisanlocal.ch\\\/c\\\/\"},{\"@type\":\"ListItem\",\"position\":2,\"name\":\"Votre expert du store et des enseignes \u00e0 Bussigny-pr\u00e8s-Lausanne\"}]},{\"@type\":\"WebSite\",\"@id\":\"https:\\\/\\\/www.artisanlocal.ch\\\/c\\\/#website\",\"url\":\"https:\\\/\\\/www.artisanlocal.ch\\\/c\\\/\",\"name\":\"Artisanlocal\",\"description\":\"\",\"publisher\":{\"@id\":\"https:\\\/\\\/www.artisanlocal.ch\\\/c\\\/#organization\"},\"potentialAction\":[{\"@type\":\"SearchAction\",\"target\":{\"@type\":\"EntryPoint\",\"urlTemplate\":\"https:\\\/\\\/www.artisanlocal.ch\\\/c\\\/?s={search_term_string}\"},\"query-input\":{\"@type\":\"PropertyValueSpecification\",\"valueRequired\":true,\"valueName\":\"search_term_string\"}}],\"inLanguage\":\"fr-FR\"},{\"@type\":\"Organization\",\"@id\":\"https:\\\/\\\/www.artisanlocal.ch\\\/c\\\/#organization\",\"name\":\"Artisanlocal\",\"url\":\"https:\\\/\\\/www.artisanlocal.ch\\\/c\\\/\",\"logo\":{\"@type\":\"ImageObject\",\"inLanguage\":\"fr-FR\",\"@id\":\"https:\\\/\\\/www.artisanlocal.ch\\\/c\\\/#\\\/schema\\\/logo\\\/image\\\/\",\"url\":\"https:\\\/\\\/www.artisanlocal.ch\\\/c\\\/wp-content\\\/uploads\\\/2024\\\/02\\\/logo-artisanlocal-h.svg\",\"contentUrl\":\"https:\\\/\\\/www.artisanlocal.ch\\\/c\\\/wp-content\\\/uploads\\\/2024\\\/02\\\/logo-artisanlocal-h.svg\",\"caption\":\"Artisanlocal\"},\"image\":{\"@id\":\"https:\\\/\\\/www.artisanlocal.ch\\\/c\\\/#\\\/schema\\\/logo\\\/image\\\/\"}}]}<\/script>\n<!-- \/ Yoast SEO Premium plugin. -->","yoast_head_json":{"title":"Votre expert du store et des enseignes \u00e0 Bussigny - Artisanlocal","robots":{"index":"index","follow":"follow","max-snippet":"max-snippet:-1","max-image-preview":"max-image-preview:large","max-video-preview":"max-video-preview:-1"},"canonical":"https:\/\/www.artisanlocal.ch\/c\/votre-expert-du-store-et-des-enseignes-a-bussigny-pres-lausanne\/","og_locale":"fr_FR","og_type":"article","og_title":"Votre expert du store et des enseignes \u00e0 Bussigny","og_description":"Notre soci\u00e9t\u00e9 est sp\u00e9cialis\u00e9e dans l&rsquo;installation de stores, enseignes, accessoires pour terrasses et lambrequins lumineux, op\u00e8re \u00e0 Bussigny et dans les localit\u00e9s \u00e0 proximit\u00e9s. Stores int\u00e9rieurs Nos stores sur mesure pour votre int\u00e9rieur am\u00e9liorent l&rsquo;apparence de vos fen\u00eatres, g\u00e9rer l&rsquo;entr\u00e9e de la lumi\u00e8re ou prot\u00e9ger votre intimit\u00e9. Nous proposons un large choix de stores : [&hellip;]","og_url":"https:\/\/www.artisanlocal.ch\/c\/votre-expert-du-store-et-des-enseignes-a-bussigny-pres-lausanne\/","og_site_name":"Artisanlocal","article_modified_time":"2025-08-26T17:24:02+00:00","og_image":[{"width":1920,"height":300,"url":"https:\/\/www.artisanlocal.ch\/c\/wp-content\/uploads\/2024\/12\/storiste.jpg","type":"image\/jpeg"}],"twitter_card":"summary_large_image","twitter_misc":{"Dur\u00e9e de lecture estim\u00e9e":"4 minutes"},"schema":{"@context":"https:\/\/schema.org","@graph":[{"@type":"WebPage","@id":"https:\/\/www.artisanlocal.ch\/c\/votre-expert-du-store-et-des-enseignes-a-bussigny-pres-lausanne\/","url":"https:\/\/www.artisanlocal.ch\/c\/votre-expert-du-store-et-des-enseignes-a-bussigny-pres-lausanne\/","name":"Votre expert du store et des enseignes \u00e0 Bussigny - Artisanlocal","isPartOf":{"@id":"https:\/\/www.artisanlocal.ch\/c\/#website"},"primaryImageOfPage":{"@id":"https:\/\/www.artisanlocal.ch\/c\/votre-expert-du-store-et-des-enseignes-a-bussigny-pres-lausanne\/#primaryimage"},"image":{"@id":"https:\/\/www.artisanlocal.ch\/c\/votre-expert-du-store-et-des-enseignes-a-bussigny-pres-lausanne\/#primaryimage"},"thumbnailUrl":"https:\/\/www.artisanlocal.ch\/c\/wp-content\/uploads\/2024\/12\/storiste.jpg","datePublished":"2024-12-03T14:30:12+00:00","dateModified":"2025-08-26T17:24:02+00:00","breadcrumb":{"@id":"https:\/\/www.artisanlocal.ch\/c\/votre-expert-du-store-et-des-enseignes-a-bussigny-pres-lausanne\/#breadcrumb"},"inLanguage":"fr-FR","potentialAction":[{"@type":"ReadAction","target":["https:\/\/www.artisanlocal.ch\/c\/votre-expert-du-store-et-des-enseignes-a-bussigny-pres-lausanne\/"]}]},{"@type":"ImageObject","inLanguage":"fr-FR","@id":"https:\/\/www.artisanlocal.ch\/c\/votre-expert-du-store-et-des-enseignes-a-bussigny-pres-lausanne\/#primaryimage","url":"https:\/\/www.artisanlocal.ch\/c\/wp-content\/uploads\/2024\/12\/storiste.jpg","contentUrl":"https:\/\/www.artisanlocal.ch\/c\/wp-content\/uploads\/2024\/12\/storiste.jpg","width":1920,"height":300},{"@type":"BreadcrumbList","@id":"https:\/\/www.artisanlocal.ch\/c\/votre-expert-du-store-et-des-enseignes-a-bussigny-pres-lausanne\/#breadcrumb","itemListElement":[{"@type":"ListItem","position":1,"name":"Accueil","item":"https:\/\/www.artisanlocal.ch\/c\/"},{"@type":"ListItem","position":2,"name":"Votre expert du store et des enseignes \u00e0 Bussigny-pr\u00e8s-Lausanne"}]},{"@type":"WebSite","@id":"https:\/\/www.artisanlocal.ch\/c\/#website","url":"https:\/\/www.artisanlocal.ch\/c\/","name":"Artisanlocal","description":"","publisher":{"@id":"https:\/\/www.artisanlocal.ch\/c\/#organization"},"potentialAction":[{"@type":"SearchAction","target":{"@type":"EntryPoint","urlTemplate":"https:\/\/www.artisanlocal.ch\/c\/?s={search_term_string}"},"query-input":{"@type":"PropertyValueSpecification","valueRequired":true,"valueName":"search_term_string"}}],"inLanguage":"fr-FR"},{"@type":"Organization","@id":"https:\/\/www.artisanlocal.ch\/c\/#organization","name":"Artisanlocal","url":"https:\/\/www.artisanlocal.ch\/c\/","logo":{"@type":"ImageObject","inLanguage":"fr-FR","@id":"https:\/\/www.artisanlocal.ch\/c\/#\/schema\/logo\/image\/","url":"https:\/\/www.artisanlocal.ch\/c\/wp-content\/uploads\/2024\/02\/logo-artisanlocal-h.svg","contentUrl":"https:\/\/www.artisanlocal.ch\/c\/wp-content\/uploads\/2024\/02\/logo-artisanlocal-h.svg","caption":"Artisanlocal"},"image":{"@id":"https:\/\/www.artisanlocal.ch\/c\/#\/schema\/logo\/image\/"}}]}},"_links":{"self":[{"href":"https:\/\/www.artisanlocal.ch\/c\/wp-json\/wp\/v2\/pages\/3027","targetHints":{"allow":["GET"]}}],"collection":[{"href":"https:\/\/www.artisanlocal.ch\/c\/wp-json\/wp\/v2\/pages"}],"about":[{"href":"https:\/\/www.artisanlocal.ch\/c\/wp-json\/wp\/v2\/types\/page"}],"author":[{"embeddable":true,"href":"https:\/\/www.artisanlocal.ch\/c\/wp-json\/wp\/v2\/users\/4"}],"replies":[{"embeddable":true,"href":"https:\/\/www.artisanlocal.ch\/c\/wp-json\/wp\/v2\/comments?post=3027"}],"version-history":[{"count":0,"href":"https:\/\/www.artisanlocal.ch\/c\/wp-json\/wp\/v2\/pages\/3027\/revisions"}],"wp:featuredmedia":[{"embeddable":true,"href":"https:\/\/www.artisanlocal.ch\/c\/wp-json\/wp\/v2\/media\/3071"}],"wp:attachment":[{"href":"https:\/\/www.artisanlocal.ch\/c\/wp-json\/wp\/v2\/media?parent=3027"}],"wp:term":[{"taxonomy":"profession","embeddable":true,"href":"https:\/\/www.artisanlocal.ch\/c\/wp-json\/wp\/v2\/profession?post=3027"},{"taxonomy":"location","embeddable":true,"href":"https:\/\/www.artisanlocal.ch\/c\/wp-json\/wp\/v2\/location?post=3027"},{"taxonomy":"canton","embeddable":true,"href":"https:\/\/www.artisanlocal.ch\/c\/wp-json\/wp\/v2\/canton?post=3027"}],"curies":[{"name":"wp","href":"https:\/\/api.w.org\/{rel}","templated":true}]}}