{"id":3029,"date":"2024-11-26T05:53:05","date_gmt":"2024-11-26T04:53:05","guid":{"rendered":"https:\/\/www.artisanlocal.ch\/c\/vos-stores-fermetures-et-fenetres-a-chavornay\/"},"modified":"2025-08-26T19:24:46","modified_gmt":"2025-08-26T17:24:46","slug":"vos-stores-fermetures-et-fenetres-a-chavornay","status":"publish","type":"page","link":"https:\/\/www.artisanlocal.ch\/c\/vos-stores-fermetures-et-fenetres-a-chavornay\/","title":{"rendered":"Vos stores, fermetures, et fen\u00eatres \u00e0 Chavornay"},"content":{"rendered":"<p>Artisanlocal est une soci\u00e9t\u00e9 sp\u00e9cialis\u00e9e dans la pose de stores, enseignes, lambrequin lumineux et accessoires de terrasses, \u00e0 Chavornay et dans les villes \u00e0 proximit\u00e9.<\/p>\n\r\n<div class=\"box\">\r\n    <h2 class=\"text-dark\">Nous cherchons un <em class=\"text-primary\">Storiste<\/em> dans la r\u00e9gion de <em class=\"text-primary\">Chavornay<\/em>  en exclusivit\u00e9, afin de proposer vos services \u00e0 nos clients propri\u00e9taires.<\/h2>\r\n    <p>Une opportunit\u00e9 unique pour booster votre activit\u00e9 \u00e0 <strong>Chavornay<\/strong> et aux alentours dans votre domaine (Storiste).<\/p>\r\n    <p>Nous travaillons en exclusivit\u00e9 avec qu'une soci\u00e9t\u00e9 par m\u00e9tier et par r\u00e9gion. <br>Votre entreprise est pr\u00e9sente sur tous les documents immobiliers. Afin d'\u00eatre mieux vu sur le net, vous \u00eates \u00e9galement visible sur nos deux sites et sur les pages de r\u00e9f\u00e9rencement de votre r\u00e9gion.<\/p>\r\n    <a href=\"\/contact\" class=\"wp-block-button__link has-accent-background-color has-text-align-center wp-element-button\">R\u00e9server<\/a>\r\n<\/div>\n<h2>Stores int\u00e9rieurs<\/h2>\n<p>Nos stores sur mesure pour votre int\u00e9rieur am\u00e9liorent l&rsquo;esth\u00e9tique de vos fen\u00eatres, contr\u00f4ler l&rsquo;entr\u00e9e de la luminosit\u00e9 ou conserver votre intimit\u00e9. Nous offrons un large choix de stores : textiles, enrouleurs, rideaux, bateaux, pliss\u00e9s, parois japonaises, v\u00e9nitiens, bandes verticales, enrouleurs avec coffre et bateaux voilage.<\/p>\n<h2>Stores ext\u00e9rieurs sur-mesure pour vos fen\u00eatres<\/h2>\n<p>Nos stores ext\u00e9rieurs sur-mesure sont install\u00e9s pour cr\u00e9er des espaces \u00e0 l\u2019abri du soleil. Nous proposons une large gamme de stores ext\u00e9rieurs : verri\u00e8res, loggias et v\u00e9randas, mais aussi fen\u00eatres, pourvues de coffres, bannes, semi-coffres, \u00e0 bras t\u00e9lescopiques ou articul\u00e9s.<\/p>\n<h2>Pergolas et pergolas bioclimatiques<\/h2>\n<p>Si vous recherchez une protection contre les intemp\u00e9ries, nous vous sugg\u00e9rons de choisir une pergola. Nous vous proposons des pergolas : toiles de protection solaire verticale, \u00e0 lames r\u00e9tractables, \u00e0 toits fixes ou avec panneaux verticaux.<\/p>\n<h2>Lambrequin lumineux sur mesure<\/h2>\n<p>Nos lambrequins lumineux vous permettent d\u2019am\u00e9liorer la visibilit\u00e9 nocturne : de votre commerce, magasin, commerces, brasserie, restaurant ou h\u00f4tel.&nbsp;<\/p>\n<h2>Rentoilage de stores sur-mesure \u00e0 Chavornay<\/h2>\n<p>Le rentoilage de stores banne est une alternative \u00e9conomique au changement du store.<\/p>\n<h2>Fen\u00eatre bois aluminium \u00e0 Chavornay<\/h2>\n<p>Si vous \u00eates d\u00e9termin\u00e9s \u00e0 remplacer vos fen\u00eatres. Nous construisons et installons vos fen\u00eatres coulissantes et battantes : en bois, aluminium ou PVC.<\/p>\n<h2>Volet roulant manuel ou \u00e9lectrique<\/h2>\n<p>Pour am\u00e9liorer la protection thermique, solaire ou phonique, privil\u00e9gier nos Volets roulants manuels ou \u00e9lectriques : solaires, aluminium, bois, persiennes ou m\u00e9talliques.<\/p>\n<h2>Films de protection solaire<\/h2>\n<p>Le film solaire sur mesure pour vitrage permet de diminuer la temp\u00e9rature ambiante de votre int\u00e9rieur, de mod\u00e9rer la transmission UV, et de prot\u00e9ger votre intimit\u00e9 des regards.<\/p>\n<h2>Menuiserie \u00e0 Chavornay<\/h2>\n<p>Notre entreprise a une gamme de produits, comme les :<\/p>\n<ul>\n<li>Portes et portails.<\/li>\n<li>Domotiques.<\/li>\n<li>Fen\u00eatres.<\/li>\n<li>Portes de garage.<\/li>\n<li>Carport.<\/li>\n<li>Garde-corps.<\/li>\n<li>Volets.<\/li>\n<li>Alarmes.<\/li>\n<\/ul>\n<h2>Nos champs d&rsquo;intervention<\/h2>\n<h3>Les entreprises : restaurants, caf\u00e9s, brasseries, boutiques<\/h3>\n<p>Notre entreprise est experte dans la conception, la fabrication, et l\u2019installation de stores pour les entreprises \u00e0 Chavornay, comme : les bureaux, les boutiques et les restaurants.&nbsp;<\/p>\n<h3>Les syndics de copropri\u00e9t\u00e9 et les particuliers<\/h3>\n<p>Intervention dans les copropri\u00e9t\u00e9s et chez les particuliers, nous mettons en place vos fen\u00eatres, stores int\u00e9rieurs, stores de terrasse, v\u00e9randa, volets battants, volets roulants, pergolas et pergolas bioclimatiques.<\/p>\n<h2>Nos services<\/h2>\n<h3>Conception de stores sur mesure<\/h3>\n<p>Nous r\u00e9alisons tous vos stores sur mesure selon vos besoin.<\/p>\n<h3>Pose personnalis\u00e9<\/h3>\n<p>Nos techniciens interviennent \u00e0 Chavornay pour panifier et poser vos stores en fonction de vos contraintes et vos besoins.<\/p>\n<h3>Service de r\u00e9paration de stores<\/h3>\n<p>Nos storistes r\u00e9parent vos stores, lors de leur intervention, ils remplacent les pi\u00e8ces endommag\u00e9es.<\/p>\n<h3>Entretien sur-mesure de tous vos stores<\/h3>\n<p>Une maintenance r\u00e9alis\u00e9e r\u00e9guli\u00e8rement permet d&rsquo;augmenter la durabilit\u00e9 de vos stores. Pour cela, un technicien doit venir chez vous et examiner l\u2019\u00e9tat de votre store et si cela s\u2019av\u00e8re n\u00e9cessaire effectuer la r\u00e9paration, le remplacement ou le rentoilage.<\/p>\n<h3>Option et accessoire suppl\u00e9mentaire<\/h3>\n<p>Notre gamme de produits est disponibles avec des ouvertures manuelles ou \u00e9lectriques pour les portes de garage, les volets et les stores.<\/p>\n<h2>Pourquoi choisir Artisanlocal ?<\/h2>\n<p>Notre soci\u00e9t\u00e9 \u00e9tabli \u00e0 Chavornay est sp\u00e9cialis\u00e9e dans l\u2019installation et l\u2019entretien des stores. Nos techniciens storistes vous accompagneront dans le choix de votre store pour r\u00e9pondre au mieux \u00e0 vos attentes.<\/p>\n<h3>Collection de stores<\/h3>\n<p>Artisanlocal vous propose un large choix de stores.<\/p>\n<h3>Devis en ligne gratuit<\/h3>\n<p>Recevez un devis gratuit. Nos devis sont d\u00e9taill\u00e9s et totalement transparents.&nbsp;<\/p>\n<h3>\u00c9tude du besoin<\/h3>\n<p>Pour chacun des projets, nous analysons sa possibilit\u00e9 de r\u00e9alisation, en fonction de vos attentes, nous \u00e9laborons des plans pour poser vos stores.<\/p>\n<h3>Faire le choix de la qualit\u00e9<\/h3>\n<p>Nous utilisons des mat\u00e9riaux de qualit\u00e9 pour les stores que nous installons.<\/p>\n<h3>Intervention en urgence \u00e0 Chavornay<\/h3>\n<p>Notre soci\u00e9t\u00e9 Artisanlocal est install\u00e9e au centre de Chavornay pour op\u00e9rer rapidement dans votre logement.<\/p>\n<h2>Foire Aux Questions<\/h2>\n<h3>Est-il possible de motoriser des stores install\u00e9s ?<\/h3>\n<p>Oui, la motorisation d&rsquo;un store est enti\u00e8rement possible, mais (selon certaines conditions). Un de nos storistes doit op\u00e9rer \u00e0 votre domicile pour \u00e9tudier la possibilit\u00e9 du projet.<\/p>\n<h3>Intervenez-vous dans les villes proches de Chavornay ?<\/h3>\n<p>Oui, nos artisans op\u00e8rent \u00e0 Chavornay, mais aussi dans les localit\u00e9s aux alentours, par exemple : La Praz, Arnex-sur-Orbe, Croy, Romainm\u00f4tier, Premier, Vaulion, Juriens, Bretonni\u00e8res, Vallorbe, Ballaigues, Orbe, Agiez, Bofflens, Montcherand, L'Abergement, Sergey, La Russille, Les Cl\u00e9es, Lignerolle, Valeyres-sous-Rances, Bavois, Corcelles-sur-Chavornay, Rances, Baulmes.<\/p>\n","protected":false},"excerpt":{"rendered":"<p>Artisanlocal est une soci\u00e9t\u00e9 sp\u00e9cialis\u00e9e dans la pose de stores, enseignes, lambrequin lumineux et accessoires de terrasses, \u00e0 Chavornay et dans les villes \u00e0 proximit\u00e9. Stores int\u00e9rieurs Nos stores sur mesure pour votre int\u00e9rieur am\u00e9liorent l&rsquo;esth\u00e9tique de vos fen\u00eatres, contr\u00f4ler l&rsquo;entr\u00e9e de la luminosit\u00e9 ou conserver votre intimit\u00e9. Nous offrons un large choix de stores [&hellip;]<\/p>\n","protected":false},"author":4,"featured_media":3071,"parent":0,"menu_order":0,"comment_status":"closed","ping_status":"closed","template":"","meta":{"footnotes":""},"profession":[130],"location":[86],"canton":[113],"class_list":["post-3029","page","type-page","status-publish","has-post-thumbnail","hentry","profession-storiste","location-chavornay","canton-vd"],"yoast_head":"<!-- This site is optimized with the Yoast SEO Premium plugin v25.7.1 (Yoast SEO v27.3) - https:\/\/yoast.com\/product\/yoast-seo-premium-wordpress\/ -->\n<title>Vos stores, fermetures, et fen\u00eatres \u00e0 Chavornay - Artisanlocal<\/title>\n<meta name=\"robots\" content=\"index, follow, max-snippet:-1, max-image-preview:large, max-video-preview:-1\" \/>\n<link rel=\"canonical\" href=\"https:\/\/www.artisanlocal.ch\/c\/vos-stores-fermetures-et-fenetres-a-chavornay\/\" \/>\n<meta property=\"og:locale\" content=\"fr_FR\" \/>\n<meta property=\"og:type\" content=\"article\" \/>\n<meta property=\"og:title\" content=\"Vos stores, fermetures, et fen\u00eatres \u00e0 Chavornay\" \/>\n<meta property=\"og:description\" content=\"Artisanlocal est une soci\u00e9t\u00e9 sp\u00e9cialis\u00e9e dans la pose de stores, enseignes, lambrequin lumineux et accessoires de terrasses, \u00e0 Chavornay et dans les villes \u00e0 proximit\u00e9. Stores int\u00e9rieurs Nos stores sur mesure pour votre int\u00e9rieur am\u00e9liorent l&rsquo;esth\u00e9tique de vos fen\u00eatres, contr\u00f4ler l&rsquo;entr\u00e9e de la luminosit\u00e9 ou conserver votre intimit\u00e9. Nous offrons un large choix de stores [&hellip;]\" \/>\n<meta property=\"og:url\" content=\"https:\/\/www.artisanlocal.ch\/c\/vos-stores-fermetures-et-fenetres-a-chavornay\/\" \/>\n<meta property=\"og:site_name\" content=\"Artisanlocal\" \/>\n<meta property=\"article:modified_time\" content=\"2025-08-26T17:24:46+00:00\" \/>\n<meta property=\"og:image\" content=\"https:\/\/www.artisanlocal.ch\/c\/wp-content\/uploads\/2024\/12\/storiste.jpg\" \/>\n\t<meta property=\"og:image:width\" content=\"1920\" \/>\n\t<meta property=\"og:image:height\" content=\"300\" \/>\n\t<meta property=\"og:image:type\" content=\"image\/jpeg\" \/>\n<meta name=\"twitter:card\" content=\"summary_large_image\" \/>\n<meta name=\"twitter:label1\" content=\"Dur\u00e9e de lecture estim\u00e9e\" \/>\n\t<meta name=\"twitter:data1\" content=\"4 minutes\" \/>\n<script type=\"application\/ld+json\" class=\"yoast-schema-graph\">{\"@context\":\"https:\\\/\\\/schema.org\",\"@graph\":[{\"@type\":\"WebPage\",\"@id\":\"https:\\\/\\\/www.artisanlocal.ch\\\/c\\\/vos-stores-fermetures-et-fenetres-a-chavornay\\\/\",\"url\":\"https:\\\/\\\/www.artisanlocal.ch\\\/c\\\/vos-stores-fermetures-et-fenetres-a-chavornay\\\/\",\"name\":\"Vos stores, fermetures, et fen\u00eatres \u00e0 Chavornay - Artisanlocal\",\"isPartOf\":{\"@id\":\"https:\\\/\\\/www.artisanlocal.ch\\\/c\\\/#website\"},\"primaryImageOfPage\":{\"@id\":\"https:\\\/\\\/www.artisanlocal.ch\\\/c\\\/vos-stores-fermetures-et-fenetres-a-chavornay\\\/#primaryimage\"},\"image\":{\"@id\":\"https:\\\/\\\/www.artisanlocal.ch\\\/c\\\/vos-stores-fermetures-et-fenetres-a-chavornay\\\/#primaryimage\"},\"thumbnailUrl\":\"https:\\\/\\\/www.artisanlocal.ch\\\/c\\\/wp-content\\\/uploads\\\/2024\\\/12\\\/storiste.jpg\",\"datePublished\":\"2024-11-26T04:53:05+00:00\",\"dateModified\":\"2025-08-26T17:24:46+00:00\",\"breadcrumb\":{\"@id\":\"https:\\\/\\\/www.artisanlocal.ch\\\/c\\\/vos-stores-fermetures-et-fenetres-a-chavornay\\\/#breadcrumb\"},\"inLanguage\":\"fr-FR\",\"potentialAction\":[{\"@type\":\"ReadAction\",\"target\":[\"https:\\\/\\\/www.artisanlocal.ch\\\/c\\\/vos-stores-fermetures-et-fenetres-a-chavornay\\\/\"]}]},{\"@type\":\"ImageObject\",\"inLanguage\":\"fr-FR\",\"@id\":\"https:\\\/\\\/www.artisanlocal.ch\\\/c\\\/vos-stores-fermetures-et-fenetres-a-chavornay\\\/#primaryimage\",\"url\":\"https:\\\/\\\/www.artisanlocal.ch\\\/c\\\/wp-content\\\/uploads\\\/2024\\\/12\\\/storiste.jpg\",\"contentUrl\":\"https:\\\/\\\/www.artisanlocal.ch\\\/c\\\/wp-content\\\/uploads\\\/2024\\\/12\\\/storiste.jpg\",\"width\":1920,\"height\":300},{\"@type\":\"BreadcrumbList\",\"@id\":\"https:\\\/\\\/www.artisanlocal.ch\\\/c\\\/vos-stores-fermetures-et-fenetres-a-chavornay\\\/#breadcrumb\",\"itemListElement\":[{\"@type\":\"ListItem\",\"position\":1,\"name\":\"Accueil\",\"item\":\"https:\\\/\\\/www.artisanlocal.ch\\\/c\\\/\"},{\"@type\":\"ListItem\",\"position\":2,\"name\":\"Vos stores, fermetures, et fen\u00eatres \u00e0 Chavornay\"}]},{\"@type\":\"WebSite\",\"@id\":\"https:\\\/\\\/www.artisanlocal.ch\\\/c\\\/#website\",\"url\":\"https:\\\/\\\/www.artisanlocal.ch\\\/c\\\/\",\"name\":\"Artisanlocal\",\"description\":\"\",\"publisher\":{\"@id\":\"https:\\\/\\\/www.artisanlocal.ch\\\/c\\\/#organization\"},\"potentialAction\":[{\"@type\":\"SearchAction\",\"target\":{\"@type\":\"EntryPoint\",\"urlTemplate\":\"https:\\\/\\\/www.artisanlocal.ch\\\/c\\\/?s={search_term_string}\"},\"query-input\":{\"@type\":\"PropertyValueSpecification\",\"valueRequired\":true,\"valueName\":\"search_term_string\"}}],\"inLanguage\":\"fr-FR\"},{\"@type\":\"Organization\",\"@id\":\"https:\\\/\\\/www.artisanlocal.ch\\\/c\\\/#organization\",\"name\":\"Artisanlocal\",\"url\":\"https:\\\/\\\/www.artisanlocal.ch\\\/c\\\/\",\"logo\":{\"@type\":\"ImageObject\",\"inLanguage\":\"fr-FR\",\"@id\":\"https:\\\/\\\/www.artisanlocal.ch\\\/c\\\/#\\\/schema\\\/logo\\\/image\\\/\",\"url\":\"https:\\\/\\\/www.artisanlocal.ch\\\/c\\\/wp-content\\\/uploads\\\/2024\\\/02\\\/logo-artisanlocal-h.svg\",\"contentUrl\":\"https:\\\/\\\/www.artisanlocal.ch\\\/c\\\/wp-content\\\/uploads\\\/2024\\\/02\\\/logo-artisanlocal-h.svg\",\"caption\":\"Artisanlocal\"},\"image\":{\"@id\":\"https:\\\/\\\/www.artisanlocal.ch\\\/c\\\/#\\\/schema\\\/logo\\\/image\\\/\"}}]}<\/script>\n<!-- \/ Yoast SEO Premium plugin. -->","yoast_head_json":{"title":"Vos stores, fermetures, et fen\u00eatres \u00e0 Chavornay - Artisanlocal","robots":{"index":"index","follow":"follow","max-snippet":"max-snippet:-1","max-image-preview":"max-image-preview:large","max-video-preview":"max-video-preview:-1"},"canonical":"https:\/\/www.artisanlocal.ch\/c\/vos-stores-fermetures-et-fenetres-a-chavornay\/","og_locale":"fr_FR","og_type":"article","og_title":"Vos stores, fermetures, et fen\u00eatres \u00e0 Chavornay","og_description":"Artisanlocal est une soci\u00e9t\u00e9 sp\u00e9cialis\u00e9e dans la pose de stores, enseignes, lambrequin lumineux et accessoires de terrasses, \u00e0 Chavornay et dans les villes \u00e0 proximit\u00e9. Stores int\u00e9rieurs Nos stores sur mesure pour votre int\u00e9rieur am\u00e9liorent l&rsquo;esth\u00e9tique de vos fen\u00eatres, contr\u00f4ler l&rsquo;entr\u00e9e de la luminosit\u00e9 ou conserver votre intimit\u00e9. Nous offrons un large choix de stores [&hellip;]","og_url":"https:\/\/www.artisanlocal.ch\/c\/vos-stores-fermetures-et-fenetres-a-chavornay\/","og_site_name":"Artisanlocal","article_modified_time":"2025-08-26T17:24:46+00:00","og_image":[{"width":1920,"height":300,"url":"https:\/\/www.artisanlocal.ch\/c\/wp-content\/uploads\/2024\/12\/storiste.jpg","type":"image\/jpeg"}],"twitter_card":"summary_large_image","twitter_misc":{"Dur\u00e9e de lecture estim\u00e9e":"4 minutes"},"schema":{"@context":"https:\/\/schema.org","@graph":[{"@type":"WebPage","@id":"https:\/\/www.artisanlocal.ch\/c\/vos-stores-fermetures-et-fenetres-a-chavornay\/","url":"https:\/\/www.artisanlocal.ch\/c\/vos-stores-fermetures-et-fenetres-a-chavornay\/","name":"Vos stores, fermetures, et fen\u00eatres \u00e0 Chavornay - Artisanlocal","isPartOf":{"@id":"https:\/\/www.artisanlocal.ch\/c\/#website"},"primaryImageOfPage":{"@id":"https:\/\/www.artisanlocal.ch\/c\/vos-stores-fermetures-et-fenetres-a-chavornay\/#primaryimage"},"image":{"@id":"https:\/\/www.artisanlocal.ch\/c\/vos-stores-fermetures-et-fenetres-a-chavornay\/#primaryimage"},"thumbnailUrl":"https:\/\/www.artisanlocal.ch\/c\/wp-content\/uploads\/2024\/12\/storiste.jpg","datePublished":"2024-11-26T04:53:05+00:00","dateModified":"2025-08-26T17:24:46+00:00","breadcrumb":{"@id":"https:\/\/www.artisanlocal.ch\/c\/vos-stores-fermetures-et-fenetres-a-chavornay\/#breadcrumb"},"inLanguage":"fr-FR","potentialAction":[{"@type":"ReadAction","target":["https:\/\/www.artisanlocal.ch\/c\/vos-stores-fermetures-et-fenetres-a-chavornay\/"]}]},{"@type":"ImageObject","inLanguage":"fr-FR","@id":"https:\/\/www.artisanlocal.ch\/c\/vos-stores-fermetures-et-fenetres-a-chavornay\/#primaryimage","url":"https:\/\/www.artisanlocal.ch\/c\/wp-content\/uploads\/2024\/12\/storiste.jpg","contentUrl":"https:\/\/www.artisanlocal.ch\/c\/wp-content\/uploads\/2024\/12\/storiste.jpg","width":1920,"height":300},{"@type":"BreadcrumbList","@id":"https:\/\/www.artisanlocal.ch\/c\/vos-stores-fermetures-et-fenetres-a-chavornay\/#breadcrumb","itemListElement":[{"@type":"ListItem","position":1,"name":"Accueil","item":"https:\/\/www.artisanlocal.ch\/c\/"},{"@type":"ListItem","position":2,"name":"Vos stores, fermetures, et fen\u00eatres \u00e0 Chavornay"}]},{"@type":"WebSite","@id":"https:\/\/www.artisanlocal.ch\/c\/#website","url":"https:\/\/www.artisanlocal.ch\/c\/","name":"Artisanlocal","description":"","publisher":{"@id":"https:\/\/www.artisanlocal.ch\/c\/#organization"},"potentialAction":[{"@type":"SearchAction","target":{"@type":"EntryPoint","urlTemplate":"https:\/\/www.artisanlocal.ch\/c\/?s={search_term_string}"},"query-input":{"@type":"PropertyValueSpecification","valueRequired":true,"valueName":"search_term_string"}}],"inLanguage":"fr-FR"},{"@type":"Organization","@id":"https:\/\/www.artisanlocal.ch\/c\/#organization","name":"Artisanlocal","url":"https:\/\/www.artisanlocal.ch\/c\/","logo":{"@type":"ImageObject","inLanguage":"fr-FR","@id":"https:\/\/www.artisanlocal.ch\/c\/#\/schema\/logo\/image\/","url":"https:\/\/www.artisanlocal.ch\/c\/wp-content\/uploads\/2024\/02\/logo-artisanlocal-h.svg","contentUrl":"https:\/\/www.artisanlocal.ch\/c\/wp-content\/uploads\/2024\/02\/logo-artisanlocal-h.svg","caption":"Artisanlocal"},"image":{"@id":"https:\/\/www.artisanlocal.ch\/c\/#\/schema\/logo\/image\/"}}]}},"_links":{"self":[{"href":"https:\/\/www.artisanlocal.ch\/c\/wp-json\/wp\/v2\/pages\/3029","targetHints":{"allow":["GET"]}}],"collection":[{"href":"https:\/\/www.artisanlocal.ch\/c\/wp-json\/wp\/v2\/pages"}],"about":[{"href":"https:\/\/www.artisanlocal.ch\/c\/wp-json\/wp\/v2\/types\/page"}],"author":[{"embeddable":true,"href":"https:\/\/www.artisanlocal.ch\/c\/wp-json\/wp\/v2\/users\/4"}],"replies":[{"embeddable":true,"href":"https:\/\/www.artisanlocal.ch\/c\/wp-json\/wp\/v2\/comments?post=3029"}],"version-history":[{"count":0,"href":"https:\/\/www.artisanlocal.ch\/c\/wp-json\/wp\/v2\/pages\/3029\/revisions"}],"wp:featuredmedia":[{"embeddable":true,"href":"https:\/\/www.artisanlocal.ch\/c\/wp-json\/wp\/v2\/media\/3071"}],"wp:attachment":[{"href":"https:\/\/www.artisanlocal.ch\/c\/wp-json\/wp\/v2\/media?parent=3029"}],"wp:term":[{"taxonomy":"profession","embeddable":true,"href":"https:\/\/www.artisanlocal.ch\/c\/wp-json\/wp\/v2\/profession?post=3029"},{"taxonomy":"location","embeddable":true,"href":"https:\/\/www.artisanlocal.ch\/c\/wp-json\/wp\/v2\/location?post=3029"},{"taxonomy":"canton","embeddable":true,"href":"https:\/\/www.artisanlocal.ch\/c\/wp-json\/wp\/v2\/canton?post=3029"}],"curies":[{"name":"wp","href":"https:\/\/api.w.org\/{rel}","templated":true}]}}