{"id":3030,"date":"2024-11-22T14:49:50","date_gmt":"2024-11-22T13:49:50","guid":{"rendered":"https:\/\/www.artisanlocal.ch\/c\/stores-et-fermetures-a-savigny\/"},"modified":"2025-08-26T19:24:59","modified_gmt":"2025-08-26T17:24:59","slug":"stores-et-fermetures-a-savigny","status":"publish","type":"page","link":"https:\/\/www.artisanlocal.ch\/c\/stores-et-fermetures-a-savigny\/","title":{"rendered":"Stores et fermetures \u00e0 Savigny"},"content":{"rendered":"<p>Artisanlocal est une soci\u00e9t\u00e9 sp\u00e9cialis\u00e9e dans la pose de stores, enseignes, lambrequin lumineux et accessoires de terrasses, \u00e0 Savigny et dans les communes \u00e0 proximit\u00e9.<\/p>\n\r\n<div class=\"box\">\r\n            <div class=\"company-info\">\r\n            <img decoding=\"async\" class=\"company-info__logo\" src=\"https:\/\/www.artisanlocal.ch\/media\/cache\/thumb\/images\/companies\/697c86ce42e13553717960.png\" alt=\"Logo\">\r\n            <h2 class=\"company-info__name\">T & C Stores S\u00e0rl<\/h2>\r\n            <p class=\"company-info__business\">Stores - Protection contre le soleil - Protection contre les insectes - Conseils - Pose - Entretien - R\u00e9paration<\/p>\r\n        <\/div>\r\n        <div class=\"company-contact\">\r\n            <p class=\"company-info__address\">Route de la Mortigue 10<\/p>\r\n                            <div class=\"links\">\r\n                                            <a class=\"btn has-accent-background-color js-phoneNumber\" href=\"tel:0218876906\" title=\"Appelez\" data-id=\"3093\" data-type=\"11\">021 887 69 06<\/a>\r\n                                                                <a class=\"btn has-accent-background-color\" href=\"http:\/\/www.tec-stores.ch\/\" target=\"_blank\" title=\"Voir le site internet\" data-id=\"3093\" data-type=\"20\">Site internet<\/a>\r\n                                    <\/div>\r\n                    <\/div>\r\n    \r\n            \r\n<form action=\"https:\/\/www.artisanlocal.ch\/c\/wp-admin\/admin-ajax.php\" method=\"post\" class=\"form-contact\" id=\"artisan_form_contact_company_inline\">\r\n    <div><input type=\"hidden\" name=\"action\" value=\"company_contact\"><\/div>\r\n    <div><input type=\"hidden\" name=\"nonce\" value=\"85ec494698\"><\/div>\r\n    <div><input type=\"hidden\" name=\"company_id\" value=\"3093\"><\/div>\r\n    <div><input type=\"hidden\" name=\"form_id\" value=\"artisan_form_contact_company_inline\"><\/div>\r\n    <div class=\"gglcptch gglcptch_v3 gglcptch_custom\"><input type=\"hidden\" id=\"g-recaptcha-response\" name=\"g-recaptcha-response\" \/><br \/><div class=\"gglcptch_error_text\">La p\u00e9riode de v\u00e9rification reCAPTCHA a expir\u00e9. Veuillez recharger la page.<\/div><\/div>    <div class=\"form-content\">\r\n        <div class=\"form-group\">\r\n            <label for=\"contact_firstName\" class=\"required\">Pr\u00e9nom<\/label>\r\n            <input type=\"text\" name=\"firstName\" class=\"form-control\" required>\r\n        <\/div>\r\n        <div class=\"form-group\">\r\n            <label for=\"contact_lastName\" class=\"required\">Nom<\/label>\r\n            <input type=\"text\" name=\"lastName\" class=\"form-control\" required>\r\n        <\/div>\r\n        <div class=\"form-group\">\r\n            <label for=\"contact_email\" class=\"required\">Email<\/label>\r\n            <input type=\"email\" name=\"email\" class=\"form-control\" required>\r\n        <\/div>\r\n        <div class=\"form-group\">\r\n            <label for=\"contact_phone\" class=\"required\">Num\u00e9ro de t\u00e9l\u00e9phone<\/label>\r\n            <input type=\"tel\" name=\"phone\" class=\"form-control\" placeholder=\"0787117165\" pattern=\"^[0-9]{10}$\" required>\r\n        <\/div>\r\n        <div class=\"form-group\">\r\n            <label for=\"contact_postalCode\" class=\"required\">Code postal et localit\u00e9<\/label>\r\n            <input type=\"text\" name=\"postalCode\" class=\"form-control\" required>\r\n        <\/div>\r\n        <div class=\"form-group\">\r\n            <label for=\"contact_address\" class=\"required\">Adresse<\/label>\r\n            <input type=\"text\" name=\"address\" class=\"form-control\" required>\r\n        <\/div>\r\n        <div class=\"full-width topic\">\r\n            <p class=\"required\">Je souhaite \u00eatre contact\u00e9 pour :<\/p>\r\n            <div class=\"form-check\">\r\n                <input type=\"radio\" name=\"topic\" value=\"D\u00e9pannage\" class=\"form-control\" required>\r\n                <label for=\"d\u00e9pannage\">D\u00e9pannage<\/label>\r\n            <\/div>\r\n            <div class=\"form-check\">\r\n                <input type=\"radio\" name=\"topic\" value=\"Entretien\" class=\"form-control\" required>\r\n                <label for=\"entretien\">Entretien<\/label>\r\n            <\/div>\r\n            <div class=\"form-check\">\r\n                <input type=\"radio\" name=\"topic\" value=\"R\u00e9novation\" class=\"form-control\" required>\r\n                <label for=\"r\u00e9novation\">R\u00e9novation<\/label>\r\n            <\/div>\r\n            <div class=\"form-check\">\r\n                <input type=\"radio\" name=\"topic\" value=\"Autre\" class=\"form-control\" required>\r\n                <label for=\"autre\">Autre<\/label>\r\n            <\/div>\r\n        <\/div>\r\n        <div class=\"form-group full-width\">\r\n            <label for=\"contact_message\">Message<\/label>\r\n            <textarea name=\"message\" rows=\"3\" class=\"form-control\"><\/textarea>\r\n        <\/div>\r\n    <\/div>\r\n    <div class=\"form-actions\">\r\n        <button class=\"wp-block-button__link has-accent-background-color\">Contacter<\/button>\r\n    <\/div>\r\n<\/form>\r\n<div class=\"form-feedback\"><\/div>    <\/div>\n<h2>Large choix de stores int\u00e9rieurs<\/h2>\n<p>Nos stores int\u00e9rieurs sont d\u00e9velopp\u00e9s pour embellir l&rsquo;apparence de vos fen\u00eatres, r\u00e9guler la luminosit\u00e9 et prot\u00e9gez votre confidentialit\u00e9. Nous offrons une large gamme de stores : v\u00e9nitiens, textiles, pliss\u00e9s, bandes verticales, enrouleurs, enrouleurs avec coffre, parois japonaises, rideaux, bateaux et bateaux voilage.<\/p>\n<h2>Stores ext\u00e9rieurs pour terrasses et balcons<\/h2>\n<p>Avec nos stores ext\u00e9rieurs, cr\u00e9ez des zones d&rsquo;ombre sur votre balcon ou terrasse. Nous proposons un large choix de stores ext\u00e9rieurs : loggias, verri\u00e8res et v\u00e9randas, mais aussi fen\u00eatres, pourvues de coffres, semi-coffres, bannes, \u00e0 bras t\u00e9lescopiques ou articul\u00e9s.<\/p>\n<h2>Pergolas bioclimatiques et pergolas<\/h2>\n<p>Si vous souhaitez vous prot\u00e9ger des intemp\u00e9ries, nous vous recommandons de choisir une pergola. Nous avons une gamme de pergolas : \u00e0 lames r\u00e9tractables, \u00e0 toits fixes, toiles de protection solaire verticale ou avec panneaux verticaux.<\/p>\n<h2>Lambrequin lumineux LED<\/h2>\n<p>Gr\u00e2ce \u00e0 nos lambrequins lumineux, votre commerce sera vu m\u00eame la nuit ou par temps pluvieux.&nbsp;<\/p>\n<h2>Store banne : changement de toile (rentoilage)<\/h2>\n<p>Nous proposons \u00e9galement le rentoilage de stores banne qui permet d\u2019\u00e9viter le remplacement du store.<\/p>\n<h2>Fen\u00eatres bois &amp; aluminium<\/h2>\n<p>Si vous avez choisi de remplacer vos fen\u00eatres. Nous construisons et mettons en place vos fen\u00eatres coulissantes et battantes : PVC, en bois ou aluminium.<\/p>\n<h2>Volet roulant manuel ou \u00e9lectrique<\/h2>\n<p>Si vous avez besoin d\u2019une meilleure protection phonique, thermique ou solaire, nous proposons aussi des volets roulants motoris\u00e9s ou manuels : m\u00e9talliques, persiennes, alu, solaires ou bois.<\/p>\n<h2>Film solaire sur mesure pour fen\u00eatre \u00e0 Savigny<\/h2>\n<p>Le film de protection solaire pour vitrage permet de diminuer la temp\u00e9rature ambiante de votre espace int\u00e9rieur, de vous prot\u00e9ger des rayons UV, et de prot\u00e9ger votre intimit\u00e9 des regards.<\/p>\n<h2>Menuiserie Savigny : Alu, PVC, Bois<\/h2>\n<p>Artisanlocal propose d\u2019autres solutions personnalis\u00e9es, comme les :<\/p>\n<ul>\n<li>Fen\u00eatres.<\/li>\n<li>Volets.<\/li>\n<li>Portails et portes.<\/li>\n<li>Alarmes.<\/li>\n<li>Domotiques.<\/li>\n<li>Portes de garage.<\/li>\n<li>Carport.<\/li>\n<li>Garde-corps ext\u00e9rieurs.<\/li>\n<\/ul>\n<h2>Nos secteurs d&rsquo;activit\u00e9<\/h2>\n<h3>Les entreprises : caf\u00e9s, commerces de proximit\u00e9, brasseries et h\u00f4tels<\/h3>\n<p>Notre soci\u00e9t\u00e9 est experte dans la conception, la fabrication, et l\u2019installation de stores pour les entreprises \u00e0 Savigny, comme : les bureaux, les boutiques et les restaurants.&nbsp;<\/p>\n<h3>Les particuliers et les copropri\u00e9t\u00e9s<\/h3>\n<p>Nous op\u00e9rons chez les particuliers et dans les copropri\u00e9t\u00e9s pour poser vos pergolas, pergolas bioclimatiques, volets battants, fen\u00eatres, stores de terrasse, volets roulants, v\u00e9randa et stores int\u00e9rieurs.<\/p>\n<h2>Nos services<\/h2>\n<h3>Conception technique<\/h3>\n<p>Nous r\u00e9alisons vos stores personnalis\u00e9s en fonction de vos attentes.<\/p>\n<h3>Pose personnalis\u00e9<\/h3>\n<p>Les techniciens d&rsquo;Artisanlocal op\u00e8rent \u00e0 Savigny pour mesurer et installer vos stores sur mesure.<\/p>\n<h3>R\u00e9paration de store \u00e0 Savigny<\/h3>\n<p>Nos storistes sont sp\u00e9cialis\u00e9s dans la r\u00e9paration et remplacement de stores, au cours de leur intervention, ils changent les parties endommag\u00e9es.<\/p>\n<h3>Service d\u2019entretien<\/h3>\n<p>Un entretien r\u00e9alis\u00e9 ponctuellement permet d\u2019augmenter la long\u00e9vit\u00e9 de vos stores. Un storiste doit venir chez vous pour contr\u00f4ler l\u2019\u00e9tat du store et si oblig\u00e9 effectuer la r\u00e9paration, le remplacement ou le rentoilage.<\/p>\n<h3>Options<\/h3>\n<p>Nous proposons diff\u00e9rentes options d\u2019ouverture (manuelle ou \u00e9lectrique) pour les stores, volets et portes de garage.<\/p>\n<h2>Pourquoi choisir Artisanlocal. Ch ?<\/h2>\n<p>Notre soci\u00e9t\u00e9 est experte dans la pose et l\u2019entretien de stores et de fermetures \u00e0 Savigny. Nos storistes vous guideront dans le choix de votre store pour r\u00e9pondre au mieux \u00e0 vos demandes.<\/p>\n<h3>Large gamme<\/h3>\n<p>Nous proposons une s\u00e9lection de stores ext\u00e9rieurs et int\u00e9rieurs.<\/p>\n<h3>Devis en ligne gratuit<\/h3>\n<p>Recevez nos devis gratuits. Nos estimations sont pr\u00e9cises et transparentes.&nbsp;<\/p>\n<h3>\u00c9valuation<\/h3>\n<p>Nous regardons toujours la viabilit\u00e9 des projets, en fonction de vos attentes, nous imaginons des plans sur mesure pour installer vos stores.<\/p>\n<h3>Faire le choix de la qualit\u00e9<\/h3>\n<p>Nous utilisons pour nos stores des mat\u00e9riaux performants, afin de garantir une bonne long\u00e9vit\u00e9.<\/p>\n<h3>Service rapide \u00e0 Savigny<\/h3>\n<p>Le storiste qui est situ\u00e9 \u00e0 Savigny op\u00e8re rapidement chez vous pour poser ou d\u00e9panner vos stores.<\/p>\n<h2>FAQ<\/h2>\n<h3>Est-il possible de motoriser des stores pos\u00e9s ?<\/h3>\n<p>Oui, la motorisation d&rsquo;un store est enti\u00e8rement possible, seulement (selon certaines conditions). Un de nos storistes se d\u00e9place \u00e0 votre domicile pour estimer la viabilit\u00e9 du projet.<\/p>\n<h3>Votre entreprise intervient-elle dans les communes proches de Savigny ? ?<\/h3>\n<p>Oui, nos storistes interviennent \u00e0 Savigny, mais aussi dans les villes aux alentours, par exemple : Peney-le-Jorat, Forel (Lavaux), Mollie-Margot, Ferlens VD, Servion, Essertes, Les Cullayes, Montpreveyres, Corcelles-le-Jorat, M\u00e9zi\u00e8res VD, Carrouge VD, Vulliens, Ropraz, Les Tavernes, Les Thioleyres, Pal\u00e9zieux, Pal\u00e9zieux-Village, Oron-le-Ch\u00e2tel, Chapelle (Gl\u00e2ne), Bussigny-sur-Oron, Chesalles-sur-Oron, Ch\u00e2tillens, Oron-la-Ville, Vuibroye, Le Cr\u00eat-pr\u00e8s-Semsales, Ecoteaux, Maracon.<\/p>\n","protected":false},"excerpt":{"rendered":"<p>Artisanlocal est une soci\u00e9t\u00e9 sp\u00e9cialis\u00e9e dans la pose de stores, enseignes, lambrequin lumineux et accessoires de terrasses, \u00e0 Savigny et dans les communes \u00e0 proximit\u00e9. Large choix de stores int\u00e9rieurs Nos stores int\u00e9rieurs sont d\u00e9velopp\u00e9s pour embellir l&rsquo;apparence de vos fen\u00eatres, r\u00e9guler la luminosit\u00e9 et prot\u00e9gez votre confidentialit\u00e9. Nous offrons une large gamme de stores [&hellip;]<\/p>\n","protected":false},"author":4,"featured_media":3071,"parent":0,"menu_order":0,"comment_status":"closed","ping_status":"closed","template":"","meta":{"footnotes":""},"profession":[130],"location":[94],"canton":[113],"class_list":["post-3030","page","type-page","status-publish","has-post-thumbnail","hentry","profession-storiste","location-savigny","canton-vd"],"yoast_head":"<!-- This site is optimized with the Yoast SEO Premium plugin v25.7.1 (Yoast SEO v27.3) - https:\/\/yoast.com\/product\/yoast-seo-premium-wordpress\/ -->\n<title>Stores et fermetures \u00e0 Savigny - Artisanlocal<\/title>\n<meta name=\"robots\" content=\"index, follow, max-snippet:-1, max-image-preview:large, max-video-preview:-1\" \/>\n<link rel=\"canonical\" href=\"https:\/\/www.artisanlocal.ch\/c\/stores-et-fermetures-a-savigny\/\" \/>\n<meta property=\"og:locale\" content=\"fr_FR\" \/>\n<meta property=\"og:type\" content=\"article\" \/>\n<meta property=\"og:title\" content=\"Stores et fermetures \u00e0 Savigny\" \/>\n<meta property=\"og:description\" content=\"Artisanlocal est une soci\u00e9t\u00e9 sp\u00e9cialis\u00e9e dans la pose de stores, enseignes, lambrequin lumineux et accessoires de terrasses, \u00e0 Savigny et dans les communes \u00e0 proximit\u00e9. Large choix de stores int\u00e9rieurs Nos stores int\u00e9rieurs sont d\u00e9velopp\u00e9s pour embellir l&rsquo;apparence de vos fen\u00eatres, r\u00e9guler la luminosit\u00e9 et prot\u00e9gez votre confidentialit\u00e9. Nous offrons une large gamme de stores [&hellip;]\" \/>\n<meta property=\"og:url\" content=\"https:\/\/www.artisanlocal.ch\/c\/stores-et-fermetures-a-savigny\/\" \/>\n<meta property=\"og:site_name\" content=\"Artisanlocal\" \/>\n<meta property=\"article:modified_time\" content=\"2025-08-26T17:24:59+00:00\" \/>\n<meta property=\"og:image\" content=\"https:\/\/www.artisanlocal.ch\/c\/wp-content\/uploads\/2024\/12\/storiste.jpg\" \/>\n\t<meta property=\"og:image:width\" content=\"1920\" \/>\n\t<meta property=\"og:image:height\" content=\"300\" \/>\n\t<meta property=\"og:image:type\" content=\"image\/jpeg\" \/>\n<meta name=\"twitter:card\" content=\"summary_large_image\" \/>\n<meta name=\"twitter:label1\" content=\"Dur\u00e9e de lecture estim\u00e9e\" \/>\n\t<meta name=\"twitter:data1\" content=\"4 minutes\" \/>\n<script type=\"application\/ld+json\" class=\"yoast-schema-graph\">{\"@context\":\"https:\\\/\\\/schema.org\",\"@graph\":[{\"@type\":\"WebPage\",\"@id\":\"https:\\\/\\\/www.artisanlocal.ch\\\/c\\\/stores-et-fermetures-a-savigny\\\/\",\"url\":\"https:\\\/\\\/www.artisanlocal.ch\\\/c\\\/stores-et-fermetures-a-savigny\\\/\",\"name\":\"Stores et fermetures \u00e0 Savigny - Artisanlocal\",\"isPartOf\":{\"@id\":\"https:\\\/\\\/www.artisanlocal.ch\\\/c\\\/#website\"},\"primaryImageOfPage\":{\"@id\":\"https:\\\/\\\/www.artisanlocal.ch\\\/c\\\/stores-et-fermetures-a-savigny\\\/#primaryimage\"},\"image\":{\"@id\":\"https:\\\/\\\/www.artisanlocal.ch\\\/c\\\/stores-et-fermetures-a-savigny\\\/#primaryimage\"},\"thumbnailUrl\":\"https:\\\/\\\/www.artisanlocal.ch\\\/c\\\/wp-content\\\/uploads\\\/2024\\\/12\\\/storiste.jpg\",\"datePublished\":\"2024-11-22T13:49:50+00:00\",\"dateModified\":\"2025-08-26T17:24:59+00:00\",\"breadcrumb\":{\"@id\":\"https:\\\/\\\/www.artisanlocal.ch\\\/c\\\/stores-et-fermetures-a-savigny\\\/#breadcrumb\"},\"inLanguage\":\"fr-FR\",\"potentialAction\":[{\"@type\":\"ReadAction\",\"target\":[\"https:\\\/\\\/www.artisanlocal.ch\\\/c\\\/stores-et-fermetures-a-savigny\\\/\"]}]},{\"@type\":\"ImageObject\",\"inLanguage\":\"fr-FR\",\"@id\":\"https:\\\/\\\/www.artisanlocal.ch\\\/c\\\/stores-et-fermetures-a-savigny\\\/#primaryimage\",\"url\":\"https:\\\/\\\/www.artisanlocal.ch\\\/c\\\/wp-content\\\/uploads\\\/2024\\\/12\\\/storiste.jpg\",\"contentUrl\":\"https:\\\/\\\/www.artisanlocal.ch\\\/c\\\/wp-content\\\/uploads\\\/2024\\\/12\\\/storiste.jpg\",\"width\":1920,\"height\":300},{\"@type\":\"BreadcrumbList\",\"@id\":\"https:\\\/\\\/www.artisanlocal.ch\\\/c\\\/stores-et-fermetures-a-savigny\\\/#breadcrumb\",\"itemListElement\":[{\"@type\":\"ListItem\",\"position\":1,\"name\":\"Accueil\",\"item\":\"https:\\\/\\\/www.artisanlocal.ch\\\/c\\\/\"},{\"@type\":\"ListItem\",\"position\":2,\"name\":\"Stores et fermetures \u00e0 Savigny\"}]},{\"@type\":\"WebSite\",\"@id\":\"https:\\\/\\\/www.artisanlocal.ch\\\/c\\\/#website\",\"url\":\"https:\\\/\\\/www.artisanlocal.ch\\\/c\\\/\",\"name\":\"Artisanlocal\",\"description\":\"\",\"publisher\":{\"@id\":\"https:\\\/\\\/www.artisanlocal.ch\\\/c\\\/#organization\"},\"potentialAction\":[{\"@type\":\"SearchAction\",\"target\":{\"@type\":\"EntryPoint\",\"urlTemplate\":\"https:\\\/\\\/www.artisanlocal.ch\\\/c\\\/?s={search_term_string}\"},\"query-input\":{\"@type\":\"PropertyValueSpecification\",\"valueRequired\":true,\"valueName\":\"search_term_string\"}}],\"inLanguage\":\"fr-FR\"},{\"@type\":\"Organization\",\"@id\":\"https:\\\/\\\/www.artisanlocal.ch\\\/c\\\/#organization\",\"name\":\"Artisanlocal\",\"url\":\"https:\\\/\\\/www.artisanlocal.ch\\\/c\\\/\",\"logo\":{\"@type\":\"ImageObject\",\"inLanguage\":\"fr-FR\",\"@id\":\"https:\\\/\\\/www.artisanlocal.ch\\\/c\\\/#\\\/schema\\\/logo\\\/image\\\/\",\"url\":\"https:\\\/\\\/www.artisanlocal.ch\\\/c\\\/wp-content\\\/uploads\\\/2024\\\/02\\\/logo-artisanlocal-h.svg\",\"contentUrl\":\"https:\\\/\\\/www.artisanlocal.ch\\\/c\\\/wp-content\\\/uploads\\\/2024\\\/02\\\/logo-artisanlocal-h.svg\",\"caption\":\"Artisanlocal\"},\"image\":{\"@id\":\"https:\\\/\\\/www.artisanlocal.ch\\\/c\\\/#\\\/schema\\\/logo\\\/image\\\/\"}}]}<\/script>\n<!-- \/ Yoast SEO Premium plugin. -->","yoast_head_json":{"title":"Stores et fermetures \u00e0 Savigny - Artisanlocal","robots":{"index":"index","follow":"follow","max-snippet":"max-snippet:-1","max-image-preview":"max-image-preview:large","max-video-preview":"max-video-preview:-1"},"canonical":"https:\/\/www.artisanlocal.ch\/c\/stores-et-fermetures-a-savigny\/","og_locale":"fr_FR","og_type":"article","og_title":"Stores et fermetures \u00e0 Savigny","og_description":"Artisanlocal est une soci\u00e9t\u00e9 sp\u00e9cialis\u00e9e dans la pose de stores, enseignes, lambrequin lumineux et accessoires de terrasses, \u00e0 Savigny et dans les communes \u00e0 proximit\u00e9. Large choix de stores int\u00e9rieurs Nos stores int\u00e9rieurs sont d\u00e9velopp\u00e9s pour embellir l&rsquo;apparence de vos fen\u00eatres, r\u00e9guler la luminosit\u00e9 et prot\u00e9gez votre confidentialit\u00e9. Nous offrons une large gamme de stores [&hellip;]","og_url":"https:\/\/www.artisanlocal.ch\/c\/stores-et-fermetures-a-savigny\/","og_site_name":"Artisanlocal","article_modified_time":"2025-08-26T17:24:59+00:00","og_image":[{"width":1920,"height":300,"url":"https:\/\/www.artisanlocal.ch\/c\/wp-content\/uploads\/2024\/12\/storiste.jpg","type":"image\/jpeg"}],"twitter_card":"summary_large_image","twitter_misc":{"Dur\u00e9e de lecture estim\u00e9e":"4 minutes"},"schema":{"@context":"https:\/\/schema.org","@graph":[{"@type":"WebPage","@id":"https:\/\/www.artisanlocal.ch\/c\/stores-et-fermetures-a-savigny\/","url":"https:\/\/www.artisanlocal.ch\/c\/stores-et-fermetures-a-savigny\/","name":"Stores et fermetures \u00e0 Savigny - Artisanlocal","isPartOf":{"@id":"https:\/\/www.artisanlocal.ch\/c\/#website"},"primaryImageOfPage":{"@id":"https:\/\/www.artisanlocal.ch\/c\/stores-et-fermetures-a-savigny\/#primaryimage"},"image":{"@id":"https:\/\/www.artisanlocal.ch\/c\/stores-et-fermetures-a-savigny\/#primaryimage"},"thumbnailUrl":"https:\/\/www.artisanlocal.ch\/c\/wp-content\/uploads\/2024\/12\/storiste.jpg","datePublished":"2024-11-22T13:49:50+00:00","dateModified":"2025-08-26T17:24:59+00:00","breadcrumb":{"@id":"https:\/\/www.artisanlocal.ch\/c\/stores-et-fermetures-a-savigny\/#breadcrumb"},"inLanguage":"fr-FR","potentialAction":[{"@type":"ReadAction","target":["https:\/\/www.artisanlocal.ch\/c\/stores-et-fermetures-a-savigny\/"]}]},{"@type":"ImageObject","inLanguage":"fr-FR","@id":"https:\/\/www.artisanlocal.ch\/c\/stores-et-fermetures-a-savigny\/#primaryimage","url":"https:\/\/www.artisanlocal.ch\/c\/wp-content\/uploads\/2024\/12\/storiste.jpg","contentUrl":"https:\/\/www.artisanlocal.ch\/c\/wp-content\/uploads\/2024\/12\/storiste.jpg","width":1920,"height":300},{"@type":"BreadcrumbList","@id":"https:\/\/www.artisanlocal.ch\/c\/stores-et-fermetures-a-savigny\/#breadcrumb","itemListElement":[{"@type":"ListItem","position":1,"name":"Accueil","item":"https:\/\/www.artisanlocal.ch\/c\/"},{"@type":"ListItem","position":2,"name":"Stores et fermetures \u00e0 Savigny"}]},{"@type":"WebSite","@id":"https:\/\/www.artisanlocal.ch\/c\/#website","url":"https:\/\/www.artisanlocal.ch\/c\/","name":"Artisanlocal","description":"","publisher":{"@id":"https:\/\/www.artisanlocal.ch\/c\/#organization"},"potentialAction":[{"@type":"SearchAction","target":{"@type":"EntryPoint","urlTemplate":"https:\/\/www.artisanlocal.ch\/c\/?s={search_term_string}"},"query-input":{"@type":"PropertyValueSpecification","valueRequired":true,"valueName":"search_term_string"}}],"inLanguage":"fr-FR"},{"@type":"Organization","@id":"https:\/\/www.artisanlocal.ch\/c\/#organization","name":"Artisanlocal","url":"https:\/\/www.artisanlocal.ch\/c\/","logo":{"@type":"ImageObject","inLanguage":"fr-FR","@id":"https:\/\/www.artisanlocal.ch\/c\/#\/schema\/logo\/image\/","url":"https:\/\/www.artisanlocal.ch\/c\/wp-content\/uploads\/2024\/02\/logo-artisanlocal-h.svg","contentUrl":"https:\/\/www.artisanlocal.ch\/c\/wp-content\/uploads\/2024\/02\/logo-artisanlocal-h.svg","caption":"Artisanlocal"},"image":{"@id":"https:\/\/www.artisanlocal.ch\/c\/#\/schema\/logo\/image\/"}}]}},"_links":{"self":[{"href":"https:\/\/www.artisanlocal.ch\/c\/wp-json\/wp\/v2\/pages\/3030","targetHints":{"allow":["GET"]}}],"collection":[{"href":"https:\/\/www.artisanlocal.ch\/c\/wp-json\/wp\/v2\/pages"}],"about":[{"href":"https:\/\/www.artisanlocal.ch\/c\/wp-json\/wp\/v2\/types\/page"}],"author":[{"embeddable":true,"href":"https:\/\/www.artisanlocal.ch\/c\/wp-json\/wp\/v2\/users\/4"}],"replies":[{"embeddable":true,"href":"https:\/\/www.artisanlocal.ch\/c\/wp-json\/wp\/v2\/comments?post=3030"}],"version-history":[{"count":0,"href":"https:\/\/www.artisanlocal.ch\/c\/wp-json\/wp\/v2\/pages\/3030\/revisions"}],"wp:featuredmedia":[{"embeddable":true,"href":"https:\/\/www.artisanlocal.ch\/c\/wp-json\/wp\/v2\/media\/3071"}],"wp:attachment":[{"href":"https:\/\/www.artisanlocal.ch\/c\/wp-json\/wp\/v2\/media?parent=3030"}],"wp:term":[{"taxonomy":"profession","embeddable":true,"href":"https:\/\/www.artisanlocal.ch\/c\/wp-json\/wp\/v2\/profession?post=3030"},{"taxonomy":"location","embeddable":true,"href":"https:\/\/www.artisanlocal.ch\/c\/wp-json\/wp\/v2\/location?post=3030"},{"taxonomy":"canton","embeddable":true,"href":"https:\/\/www.artisanlocal.ch\/c\/wp-json\/wp\/v2\/canton?post=3030"}],"curies":[{"name":"wp","href":"https:\/\/api.w.org\/{rel}","templated":true}]}}