{"id":3034,"date":"2024-12-03T11:35:54","date_gmt":"2024-12-03T10:35:54","guid":{"rendered":"https:\/\/www.artisanlocal.ch\/c\/confiez-linstallation-de-votre-store-a-un-professionnel-qualifie-a-bex\/"},"modified":"2025-08-26T19:24:03","modified_gmt":"2025-08-26T17:24:03","slug":"confiez-linstallation-de-votre-store-a-un-professionnel-qualifie-a-bex","status":"publish","type":"page","link":"https:\/\/www.artisanlocal.ch\/c\/confiez-linstallation-de-votre-store-a-un-professionnel-qualifie-a-bex\/","title":{"rendered":"Confiez l&rsquo;installation de votre store \u00e0 un professionnel qualifi\u00e9 \u00e0 Bex"},"content":{"rendered":"<p>Notre soci\u00e9t\u00e9 est expert dans l&rsquo;installation de stores, enseignes, accessoires pour terrasses et lambrequins lumineux, op\u00e8re \u00e0 Bex et dans les localit\u00e9s \u00e0 proximit\u00e9s.<\/p>\n\r\n<div class=\"box\">\r\n            <div class=\"company-info\">\r\n            <img decoding=\"async\" class=\"company-info__logo\" src=\"https:\/\/www.artisanlocal.ch\/media\/cache\/thumb\/images\/companies\/gmc-stores-sarl.png\" alt=\"Logo\">\r\n            <h2 class=\"company-info__name\">GMC Stores S\u00e0rl<\/h2>\r\n            <p class=\"company-info__business\">Stores - Protection contre le soleil - R\u00e9parations - Volets - Portes de garage - Moustiquaires - Motorisation et domotique - Parasols - Pergolas<\/p>\r\n        <\/div>\r\n        <div class=\"company-contact\">\r\n            <p class=\"company-info__address\">Zone Industrielle C 68<\/p>\r\n                            <div class=\"links\">\r\n                                            <a class=\"btn has-accent-background-color js-phoneNumber\" href=\"tel:0219604848\" title=\"Appelez\" data-id=\"11971\" data-type=\"11\">021 960 48 48<\/a>\r\n                                                                <a class=\"btn has-accent-background-color\" href=\"http:\/\/www.gmc-stores.ch\/index.html\" target=\"_blank\" title=\"Voir le site internet\" data-id=\"11971\" data-type=\"20\">Site internet<\/a>\r\n                                    <\/div>\r\n                    <\/div>\r\n    \r\n            \r\n<form action=\"https:\/\/www.artisanlocal.ch\/c\/wp-admin\/admin-ajax.php\" method=\"post\" class=\"form-contact\" id=\"artisan_form_contact_company_inline\">\r\n    <div><input type=\"hidden\" name=\"action\" value=\"company_contact\"><\/div>\r\n    <div><input type=\"hidden\" name=\"nonce\" value=\"85ec494698\"><\/div>\r\n    <div><input type=\"hidden\" name=\"company_id\" value=\"11971\"><\/div>\r\n    <div><input type=\"hidden\" name=\"form_id\" value=\"artisan_form_contact_company_inline\"><\/div>\r\n    <div class=\"gglcptch gglcptch_v3 gglcptch_custom\"><input type=\"hidden\" id=\"g-recaptcha-response\" name=\"g-recaptcha-response\" \/><br \/><div class=\"gglcptch_error_text\">La p\u00e9riode de v\u00e9rification reCAPTCHA a expir\u00e9. Veuillez recharger la page.<\/div><\/div>    <div class=\"form-content\">\r\n        <div class=\"form-group\">\r\n            <label for=\"contact_firstName\" class=\"required\">Pr\u00e9nom<\/label>\r\n            <input type=\"text\" name=\"firstName\" class=\"form-control\" required>\r\n        <\/div>\r\n        <div class=\"form-group\">\r\n            <label for=\"contact_lastName\" class=\"required\">Nom<\/label>\r\n            <input type=\"text\" name=\"lastName\" class=\"form-control\" required>\r\n        <\/div>\r\n        <div class=\"form-group\">\r\n            <label for=\"contact_email\" class=\"required\">Email<\/label>\r\n            <input type=\"email\" name=\"email\" class=\"form-control\" required>\r\n        <\/div>\r\n        <div class=\"form-group\">\r\n            <label for=\"contact_phone\" class=\"required\">Num\u00e9ro de t\u00e9l\u00e9phone<\/label>\r\n            <input type=\"tel\" name=\"phone\" class=\"form-control\" placeholder=\"0787117165\" pattern=\"^[0-9]{10}$\" required>\r\n        <\/div>\r\n        <div class=\"form-group\">\r\n            <label for=\"contact_postalCode\" class=\"required\">Code postal et localit\u00e9<\/label>\r\n            <input type=\"text\" name=\"postalCode\" class=\"form-control\" required>\r\n        <\/div>\r\n        <div class=\"form-group\">\r\n            <label for=\"contact_address\" class=\"required\">Adresse<\/label>\r\n            <input type=\"text\" name=\"address\" class=\"form-control\" required>\r\n        <\/div>\r\n        <div class=\"full-width topic\">\r\n            <p class=\"required\">Je souhaite \u00eatre contact\u00e9 pour :<\/p>\r\n            <div class=\"form-check\">\r\n                <input type=\"radio\" name=\"topic\" value=\"D\u00e9pannage\" class=\"form-control\" required>\r\n                <label for=\"d\u00e9pannage\">D\u00e9pannage<\/label>\r\n            <\/div>\r\n            <div class=\"form-check\">\r\n                <input type=\"radio\" name=\"topic\" value=\"Entretien\" class=\"form-control\" required>\r\n                <label for=\"entretien\">Entretien<\/label>\r\n            <\/div>\r\n            <div class=\"form-check\">\r\n                <input type=\"radio\" name=\"topic\" value=\"R\u00e9novation\" class=\"form-control\" required>\r\n                <label for=\"r\u00e9novation\">R\u00e9novation<\/label>\r\n            <\/div>\r\n            <div class=\"form-check\">\r\n                <input type=\"radio\" name=\"topic\" value=\"Autre\" class=\"form-control\" required>\r\n                <label for=\"autre\">Autre<\/label>\r\n            <\/div>\r\n        <\/div>\r\n        <div class=\"form-group full-width\">\r\n            <label for=\"contact_message\">Message<\/label>\r\n            <textarea name=\"message\" rows=\"3\" class=\"form-control\"><\/textarea>\r\n        <\/div>\r\n    <\/div>\r\n    <div class=\"form-actions\">\r\n        <button class=\"wp-block-button__link has-accent-background-color\">Contacter<\/button>\r\n    <\/div>\r\n<\/form>\r\n<div class=\"form-feedback\"><\/div>    <\/div>\n<h2>Tous types de stores int\u00e9rieurs<\/h2>\n<p>Nos stores int\u00e9rieurs sont d\u00e9velopp\u00e9s pour embellir l&rsquo;apparence de vos fen\u00eatres, contr\u00f4ler l\u2019entr\u00e9e de la lumi\u00e8re ou conserver votre intimit\u00e9. Nous proposons une large gamme de stores : textiles, enrouleurs, bateaux, pliss\u00e9s, rideaux, parois japonaises, v\u00e9nitiens, bandes verticales, enrouleurs avec coffre et bateaux voilage.<\/p>\n<h2>Stores ext\u00e9rieurs<\/h2>\n<p>Nos stores ext\u00e9rieurs sur-mesure sont adapt\u00e9s pour cr\u00e9er des zones ombrag\u00e9es. Nous proposons une large gamme de stores ext\u00e9rieurs : verri\u00e8res, loggias et v\u00e9randas, mais aussi fen\u00eatres, \u00e9quip\u00e9es de coffres, semi-coffres, bannes, \u00e0 bras t\u00e9lescopiques ou articul\u00e9s.<\/p>\n<h2>Pergolas bioclimatiques et pergolas<\/h2>\n<p>Si vous cherchez une protection contre la pluie, nous vous recommandons de choisir une pergola. Nous proposons des pergolas : toiles de protection solaire verticale, \u00e0 lames r\u00e9tractables, \u00e0 toits fixes ou avec panneaux verticaux.<\/p>\n<h2>Lambrequin lumineux LED<\/h2>\n<p>Gr\u00e2ce \u00e0 nos lambrequins lumineux, votre \u00e9tablissement sera vu m\u00eame la nuit ou par temps pluvieux.&nbsp;<\/p>\n<h2>Store banne : changement de toile (rentoilage)<\/h2>\n<p>Notre entreprise propose \u00e9galement le rentoilage de stores banne qui est une solution \u00e9conomique et vous permet d&#8217;emp\u00eacher le remplacement complet de votre store.<\/p>\n<h2>Fen\u00eatre bois aluminium \u00e0 Bex<\/h2>\n<p>Si vous avez choisi de changer vos fen\u00eatres. Nous concevons et mettons en place vos fen\u00eatres coulissantes et battantes : en bois, aluminium ou PVC.<\/p>\n<h2>Volets roulants avec ou sans motorisation<\/h2>\n<p>Les volets roulants offrent une meilleure protection thermique, et une protection solaire et phonique. Ils diminuent les d\u00e9perditions \u00e9nerg\u00e9tiques : solaires, aluminium, persiennes, bois ou m\u00e9talliques.<\/p>\n<h2>Film solaire sur mesure pour fen\u00eatre \u00e0 Bex<\/h2>\n<p>Le film solaire pour vitrage permet de diminuer la temp\u00e9rature ambiante de votre int\u00e9rieur, de renforcer votre s\u00e9curit\u00e9 en prot\u00e9geant votre intimit\u00e9 des regards, et des rayons UV dangereux.<\/p>\n<h2>Menuiserie \u00e0 Bex<\/h2>\n<p>Notre entreprise a une large choix de produits, comme les :<\/p>\n<ul>\n<li>Portes et portails.<\/li>\n<li>Domotiques.<\/li>\n<li>Fen\u00eatres.<\/li>\n<li>Portes de garage.<\/li>\n<li>Carport.<\/li>\n<li>Garde-corps ext\u00e9rieurs.<\/li>\n<li>Volets.<\/li>\n<li>Alarmes.<\/li>\n<\/ul>\n<h2>Nos secteurs d&rsquo;activit\u00e9 \u00e0 Bex<\/h2>\n<h3>Les entreprises : caf\u00e9s, boutiques, brasseries et restaurants<\/h3>\n<p>Notre entreprise est experte dans la conception, la fabrication, et la mise en place de stores pour les entreprises \u00e0 Bex, comme : les bureaux, les boutiques et les restaurants.&nbsp;<\/p>\n<h3>Pour les copropri\u00e9t\u00e9s et particuliers<\/h3>\n<p>Intervention dans les copropri\u00e9t\u00e9s et chez les particuliers, nous installons vos pergolas, pergolas bioclimatiques, volets battants, fen\u00eatres, stores de terrasse, volets roulants, v\u00e9randa et stores int\u00e9rieurs.<\/p>\n<h2>Nos services &amp; prestations<\/h2>\n<h3>Conception de stores sur mesure<\/h3>\n<p>Nous concevons tous les stores sur mesures et en fonction de vos besoins et probl\u00e9matiques.<\/p>\n<h3>Installation personnalis\u00e9<\/h3>\n<p>Nos techniciens op\u00e8rent \u00e0 Bex pour panifier et poser vos stores en fonction de vos attentes.<\/p>\n<h3>Service de r\u00e9paration de stores<\/h3>\n<p>Nos storistes sont sp\u00e9cialis\u00e9s dans la r\u00e9paration et remplacement de stores, au cours de leur intervention, ils changent les \u00e9l\u00e9ments d\u00e9fectueux.<\/p>\n<h3>Entretien de store \u00e0 Bex<\/h3>\n<p>Une maintenance r\u00e9guli\u00e8re permet d&rsquo;augmenter la durabilit\u00e9 de vos stores. Un technicien doit venir \u00e0 votre domicile pour contr\u00f4ler l\u2019\u00e9tat de votre store et si n\u00e9cessaire effectuer le rentoilage, la r\u00e9paration et le remplacement.<\/p>\n<h3>Options<\/h3>\n<p>Nous proposons diff\u00e9rents mod\u00e8les d\u2019ouverture (\u00e9lectrique ou manuelle) pour les portes de garage, les stores et les volets.<\/p>\n<h2>Pourquoi choisir Artisanlocal ?<\/h2>\n<p>Notre soci\u00e9t\u00e9 \u00e9tabli \u00e0 Bex est sp\u00e9cialis\u00e9e dans la mise en place et la r\u00e9paration des stores. Nos techniciens vous guideront dans le choix de votre store pour r\u00e9pondre au mieux \u00e0 vos attentes.<\/p>\n<h3>Large gamme<\/h3>\n<p>Nous proposons un large choix de stores ext\u00e9rieurs et int\u00e9rieurs.<\/p>\n<h3>Devis gratuits<\/h3>\n<p>Recevez un devis gratuit et sans engagement. Nos estimations sont d\u00e9taill\u00e9es.&nbsp;<\/p>\n<h3>Diagnostic<\/h3>\n<p>Nous analysons toujours la viabilit\u00e9 des projets, en fonction de vos attentes, nous concevons des plans pour poser vos stores.<\/p>\n<h3>Mat\u00e9riaux de qualit\u00e9<\/h3>\n<p>Nous utilisons des mat\u00e9riaux de qualit\u00e9 pour les stores que nous posons.<\/p>\n<h3>Service rapide \u00e0 Bex<\/h3>\n<p>Notre entreprise est localis\u00e9e au milieu de Bex pour intervenir rapidement chez vous.<\/p>\n<h2>Foire Aux Questions<\/h2>\n<h3>Les stores existants peuvent-ils \u00eatre m\u00e9canis\u00e9s ?<\/h3>\n<p>Oui, la m\u00e9canisation d&rsquo;un store est tout \u00e0 fait possible, seulement sous certaines conditions. Un de nos storistes se d\u00e9place \u00e0 votre domicile pour \u00e9valuer la viabilit\u00e9 du projet.<\/p>\n<h3>Votre entreprise intervient-elle dans les localit\u00e9s \u00e0 proximit\u00e9 de Bex ? ?<\/h3>\n<p>Oui, nous intervenons \u00e0 Bex et dans les communes aux alentours, comme : La Tine, Rossini\u00e8re, Flendruz, Rougemont, Ch\u00e2teau-d'Oex, L'Etivaz, La L\u00e9cherette, Les Moulins, Villeneuve VD, Noville, Chessel, Rennaz, Roche VD, Yvorne, Leysin, Corbeyrier, Aigle, La Comballaz, Les Mosses, Le S\u00e9pey, Vers-l'Eglise, Les Diablerets, La Forclaz VD, Ollon VD, Panex, St-Triphon, Fenalet-sur-Bex, Freni\u00e8res-sur-Bex, Les Plans-sur-Bex, Gryon, Les Posses-sur-Bex, Arveyes, Hu\u00e9moz, Villars-sur-Ollon, Chesi\u00e8res, Lavey-les-Bains, Lavey-Village.<\/p>\n","protected":false},"excerpt":{"rendered":"<p>Notre soci\u00e9t\u00e9 est expert dans l&rsquo;installation de stores, enseignes, accessoires pour terrasses et lambrequins lumineux, op\u00e8re \u00e0 Bex et dans les localit\u00e9s \u00e0 proximit\u00e9s. Tous types de stores int\u00e9rieurs Nos stores int\u00e9rieurs sont d\u00e9velopp\u00e9s pour embellir l&rsquo;apparence de vos fen\u00eatres, contr\u00f4ler l\u2019entr\u00e9e de la lumi\u00e8re ou conserver votre intimit\u00e9. Nous proposons une large gamme de [&hellip;]<\/p>\n","protected":false},"author":4,"featured_media":3071,"parent":0,"menu_order":0,"comment_status":"closed","ping_status":"closed","template":"","meta":{"footnotes":""},"profession":[130],"location":[84],"canton":[113],"class_list":["post-3034","page","type-page","status-publish","has-post-thumbnail","hentry","profession-storiste","location-bex","canton-vd"],"yoast_head":"<!-- This site is optimized with the Yoast SEO Premium plugin v25.7.1 (Yoast SEO v27.3) - https:\/\/yoast.com\/product\/yoast-seo-premium-wordpress\/ -->\n<title>Confiez l&#039;installation de votre store \u00e0 un professionnel qualifi\u00e9 \u00e0 Bex - Artisanlocal<\/title>\n<meta name=\"robots\" content=\"index, follow, max-snippet:-1, max-image-preview:large, max-video-preview:-1\" \/>\n<link rel=\"canonical\" href=\"https:\/\/www.artisanlocal.ch\/c\/confiez-linstallation-de-votre-store-a-un-professionnel-qualifie-a-bex\/\" \/>\n<meta property=\"og:locale\" content=\"fr_FR\" \/>\n<meta property=\"og:type\" content=\"article\" \/>\n<meta property=\"og:title\" content=\"Confiez l&#039;installation de votre store \u00e0 un professionnel qualifi\u00e9 \u00e0 Bex\" \/>\n<meta property=\"og:description\" content=\"Notre soci\u00e9t\u00e9 est expert dans l&rsquo;installation de stores, enseignes, accessoires pour terrasses et lambrequins lumineux, op\u00e8re \u00e0 Bex et dans les localit\u00e9s \u00e0 proximit\u00e9s. Tous types de stores int\u00e9rieurs Nos stores int\u00e9rieurs sont d\u00e9velopp\u00e9s pour embellir l&rsquo;apparence de vos fen\u00eatres, contr\u00f4ler l\u2019entr\u00e9e de la lumi\u00e8re ou conserver votre intimit\u00e9. Nous proposons une large gamme de [&hellip;]\" \/>\n<meta property=\"og:url\" content=\"https:\/\/www.artisanlocal.ch\/c\/confiez-linstallation-de-votre-store-a-un-professionnel-qualifie-a-bex\/\" \/>\n<meta property=\"og:site_name\" content=\"Artisanlocal\" \/>\n<meta property=\"article:modified_time\" content=\"2025-08-26T17:24:03+00:00\" \/>\n<meta property=\"og:image\" content=\"https:\/\/www.artisanlocal.ch\/c\/wp-content\/uploads\/2024\/12\/storiste.jpg\" \/>\n\t<meta property=\"og:image:width\" content=\"1920\" \/>\n\t<meta property=\"og:image:height\" content=\"300\" \/>\n\t<meta property=\"og:image:type\" content=\"image\/jpeg\" \/>\n<meta name=\"twitter:card\" content=\"summary_large_image\" \/>\n<meta name=\"twitter:label1\" content=\"Dur\u00e9e de lecture estim\u00e9e\" \/>\n\t<meta name=\"twitter:data1\" content=\"4 minutes\" \/>\n<script type=\"application\/ld+json\" class=\"yoast-schema-graph\">{\"@context\":\"https:\\\/\\\/schema.org\",\"@graph\":[{\"@type\":\"WebPage\",\"@id\":\"https:\\\/\\\/www.artisanlocal.ch\\\/c\\\/confiez-linstallation-de-votre-store-a-un-professionnel-qualifie-a-bex\\\/\",\"url\":\"https:\\\/\\\/www.artisanlocal.ch\\\/c\\\/confiez-linstallation-de-votre-store-a-un-professionnel-qualifie-a-bex\\\/\",\"name\":\"Confiez l'installation de votre store \u00e0 un professionnel qualifi\u00e9 \u00e0 Bex - Artisanlocal\",\"isPartOf\":{\"@id\":\"https:\\\/\\\/www.artisanlocal.ch\\\/c\\\/#website\"},\"primaryImageOfPage\":{\"@id\":\"https:\\\/\\\/www.artisanlocal.ch\\\/c\\\/confiez-linstallation-de-votre-store-a-un-professionnel-qualifie-a-bex\\\/#primaryimage\"},\"image\":{\"@id\":\"https:\\\/\\\/www.artisanlocal.ch\\\/c\\\/confiez-linstallation-de-votre-store-a-un-professionnel-qualifie-a-bex\\\/#primaryimage\"},\"thumbnailUrl\":\"https:\\\/\\\/www.artisanlocal.ch\\\/c\\\/wp-content\\\/uploads\\\/2024\\\/12\\\/storiste.jpg\",\"datePublished\":\"2024-12-03T10:35:54+00:00\",\"dateModified\":\"2025-08-26T17:24:03+00:00\",\"breadcrumb\":{\"@id\":\"https:\\\/\\\/www.artisanlocal.ch\\\/c\\\/confiez-linstallation-de-votre-store-a-un-professionnel-qualifie-a-bex\\\/#breadcrumb\"},\"inLanguage\":\"fr-FR\",\"potentialAction\":[{\"@type\":\"ReadAction\",\"target\":[\"https:\\\/\\\/www.artisanlocal.ch\\\/c\\\/confiez-linstallation-de-votre-store-a-un-professionnel-qualifie-a-bex\\\/\"]}]},{\"@type\":\"ImageObject\",\"inLanguage\":\"fr-FR\",\"@id\":\"https:\\\/\\\/www.artisanlocal.ch\\\/c\\\/confiez-linstallation-de-votre-store-a-un-professionnel-qualifie-a-bex\\\/#primaryimage\",\"url\":\"https:\\\/\\\/www.artisanlocal.ch\\\/c\\\/wp-content\\\/uploads\\\/2024\\\/12\\\/storiste.jpg\",\"contentUrl\":\"https:\\\/\\\/www.artisanlocal.ch\\\/c\\\/wp-content\\\/uploads\\\/2024\\\/12\\\/storiste.jpg\",\"width\":1920,\"height\":300},{\"@type\":\"BreadcrumbList\",\"@id\":\"https:\\\/\\\/www.artisanlocal.ch\\\/c\\\/confiez-linstallation-de-votre-store-a-un-professionnel-qualifie-a-bex\\\/#breadcrumb\",\"itemListElement\":[{\"@type\":\"ListItem\",\"position\":1,\"name\":\"Accueil\",\"item\":\"https:\\\/\\\/www.artisanlocal.ch\\\/c\\\/\"},{\"@type\":\"ListItem\",\"position\":2,\"name\":\"Confiez l&rsquo;installation de votre store \u00e0 un professionnel qualifi\u00e9 \u00e0 Bex\"}]},{\"@type\":\"WebSite\",\"@id\":\"https:\\\/\\\/www.artisanlocal.ch\\\/c\\\/#website\",\"url\":\"https:\\\/\\\/www.artisanlocal.ch\\\/c\\\/\",\"name\":\"Artisanlocal\",\"description\":\"\",\"publisher\":{\"@id\":\"https:\\\/\\\/www.artisanlocal.ch\\\/c\\\/#organization\"},\"potentialAction\":[{\"@type\":\"SearchAction\",\"target\":{\"@type\":\"EntryPoint\",\"urlTemplate\":\"https:\\\/\\\/www.artisanlocal.ch\\\/c\\\/?s={search_term_string}\"},\"query-input\":{\"@type\":\"PropertyValueSpecification\",\"valueRequired\":true,\"valueName\":\"search_term_string\"}}],\"inLanguage\":\"fr-FR\"},{\"@type\":\"Organization\",\"@id\":\"https:\\\/\\\/www.artisanlocal.ch\\\/c\\\/#organization\",\"name\":\"Artisanlocal\",\"url\":\"https:\\\/\\\/www.artisanlocal.ch\\\/c\\\/\",\"logo\":{\"@type\":\"ImageObject\",\"inLanguage\":\"fr-FR\",\"@id\":\"https:\\\/\\\/www.artisanlocal.ch\\\/c\\\/#\\\/schema\\\/logo\\\/image\\\/\",\"url\":\"https:\\\/\\\/www.artisanlocal.ch\\\/c\\\/wp-content\\\/uploads\\\/2024\\\/02\\\/logo-artisanlocal-h.svg\",\"contentUrl\":\"https:\\\/\\\/www.artisanlocal.ch\\\/c\\\/wp-content\\\/uploads\\\/2024\\\/02\\\/logo-artisanlocal-h.svg\",\"caption\":\"Artisanlocal\"},\"image\":{\"@id\":\"https:\\\/\\\/www.artisanlocal.ch\\\/c\\\/#\\\/schema\\\/logo\\\/image\\\/\"}}]}<\/script>\n<!-- \/ Yoast SEO Premium plugin. -->","yoast_head_json":{"title":"Confiez l'installation de votre store \u00e0 un professionnel qualifi\u00e9 \u00e0 Bex - Artisanlocal","robots":{"index":"index","follow":"follow","max-snippet":"max-snippet:-1","max-image-preview":"max-image-preview:large","max-video-preview":"max-video-preview:-1"},"canonical":"https:\/\/www.artisanlocal.ch\/c\/confiez-linstallation-de-votre-store-a-un-professionnel-qualifie-a-bex\/","og_locale":"fr_FR","og_type":"article","og_title":"Confiez l'installation de votre store \u00e0 un professionnel qualifi\u00e9 \u00e0 Bex","og_description":"Notre soci\u00e9t\u00e9 est expert dans l&rsquo;installation de stores, enseignes, accessoires pour terrasses et lambrequins lumineux, op\u00e8re \u00e0 Bex et dans les localit\u00e9s \u00e0 proximit\u00e9s. Tous types de stores int\u00e9rieurs Nos stores int\u00e9rieurs sont d\u00e9velopp\u00e9s pour embellir l&rsquo;apparence de vos fen\u00eatres, contr\u00f4ler l\u2019entr\u00e9e de la lumi\u00e8re ou conserver votre intimit\u00e9. Nous proposons une large gamme de [&hellip;]","og_url":"https:\/\/www.artisanlocal.ch\/c\/confiez-linstallation-de-votre-store-a-un-professionnel-qualifie-a-bex\/","og_site_name":"Artisanlocal","article_modified_time":"2025-08-26T17:24:03+00:00","og_image":[{"width":1920,"height":300,"url":"https:\/\/www.artisanlocal.ch\/c\/wp-content\/uploads\/2024\/12\/storiste.jpg","type":"image\/jpeg"}],"twitter_card":"summary_large_image","twitter_misc":{"Dur\u00e9e de lecture estim\u00e9e":"4 minutes"},"schema":{"@context":"https:\/\/schema.org","@graph":[{"@type":"WebPage","@id":"https:\/\/www.artisanlocal.ch\/c\/confiez-linstallation-de-votre-store-a-un-professionnel-qualifie-a-bex\/","url":"https:\/\/www.artisanlocal.ch\/c\/confiez-linstallation-de-votre-store-a-un-professionnel-qualifie-a-bex\/","name":"Confiez l'installation de votre store \u00e0 un professionnel qualifi\u00e9 \u00e0 Bex - Artisanlocal","isPartOf":{"@id":"https:\/\/www.artisanlocal.ch\/c\/#website"},"primaryImageOfPage":{"@id":"https:\/\/www.artisanlocal.ch\/c\/confiez-linstallation-de-votre-store-a-un-professionnel-qualifie-a-bex\/#primaryimage"},"image":{"@id":"https:\/\/www.artisanlocal.ch\/c\/confiez-linstallation-de-votre-store-a-un-professionnel-qualifie-a-bex\/#primaryimage"},"thumbnailUrl":"https:\/\/www.artisanlocal.ch\/c\/wp-content\/uploads\/2024\/12\/storiste.jpg","datePublished":"2024-12-03T10:35:54+00:00","dateModified":"2025-08-26T17:24:03+00:00","breadcrumb":{"@id":"https:\/\/www.artisanlocal.ch\/c\/confiez-linstallation-de-votre-store-a-un-professionnel-qualifie-a-bex\/#breadcrumb"},"inLanguage":"fr-FR","potentialAction":[{"@type":"ReadAction","target":["https:\/\/www.artisanlocal.ch\/c\/confiez-linstallation-de-votre-store-a-un-professionnel-qualifie-a-bex\/"]}]},{"@type":"ImageObject","inLanguage":"fr-FR","@id":"https:\/\/www.artisanlocal.ch\/c\/confiez-linstallation-de-votre-store-a-un-professionnel-qualifie-a-bex\/#primaryimage","url":"https:\/\/www.artisanlocal.ch\/c\/wp-content\/uploads\/2024\/12\/storiste.jpg","contentUrl":"https:\/\/www.artisanlocal.ch\/c\/wp-content\/uploads\/2024\/12\/storiste.jpg","width":1920,"height":300},{"@type":"BreadcrumbList","@id":"https:\/\/www.artisanlocal.ch\/c\/confiez-linstallation-de-votre-store-a-un-professionnel-qualifie-a-bex\/#breadcrumb","itemListElement":[{"@type":"ListItem","position":1,"name":"Accueil","item":"https:\/\/www.artisanlocal.ch\/c\/"},{"@type":"ListItem","position":2,"name":"Confiez l&rsquo;installation de votre store \u00e0 un professionnel qualifi\u00e9 \u00e0 Bex"}]},{"@type":"WebSite","@id":"https:\/\/www.artisanlocal.ch\/c\/#website","url":"https:\/\/www.artisanlocal.ch\/c\/","name":"Artisanlocal","description":"","publisher":{"@id":"https:\/\/www.artisanlocal.ch\/c\/#organization"},"potentialAction":[{"@type":"SearchAction","target":{"@type":"EntryPoint","urlTemplate":"https:\/\/www.artisanlocal.ch\/c\/?s={search_term_string}"},"query-input":{"@type":"PropertyValueSpecification","valueRequired":true,"valueName":"search_term_string"}}],"inLanguage":"fr-FR"},{"@type":"Organization","@id":"https:\/\/www.artisanlocal.ch\/c\/#organization","name":"Artisanlocal","url":"https:\/\/www.artisanlocal.ch\/c\/","logo":{"@type":"ImageObject","inLanguage":"fr-FR","@id":"https:\/\/www.artisanlocal.ch\/c\/#\/schema\/logo\/image\/","url":"https:\/\/www.artisanlocal.ch\/c\/wp-content\/uploads\/2024\/02\/logo-artisanlocal-h.svg","contentUrl":"https:\/\/www.artisanlocal.ch\/c\/wp-content\/uploads\/2024\/02\/logo-artisanlocal-h.svg","caption":"Artisanlocal"},"image":{"@id":"https:\/\/www.artisanlocal.ch\/c\/#\/schema\/logo\/image\/"}}]}},"_links":{"self":[{"href":"https:\/\/www.artisanlocal.ch\/c\/wp-json\/wp\/v2\/pages\/3034","targetHints":{"allow":["GET"]}}],"collection":[{"href":"https:\/\/www.artisanlocal.ch\/c\/wp-json\/wp\/v2\/pages"}],"about":[{"href":"https:\/\/www.artisanlocal.ch\/c\/wp-json\/wp\/v2\/types\/page"}],"author":[{"embeddable":true,"href":"https:\/\/www.artisanlocal.ch\/c\/wp-json\/wp\/v2\/users\/4"}],"replies":[{"embeddable":true,"href":"https:\/\/www.artisanlocal.ch\/c\/wp-json\/wp\/v2\/comments?post=3034"}],"version-history":[{"count":0,"href":"https:\/\/www.artisanlocal.ch\/c\/wp-json\/wp\/v2\/pages\/3034\/revisions"}],"wp:featuredmedia":[{"embeddable":true,"href":"https:\/\/www.artisanlocal.ch\/c\/wp-json\/wp\/v2\/media\/3071"}],"wp:attachment":[{"href":"https:\/\/www.artisanlocal.ch\/c\/wp-json\/wp\/v2\/media?parent=3034"}],"wp:term":[{"taxonomy":"profession","embeddable":true,"href":"https:\/\/www.artisanlocal.ch\/c\/wp-json\/wp\/v2\/profession?post=3034"},{"taxonomy":"location","embeddable":true,"href":"https:\/\/www.artisanlocal.ch\/c\/wp-json\/wp\/v2\/location?post=3034"},{"taxonomy":"canton","embeddable":true,"href":"https:\/\/www.artisanlocal.ch\/c\/wp-json\/wp\/v2\/canton?post=3034"}],"curies":[{"name":"wp","href":"https:\/\/api.w.org\/{rel}","templated":true}]}}