{"id":3036,"date":"2024-11-28T21:24:45","date_gmt":"2024-11-28T20:24:45","guid":{"rendered":"https:\/\/www.artisanlocal.ch\/c\/confiez-la-mise-en-place-de-votre-store-a-un-professionnel-qualifie-a-lutry\/"},"modified":"2025-08-26T19:24:36","modified_gmt":"2025-08-26T17:24:36","slug":"confiez-la-mise-en-place-de-votre-store-a-un-professionnel-qualifie-a-lutry","status":"publish","type":"page","link":"https:\/\/www.artisanlocal.ch\/c\/confiez-la-mise-en-place-de-votre-store-a-un-professionnel-qualifie-a-lutry\/","title":{"rendered":"Confiez la mise en place de votre store \u00e0 un professionnel qualifi\u00e9 \u00e0 Lutry"},"content":{"rendered":"<p>Notre entreprise est sp\u00e9cialis\u00e9e dans l&rsquo;installation de enseignes, stores, lambrequins lumineux et accessoires pour terrasses, intervient \u00e0 Lutry et dans les localit\u00e9s \u00e0 proximit\u00e9s.<\/p>\n\r\n<div class=\"box\">\r\n            <div class=\"company-info\">\r\n            <img decoding=\"async\" class=\"company-info__logo\" src=\"https:\/\/www.artisanlocal.ch\/media\/cache\/thumb\/images\/companies\/671a12e88cad6140864316.png\" alt=\"Logo\">\r\n            <h2 class=\"company-info__name\">Colombara stores SA<\/h2>\r\n            <p class=\"company-info__business\">Stores - Volets - Moustiquaires - Portes de garage - Sauts-de-loup - Domotique - Vente - Pose - R\u00e9paration<\/p>\r\n        <\/div>\r\n        <div class=\"company-contact\">\r\n            <p class=\"company-info__address\">Chemin de la Clopette 33<\/p>\r\n                            <div class=\"links\">\r\n                                            <a class=\"btn has-accent-background-color js-phoneNumber\" href=\"tel:0216249205\" title=\"Appelez\" data-id=\"12088\" data-type=\"11\">021 624 92 05<\/a>\r\n                                                                <a class=\"btn has-accent-background-color\" href=\"https:\/\/www.colombara-stores.ch\/\" target=\"_blank\" title=\"Voir le site internet\" data-id=\"12088\" data-type=\"20\">Site internet<\/a>\r\n                                    <\/div>\r\n                    <\/div>\r\n    \r\n            \r\n<form action=\"https:\/\/www.artisanlocal.ch\/c\/wp-admin\/admin-ajax.php\" method=\"post\" class=\"form-contact\" id=\"artisan_form_contact_company_inline\">\r\n    <div><input type=\"hidden\" name=\"action\" value=\"company_contact\"><\/div>\r\n    <div><input type=\"hidden\" name=\"nonce\" value=\"bee5a54407\"><\/div>\r\n    <div><input type=\"hidden\" name=\"company_id\" value=\"12088\"><\/div>\r\n    <div><input type=\"hidden\" name=\"form_id\" value=\"artisan_form_contact_company_inline\"><\/div>\r\n    <div class=\"gglcptch gglcptch_v3 gglcptch_custom\"><input type=\"hidden\" id=\"g-recaptcha-response\" name=\"g-recaptcha-response\" \/><br \/><div class=\"gglcptch_error_text\">La p\u00e9riode de v\u00e9rification reCAPTCHA a expir\u00e9. Veuillez recharger la page.<\/div><\/div>    <div class=\"form-content\">\r\n        <div class=\"form-group\">\r\n            <label for=\"contact_firstName\" class=\"required\">Pr\u00e9nom<\/label>\r\n            <input type=\"text\" name=\"firstName\" class=\"form-control\" required>\r\n        <\/div>\r\n        <div class=\"form-group\">\r\n            <label for=\"contact_lastName\" class=\"required\">Nom<\/label>\r\n            <input type=\"text\" name=\"lastName\" class=\"form-control\" required>\r\n        <\/div>\r\n        <div class=\"form-group\">\r\n            <label for=\"contact_email\" class=\"required\">Email<\/label>\r\n            <input type=\"email\" name=\"email\" class=\"form-control\" required>\r\n        <\/div>\r\n        <div class=\"form-group\">\r\n            <label for=\"contact_phone\" class=\"required\">Num\u00e9ro de t\u00e9l\u00e9phone<\/label>\r\n            <input type=\"tel\" name=\"phone\" class=\"form-control\" placeholder=\"0787117165\" pattern=\"^[0-9]{10}$\" required>\r\n        <\/div>\r\n        <div class=\"form-group\">\r\n            <label for=\"contact_postalCode\" class=\"required\">Code postal et localit\u00e9<\/label>\r\n            <input type=\"text\" name=\"postalCode\" class=\"form-control\" required>\r\n        <\/div>\r\n        <div class=\"form-group\">\r\n            <label for=\"contact_address\" class=\"required\">Adresse<\/label>\r\n            <input type=\"text\" name=\"address\" class=\"form-control\" required>\r\n        <\/div>\r\n        <div class=\"full-width topic\">\r\n            <p class=\"required\">Je souhaite \u00eatre contact\u00e9 pour :<\/p>\r\n            <div class=\"form-check\">\r\n                <input type=\"radio\" name=\"topic\" value=\"D\u00e9pannage\" class=\"form-control\" required>\r\n                <label for=\"d\u00e9pannage\">D\u00e9pannage<\/label>\r\n            <\/div>\r\n            <div class=\"form-check\">\r\n                <input type=\"radio\" name=\"topic\" value=\"Entretien\" class=\"form-control\" required>\r\n                <label for=\"entretien\">Entretien<\/label>\r\n            <\/div>\r\n            <div class=\"form-check\">\r\n                <input type=\"radio\" name=\"topic\" value=\"R\u00e9novation\" class=\"form-control\" required>\r\n                <label for=\"r\u00e9novation\">R\u00e9novation<\/label>\r\n            <\/div>\r\n            <div class=\"form-check\">\r\n                <input type=\"radio\" name=\"topic\" value=\"Autre\" class=\"form-control\" required>\r\n                <label for=\"autre\">Autre<\/label>\r\n            <\/div>\r\n        <\/div>\r\n        <div class=\"form-group full-width\">\r\n            <label for=\"contact_message\">Message<\/label>\r\n            <textarea name=\"message\" rows=\"3\" class=\"form-control\"><\/textarea>\r\n        <\/div>\r\n    <\/div>\r\n    <div class=\"form-actions\">\r\n        <button class=\"wp-block-button__link has-accent-background-color\">Contacter<\/button>\r\n    <\/div>\r\n<\/form>\r\n<div class=\"form-feedback\"><\/div>    <\/div>\n<h2>Large gamme de stores int\u00e9rieurs<\/h2>\n<p>Nos stores int\u00e9rieurs sont cr\u00e9\u00e9s pour am\u00e9liorer l&rsquo;aspect visuel de vos fen\u00eatres, r\u00e9guler la lumi\u00e8re et prot\u00e9gez votre intimit\u00e9. Nous proposons \u00e0 nos clients un large choix de stores : textiles, enrouleurs, bateaux, pliss\u00e9s, rideaux, parois japonaises, v\u00e9nitiens, bandes verticales, enrouleurs avec coffre et bateaux voilage.<\/p>\n<h2>Stores ext\u00e9rieurs<\/h2>\n<p>Nos stores ext\u00e9rieurs cr\u00e9ent des espaces ombrag\u00e9s sur votre balcon ou terrasse. D\u00e9couvrez notre s\u00e9lection de stores ext\u00e9rieurs : verri\u00e8res, loggias et v\u00e9randas, mais aussi fen\u00eatres, pourvues de coffres, bannes, semi-coffres, \u00e0 bras t\u00e9lescopiques ou articul\u00e9s.<\/p>\n<h2>Pergolas et pergolas bioclimatiques<\/h2>\n<p>Si vous recherchez une protection contre les pr\u00e9cipitations, nous vous sugg\u00e9rons de s\u00e9lectionner une pergola. Nous proposons des pergolas : toiles de protection solaire verticale, \u00e0 lames r\u00e9tractables, avec panneaux verticaux ou \u00e0 toits fixes.<\/p>\n<h2>Lambrequins lumineux<\/h2>\n<p>Gr\u00e2ce \u00e0 nos lambrequins lumineux, votre commerce sera vu m\u00eame la nuit ou par temps pluvieux.&nbsp;<\/p>\n<h2>Rentoilage de stores sur-mesure \u00e0 Lutry<\/h2>\n<p>Le changement de toile de stores banne est une alternative \u00e9conomique au remplacement du store.<\/p>\n<h2>Fen\u00eatre bois et aluminium sur mesure<\/h2>\n<p>Si vous souhaitez changer vos fen\u00eatres. Nous avons une gamme de fen\u00eatres battantes et coulissantes : PVC, en bois ou aluminium.<\/p>\n<h2>Installation de volets roulants avec ou sans motorisation <\/h2>\n<p>Les volets roulants permettent d&rsquo;obtenir une meilleure isolation thermique, et une protection phonique et solaire. Ils limitent les d\u00e9perditions \u00e9nerg\u00e9tiques : solaires, aluminium, bois, persiennes ou m\u00e9talliques.<\/p>\n<h2>Nos films pour vitrages et stores sur mesure <\/h2>\n<p>Le film solaire pour vitrage permet de baisser la temp\u00e9rature de votre int\u00e9rieur, de limiter la transmission UV, et de pr\u00e9server votre intimit\u00e9 des regards.<\/p>\n<h2>Menuiserie Lutry : Alu, PVC, Bois<\/h2>\n<p>Artisanlocal propose d\u2019autres solutions personnalis\u00e9es, tels que :<\/p>\n<ul>\n<li>Fen\u00eatres.<\/li>\n<li>Volets.<\/li>\n<li>Portes et portails.<\/li>\n<li>Alarmes.<\/li>\n<li>Domotiques.<\/li>\n<li>Portes de garage.<\/li>\n<li>Carport.<\/li>\n<li>Garde-corps ext\u00e9rieurs.<\/li>\n<\/ul>\n<h2>Nos secteurs d&rsquo;activit\u00e9 \u00e0 Lutry<\/h2>\n<h3>Les soci\u00e9t\u00e9s : restaurants, caf\u00e9s, brasseries, boutiques<\/h3>\n<p>Artisanlocal est sp\u00e9cialis\u00e9 dans la cr\u00e9ation, la fabrication, et la mise en place de stores pour les soci\u00e9t\u00e9s \u00e0 Lutry, tels que : les bureaux, les boutiques et les restaurants.&nbsp;<\/p>\n<h3>Les syndics de copropri\u00e9t\u00e9 et les particuliers<\/h3>\n<p>Nous intervenons dans les copropri\u00e9t\u00e9s et chez les particuliers pour poser vos pergolas, pergolas bioclimatiques, fen\u00eatres, volets battants, stores de terrasse, v\u00e9randas, volets roulants et stores int\u00e9rieurs.<\/p>\n<h2>D\u00e9couvrez nos services<\/h2>\n<h3>Conception de stores sur mesure<\/h3>\n<p>Nous concevons des stores personnalis\u00e9s en fonction de vos probl\u00e9matiques et besoins.<\/p>\n<h3>Mise en place sur mesure<\/h3>\n<p>Nos techniciens se d\u00e9placent \u00e0 Lutry pour prendre les mesures et poser vos stores en fonction de vos attentes.<\/p>\n<h3>Service de r\u00e9paration de stores<\/h3>\n<p>Nos storistes r\u00e9parent vos stores, au cours de leur intervention, ils changent les parties d\u00e9fectueuses.<\/p>\n<h3>Entretien de store \u00e0 Lutry<\/h3>\n<p>Un entretien r\u00e9alis\u00e9 ponctuellement permet d\u2019augmenter la long\u00e9vit\u00e9 de vos stores. Pour cela, un storiste doit se d\u00e9placer \u00e0 votre domicile et inspecter l\u2019\u00e9tat de votre store et si n\u00e9cessaire r\u00e9aliser la r\u00e9paration, le remplacement ou le rentoilage.<\/p>\n<h3>Option et accessoire suppl\u00e9mentaire<\/h3>\n<p>Nos produits sont disponibles avec des ouvertures manuelles ou \u00e9lectriques pour les portes de garage, les stores et les volets.<\/p>\n<h2>Pourquoi choisir notre soci\u00e9t\u00e9 ?<\/h2>\n<p>Notre soci\u00e9t\u00e9 est sp\u00e9cialis\u00e9e dans la mise en place et l\u2019entretien de stores et de fermetures \u00e0 Lutry. Nos storistes vous conseilleront dans le choix de votre store pour r\u00e9pondre au mieux \u00e0 vos demandes.<\/p>\n<h3>Large gamme<\/h3>\n<p>Nous vous proposons une s\u00e9lection de stores ext\u00e9rieurs et int\u00e9rieurs.<\/p>\n<h3>\u00c9tude et devis gratuit<\/h3>\n<p>Obtenez un devis gratuit complet et sans engagement. Nos estimations sont d\u00e9taill\u00e9es.&nbsp;<\/p>\n<h3>\u00c9valuation<\/h3>\n<p>Nous examinons toujours la viabilit\u00e9 des projets, en fonction de vos demandes, nous cr\u00e9ons des plans pour poser vos stores.<\/p>\n<h3>Faire le choix de la qualit\u00e9<\/h3>\n<p>Nous nous engageons \u00e0 toujours utiliser des mat\u00e9riaux de haute qualit\u00e9 pour les stores que nous mettons en place.<\/p>\n<h3>D\u00e9pannage rapide \u00e0 Lutry<\/h3>\n<p>Notre soci\u00e9t\u00e9 Artisanlocal est situ\u00e9e au coeur de Lutry pour op\u00e9rer d\u00e8s que possible dans votre logement.<\/p>\n<h2>Foire Aux Questions<\/h2>\n<h3>Est-il possible de motoriser des stores install\u00e9s ?<\/h3>\n<p>Oui, nos storistes peuvent m\u00e9caniser vos stores \u00e0 condition que certains crit\u00e8res soient respect\u00e9s. Un de nos artisans se d\u00e9place \u00e0 votre logement pour \u00e9valuer la viabilit\u00e9 du projet.<\/p>\n<h3>Intervenez-vous dans les soci\u00e9t\u00e9s \u00e0 proximit\u00e9 de Lutry ?<\/h3>\n<p>Oui, nous op\u00e9rons \u00e0 Lutry et dans les villes \u00e0 proximit\u00e9, comme : Pully, Les Monts-de-Pully, La Croix (Lutry), Belmont-sur-Lausanne, La Conversion, Paudex.<\/p>\n","protected":false},"excerpt":{"rendered":"<p>Notre entreprise est sp\u00e9cialis\u00e9e dans l&rsquo;installation de enseignes, stores, lambrequins lumineux et accessoires pour terrasses, intervient \u00e0 Lutry et dans les localit\u00e9s \u00e0 proximit\u00e9s. Large gamme de stores int\u00e9rieurs Nos stores int\u00e9rieurs sont cr\u00e9\u00e9s pour am\u00e9liorer l&rsquo;aspect visuel de vos fen\u00eatres, r\u00e9guler la lumi\u00e8re et prot\u00e9gez votre intimit\u00e9. Nous proposons \u00e0 nos clients un large [&hellip;]<\/p>\n","protected":false},"author":4,"featured_media":3071,"parent":0,"menu_order":0,"comment_status":"closed","ping_status":"closed","template":"","meta":{"footnotes":""},"profession":[130],"location":[55],"canton":[113],"class_list":["post-3036","page","type-page","status-publish","has-post-thumbnail","hentry","profession-storiste","location-lutry","canton-vd"],"yoast_head":"<!-- This site is optimized with the Yoast SEO Premium plugin v25.7.1 (Yoast SEO v27.3) - https:\/\/yoast.com\/product\/yoast-seo-premium-wordpress\/ -->\n<title>Confiez la mise en place de votre store \u00e0 un professionnel qualifi\u00e9 \u00e0 Lutry - Artisanlocal<\/title>\n<meta name=\"robots\" content=\"index, follow, max-snippet:-1, max-image-preview:large, max-video-preview:-1\" \/>\n<link rel=\"canonical\" href=\"https:\/\/www.artisanlocal.ch\/c\/confiez-la-mise-en-place-de-votre-store-a-un-professionnel-qualifie-a-lutry\/\" \/>\n<meta property=\"og:locale\" content=\"fr_FR\" \/>\n<meta property=\"og:type\" content=\"article\" \/>\n<meta property=\"og:title\" content=\"Confiez la mise en place de votre store \u00e0 un professionnel qualifi\u00e9 \u00e0 Lutry\" \/>\n<meta property=\"og:description\" content=\"Notre entreprise est sp\u00e9cialis\u00e9e dans l&rsquo;installation de enseignes, stores, lambrequins lumineux et accessoires pour terrasses, intervient \u00e0 Lutry et dans les localit\u00e9s \u00e0 proximit\u00e9s. Large gamme de stores int\u00e9rieurs Nos stores int\u00e9rieurs sont cr\u00e9\u00e9s pour am\u00e9liorer l&rsquo;aspect visuel de vos fen\u00eatres, r\u00e9guler la lumi\u00e8re et prot\u00e9gez votre intimit\u00e9. Nous proposons \u00e0 nos clients un large [&hellip;]\" \/>\n<meta property=\"og:url\" content=\"https:\/\/www.artisanlocal.ch\/c\/confiez-la-mise-en-place-de-votre-store-a-un-professionnel-qualifie-a-lutry\/\" \/>\n<meta property=\"og:site_name\" content=\"Artisanlocal\" \/>\n<meta property=\"article:modified_time\" content=\"2025-08-26T17:24:36+00:00\" \/>\n<meta property=\"og:image\" content=\"https:\/\/www.artisanlocal.ch\/c\/wp-content\/uploads\/2024\/12\/storiste.jpg\" \/>\n\t<meta property=\"og:image:width\" content=\"1920\" \/>\n\t<meta property=\"og:image:height\" content=\"300\" \/>\n\t<meta property=\"og:image:type\" content=\"image\/jpeg\" \/>\n<meta name=\"twitter:card\" content=\"summary_large_image\" \/>\n<meta name=\"twitter:label1\" content=\"Dur\u00e9e de lecture estim\u00e9e\" \/>\n\t<meta name=\"twitter:data1\" content=\"4 minutes\" \/>\n<script type=\"application\/ld+json\" class=\"yoast-schema-graph\">{\"@context\":\"https:\\\/\\\/schema.org\",\"@graph\":[{\"@type\":\"WebPage\",\"@id\":\"https:\\\/\\\/www.artisanlocal.ch\\\/c\\\/confiez-la-mise-en-place-de-votre-store-a-un-professionnel-qualifie-a-lutry\\\/\",\"url\":\"https:\\\/\\\/www.artisanlocal.ch\\\/c\\\/confiez-la-mise-en-place-de-votre-store-a-un-professionnel-qualifie-a-lutry\\\/\",\"name\":\"Confiez la mise en place de votre store \u00e0 un professionnel qualifi\u00e9 \u00e0 Lutry - Artisanlocal\",\"isPartOf\":{\"@id\":\"https:\\\/\\\/www.artisanlocal.ch\\\/c\\\/#website\"},\"primaryImageOfPage\":{\"@id\":\"https:\\\/\\\/www.artisanlocal.ch\\\/c\\\/confiez-la-mise-en-place-de-votre-store-a-un-professionnel-qualifie-a-lutry\\\/#primaryimage\"},\"image\":{\"@id\":\"https:\\\/\\\/www.artisanlocal.ch\\\/c\\\/confiez-la-mise-en-place-de-votre-store-a-un-professionnel-qualifie-a-lutry\\\/#primaryimage\"},\"thumbnailUrl\":\"https:\\\/\\\/www.artisanlocal.ch\\\/c\\\/wp-content\\\/uploads\\\/2024\\\/12\\\/storiste.jpg\",\"datePublished\":\"2024-11-28T20:24:45+00:00\",\"dateModified\":\"2025-08-26T17:24:36+00:00\",\"breadcrumb\":{\"@id\":\"https:\\\/\\\/www.artisanlocal.ch\\\/c\\\/confiez-la-mise-en-place-de-votre-store-a-un-professionnel-qualifie-a-lutry\\\/#breadcrumb\"},\"inLanguage\":\"fr-FR\",\"potentialAction\":[{\"@type\":\"ReadAction\",\"target\":[\"https:\\\/\\\/www.artisanlocal.ch\\\/c\\\/confiez-la-mise-en-place-de-votre-store-a-un-professionnel-qualifie-a-lutry\\\/\"]}]},{\"@type\":\"ImageObject\",\"inLanguage\":\"fr-FR\",\"@id\":\"https:\\\/\\\/www.artisanlocal.ch\\\/c\\\/confiez-la-mise-en-place-de-votre-store-a-un-professionnel-qualifie-a-lutry\\\/#primaryimage\",\"url\":\"https:\\\/\\\/www.artisanlocal.ch\\\/c\\\/wp-content\\\/uploads\\\/2024\\\/12\\\/storiste.jpg\",\"contentUrl\":\"https:\\\/\\\/www.artisanlocal.ch\\\/c\\\/wp-content\\\/uploads\\\/2024\\\/12\\\/storiste.jpg\",\"width\":1920,\"height\":300},{\"@type\":\"BreadcrumbList\",\"@id\":\"https:\\\/\\\/www.artisanlocal.ch\\\/c\\\/confiez-la-mise-en-place-de-votre-store-a-un-professionnel-qualifie-a-lutry\\\/#breadcrumb\",\"itemListElement\":[{\"@type\":\"ListItem\",\"position\":1,\"name\":\"Accueil\",\"item\":\"https:\\\/\\\/www.artisanlocal.ch\\\/c\\\/\"},{\"@type\":\"ListItem\",\"position\":2,\"name\":\"Confiez la mise en place de votre store \u00e0 un professionnel qualifi\u00e9 \u00e0 Lutry\"}]},{\"@type\":\"WebSite\",\"@id\":\"https:\\\/\\\/www.artisanlocal.ch\\\/c\\\/#website\",\"url\":\"https:\\\/\\\/www.artisanlocal.ch\\\/c\\\/\",\"name\":\"Artisanlocal\",\"description\":\"\",\"publisher\":{\"@id\":\"https:\\\/\\\/www.artisanlocal.ch\\\/c\\\/#organization\"},\"potentialAction\":[{\"@type\":\"SearchAction\",\"target\":{\"@type\":\"EntryPoint\",\"urlTemplate\":\"https:\\\/\\\/www.artisanlocal.ch\\\/c\\\/?s={search_term_string}\"},\"query-input\":{\"@type\":\"PropertyValueSpecification\",\"valueRequired\":true,\"valueName\":\"search_term_string\"}}],\"inLanguage\":\"fr-FR\"},{\"@type\":\"Organization\",\"@id\":\"https:\\\/\\\/www.artisanlocal.ch\\\/c\\\/#organization\",\"name\":\"Artisanlocal\",\"url\":\"https:\\\/\\\/www.artisanlocal.ch\\\/c\\\/\",\"logo\":{\"@type\":\"ImageObject\",\"inLanguage\":\"fr-FR\",\"@id\":\"https:\\\/\\\/www.artisanlocal.ch\\\/c\\\/#\\\/schema\\\/logo\\\/image\\\/\",\"url\":\"https:\\\/\\\/www.artisanlocal.ch\\\/c\\\/wp-content\\\/uploads\\\/2024\\\/02\\\/logo-artisanlocal-h.svg\",\"contentUrl\":\"https:\\\/\\\/www.artisanlocal.ch\\\/c\\\/wp-content\\\/uploads\\\/2024\\\/02\\\/logo-artisanlocal-h.svg\",\"caption\":\"Artisanlocal\"},\"image\":{\"@id\":\"https:\\\/\\\/www.artisanlocal.ch\\\/c\\\/#\\\/schema\\\/logo\\\/image\\\/\"}}]}<\/script>\n<!-- \/ Yoast SEO Premium plugin. -->","yoast_head_json":{"title":"Confiez la mise en place de votre store \u00e0 un professionnel qualifi\u00e9 \u00e0 Lutry - Artisanlocal","robots":{"index":"index","follow":"follow","max-snippet":"max-snippet:-1","max-image-preview":"max-image-preview:large","max-video-preview":"max-video-preview:-1"},"canonical":"https:\/\/www.artisanlocal.ch\/c\/confiez-la-mise-en-place-de-votre-store-a-un-professionnel-qualifie-a-lutry\/","og_locale":"fr_FR","og_type":"article","og_title":"Confiez la mise en place de votre store \u00e0 un professionnel qualifi\u00e9 \u00e0 Lutry","og_description":"Notre entreprise est sp\u00e9cialis\u00e9e dans l&rsquo;installation de enseignes, stores, lambrequins lumineux et accessoires pour terrasses, intervient \u00e0 Lutry et dans les localit\u00e9s \u00e0 proximit\u00e9s. Large gamme de stores int\u00e9rieurs Nos stores int\u00e9rieurs sont cr\u00e9\u00e9s pour am\u00e9liorer l&rsquo;aspect visuel de vos fen\u00eatres, r\u00e9guler la lumi\u00e8re et prot\u00e9gez votre intimit\u00e9. Nous proposons \u00e0 nos clients un large [&hellip;]","og_url":"https:\/\/www.artisanlocal.ch\/c\/confiez-la-mise-en-place-de-votre-store-a-un-professionnel-qualifie-a-lutry\/","og_site_name":"Artisanlocal","article_modified_time":"2025-08-26T17:24:36+00:00","og_image":[{"width":1920,"height":300,"url":"https:\/\/www.artisanlocal.ch\/c\/wp-content\/uploads\/2024\/12\/storiste.jpg","type":"image\/jpeg"}],"twitter_card":"summary_large_image","twitter_misc":{"Dur\u00e9e de lecture estim\u00e9e":"4 minutes"},"schema":{"@context":"https:\/\/schema.org","@graph":[{"@type":"WebPage","@id":"https:\/\/www.artisanlocal.ch\/c\/confiez-la-mise-en-place-de-votre-store-a-un-professionnel-qualifie-a-lutry\/","url":"https:\/\/www.artisanlocal.ch\/c\/confiez-la-mise-en-place-de-votre-store-a-un-professionnel-qualifie-a-lutry\/","name":"Confiez la mise en place de votre store \u00e0 un professionnel qualifi\u00e9 \u00e0 Lutry - Artisanlocal","isPartOf":{"@id":"https:\/\/www.artisanlocal.ch\/c\/#website"},"primaryImageOfPage":{"@id":"https:\/\/www.artisanlocal.ch\/c\/confiez-la-mise-en-place-de-votre-store-a-un-professionnel-qualifie-a-lutry\/#primaryimage"},"image":{"@id":"https:\/\/www.artisanlocal.ch\/c\/confiez-la-mise-en-place-de-votre-store-a-un-professionnel-qualifie-a-lutry\/#primaryimage"},"thumbnailUrl":"https:\/\/www.artisanlocal.ch\/c\/wp-content\/uploads\/2024\/12\/storiste.jpg","datePublished":"2024-11-28T20:24:45+00:00","dateModified":"2025-08-26T17:24:36+00:00","breadcrumb":{"@id":"https:\/\/www.artisanlocal.ch\/c\/confiez-la-mise-en-place-de-votre-store-a-un-professionnel-qualifie-a-lutry\/#breadcrumb"},"inLanguage":"fr-FR","potentialAction":[{"@type":"ReadAction","target":["https:\/\/www.artisanlocal.ch\/c\/confiez-la-mise-en-place-de-votre-store-a-un-professionnel-qualifie-a-lutry\/"]}]},{"@type":"ImageObject","inLanguage":"fr-FR","@id":"https:\/\/www.artisanlocal.ch\/c\/confiez-la-mise-en-place-de-votre-store-a-un-professionnel-qualifie-a-lutry\/#primaryimage","url":"https:\/\/www.artisanlocal.ch\/c\/wp-content\/uploads\/2024\/12\/storiste.jpg","contentUrl":"https:\/\/www.artisanlocal.ch\/c\/wp-content\/uploads\/2024\/12\/storiste.jpg","width":1920,"height":300},{"@type":"BreadcrumbList","@id":"https:\/\/www.artisanlocal.ch\/c\/confiez-la-mise-en-place-de-votre-store-a-un-professionnel-qualifie-a-lutry\/#breadcrumb","itemListElement":[{"@type":"ListItem","position":1,"name":"Accueil","item":"https:\/\/www.artisanlocal.ch\/c\/"},{"@type":"ListItem","position":2,"name":"Confiez la mise en place de votre store \u00e0 un professionnel qualifi\u00e9 \u00e0 Lutry"}]},{"@type":"WebSite","@id":"https:\/\/www.artisanlocal.ch\/c\/#website","url":"https:\/\/www.artisanlocal.ch\/c\/","name":"Artisanlocal","description":"","publisher":{"@id":"https:\/\/www.artisanlocal.ch\/c\/#organization"},"potentialAction":[{"@type":"SearchAction","target":{"@type":"EntryPoint","urlTemplate":"https:\/\/www.artisanlocal.ch\/c\/?s={search_term_string}"},"query-input":{"@type":"PropertyValueSpecification","valueRequired":true,"valueName":"search_term_string"}}],"inLanguage":"fr-FR"},{"@type":"Organization","@id":"https:\/\/www.artisanlocal.ch\/c\/#organization","name":"Artisanlocal","url":"https:\/\/www.artisanlocal.ch\/c\/","logo":{"@type":"ImageObject","inLanguage":"fr-FR","@id":"https:\/\/www.artisanlocal.ch\/c\/#\/schema\/logo\/image\/","url":"https:\/\/www.artisanlocal.ch\/c\/wp-content\/uploads\/2024\/02\/logo-artisanlocal-h.svg","contentUrl":"https:\/\/www.artisanlocal.ch\/c\/wp-content\/uploads\/2024\/02\/logo-artisanlocal-h.svg","caption":"Artisanlocal"},"image":{"@id":"https:\/\/www.artisanlocal.ch\/c\/#\/schema\/logo\/image\/"}}]}},"_links":{"self":[{"href":"https:\/\/www.artisanlocal.ch\/c\/wp-json\/wp\/v2\/pages\/3036","targetHints":{"allow":["GET"]}}],"collection":[{"href":"https:\/\/www.artisanlocal.ch\/c\/wp-json\/wp\/v2\/pages"}],"about":[{"href":"https:\/\/www.artisanlocal.ch\/c\/wp-json\/wp\/v2\/types\/page"}],"author":[{"embeddable":true,"href":"https:\/\/www.artisanlocal.ch\/c\/wp-json\/wp\/v2\/users\/4"}],"replies":[{"embeddable":true,"href":"https:\/\/www.artisanlocal.ch\/c\/wp-json\/wp\/v2\/comments?post=3036"}],"version-history":[{"count":0,"href":"https:\/\/www.artisanlocal.ch\/c\/wp-json\/wp\/v2\/pages\/3036\/revisions"}],"wp:featuredmedia":[{"embeddable":true,"href":"https:\/\/www.artisanlocal.ch\/c\/wp-json\/wp\/v2\/media\/3071"}],"wp:attachment":[{"href":"https:\/\/www.artisanlocal.ch\/c\/wp-json\/wp\/v2\/media?parent=3036"}],"wp:term":[{"taxonomy":"profession","embeddable":true,"href":"https:\/\/www.artisanlocal.ch\/c\/wp-json\/wp\/v2\/profession?post=3036"},{"taxonomy":"location","embeddable":true,"href":"https:\/\/www.artisanlocal.ch\/c\/wp-json\/wp\/v2\/location?post=3036"},{"taxonomy":"canton","embeddable":true,"href":"https:\/\/www.artisanlocal.ch\/c\/wp-json\/wp\/v2\/canton?post=3036"}],"curies":[{"name":"wp","href":"https:\/\/api.w.org\/{rel}","templated":true}]}}