{"id":3040,"date":"2024-11-30T14:27:29","date_gmt":"2024-11-30T13:27:29","guid":{"rendered":"https:\/\/www.artisanlocal.ch\/c\/confiez-linstallation-de-votre-store-a-un-professionnel-qualifie-a-chardonne\/"},"modified":"2025-08-26T19:24:28","modified_gmt":"2025-08-26T17:24:28","slug":"confiez-linstallation-de-votre-store-a-un-professionnel-qualifie-a-chardonne","status":"publish","type":"page","link":"https:\/\/www.artisanlocal.ch\/c\/confiez-linstallation-de-votre-store-a-un-professionnel-qualifie-a-chardonne\/","title":{"rendered":"Confiez l&rsquo;installation de votre store \u00e0 un professionnel qualifi\u00e9 \u00e0 Chardonne"},"content":{"rendered":"<p>Notre soci\u00e9t\u00e9 est expert dans l&rsquo;installation de enseignes, stores, lambrequins lumineux et accessoires pour terrasses, op\u00e8re \u00e0 Chardonne et dans les villes aux alentours.<\/p>\n\r\n<div class=\"box\">\r\n            <div class=\"company-info\">\r\n            <img decoding=\"async\" class=\"company-info__logo\" src=\"https:\/\/www.artisanlocal.ch\/media\/cache\/thumb\/images\/companies\/6788c4f908b4c210523863.png\" alt=\"Logo\">\r\n            <h2 class=\"company-info__name\">Ultra Volets S\u00e0rl<\/h2>\r\n            <p class=\"company-info__business\">Volets en aluminium thermolaqu\u00e9s - Moustiquaires - Stores en tout genre - Rideaux<\/p>\r\n        <\/div>\r\n        <div class=\"company-contact\">\r\n            <p class=\"company-info__address\">Rue du Pays-d'Enhaut 51<\/p>\r\n                            <div class=\"links\">\r\n                                            <a class=\"btn has-accent-background-color js-phoneNumber\" href=\"tel:0795370830\" title=\"Appelez\" data-id=\"3796\" data-type=\"11\">079 537 08 30<\/a>\r\n                                                                <a class=\"btn has-accent-background-color\" href=\"https:\/\/www.ultravolets.ch\/\" target=\"_blank\" title=\"Voir le site internet\" data-id=\"3796\" data-type=\"20\">Site internet<\/a>\r\n                                    <\/div>\r\n                    <\/div>\r\n    \r\n            \r\n<form action=\"https:\/\/www.artisanlocal.ch\/c\/wp-admin\/admin-ajax.php\" method=\"post\" class=\"form-contact\" id=\"artisan_form_contact_company_inline\">\r\n    <div><input type=\"hidden\" name=\"action\" value=\"company_contact\"><\/div>\r\n    <div><input type=\"hidden\" name=\"nonce\" value=\"c697cd59ce\"><\/div>\r\n    <div><input type=\"hidden\" name=\"company_id\" value=\"3796\"><\/div>\r\n    <div><input type=\"hidden\" name=\"form_id\" value=\"artisan_form_contact_company_inline\"><\/div>\r\n    <div class=\"gglcptch gglcptch_v3 gglcptch_custom\"><input type=\"hidden\" id=\"g-recaptcha-response\" name=\"g-recaptcha-response\" \/><br \/><div class=\"gglcptch_error_text\">La p\u00e9riode de v\u00e9rification reCAPTCHA a expir\u00e9. Veuillez recharger la page.<\/div><\/div>    <div class=\"form-content\">\r\n        <div class=\"form-group\">\r\n            <label for=\"contact_firstName\" class=\"required\">Pr\u00e9nom<\/label>\r\n            <input type=\"text\" name=\"firstName\" class=\"form-control\" required>\r\n        <\/div>\r\n        <div class=\"form-group\">\r\n            <label for=\"contact_lastName\" class=\"required\">Nom<\/label>\r\n            <input type=\"text\" name=\"lastName\" class=\"form-control\" required>\r\n        <\/div>\r\n        <div class=\"form-group\">\r\n            <label for=\"contact_email\" class=\"required\">Email<\/label>\r\n            <input type=\"email\" name=\"email\" class=\"form-control\" required>\r\n        <\/div>\r\n        <div class=\"form-group\">\r\n            <label for=\"contact_phone\" class=\"required\">Num\u00e9ro de t\u00e9l\u00e9phone<\/label>\r\n            <input type=\"tel\" name=\"phone\" class=\"form-control\" placeholder=\"0787117165\" pattern=\"^[0-9]{10}$\" required>\r\n        <\/div>\r\n        <div class=\"form-group\">\r\n            <label for=\"contact_postalCode\" class=\"required\">Code postal et localit\u00e9<\/label>\r\n            <input type=\"text\" name=\"postalCode\" class=\"form-control\" required>\r\n        <\/div>\r\n        <div class=\"form-group\">\r\n            <label for=\"contact_address\" class=\"required\">Adresse<\/label>\r\n            <input type=\"text\" name=\"address\" class=\"form-control\" required>\r\n        <\/div>\r\n        <div class=\"full-width topic\">\r\n            <p class=\"required\">Je souhaite \u00eatre contact\u00e9 pour :<\/p>\r\n            <div class=\"form-check\">\r\n                <input type=\"radio\" name=\"topic\" value=\"D\u00e9pannage\" class=\"form-control\" required>\r\n                <label for=\"d\u00e9pannage\">D\u00e9pannage<\/label>\r\n            <\/div>\r\n            <div class=\"form-check\">\r\n                <input type=\"radio\" name=\"topic\" value=\"Entretien\" class=\"form-control\" required>\r\n                <label for=\"entretien\">Entretien<\/label>\r\n            <\/div>\r\n            <div class=\"form-check\">\r\n                <input type=\"radio\" name=\"topic\" value=\"R\u00e9novation\" class=\"form-control\" required>\r\n                <label for=\"r\u00e9novation\">R\u00e9novation<\/label>\r\n            <\/div>\r\n            <div class=\"form-check\">\r\n                <input type=\"radio\" name=\"topic\" value=\"Autre\" class=\"form-control\" required>\r\n                <label for=\"autre\">Autre<\/label>\r\n            <\/div>\r\n        <\/div>\r\n        <div class=\"form-group full-width\">\r\n            <label for=\"contact_message\">Message<\/label>\r\n            <textarea name=\"message\" rows=\"3\" class=\"form-control\"><\/textarea>\r\n        <\/div>\r\n    <\/div>\r\n    <div class=\"form-actions\">\r\n        <button class=\"wp-block-button__link has-accent-background-color\">Contacter<\/button>\r\n    <\/div>\r\n<\/form>\r\n<div class=\"form-feedback\"><\/div>    <\/div>\n<h2>Stores int\u00e9rieurs<\/h2>\n<p>Nos stores sur mesure pour votre int\u00e9rieur am\u00e9liorent l&rsquo;apparence de vos fen\u00eatres, g\u00e9rer l\u2019entr\u00e9e de la luminosit\u00e9 ou prot\u00e9ger votre intimit\u00e9. Nous proposons \u00e0 nos clients un vaste choix de stores : textiles, enrouleurs, bateaux, pliss\u00e9s, rideaux, parois japonaises, v\u00e9nitiens, bandes verticales, enrouleurs avec coffre et bateaux voilage.<\/p>\n<h2>Store ext\u00e9rieur sur-mesure<\/h2>\n<p>Nos stores ext\u00e9rieurs permettent de cr\u00e9er des espaces ombrag\u00e9s sur votre terrasse ou balcon. Nous proposons une large gamme de stores ext\u00e9rieurs : coffres et bannes, ou semi-coffres, \u00e0 bras t\u00e9lescopiques ou articul\u00e9s, de fen\u00eatre, \u00e9galement des loggias, v\u00e9randas ainsi que des verri\u00e8res.<\/p>\n<h2>Pergolas et pergolas bioclimatiques<\/h2>\n<p>Si vous cherchez \u00e0 vous prot\u00e9ger des intemp\u00e9ries, nous vous conseillons de s\u00e9lectionner une pergola. Nous proposons des pergolas : \u00e0 lames r\u00e9tractables, toiles de protection solaire verticale, \u00e0 toits fixes ou avec panneaux verticaux.<\/p>\n<h2>Lambrequin lumineux \u00e0 Chardonne<\/h2>\n<p>Avec nos lambrequins lumineux, votre commerce sera visible la nuit ou par temps pluvieux.&nbsp;<\/p>\n<h2>Rentoilage de stores sur-mesure <\/h2>\n<p>Le changement de toile de stores banne est un choix \u00e9conomique au remplacement du store.<\/p>\n<h2>Fen\u00eatre bois aluminium \u00e0 Chardonne<\/h2>\n<p>Si vous souhaitez r\u00e9nover vos fen\u00eatres. Nous avons une gamme de fen\u00eatres battantes et coulissantes : PVC, en bois ou aluminium.<\/p>\n<h2>Volets roulants et motorisation<\/h2>\n<p>Les volets roulants offrent une meilleure protection thermique, et une bonne protection phonique et solaire. Ils limitent les d\u00e9perditions \u00e9nerg\u00e9tiques : solaires, aluminium, persiennes, bois ou m\u00e9talliques.<\/p>\n<h2>Films pour vitrages et stores sur mesure <\/h2>\n<p>Le film solaire sur mesure pour vitrage permet de baisser la temp\u00e9rature ambiante de votre espace int\u00e9rieur, de renforcer votre s\u00e9curit\u00e9 en pr\u00e9servant votre intimit\u00e9, et des rayons UV dangereux.<\/p>\n<h2>Menuiserie<\/h2>\n<p>Artisanlocal propose d\u2019autres solutions, par exemple les :<\/p>\n<ul>\n<li>Fen\u00eatres.<\/li>\n<li>Volets.<\/li>\n<li>Portails et portes.<\/li>\n<li>Alarmes.<\/li>\n<li>Domotiques.<\/li>\n<li>Portes de garage.<\/li>\n<li>Carport.<\/li>\n<li>Garde-corps ext\u00e9rieurs.<\/li>\n<\/ul>\n<h2>Nos secteurs d&rsquo;activit\u00e9 \u00e0 Chardonne<\/h2>\n<h3>Les soci\u00e9t\u00e9s : restaurants, caf\u00e9s, brasseries, boutiques<\/h3>\n<p>Artisanlocal est sp\u00e9cialis\u00e9 dans la cr\u00e9ation, la fabrication, et la mise en place de stores pour les entreprises \u00e0 Chardonne, comme : les restaurants, bureaux et boutiques.&nbsp;<\/p>\n<h3>Les syndics de copropri\u00e9t\u00e9 et les particuliers<\/h3>\n<p>Nous intervenons chez les particuliers et dans les copropri\u00e9t\u00e9s pour installer vos fen\u00eatres, stores de terrasse, stores int\u00e9rieurs, v\u00e9randa, volets roulants, volets battants, pergolas et pergolas bioclimatiques.<\/p>\n<h2>Nos services &amp; prestations<\/h2>\n<h3>Conception technique<\/h3>\n<p>Nous cr\u00e9ons tous les stores sur mesures et en fonction de vos probl\u00e9matiques et besoins.<\/p>\n<h3>Mise en place personnalis\u00e9<\/h3>\n<p>Les techniciens d&rsquo;Artisanlocal op\u00e8rent \u00e0 Chardonne pour mesurer et installer vos stores sur mesure.<\/p>\n<h3>R\u00e9paration &amp; remplacement\u200b<\/h3>\n<p>Nos storistes r\u00e9parent vos stores, au cours de leur intervention, ils remplacent les parties endommag\u00e9es.<\/p>\n<h3>Entretien de store \u00e0 Chardonne<\/h3>\n<p>Un entretien effectu\u00e9 ponctuellement permet d\u2019augmenter la dur\u00e9e de vie de vos stores. Pour cela, un storiste doit intervenir chez vous et contr\u00f4ler l\u2019\u00e9tat de votre store et si cela s\u2019av\u00e8re n\u00e9cessaire r\u00e9aliser le rentoilage, le remplacement et la r\u00e9paration.<\/p>\n<h3>Option et accessoire suppl\u00e9mentaire<\/h3>\n<p>Notre gamme de produits est disponibles avec des ouvertures \u00e9lectriques ou manuelles pour les stores, portes de garage et volets.<\/p>\n<h2>Pourquoi choisir notre soci\u00e9t\u00e9 ?<\/h2>\n<p>Artisanlocal est sp\u00e9cialis\u00e9 dans l\u2019installation et l\u2019entretien de stores \u00e0 Chardonne. Nous vous assistons de A \u00e0 Z, de l&rsquo;\u00e9tude de votre besoin \u00e0 l&rsquo;installation.<\/p>\n<h3>Large gamme<\/h3>\n<p>Nous proposons un large choix de stores int\u00e9rieurs et ext\u00e9rieurs.<\/p>\n<h3>Devis gratuits<\/h3>\n<p>Recevez un devis gratuit d\u00e9taill\u00e9 et sans engagement. Nos devis sont pr\u00e9cis et transparents.&nbsp;<\/p>\n<h3>\u00c9tude du besoin<\/h3>\n<p>Pour chaque projet, nous analysons sa faisabilit\u00e9, et nous \u00e9laborons des plans sur mesures pour int\u00e9grer de la meilleure mani\u00e8re vos stores en prenant compte vos d\u00e9sirs et vos probl\u00e9matiques.<\/p>\n<h3>Store haut de gamme<\/h3>\n<p>Les stores que nous posons sont fabriqu\u00e9s avec des mat\u00e9riaux haut de gamme pour garantir une bonne long\u00e9vit\u00e9.<\/p>\n<h3>D\u00e9pannage rapide \u00e0 Chardonne<\/h3>\n<p>Le technicien storiste qui est localis\u00e9 \u00e0 Chardonne intervient d\u00e8s que possible chez vous pour installer ou d\u00e9panner vos stores.<\/p>\n<h2>Questions &#8211; R\u00e9ponses<\/h2>\n<h3>Est-il possible de motoriser des stores pos\u00e9s ?<\/h3>\n<p>Oui, la m\u00e9canisation d&rsquo;un store est parfaitement r\u00e9alisable, mais sous certaines conditions. Un de nos techniciens doit op\u00e9rer \u00e0 votre logement pour examiner la faisabilit\u00e9 du projet.<\/p>\n<h3>Artisanlocal intervient dans les communes proches de Chardonne ? ?<\/h3>\n<p>Oui, nos artisans op\u00e8rent \u00e0 Chardonne, mais aussi dans les communes aux environs, par exemple : Puidoux, Chexbres, Rivaz, St-Saphorin (Lavaux), Aran, Chenaux, Grandvaux, Cully, Villette (Lavaux), Riex, Epesses, Vevey, Le Mont-P\u00e8lerin, Corseaux, Corsier-sur-Vevey, Jongny, St-L\u00e9gier-La Chi\u00e9saz, Blonay, Les Monts-de-Corsier, Fenil-sur-Corsier, La Tour-de-Peilz, Clarens, Chailly-Montreux, Brent, Montreux, Territet, Veytaux, Chernex, Glion, Caux, Chamby, Villard-sur-Chamby, Les Avants.<\/p>\n","protected":false},"excerpt":{"rendered":"<p>Notre soci\u00e9t\u00e9 est expert dans l&rsquo;installation de enseignes, stores, lambrequins lumineux et accessoires pour terrasses, op\u00e8re \u00e0 Chardonne et dans les villes aux alentours. Stores int\u00e9rieurs Nos stores sur mesure pour votre int\u00e9rieur am\u00e9liorent l&rsquo;apparence de vos fen\u00eatres, g\u00e9rer l\u2019entr\u00e9e de la luminosit\u00e9 ou prot\u00e9ger votre intimit\u00e9. Nous proposons \u00e0 nos clients un vaste choix [&hellip;]<\/p>\n","protected":false},"author":4,"featured_media":3071,"parent":0,"menu_order":0,"comment_status":"closed","ping_status":"closed","template":"","meta":{"footnotes":""},"profession":[130],"location":[54],"canton":[113],"class_list":["post-3040","page","type-page","status-publish","has-post-thumbnail","hentry","profession-storiste","location-chardonne","canton-vd"],"yoast_head":"<!-- This site is optimized with the Yoast SEO Premium plugin v25.7.1 (Yoast SEO v27.4) - https:\/\/yoast.com\/product\/yoast-seo-premium-wordpress\/ -->\n<title>Confiez l&#039;installation de votre store \u00e0 un professionnel qualifi\u00e9 \u00e0 Chardonne - Artisanlocal<\/title>\n<meta name=\"robots\" content=\"index, follow, max-snippet:-1, max-image-preview:large, max-video-preview:-1\" \/>\n<link rel=\"canonical\" href=\"https:\/\/www.artisanlocal.ch\/c\/confiez-linstallation-de-votre-store-a-un-professionnel-qualifie-a-chardonne\/\" \/>\n<meta property=\"og:locale\" content=\"fr_FR\" \/>\n<meta property=\"og:type\" content=\"article\" \/>\n<meta property=\"og:title\" content=\"Confiez l&#039;installation de votre store \u00e0 un professionnel qualifi\u00e9 \u00e0 Chardonne\" \/>\n<meta property=\"og:description\" content=\"Notre soci\u00e9t\u00e9 est expert dans l&rsquo;installation de enseignes, stores, lambrequins lumineux et accessoires pour terrasses, op\u00e8re \u00e0 Chardonne et dans les villes aux alentours. Stores int\u00e9rieurs Nos stores sur mesure pour votre int\u00e9rieur am\u00e9liorent l&rsquo;apparence de vos fen\u00eatres, g\u00e9rer l\u2019entr\u00e9e de la luminosit\u00e9 ou prot\u00e9ger votre intimit\u00e9. Nous proposons \u00e0 nos clients un vaste choix [&hellip;]\" \/>\n<meta property=\"og:url\" content=\"https:\/\/www.artisanlocal.ch\/c\/confiez-linstallation-de-votre-store-a-un-professionnel-qualifie-a-chardonne\/\" \/>\n<meta property=\"og:site_name\" content=\"Artisanlocal\" \/>\n<meta property=\"article:modified_time\" content=\"2025-08-26T17:24:28+00:00\" \/>\n<meta property=\"og:image\" content=\"https:\/\/www.artisanlocal.ch\/c\/wp-content\/uploads\/2024\/12\/storiste.jpg\" \/>\n\t<meta property=\"og:image:width\" content=\"1920\" \/>\n\t<meta property=\"og:image:height\" content=\"300\" \/>\n\t<meta property=\"og:image:type\" content=\"image\/jpeg\" \/>\n<meta name=\"twitter:card\" content=\"summary_large_image\" \/>\n<meta name=\"twitter:label1\" content=\"Dur\u00e9e de lecture estim\u00e9e\" \/>\n\t<meta name=\"twitter:data1\" content=\"4 minutes\" \/>\n<script type=\"application\/ld+json\" class=\"yoast-schema-graph\">{\"@context\":\"https:\\\/\\\/schema.org\",\"@graph\":[{\"@type\":\"WebPage\",\"@id\":\"https:\\\/\\\/www.artisanlocal.ch\\\/c\\\/confiez-linstallation-de-votre-store-a-un-professionnel-qualifie-a-chardonne\\\/\",\"url\":\"https:\\\/\\\/www.artisanlocal.ch\\\/c\\\/confiez-linstallation-de-votre-store-a-un-professionnel-qualifie-a-chardonne\\\/\",\"name\":\"Confiez l'installation de votre store \u00e0 un professionnel qualifi\u00e9 \u00e0 Chardonne - Artisanlocal\",\"isPartOf\":{\"@id\":\"https:\\\/\\\/www.artisanlocal.ch\\\/c\\\/#website\"},\"primaryImageOfPage\":{\"@id\":\"https:\\\/\\\/www.artisanlocal.ch\\\/c\\\/confiez-linstallation-de-votre-store-a-un-professionnel-qualifie-a-chardonne\\\/#primaryimage\"},\"image\":{\"@id\":\"https:\\\/\\\/www.artisanlocal.ch\\\/c\\\/confiez-linstallation-de-votre-store-a-un-professionnel-qualifie-a-chardonne\\\/#primaryimage\"},\"thumbnailUrl\":\"https:\\\/\\\/www.artisanlocal.ch\\\/c\\\/wp-content\\\/uploads\\\/2024\\\/12\\\/storiste.jpg\",\"datePublished\":\"2024-11-30T13:27:29+00:00\",\"dateModified\":\"2025-08-26T17:24:28+00:00\",\"breadcrumb\":{\"@id\":\"https:\\\/\\\/www.artisanlocal.ch\\\/c\\\/confiez-linstallation-de-votre-store-a-un-professionnel-qualifie-a-chardonne\\\/#breadcrumb\"},\"inLanguage\":\"fr-FR\",\"potentialAction\":[{\"@type\":\"ReadAction\",\"target\":[\"https:\\\/\\\/www.artisanlocal.ch\\\/c\\\/confiez-linstallation-de-votre-store-a-un-professionnel-qualifie-a-chardonne\\\/\"]}]},{\"@type\":\"ImageObject\",\"inLanguage\":\"fr-FR\",\"@id\":\"https:\\\/\\\/www.artisanlocal.ch\\\/c\\\/confiez-linstallation-de-votre-store-a-un-professionnel-qualifie-a-chardonne\\\/#primaryimage\",\"url\":\"https:\\\/\\\/www.artisanlocal.ch\\\/c\\\/wp-content\\\/uploads\\\/2024\\\/12\\\/storiste.jpg\",\"contentUrl\":\"https:\\\/\\\/www.artisanlocal.ch\\\/c\\\/wp-content\\\/uploads\\\/2024\\\/12\\\/storiste.jpg\",\"width\":1920,\"height\":300},{\"@type\":\"BreadcrumbList\",\"@id\":\"https:\\\/\\\/www.artisanlocal.ch\\\/c\\\/confiez-linstallation-de-votre-store-a-un-professionnel-qualifie-a-chardonne\\\/#breadcrumb\",\"itemListElement\":[{\"@type\":\"ListItem\",\"position\":1,\"name\":\"Accueil\",\"item\":\"https:\\\/\\\/www.artisanlocal.ch\\\/c\\\/\"},{\"@type\":\"ListItem\",\"position\":2,\"name\":\"Confiez l&rsquo;installation de votre store \u00e0 un professionnel qualifi\u00e9 \u00e0 Chardonne\"}]},{\"@type\":\"WebSite\",\"@id\":\"https:\\\/\\\/www.artisanlocal.ch\\\/c\\\/#website\",\"url\":\"https:\\\/\\\/www.artisanlocal.ch\\\/c\\\/\",\"name\":\"Artisanlocal\",\"description\":\"\",\"publisher\":{\"@id\":\"https:\\\/\\\/www.artisanlocal.ch\\\/c\\\/#organization\"},\"potentialAction\":[{\"@type\":\"SearchAction\",\"target\":{\"@type\":\"EntryPoint\",\"urlTemplate\":\"https:\\\/\\\/www.artisanlocal.ch\\\/c\\\/?s={search_term_string}\"},\"query-input\":{\"@type\":\"PropertyValueSpecification\",\"valueRequired\":true,\"valueName\":\"search_term_string\"}}],\"inLanguage\":\"fr-FR\"},{\"@type\":\"Organization\",\"@id\":\"https:\\\/\\\/www.artisanlocal.ch\\\/c\\\/#organization\",\"name\":\"Artisanlocal\",\"url\":\"https:\\\/\\\/www.artisanlocal.ch\\\/c\\\/\",\"logo\":{\"@type\":\"ImageObject\",\"inLanguage\":\"fr-FR\",\"@id\":\"https:\\\/\\\/www.artisanlocal.ch\\\/c\\\/#\\\/schema\\\/logo\\\/image\\\/\",\"url\":\"https:\\\/\\\/www.artisanlocal.ch\\\/c\\\/wp-content\\\/uploads\\\/2024\\\/02\\\/logo-artisanlocal-h.svg\",\"contentUrl\":\"https:\\\/\\\/www.artisanlocal.ch\\\/c\\\/wp-content\\\/uploads\\\/2024\\\/02\\\/logo-artisanlocal-h.svg\",\"caption\":\"Artisanlocal\"},\"image\":{\"@id\":\"https:\\\/\\\/www.artisanlocal.ch\\\/c\\\/#\\\/schema\\\/logo\\\/image\\\/\"}}]}<\/script>\n<!-- \/ Yoast SEO Premium plugin. -->","yoast_head_json":{"title":"Confiez l'installation de votre store \u00e0 un professionnel qualifi\u00e9 \u00e0 Chardonne - Artisanlocal","robots":{"index":"index","follow":"follow","max-snippet":"max-snippet:-1","max-image-preview":"max-image-preview:large","max-video-preview":"max-video-preview:-1"},"canonical":"https:\/\/www.artisanlocal.ch\/c\/confiez-linstallation-de-votre-store-a-un-professionnel-qualifie-a-chardonne\/","og_locale":"fr_FR","og_type":"article","og_title":"Confiez l'installation de votre store \u00e0 un professionnel qualifi\u00e9 \u00e0 Chardonne","og_description":"Notre soci\u00e9t\u00e9 est expert dans l&rsquo;installation de enseignes, stores, lambrequins lumineux et accessoires pour terrasses, op\u00e8re \u00e0 Chardonne et dans les villes aux alentours. Stores int\u00e9rieurs Nos stores sur mesure pour votre int\u00e9rieur am\u00e9liorent l&rsquo;apparence de vos fen\u00eatres, g\u00e9rer l\u2019entr\u00e9e de la luminosit\u00e9 ou prot\u00e9ger votre intimit\u00e9. Nous proposons \u00e0 nos clients un vaste choix [&hellip;]","og_url":"https:\/\/www.artisanlocal.ch\/c\/confiez-linstallation-de-votre-store-a-un-professionnel-qualifie-a-chardonne\/","og_site_name":"Artisanlocal","article_modified_time":"2025-08-26T17:24:28+00:00","og_image":[{"width":1920,"height":300,"url":"https:\/\/www.artisanlocal.ch\/c\/wp-content\/uploads\/2024\/12\/storiste.jpg","type":"image\/jpeg"}],"twitter_card":"summary_large_image","twitter_misc":{"Dur\u00e9e de lecture estim\u00e9e":"4 minutes"},"schema":{"@context":"https:\/\/schema.org","@graph":[{"@type":"WebPage","@id":"https:\/\/www.artisanlocal.ch\/c\/confiez-linstallation-de-votre-store-a-un-professionnel-qualifie-a-chardonne\/","url":"https:\/\/www.artisanlocal.ch\/c\/confiez-linstallation-de-votre-store-a-un-professionnel-qualifie-a-chardonne\/","name":"Confiez l'installation de votre store \u00e0 un professionnel qualifi\u00e9 \u00e0 Chardonne - Artisanlocal","isPartOf":{"@id":"https:\/\/www.artisanlocal.ch\/c\/#website"},"primaryImageOfPage":{"@id":"https:\/\/www.artisanlocal.ch\/c\/confiez-linstallation-de-votre-store-a-un-professionnel-qualifie-a-chardonne\/#primaryimage"},"image":{"@id":"https:\/\/www.artisanlocal.ch\/c\/confiez-linstallation-de-votre-store-a-un-professionnel-qualifie-a-chardonne\/#primaryimage"},"thumbnailUrl":"https:\/\/www.artisanlocal.ch\/c\/wp-content\/uploads\/2024\/12\/storiste.jpg","datePublished":"2024-11-30T13:27:29+00:00","dateModified":"2025-08-26T17:24:28+00:00","breadcrumb":{"@id":"https:\/\/www.artisanlocal.ch\/c\/confiez-linstallation-de-votre-store-a-un-professionnel-qualifie-a-chardonne\/#breadcrumb"},"inLanguage":"fr-FR","potentialAction":[{"@type":"ReadAction","target":["https:\/\/www.artisanlocal.ch\/c\/confiez-linstallation-de-votre-store-a-un-professionnel-qualifie-a-chardonne\/"]}]},{"@type":"ImageObject","inLanguage":"fr-FR","@id":"https:\/\/www.artisanlocal.ch\/c\/confiez-linstallation-de-votre-store-a-un-professionnel-qualifie-a-chardonne\/#primaryimage","url":"https:\/\/www.artisanlocal.ch\/c\/wp-content\/uploads\/2024\/12\/storiste.jpg","contentUrl":"https:\/\/www.artisanlocal.ch\/c\/wp-content\/uploads\/2024\/12\/storiste.jpg","width":1920,"height":300},{"@type":"BreadcrumbList","@id":"https:\/\/www.artisanlocal.ch\/c\/confiez-linstallation-de-votre-store-a-un-professionnel-qualifie-a-chardonne\/#breadcrumb","itemListElement":[{"@type":"ListItem","position":1,"name":"Accueil","item":"https:\/\/www.artisanlocal.ch\/c\/"},{"@type":"ListItem","position":2,"name":"Confiez l&rsquo;installation de votre store \u00e0 un professionnel qualifi\u00e9 \u00e0 Chardonne"}]},{"@type":"WebSite","@id":"https:\/\/www.artisanlocal.ch\/c\/#website","url":"https:\/\/www.artisanlocal.ch\/c\/","name":"Artisanlocal","description":"","publisher":{"@id":"https:\/\/www.artisanlocal.ch\/c\/#organization"},"potentialAction":[{"@type":"SearchAction","target":{"@type":"EntryPoint","urlTemplate":"https:\/\/www.artisanlocal.ch\/c\/?s={search_term_string}"},"query-input":{"@type":"PropertyValueSpecification","valueRequired":true,"valueName":"search_term_string"}}],"inLanguage":"fr-FR"},{"@type":"Organization","@id":"https:\/\/www.artisanlocal.ch\/c\/#organization","name":"Artisanlocal","url":"https:\/\/www.artisanlocal.ch\/c\/","logo":{"@type":"ImageObject","inLanguage":"fr-FR","@id":"https:\/\/www.artisanlocal.ch\/c\/#\/schema\/logo\/image\/","url":"https:\/\/www.artisanlocal.ch\/c\/wp-content\/uploads\/2024\/02\/logo-artisanlocal-h.svg","contentUrl":"https:\/\/www.artisanlocal.ch\/c\/wp-content\/uploads\/2024\/02\/logo-artisanlocal-h.svg","caption":"Artisanlocal"},"image":{"@id":"https:\/\/www.artisanlocal.ch\/c\/#\/schema\/logo\/image\/"}}]}},"_links":{"self":[{"href":"https:\/\/www.artisanlocal.ch\/c\/wp-json\/wp\/v2\/pages\/3040","targetHints":{"allow":["GET"]}}],"collection":[{"href":"https:\/\/www.artisanlocal.ch\/c\/wp-json\/wp\/v2\/pages"}],"about":[{"href":"https:\/\/www.artisanlocal.ch\/c\/wp-json\/wp\/v2\/types\/page"}],"author":[{"embeddable":true,"href":"https:\/\/www.artisanlocal.ch\/c\/wp-json\/wp\/v2\/users\/4"}],"replies":[{"embeddable":true,"href":"https:\/\/www.artisanlocal.ch\/c\/wp-json\/wp\/v2\/comments?post=3040"}],"version-history":[{"count":0,"href":"https:\/\/www.artisanlocal.ch\/c\/wp-json\/wp\/v2\/pages\/3040\/revisions"}],"wp:featuredmedia":[{"embeddable":true,"href":"https:\/\/www.artisanlocal.ch\/c\/wp-json\/wp\/v2\/media\/3071"}],"wp:attachment":[{"href":"https:\/\/www.artisanlocal.ch\/c\/wp-json\/wp\/v2\/media?parent=3040"}],"wp:term":[{"taxonomy":"profession","embeddable":true,"href":"https:\/\/www.artisanlocal.ch\/c\/wp-json\/wp\/v2\/profession?post=3040"},{"taxonomy":"location","embeddable":true,"href":"https:\/\/www.artisanlocal.ch\/c\/wp-json\/wp\/v2\/location?post=3040"},{"taxonomy":"canton","embeddable":true,"href":"https:\/\/www.artisanlocal.ch\/c\/wp-json\/wp\/v2\/canton?post=3040"}],"curies":[{"name":"wp","href":"https:\/\/api.w.org\/{rel}","templated":true}]}}