{"id":3041,"date":"2024-12-01T03:06:19","date_gmt":"2024-12-01T02:06:19","guid":{"rendered":"https:\/\/www.artisanlocal.ch\/c\/vos-stores-fermetures-et-fenetres-a-renens\/"},"modified":"2025-08-26T19:24:22","modified_gmt":"2025-08-26T17:24:22","slug":"vos-stores-fermetures-et-fenetres-a-renens","status":"publish","type":"page","link":"https:\/\/www.artisanlocal.ch\/c\/vos-stores-fermetures-et-fenetres-a-renens\/","title":{"rendered":"Vos stores, fermetures, et fen\u00eatres \u00e0 Renens VD"},"content":{"rendered":"<p>Artisanlocal est un installateur de stores, lambrequin lumineux, enseignes et accessoires de terrasses, \u00e0 Renens VD et dans les communes \u00e0 proximit\u00e9.<\/p>\n\r\n<div class=\"box\">\r\n            <div class=\"company-info\">\r\n            <img decoding=\"async\" class=\"company-info__logo\" src=\"https:\/\/www.artisanlocal.ch\/media\/cache\/thumb\/images\/companies\/671a12e88cad6140864316.png\" alt=\"Logo\">\r\n            <h2 class=\"company-info__name\">Colombara stores SA<\/h2>\r\n            <p class=\"company-info__business\">Stores - Volets - Moustiquaires - Portes de garage - Sauts-de-loup - Domotique - Vente - Pose - R\u00e9paration<\/p>\r\n        <\/div>\r\n        <div class=\"company-contact\">\r\n            <p class=\"company-info__address\">Chemin de la Clopette 33<\/p>\r\n                            <div class=\"links\">\r\n                                            <a class=\"btn has-accent-background-color js-phoneNumber\" href=\"tel:0216249205\" title=\"Appelez\" data-id=\"12088\" data-type=\"11\">021 624 92 05<\/a>\r\n                                                                <a class=\"btn has-accent-background-color\" href=\"https:\/\/www.colombara-stores.ch\/\" target=\"_blank\" title=\"Voir le site internet\" data-id=\"12088\" data-type=\"20\">Site internet<\/a>\r\n                                    <\/div>\r\n                    <\/div>\r\n    \r\n            \r\n<form action=\"https:\/\/www.artisanlocal.ch\/c\/wp-admin\/admin-ajax.php\" method=\"post\" class=\"form-contact\" id=\"artisan_form_contact_company_inline\">\r\n    <div><input type=\"hidden\" name=\"action\" value=\"company_contact\"><\/div>\r\n    <div><input type=\"hidden\" name=\"nonce\" value=\"c697cd59ce\"><\/div>\r\n    <div><input type=\"hidden\" name=\"company_id\" value=\"12088\"><\/div>\r\n    <div><input type=\"hidden\" name=\"form_id\" value=\"artisan_form_contact_company_inline\"><\/div>\r\n    <div class=\"gglcptch gglcptch_v3 gglcptch_custom\"><input type=\"hidden\" id=\"g-recaptcha-response\" name=\"g-recaptcha-response\" \/><br \/><div class=\"gglcptch_error_text\">La p\u00e9riode de v\u00e9rification reCAPTCHA a expir\u00e9. Veuillez recharger la page.<\/div><\/div>    <div class=\"form-content\">\r\n        <div class=\"form-group\">\r\n            <label for=\"contact_firstName\" class=\"required\">Pr\u00e9nom<\/label>\r\n            <input type=\"text\" name=\"firstName\" class=\"form-control\" required>\r\n        <\/div>\r\n        <div class=\"form-group\">\r\n            <label for=\"contact_lastName\" class=\"required\">Nom<\/label>\r\n            <input type=\"text\" name=\"lastName\" class=\"form-control\" required>\r\n        <\/div>\r\n        <div class=\"form-group\">\r\n            <label for=\"contact_email\" class=\"required\">Email<\/label>\r\n            <input type=\"email\" name=\"email\" class=\"form-control\" required>\r\n        <\/div>\r\n        <div class=\"form-group\">\r\n            <label for=\"contact_phone\" class=\"required\">Num\u00e9ro de t\u00e9l\u00e9phone<\/label>\r\n            <input type=\"tel\" name=\"phone\" class=\"form-control\" placeholder=\"0787117165\" pattern=\"^[0-9]{10}$\" required>\r\n        <\/div>\r\n        <div class=\"form-group\">\r\n            <label for=\"contact_postalCode\" class=\"required\">Code postal et localit\u00e9<\/label>\r\n            <input type=\"text\" name=\"postalCode\" class=\"form-control\" required>\r\n        <\/div>\r\n        <div class=\"form-group\">\r\n            <label for=\"contact_address\" class=\"required\">Adresse<\/label>\r\n            <input type=\"text\" name=\"address\" class=\"form-control\" required>\r\n        <\/div>\r\n        <div class=\"full-width topic\">\r\n            <p class=\"required\">Je souhaite \u00eatre contact\u00e9 pour :<\/p>\r\n            <div class=\"form-check\">\r\n                <input type=\"radio\" name=\"topic\" value=\"D\u00e9pannage\" class=\"form-control\" required>\r\n                <label for=\"d\u00e9pannage\">D\u00e9pannage<\/label>\r\n            <\/div>\r\n            <div class=\"form-check\">\r\n                <input type=\"radio\" name=\"topic\" value=\"Entretien\" class=\"form-control\" required>\r\n                <label for=\"entretien\">Entretien<\/label>\r\n            <\/div>\r\n            <div class=\"form-check\">\r\n                <input type=\"radio\" name=\"topic\" value=\"R\u00e9novation\" class=\"form-control\" required>\r\n                <label for=\"r\u00e9novation\">R\u00e9novation<\/label>\r\n            <\/div>\r\n            <div class=\"form-check\">\r\n                <input type=\"radio\" name=\"topic\" value=\"Autre\" class=\"form-control\" required>\r\n                <label for=\"autre\">Autre<\/label>\r\n            <\/div>\r\n        <\/div>\r\n        <div class=\"form-group full-width\">\r\n            <label for=\"contact_message\">Message<\/label>\r\n            <textarea name=\"message\" rows=\"3\" class=\"form-control\"><\/textarea>\r\n        <\/div>\r\n    <\/div>\r\n    <div class=\"form-actions\">\r\n        <button class=\"wp-block-button__link has-accent-background-color\">Contacter<\/button>\r\n    <\/div>\r\n<\/form>\r\n<div class=\"form-feedback\"><\/div>    <\/div>\n<h2>Stores int\u00e9rieurs<\/h2>\n<p>Nos stores sur mesure pour votre int\u00e9rieur am\u00e9liorent l&rsquo;esth\u00e9tique de vos fen\u00eatres, contr\u00f4ler la lumi\u00e8re et pr\u00e9servez votre confidentialit\u00e9. Nous proposons \u00e0 nos clients un vaste choix de stores : v\u00e9nitiens, textiles, pliss\u00e9s, bandes verticales, enrouleurs, enrouleurs avec coffre, parois japonaises, rideaux, bateaux et bateaux voilage.<\/p>\n<h2>Stores ext\u00e9rieurs personnalis\u00e9s pour vos fen\u00eatres<\/h2>\n<p>Avec nos stores ext\u00e9rieurs, apportez des zones d&rsquo;ombre sur votre balcon ou terrasse. Nous proposons une large gamme de stores ext\u00e9rieurs : verri\u00e8res, loggias et v\u00e9randas, mais aussi fen\u00eatres, \u00e9quip\u00e9es de coffres, semi-coffres, bannes, \u00e0 bras t\u00e9lescopiques ou articul\u00e9s.<\/p>\n<h2>Pergolas et pergolas bioclimatiques<\/h2>\n<p>Si vous avez besoin de vous prot\u00e9ger de la pluie, nous vous sugg\u00e9rons de s\u00e9lectionner une pergola. Nous vous proposons des pergolas : toiles de protection solaire verticale, \u00e0 lames r\u00e9tractables, avec panneaux verticaux ou \u00e0 toits fixes.<\/p>\n<h2>Lambrequin lumineux sur mesure<\/h2>\n<p>\u00c0 l&rsquo;aide de nos lambrequins lumineux, votre magasin sera visible la nuit ou par temps pluvieux.&nbsp;<\/p>\n<h2>Rentoilage de stores sur-mesure \u00e0 Renens VD<\/h2>\n<p>Notre entreprise propose le changement de toile (rentoilage) de stores banne qui permet d\u2019\u00e9viter le remplacement complet de votre store.<\/p>\n<h2>Fen\u00eatres bois &amp; aluminium<\/h2>\n<p>Si vous avez besoin de remplacer vos fen\u00eatres. Nous avons un choix de fen\u00eatres battantes et coulissantes : PVC, en bois ou aluminium.<\/p>\n<h2>Volets roulants et motorisation<\/h2>\n<p>Si vous avez besoin d\u2019une meilleure protection phonique, thermique ou solaire, privil\u00e9gier nos Volets roulants manuels ou \u00e9lectriques : m\u00e9talliques, aluminium, persiennes, solaires ou bois.<\/p>\n<h2>Nos films pour vitrages et stores sur mesure de qualit\u00e9<\/h2>\n<p>Le film solaire sur mesure pour fen\u00eatre permet de r\u00e9duire la temp\u00e9rature de votre int\u00e9rieur, d\u2019am\u00e9liorer votre s\u00e9curit\u00e9 en prot\u00e9geant votre intimit\u00e9, et des rayons UV dangereux.<\/p>\n<h2>Menuiserie<\/h2>\n<p>Nous proposons aussi d\u2019autres solutions, comme les :<\/p>\n<ul>\n<li>Fen\u00eatres.<\/li>\n<li>Volets.<\/li>\n<li>Portes et portails.<\/li>\n<li>Alarmes.<\/li>\n<li>Domotiques.<\/li>\n<li>Portes de garage.<\/li>\n<li>Carport.<\/li>\n<li>Garde-corps ext\u00e9rieurs.<\/li>\n<\/ul>\n<h2>Nos secteurs d&rsquo;activit\u00e9<\/h2>\n<h3>Les soci\u00e9t\u00e9s : restaurants, brasseries, caf\u00e9s, boutiques<\/h3>\n<p>Artisanlocal \u00e9labore, fabrique, et installe des stores pour les entreprises \u00e0 Renens VD, tels que : les bureaux, les boutiques et les restaurants.&nbsp;<\/p>\n<h3>Les syndics de copropri\u00e9t\u00e9 et les particuliers<\/h3>\n<p>Nous intervenons dans les copropri\u00e9t\u00e9s et chez les particuliers pour installer vos fen\u00eatres, stores de terrasse, stores int\u00e9rieurs, v\u00e9randa, volets battants, volets roulants, pergolas et pergolas bioclimatiques.<\/p>\n<h2>Nos services &amp; prestations<\/h2>\n<h3>Conception technique<\/h3>\n<p>Nous construisons des stores personnalis\u00e9s en fonction de vos besoins et probl\u00e9matiques.<\/p>\n<h3>Installation personnalis\u00e9<\/h3>\n<p>Les techniciens d&rsquo;Artisanlocal op\u00e8rent \u00e0 Renens VD pour mesurer et poser vos stores sur mesure.<\/p>\n<h3>R\u00e9paration de store \u00e0 Renens VD<\/h3>\n<p>Les storistes d&rsquo;Artisanlocal remplacent les pi\u00e8ces de vos stores, au cours de leur intervention, ils remplacent les pi\u00e8ces endommag\u00e9es.<\/p>\n<h3>Service d\u2019entretien<\/h3>\n<p>Une maintenance effectu\u00e9e fr\u00e9quemment permet d&rsquo;augmenter la durabilit\u00e9 de vos stores. Pour cela, un storiste doit intervenir \u00e0 votre domicile et contr\u00f4ler l\u2019\u00e9tat de votre store et si besoin r\u00e9aliser le rentoilage, le remplacement et la r\u00e9paration.<\/p>\n<h3>Accessoires et options<\/h3>\n<p>Nous proposons diff\u00e9rentes possibilit\u00e9s d\u2019ouverture (\u00e9lectrique ou manuelle) pour les portes de garage, les stores et les volets.<\/p>\n<h2>Pourquoi choisir notre entreprise ?<\/h2>\n<p>Notre entreprise implant\u00e9e \u00e0 Renens VD est sp\u00e9cialis\u00e9e dans la mise en place et l\u2019entretien des stores. Nous vous guidons de A \u00e0 Z, de l&rsquo;analyse de votre besoin \u00e0 l&rsquo;installation.<\/p>\n<h3>Collection de stores<\/h3>\n<p>Artisanlocal propose une grande s\u00e9lection de stores.<\/p>\n<h3>\u00c9tude et devis gratuit<\/h3>\n<p>Recevez un devis gratuit. Nos devis sont complets et totalement transparents.&nbsp;<\/p>\n<h3>\u00c9tude de faisabilit\u00e9<\/h3>\n<p>Pour chacun des projets, nous \u00e9tudions sa possibilit\u00e9 de r\u00e9alisation, et nous \u00e9laborons des plans sur mesures pour associer de la meilleure sorte vos stores en tenant compte vos d\u00e9sirs.<\/p>\n<h3>Store haut de gamme<\/h3>\n<p>Nous utilisons des mat\u00e9riaux de qualit\u00e9 pour les stores que nous mettons en place.<\/p>\n<h3>Intervention rapide \u00e0 Renens VD<\/h3>\n<p>Notre soci\u00e9t\u00e9 Artisanlocal est localis\u00e9e au coeur de Renens VD pour op\u00e9rer d\u00e8s que possible chez vous.<\/p>\n<h2>FAQ<\/h2>\n<h3>Les stores existants peuvent-ils \u00eatre m\u00e9canis\u00e9s ?<\/h3>\n<p>Oui, nos storistes peuvent motoriser vos stores sous certaines conditions. Un de nos artisans se d\u00e9place \u00e0 votre domicile pour estimer la viabilit\u00e9 du projet.<\/p>\n<h3>Intervenez-vous dans les villes \u00e0 proximit\u00e9 de Renens VD ?<\/h3>\n<p>Oui, nos artisans op\u00e8rent \u00e0 Renens VD, mais aussi dans les villes aux alentours, telles que : Jouxtens-M\u00e9zery, Prilly, Crissier.<\/p>\n","protected":false},"excerpt":{"rendered":"<p>Artisanlocal est un installateur de stores, lambrequin lumineux, enseignes et accessoires de terrasses, \u00e0 Renens VD et dans les communes \u00e0 proximit\u00e9. Stores int\u00e9rieurs Nos stores sur mesure pour votre int\u00e9rieur am\u00e9liorent l&rsquo;esth\u00e9tique de vos fen\u00eatres, contr\u00f4ler la lumi\u00e8re et pr\u00e9servez votre confidentialit\u00e9. Nous proposons \u00e0 nos clients un vaste choix de stores : v\u00e9nitiens, [&hellip;]<\/p>\n","protected":false},"author":4,"featured_media":3071,"parent":0,"menu_order":0,"comment_status":"closed","ping_status":"closed","template":"","meta":{"footnotes":""},"profession":[130],"location":[53],"canton":[113],"class_list":["post-3041","page","type-page","status-publish","has-post-thumbnail","hentry","profession-storiste","location-renens-vd","canton-vd"],"yoast_head":"<!-- This site is optimized with the Yoast SEO Premium plugin v25.7.1 (Yoast SEO v27.4) - https:\/\/yoast.com\/product\/yoast-seo-premium-wordpress\/ -->\n<title>Vos stores, fermetures, et fen\u00eatres \u00e0 Renens VD - Artisanlocal<\/title>\n<meta name=\"robots\" content=\"index, follow, max-snippet:-1, max-image-preview:large, max-video-preview:-1\" \/>\n<link rel=\"canonical\" href=\"https:\/\/www.artisanlocal.ch\/c\/vos-stores-fermetures-et-fenetres-a-renens\/\" \/>\n<meta property=\"og:locale\" content=\"fr_FR\" \/>\n<meta property=\"og:type\" content=\"article\" \/>\n<meta property=\"og:title\" content=\"Vos stores, fermetures, et fen\u00eatres \u00e0 Renens VD\" \/>\n<meta property=\"og:description\" content=\"Artisanlocal est un installateur de stores, lambrequin lumineux, enseignes et accessoires de terrasses, \u00e0 Renens VD et dans les communes \u00e0 proximit\u00e9. Stores int\u00e9rieurs Nos stores sur mesure pour votre int\u00e9rieur am\u00e9liorent l&rsquo;esth\u00e9tique de vos fen\u00eatres, contr\u00f4ler la lumi\u00e8re et pr\u00e9servez votre confidentialit\u00e9. Nous proposons \u00e0 nos clients un vaste choix de stores : v\u00e9nitiens, [&hellip;]\" \/>\n<meta property=\"og:url\" content=\"https:\/\/www.artisanlocal.ch\/c\/vos-stores-fermetures-et-fenetres-a-renens\/\" \/>\n<meta property=\"og:site_name\" content=\"Artisanlocal\" \/>\n<meta property=\"article:modified_time\" content=\"2025-08-26T17:24:22+00:00\" \/>\n<meta property=\"og:image\" content=\"https:\/\/www.artisanlocal.ch\/c\/wp-content\/uploads\/2024\/12\/storiste.jpg\" \/>\n\t<meta property=\"og:image:width\" content=\"1920\" \/>\n\t<meta property=\"og:image:height\" content=\"300\" \/>\n\t<meta property=\"og:image:type\" content=\"image\/jpeg\" \/>\n<meta name=\"twitter:card\" content=\"summary_large_image\" \/>\n<meta name=\"twitter:label1\" content=\"Dur\u00e9e de lecture estim\u00e9e\" \/>\n\t<meta name=\"twitter:data1\" content=\"4 minutes\" \/>\n<script type=\"application\/ld+json\" class=\"yoast-schema-graph\">{\"@context\":\"https:\\\/\\\/schema.org\",\"@graph\":[{\"@type\":\"WebPage\",\"@id\":\"https:\\\/\\\/www.artisanlocal.ch\\\/c\\\/vos-stores-fermetures-et-fenetres-a-renens\\\/\",\"url\":\"https:\\\/\\\/www.artisanlocal.ch\\\/c\\\/vos-stores-fermetures-et-fenetres-a-renens\\\/\",\"name\":\"Vos stores, fermetures, et fen\u00eatres \u00e0 Renens VD - Artisanlocal\",\"isPartOf\":{\"@id\":\"https:\\\/\\\/www.artisanlocal.ch\\\/c\\\/#website\"},\"primaryImageOfPage\":{\"@id\":\"https:\\\/\\\/www.artisanlocal.ch\\\/c\\\/vos-stores-fermetures-et-fenetres-a-renens\\\/#primaryimage\"},\"image\":{\"@id\":\"https:\\\/\\\/www.artisanlocal.ch\\\/c\\\/vos-stores-fermetures-et-fenetres-a-renens\\\/#primaryimage\"},\"thumbnailUrl\":\"https:\\\/\\\/www.artisanlocal.ch\\\/c\\\/wp-content\\\/uploads\\\/2024\\\/12\\\/storiste.jpg\",\"datePublished\":\"2024-12-01T02:06:19+00:00\",\"dateModified\":\"2025-08-26T17:24:22+00:00\",\"breadcrumb\":{\"@id\":\"https:\\\/\\\/www.artisanlocal.ch\\\/c\\\/vos-stores-fermetures-et-fenetres-a-renens\\\/#breadcrumb\"},\"inLanguage\":\"fr-FR\",\"potentialAction\":[{\"@type\":\"ReadAction\",\"target\":[\"https:\\\/\\\/www.artisanlocal.ch\\\/c\\\/vos-stores-fermetures-et-fenetres-a-renens\\\/\"]}]},{\"@type\":\"ImageObject\",\"inLanguage\":\"fr-FR\",\"@id\":\"https:\\\/\\\/www.artisanlocal.ch\\\/c\\\/vos-stores-fermetures-et-fenetres-a-renens\\\/#primaryimage\",\"url\":\"https:\\\/\\\/www.artisanlocal.ch\\\/c\\\/wp-content\\\/uploads\\\/2024\\\/12\\\/storiste.jpg\",\"contentUrl\":\"https:\\\/\\\/www.artisanlocal.ch\\\/c\\\/wp-content\\\/uploads\\\/2024\\\/12\\\/storiste.jpg\",\"width\":1920,\"height\":300},{\"@type\":\"BreadcrumbList\",\"@id\":\"https:\\\/\\\/www.artisanlocal.ch\\\/c\\\/vos-stores-fermetures-et-fenetres-a-renens\\\/#breadcrumb\",\"itemListElement\":[{\"@type\":\"ListItem\",\"position\":1,\"name\":\"Accueil\",\"item\":\"https:\\\/\\\/www.artisanlocal.ch\\\/c\\\/\"},{\"@type\":\"ListItem\",\"position\":2,\"name\":\"Vos stores, fermetures, et fen\u00eatres \u00e0 Renens\"}]},{\"@type\":\"WebSite\",\"@id\":\"https:\\\/\\\/www.artisanlocal.ch\\\/c\\\/#website\",\"url\":\"https:\\\/\\\/www.artisanlocal.ch\\\/c\\\/\",\"name\":\"Artisanlocal\",\"description\":\"\",\"publisher\":{\"@id\":\"https:\\\/\\\/www.artisanlocal.ch\\\/c\\\/#organization\"},\"potentialAction\":[{\"@type\":\"SearchAction\",\"target\":{\"@type\":\"EntryPoint\",\"urlTemplate\":\"https:\\\/\\\/www.artisanlocal.ch\\\/c\\\/?s={search_term_string}\"},\"query-input\":{\"@type\":\"PropertyValueSpecification\",\"valueRequired\":true,\"valueName\":\"search_term_string\"}}],\"inLanguage\":\"fr-FR\"},{\"@type\":\"Organization\",\"@id\":\"https:\\\/\\\/www.artisanlocal.ch\\\/c\\\/#organization\",\"name\":\"Artisanlocal\",\"url\":\"https:\\\/\\\/www.artisanlocal.ch\\\/c\\\/\",\"logo\":{\"@type\":\"ImageObject\",\"inLanguage\":\"fr-FR\",\"@id\":\"https:\\\/\\\/www.artisanlocal.ch\\\/c\\\/#\\\/schema\\\/logo\\\/image\\\/\",\"url\":\"https:\\\/\\\/www.artisanlocal.ch\\\/c\\\/wp-content\\\/uploads\\\/2024\\\/02\\\/logo-artisanlocal-h.svg\",\"contentUrl\":\"https:\\\/\\\/www.artisanlocal.ch\\\/c\\\/wp-content\\\/uploads\\\/2024\\\/02\\\/logo-artisanlocal-h.svg\",\"caption\":\"Artisanlocal\"},\"image\":{\"@id\":\"https:\\\/\\\/www.artisanlocal.ch\\\/c\\\/#\\\/schema\\\/logo\\\/image\\\/\"}}]}<\/script>\n<!-- \/ Yoast SEO Premium plugin. -->","yoast_head_json":{"title":"Vos stores, fermetures, et fen\u00eatres \u00e0 Renens VD - Artisanlocal","robots":{"index":"index","follow":"follow","max-snippet":"max-snippet:-1","max-image-preview":"max-image-preview:large","max-video-preview":"max-video-preview:-1"},"canonical":"https:\/\/www.artisanlocal.ch\/c\/vos-stores-fermetures-et-fenetres-a-renens\/","og_locale":"fr_FR","og_type":"article","og_title":"Vos stores, fermetures, et fen\u00eatres \u00e0 Renens VD","og_description":"Artisanlocal est un installateur de stores, lambrequin lumineux, enseignes et accessoires de terrasses, \u00e0 Renens VD et dans les communes \u00e0 proximit\u00e9. Stores int\u00e9rieurs Nos stores sur mesure pour votre int\u00e9rieur am\u00e9liorent l&rsquo;esth\u00e9tique de vos fen\u00eatres, contr\u00f4ler la lumi\u00e8re et pr\u00e9servez votre confidentialit\u00e9. Nous proposons \u00e0 nos clients un vaste choix de stores : v\u00e9nitiens, [&hellip;]","og_url":"https:\/\/www.artisanlocal.ch\/c\/vos-stores-fermetures-et-fenetres-a-renens\/","og_site_name":"Artisanlocal","article_modified_time":"2025-08-26T17:24:22+00:00","og_image":[{"width":1920,"height":300,"url":"https:\/\/www.artisanlocal.ch\/c\/wp-content\/uploads\/2024\/12\/storiste.jpg","type":"image\/jpeg"}],"twitter_card":"summary_large_image","twitter_misc":{"Dur\u00e9e de lecture estim\u00e9e":"4 minutes"},"schema":{"@context":"https:\/\/schema.org","@graph":[{"@type":"WebPage","@id":"https:\/\/www.artisanlocal.ch\/c\/vos-stores-fermetures-et-fenetres-a-renens\/","url":"https:\/\/www.artisanlocal.ch\/c\/vos-stores-fermetures-et-fenetres-a-renens\/","name":"Vos stores, fermetures, et fen\u00eatres \u00e0 Renens VD - Artisanlocal","isPartOf":{"@id":"https:\/\/www.artisanlocal.ch\/c\/#website"},"primaryImageOfPage":{"@id":"https:\/\/www.artisanlocal.ch\/c\/vos-stores-fermetures-et-fenetres-a-renens\/#primaryimage"},"image":{"@id":"https:\/\/www.artisanlocal.ch\/c\/vos-stores-fermetures-et-fenetres-a-renens\/#primaryimage"},"thumbnailUrl":"https:\/\/www.artisanlocal.ch\/c\/wp-content\/uploads\/2024\/12\/storiste.jpg","datePublished":"2024-12-01T02:06:19+00:00","dateModified":"2025-08-26T17:24:22+00:00","breadcrumb":{"@id":"https:\/\/www.artisanlocal.ch\/c\/vos-stores-fermetures-et-fenetres-a-renens\/#breadcrumb"},"inLanguage":"fr-FR","potentialAction":[{"@type":"ReadAction","target":["https:\/\/www.artisanlocal.ch\/c\/vos-stores-fermetures-et-fenetres-a-renens\/"]}]},{"@type":"ImageObject","inLanguage":"fr-FR","@id":"https:\/\/www.artisanlocal.ch\/c\/vos-stores-fermetures-et-fenetres-a-renens\/#primaryimage","url":"https:\/\/www.artisanlocal.ch\/c\/wp-content\/uploads\/2024\/12\/storiste.jpg","contentUrl":"https:\/\/www.artisanlocal.ch\/c\/wp-content\/uploads\/2024\/12\/storiste.jpg","width":1920,"height":300},{"@type":"BreadcrumbList","@id":"https:\/\/www.artisanlocal.ch\/c\/vos-stores-fermetures-et-fenetres-a-renens\/#breadcrumb","itemListElement":[{"@type":"ListItem","position":1,"name":"Accueil","item":"https:\/\/www.artisanlocal.ch\/c\/"},{"@type":"ListItem","position":2,"name":"Vos stores, fermetures, et fen\u00eatres \u00e0 Renens"}]},{"@type":"WebSite","@id":"https:\/\/www.artisanlocal.ch\/c\/#website","url":"https:\/\/www.artisanlocal.ch\/c\/","name":"Artisanlocal","description":"","publisher":{"@id":"https:\/\/www.artisanlocal.ch\/c\/#organization"},"potentialAction":[{"@type":"SearchAction","target":{"@type":"EntryPoint","urlTemplate":"https:\/\/www.artisanlocal.ch\/c\/?s={search_term_string}"},"query-input":{"@type":"PropertyValueSpecification","valueRequired":true,"valueName":"search_term_string"}}],"inLanguage":"fr-FR"},{"@type":"Organization","@id":"https:\/\/www.artisanlocal.ch\/c\/#organization","name":"Artisanlocal","url":"https:\/\/www.artisanlocal.ch\/c\/","logo":{"@type":"ImageObject","inLanguage":"fr-FR","@id":"https:\/\/www.artisanlocal.ch\/c\/#\/schema\/logo\/image\/","url":"https:\/\/www.artisanlocal.ch\/c\/wp-content\/uploads\/2024\/02\/logo-artisanlocal-h.svg","contentUrl":"https:\/\/www.artisanlocal.ch\/c\/wp-content\/uploads\/2024\/02\/logo-artisanlocal-h.svg","caption":"Artisanlocal"},"image":{"@id":"https:\/\/www.artisanlocal.ch\/c\/#\/schema\/logo\/image\/"}}]}},"_links":{"self":[{"href":"https:\/\/www.artisanlocal.ch\/c\/wp-json\/wp\/v2\/pages\/3041","targetHints":{"allow":["GET"]}}],"collection":[{"href":"https:\/\/www.artisanlocal.ch\/c\/wp-json\/wp\/v2\/pages"}],"about":[{"href":"https:\/\/www.artisanlocal.ch\/c\/wp-json\/wp\/v2\/types\/page"}],"author":[{"embeddable":true,"href":"https:\/\/www.artisanlocal.ch\/c\/wp-json\/wp\/v2\/users\/4"}],"replies":[{"embeddable":true,"href":"https:\/\/www.artisanlocal.ch\/c\/wp-json\/wp\/v2\/comments?post=3041"}],"version-history":[{"count":0,"href":"https:\/\/www.artisanlocal.ch\/c\/wp-json\/wp\/v2\/pages\/3041\/revisions"}],"wp:featuredmedia":[{"embeddable":true,"href":"https:\/\/www.artisanlocal.ch\/c\/wp-json\/wp\/v2\/media\/3071"}],"wp:attachment":[{"href":"https:\/\/www.artisanlocal.ch\/c\/wp-json\/wp\/v2\/media?parent=3041"}],"wp:term":[{"taxonomy":"profession","embeddable":true,"href":"https:\/\/www.artisanlocal.ch\/c\/wp-json\/wp\/v2\/profession?post=3041"},{"taxonomy":"location","embeddable":true,"href":"https:\/\/www.artisanlocal.ch\/c\/wp-json\/wp\/v2\/location?post=3041"},{"taxonomy":"canton","embeddable":true,"href":"https:\/\/www.artisanlocal.ch\/c\/wp-json\/wp\/v2\/canton?post=3041"}],"curies":[{"name":"wp","href":"https:\/\/api.w.org\/{rel}","templated":true}]}}