{"id":3045,"date":"2024-11-27T00:22:49","date_gmt":"2024-11-26T23:22:49","guid":{"rendered":"https:\/\/www.artisanlocal.ch\/c\/votre-expert-du-store-et-des-enseignes-a-bienne\/"},"modified":"2025-08-26T19:24:41","modified_gmt":"2025-08-26T17:24:41","slug":"votre-expert-du-store-et-des-enseignes-a-bienne","status":"publish","type":"page","link":"https:\/\/www.artisanlocal.ch\/c\/votre-expert-du-store-et-des-enseignes-a-bienne\/","title":{"rendered":"Votre expert du store et des enseignes \u00e0 Biel\/Bienne"},"content":{"rendered":"<p>Notre soci\u00e9t\u00e9 est expert dans l&rsquo;installation de stores, enseignes, accessoires pour terrasses et lambrequins lumineux, op\u00e8re \u00e0 Biel\/Bienne et dans les villes \u00e0 proximit\u00e9s.<\/p>\n\r\n<div class=\"box\">\r\n    <h2 class=\"text-dark\">Nous cherchons un <em class=\"text-primary\">Storiste<\/em> dans la r\u00e9gion de <em class=\"text-primary\">Biel\/Bienne<\/em>  en exclusivit\u00e9, afin de proposer vos services \u00e0 nos clients propri\u00e9taires.<\/h2>\r\n    <p>Une opportunit\u00e9 unique pour booster votre activit\u00e9 \u00e0 <strong>Biel\/Bienne<\/strong> et aux alentours dans votre domaine (Storiste).<\/p>\r\n    <p>Nous travaillons en exclusivit\u00e9 avec qu'une soci\u00e9t\u00e9 par m\u00e9tier et par r\u00e9gion. <br>Votre entreprise est pr\u00e9sente sur tous les documents immobiliers. Afin d'\u00eatre mieux vu sur le net, vous \u00eates \u00e9galement visible sur nos deux sites et sur les pages de r\u00e9f\u00e9rencement de votre r\u00e9gion.<\/p>\r\n    <a href=\"\/contact\" class=\"wp-block-button__link has-accent-background-color has-text-align-center wp-element-button\">R\u00e9server<\/a>\r\n<\/div>\n<h2>Tous types de stores int\u00e9rieurs<\/h2>\n<p>Nos stores sur mesure pour votre int\u00e9rieur am\u00e9liorent l&rsquo;esth\u00e9tique de vos fen\u00eatres, contr\u00f4ler l&rsquo;entr\u00e9e de la lumi\u00e8re ou pr\u00e9server votre intimit\u00e9. Nous offrons un grand choix de stores : textiles, enrouleurs, rideaux, bateaux, pliss\u00e9s, parois japonaises, v\u00e9nitiens, bandes verticales, enrouleurs avec coffre et bateaux voilage.<\/p>\n<h2>Stores ext\u00e9rieurs pour terrasses et balcons<\/h2>\n<p>Nos stores ext\u00e9rieurs cr\u00e9ent des espaces ombrag\u00e9s sur votre balcon ou terrasse. Nous proposons une large gamme de stores ext\u00e9rieurs : bannes et coffres, ou semi-coffres, articul\u00e9s ou \u00e0 bras t\u00e9lescopiques, de fen\u00eatre, mais aussi des loggias, v\u00e9randas ainsi que des verri\u00e8res.<\/p>\n<h2>Pergolas et pergolas bioclimatiques<\/h2>\n<p>Si vous avez besoin de vous prot\u00e9ger de la pluie, nous vous sugg\u00e9rons de choisir une pergola. Nous vous proposons des pergolas : \u00e0 lames r\u00e9tractables, \u00e0 toits fixes, toiles de protection solaire verticale ou avec panneaux verticaux.<\/p>\n<h2>Lambrequin lumineux LED<\/h2>\n<p>Nos lambrequins lumineux vous aident \u00e0 am\u00e9liorer la visibilit\u00e9 de nuit : de votre restaurant, magasin, commerces, commerce, h\u00f4tel ou brasserie.&nbsp;<\/p>\n<h2>Rentoilage de stores sur-mesure \u00e0 Biel\/Bienne<\/h2>\n<p>Nous proposons aussi le rentoilage de stores banne qui permet d&#8217;emp\u00eacher le changement total de votre store.<\/p>\n<h2>Fen\u00eatres bois &amp; aluminium<\/h2>\n<p>Si vous avez besoin de changer vos fen\u00eatres. Nous avons un choix de fen\u00eatres coulissantes et battantes : PVC, en bois ou aluminium.<\/p>\n<h2>Volet roulant manuel ou \u00e9lectrique<\/h2>\n<p>Les volets roulants permettent d&rsquo;obtenir une meilleure isolation thermique, et une bonne protection solaire et phonique. Ils diminuent les d\u00e9perditions \u00e9nerg\u00e9tiques : solaires, aluminium, persiennes, bois ou m\u00e9talliques.<\/p>\n<h2>Nos films pour vitrages et stores sur mesure de qualit\u00e9<\/h2>\n<p>Nos films solaires sans tains vous permettent de r\u00e9guler la temp\u00e9rature de votre habitation, de vous prot\u00e9ger des rayons UV, et de pr\u00e9server votre intimit\u00e9 des regards.<\/p>\n<h2>Menuiserie Biel\/Bienne : Alu, PVC, Bois<\/h2>\n<p>Nous proposons aussi d\u2019autres solutions personnalis\u00e9es, tels que :<\/p>\n<ul>\n<li>Portes et portails.<\/li>\n<li>Domotiques.<\/li>\n<li>Fen\u00eatres.<\/li>\n<li>Portes de garage.<\/li>\n<li>Carport.<\/li>\n<li>Garde-corps.<\/li>\n<li>Volets.<\/li>\n<li>Alarmes.<\/li>\n<\/ul>\n<h2>Nos champs d&rsquo;intervention<\/h2>\n<h3>Les entreprises : caf\u00e9s, boutiques, brasseries et restaurants<\/h3>\n<p>Artisanlocal est sp\u00e9cialis\u00e9 dans la conception, la fabrication, et l\u2019installation de stores pour les soci\u00e9t\u00e9s \u00e0 Biel\/Bienne, tels que : les bureaux, les boutiques et les restaurants.&nbsp;<\/p>\n<h3>Les particuliers et les copropri\u00e9t\u00e9s<\/h3>\n<p>Intervention dans les copropri\u00e9t\u00e9s et chez les particuliers, nous installons vos fen\u00eatres, stores int\u00e9rieurs, stores de terrasse, v\u00e9randa, volets roulants, volets battants, pergolas et pergolas bioclimatiques.<\/p>\n<h2>Nos services<\/h2>\n<h3>Conception de stores sur mesure<\/h3>\n<p>Nous concevons des stores personnalis\u00e9s en fonction de vos besoins et probl\u00e9matiques.<\/p>\n<h3>Installation personnalis\u00e9<\/h3>\n<p>Les techniciens d&rsquo;Artisanlocal interviennent \u00e0 Biel\/Bienne pour mesurer et installer vos stores personnalis\u00e9s.<\/p>\n<h3>R\u00e9paration &amp; remplacement\u200b<\/h3>\n<p>Les storistes d&rsquo;Artisanlocal remplacent les parties de vos stores, au cours de leur intervention, ils remplacent les pi\u00e8ces endommag\u00e9es.<\/p>\n<h3>Entretien sur-mesure de tous vos stores<\/h3>\n<p>Une maintenance r\u00e9guli\u00e8re permet d&rsquo;augmenter la durabilit\u00e9 de vos stores. Un storiste doit intervenir chez vous pour inspecter l\u2019\u00e9tat de votre store et si n\u00e9cessaire r\u00e9aliser la r\u00e9paration, le remplacement ou le rentoilage.<\/p>\n<h3>Options<\/h3>\n<p>Nous proposons diff\u00e9rentes options d\u2019ouverture (\u00e9lectrique ou manuelle) pour les stores, volets et portes de garage.<\/p>\n<h2>Pourquoi choisir Artisanlocal. Ch ?<\/h2>\n<p>Artisanlocal est sp\u00e9cialis\u00e9 dans l\u2019installation et l\u2019entretien de stores \u00e0 Biel\/Bienne. Nous vous guidons de A \u00e0 Z, de l&rsquo;analyse de votre besoin \u00e0 l&rsquo;installation.<\/p>\n<h3>Collection de stores<\/h3>\n<p>Artisanlocal propose une grande s\u00e9lection de stores.<\/p>\n<h3>\u00c9tude et devis gratuit<\/h3>\n<p>Recevez un devis gratuit et sans engagement. Nos estimations sont pr\u00e9cises et transparentes.&nbsp;<\/p>\n<h3>\u00c9tude pr\u00e9alable<\/h3>\n<p>Pour chacun des projets, nous \u00e9tudions sa possibilit\u00e9 de r\u00e9alisation, et nous fabriquons des plans personnalis\u00e9s pour int\u00e9grer de la meilleure sorte vos stores en consid\u00e9rant vos probl\u00e9matiques et vos besoins.<\/p>\n<h3>Faire le choix de la qualit\u00e9<\/h3>\n<p>Nous nous engageons \u00e0 utiliser des mat\u00e9riaux de haute qualit\u00e9 pour les stores que nous posons.<\/p>\n<h3>Intervention rapide \u00e0 Biel\/Bienne<\/h3>\n<p>Le storiste qui est situ\u00e9 \u00e0 Biel\/Bienne op\u00e8re rapidement chez vous pour poser ou r\u00e9parer vos stores.<\/p>\n<h2>Questions &#8211; R\u00e9ponses<\/h2>\n<h3>Est-il possible de motoriser des stores pos\u00e9s ?<\/h3>\n<p>Oui, nos storistes peuvent motoriser vos stores \u00e0 condition que certains \u00e9l\u00e9ments soient respect\u00e9s. Un de nos storistes se d\u00e9place \u00e0 votre logement pour examiner la viabilit\u00e9 du projet.<\/p>\n<h3>Votre soci\u00e9t\u00e9 intervient-elle dans les communes proches de Biel\/Bienne ? ?<\/h3>\n<p>Oui, nos artisans op\u00e8rent \u00e0 Biel\/Bienne, mais aussi dans les villes aux alentours, telles que : T\u00fcscherz-Alferm\u00e9e, Twann, Ligerz, Ligni\u00e8res, Le Landeron, Magglingen\/Macolin, Evilard, Les Pr\u00e9s-d'Orvin.<\/p>\n","protected":false},"excerpt":{"rendered":"<p>Notre soci\u00e9t\u00e9 est expert dans l&rsquo;installation de stores, enseignes, accessoires pour terrasses et lambrequins lumineux, op\u00e8re \u00e0 Biel\/Bienne et dans les villes \u00e0 proximit\u00e9s. Tous types de stores int\u00e9rieurs Nos stores sur mesure pour votre int\u00e9rieur am\u00e9liorent l&rsquo;esth\u00e9tique de vos fen\u00eatres, contr\u00f4ler l&rsquo;entr\u00e9e de la lumi\u00e8re ou pr\u00e9server votre intimit\u00e9. Nous offrons un grand choix [&hellip;]<\/p>\n","protected":false},"author":4,"featured_media":3071,"parent":0,"menu_order":0,"comment_status":"closed","ping_status":"closed","template":"","meta":{"footnotes":""},"profession":[130],"location":[59],"canton":[118],"class_list":["post-3045","page","type-page","status-publish","has-post-thumbnail","hentry","profession-storiste","location-biel-bienne","canton-be"],"yoast_head":"<!-- This site is optimized with the Yoast SEO Premium plugin v25.7.1 (Yoast SEO v27.4) - https:\/\/yoast.com\/product\/yoast-seo-premium-wordpress\/ -->\n<title>Votre expert du store et des enseignes \u00e0 Biel\/Bienne - Artisanlocal<\/title>\n<meta name=\"robots\" content=\"index, follow, max-snippet:-1, max-image-preview:large, max-video-preview:-1\" \/>\n<link rel=\"canonical\" href=\"https:\/\/www.artisanlocal.ch\/c\/votre-expert-du-store-et-des-enseignes-a-bienne\/\" \/>\n<meta property=\"og:locale\" content=\"fr_FR\" \/>\n<meta property=\"og:type\" content=\"article\" \/>\n<meta property=\"og:title\" content=\"Votre expert du store et des enseignes \u00e0 Biel\/Bienne\" \/>\n<meta property=\"og:description\" content=\"Notre soci\u00e9t\u00e9 est expert dans l&rsquo;installation de stores, enseignes, accessoires pour terrasses et lambrequins lumineux, op\u00e8re \u00e0 Biel\/Bienne et dans les villes \u00e0 proximit\u00e9s. Tous types de stores int\u00e9rieurs Nos stores sur mesure pour votre int\u00e9rieur am\u00e9liorent l&rsquo;esth\u00e9tique de vos fen\u00eatres, contr\u00f4ler l&rsquo;entr\u00e9e de la lumi\u00e8re ou pr\u00e9server votre intimit\u00e9. Nous offrons un grand choix [&hellip;]\" \/>\n<meta property=\"og:url\" content=\"https:\/\/www.artisanlocal.ch\/c\/votre-expert-du-store-et-des-enseignes-a-bienne\/\" \/>\n<meta property=\"og:site_name\" content=\"Artisanlocal\" \/>\n<meta property=\"article:modified_time\" content=\"2025-08-26T17:24:41+00:00\" \/>\n<meta property=\"og:image\" content=\"https:\/\/www.artisanlocal.ch\/c\/wp-content\/uploads\/2024\/12\/storiste.jpg\" \/>\n\t<meta property=\"og:image:width\" content=\"1920\" \/>\n\t<meta property=\"og:image:height\" content=\"300\" \/>\n\t<meta property=\"og:image:type\" content=\"image\/jpeg\" \/>\n<meta name=\"twitter:card\" content=\"summary_large_image\" \/>\n<meta name=\"twitter:label1\" content=\"Dur\u00e9e de lecture estim\u00e9e\" \/>\n\t<meta name=\"twitter:data1\" content=\"4 minutes\" \/>\n<script type=\"application\/ld+json\" class=\"yoast-schema-graph\">{\"@context\":\"https:\\\/\\\/schema.org\",\"@graph\":[{\"@type\":\"WebPage\",\"@id\":\"https:\\\/\\\/www.artisanlocal.ch\\\/c\\\/votre-expert-du-store-et-des-enseignes-a-bienne\\\/\",\"url\":\"https:\\\/\\\/www.artisanlocal.ch\\\/c\\\/votre-expert-du-store-et-des-enseignes-a-bienne\\\/\",\"name\":\"Votre expert du store et des enseignes \u00e0 Biel\\\/Bienne - Artisanlocal\",\"isPartOf\":{\"@id\":\"https:\\\/\\\/www.artisanlocal.ch\\\/c\\\/#website\"},\"primaryImageOfPage\":{\"@id\":\"https:\\\/\\\/www.artisanlocal.ch\\\/c\\\/votre-expert-du-store-et-des-enseignes-a-bienne\\\/#primaryimage\"},\"image\":{\"@id\":\"https:\\\/\\\/www.artisanlocal.ch\\\/c\\\/votre-expert-du-store-et-des-enseignes-a-bienne\\\/#primaryimage\"},\"thumbnailUrl\":\"https:\\\/\\\/www.artisanlocal.ch\\\/c\\\/wp-content\\\/uploads\\\/2024\\\/12\\\/storiste.jpg\",\"datePublished\":\"2024-11-26T23:22:49+00:00\",\"dateModified\":\"2025-08-26T17:24:41+00:00\",\"breadcrumb\":{\"@id\":\"https:\\\/\\\/www.artisanlocal.ch\\\/c\\\/votre-expert-du-store-et-des-enseignes-a-bienne\\\/#breadcrumb\"},\"inLanguage\":\"fr-FR\",\"potentialAction\":[{\"@type\":\"ReadAction\",\"target\":[\"https:\\\/\\\/www.artisanlocal.ch\\\/c\\\/votre-expert-du-store-et-des-enseignes-a-bienne\\\/\"]}]},{\"@type\":\"ImageObject\",\"inLanguage\":\"fr-FR\",\"@id\":\"https:\\\/\\\/www.artisanlocal.ch\\\/c\\\/votre-expert-du-store-et-des-enseignes-a-bienne\\\/#primaryimage\",\"url\":\"https:\\\/\\\/www.artisanlocal.ch\\\/c\\\/wp-content\\\/uploads\\\/2024\\\/12\\\/storiste.jpg\",\"contentUrl\":\"https:\\\/\\\/www.artisanlocal.ch\\\/c\\\/wp-content\\\/uploads\\\/2024\\\/12\\\/storiste.jpg\",\"width\":1920,\"height\":300},{\"@type\":\"BreadcrumbList\",\"@id\":\"https:\\\/\\\/www.artisanlocal.ch\\\/c\\\/votre-expert-du-store-et-des-enseignes-a-bienne\\\/#breadcrumb\",\"itemListElement\":[{\"@type\":\"ListItem\",\"position\":1,\"name\":\"Accueil\",\"item\":\"https:\\\/\\\/www.artisanlocal.ch\\\/c\\\/\"},{\"@type\":\"ListItem\",\"position\":2,\"name\":\"Votre expert du store et des enseignes \u00e0 Bienne\"}]},{\"@type\":\"WebSite\",\"@id\":\"https:\\\/\\\/www.artisanlocal.ch\\\/c\\\/#website\",\"url\":\"https:\\\/\\\/www.artisanlocal.ch\\\/c\\\/\",\"name\":\"Artisanlocal\",\"description\":\"\",\"publisher\":{\"@id\":\"https:\\\/\\\/www.artisanlocal.ch\\\/c\\\/#organization\"},\"potentialAction\":[{\"@type\":\"SearchAction\",\"target\":{\"@type\":\"EntryPoint\",\"urlTemplate\":\"https:\\\/\\\/www.artisanlocal.ch\\\/c\\\/?s={search_term_string}\"},\"query-input\":{\"@type\":\"PropertyValueSpecification\",\"valueRequired\":true,\"valueName\":\"search_term_string\"}}],\"inLanguage\":\"fr-FR\"},{\"@type\":\"Organization\",\"@id\":\"https:\\\/\\\/www.artisanlocal.ch\\\/c\\\/#organization\",\"name\":\"Artisanlocal\",\"url\":\"https:\\\/\\\/www.artisanlocal.ch\\\/c\\\/\",\"logo\":{\"@type\":\"ImageObject\",\"inLanguage\":\"fr-FR\",\"@id\":\"https:\\\/\\\/www.artisanlocal.ch\\\/c\\\/#\\\/schema\\\/logo\\\/image\\\/\",\"url\":\"https:\\\/\\\/www.artisanlocal.ch\\\/c\\\/wp-content\\\/uploads\\\/2024\\\/02\\\/logo-artisanlocal-h.svg\",\"contentUrl\":\"https:\\\/\\\/www.artisanlocal.ch\\\/c\\\/wp-content\\\/uploads\\\/2024\\\/02\\\/logo-artisanlocal-h.svg\",\"caption\":\"Artisanlocal\"},\"image\":{\"@id\":\"https:\\\/\\\/www.artisanlocal.ch\\\/c\\\/#\\\/schema\\\/logo\\\/image\\\/\"}}]}<\/script>\n<!-- \/ Yoast SEO Premium plugin. -->","yoast_head_json":{"title":"Votre expert du store et des enseignes \u00e0 Biel\/Bienne - Artisanlocal","robots":{"index":"index","follow":"follow","max-snippet":"max-snippet:-1","max-image-preview":"max-image-preview:large","max-video-preview":"max-video-preview:-1"},"canonical":"https:\/\/www.artisanlocal.ch\/c\/votre-expert-du-store-et-des-enseignes-a-bienne\/","og_locale":"fr_FR","og_type":"article","og_title":"Votre expert du store et des enseignes \u00e0 Biel\/Bienne","og_description":"Notre soci\u00e9t\u00e9 est expert dans l&rsquo;installation de stores, enseignes, accessoires pour terrasses et lambrequins lumineux, op\u00e8re \u00e0 Biel\/Bienne et dans les villes \u00e0 proximit\u00e9s. Tous types de stores int\u00e9rieurs Nos stores sur mesure pour votre int\u00e9rieur am\u00e9liorent l&rsquo;esth\u00e9tique de vos fen\u00eatres, contr\u00f4ler l&rsquo;entr\u00e9e de la lumi\u00e8re ou pr\u00e9server votre intimit\u00e9. Nous offrons un grand choix [&hellip;]","og_url":"https:\/\/www.artisanlocal.ch\/c\/votre-expert-du-store-et-des-enseignes-a-bienne\/","og_site_name":"Artisanlocal","article_modified_time":"2025-08-26T17:24:41+00:00","og_image":[{"width":1920,"height":300,"url":"https:\/\/www.artisanlocal.ch\/c\/wp-content\/uploads\/2024\/12\/storiste.jpg","type":"image\/jpeg"}],"twitter_card":"summary_large_image","twitter_misc":{"Dur\u00e9e de lecture estim\u00e9e":"4 minutes"},"schema":{"@context":"https:\/\/schema.org","@graph":[{"@type":"WebPage","@id":"https:\/\/www.artisanlocal.ch\/c\/votre-expert-du-store-et-des-enseignes-a-bienne\/","url":"https:\/\/www.artisanlocal.ch\/c\/votre-expert-du-store-et-des-enseignes-a-bienne\/","name":"Votre expert du store et des enseignes \u00e0 Biel\/Bienne - Artisanlocal","isPartOf":{"@id":"https:\/\/www.artisanlocal.ch\/c\/#website"},"primaryImageOfPage":{"@id":"https:\/\/www.artisanlocal.ch\/c\/votre-expert-du-store-et-des-enseignes-a-bienne\/#primaryimage"},"image":{"@id":"https:\/\/www.artisanlocal.ch\/c\/votre-expert-du-store-et-des-enseignes-a-bienne\/#primaryimage"},"thumbnailUrl":"https:\/\/www.artisanlocal.ch\/c\/wp-content\/uploads\/2024\/12\/storiste.jpg","datePublished":"2024-11-26T23:22:49+00:00","dateModified":"2025-08-26T17:24:41+00:00","breadcrumb":{"@id":"https:\/\/www.artisanlocal.ch\/c\/votre-expert-du-store-et-des-enseignes-a-bienne\/#breadcrumb"},"inLanguage":"fr-FR","potentialAction":[{"@type":"ReadAction","target":["https:\/\/www.artisanlocal.ch\/c\/votre-expert-du-store-et-des-enseignes-a-bienne\/"]}]},{"@type":"ImageObject","inLanguage":"fr-FR","@id":"https:\/\/www.artisanlocal.ch\/c\/votre-expert-du-store-et-des-enseignes-a-bienne\/#primaryimage","url":"https:\/\/www.artisanlocal.ch\/c\/wp-content\/uploads\/2024\/12\/storiste.jpg","contentUrl":"https:\/\/www.artisanlocal.ch\/c\/wp-content\/uploads\/2024\/12\/storiste.jpg","width":1920,"height":300},{"@type":"BreadcrumbList","@id":"https:\/\/www.artisanlocal.ch\/c\/votre-expert-du-store-et-des-enseignes-a-bienne\/#breadcrumb","itemListElement":[{"@type":"ListItem","position":1,"name":"Accueil","item":"https:\/\/www.artisanlocal.ch\/c\/"},{"@type":"ListItem","position":2,"name":"Votre expert du store et des enseignes \u00e0 Bienne"}]},{"@type":"WebSite","@id":"https:\/\/www.artisanlocal.ch\/c\/#website","url":"https:\/\/www.artisanlocal.ch\/c\/","name":"Artisanlocal","description":"","publisher":{"@id":"https:\/\/www.artisanlocal.ch\/c\/#organization"},"potentialAction":[{"@type":"SearchAction","target":{"@type":"EntryPoint","urlTemplate":"https:\/\/www.artisanlocal.ch\/c\/?s={search_term_string}"},"query-input":{"@type":"PropertyValueSpecification","valueRequired":true,"valueName":"search_term_string"}}],"inLanguage":"fr-FR"},{"@type":"Organization","@id":"https:\/\/www.artisanlocal.ch\/c\/#organization","name":"Artisanlocal","url":"https:\/\/www.artisanlocal.ch\/c\/","logo":{"@type":"ImageObject","inLanguage":"fr-FR","@id":"https:\/\/www.artisanlocal.ch\/c\/#\/schema\/logo\/image\/","url":"https:\/\/www.artisanlocal.ch\/c\/wp-content\/uploads\/2024\/02\/logo-artisanlocal-h.svg","contentUrl":"https:\/\/www.artisanlocal.ch\/c\/wp-content\/uploads\/2024\/02\/logo-artisanlocal-h.svg","caption":"Artisanlocal"},"image":{"@id":"https:\/\/www.artisanlocal.ch\/c\/#\/schema\/logo\/image\/"}}]}},"_links":{"self":[{"href":"https:\/\/www.artisanlocal.ch\/c\/wp-json\/wp\/v2\/pages\/3045","targetHints":{"allow":["GET"]}}],"collection":[{"href":"https:\/\/www.artisanlocal.ch\/c\/wp-json\/wp\/v2\/pages"}],"about":[{"href":"https:\/\/www.artisanlocal.ch\/c\/wp-json\/wp\/v2\/types\/page"}],"author":[{"embeddable":true,"href":"https:\/\/www.artisanlocal.ch\/c\/wp-json\/wp\/v2\/users\/4"}],"replies":[{"embeddable":true,"href":"https:\/\/www.artisanlocal.ch\/c\/wp-json\/wp\/v2\/comments?post=3045"}],"version-history":[{"count":0,"href":"https:\/\/www.artisanlocal.ch\/c\/wp-json\/wp\/v2\/pages\/3045\/revisions"}],"wp:featuredmedia":[{"embeddable":true,"href":"https:\/\/www.artisanlocal.ch\/c\/wp-json\/wp\/v2\/media\/3071"}],"wp:attachment":[{"href":"https:\/\/www.artisanlocal.ch\/c\/wp-json\/wp\/v2\/media?parent=3045"}],"wp:term":[{"taxonomy":"profession","embeddable":true,"href":"https:\/\/www.artisanlocal.ch\/c\/wp-json\/wp\/v2\/profession?post=3045"},{"taxonomy":"location","embeddable":true,"href":"https:\/\/www.artisanlocal.ch\/c\/wp-json\/wp\/v2\/location?post=3045"},{"taxonomy":"canton","embeddable":true,"href":"https:\/\/www.artisanlocal.ch\/c\/wp-json\/wp\/v2\/canton?post=3045"}],"curies":[{"name":"wp","href":"https:\/\/api.w.org\/{rel}","templated":true}]}}