{"id":3046,"date":"2024-11-26T04:06:06","date_gmt":"2024-11-26T03:06:06","guid":{"rendered":"https:\/\/www.artisanlocal.ch\/c\/votre-expert-du-store-et-des-enseignes-a-cheseaux-sur-lausanne\/"},"modified":"2025-08-26T19:24:47","modified_gmt":"2025-08-26T17:24:47","slug":"votre-expert-du-store-et-des-enseignes-a-cheseaux-sur-lausanne","status":"publish","type":"page","link":"https:\/\/www.artisanlocal.ch\/c\/votre-expert-du-store-et-des-enseignes-a-cheseaux-sur-lausanne\/","title":{"rendered":"Votre expert du store et des enseignes \u00e0 Cheseaux-sur-Lausanne"},"content":{"rendered":"<p>Artisanlocal est une entreprise sp\u00e9cialis\u00e9e dans la mise en place de stores, lambrequin lumineux, enseignes et accessoires de terrasses, \u00e0 Cheseaux-sur-Lausanne et dans les localit\u00e9s \u00e0 proximit\u00e9.<\/p>\n\r\n<div class=\"box\">\r\n    <h2 class=\"text-dark\">Nous cherchons un <em class=\"text-primary\">Storiste<\/em> dans la r\u00e9gion de <em class=\"text-primary\">Cheseaux-sur-Lausanne<\/em>  en exclusivit\u00e9, afin de proposer vos services \u00e0 nos clients propri\u00e9taires.<\/h2>\r\n    <p>Une opportunit\u00e9 unique pour booster votre activit\u00e9 \u00e0 <strong>Cheseaux-sur-Lausanne<\/strong> et aux alentours dans votre domaine (Storiste).<\/p>\r\n    <p>Nous travaillons en exclusivit\u00e9 avec qu'une soci\u00e9t\u00e9 par m\u00e9tier et par r\u00e9gion. <br>Votre entreprise est pr\u00e9sente sur tous les documents immobiliers. Afin d'\u00eatre mieux vu sur le net, vous \u00eates \u00e9galement visible sur nos deux sites et sur les pages de r\u00e9f\u00e9rencement de votre r\u00e9gion.<\/p>\r\n    <a href=\"\/contact\" class=\"wp-block-button__link has-accent-background-color has-text-align-center wp-element-button\">R\u00e9server<\/a>\r\n<\/div>\n<h2>Diverses gammes de stores int\u00e9rieurs<\/h2>\n<p>Nos stores int\u00e9rieurs sont cr\u00e9\u00e9s pour am\u00e9liorer l&rsquo;apparence de vos fen\u00eatres, contr\u00f4ler l&rsquo;entr\u00e9e de la lumi\u00e8re ou pr\u00e9server votre intimit\u00e9. Nous offrons un large choix de stores : textiles, enrouleurs, rideaux, bateaux, pliss\u00e9s, parois japonaises, bandes verticales, v\u00e9nitiens, enrouleurs avec coffre et bateaux voilage.<\/p>\n<h2>Stores ext\u00e9rieurs personnalis\u00e9s pour vos fen\u00eatres<\/h2>\n<p>Nos stores ext\u00e9rieurs sur-mesure sont adapt\u00e9s pour cr\u00e9er des espaces ombrag\u00e9s. D\u00e9couvrez notre large s\u00e9lection de stores ext\u00e9rieurs : loggias, verri\u00e8res et v\u00e9randas, mais aussi fen\u00eatres, \u00e9quip\u00e9es de coffres, semi-coffres, bannes, \u00e0 bras t\u00e9lescopiques ou articul\u00e9s.<\/p>\n<h2>Pergolas bioclimatiques et pergolas<\/h2>\n<p>Si vous recherchez une protection contre les intemp\u00e9ries, nous vous sugg\u00e9rons de s\u00e9lectionner une pergola. Nous vous proposons des pergolas : \u00e0 lames r\u00e9tractables, toiles de protection solaire verticale, \u00e0 toits fixes ou avec panneaux verticaux.<\/p>\n<h2>Lambrequins lumineux<\/h2>\n<p>Nos lambrequins lumineux vous aident \u00e0 am\u00e9liorer la visibilit\u00e9 de nuit : de votre restaurant, magasin, commerces, commerce, h\u00f4tel ou brasserie.&nbsp;<\/p>\n<h2>Store banne : changement de toile (rentoilage)<\/h2>\n<p>Le rentoilage de stores banne est une option \u00e9conomique au remplacement votre store.<\/p>\n<h2>Fen\u00eatre bois et aluminium sur mesure<\/h2>\n<p>Si vous avez besoin de r\u00e9nover vos fen\u00eatres. Nous construisons et installons vos fen\u00eatres coulissantes et battantes : PVC, en bois ou aluminium.<\/p>\n<h2>Volets roulants et motorisation<\/h2>\n<p>Les volets roulants offrent une meilleure protection thermique, et une protection solaire et phonique. Ils diminuent les d\u00e9perditions \u00e9nerg\u00e9tiques : m\u00e9talliques, persiennes, alu, solaires ou bois.<\/p>\n<h2>Films de protection solaire<\/h2>\n<p>Le film de protection solaire sur mesure pour fen\u00eatre aide \u00e0 r\u00e9duire la temp\u00e9rature ambiante de votre espace int\u00e9rieur, d\u2019am\u00e9liorer votre s\u00e9curit\u00e9 en pr\u00e9servant votre intimit\u00e9 des regards, et des rayons UV dangereux.<\/p>\n<h2>Menuiserie \u00e0 Cheseaux-sur-Lausanne<\/h2>\n<p>Notre entreprise a une large gamme de produits, par exemple les :<\/p>\n<ul>\n<li>Fen\u00eatres.<\/li>\n<li>Volets.<\/li>\n<li>Portes et portails.<\/li>\n<li>Alarmes.<\/li>\n<li>Domotiques.<\/li>\n<li>Portes de garage.<\/li>\n<li>Carport.<\/li>\n<li>Garde-corps.<\/li>\n<\/ul>\n<h2>Nos champs d&rsquo;intervention<\/h2>\n<h3>Les soci\u00e9t\u00e9s : caf\u00e9s, brasseries, boutiques et h\u00f4tels<\/h3>\n<p>Artisanlocal est sp\u00e9cialis\u00e9 dans la cr\u00e9ation, la fabrication, et la mise en place de stores pour les soci\u00e9t\u00e9s \u00e0 Cheseaux-sur-Lausanne, comme : les restaurants, bureaux et boutiques.&nbsp;<\/p>\n<h3>Pour les copropri\u00e9t\u00e9s et particuliers<\/h3>\n<p>Intervention dans les copropri\u00e9t\u00e9s et chez les particuliers, nous mettons en place vos fen\u00eatres, stores de terrasse, stores int\u00e9rieurs, v\u00e9randa, volets battants, volets roulants, pergolas et pergolas bioclimatiques.<\/p>\n<h2>Nos services<\/h2>\n<h3>Conception de stores sur mesure<\/h3>\n<p>Nous cr\u00e9ons tous vos stores sur mesure en fonction de vos demandes.<\/p>\n<h3>Mise en place sur mesure<\/h3>\n<p>Nos techniciens interviennent \u00e0 Cheseaux-sur-Lausanne pour prendre les mesures et poser vos stores en fonction de vos attentes et vos contraintes.<\/p>\n<h3>R\u00e9paration de store \u00e0 Cheseaux-sur-Lausanne<\/h3>\n<p>Les storistes d&rsquo;Artisanlocal changent les pi\u00e8ces de vos stores, lors de leur intervention, ils remplacent les \u00e9l\u00e9ments d\u00e9fectueux.<\/p>\n<h3>Service d\u2019entretien<\/h3>\n<p>Un service d&rsquo;entretien effectu\u00e9 ponctuellement permet d\u2019augmenter la durabilit\u00e9 de vos stores. Un storiste doit venir chez vous pour inspecter l\u2019\u00e9tat du store et si oblig\u00e9 effectuer le rentoilage, le remplacement et la r\u00e9paration.<\/p>\n<h3>Options<\/h3>\n<p>Nos produits sont disponibles avec des ouvertures \u00e9lectriques ou manuelles pour les stores, volets et portes de garage.<\/p>\n<h2>Pourquoi choisir Artisanlocal ?<\/h2>\n<p>Artisanlocal est sp\u00e9cialis\u00e9 dans la mise en place et l\u2019entretien de stores \u00e0 Cheseaux-sur-Lausanne. Nous vous accompagnons de A \u00e0 Z, de l\u2019audit de votre besoin \u00e0 l&rsquo;installation.<\/p>\n<h3>Large gamme<\/h3>\n<p>Notre soci\u00e9t\u00e9 vous propose une grande s\u00e9lection de stores.<\/p>\n<h3>Devis gratuits<\/h3>\n<p>B\u00e9n\u00e9ficiez de nos estimations gratuites. Nos devis sont d\u00e9taill\u00e9s et totalement transparents.&nbsp;<\/p>\n<h3>Diagnostic<\/h3>\n<p>Pour chaque projet, nous regardons sa possibilit\u00e9 de r\u00e9alisation, et nous \u00e9laborons des plans personnalis\u00e9s pour int\u00e9grer de la meilleure fa\u00e7on vos stores en consid\u00e9rant vos probl\u00e9matiques et vos besoins.<\/p>\n<h3>Store haut de gamme<\/h3>\n<p>Les stores que nous installons sont fabriqu\u00e9s avec des mat\u00e9riaux haut de gamme pour assurer une bonne durabilit\u00e9.<\/p>\n<h3>D\u00e9pannage rapide \u00e0 Cheseaux-sur-Lausanne<\/h3>\n<p>Le storiste qui est situ\u00e9 \u00e0 Cheseaux-sur-Lausanne op\u00e8re rapidement chez vous pour installer ou d\u00e9panner vos stores.<\/p>\n<h2>Questions &#8211; R\u00e9ponses<\/h2>\n<h3>Les stores actuels peuvent-ils \u00eatre m\u00e9canis\u00e9s ?<\/h3>\n<p>Oui, la m\u00e9canisation d&rsquo;un store est enti\u00e8rement possible, seulement sous certaines conditions. Un de nos techniciens doit op\u00e9rer chez vous pour \u00e9tudier la possibilit\u00e9 du projet.<\/p>\n<h3>Artisanlocal op\u00e8re dans les localit\u00e9s \u00e0 proximit\u00e9 de Cheseaux-sur-Lausanne ? ?<\/h3>\n<p>Oui, nos artisans interviennent \u00e0 Cheseaux-sur-Lausanne, mais aussi dans les localit\u00e9s \u00e0 proximit\u00e9, par exemple : Romanel-sur-Lausanne, Le Mont-sur-Lausanne, Bretigny-sur-Morrens, Cugy VD, Morrens VD, Froideville, Epalinges.<\/p>\n","protected":false},"excerpt":{"rendered":"<p>Artisanlocal est une entreprise sp\u00e9cialis\u00e9e dans la mise en place de stores, lambrequin lumineux, enseignes et accessoires de terrasses, \u00e0 Cheseaux-sur-Lausanne et dans les localit\u00e9s \u00e0 proximit\u00e9. Diverses gammes de stores int\u00e9rieurs Nos stores int\u00e9rieurs sont cr\u00e9\u00e9s pour am\u00e9liorer l&rsquo;apparence de vos fen\u00eatres, contr\u00f4ler l&rsquo;entr\u00e9e de la lumi\u00e8re ou pr\u00e9server votre intimit\u00e9. Nous offrons un [&hellip;]<\/p>\n","protected":false},"author":4,"featured_media":3071,"parent":0,"menu_order":0,"comment_status":"closed","ping_status":"closed","template":"","meta":{"footnotes":""},"profession":[130],"location":[9],"canton":[113],"class_list":["post-3046","page","type-page","status-publish","has-post-thumbnail","hentry","profession-storiste","location-cheseaux-sur-lausanne","canton-vd"],"yoast_head":"<!-- This site is optimized with the Yoast SEO Premium plugin v25.7.1 (Yoast SEO v27.4) - https:\/\/yoast.com\/product\/yoast-seo-premium-wordpress\/ -->\n<title>Votre expert du store et des enseignes \u00e0 Cheseaux-sur-Lausanne - Artisanlocal<\/title>\n<meta name=\"robots\" content=\"index, follow, max-snippet:-1, max-image-preview:large, max-video-preview:-1\" \/>\n<link rel=\"canonical\" href=\"https:\/\/www.artisanlocal.ch\/c\/votre-expert-du-store-et-des-enseignes-a-cheseaux-sur-lausanne\/\" \/>\n<meta property=\"og:locale\" content=\"fr_FR\" \/>\n<meta property=\"og:type\" content=\"article\" \/>\n<meta property=\"og:title\" content=\"Votre expert du store et des enseignes \u00e0 Cheseaux-sur-Lausanne\" \/>\n<meta property=\"og:description\" content=\"Artisanlocal est une entreprise sp\u00e9cialis\u00e9e dans la mise en place de stores, lambrequin lumineux, enseignes et accessoires de terrasses, \u00e0 Cheseaux-sur-Lausanne et dans les localit\u00e9s \u00e0 proximit\u00e9. Diverses gammes de stores int\u00e9rieurs Nos stores int\u00e9rieurs sont cr\u00e9\u00e9s pour am\u00e9liorer l&rsquo;apparence de vos fen\u00eatres, contr\u00f4ler l&rsquo;entr\u00e9e de la lumi\u00e8re ou pr\u00e9server votre intimit\u00e9. Nous offrons un [&hellip;]\" \/>\n<meta property=\"og:url\" content=\"https:\/\/www.artisanlocal.ch\/c\/votre-expert-du-store-et-des-enseignes-a-cheseaux-sur-lausanne\/\" \/>\n<meta property=\"og:site_name\" content=\"Artisanlocal\" \/>\n<meta property=\"article:modified_time\" content=\"2025-08-26T17:24:47+00:00\" \/>\n<meta property=\"og:image\" content=\"https:\/\/www.artisanlocal.ch\/c\/wp-content\/uploads\/2024\/12\/storiste.jpg\" \/>\n\t<meta property=\"og:image:width\" content=\"1920\" \/>\n\t<meta property=\"og:image:height\" content=\"300\" \/>\n\t<meta property=\"og:image:type\" content=\"image\/jpeg\" \/>\n<meta name=\"twitter:card\" content=\"summary_large_image\" \/>\n<meta name=\"twitter:label1\" content=\"Dur\u00e9e de lecture estim\u00e9e\" \/>\n\t<meta name=\"twitter:data1\" content=\"4 minutes\" \/>\n<script type=\"application\/ld+json\" class=\"yoast-schema-graph\">{\"@context\":\"https:\\\/\\\/schema.org\",\"@graph\":[{\"@type\":\"WebPage\",\"@id\":\"https:\\\/\\\/www.artisanlocal.ch\\\/c\\\/votre-expert-du-store-et-des-enseignes-a-cheseaux-sur-lausanne\\\/\",\"url\":\"https:\\\/\\\/www.artisanlocal.ch\\\/c\\\/votre-expert-du-store-et-des-enseignes-a-cheseaux-sur-lausanne\\\/\",\"name\":\"Votre expert du store et des enseignes \u00e0 Cheseaux-sur-Lausanne - Artisanlocal\",\"isPartOf\":{\"@id\":\"https:\\\/\\\/www.artisanlocal.ch\\\/c\\\/#website\"},\"primaryImageOfPage\":{\"@id\":\"https:\\\/\\\/www.artisanlocal.ch\\\/c\\\/votre-expert-du-store-et-des-enseignes-a-cheseaux-sur-lausanne\\\/#primaryimage\"},\"image\":{\"@id\":\"https:\\\/\\\/www.artisanlocal.ch\\\/c\\\/votre-expert-du-store-et-des-enseignes-a-cheseaux-sur-lausanne\\\/#primaryimage\"},\"thumbnailUrl\":\"https:\\\/\\\/www.artisanlocal.ch\\\/c\\\/wp-content\\\/uploads\\\/2024\\\/12\\\/storiste.jpg\",\"datePublished\":\"2024-11-26T03:06:06+00:00\",\"dateModified\":\"2025-08-26T17:24:47+00:00\",\"breadcrumb\":{\"@id\":\"https:\\\/\\\/www.artisanlocal.ch\\\/c\\\/votre-expert-du-store-et-des-enseignes-a-cheseaux-sur-lausanne\\\/#breadcrumb\"},\"inLanguage\":\"fr-FR\",\"potentialAction\":[{\"@type\":\"ReadAction\",\"target\":[\"https:\\\/\\\/www.artisanlocal.ch\\\/c\\\/votre-expert-du-store-et-des-enseignes-a-cheseaux-sur-lausanne\\\/\"]}]},{\"@type\":\"ImageObject\",\"inLanguage\":\"fr-FR\",\"@id\":\"https:\\\/\\\/www.artisanlocal.ch\\\/c\\\/votre-expert-du-store-et-des-enseignes-a-cheseaux-sur-lausanne\\\/#primaryimage\",\"url\":\"https:\\\/\\\/www.artisanlocal.ch\\\/c\\\/wp-content\\\/uploads\\\/2024\\\/12\\\/storiste.jpg\",\"contentUrl\":\"https:\\\/\\\/www.artisanlocal.ch\\\/c\\\/wp-content\\\/uploads\\\/2024\\\/12\\\/storiste.jpg\",\"width\":1920,\"height\":300},{\"@type\":\"BreadcrumbList\",\"@id\":\"https:\\\/\\\/www.artisanlocal.ch\\\/c\\\/votre-expert-du-store-et-des-enseignes-a-cheseaux-sur-lausanne\\\/#breadcrumb\",\"itemListElement\":[{\"@type\":\"ListItem\",\"position\":1,\"name\":\"Accueil\",\"item\":\"https:\\\/\\\/www.artisanlocal.ch\\\/c\\\/\"},{\"@type\":\"ListItem\",\"position\":2,\"name\":\"Votre expert du store et des enseignes \u00e0 Cheseaux-sur-Lausanne\"}]},{\"@type\":\"WebSite\",\"@id\":\"https:\\\/\\\/www.artisanlocal.ch\\\/c\\\/#website\",\"url\":\"https:\\\/\\\/www.artisanlocal.ch\\\/c\\\/\",\"name\":\"Artisanlocal\",\"description\":\"\",\"publisher\":{\"@id\":\"https:\\\/\\\/www.artisanlocal.ch\\\/c\\\/#organization\"},\"potentialAction\":[{\"@type\":\"SearchAction\",\"target\":{\"@type\":\"EntryPoint\",\"urlTemplate\":\"https:\\\/\\\/www.artisanlocal.ch\\\/c\\\/?s={search_term_string}\"},\"query-input\":{\"@type\":\"PropertyValueSpecification\",\"valueRequired\":true,\"valueName\":\"search_term_string\"}}],\"inLanguage\":\"fr-FR\"},{\"@type\":\"Organization\",\"@id\":\"https:\\\/\\\/www.artisanlocal.ch\\\/c\\\/#organization\",\"name\":\"Artisanlocal\",\"url\":\"https:\\\/\\\/www.artisanlocal.ch\\\/c\\\/\",\"logo\":{\"@type\":\"ImageObject\",\"inLanguage\":\"fr-FR\",\"@id\":\"https:\\\/\\\/www.artisanlocal.ch\\\/c\\\/#\\\/schema\\\/logo\\\/image\\\/\",\"url\":\"https:\\\/\\\/www.artisanlocal.ch\\\/c\\\/wp-content\\\/uploads\\\/2024\\\/02\\\/logo-artisanlocal-h.svg\",\"contentUrl\":\"https:\\\/\\\/www.artisanlocal.ch\\\/c\\\/wp-content\\\/uploads\\\/2024\\\/02\\\/logo-artisanlocal-h.svg\",\"caption\":\"Artisanlocal\"},\"image\":{\"@id\":\"https:\\\/\\\/www.artisanlocal.ch\\\/c\\\/#\\\/schema\\\/logo\\\/image\\\/\"}}]}<\/script>\n<!-- \/ Yoast SEO Premium plugin. -->","yoast_head_json":{"title":"Votre expert du store et des enseignes \u00e0 Cheseaux-sur-Lausanne - Artisanlocal","robots":{"index":"index","follow":"follow","max-snippet":"max-snippet:-1","max-image-preview":"max-image-preview:large","max-video-preview":"max-video-preview:-1"},"canonical":"https:\/\/www.artisanlocal.ch\/c\/votre-expert-du-store-et-des-enseignes-a-cheseaux-sur-lausanne\/","og_locale":"fr_FR","og_type":"article","og_title":"Votre expert du store et des enseignes \u00e0 Cheseaux-sur-Lausanne","og_description":"Artisanlocal est une entreprise sp\u00e9cialis\u00e9e dans la mise en place de stores, lambrequin lumineux, enseignes et accessoires de terrasses, \u00e0 Cheseaux-sur-Lausanne et dans les localit\u00e9s \u00e0 proximit\u00e9. Diverses gammes de stores int\u00e9rieurs Nos stores int\u00e9rieurs sont cr\u00e9\u00e9s pour am\u00e9liorer l&rsquo;apparence de vos fen\u00eatres, contr\u00f4ler l&rsquo;entr\u00e9e de la lumi\u00e8re ou pr\u00e9server votre intimit\u00e9. Nous offrons un [&hellip;]","og_url":"https:\/\/www.artisanlocal.ch\/c\/votre-expert-du-store-et-des-enseignes-a-cheseaux-sur-lausanne\/","og_site_name":"Artisanlocal","article_modified_time":"2025-08-26T17:24:47+00:00","og_image":[{"width":1920,"height":300,"url":"https:\/\/www.artisanlocal.ch\/c\/wp-content\/uploads\/2024\/12\/storiste.jpg","type":"image\/jpeg"}],"twitter_card":"summary_large_image","twitter_misc":{"Dur\u00e9e de lecture estim\u00e9e":"4 minutes"},"schema":{"@context":"https:\/\/schema.org","@graph":[{"@type":"WebPage","@id":"https:\/\/www.artisanlocal.ch\/c\/votre-expert-du-store-et-des-enseignes-a-cheseaux-sur-lausanne\/","url":"https:\/\/www.artisanlocal.ch\/c\/votre-expert-du-store-et-des-enseignes-a-cheseaux-sur-lausanne\/","name":"Votre expert du store et des enseignes \u00e0 Cheseaux-sur-Lausanne - Artisanlocal","isPartOf":{"@id":"https:\/\/www.artisanlocal.ch\/c\/#website"},"primaryImageOfPage":{"@id":"https:\/\/www.artisanlocal.ch\/c\/votre-expert-du-store-et-des-enseignes-a-cheseaux-sur-lausanne\/#primaryimage"},"image":{"@id":"https:\/\/www.artisanlocal.ch\/c\/votre-expert-du-store-et-des-enseignes-a-cheseaux-sur-lausanne\/#primaryimage"},"thumbnailUrl":"https:\/\/www.artisanlocal.ch\/c\/wp-content\/uploads\/2024\/12\/storiste.jpg","datePublished":"2024-11-26T03:06:06+00:00","dateModified":"2025-08-26T17:24:47+00:00","breadcrumb":{"@id":"https:\/\/www.artisanlocal.ch\/c\/votre-expert-du-store-et-des-enseignes-a-cheseaux-sur-lausanne\/#breadcrumb"},"inLanguage":"fr-FR","potentialAction":[{"@type":"ReadAction","target":["https:\/\/www.artisanlocal.ch\/c\/votre-expert-du-store-et-des-enseignes-a-cheseaux-sur-lausanne\/"]}]},{"@type":"ImageObject","inLanguage":"fr-FR","@id":"https:\/\/www.artisanlocal.ch\/c\/votre-expert-du-store-et-des-enseignes-a-cheseaux-sur-lausanne\/#primaryimage","url":"https:\/\/www.artisanlocal.ch\/c\/wp-content\/uploads\/2024\/12\/storiste.jpg","contentUrl":"https:\/\/www.artisanlocal.ch\/c\/wp-content\/uploads\/2024\/12\/storiste.jpg","width":1920,"height":300},{"@type":"BreadcrumbList","@id":"https:\/\/www.artisanlocal.ch\/c\/votre-expert-du-store-et-des-enseignes-a-cheseaux-sur-lausanne\/#breadcrumb","itemListElement":[{"@type":"ListItem","position":1,"name":"Accueil","item":"https:\/\/www.artisanlocal.ch\/c\/"},{"@type":"ListItem","position":2,"name":"Votre expert du store et des enseignes \u00e0 Cheseaux-sur-Lausanne"}]},{"@type":"WebSite","@id":"https:\/\/www.artisanlocal.ch\/c\/#website","url":"https:\/\/www.artisanlocal.ch\/c\/","name":"Artisanlocal","description":"","publisher":{"@id":"https:\/\/www.artisanlocal.ch\/c\/#organization"},"potentialAction":[{"@type":"SearchAction","target":{"@type":"EntryPoint","urlTemplate":"https:\/\/www.artisanlocal.ch\/c\/?s={search_term_string}"},"query-input":{"@type":"PropertyValueSpecification","valueRequired":true,"valueName":"search_term_string"}}],"inLanguage":"fr-FR"},{"@type":"Organization","@id":"https:\/\/www.artisanlocal.ch\/c\/#organization","name":"Artisanlocal","url":"https:\/\/www.artisanlocal.ch\/c\/","logo":{"@type":"ImageObject","inLanguage":"fr-FR","@id":"https:\/\/www.artisanlocal.ch\/c\/#\/schema\/logo\/image\/","url":"https:\/\/www.artisanlocal.ch\/c\/wp-content\/uploads\/2024\/02\/logo-artisanlocal-h.svg","contentUrl":"https:\/\/www.artisanlocal.ch\/c\/wp-content\/uploads\/2024\/02\/logo-artisanlocal-h.svg","caption":"Artisanlocal"},"image":{"@id":"https:\/\/www.artisanlocal.ch\/c\/#\/schema\/logo\/image\/"}}]}},"_links":{"self":[{"href":"https:\/\/www.artisanlocal.ch\/c\/wp-json\/wp\/v2\/pages\/3046","targetHints":{"allow":["GET"]}}],"collection":[{"href":"https:\/\/www.artisanlocal.ch\/c\/wp-json\/wp\/v2\/pages"}],"about":[{"href":"https:\/\/www.artisanlocal.ch\/c\/wp-json\/wp\/v2\/types\/page"}],"author":[{"embeddable":true,"href":"https:\/\/www.artisanlocal.ch\/c\/wp-json\/wp\/v2\/users\/4"}],"replies":[{"embeddable":true,"href":"https:\/\/www.artisanlocal.ch\/c\/wp-json\/wp\/v2\/comments?post=3046"}],"version-history":[{"count":0,"href":"https:\/\/www.artisanlocal.ch\/c\/wp-json\/wp\/v2\/pages\/3046\/revisions"}],"wp:featuredmedia":[{"embeddable":true,"href":"https:\/\/www.artisanlocal.ch\/c\/wp-json\/wp\/v2\/media\/3071"}],"wp:attachment":[{"href":"https:\/\/www.artisanlocal.ch\/c\/wp-json\/wp\/v2\/media?parent=3046"}],"wp:term":[{"taxonomy":"profession","embeddable":true,"href":"https:\/\/www.artisanlocal.ch\/c\/wp-json\/wp\/v2\/profession?post=3046"},{"taxonomy":"location","embeddable":true,"href":"https:\/\/www.artisanlocal.ch\/c\/wp-json\/wp\/v2\/location?post=3046"},{"taxonomy":"canton","embeddable":true,"href":"https:\/\/www.artisanlocal.ch\/c\/wp-json\/wp\/v2\/canton?post=3046"}],"curies":[{"name":"wp","href":"https:\/\/api.w.org\/{rel}","templated":true}]}}