{"id":388,"date":"2024-04-16T18:38:11","date_gmt":"2024-04-16T16:38:11","guid":{"rendered":"https:\/\/www.artisanlocal.ch\/c\/nettoyage-de-bureaux-et-dhebergements-a-broc\/"},"modified":"2025-08-27T01:34:11","modified_gmt":"2025-08-26T23:34:11","slug":"nettoyage-de-bureaux-et-dhebergements-a-broc","status":"publish","type":"page","link":"https:\/\/www.artisanlocal.ch\/c\/nettoyage-de-bureaux-et-dhebergements-a-broc\/","title":{"rendered":"Entreprise de nettoyage Broc : bureaux, appartement et maison"},"content":{"rendered":"<p><a href=\"https:\/\/www.artisanlocal.ch\/\">Artisanlocal<\/a> est une entreprise de nettoyage \u00e0 Broc, nous proposons des services de nettoyage complet pour les particuliers et les professionnels en Suisse.<br \/>\n\r\n<div class=\"box\">\r\n            <div class=\"company-info\">\r\n            <img decoding=\"async\" class=\"company-info__logo\" src=\"https:\/\/www.artisanlocal.ch\/media\/cache\/thumb\/images\/companies\/69a170556779c209585884.png\" alt=\"Logo\">\r\n            <h2 class=\"company-info__name\">A. Nettoyage<\/h2>\r\n            <p class=\"company-info__business\">Entreprise de nettoyage - Conciergerie - Entretien d'immeubles - Nettoyage de fin de chantier \/ fin de bail - Nettoyage de bureaux<\/p>\r\n        <\/div>\r\n        <div class=\"company-contact\">\r\n            <p class=\"company-info__address\">Rue de la Sionge 6<\/p>\r\n                            <div class=\"links\">\r\n                                            <a class=\"btn has-accent-background-color js-phoneNumber\" href=\"tel:0779461076\" title=\"Appelez\" data-id=\"25353\" data-type=\"11\">077 946 10 76<\/a>\r\n                                                        <\/div>\r\n                    <\/div>\r\n    \r\n            \r\n<form action=\"https:\/\/www.artisanlocal.ch\/c\/wp-admin\/admin-ajax.php\" method=\"post\" class=\"form-contact\" id=\"artisan_form_contact_company_inline\">\r\n    <div><input type=\"hidden\" name=\"action\" value=\"company_contact\"><\/div>\r\n    <div><input type=\"hidden\" name=\"nonce\" value=\"086cf01f96\"><\/div>\r\n    <div><input type=\"hidden\" name=\"company_id\" value=\"25353\"><\/div>\r\n    <div><input type=\"hidden\" name=\"form_id\" value=\"artisan_form_contact_company_inline\"><\/div>\r\n    <div class=\"gglcptch gglcptch_v3 gglcptch_custom\"><input type=\"hidden\" id=\"g-recaptcha-response\" name=\"g-recaptcha-response\" \/><br \/><div class=\"gglcptch_error_text\">La p\u00e9riode de v\u00e9rification reCAPTCHA a expir\u00e9. Veuillez recharger la page.<\/div><\/div>    <div class=\"form-content\">\r\n        <div class=\"form-group\">\r\n            <label for=\"contact_firstName\" class=\"required\">Pr\u00e9nom<\/label>\r\n            <input type=\"text\" name=\"firstName\" class=\"form-control\" required>\r\n        <\/div>\r\n        <div class=\"form-group\">\r\n            <label for=\"contact_lastName\" class=\"required\">Nom<\/label>\r\n            <input type=\"text\" name=\"lastName\" class=\"form-control\" required>\r\n        <\/div>\r\n        <div class=\"form-group\">\r\n            <label for=\"contact_email\" class=\"required\">Email<\/label>\r\n            <input type=\"email\" name=\"email\" class=\"form-control\" required>\r\n        <\/div>\r\n        <div class=\"form-group\">\r\n            <label for=\"contact_phone\" class=\"required\">Num\u00e9ro de t\u00e9l\u00e9phone<\/label>\r\n            <input type=\"tel\" name=\"phone\" class=\"form-control\" placeholder=\"0787117165\" pattern=\"^[0-9]{10}$\" required>\r\n        <\/div>\r\n        <div class=\"form-group\">\r\n            <label for=\"contact_postalCode\" class=\"required\">Code postal et localit\u00e9<\/label>\r\n            <input type=\"text\" name=\"postalCode\" class=\"form-control\" required>\r\n        <\/div>\r\n        <div class=\"form-group\">\r\n            <label for=\"contact_address\" class=\"required\">Adresse<\/label>\r\n            <input type=\"text\" name=\"address\" class=\"form-control\" required>\r\n        <\/div>\r\n        <div class=\"full-width topic\">\r\n            <p class=\"required\">Je souhaite \u00eatre contact\u00e9 pour :<\/p>\r\n            <div class=\"form-check\">\r\n                <input type=\"radio\" name=\"topic\" value=\"D\u00e9pannage\" class=\"form-control\" required>\r\n                <label for=\"d\u00e9pannage\">D\u00e9pannage<\/label>\r\n            <\/div>\r\n            <div class=\"form-check\">\r\n                <input type=\"radio\" name=\"topic\" value=\"Entretien\" class=\"form-control\" required>\r\n                <label for=\"entretien\">Entretien<\/label>\r\n            <\/div>\r\n            <div class=\"form-check\">\r\n                <input type=\"radio\" name=\"topic\" value=\"R\u00e9novation\" class=\"form-control\" required>\r\n                <label for=\"r\u00e9novation\">R\u00e9novation<\/label>\r\n            <\/div>\r\n            <div class=\"form-check\">\r\n                <input type=\"radio\" name=\"topic\" value=\"Autre\" class=\"form-control\" required>\r\n                <label for=\"autre\">Autre<\/label>\r\n            <\/div>\r\n        <\/div>\r\n        <div class=\"form-group full-width\">\r\n            <label for=\"contact_message\">Message<\/label>\r\n            <textarea name=\"message\" rows=\"3\" class=\"form-control\"><\/textarea>\r\n        <\/div>\r\n    <\/div>\r\n    <div class=\"form-actions\">\r\n        <button class=\"wp-block-button__link has-accent-background-color\">Contacter<\/button>\r\n    <\/div>\r\n<\/form>\r\n<div class=\"form-feedback\"><\/div>    <\/div><\/p>\n<h2>Pourquoi choisir notre entreprise de nettoyage ?<\/h2>\n<ul>\n<li>Vous pouvez r\u00e9server un rendez-vous aujourd&rsquo;hui avec notre entreprise.<\/li>\n<li>Nos artisans sont form\u00e9s avec les derni\u00e8res m\u00e9thodes.<\/li>\n<li>Nous utilisons des produits respectueux de l&rsquo;environnement.<\/li>\n<li>Nous vous fournissons un devis gratuit.<\/li>\n<\/ul>\n<h2>Services de m\u00e9nage \u00e0 Broc<\/h2>\n<p>Nous fournissons une large gamme de prestations de nettoyage personnalis\u00e9 pour satisfaire toutes vos attentes.<\/p>\n<p>Si vous avez besoin d&rsquo;un service de nettoyage complet, d&rsquo;un m\u00e9nage ponctuel ou d&rsquo;un service d&rsquo;entretien r\u00e9gulier, notre soci\u00e9t\u00e9 est l\u00e0 pour vous aider, nous proposons :<\/p>\n<ul>\n<li>Services de nettoyage pour les locations courte dur\u00e9e,<\/li>\n<li>nettoyage de studios,<\/li>\n<li>nettoyage d&rsquo;appareils \u00e9lectrom\u00e9nagers,<\/li>\n<li>nettoyage de balcon,<\/li>\n<li>nettoyage de sous-sols,<\/li>\n<li>d\u00e9sinfection des surfaces pour lutter contre les virus,<\/li>\n<li>service de lavage de la vaisselle,<\/li>\n<li>nettoyage des salles de gym,<\/li>\n<li>lavage des sols,<\/li>\n<li>nettoyage des \u00e9tablissements de sant\u00e9,<\/li>\n<li>m\u00e9nage et nettoyage apr\u00e8s un changement de logement,<\/li>\n<li>nettoyage des locaux,<\/li>\n<li>nettoyage apr\u00e8s une r\u00e9novation,<\/li>\n<li>m\u00e9nage de salles de bains,<\/li>\n<li>nettoyage des commerces de proximit\u00e9,<\/li>\n<li>nettoyage des salles de classe,<\/li>\n<li>lavage de vitres.<\/li>\n<\/ul>\n<h2>Une soci\u00e9t\u00e9 Helv\u00e9tique de confiance<\/h2>\n<h3>Service de nettoyage d&rsquo;appartement \u00e0 Broc<\/h3>\n<p>Notre entreprise r\u00e9alise le m\u00e9nage des appartements \u00e0 Broc, par exemple, nous pouvons nettoyer votre appartement, avant la remise des cl\u00e9s en fin de bail.<\/p>\n<p>Il est important de comprendre que si le nettoyage de votre habitation n&rsquo;est pas effectu\u00e9 correctement, le propri\u00e9taire peut solliciter les services de nettoyage et garder une part de votre caution.<\/p>\n<p>Ce nettoyage r\u00e9alis\u00e9 avant l&rsquo;\u00e9tat des lieux comprend notamment les services :<\/p>\n<p>&#8211; L&rsquo;entretien et le nettoyage des surfaces : murs, sols, parquets, moquettes et carrelages.<\/p>\n<p>&#8211; Le lavage des vitres et fen\u00eatres.<\/p>\n<p>&#8211; L&rsquo;entretien des toilettes et de la salle de bain.<\/p>\n<p>&#8211; L&rsquo;entretien de la cuisse et du syst\u00e8me d&rsquo;a\u00e9ration.<\/p>\n<p>&#8211; Le service de d\u00e9poussi\u00e9rage du mobilier.<\/p>\n<h3>Vous avez besoin d&rsquo;un service de nettoyage r\u00e9gulier ?<\/h3>\n<p>Notre entreprise propose des solutions d&rsquo;entretien adapt\u00e9es \u00e0 vos besoins, avec des interventions hebdomadaires, toutes les deux semaines ou mensuelles.<\/p>\n<h3>Nettoyage en profondeur de votre propri\u00e9t\u00e9 et de votre appartement \u00e0 Broc<\/h3>\n<p>Artisanlocal propose des services de nettoyage complet pour votre logement ou maison, en plus de notre prestation de m\u00e9nage standard.<\/p>\n<h3>Quels sont les b\u00e9n\u00e9fices d&rsquo;effectuer un m\u00e9nage en profondeur avec notre soci\u00e9t\u00e9 ?<\/h3>\n<p>L&rsquo;avantage principal du nettoyage en profondeur est d\u2019\u00e9liminer : la salet\u00e9, la poussi\u00e8re et la crasse qui se sont accumul\u00e9es au fur et \u00e0 mesure, afin de rendre votre logement le plus propre possible. Un nettoyage en profondeur est \u00e9galement une bonne solution pour supprimer les mauvaises odeurs.<\/p>\n<h3>M\u00e9nage de bureaux \u00e0 Broc<\/h3>\n<p>S&rsquo;adresser \u00e0 Artisanlocal pour le nettoyage de locaux professionnels est la solution la plus efficace. Vous gagnerez du temps et de l&rsquo;\u00e9nergie ! Nous proposons des prestations de nettoyage \u00e0 l&rsquo;ann\u00e9e qui s&rsquo;ajustera \u00e0 vos besoins et \u00e0 votre budget. D\u00e9couvrez nos services de m\u00e9nage pour les espaces de travail, comme :<\/p>\n<ul>\n<li>L&rsquo;entretien de moquettes et lavage de vitres de bureau.<\/li>\n<li>L&rsquo;entretien des mobiliers de bureau en cuir ou tissu (des chaises, des locaux professionnels, des canap\u00e9s).<\/li>\n<li>La gestion des d\u00e9chets.<\/li>\n<li>L&rsquo;\u00e9limination des amas de poussi\u00e8re.<\/li>\n<li>Le nettoyage des surfaces au sol et passage de l&rsquo;aspirateur.<\/li>\n<\/ul>\n<h3>Service de nettoyage de maison \u00e0 Broc<\/h3>\n<p>Pour garder l&rsquo;int\u00e9rieur de votre r\u00e9sidence soign\u00e9, il faut r\u00e9aliser un m\u00e9nage fr\u00e9quent. De nos jours, la plupart des individus ont un agenda charg\u00e9 et cela complique la r\u00e9alisation des corv\u00e9es m\u00e9nag\u00e8res courantes, c&rsquo;est l\u00e0 que notre soci\u00e9t\u00e9 peut vous seconder.<\/p>\n<h2>Pourquoi engager artisanlocal pour r\u00e9aliser le m\u00e9nage de votre habitation \u00e0 Broc ?<\/h2>\n<p>Si vous \u00eates un Brocois, vous rencontrez peut-\u00eatre des difficult\u00e9s \u00e0 garder votre espace int\u00e9rieur bien entretenu. Nos prestations sont adapt\u00e9es pour les habitants de Broc. Avec notre soci\u00e9t\u00e9, vous \u00eates en mesure de :<\/p>\n<h3>Mieux organiser votre espace<\/h3>\n<p>Si votre h\u00e9bergement est d\u00e9sordonn\u00e9, il est difficile de se sentir bien dans son logement. Artisanlocal propose des services de m\u00e9nage pour votre maison afin de mieux organiser votre lieu de vie, ce qui vous offre la possibilit\u00e9, de :<\/p>\n<h3>Vous sentir mieux<\/h3>\n<p>Avoir une r\u00e9sidence bien organis\u00e9e vous aidera ainsi que vos invit\u00e9s \u00e0 vous sentir mieux.<\/p>\n<h3>Rester en bonne sant\u00e9<\/h3>\n<p>L&rsquo;accumulation des poussi\u00e8res dans votre habitation peut cr\u00e9er des risques pour sant\u00e9, et entra\u00eener des r\u00e9actions allergiques ou exacerber celles qui sont d\u00e9j\u00e0 pr\u00e9sentes. En engageant les services de notre entreprise de m\u00e9nage, vous diminuez les possibles expositions aux allerg\u00e8nes.<\/p>\n<h3>Bien organiser votre habitation<\/h3>\n<p>Comme un grand nombre de domiciles, votre propri\u00e9t\u00e9 peut \u00eatre en d\u00e9sordre, ce qui peut cr\u00e9er des probl\u00e8mes dans votre vie de tous les jours. Choisissez notre entreprise de m\u00e9nage pour garder votre int\u00e9rieur propre et organis\u00e9. Par ailleurs, nous intervenons \u00e0 <a href=\"https:\/\/www.artisanlocal.ch\/c\/nettoyage-de-bureaux-et-dhabitats-a-bulle\/\">Bulle<\/a> et aussi \u00e0 : Maules, S\u00e2les (Gruy\u00e8re), Romanens, Rueyres-Treyfayes, Treyfayes, Vaulruz, Vuadens, Bulle, Riaz, Marsens, Vuippens, La Roche FR, La Tour-de-Tr\u00eame, Charmey (Gruy\u00e8re), Morlon, Sorens, Gumefens, Avry-devant-Pont, Le Bry, Echarlens, Corbi\u00e8res, Hauteville, Pont-la-Ville, Villarvolard, Botterens, Villarbeney, Ch\u00e2tel-sur-Montsalvens, Cr\u00e9suz, Im Fang, Jaun, Abl\u00e4ndschen, Le P\u00e2quier-Montbarry, Epagny, Gruy\u00e8res, Mol\u00e9son-sur-Gruy\u00e8res, Pringy, Estavannens, Grandvillard, Villars-sous-Mont, Enney, Albeuve, Lessoc, Montbovon, Neirivue, Les Sciernes-d'Albeuve.<\/p>\n","protected":false},"excerpt":{"rendered":"<p>Artisanlocal est une entreprise de nettoyage \u00e0 Broc, nous proposons des services de nettoyage complet pour les particuliers et les professionnels en Suisse. Pourquoi choisir notre entreprise de nettoyage ? Vous pouvez r\u00e9server un rendez-vous aujourd&rsquo;hui avec notre entreprise. Nos artisans sont form\u00e9s avec les derni\u00e8res m\u00e9thodes. Nous utilisons des produits respectueux de l&rsquo;environnement. Nous [&hellip;]<\/p>\n","protected":false},"author":4,"featured_media":2754,"parent":0,"menu_order":0,"comment_status":"closed","ping_status":"closed","template":"","meta":{"footnotes":""},"profession":[108],"location":[115],"canton":[109],"class_list":["post-388","page","type-page","status-publish","has-post-thumbnail","hentry","profession-agent-de-proprete","location-broc","canton-fr"],"yoast_head":"<!-- This site is optimized with the Yoast SEO Premium plugin v25.7.1 (Yoast SEO v27.3) - https:\/\/yoast.com\/product\/yoast-seo-premium-wordpress\/ -->\n<title>Entreprise de nettoyage Broc : bureaux, appartement et maison - Artisanlocal<\/title>\n<meta name=\"robots\" content=\"index, follow, max-snippet:-1, max-image-preview:large, max-video-preview:-1\" \/>\n<link rel=\"canonical\" href=\"https:\/\/www.artisanlocal.ch\/c\/nettoyage-de-bureaux-et-dhebergements-a-broc\/\" \/>\n<meta property=\"og:locale\" content=\"fr_FR\" \/>\n<meta property=\"og:type\" content=\"article\" \/>\n<meta property=\"og:title\" content=\"Entreprise de nettoyage Broc : bureaux, appartement et maison\" \/>\n<meta property=\"og:description\" content=\"Artisanlocal est une entreprise de nettoyage \u00e0 Broc, nous proposons des services de nettoyage complet pour les particuliers et les professionnels en Suisse. Pourquoi choisir notre entreprise de nettoyage ? Vous pouvez r\u00e9server un rendez-vous aujourd&rsquo;hui avec notre entreprise. Nos artisans sont form\u00e9s avec les derni\u00e8res m\u00e9thodes. Nous utilisons des produits respectueux de l&rsquo;environnement. Nous [&hellip;]\" \/>\n<meta property=\"og:url\" content=\"https:\/\/www.artisanlocal.ch\/c\/nettoyage-de-bureaux-et-dhebergements-a-broc\/\" \/>\n<meta property=\"og:site_name\" content=\"Artisanlocal\" \/>\n<meta property=\"article:modified_time\" content=\"2025-08-26T23:34:11+00:00\" \/>\n<meta property=\"og:image\" content=\"https:\/\/www.artisanlocal.ch\/c\/wp-content\/uploads\/2024\/10\/agent-proprete.jpg\" \/>\n\t<meta property=\"og:image:width\" content=\"1920\" \/>\n\t<meta property=\"og:image:height\" content=\"300\" \/>\n\t<meta property=\"og:image:type\" content=\"image\/jpeg\" \/>\n<meta name=\"twitter:card\" content=\"summary_large_image\" \/>\n<meta name=\"twitter:label1\" content=\"Dur\u00e9e de lecture estim\u00e9e\" \/>\n\t<meta name=\"twitter:data1\" content=\"5 minutes\" \/>\n<script type=\"application\/ld+json\" class=\"yoast-schema-graph\">{\"@context\":\"https:\\\/\\\/schema.org\",\"@graph\":[{\"@type\":\"WebPage\",\"@id\":\"https:\\\/\\\/www.artisanlocal.ch\\\/c\\\/nettoyage-de-bureaux-et-dhebergements-a-broc\\\/\",\"url\":\"https:\\\/\\\/www.artisanlocal.ch\\\/c\\\/nettoyage-de-bureaux-et-dhebergements-a-broc\\\/\",\"name\":\"Entreprise de nettoyage Broc : bureaux, appartement et maison - Artisanlocal\",\"isPartOf\":{\"@id\":\"https:\\\/\\\/www.artisanlocal.ch\\\/c\\\/#website\"},\"primaryImageOfPage\":{\"@id\":\"https:\\\/\\\/www.artisanlocal.ch\\\/c\\\/nettoyage-de-bureaux-et-dhebergements-a-broc\\\/#primaryimage\"},\"image\":{\"@id\":\"https:\\\/\\\/www.artisanlocal.ch\\\/c\\\/nettoyage-de-bureaux-et-dhebergements-a-broc\\\/#primaryimage\"},\"thumbnailUrl\":\"https:\\\/\\\/www.artisanlocal.ch\\\/c\\\/wp-content\\\/uploads\\\/2024\\\/10\\\/agent-proprete.jpg\",\"datePublished\":\"2024-04-16T16:38:11+00:00\",\"dateModified\":\"2025-08-26T23:34:11+00:00\",\"breadcrumb\":{\"@id\":\"https:\\\/\\\/www.artisanlocal.ch\\\/c\\\/nettoyage-de-bureaux-et-dhebergements-a-broc\\\/#breadcrumb\"},\"inLanguage\":\"fr-FR\",\"potentialAction\":[{\"@type\":\"ReadAction\",\"target\":[\"https:\\\/\\\/www.artisanlocal.ch\\\/c\\\/nettoyage-de-bureaux-et-dhebergements-a-broc\\\/\"]}]},{\"@type\":\"ImageObject\",\"inLanguage\":\"fr-FR\",\"@id\":\"https:\\\/\\\/www.artisanlocal.ch\\\/c\\\/nettoyage-de-bureaux-et-dhebergements-a-broc\\\/#primaryimage\",\"url\":\"https:\\\/\\\/www.artisanlocal.ch\\\/c\\\/wp-content\\\/uploads\\\/2024\\\/10\\\/agent-proprete.jpg\",\"contentUrl\":\"https:\\\/\\\/www.artisanlocal.ch\\\/c\\\/wp-content\\\/uploads\\\/2024\\\/10\\\/agent-proprete.jpg\",\"width\":1920,\"height\":300},{\"@type\":\"BreadcrumbList\",\"@id\":\"https:\\\/\\\/www.artisanlocal.ch\\\/c\\\/nettoyage-de-bureaux-et-dhebergements-a-broc\\\/#breadcrumb\",\"itemListElement\":[{\"@type\":\"ListItem\",\"position\":1,\"name\":\"Accueil\",\"item\":\"https:\\\/\\\/www.artisanlocal.ch\\\/c\\\/\"},{\"@type\":\"ListItem\",\"position\":2,\"name\":\"Entreprise de nettoyage Broc : bureaux, appartement et maison\"}]},{\"@type\":\"WebSite\",\"@id\":\"https:\\\/\\\/www.artisanlocal.ch\\\/c\\\/#website\",\"url\":\"https:\\\/\\\/www.artisanlocal.ch\\\/c\\\/\",\"name\":\"Artisanlocal\",\"description\":\"\",\"publisher\":{\"@id\":\"https:\\\/\\\/www.artisanlocal.ch\\\/c\\\/#organization\"},\"potentialAction\":[{\"@type\":\"SearchAction\",\"target\":{\"@type\":\"EntryPoint\",\"urlTemplate\":\"https:\\\/\\\/www.artisanlocal.ch\\\/c\\\/?s={search_term_string}\"},\"query-input\":{\"@type\":\"PropertyValueSpecification\",\"valueRequired\":true,\"valueName\":\"search_term_string\"}}],\"inLanguage\":\"fr-FR\"},{\"@type\":\"Organization\",\"@id\":\"https:\\\/\\\/www.artisanlocal.ch\\\/c\\\/#organization\",\"name\":\"Artisanlocal\",\"url\":\"https:\\\/\\\/www.artisanlocal.ch\\\/c\\\/\",\"logo\":{\"@type\":\"ImageObject\",\"inLanguage\":\"fr-FR\",\"@id\":\"https:\\\/\\\/www.artisanlocal.ch\\\/c\\\/#\\\/schema\\\/logo\\\/image\\\/\",\"url\":\"https:\\\/\\\/www.artisanlocal.ch\\\/c\\\/wp-content\\\/uploads\\\/2024\\\/02\\\/logo-artisanlocal-h.svg\",\"contentUrl\":\"https:\\\/\\\/www.artisanlocal.ch\\\/c\\\/wp-content\\\/uploads\\\/2024\\\/02\\\/logo-artisanlocal-h.svg\",\"caption\":\"Artisanlocal\"},\"image\":{\"@id\":\"https:\\\/\\\/www.artisanlocal.ch\\\/c\\\/#\\\/schema\\\/logo\\\/image\\\/\"}}]}<\/script>\n<!-- \/ Yoast SEO Premium plugin. -->","yoast_head_json":{"title":"Entreprise de nettoyage Broc : bureaux, appartement et maison - Artisanlocal","robots":{"index":"index","follow":"follow","max-snippet":"max-snippet:-1","max-image-preview":"max-image-preview:large","max-video-preview":"max-video-preview:-1"},"canonical":"https:\/\/www.artisanlocal.ch\/c\/nettoyage-de-bureaux-et-dhebergements-a-broc\/","og_locale":"fr_FR","og_type":"article","og_title":"Entreprise de nettoyage Broc : bureaux, appartement et maison","og_description":"Artisanlocal est une entreprise de nettoyage \u00e0 Broc, nous proposons des services de nettoyage complet pour les particuliers et les professionnels en Suisse. Pourquoi choisir notre entreprise de nettoyage ? Vous pouvez r\u00e9server un rendez-vous aujourd&rsquo;hui avec notre entreprise. Nos artisans sont form\u00e9s avec les derni\u00e8res m\u00e9thodes. Nous utilisons des produits respectueux de l&rsquo;environnement. Nous [&hellip;]","og_url":"https:\/\/www.artisanlocal.ch\/c\/nettoyage-de-bureaux-et-dhebergements-a-broc\/","og_site_name":"Artisanlocal","article_modified_time":"2025-08-26T23:34:11+00:00","og_image":[{"width":1920,"height":300,"url":"https:\/\/www.artisanlocal.ch\/c\/wp-content\/uploads\/2024\/10\/agent-proprete.jpg","type":"image\/jpeg"}],"twitter_card":"summary_large_image","twitter_misc":{"Dur\u00e9e de lecture estim\u00e9e":"5 minutes"},"schema":{"@context":"https:\/\/schema.org","@graph":[{"@type":"WebPage","@id":"https:\/\/www.artisanlocal.ch\/c\/nettoyage-de-bureaux-et-dhebergements-a-broc\/","url":"https:\/\/www.artisanlocal.ch\/c\/nettoyage-de-bureaux-et-dhebergements-a-broc\/","name":"Entreprise de nettoyage Broc : bureaux, appartement et maison - Artisanlocal","isPartOf":{"@id":"https:\/\/www.artisanlocal.ch\/c\/#website"},"primaryImageOfPage":{"@id":"https:\/\/www.artisanlocal.ch\/c\/nettoyage-de-bureaux-et-dhebergements-a-broc\/#primaryimage"},"image":{"@id":"https:\/\/www.artisanlocal.ch\/c\/nettoyage-de-bureaux-et-dhebergements-a-broc\/#primaryimage"},"thumbnailUrl":"https:\/\/www.artisanlocal.ch\/c\/wp-content\/uploads\/2024\/10\/agent-proprete.jpg","datePublished":"2024-04-16T16:38:11+00:00","dateModified":"2025-08-26T23:34:11+00:00","breadcrumb":{"@id":"https:\/\/www.artisanlocal.ch\/c\/nettoyage-de-bureaux-et-dhebergements-a-broc\/#breadcrumb"},"inLanguage":"fr-FR","potentialAction":[{"@type":"ReadAction","target":["https:\/\/www.artisanlocal.ch\/c\/nettoyage-de-bureaux-et-dhebergements-a-broc\/"]}]},{"@type":"ImageObject","inLanguage":"fr-FR","@id":"https:\/\/www.artisanlocal.ch\/c\/nettoyage-de-bureaux-et-dhebergements-a-broc\/#primaryimage","url":"https:\/\/www.artisanlocal.ch\/c\/wp-content\/uploads\/2024\/10\/agent-proprete.jpg","contentUrl":"https:\/\/www.artisanlocal.ch\/c\/wp-content\/uploads\/2024\/10\/agent-proprete.jpg","width":1920,"height":300},{"@type":"BreadcrumbList","@id":"https:\/\/www.artisanlocal.ch\/c\/nettoyage-de-bureaux-et-dhebergements-a-broc\/#breadcrumb","itemListElement":[{"@type":"ListItem","position":1,"name":"Accueil","item":"https:\/\/www.artisanlocal.ch\/c\/"},{"@type":"ListItem","position":2,"name":"Entreprise de nettoyage Broc : bureaux, appartement et maison"}]},{"@type":"WebSite","@id":"https:\/\/www.artisanlocal.ch\/c\/#website","url":"https:\/\/www.artisanlocal.ch\/c\/","name":"Artisanlocal","description":"","publisher":{"@id":"https:\/\/www.artisanlocal.ch\/c\/#organization"},"potentialAction":[{"@type":"SearchAction","target":{"@type":"EntryPoint","urlTemplate":"https:\/\/www.artisanlocal.ch\/c\/?s={search_term_string}"},"query-input":{"@type":"PropertyValueSpecification","valueRequired":true,"valueName":"search_term_string"}}],"inLanguage":"fr-FR"},{"@type":"Organization","@id":"https:\/\/www.artisanlocal.ch\/c\/#organization","name":"Artisanlocal","url":"https:\/\/www.artisanlocal.ch\/c\/","logo":{"@type":"ImageObject","inLanguage":"fr-FR","@id":"https:\/\/www.artisanlocal.ch\/c\/#\/schema\/logo\/image\/","url":"https:\/\/www.artisanlocal.ch\/c\/wp-content\/uploads\/2024\/02\/logo-artisanlocal-h.svg","contentUrl":"https:\/\/www.artisanlocal.ch\/c\/wp-content\/uploads\/2024\/02\/logo-artisanlocal-h.svg","caption":"Artisanlocal"},"image":{"@id":"https:\/\/www.artisanlocal.ch\/c\/#\/schema\/logo\/image\/"}}]}},"_links":{"self":[{"href":"https:\/\/www.artisanlocal.ch\/c\/wp-json\/wp\/v2\/pages\/388","targetHints":{"allow":["GET"]}}],"collection":[{"href":"https:\/\/www.artisanlocal.ch\/c\/wp-json\/wp\/v2\/pages"}],"about":[{"href":"https:\/\/www.artisanlocal.ch\/c\/wp-json\/wp\/v2\/types\/page"}],"author":[{"embeddable":true,"href":"https:\/\/www.artisanlocal.ch\/c\/wp-json\/wp\/v2\/users\/4"}],"replies":[{"embeddable":true,"href":"https:\/\/www.artisanlocal.ch\/c\/wp-json\/wp\/v2\/comments?post=388"}],"version-history":[{"count":0,"href":"https:\/\/www.artisanlocal.ch\/c\/wp-json\/wp\/v2\/pages\/388\/revisions"}],"wp:featuredmedia":[{"embeddable":true,"href":"https:\/\/www.artisanlocal.ch\/c\/wp-json\/wp\/v2\/media\/2754"}],"wp:attachment":[{"href":"https:\/\/www.artisanlocal.ch\/c\/wp-json\/wp\/v2\/media?parent=388"}],"wp:term":[{"taxonomy":"profession","embeddable":true,"href":"https:\/\/www.artisanlocal.ch\/c\/wp-json\/wp\/v2\/profession?post=388"},{"taxonomy":"location","embeddable":true,"href":"https:\/\/www.artisanlocal.ch\/c\/wp-json\/wp\/v2\/location?post=388"},{"taxonomy":"canton","embeddable":true,"href":"https:\/\/www.artisanlocal.ch\/c\/wp-json\/wp\/v2\/canton?post=388"}],"curies":[{"name":"wp","href":"https:\/\/api.w.org\/{rel}","templated":true}]}}