{"id":389,"date":"2024-04-16T18:38:11","date_gmt":"2024-04-16T16:38:11","guid":{"rendered":"https:\/\/www.artisanlocal.ch\/c\/nettoyage-de-bureaux-et-dhebergements-a-vuadens\/"},"modified":"2025-08-27T01:34:10","modified_gmt":"2025-08-26T23:34:10","slug":"nettoyage-de-bureaux-et-dhebergements-a-vuadens","status":"publish","type":"page","link":"https:\/\/www.artisanlocal.ch\/c\/nettoyage-de-bureaux-et-dhebergements-a-vuadens\/","title":{"rendered":"Entreprise de nettoyage \u00e0 Vuadens"},"content":{"rendered":"<p>Entreprise de nettoyage de votre logement ou de vos locaux \u00e0 Vuadens. Notre soci\u00e9t\u00e9 est compos\u00e9e d&rsquo;experts qui s&rsquo;appliquent \u00e0 fournir des services de nettoyage de la meilleure qualit\u00e9 possible.<br \/>\n\r\n<div class=\"box\">\r\n            <div class=\"company-info\">\r\n            <img decoding=\"async\" class=\"company-info__logo\" src=\"https:\/\/www.artisanlocal.ch\/media\/cache\/thumb\/images\/companies\/69a170556779c209585884.png\" alt=\"Logo\">\r\n            <h2 class=\"company-info__name\">A. Nettoyage<\/h2>\r\n            <p class=\"company-info__business\">Entreprise de nettoyage - Conciergerie - Entretien d'immeubles - Nettoyage de fin de chantier \/ fin de bail - Nettoyage de bureaux<\/p>\r\n        <\/div>\r\n        <div class=\"company-contact\">\r\n            <p class=\"company-info__address\">Rue de la Sionge 6<\/p>\r\n                            <div class=\"links\">\r\n                                            <a class=\"btn has-accent-background-color js-phoneNumber\" href=\"tel:0779461076\" title=\"Appelez\" data-id=\"25353\" data-type=\"11\">077 946 10 76<\/a>\r\n                                                        <\/div>\r\n                    <\/div>\r\n    \r\n            \r\n<form action=\"https:\/\/www.artisanlocal.ch\/c\/wp-admin\/admin-ajax.php\" method=\"post\" class=\"form-contact\" id=\"artisan_form_contact_company_inline\">\r\n    <div><input type=\"hidden\" name=\"action\" value=\"company_contact\"><\/div>\r\n    <div><input type=\"hidden\" name=\"nonce\" value=\"086cf01f96\"><\/div>\r\n    <div><input type=\"hidden\" name=\"company_id\" value=\"25353\"><\/div>\r\n    <div><input type=\"hidden\" name=\"form_id\" value=\"artisan_form_contact_company_inline\"><\/div>\r\n    <div class=\"gglcptch gglcptch_v3 gglcptch_custom\"><input type=\"hidden\" id=\"g-recaptcha-response\" name=\"g-recaptcha-response\" \/><br \/><div class=\"gglcptch_error_text\">La p\u00e9riode de v\u00e9rification reCAPTCHA a expir\u00e9. Veuillez recharger la page.<\/div><\/div>    <div class=\"form-content\">\r\n        <div class=\"form-group\">\r\n            <label for=\"contact_firstName\" class=\"required\">Pr\u00e9nom<\/label>\r\n            <input type=\"text\" name=\"firstName\" class=\"form-control\" required>\r\n        <\/div>\r\n        <div class=\"form-group\">\r\n            <label for=\"contact_lastName\" class=\"required\">Nom<\/label>\r\n            <input type=\"text\" name=\"lastName\" class=\"form-control\" required>\r\n        <\/div>\r\n        <div class=\"form-group\">\r\n            <label for=\"contact_email\" class=\"required\">Email<\/label>\r\n            <input type=\"email\" name=\"email\" class=\"form-control\" required>\r\n        <\/div>\r\n        <div class=\"form-group\">\r\n            <label for=\"contact_phone\" class=\"required\">Num\u00e9ro de t\u00e9l\u00e9phone<\/label>\r\n            <input type=\"tel\" name=\"phone\" class=\"form-control\" placeholder=\"0787117165\" pattern=\"^[0-9]{10}$\" required>\r\n        <\/div>\r\n        <div class=\"form-group\">\r\n            <label for=\"contact_postalCode\" class=\"required\">Code postal et localit\u00e9<\/label>\r\n            <input type=\"text\" name=\"postalCode\" class=\"form-control\" required>\r\n        <\/div>\r\n        <div class=\"form-group\">\r\n            <label for=\"contact_address\" class=\"required\">Adresse<\/label>\r\n            <input type=\"text\" name=\"address\" class=\"form-control\" required>\r\n        <\/div>\r\n        <div class=\"full-width topic\">\r\n            <p class=\"required\">Je souhaite \u00eatre contact\u00e9 pour :<\/p>\r\n            <div class=\"form-check\">\r\n                <input type=\"radio\" name=\"topic\" value=\"D\u00e9pannage\" class=\"form-control\" required>\r\n                <label for=\"d\u00e9pannage\">D\u00e9pannage<\/label>\r\n            <\/div>\r\n            <div class=\"form-check\">\r\n                <input type=\"radio\" name=\"topic\" value=\"Entretien\" class=\"form-control\" required>\r\n                <label for=\"entretien\">Entretien<\/label>\r\n            <\/div>\r\n            <div class=\"form-check\">\r\n                <input type=\"radio\" name=\"topic\" value=\"R\u00e9novation\" class=\"form-control\" required>\r\n                <label for=\"r\u00e9novation\">R\u00e9novation<\/label>\r\n            <\/div>\r\n            <div class=\"form-check\">\r\n                <input type=\"radio\" name=\"topic\" value=\"Autre\" class=\"form-control\" required>\r\n                <label for=\"autre\">Autre<\/label>\r\n            <\/div>\r\n        <\/div>\r\n        <div class=\"form-group full-width\">\r\n            <label for=\"contact_message\">Message<\/label>\r\n            <textarea name=\"message\" rows=\"3\" class=\"form-control\"><\/textarea>\r\n        <\/div>\r\n    <\/div>\r\n    <div class=\"form-actions\">\r\n        <button class=\"wp-block-button__link has-accent-background-color\">Contacter<\/button>\r\n    <\/div>\r\n<\/form>\r\n<div class=\"form-feedback\"><\/div>    <\/div><\/p>\n<h2>Pourquoi choisir notre entreprise ?<\/h2>\n<ul>\n<li>Il est possible de r\u00e9server un rendez-vous avec notre entreprise aujourd&rsquo;hui.<\/li>\n<li>Nous utilisons les derni\u00e8res techniques de nettoyage.<\/li>\n<li>L&rsquo;entretien est r\u00e9alis\u00e9 avec des produits \u00e9cologiques.<\/li>\n<li>Nous vous fournissons un devis sans frais.<\/li>\n<\/ul>\n<h2>Services de nettoyage \u00e0 Vuadens<\/h2>\n<p>Nous fournissons une large gamme de services de nettoyage personnalis\u00e9 pour r\u00e9pondre aux besoins de nos clients.<\/p>\n<p>Qu&rsquo;il s&rsquo;agisse d&rsquo;un m\u00e9nage en profondeur, d\u2019un m\u00e9nage ponctuel ou d&rsquo;un nettoyage r\u00e9gulier, nous pouvons \u00e9laborer des solutions adapt\u00e9es \u00e0 vos besoins, voici les services que nous r\u00e9alisons le plus fr\u00e9quemment \u00e0 Vuadens, vous pouvez b\u00e9n\u00e9ficier :<\/p>\n<ul>\n<li>De service de m\u00e9nage pour votre changement de domicile.<\/li>\n<li>D&rsquo;une solution de nettoyage, si vous \u00eates h\u00f4tes Airbnb.<\/li>\n<li>D&rsquo;un lavage des espaces de bureaux et des espaces commerciaux.<\/li>\n<li>D&rsquo;un nettoyage professionnel apr\u00e8s une r\u00e9novation de logement.<\/li>\n<\/ul>\n<h2>Quelles sont les prestations d&rsquo;entretien d&rsquo;artisanlocal\u202f?<\/h2>\n<ul>\n<li>Services de propret\u00e9 pour les locations de courte dur\u00e9e,<\/li>\n<li>nettoyage d&rsquo;appartements,<\/li>\n<li>entretien et nettoyage des appareils m\u00e9nagers,<\/li>\n<li>nettoyage de l&rsquo;ext\u00e9rieur,<\/li>\n<li>services de propret\u00e9 pour les sous-sols,<\/li>\n<li>assainissement des surfaces pour lutter contre les virus,<\/li>\n<li>service de lavage de la vaisselle,<\/li>\n<li>nettoyage des salles de gym,<\/li>\n<li>entretien des sols,<\/li>\n<li>nettoyage des h\u00f4pitaux,<\/li>\n<li>m\u00e9nage et nettoyage apr\u00e8s un d\u00e9m\u00e9nagement,<\/li>\n<li>nettoyage des lieux de travail,<\/li>\n<li>service de propret\u00e9 apr\u00e8s des travaux,<\/li>\n<li>m\u00e9nage des salles d&rsquo;eau,<\/li>\n<li>nettoyage des commerces locaux,<\/li>\n<li>service de m\u00e9nage et entretien des salles de classe,<\/li>\n<li>nettoyage de vitres.<\/li>\n<\/ul>\n<h2>Une soci\u00e9t\u00e9 de m\u00e9nage fiable implant\u00e9e en Suisse<\/h2>\n<h3>Entretien et m\u00e9nage d&rsquo;appartement \u00e0 Vuadens<\/h3>\n<p>Nous r\u00e9alisons le nettoyage d\u2019appartement \u00e0 Vuadens, par exemple, nous pouvons nettoyer l&rsquo;int\u00e9rieur de votre appartement, avant votre \u00e9tat des lieux.<\/p>\n<p>Il faut savoir que si le m\u00e9nage de l&rsquo;appartement n&rsquo;est pas r\u00e9alis\u00e9 correctement, le propri\u00e9taire est autoris\u00e9 \u00e0 faire appel \u00e0 une soci\u00e9t\u00e9 de m\u00e9nage et garder une part de votre d\u00e9p\u00f4t de garantie.<\/p>\n<p>Ce nettoyage avant l&rsquo;\u00e9tat des lieux englobe en particulier les prestations suivantes :<\/p>\n<p>&#8211; L&rsquo;entretien des surfaces : carrelages, sols, parquets, murs et moquettes.<\/p>\n<p>&#8211; Nettoyage des vitres et des fen\u00eatres.<\/p>\n<p>&#8211; Entretien des toilettes et de la salle d&rsquo;eau.<\/p>\n<p>&#8211; Le nettoyage de la cuisine et de la h\u00f4te de cuisine.<\/p>\n<p>&#8211; Le service de d\u00e9poussi\u00e9rage du mobilier.<\/p>\n<h3>Vous avez besoin d&rsquo;un nettoyage p\u00e9riodique de votre appartement\u202f?<\/h3>\n<p>Notre entreprise propose des services de nettoyages p\u00e9riodiques, adapt\u00e9s \u00e0 vos exigences, nous pouvons op\u00e9rer de fa\u00e7ons mensuelles, bihebdomadaires ou hebdomadaires.<\/p>\n<h3>Service de nettoyage en profondeur de votre habitation \u00e0 Vuadens<\/h3>\n<p>Artisanlocal propose des services de m\u00e9nage en profondeur pour votre maison ou appartement, en compl\u00e9ment de notre prestation de m\u00e9nage standard.<\/p>\n<h3>Quels sont les b\u00e9n\u00e9fices d&rsquo;effectuer un entretien en profondeur avec notre entreprise ?<\/h3>\n<p>L\u2019avantage principal du nettoyage en profondeur est d\u2019\u00e9liminer la salet\u00e9, la poussi\u00e8re et la crasse qui se sont entass\u00e9es au fil du temps, pour rendre votre logement sain. Un entretien en profondeur est aussi une bonne solution pour enlever les mauvaises odeurs.<\/p>\n<h3>M\u00e9nage de locaux professionnels \u00e0 Vuadens<\/h3>\n<p>Pour le m\u00e9nage de vos bureaux, faites confiance \u00e0 Artisanlocal. Vous \u00e9conomisez du temps, de l&rsquo;\u00e9nergie gr\u00e2ce \u00e0 nos prestations ! Nous proposons des services de m\u00e9nages \u00e0 l&rsquo;ann\u00e9e qui s&rsquo;adaptera \u00e0 vos besoins et \u00e0 votre budget. D\u00e9couvrez nos services d&rsquo;entretien pour les bureaux :<\/p>\n<ul>\n<li>Nettoyage de vos moquettes et des vitres.<\/li>\n<li>Entretien du mobilier de bureau en cuir ou tissu (des canap\u00e9s, des bureaux et des fauteuils).<\/li>\n<li>Enl\u00e8vement des d\u00e9chets m\u00e9nagers.<\/li>\n<li>\u00c9limination des poussi\u00e8res.<\/li>\n<li>Passage de l&rsquo;aspirateur et nettoyage des sols.<\/li>\n<\/ul>\n<h3>Nettoyage de maison \u00e0 Vuadens<\/h3>\n<p>Pour garder l&rsquo;int\u00e9rieur de votre habitation propre, nous vous recommandons de nettoyer quotidiennement votre habitation. De nos jours, la majorit\u00e9 des Suisses ont un agenda rempli et cela complique la r\u00e9alisation des t\u00e2ches m\u00e9nag\u00e8res, c&rsquo;est l\u00e0 que notre soci\u00e9t\u00e9 peut vous aider dans votre entretien de tous les jours.<\/p>\n<h2>Pourquoi engager Artisanlocal pour r\u00e9aliser le nettoyage \u00e0 Vuadens ?<\/h2>\n<p>Si vous habitez \u00e0 Vuadens, vous avez peut-\u00eatre du mal \u00e0 garder votre habitat bien rang\u00e9 et nettoy\u00e9. Nos services vous aideront \u00e0 garder votre propri\u00e9t\u00e9 aussi propre que possible. En faisant appel \u00e0 notre soci\u00e9t\u00e9, vous serez en mesure de :<\/p>\n<h3>Mieux organiser l&rsquo;int\u00e9rieur de votre r\u00e9sidence<\/h3>\n<p>Si votre h\u00e9bergement est en d\u00e9sordre, il est difficile de se sentir bien dans son logement. Artisanlocal, vous propose des services professionnels de nettoyage pour votre maison afin de mieux ranger votre lieu de vie.<\/p>\n<h3>Cr\u00e9er une ambiance plus confortable<\/h3>\n<p>Effectivement, une maison bien rang\u00e9e vous aidera ainsi que vos invit\u00e9s \u00e0 vous sentir mieux.<\/p>\n<h3>Conserver sa bonne sant\u00e9 et rester heureux<\/h3>\n<p>La concentration des particules de poussi\u00e8res fines dans votre r\u00e9sidence peut engendrer des risques pour la sant\u00e9, et entra\u00eener des allergies ou augmenter celles qui existent d\u00e9j\u00e0. En sollicitant les services de notre soci\u00e9t\u00e9 de m\u00e9nage, vous diminuez les risques d&rsquo;allergies.<\/p>\n<h3>Avoir une meilleure disposition de votre espace int\u00e9rieur<\/h3>\n<p>Il est banal que l&rsquo;int\u00e9rieur des habitations soit mal rang\u00e9, ce qui peut rendre difficile la vie quotidienne. Notre service de nettoyage peut s&rsquo;av\u00e9rer utile pour pr\u00e9server votre maison bien rang\u00e9e. Par ailleurs, nous pouvons aussi op\u00e9rer \u00e0 : Maules, S\u00e2les (Gruy\u00e8re), Romanens, Rueyres-Treyfayes, Treyfayes, Vaulruz, Bulle, Riaz, Marsens, Vuippens, La Roche FR, La Tour-de-Tr\u00eame, Broc, Charmey (Gruy\u00e8re), Morlon, Sorens, Gumefens, Avry-devant-Pont, Le Bry, Echarlens, Corbi\u00e8res, Hauteville, Pont-la-Ville, Villarvolard, Botterens, Villarbeney, Ch\u00e2tel-sur-Montsalvens, Cr\u00e9suz, Im Fang, Jaun, Abl\u00e4ndschen, Le P\u00e2quier-Montbarry, Epagny, Gruy\u00e8res, Mol\u00e9son-sur-Gruy\u00e8res, Pringy, Estavannens, Grandvillard, Villars-sous-Mont, Enney, Albeuve, Lessoc, Montbovon, Neirivue, Les Sciernes-d'Albeuve.<\/p>\n","protected":false},"excerpt":{"rendered":"<p>Entreprise de nettoyage de votre logement ou de vos locaux \u00e0 Vuadens. Notre soci\u00e9t\u00e9 est compos\u00e9e d&rsquo;experts qui s&rsquo;appliquent \u00e0 fournir des services de nettoyage de la meilleure qualit\u00e9 possible. Pourquoi choisir notre entreprise ? Il est possible de r\u00e9server un rendez-vous avec notre entreprise aujourd&rsquo;hui. Nous utilisons les derni\u00e8res techniques de nettoyage. L&rsquo;entretien est [&hellip;]<\/p>\n","protected":false},"author":4,"featured_media":2754,"parent":0,"menu_order":0,"comment_status":"closed","ping_status":"closed","template":"","meta":{"footnotes":""},"profession":[108],"location":[107],"canton":[109],"class_list":["post-389","page","type-page","status-publish","has-post-thumbnail","hentry","profession-agent-de-proprete","location-vuadens","canton-fr"],"yoast_head":"<!-- This site is optimized with the Yoast SEO Premium plugin v25.7.1 (Yoast SEO v27.3) - https:\/\/yoast.com\/product\/yoast-seo-premium-wordpress\/ -->\n<title>Entreprise de nettoyage \u00e0 Vuadens - Artisanlocal<\/title>\n<meta name=\"robots\" content=\"index, follow, max-snippet:-1, max-image-preview:large, max-video-preview:-1\" \/>\n<link rel=\"canonical\" href=\"https:\/\/www.artisanlocal.ch\/c\/nettoyage-de-bureaux-et-dhebergements-a-vuadens\/\" \/>\n<meta property=\"og:locale\" content=\"fr_FR\" \/>\n<meta property=\"og:type\" content=\"article\" \/>\n<meta property=\"og:title\" content=\"Entreprise de nettoyage \u00e0 Vuadens\" \/>\n<meta property=\"og:description\" content=\"Entreprise de nettoyage de votre logement ou de vos locaux \u00e0 Vuadens. Notre soci\u00e9t\u00e9 est compos\u00e9e d&rsquo;experts qui s&rsquo;appliquent \u00e0 fournir des services de nettoyage de la meilleure qualit\u00e9 possible. Pourquoi choisir notre entreprise ? Il est possible de r\u00e9server un rendez-vous avec notre entreprise aujourd&rsquo;hui. Nous utilisons les derni\u00e8res techniques de nettoyage. L&rsquo;entretien est [&hellip;]\" \/>\n<meta property=\"og:url\" content=\"https:\/\/www.artisanlocal.ch\/c\/nettoyage-de-bureaux-et-dhebergements-a-vuadens\/\" \/>\n<meta property=\"og:site_name\" content=\"Artisanlocal\" \/>\n<meta property=\"article:modified_time\" content=\"2025-08-26T23:34:10+00:00\" \/>\n<meta property=\"og:image\" content=\"https:\/\/www.artisanlocal.ch\/c\/wp-content\/uploads\/2024\/10\/agent-proprete.jpg\" \/>\n\t<meta property=\"og:image:width\" content=\"1920\" \/>\n\t<meta property=\"og:image:height\" content=\"300\" \/>\n\t<meta property=\"og:image:type\" content=\"image\/jpeg\" \/>\n<meta name=\"twitter:card\" content=\"summary_large_image\" \/>\n<meta name=\"twitter:label1\" content=\"Dur\u00e9e de lecture estim\u00e9e\" \/>\n\t<meta name=\"twitter:data1\" content=\"5 minutes\" \/>\n<script type=\"application\/ld+json\" class=\"yoast-schema-graph\">{\"@context\":\"https:\\\/\\\/schema.org\",\"@graph\":[{\"@type\":\"WebPage\",\"@id\":\"https:\\\/\\\/www.artisanlocal.ch\\\/c\\\/nettoyage-de-bureaux-et-dhebergements-a-vuadens\\\/\",\"url\":\"https:\\\/\\\/www.artisanlocal.ch\\\/c\\\/nettoyage-de-bureaux-et-dhebergements-a-vuadens\\\/\",\"name\":\"Entreprise de nettoyage \u00e0 Vuadens - Artisanlocal\",\"isPartOf\":{\"@id\":\"https:\\\/\\\/www.artisanlocal.ch\\\/c\\\/#website\"},\"primaryImageOfPage\":{\"@id\":\"https:\\\/\\\/www.artisanlocal.ch\\\/c\\\/nettoyage-de-bureaux-et-dhebergements-a-vuadens\\\/#primaryimage\"},\"image\":{\"@id\":\"https:\\\/\\\/www.artisanlocal.ch\\\/c\\\/nettoyage-de-bureaux-et-dhebergements-a-vuadens\\\/#primaryimage\"},\"thumbnailUrl\":\"https:\\\/\\\/www.artisanlocal.ch\\\/c\\\/wp-content\\\/uploads\\\/2024\\\/10\\\/agent-proprete.jpg\",\"datePublished\":\"2024-04-16T16:38:11+00:00\",\"dateModified\":\"2025-08-26T23:34:10+00:00\",\"breadcrumb\":{\"@id\":\"https:\\\/\\\/www.artisanlocal.ch\\\/c\\\/nettoyage-de-bureaux-et-dhebergements-a-vuadens\\\/#breadcrumb\"},\"inLanguage\":\"fr-FR\",\"potentialAction\":[{\"@type\":\"ReadAction\",\"target\":[\"https:\\\/\\\/www.artisanlocal.ch\\\/c\\\/nettoyage-de-bureaux-et-dhebergements-a-vuadens\\\/\"]}]},{\"@type\":\"ImageObject\",\"inLanguage\":\"fr-FR\",\"@id\":\"https:\\\/\\\/www.artisanlocal.ch\\\/c\\\/nettoyage-de-bureaux-et-dhebergements-a-vuadens\\\/#primaryimage\",\"url\":\"https:\\\/\\\/www.artisanlocal.ch\\\/c\\\/wp-content\\\/uploads\\\/2024\\\/10\\\/agent-proprete.jpg\",\"contentUrl\":\"https:\\\/\\\/www.artisanlocal.ch\\\/c\\\/wp-content\\\/uploads\\\/2024\\\/10\\\/agent-proprete.jpg\",\"width\":1920,\"height\":300},{\"@type\":\"BreadcrumbList\",\"@id\":\"https:\\\/\\\/www.artisanlocal.ch\\\/c\\\/nettoyage-de-bureaux-et-dhebergements-a-vuadens\\\/#breadcrumb\",\"itemListElement\":[{\"@type\":\"ListItem\",\"position\":1,\"name\":\"Accueil\",\"item\":\"https:\\\/\\\/www.artisanlocal.ch\\\/c\\\/\"},{\"@type\":\"ListItem\",\"position\":2,\"name\":\"Entreprise de nettoyage \u00e0 Vuadens\"}]},{\"@type\":\"WebSite\",\"@id\":\"https:\\\/\\\/www.artisanlocal.ch\\\/c\\\/#website\",\"url\":\"https:\\\/\\\/www.artisanlocal.ch\\\/c\\\/\",\"name\":\"Artisanlocal\",\"description\":\"\",\"publisher\":{\"@id\":\"https:\\\/\\\/www.artisanlocal.ch\\\/c\\\/#organization\"},\"potentialAction\":[{\"@type\":\"SearchAction\",\"target\":{\"@type\":\"EntryPoint\",\"urlTemplate\":\"https:\\\/\\\/www.artisanlocal.ch\\\/c\\\/?s={search_term_string}\"},\"query-input\":{\"@type\":\"PropertyValueSpecification\",\"valueRequired\":true,\"valueName\":\"search_term_string\"}}],\"inLanguage\":\"fr-FR\"},{\"@type\":\"Organization\",\"@id\":\"https:\\\/\\\/www.artisanlocal.ch\\\/c\\\/#organization\",\"name\":\"Artisanlocal\",\"url\":\"https:\\\/\\\/www.artisanlocal.ch\\\/c\\\/\",\"logo\":{\"@type\":\"ImageObject\",\"inLanguage\":\"fr-FR\",\"@id\":\"https:\\\/\\\/www.artisanlocal.ch\\\/c\\\/#\\\/schema\\\/logo\\\/image\\\/\",\"url\":\"https:\\\/\\\/www.artisanlocal.ch\\\/c\\\/wp-content\\\/uploads\\\/2024\\\/02\\\/logo-artisanlocal-h.svg\",\"contentUrl\":\"https:\\\/\\\/www.artisanlocal.ch\\\/c\\\/wp-content\\\/uploads\\\/2024\\\/02\\\/logo-artisanlocal-h.svg\",\"caption\":\"Artisanlocal\"},\"image\":{\"@id\":\"https:\\\/\\\/www.artisanlocal.ch\\\/c\\\/#\\\/schema\\\/logo\\\/image\\\/\"}}]}<\/script>\n<!-- \/ Yoast SEO Premium plugin. -->","yoast_head_json":{"title":"Entreprise de nettoyage \u00e0 Vuadens - Artisanlocal","robots":{"index":"index","follow":"follow","max-snippet":"max-snippet:-1","max-image-preview":"max-image-preview:large","max-video-preview":"max-video-preview:-1"},"canonical":"https:\/\/www.artisanlocal.ch\/c\/nettoyage-de-bureaux-et-dhebergements-a-vuadens\/","og_locale":"fr_FR","og_type":"article","og_title":"Entreprise de nettoyage \u00e0 Vuadens","og_description":"Entreprise de nettoyage de votre logement ou de vos locaux \u00e0 Vuadens. Notre soci\u00e9t\u00e9 est compos\u00e9e d&rsquo;experts qui s&rsquo;appliquent \u00e0 fournir des services de nettoyage de la meilleure qualit\u00e9 possible. Pourquoi choisir notre entreprise ? Il est possible de r\u00e9server un rendez-vous avec notre entreprise aujourd&rsquo;hui. Nous utilisons les derni\u00e8res techniques de nettoyage. L&rsquo;entretien est [&hellip;]","og_url":"https:\/\/www.artisanlocal.ch\/c\/nettoyage-de-bureaux-et-dhebergements-a-vuadens\/","og_site_name":"Artisanlocal","article_modified_time":"2025-08-26T23:34:10+00:00","og_image":[{"width":1920,"height":300,"url":"https:\/\/www.artisanlocal.ch\/c\/wp-content\/uploads\/2024\/10\/agent-proprete.jpg","type":"image\/jpeg"}],"twitter_card":"summary_large_image","twitter_misc":{"Dur\u00e9e de lecture estim\u00e9e":"5 minutes"},"schema":{"@context":"https:\/\/schema.org","@graph":[{"@type":"WebPage","@id":"https:\/\/www.artisanlocal.ch\/c\/nettoyage-de-bureaux-et-dhebergements-a-vuadens\/","url":"https:\/\/www.artisanlocal.ch\/c\/nettoyage-de-bureaux-et-dhebergements-a-vuadens\/","name":"Entreprise de nettoyage \u00e0 Vuadens - Artisanlocal","isPartOf":{"@id":"https:\/\/www.artisanlocal.ch\/c\/#website"},"primaryImageOfPage":{"@id":"https:\/\/www.artisanlocal.ch\/c\/nettoyage-de-bureaux-et-dhebergements-a-vuadens\/#primaryimage"},"image":{"@id":"https:\/\/www.artisanlocal.ch\/c\/nettoyage-de-bureaux-et-dhebergements-a-vuadens\/#primaryimage"},"thumbnailUrl":"https:\/\/www.artisanlocal.ch\/c\/wp-content\/uploads\/2024\/10\/agent-proprete.jpg","datePublished":"2024-04-16T16:38:11+00:00","dateModified":"2025-08-26T23:34:10+00:00","breadcrumb":{"@id":"https:\/\/www.artisanlocal.ch\/c\/nettoyage-de-bureaux-et-dhebergements-a-vuadens\/#breadcrumb"},"inLanguage":"fr-FR","potentialAction":[{"@type":"ReadAction","target":["https:\/\/www.artisanlocal.ch\/c\/nettoyage-de-bureaux-et-dhebergements-a-vuadens\/"]}]},{"@type":"ImageObject","inLanguage":"fr-FR","@id":"https:\/\/www.artisanlocal.ch\/c\/nettoyage-de-bureaux-et-dhebergements-a-vuadens\/#primaryimage","url":"https:\/\/www.artisanlocal.ch\/c\/wp-content\/uploads\/2024\/10\/agent-proprete.jpg","contentUrl":"https:\/\/www.artisanlocal.ch\/c\/wp-content\/uploads\/2024\/10\/agent-proprete.jpg","width":1920,"height":300},{"@type":"BreadcrumbList","@id":"https:\/\/www.artisanlocal.ch\/c\/nettoyage-de-bureaux-et-dhebergements-a-vuadens\/#breadcrumb","itemListElement":[{"@type":"ListItem","position":1,"name":"Accueil","item":"https:\/\/www.artisanlocal.ch\/c\/"},{"@type":"ListItem","position":2,"name":"Entreprise de nettoyage \u00e0 Vuadens"}]},{"@type":"WebSite","@id":"https:\/\/www.artisanlocal.ch\/c\/#website","url":"https:\/\/www.artisanlocal.ch\/c\/","name":"Artisanlocal","description":"","publisher":{"@id":"https:\/\/www.artisanlocal.ch\/c\/#organization"},"potentialAction":[{"@type":"SearchAction","target":{"@type":"EntryPoint","urlTemplate":"https:\/\/www.artisanlocal.ch\/c\/?s={search_term_string}"},"query-input":{"@type":"PropertyValueSpecification","valueRequired":true,"valueName":"search_term_string"}}],"inLanguage":"fr-FR"},{"@type":"Organization","@id":"https:\/\/www.artisanlocal.ch\/c\/#organization","name":"Artisanlocal","url":"https:\/\/www.artisanlocal.ch\/c\/","logo":{"@type":"ImageObject","inLanguage":"fr-FR","@id":"https:\/\/www.artisanlocal.ch\/c\/#\/schema\/logo\/image\/","url":"https:\/\/www.artisanlocal.ch\/c\/wp-content\/uploads\/2024\/02\/logo-artisanlocal-h.svg","contentUrl":"https:\/\/www.artisanlocal.ch\/c\/wp-content\/uploads\/2024\/02\/logo-artisanlocal-h.svg","caption":"Artisanlocal"},"image":{"@id":"https:\/\/www.artisanlocal.ch\/c\/#\/schema\/logo\/image\/"}}]}},"_links":{"self":[{"href":"https:\/\/www.artisanlocal.ch\/c\/wp-json\/wp\/v2\/pages\/389","targetHints":{"allow":["GET"]}}],"collection":[{"href":"https:\/\/www.artisanlocal.ch\/c\/wp-json\/wp\/v2\/pages"}],"about":[{"href":"https:\/\/www.artisanlocal.ch\/c\/wp-json\/wp\/v2\/types\/page"}],"author":[{"embeddable":true,"href":"https:\/\/www.artisanlocal.ch\/c\/wp-json\/wp\/v2\/users\/4"}],"replies":[{"embeddable":true,"href":"https:\/\/www.artisanlocal.ch\/c\/wp-json\/wp\/v2\/comments?post=389"}],"version-history":[{"count":0,"href":"https:\/\/www.artisanlocal.ch\/c\/wp-json\/wp\/v2\/pages\/389\/revisions"}],"wp:featuredmedia":[{"embeddable":true,"href":"https:\/\/www.artisanlocal.ch\/c\/wp-json\/wp\/v2\/media\/2754"}],"wp:attachment":[{"href":"https:\/\/www.artisanlocal.ch\/c\/wp-json\/wp\/v2\/media?parent=389"}],"wp:term":[{"taxonomy":"profession","embeddable":true,"href":"https:\/\/www.artisanlocal.ch\/c\/wp-json\/wp\/v2\/profession?post=389"},{"taxonomy":"location","embeddable":true,"href":"https:\/\/www.artisanlocal.ch\/c\/wp-json\/wp\/v2\/location?post=389"},{"taxonomy":"canton","embeddable":true,"href":"https:\/\/www.artisanlocal.ch\/c\/wp-json\/wp\/v2\/canton?post=389"}],"curies":[{"name":"wp","href":"https:\/\/api.w.org\/{rel}","templated":true}]}}