{"id":390,"date":"2024-04-16T18:38:11","date_gmt":"2024-04-16T16:38:11","guid":{"rendered":"https:\/\/www.artisanlocal.ch\/c\/nettoyage-de-bureaux-et-dhabitats-a-bulle\/"},"modified":"2025-08-27T01:34:09","modified_gmt":"2025-08-26T23:34:09","slug":"nettoyage-de-bureaux-et-dhabitats-a-bulle","status":"publish","type":"page","link":"https:\/\/www.artisanlocal.ch\/c\/nettoyage-de-bureaux-et-dhabitats-a-bulle\/","title":{"rendered":"Entreprise de Nettoyage \u00e0 Bulle"},"content":{"rendered":"<p>Vous cherchez une entreprise de nettoyage \u00e0 Bulle pour votre maison, appartement ou vos bureaux ? Artisanlocal propose des prestations sur mesure, r\u00e9alis\u00e9es par des professionnels qualifi\u00e9s et \u00e9quip\u00e9s de produits respectueux de l\u2019environnement. Que ce soit pour un m\u00e9nage ponctuel, un nettoyage de fin de bail ou un entretien r\u00e9gulier, notre \u00e9quipe intervient rapidement dans la ville de Bulle et dans ses environs.<br \/>\n\r\n<div class=\"box\">\r\n            <div class=\"company-info\">\r\n            <img decoding=\"async\" class=\"company-info__logo\" src=\"https:\/\/www.artisanlocal.ch\/media\/cache\/thumb\/images\/companies\/69a170556779c209585884.png\" alt=\"Logo\">\r\n            <h2 class=\"company-info__name\">A. Nettoyage<\/h2>\r\n            <p class=\"company-info__business\">Entreprise de nettoyage - Conciergerie - Entretien d'immeubles - Nettoyage de fin de chantier \/ fin de bail - Nettoyage de bureaux<\/p>\r\n        <\/div>\r\n        <div class=\"company-contact\">\r\n            <p class=\"company-info__address\">Rue de la Sionge 6<\/p>\r\n                            <div class=\"links\">\r\n                                            <a class=\"btn has-accent-background-color js-phoneNumber\" href=\"tel:0779461076\" title=\"Appelez\" data-id=\"25353\" data-type=\"11\">077 946 10 76<\/a>\r\n                                                        <\/div>\r\n                    <\/div>\r\n    \r\n            \r\n<form action=\"https:\/\/www.artisanlocal.ch\/c\/wp-admin\/admin-ajax.php\" method=\"post\" class=\"form-contact\" id=\"artisan_form_contact_company_inline\">\r\n    <div><input type=\"hidden\" name=\"action\" value=\"company_contact\"><\/div>\r\n    <div><input type=\"hidden\" name=\"nonce\" value=\"086cf01f96\"><\/div>\r\n    <div><input type=\"hidden\" name=\"company_id\" value=\"25353\"><\/div>\r\n    <div><input type=\"hidden\" name=\"form_id\" value=\"artisan_form_contact_company_inline\"><\/div>\r\n    <div class=\"gglcptch gglcptch_v3 gglcptch_custom\"><input type=\"hidden\" id=\"g-recaptcha-response\" name=\"g-recaptcha-response\" \/><br \/><div class=\"gglcptch_error_text\">La p\u00e9riode de v\u00e9rification reCAPTCHA a expir\u00e9. Veuillez recharger la page.<\/div><\/div>    <div class=\"form-content\">\r\n        <div class=\"form-group\">\r\n            <label for=\"contact_firstName\" class=\"required\">Pr\u00e9nom<\/label>\r\n            <input type=\"text\" name=\"firstName\" class=\"form-control\" required>\r\n        <\/div>\r\n        <div class=\"form-group\">\r\n            <label for=\"contact_lastName\" class=\"required\">Nom<\/label>\r\n            <input type=\"text\" name=\"lastName\" class=\"form-control\" required>\r\n        <\/div>\r\n        <div class=\"form-group\">\r\n            <label for=\"contact_email\" class=\"required\">Email<\/label>\r\n            <input type=\"email\" name=\"email\" class=\"form-control\" required>\r\n        <\/div>\r\n        <div class=\"form-group\">\r\n            <label for=\"contact_phone\" class=\"required\">Num\u00e9ro de t\u00e9l\u00e9phone<\/label>\r\n            <input type=\"tel\" name=\"phone\" class=\"form-control\" placeholder=\"0787117165\" pattern=\"^[0-9]{10}$\" required>\r\n        <\/div>\r\n        <div class=\"form-group\">\r\n            <label for=\"contact_postalCode\" class=\"required\">Code postal et localit\u00e9<\/label>\r\n            <input type=\"text\" name=\"postalCode\" class=\"form-control\" required>\r\n        <\/div>\r\n        <div class=\"form-group\">\r\n            <label for=\"contact_address\" class=\"required\">Adresse<\/label>\r\n            <input type=\"text\" name=\"address\" class=\"form-control\" required>\r\n        <\/div>\r\n        <div class=\"full-width topic\">\r\n            <p class=\"required\">Je souhaite \u00eatre contact\u00e9 pour :<\/p>\r\n            <div class=\"form-check\">\r\n                <input type=\"radio\" name=\"topic\" value=\"D\u00e9pannage\" class=\"form-control\" required>\r\n                <label for=\"d\u00e9pannage\">D\u00e9pannage<\/label>\r\n            <\/div>\r\n            <div class=\"form-check\">\r\n                <input type=\"radio\" name=\"topic\" value=\"Entretien\" class=\"form-control\" required>\r\n                <label for=\"entretien\">Entretien<\/label>\r\n            <\/div>\r\n            <div class=\"form-check\">\r\n                <input type=\"radio\" name=\"topic\" value=\"R\u00e9novation\" class=\"form-control\" required>\r\n                <label for=\"r\u00e9novation\">R\u00e9novation<\/label>\r\n            <\/div>\r\n            <div class=\"form-check\">\r\n                <input type=\"radio\" name=\"topic\" value=\"Autre\" class=\"form-control\" required>\r\n                <label for=\"autre\">Autre<\/label>\r\n            <\/div>\r\n        <\/div>\r\n        <div class=\"form-group full-width\">\r\n            <label for=\"contact_message\">Message<\/label>\r\n            <textarea name=\"message\" rows=\"3\" class=\"form-control\"><\/textarea>\r\n        <\/div>\r\n    <\/div>\r\n    <div class=\"form-actions\">\r\n        <button class=\"wp-block-button__link has-accent-background-color\">Contacter<\/button>\r\n    <\/div>\r\n<\/form>\r\n<div class=\"form-feedback\"><\/div>    <\/div><\/p>\n<h2>Pourquoi travailler avec notre soci\u00e9t\u00e9 ?<\/h2>\n<ul>\n<li>Il est facile de r\u00e9server un rendez-vous avec notre entreprise d\u00e8s aujourd&rsquo;hui.<\/li>\n<li>Nos artisans sont form\u00e9s avec les derni\u00e8res m\u00e9thodes.<\/li>\n<li>Le nettoyage est effectu\u00e9 avec des produits respectueux de l&rsquo;environnement.<\/li>\n<li>Nous fournissons des devis gratuits.<\/li>\n<\/ul>\n<h2>Services de nettoyage \u00e0 Bulle<\/h2>\n<p>Nous proposons une gamme de services de nettoyage sur mesure \u00e0 Bulle pour r\u00e9pondre aux besoins de nos clients.<\/p>\n<p>Dans le cas d&rsquo;un nettoyage en profondeur, d\u2019un m\u00e9nage ponctuel ou d&rsquo;un entretien continu, nous pouvons cr\u00e9er des solutions adapt\u00e9es \u00e0 vos besoins, voici les services que nous r\u00e9alisons le plus souvent \u00e0 Bulle :<\/p>\n<ul>\n<li>Nettoyage pour les locations courtes, comme Airbnb,<\/li>\n<li>nettoyage de logements,<\/li>\n<li>entretien d&rsquo;appareils \u00e9lectrom\u00e9nagers,<\/li>\n<li>nettoyage de balcon,<\/li>\n<li>nettoyage de sous-sols,<\/li>\n<li>assainissement des surfaces pour lutter contre les virus comme la Covid,<\/li>\n<li>nettoyage de la vaisselle,<\/li>\n<li>nettoyage des salles de sports,<\/li>\n<li>lavage des sols,<\/li>\n<li>nettoyage sanitaire en milieu m\u00e9dical,<\/li>\n<li>m\u00e9nage et nettoyage apr\u00e8s un changement de logement,<\/li>\n<li>nettoyage de bureaux,<\/li>\n<li>service de propret\u00e9 apr\u00e8s travaux de r\u00e9novation,<\/li>\n<li>m\u00e9nage de salles de bains,<\/li>\n<li>nettoyage des commerces de proximit\u00e9,<\/li>\n<li>service de m\u00e9nage et entretien des \u00e9tablissements scolaires,<\/li>\n<li>nettoyage de vitres.<\/li>\n<\/ul>\n<h2>Une entreprise Helv\u00e9tique de confiance<\/h2>\n<h3>Service de nettoyage d&rsquo;appartement \u00e0 Bulle<\/h3>\n<p>Si vous vivez \u00e0 Bulle, nous pouvons effectuer le m\u00e9nage de votre appartement avant l&rsquo;\u00e9tat des lieux.<\/p>\n<p>Il faut savoir que si le nettoyage int\u00e9rieur de l&rsquo;appartement n&rsquo;est pas effectu\u00e9 de mani\u00e8re satisfaisante, le propri\u00e9taire peut faire appel \u00e0 une entreprise de service de nettoyage et retenir une part de votre d\u00e9p\u00f4t de garantie.<\/p>\n<p>Ce nettoyage avant l&rsquo;\u00e9tat des lieux comprend les prestations suivantes :<\/p>\n<p>&#8211; L&rsquo;entretien des surfaces : murs, sols, moquettes, parquets et carrelages.<\/p>\n<p>&#8211; Service de nettoyage des vitres et des fen\u00eatres.<\/p>\n<p>&#8211; Le nettoyage de la salle d&rsquo;eau et des WC.<\/p>\n<p>&#8211; Le nettoyage de l&rsquo;espace de cuisson et du syst\u00e8me de ventilation du coin cuisine.<\/p>\n<p>&#8211; Le d\u00e9poussi\u00e9rage des meubles.<\/p>\n<h3>Vous d\u00e9sirez un nettoyage fr\u00e9quent de votre logement\u202f?<\/h3>\n<p>Notre entreprise vous propose des solutions adapt\u00e9es \u00e0 vos attentes, avec des interventions chaque semaine, bihebdomadaires ou mensuelles.<\/p>\n<h3>Service pour un m\u00e9nage m\u00e9ticuleux de votre maison \u00e0 Bulle<\/h3>\n<p>Artisanlocal propose des services pour nettoyer en profondeur votre villa ou votre studio, en compl\u00e9ment de notre service de nettoyage standard.<\/p>\n<h3>Quels sont les avantages d\u2019un m\u00e9nage approfondi avec Artisanlocal ?<\/h3>\n<p>L\u2019avantage principal d&rsquo;un m\u00e9nage approfondi est d&rsquo;enlever la salet\u00e9, la poussi\u00e8re et la crasse qui se sont entass\u00e9es avec le temps, pour rendre votre domicile plus sain. Un grand nettoyage est un bon moyen d&rsquo;\u00e9liminer les mauvaises odeurs.<\/p>\n<h3>Service de m\u00e9nage de bureaux \u00e0 Bulle<\/h3>\n<p>S&rsquo;adresser \u00e0 Artisanlocal pour le m\u00e9nage de vos bureaux est la meilleure solution. Vous ferez des \u00e9conomies de temps et d&rsquo;\u00e9nergie ! Nous proposons des contrats de nettoyage personnalis\u00e9s pour vos locaux, ils sont adapt\u00e9s selon vos besoins et vos moyens. Nous proposons des services, de :<\/p>\n<ul>\n<li>Nettoyage de vos moquettes et des fen\u00eatres.<\/li>\n<li>Entretien du mobilier de bureau en cuir ou tissu (des chaises, des locaux professionnels, des divans).<\/li>\n<li>Enl\u00e8vement des poubelles.<\/li>\n<li>Nettoyage des poussi\u00e8res.<\/li>\n<li>Nettoyage des parquets et utilisation de l&rsquo;aspirateur.<\/li>\n<\/ul>\n<h3>Service de nettoyage de maison \u00e0 Bulle<\/h3>\n<p>Pour garantir que votre maison soit tout le temps propre, il faut un nettoyage quotidien. N\u00e9anmoins, un emploi du temps surcharg\u00e9 peut rendre cette t\u00e2che compliqu\u00e9e \u00e0 r\u00e9aliser, voire irr\u00e9alisable.<\/p>\n<h2>Pourquoi faire appel \u00e0 notre entreprise pour nettoyer votre logement \u00e0 Bulle ?<\/h2>\n<p>Si vous \u00eates un Bullois, vous avez peut-\u00eatre des probl\u00e8mes \u00e0 garder votre int\u00e9rieur bien entretenu. Avec nos servives, vous avez la possibilit\u00e9 de :<\/p>\n<h3>Mieux contr\u00f4ler votre espace<\/h3>\n<p>Un habitat en d\u00e9sordre peut \u00eatre une source de probl\u00e8mes (perte de temps, disputes avec son conjoint, etc.). Artisanlocal.ch, vous propose des services de nettoyage d&rsquo;int\u00e9rieur pour les maisons et appartements. Dans le but de :<\/p>\n<h3>Cr\u00e9er une ambiance plus accueillante<\/h3>\n<p>Effectivement, une maison bien rang\u00e9e permet \u00e0 vos invit\u00e9s de vous sentir mieux.<\/p>\n<h3>Rester en bonne sant\u00e9 et heureux<\/h3>\n<p>Ne pas retirer la poussi\u00e8re et la salet\u00e9 dans votre habitation peut pr\u00e9senter des dangers pour la sant\u00e9, comme d\u00e9clencher des r\u00e9actions allergiques ou augmenter celles d\u00e9j\u00e0 pr\u00e9sentes. En engageant une entreprise de nettoyage, vous r\u00e9duisez le risque d&rsquo;allergies.<\/p>\n<h3>Optimiser l&rsquo;organisation g\u00e9n\u00e9rale de votre propri\u00e9t\u00e9<\/h3>\n<p>Il est commun d&rsquo;avoir son int\u00e9rieur mal rang\u00e9, ce qui peut \u00eatre une source de stress. Notre service de m\u00e9nage peut s&rsquo;av\u00e9rer utile pour conserver votre maison bien ordonn\u00e9e. D&rsquo;autre part, nous pouvons aussi intervenir \u00e0 : Maules, S\u00e2les (Gruy\u00e8re), Romanens, Rueyres-Treyfayes, Treyfayes, Vaulruz, Vuadens, Riaz, Marsens, Vuippens, La Roche FR, La Tour-de-Tr\u00eame, Broc, Charmey (Gruy\u00e8re), Morlon, Sorens, Gumefens, Avry-devant-Pont, Le Bry, Echarlens, Corbi\u00e8res, Hauteville, Pont-la-Ville, Villarvolard, Botterens, Villarbeney, Ch\u00e2tel-sur-Montsalvens, Cr\u00e9suz, Im Fang, Jaun, Abl\u00e4ndschen, Le P\u00e2quier-Montbarry, Epagny, Gruy\u00e8res, Mol\u00e9son-sur-Gruy\u00e8res, Pringy, Estavannens, Grandvillard, Villars-sous-Mont, Enney, Albeuve, Lessoc, Montbovon, Neirivue, Les Sciernes-d'Albeuve.<\/p>\n","protected":false},"excerpt":{"rendered":"<p>Vous cherchez une entreprise de nettoyage \u00e0 Bulle pour votre maison, appartement ou vos bureaux ? Artisanlocal propose des prestations sur mesure, r\u00e9alis\u00e9es par des professionnels qualifi\u00e9s et \u00e9quip\u00e9s de produits respectueux de l\u2019environnement. Que ce soit pour un m\u00e9nage ponctuel, un nettoyage de fin de bail ou un entretien r\u00e9gulier, notre \u00e9quipe intervient rapidement [&hellip;]<\/p>\n","protected":false},"author":4,"featured_media":2754,"parent":0,"menu_order":0,"comment_status":"closed","ping_status":"closed","template":"","meta":{"footnotes":""},"profession":[108],"location":[58],"canton":[109],"class_list":["post-390","page","type-page","status-publish","has-post-thumbnail","hentry","profession-agent-de-proprete","location-bulle","canton-fr"],"yoast_head":"<!-- This site is optimized with the Yoast SEO Premium plugin v25.7.1 (Yoast SEO v27.3) - https:\/\/yoast.com\/product\/yoast-seo-premium-wordpress\/ -->\n<title>Entreprise de Nettoyage \u00e0 Bulle - Artisanlocal<\/title>\n<meta name=\"robots\" content=\"index, follow, max-snippet:-1, max-image-preview:large, max-video-preview:-1\" \/>\n<link rel=\"canonical\" href=\"https:\/\/www.artisanlocal.ch\/c\/nettoyage-de-bureaux-et-dhabitats-a-bulle\/\" \/>\n<meta property=\"og:locale\" content=\"fr_FR\" \/>\n<meta property=\"og:type\" content=\"article\" \/>\n<meta property=\"og:title\" content=\"Entreprise de Nettoyage \u00e0 Bulle\" \/>\n<meta property=\"og:description\" content=\"Vous cherchez une entreprise de nettoyage \u00e0 Bulle pour votre maison, appartement ou vos bureaux ? Artisanlocal propose des prestations sur mesure, r\u00e9alis\u00e9es par des professionnels qualifi\u00e9s et \u00e9quip\u00e9s de produits respectueux de l\u2019environnement. Que ce soit pour un m\u00e9nage ponctuel, un nettoyage de fin de bail ou un entretien r\u00e9gulier, notre \u00e9quipe intervient rapidement [&hellip;]\" \/>\n<meta property=\"og:url\" content=\"https:\/\/www.artisanlocal.ch\/c\/nettoyage-de-bureaux-et-dhabitats-a-bulle\/\" \/>\n<meta property=\"og:site_name\" content=\"Artisanlocal\" \/>\n<meta property=\"article:modified_time\" content=\"2025-08-26T23:34:09+00:00\" \/>\n<meta property=\"og:image\" content=\"https:\/\/www.artisanlocal.ch\/c\/wp-content\/uploads\/2024\/10\/agent-proprete.jpg\" \/>\n\t<meta property=\"og:image:width\" content=\"1920\" \/>\n\t<meta property=\"og:image:height\" content=\"300\" \/>\n\t<meta property=\"og:image:type\" content=\"image\/jpeg\" \/>\n<meta name=\"twitter:card\" content=\"summary_large_image\" \/>\n<meta name=\"twitter:label1\" content=\"Dur\u00e9e de lecture estim\u00e9e\" \/>\n\t<meta name=\"twitter:data1\" content=\"5 minutes\" \/>\n<script type=\"application\/ld+json\" class=\"yoast-schema-graph\">{\"@context\":\"https:\\\/\\\/schema.org\",\"@graph\":[{\"@type\":\"WebPage\",\"@id\":\"https:\\\/\\\/www.artisanlocal.ch\\\/c\\\/nettoyage-de-bureaux-et-dhabitats-a-bulle\\\/\",\"url\":\"https:\\\/\\\/www.artisanlocal.ch\\\/c\\\/nettoyage-de-bureaux-et-dhabitats-a-bulle\\\/\",\"name\":\"Entreprise de Nettoyage \u00e0 Bulle - Artisanlocal\",\"isPartOf\":{\"@id\":\"https:\\\/\\\/www.artisanlocal.ch\\\/c\\\/#website\"},\"primaryImageOfPage\":{\"@id\":\"https:\\\/\\\/www.artisanlocal.ch\\\/c\\\/nettoyage-de-bureaux-et-dhabitats-a-bulle\\\/#primaryimage\"},\"image\":{\"@id\":\"https:\\\/\\\/www.artisanlocal.ch\\\/c\\\/nettoyage-de-bureaux-et-dhabitats-a-bulle\\\/#primaryimage\"},\"thumbnailUrl\":\"https:\\\/\\\/www.artisanlocal.ch\\\/c\\\/wp-content\\\/uploads\\\/2024\\\/10\\\/agent-proprete.jpg\",\"datePublished\":\"2024-04-16T16:38:11+00:00\",\"dateModified\":\"2025-08-26T23:34:09+00:00\",\"breadcrumb\":{\"@id\":\"https:\\\/\\\/www.artisanlocal.ch\\\/c\\\/nettoyage-de-bureaux-et-dhabitats-a-bulle\\\/#breadcrumb\"},\"inLanguage\":\"fr-FR\",\"potentialAction\":[{\"@type\":\"ReadAction\",\"target\":[\"https:\\\/\\\/www.artisanlocal.ch\\\/c\\\/nettoyage-de-bureaux-et-dhabitats-a-bulle\\\/\"]}]},{\"@type\":\"ImageObject\",\"inLanguage\":\"fr-FR\",\"@id\":\"https:\\\/\\\/www.artisanlocal.ch\\\/c\\\/nettoyage-de-bureaux-et-dhabitats-a-bulle\\\/#primaryimage\",\"url\":\"https:\\\/\\\/www.artisanlocal.ch\\\/c\\\/wp-content\\\/uploads\\\/2024\\\/10\\\/agent-proprete.jpg\",\"contentUrl\":\"https:\\\/\\\/www.artisanlocal.ch\\\/c\\\/wp-content\\\/uploads\\\/2024\\\/10\\\/agent-proprete.jpg\",\"width\":1920,\"height\":300},{\"@type\":\"BreadcrumbList\",\"@id\":\"https:\\\/\\\/www.artisanlocal.ch\\\/c\\\/nettoyage-de-bureaux-et-dhabitats-a-bulle\\\/#breadcrumb\",\"itemListElement\":[{\"@type\":\"ListItem\",\"position\":1,\"name\":\"Accueil\",\"item\":\"https:\\\/\\\/www.artisanlocal.ch\\\/c\\\/\"},{\"@type\":\"ListItem\",\"position\":2,\"name\":\"Entreprise de Nettoyage \u00e0 Bulle\"}]},{\"@type\":\"WebSite\",\"@id\":\"https:\\\/\\\/www.artisanlocal.ch\\\/c\\\/#website\",\"url\":\"https:\\\/\\\/www.artisanlocal.ch\\\/c\\\/\",\"name\":\"Artisanlocal\",\"description\":\"\",\"publisher\":{\"@id\":\"https:\\\/\\\/www.artisanlocal.ch\\\/c\\\/#organization\"},\"potentialAction\":[{\"@type\":\"SearchAction\",\"target\":{\"@type\":\"EntryPoint\",\"urlTemplate\":\"https:\\\/\\\/www.artisanlocal.ch\\\/c\\\/?s={search_term_string}\"},\"query-input\":{\"@type\":\"PropertyValueSpecification\",\"valueRequired\":true,\"valueName\":\"search_term_string\"}}],\"inLanguage\":\"fr-FR\"},{\"@type\":\"Organization\",\"@id\":\"https:\\\/\\\/www.artisanlocal.ch\\\/c\\\/#organization\",\"name\":\"Artisanlocal\",\"url\":\"https:\\\/\\\/www.artisanlocal.ch\\\/c\\\/\",\"logo\":{\"@type\":\"ImageObject\",\"inLanguage\":\"fr-FR\",\"@id\":\"https:\\\/\\\/www.artisanlocal.ch\\\/c\\\/#\\\/schema\\\/logo\\\/image\\\/\",\"url\":\"https:\\\/\\\/www.artisanlocal.ch\\\/c\\\/wp-content\\\/uploads\\\/2024\\\/02\\\/logo-artisanlocal-h.svg\",\"contentUrl\":\"https:\\\/\\\/www.artisanlocal.ch\\\/c\\\/wp-content\\\/uploads\\\/2024\\\/02\\\/logo-artisanlocal-h.svg\",\"caption\":\"Artisanlocal\"},\"image\":{\"@id\":\"https:\\\/\\\/www.artisanlocal.ch\\\/c\\\/#\\\/schema\\\/logo\\\/image\\\/\"}}]}<\/script>\n<!-- \/ Yoast SEO Premium plugin. -->","yoast_head_json":{"title":"Entreprise de Nettoyage \u00e0 Bulle - Artisanlocal","robots":{"index":"index","follow":"follow","max-snippet":"max-snippet:-1","max-image-preview":"max-image-preview:large","max-video-preview":"max-video-preview:-1"},"canonical":"https:\/\/www.artisanlocal.ch\/c\/nettoyage-de-bureaux-et-dhabitats-a-bulle\/","og_locale":"fr_FR","og_type":"article","og_title":"Entreprise de Nettoyage \u00e0 Bulle","og_description":"Vous cherchez une entreprise de nettoyage \u00e0 Bulle pour votre maison, appartement ou vos bureaux ? Artisanlocal propose des prestations sur mesure, r\u00e9alis\u00e9es par des professionnels qualifi\u00e9s et \u00e9quip\u00e9s de produits respectueux de l\u2019environnement. Que ce soit pour un m\u00e9nage ponctuel, un nettoyage de fin de bail ou un entretien r\u00e9gulier, notre \u00e9quipe intervient rapidement [&hellip;]","og_url":"https:\/\/www.artisanlocal.ch\/c\/nettoyage-de-bureaux-et-dhabitats-a-bulle\/","og_site_name":"Artisanlocal","article_modified_time":"2025-08-26T23:34:09+00:00","og_image":[{"width":1920,"height":300,"url":"https:\/\/www.artisanlocal.ch\/c\/wp-content\/uploads\/2024\/10\/agent-proprete.jpg","type":"image\/jpeg"}],"twitter_card":"summary_large_image","twitter_misc":{"Dur\u00e9e de lecture estim\u00e9e":"5 minutes"},"schema":{"@context":"https:\/\/schema.org","@graph":[{"@type":"WebPage","@id":"https:\/\/www.artisanlocal.ch\/c\/nettoyage-de-bureaux-et-dhabitats-a-bulle\/","url":"https:\/\/www.artisanlocal.ch\/c\/nettoyage-de-bureaux-et-dhabitats-a-bulle\/","name":"Entreprise de Nettoyage \u00e0 Bulle - Artisanlocal","isPartOf":{"@id":"https:\/\/www.artisanlocal.ch\/c\/#website"},"primaryImageOfPage":{"@id":"https:\/\/www.artisanlocal.ch\/c\/nettoyage-de-bureaux-et-dhabitats-a-bulle\/#primaryimage"},"image":{"@id":"https:\/\/www.artisanlocal.ch\/c\/nettoyage-de-bureaux-et-dhabitats-a-bulle\/#primaryimage"},"thumbnailUrl":"https:\/\/www.artisanlocal.ch\/c\/wp-content\/uploads\/2024\/10\/agent-proprete.jpg","datePublished":"2024-04-16T16:38:11+00:00","dateModified":"2025-08-26T23:34:09+00:00","breadcrumb":{"@id":"https:\/\/www.artisanlocal.ch\/c\/nettoyage-de-bureaux-et-dhabitats-a-bulle\/#breadcrumb"},"inLanguage":"fr-FR","potentialAction":[{"@type":"ReadAction","target":["https:\/\/www.artisanlocal.ch\/c\/nettoyage-de-bureaux-et-dhabitats-a-bulle\/"]}]},{"@type":"ImageObject","inLanguage":"fr-FR","@id":"https:\/\/www.artisanlocal.ch\/c\/nettoyage-de-bureaux-et-dhabitats-a-bulle\/#primaryimage","url":"https:\/\/www.artisanlocal.ch\/c\/wp-content\/uploads\/2024\/10\/agent-proprete.jpg","contentUrl":"https:\/\/www.artisanlocal.ch\/c\/wp-content\/uploads\/2024\/10\/agent-proprete.jpg","width":1920,"height":300},{"@type":"BreadcrumbList","@id":"https:\/\/www.artisanlocal.ch\/c\/nettoyage-de-bureaux-et-dhabitats-a-bulle\/#breadcrumb","itemListElement":[{"@type":"ListItem","position":1,"name":"Accueil","item":"https:\/\/www.artisanlocal.ch\/c\/"},{"@type":"ListItem","position":2,"name":"Entreprise de Nettoyage \u00e0 Bulle"}]},{"@type":"WebSite","@id":"https:\/\/www.artisanlocal.ch\/c\/#website","url":"https:\/\/www.artisanlocal.ch\/c\/","name":"Artisanlocal","description":"","publisher":{"@id":"https:\/\/www.artisanlocal.ch\/c\/#organization"},"potentialAction":[{"@type":"SearchAction","target":{"@type":"EntryPoint","urlTemplate":"https:\/\/www.artisanlocal.ch\/c\/?s={search_term_string}"},"query-input":{"@type":"PropertyValueSpecification","valueRequired":true,"valueName":"search_term_string"}}],"inLanguage":"fr-FR"},{"@type":"Organization","@id":"https:\/\/www.artisanlocal.ch\/c\/#organization","name":"Artisanlocal","url":"https:\/\/www.artisanlocal.ch\/c\/","logo":{"@type":"ImageObject","inLanguage":"fr-FR","@id":"https:\/\/www.artisanlocal.ch\/c\/#\/schema\/logo\/image\/","url":"https:\/\/www.artisanlocal.ch\/c\/wp-content\/uploads\/2024\/02\/logo-artisanlocal-h.svg","contentUrl":"https:\/\/www.artisanlocal.ch\/c\/wp-content\/uploads\/2024\/02\/logo-artisanlocal-h.svg","caption":"Artisanlocal"},"image":{"@id":"https:\/\/www.artisanlocal.ch\/c\/#\/schema\/logo\/image\/"}}]}},"_links":{"self":[{"href":"https:\/\/www.artisanlocal.ch\/c\/wp-json\/wp\/v2\/pages\/390","targetHints":{"allow":["GET"]}}],"collection":[{"href":"https:\/\/www.artisanlocal.ch\/c\/wp-json\/wp\/v2\/pages"}],"about":[{"href":"https:\/\/www.artisanlocal.ch\/c\/wp-json\/wp\/v2\/types\/page"}],"author":[{"embeddable":true,"href":"https:\/\/www.artisanlocal.ch\/c\/wp-json\/wp\/v2\/users\/4"}],"replies":[{"embeddable":true,"href":"https:\/\/www.artisanlocal.ch\/c\/wp-json\/wp\/v2\/comments?post=390"}],"version-history":[{"count":0,"href":"https:\/\/www.artisanlocal.ch\/c\/wp-json\/wp\/v2\/pages\/390\/revisions"}],"wp:featuredmedia":[{"embeddable":true,"href":"https:\/\/www.artisanlocal.ch\/c\/wp-json\/wp\/v2\/media\/2754"}],"wp:attachment":[{"href":"https:\/\/www.artisanlocal.ch\/c\/wp-json\/wp\/v2\/media?parent=390"}],"wp:term":[{"taxonomy":"profession","embeddable":true,"href":"https:\/\/www.artisanlocal.ch\/c\/wp-json\/wp\/v2\/profession?post=390"},{"taxonomy":"location","embeddable":true,"href":"https:\/\/www.artisanlocal.ch\/c\/wp-json\/wp\/v2\/location?post=390"},{"taxonomy":"canton","embeddable":true,"href":"https:\/\/www.artisanlocal.ch\/c\/wp-json\/wp\/v2\/canton?post=390"}],"curies":[{"name":"wp","href":"https:\/\/api.w.org\/{rel}","templated":true}]}}