{"id":392,"date":"2024-04-16T18:38:11","date_gmt":"2024-04-16T16:38:11","guid":{"rendered":"https:\/\/www.artisanlocal.ch\/c\/entreprise-de-nettoyage-professionnel-pour-domicile-et-bureau-a-romont\/"},"modified":"2025-08-27T01:34:08","modified_gmt":"2025-08-26T23:34:08","slug":"entreprise-de-nettoyage-professionnel-pour-domicile-et-bureau-a-romont","status":"publish","type":"page","link":"https:\/\/www.artisanlocal.ch\/c\/entreprise-de-nettoyage-professionnel-pour-domicile-et-bureau-a-romont\/","title":{"rendered":"Entreprise de nettoyage \u00e0 Romont FR"},"content":{"rendered":"<p>Nous proposons des services de nettoyage \u00e0 Romont FR pour les particuliers et les professionnels suisses. Notre \u00e9quipe d&rsquo;experts s&rsquo;efforce de vous apporter les meilleurs services possibles.<br \/>\n\r\n<div class=\"box\">\r\n            <div class=\"company-info\">\r\n            <img decoding=\"async\" class=\"company-info__logo\" src=\"https:\/\/www.artisanlocal.ch\/media\/cache\/thumb\/images\/companies\/6878cea20aa22929004892.png\" alt=\"Logo\">\r\n            <h2 class=\"company-info__name\">Clean and Safe S\u00e0rl<\/h2>\r\n            <p class=\"company-info__business\">Entreprise de nettoyage - Entretien - Nettoyage de b\u00e2timents, de fin de bail, de fin de chantier, etc<\/p>\r\n        <\/div>\r\n        <div class=\"company-contact\">\r\n            <p class=\"company-info__address\">Impasse du Pontonney 40<\/p>\r\n                            <div class=\"links\">\r\n                                            <a class=\"btn has-accent-background-color js-phoneNumber\" href=\"tel:0798929165\" title=\"Appelez\" data-id=\"26971\" data-type=\"11\">079 892 91 65<\/a>\r\n                                                                <a class=\"btn has-accent-background-color\" href=\"https:\/\/www.nettoyagecleanandsafe.ch\/\" target=\"_blank\" title=\"Voir le site internet\" data-id=\"26971\" data-type=\"20\">Site internet<\/a>\r\n                                    <\/div>\r\n                    <\/div>\r\n    \r\n            \r\n<form action=\"https:\/\/www.artisanlocal.ch\/c\/wp-admin\/admin-ajax.php\" method=\"post\" class=\"form-contact\" id=\"artisan_form_contact_company_inline\">\r\n    <div><input type=\"hidden\" name=\"action\" value=\"company_contact\"><\/div>\r\n    <div><input type=\"hidden\" name=\"nonce\" value=\"086cf01f96\"><\/div>\r\n    <div><input type=\"hidden\" name=\"company_id\" value=\"26971\"><\/div>\r\n    <div><input type=\"hidden\" name=\"form_id\" value=\"artisan_form_contact_company_inline\"><\/div>\r\n    <div class=\"gglcptch gglcptch_v3 gglcptch_custom\"><input type=\"hidden\" id=\"g-recaptcha-response\" name=\"g-recaptcha-response\" \/><br \/><div class=\"gglcptch_error_text\">La p\u00e9riode de v\u00e9rification reCAPTCHA a expir\u00e9. Veuillez recharger la page.<\/div><\/div>    <div class=\"form-content\">\r\n        <div class=\"form-group\">\r\n            <label for=\"contact_firstName\" class=\"required\">Pr\u00e9nom<\/label>\r\n            <input type=\"text\" name=\"firstName\" class=\"form-control\" required>\r\n        <\/div>\r\n        <div class=\"form-group\">\r\n            <label for=\"contact_lastName\" class=\"required\">Nom<\/label>\r\n            <input type=\"text\" name=\"lastName\" class=\"form-control\" required>\r\n        <\/div>\r\n        <div class=\"form-group\">\r\n            <label for=\"contact_email\" class=\"required\">Email<\/label>\r\n            <input type=\"email\" name=\"email\" class=\"form-control\" required>\r\n        <\/div>\r\n        <div class=\"form-group\">\r\n            <label for=\"contact_phone\" class=\"required\">Num\u00e9ro de t\u00e9l\u00e9phone<\/label>\r\n            <input type=\"tel\" name=\"phone\" class=\"form-control\" placeholder=\"0787117165\" pattern=\"^[0-9]{10}$\" required>\r\n        <\/div>\r\n        <div class=\"form-group\">\r\n            <label for=\"contact_postalCode\" class=\"required\">Code postal et localit\u00e9<\/label>\r\n            <input type=\"text\" name=\"postalCode\" class=\"form-control\" required>\r\n        <\/div>\r\n        <div class=\"form-group\">\r\n            <label for=\"contact_address\" class=\"required\">Adresse<\/label>\r\n            <input type=\"text\" name=\"address\" class=\"form-control\" required>\r\n        <\/div>\r\n        <div class=\"full-width topic\">\r\n            <p class=\"required\">Je souhaite \u00eatre contact\u00e9 pour :<\/p>\r\n            <div class=\"form-check\">\r\n                <input type=\"radio\" name=\"topic\" value=\"D\u00e9pannage\" class=\"form-control\" required>\r\n                <label for=\"d\u00e9pannage\">D\u00e9pannage<\/label>\r\n            <\/div>\r\n            <div class=\"form-check\">\r\n                <input type=\"radio\" name=\"topic\" value=\"Entretien\" class=\"form-control\" required>\r\n                <label for=\"entretien\">Entretien<\/label>\r\n            <\/div>\r\n            <div class=\"form-check\">\r\n                <input type=\"radio\" name=\"topic\" value=\"R\u00e9novation\" class=\"form-control\" required>\r\n                <label for=\"r\u00e9novation\">R\u00e9novation<\/label>\r\n            <\/div>\r\n            <div class=\"form-check\">\r\n                <input type=\"radio\" name=\"topic\" value=\"Autre\" class=\"form-control\" required>\r\n                <label for=\"autre\">Autre<\/label>\r\n            <\/div>\r\n        <\/div>\r\n        <div class=\"form-group full-width\">\r\n            <label for=\"contact_message\">Message<\/label>\r\n            <textarea name=\"message\" rows=\"3\" class=\"form-control\"><\/textarea>\r\n        <\/div>\r\n    <\/div>\r\n    <div class=\"form-actions\">\r\n        <button class=\"wp-block-button__link has-accent-background-color\">Contacter<\/button>\r\n    <\/div>\r\n<\/form>\r\n<div class=\"form-feedback\"><\/div>    <\/div><\/p>\n<h2>Pourquoi travailler avec notre entreprise ?<\/h2>\n<ul>\n<li>Il est possible de prendre un rendez-vous avec un de nos experts aujourd&rsquo;hui.<\/li>\n<li>Nous utilisons les derni\u00e8res techniques de nettoyage.<\/li>\n<li>L&rsquo;entretien est effectu\u00e9 avec des produits \u00e9cologiques.<\/li>\n<li>Nous vous fournissons un devis sans frais.<\/li>\n<\/ul>\n<h2>Nettoyage professionnel \u00e0 Romont FR<\/h2>\n<p>Si vous avez besoin d&rsquo;un service de nettoyage complet, d&rsquo;un m\u00e9nage ponctuel ou d&rsquo;un service d&rsquo;entretien fr\u00e9quent \u00e0 Romont FR, Artisanlocal est l\u00e0 pour vous. D\u00e9couvrez nos services les plus fr\u00e9quemment r\u00e9alis\u00e9s \u00e0 Romont FR et profitez :<\/p>\n<ul>\n<li>D&rsquo;un m\u00e9nage apr\u00e8s d\u00e9m\u00e9nagement\/avant emm\u00e9nagement pour les locataires.<\/li>\n<li>D&rsquo;une solution de m\u00e9nage, si vous \u00eates propri\u00e9taires Airbnb.<\/li>\n<li>D&rsquo;un service d&rsquo;entretien pour le nettoyage de bureaux et locaux commerciaux.<\/li>\n<li>D&rsquo;un service de nettoyage professionnel apr\u00e8s des travaux de r\u00e9novation.<\/li>\n<\/ul>\n<h2>Quelles sont les solutions d&rsquo;entretien d&rsquo;Artisanlocal\u202f?<\/h2>\n<ul>\n<li>Service de nettoyage pour les conciergeries Airbnb,<\/li>\n<li>service de nettoyage d&rsquo;appartements,<\/li>\n<li>nettoyage et entretien des appareils \u00e9lectrom\u00e9nagers,<\/li>\n<li>nettoyage de terrasse,<\/li>\n<li>nettoyage de sous-sols,<\/li>\n<li>assainissement des surfaces pour lutter contre les virus,<\/li>\n<li>lavage de la vaisselle,<\/li>\n<li>nettoyage des salles de gym,<\/li>\n<li>nettoyage des sols,<\/li>\n<li>nettoyage des \u00e9tablissements de sant\u00e9,<\/li>\n<li>m\u00e9nage et nettoyage apr\u00e8s un changement de domicile,<\/li>\n<li>nettoyage de bureaux,<\/li>\n<li>service de m\u00e9nage apr\u00e8s des travaux,<\/li>\n<li>m\u00e9nage de salles de bains,<\/li>\n<li>nettoyage des commerces locaux,<\/li>\n<li>nettoyage des \u00e9tablissements p\u00e9dagogiques,<\/li>\n<li>lavage de vitres.<\/li>\n<\/ul>\n<h2>Une soci\u00e9t\u00e9 sp\u00e9cialis\u00e9e dans les services de m\u00e9nage fiable situ\u00e9e en Suisse<\/h2>\n<h3>Nettoyage d&rsquo;appartement \u00e0 Romont FR<\/h3>\n<p>Nous r\u00e9alisons le m\u00e9nage d&rsquo;appartement \u00e0 Romont FR, par exemple, nous pouvons nettoyer l&rsquo;int\u00e9rieur de votre appartement, en amont de votre \u00e9tat des lieux.<\/p>\n<p>Il est n\u00e9cessaire de savoir que si le nettoyage de l&rsquo;appartement n&rsquo;est pas correctement r\u00e9alis\u00e9, le propri\u00e9taire peut faire appel \u00e0 une soci\u00e9t\u00e9 de m\u00e9nage et garder une part de votre caution.<\/p>\n<p>Les services de m\u00e9nage pour l&rsquo;\u00e9tat des lieux comprennent :<\/p>\n<p>&#8211; L&rsquo;entretien et le nettoyage des surfaces : les murs, les sols, les planchers, les tapis et les carrelages.<\/p>\n<p>&#8211; Le nettoyage des fen\u00eatres et des vitres.<\/p>\n<p>&#8211; L&rsquo;entretien de la salle de bains et des w.c.<\/p>\n<p>&#8211; Le service de nettoyage de la cuisine et de la hotte de cuisson.<\/p>\n<p>&#8211; Le service de d\u00e9poussi\u00e9rage du mobilier.<\/p>\n<h3>Vous avez besoin d&rsquo;un service de nettoyage fr\u00e9quent de votre studio\u202f?<\/h3>\n<p>Notre entreprise offre des services de propret\u00e9 sur mesure, adapt\u00e9s \u00e0 vos demandes, nous pouvons op\u00e9rer de mani\u00e8res mensuelles, bihebdomadaires ou hebdomadaires.<\/p>\n<h3>Service pour un nettoyage en profondeur de votre maison \u00e0 Romont FR<\/h3>\n<p>Artisanlocal propose des services pour nettoyer en profondeur votre villa ou votre appartement, en plus de notre service de m\u00e9nage classique.<\/p>\n<h3>Quels sont les b\u00e9n\u00e9fices d\u2019un nettoyage approfondi avec Artisanlocal ?<\/h3>\n<p>L\u2019avantage principal du m\u00e9nage approfondi est d&rsquo;enlever la salet\u00e9, la poussi\u00e8re et la crasse qui se sont entass\u00e9es au fil du temps, afin de rendre votre logement sans danger pour votre sant\u00e9. Un grand nettoyage permet aussi d&rsquo;enlever les mauvaises odeurs.<\/p>\n<h3>Service de nettoyage de bureaux \u00e0 Romont FR<\/h3>\n<p>Faire appel \u00e0 Artisanlocal pour le m\u00e9nage de vos bureaux \u00e0 Romont FR est une solution efficace. Vous \u00e9conomiserez du temps et de l&rsquo;\u00e9nergie ! Nous proposons des prestations de m\u00e9nages qui s&rsquo;ajustent \u00e0 vos exigences et \u00e0 votre budget. Voici les prestations que nous proposons pour le nettoyage de vos espaces de travail :<\/p>\n<ul>\n<li>Nettoyage de vos tapis et des vitres.<\/li>\n<li>Entretien de fauteuils, de chaises de bureau, de divan en tissu ou en cuir.<\/li>\n<li>Gestion des d\u00e9tritus.<\/li>\n<li>Service de nettoyage des amas de poussi\u00e8re.<\/li>\n<li>Nettoyage des parquets et passage de l&rsquo;aspirateur.<\/li>\n<\/ul>\n<h3>Entreprise de nettoyage pour votre villa \u00e0 Romont FR<\/h3>\n<p>Afin que votre habitation soit tout le temps propre, il faut r\u00e9aliser un nettoyage quotidien. De nos jours, la grande majorit\u00e9 des Suisses ont un planning charg\u00e9 et cela complique la r\u00e9alisation des t\u00e2ches domestiques courantes, c&rsquo;est l\u00e0 que notre entreprise peut vous seconder dans vos t\u00e2ches m\u00e9nag\u00e8res.<\/p>\n<h2>Pourquoi faire appel \u00e0 une entreprise pour r\u00e9aliser le nettoyage de son domicile \u00e0 Romont FR ?<\/h2>\n<p>Si vous \u00eates un Romont FRois, vous avez sans doute des difficult\u00e9s \u00e0 garder votre habitat int\u00e9rieur bien entretenu. Nos prestations sont adapt\u00e9es aux habitants de Romont FR. Avec notre soci\u00e9t\u00e9, vous \u00eates en mesure de :<\/p>\n<h3>Mieux g\u00e9rer votre espace<\/h3>\n<p>Si votre habitat est d\u00e9sorganis\u00e9, il est compliqu\u00e9 de se sentir bien dans son logement. Artisanlocal offre des services de m\u00e9nage pour votre r\u00e9sidence de fa\u00e7on a mieux organis\u00e9 votre lieu de vie, ce qui vous permet, de :<\/p>\n<h3>Vous sentir mieux<\/h3>\n<p>En effet, une r\u00e9sidence bien organis\u00e9e vous aidera ainsi que vos invit\u00e9s \u00e0 vous sentir mieux.<\/p>\n<h3>\u00catre en bonne forme<\/h3>\n<p>L&rsquo;accumulation de poussi\u00e8re et de salet\u00e9 dans votre int\u00e9rieur peut cr\u00e9er un v\u00e9ritable danger pour votre \u00e9tat de sant\u00e9, et causer des r\u00e9actions allergiques ou intensifier celles qui sont d\u00e9j\u00e0 pr\u00e9sentes. En faisant appel \u00e0 une soci\u00e9t\u00e9 de nettoyage, vous baissez vos risques d&rsquo;allergies.<\/p>\n<h3>Am\u00e9liorer la disposition g\u00e9n\u00e9rale de votre propri\u00e9t\u00e9<\/h3>\n<p>Il est courant que l&rsquo;espace int\u00e9rieur soit mal organis\u00e9, ce qui peut rendre difficile la vie quotidienne. Choisissez notre service de nettoyage pour vous garantir une meilleure organisation et propret\u00e9 de votre maison. De plus, nous pouvons aussi intervenir \u00e0 : Bionnens, Esmonts, Ursy, Auboranges, Ecublens FR, Gillarens, Promasens, Rue, Montet (Gl\u00e2ne), Morlens, Vuarmarens, Blessens, Mossel, Vauderens, Chavannes-les-Forts, Prez-vers-Siviriez, Siviriez, Villaraboud, Berlens, Billens, Hennens, M\u00e9zi\u00e8res FR, Villariaz, Grangettes-pr\u00e8s-Romont, La Neirigue, Est\u00e9venens, La Magne, Vuisternens-devant-Romont, Lieffrens, Sommentier, Le Ch\u00e2telard-pr\u00e8s-Romont, Villaz-St-Pierre, Lussy FR, Villarimboud, Massonnens, Chavannes-sous-Orsonnens, Orsonnens, Villargiroud, Villarsiviriaux, La Joux FR, Les Ecasseys, Torny-le-Grand.<\/p>\n","protected":false},"excerpt":{"rendered":"<p>Nous proposons des services de nettoyage \u00e0 Romont FR pour les particuliers et les professionnels suisses. Notre \u00e9quipe d&rsquo;experts s&rsquo;efforce de vous apporter les meilleurs services possibles. Pourquoi travailler avec notre entreprise ? Il est possible de prendre un rendez-vous avec un de nos experts aujourd&rsquo;hui. Nous utilisons les derni\u00e8res techniques de nettoyage. L&rsquo;entretien est [&hellip;]<\/p>\n","protected":false},"author":4,"featured_media":2754,"parent":0,"menu_order":0,"comment_status":"closed","ping_status":"closed","template":"","meta":{"footnotes":""},"profession":[108],"location":[43],"canton":[109],"class_list":["post-392","page","type-page","status-publish","has-post-thumbnail","hentry","profession-agent-de-proprete","location-romont-fr","canton-fr"],"yoast_head":"<!-- This site is optimized with the Yoast SEO Premium plugin v25.7.1 (Yoast SEO v27.3) - https:\/\/yoast.com\/product\/yoast-seo-premium-wordpress\/ -->\n<title>Entreprise de nettoyage \u00e0 Romont FR - Artisanlocal<\/title>\n<meta name=\"robots\" content=\"index, follow, max-snippet:-1, max-image-preview:large, max-video-preview:-1\" \/>\n<link rel=\"canonical\" href=\"https:\/\/www.artisanlocal.ch\/c\/entreprise-de-nettoyage-professionnel-pour-domicile-et-bureau-a-romont\/\" \/>\n<meta property=\"og:locale\" content=\"fr_FR\" \/>\n<meta property=\"og:type\" content=\"article\" \/>\n<meta property=\"og:title\" content=\"Entreprise de nettoyage \u00e0 Romont FR\" \/>\n<meta property=\"og:description\" content=\"Nous proposons des services de nettoyage \u00e0 Romont FR pour les particuliers et les professionnels suisses. Notre \u00e9quipe d&rsquo;experts s&rsquo;efforce de vous apporter les meilleurs services possibles. Pourquoi travailler avec notre entreprise ? Il est possible de prendre un rendez-vous avec un de nos experts aujourd&rsquo;hui. Nous utilisons les derni\u00e8res techniques de nettoyage. L&rsquo;entretien est [&hellip;]\" \/>\n<meta property=\"og:url\" content=\"https:\/\/www.artisanlocal.ch\/c\/entreprise-de-nettoyage-professionnel-pour-domicile-et-bureau-a-romont\/\" \/>\n<meta property=\"og:site_name\" content=\"Artisanlocal\" \/>\n<meta property=\"article:modified_time\" content=\"2025-08-26T23:34:08+00:00\" \/>\n<meta property=\"og:image\" content=\"https:\/\/www.artisanlocal.ch\/c\/wp-content\/uploads\/2024\/10\/agent-proprete.jpg\" \/>\n\t<meta property=\"og:image:width\" content=\"1920\" \/>\n\t<meta property=\"og:image:height\" content=\"300\" \/>\n\t<meta property=\"og:image:type\" content=\"image\/jpeg\" \/>\n<meta name=\"twitter:card\" content=\"summary_large_image\" \/>\n<meta name=\"twitter:label1\" content=\"Dur\u00e9e de lecture estim\u00e9e\" \/>\n\t<meta name=\"twitter:data1\" content=\"5 minutes\" \/>\n<script type=\"application\/ld+json\" class=\"yoast-schema-graph\">{\"@context\":\"https:\\\/\\\/schema.org\",\"@graph\":[{\"@type\":\"WebPage\",\"@id\":\"https:\\\/\\\/www.artisanlocal.ch\\\/c\\\/entreprise-de-nettoyage-professionnel-pour-domicile-et-bureau-a-romont\\\/\",\"url\":\"https:\\\/\\\/www.artisanlocal.ch\\\/c\\\/entreprise-de-nettoyage-professionnel-pour-domicile-et-bureau-a-romont\\\/\",\"name\":\"Entreprise de nettoyage \u00e0 Romont FR - Artisanlocal\",\"isPartOf\":{\"@id\":\"https:\\\/\\\/www.artisanlocal.ch\\\/c\\\/#website\"},\"primaryImageOfPage\":{\"@id\":\"https:\\\/\\\/www.artisanlocal.ch\\\/c\\\/entreprise-de-nettoyage-professionnel-pour-domicile-et-bureau-a-romont\\\/#primaryimage\"},\"image\":{\"@id\":\"https:\\\/\\\/www.artisanlocal.ch\\\/c\\\/entreprise-de-nettoyage-professionnel-pour-domicile-et-bureau-a-romont\\\/#primaryimage\"},\"thumbnailUrl\":\"https:\\\/\\\/www.artisanlocal.ch\\\/c\\\/wp-content\\\/uploads\\\/2024\\\/10\\\/agent-proprete.jpg\",\"datePublished\":\"2024-04-16T16:38:11+00:00\",\"dateModified\":\"2025-08-26T23:34:08+00:00\",\"breadcrumb\":{\"@id\":\"https:\\\/\\\/www.artisanlocal.ch\\\/c\\\/entreprise-de-nettoyage-professionnel-pour-domicile-et-bureau-a-romont\\\/#breadcrumb\"},\"inLanguage\":\"fr-FR\",\"potentialAction\":[{\"@type\":\"ReadAction\",\"target\":[\"https:\\\/\\\/www.artisanlocal.ch\\\/c\\\/entreprise-de-nettoyage-professionnel-pour-domicile-et-bureau-a-romont\\\/\"]}]},{\"@type\":\"ImageObject\",\"inLanguage\":\"fr-FR\",\"@id\":\"https:\\\/\\\/www.artisanlocal.ch\\\/c\\\/entreprise-de-nettoyage-professionnel-pour-domicile-et-bureau-a-romont\\\/#primaryimage\",\"url\":\"https:\\\/\\\/www.artisanlocal.ch\\\/c\\\/wp-content\\\/uploads\\\/2024\\\/10\\\/agent-proprete.jpg\",\"contentUrl\":\"https:\\\/\\\/www.artisanlocal.ch\\\/c\\\/wp-content\\\/uploads\\\/2024\\\/10\\\/agent-proprete.jpg\",\"width\":1920,\"height\":300},{\"@type\":\"BreadcrumbList\",\"@id\":\"https:\\\/\\\/www.artisanlocal.ch\\\/c\\\/entreprise-de-nettoyage-professionnel-pour-domicile-et-bureau-a-romont\\\/#breadcrumb\",\"itemListElement\":[{\"@type\":\"ListItem\",\"position\":1,\"name\":\"Accueil\",\"item\":\"https:\\\/\\\/www.artisanlocal.ch\\\/c\\\/\"},{\"@type\":\"ListItem\",\"position\":2,\"name\":\"Entreprise de nettoyage \u00e0 Romont\"}]},{\"@type\":\"WebSite\",\"@id\":\"https:\\\/\\\/www.artisanlocal.ch\\\/c\\\/#website\",\"url\":\"https:\\\/\\\/www.artisanlocal.ch\\\/c\\\/\",\"name\":\"Artisanlocal\",\"description\":\"\",\"publisher\":{\"@id\":\"https:\\\/\\\/www.artisanlocal.ch\\\/c\\\/#organization\"},\"potentialAction\":[{\"@type\":\"SearchAction\",\"target\":{\"@type\":\"EntryPoint\",\"urlTemplate\":\"https:\\\/\\\/www.artisanlocal.ch\\\/c\\\/?s={search_term_string}\"},\"query-input\":{\"@type\":\"PropertyValueSpecification\",\"valueRequired\":true,\"valueName\":\"search_term_string\"}}],\"inLanguage\":\"fr-FR\"},{\"@type\":\"Organization\",\"@id\":\"https:\\\/\\\/www.artisanlocal.ch\\\/c\\\/#organization\",\"name\":\"Artisanlocal\",\"url\":\"https:\\\/\\\/www.artisanlocal.ch\\\/c\\\/\",\"logo\":{\"@type\":\"ImageObject\",\"inLanguage\":\"fr-FR\",\"@id\":\"https:\\\/\\\/www.artisanlocal.ch\\\/c\\\/#\\\/schema\\\/logo\\\/image\\\/\",\"url\":\"https:\\\/\\\/www.artisanlocal.ch\\\/c\\\/wp-content\\\/uploads\\\/2024\\\/02\\\/logo-artisanlocal-h.svg\",\"contentUrl\":\"https:\\\/\\\/www.artisanlocal.ch\\\/c\\\/wp-content\\\/uploads\\\/2024\\\/02\\\/logo-artisanlocal-h.svg\",\"caption\":\"Artisanlocal\"},\"image\":{\"@id\":\"https:\\\/\\\/www.artisanlocal.ch\\\/c\\\/#\\\/schema\\\/logo\\\/image\\\/\"}}]}<\/script>\n<!-- \/ Yoast SEO Premium plugin. -->","yoast_head_json":{"title":"Entreprise de nettoyage \u00e0 Romont FR - Artisanlocal","robots":{"index":"index","follow":"follow","max-snippet":"max-snippet:-1","max-image-preview":"max-image-preview:large","max-video-preview":"max-video-preview:-1"},"canonical":"https:\/\/www.artisanlocal.ch\/c\/entreprise-de-nettoyage-professionnel-pour-domicile-et-bureau-a-romont\/","og_locale":"fr_FR","og_type":"article","og_title":"Entreprise de nettoyage \u00e0 Romont FR","og_description":"Nous proposons des services de nettoyage \u00e0 Romont FR pour les particuliers et les professionnels suisses. Notre \u00e9quipe d&rsquo;experts s&rsquo;efforce de vous apporter les meilleurs services possibles. Pourquoi travailler avec notre entreprise ? Il est possible de prendre un rendez-vous avec un de nos experts aujourd&rsquo;hui. Nous utilisons les derni\u00e8res techniques de nettoyage. L&rsquo;entretien est [&hellip;]","og_url":"https:\/\/www.artisanlocal.ch\/c\/entreprise-de-nettoyage-professionnel-pour-domicile-et-bureau-a-romont\/","og_site_name":"Artisanlocal","article_modified_time":"2025-08-26T23:34:08+00:00","og_image":[{"width":1920,"height":300,"url":"https:\/\/www.artisanlocal.ch\/c\/wp-content\/uploads\/2024\/10\/agent-proprete.jpg","type":"image\/jpeg"}],"twitter_card":"summary_large_image","twitter_misc":{"Dur\u00e9e de lecture estim\u00e9e":"5 minutes"},"schema":{"@context":"https:\/\/schema.org","@graph":[{"@type":"WebPage","@id":"https:\/\/www.artisanlocal.ch\/c\/entreprise-de-nettoyage-professionnel-pour-domicile-et-bureau-a-romont\/","url":"https:\/\/www.artisanlocal.ch\/c\/entreprise-de-nettoyage-professionnel-pour-domicile-et-bureau-a-romont\/","name":"Entreprise de nettoyage \u00e0 Romont FR - Artisanlocal","isPartOf":{"@id":"https:\/\/www.artisanlocal.ch\/c\/#website"},"primaryImageOfPage":{"@id":"https:\/\/www.artisanlocal.ch\/c\/entreprise-de-nettoyage-professionnel-pour-domicile-et-bureau-a-romont\/#primaryimage"},"image":{"@id":"https:\/\/www.artisanlocal.ch\/c\/entreprise-de-nettoyage-professionnel-pour-domicile-et-bureau-a-romont\/#primaryimage"},"thumbnailUrl":"https:\/\/www.artisanlocal.ch\/c\/wp-content\/uploads\/2024\/10\/agent-proprete.jpg","datePublished":"2024-04-16T16:38:11+00:00","dateModified":"2025-08-26T23:34:08+00:00","breadcrumb":{"@id":"https:\/\/www.artisanlocal.ch\/c\/entreprise-de-nettoyage-professionnel-pour-domicile-et-bureau-a-romont\/#breadcrumb"},"inLanguage":"fr-FR","potentialAction":[{"@type":"ReadAction","target":["https:\/\/www.artisanlocal.ch\/c\/entreprise-de-nettoyage-professionnel-pour-domicile-et-bureau-a-romont\/"]}]},{"@type":"ImageObject","inLanguage":"fr-FR","@id":"https:\/\/www.artisanlocal.ch\/c\/entreprise-de-nettoyage-professionnel-pour-domicile-et-bureau-a-romont\/#primaryimage","url":"https:\/\/www.artisanlocal.ch\/c\/wp-content\/uploads\/2024\/10\/agent-proprete.jpg","contentUrl":"https:\/\/www.artisanlocal.ch\/c\/wp-content\/uploads\/2024\/10\/agent-proprete.jpg","width":1920,"height":300},{"@type":"BreadcrumbList","@id":"https:\/\/www.artisanlocal.ch\/c\/entreprise-de-nettoyage-professionnel-pour-domicile-et-bureau-a-romont\/#breadcrumb","itemListElement":[{"@type":"ListItem","position":1,"name":"Accueil","item":"https:\/\/www.artisanlocal.ch\/c\/"},{"@type":"ListItem","position":2,"name":"Entreprise de nettoyage \u00e0 Romont"}]},{"@type":"WebSite","@id":"https:\/\/www.artisanlocal.ch\/c\/#website","url":"https:\/\/www.artisanlocal.ch\/c\/","name":"Artisanlocal","description":"","publisher":{"@id":"https:\/\/www.artisanlocal.ch\/c\/#organization"},"potentialAction":[{"@type":"SearchAction","target":{"@type":"EntryPoint","urlTemplate":"https:\/\/www.artisanlocal.ch\/c\/?s={search_term_string}"},"query-input":{"@type":"PropertyValueSpecification","valueRequired":true,"valueName":"search_term_string"}}],"inLanguage":"fr-FR"},{"@type":"Organization","@id":"https:\/\/www.artisanlocal.ch\/c\/#organization","name":"Artisanlocal","url":"https:\/\/www.artisanlocal.ch\/c\/","logo":{"@type":"ImageObject","inLanguage":"fr-FR","@id":"https:\/\/www.artisanlocal.ch\/c\/#\/schema\/logo\/image\/","url":"https:\/\/www.artisanlocal.ch\/c\/wp-content\/uploads\/2024\/02\/logo-artisanlocal-h.svg","contentUrl":"https:\/\/www.artisanlocal.ch\/c\/wp-content\/uploads\/2024\/02\/logo-artisanlocal-h.svg","caption":"Artisanlocal"},"image":{"@id":"https:\/\/www.artisanlocal.ch\/c\/#\/schema\/logo\/image\/"}}]}},"_links":{"self":[{"href":"https:\/\/www.artisanlocal.ch\/c\/wp-json\/wp\/v2\/pages\/392","targetHints":{"allow":["GET"]}}],"collection":[{"href":"https:\/\/www.artisanlocal.ch\/c\/wp-json\/wp\/v2\/pages"}],"about":[{"href":"https:\/\/www.artisanlocal.ch\/c\/wp-json\/wp\/v2\/types\/page"}],"author":[{"embeddable":true,"href":"https:\/\/www.artisanlocal.ch\/c\/wp-json\/wp\/v2\/users\/4"}],"replies":[{"embeddable":true,"href":"https:\/\/www.artisanlocal.ch\/c\/wp-json\/wp\/v2\/comments?post=392"}],"version-history":[{"count":0,"href":"https:\/\/www.artisanlocal.ch\/c\/wp-json\/wp\/v2\/pages\/392\/revisions"}],"wp:featuredmedia":[{"embeddable":true,"href":"https:\/\/www.artisanlocal.ch\/c\/wp-json\/wp\/v2\/media\/2754"}],"wp:attachment":[{"href":"https:\/\/www.artisanlocal.ch\/c\/wp-json\/wp\/v2\/media?parent=392"}],"wp:term":[{"taxonomy":"profession","embeddable":true,"href":"https:\/\/www.artisanlocal.ch\/c\/wp-json\/wp\/v2\/profession?post=392"},{"taxonomy":"location","embeddable":true,"href":"https:\/\/www.artisanlocal.ch\/c\/wp-json\/wp\/v2\/location?post=392"},{"taxonomy":"canton","embeddable":true,"href":"https:\/\/www.artisanlocal.ch\/c\/wp-json\/wp\/v2\/canton?post=392"}],"curies":[{"name":"wp","href":"https:\/\/api.w.org\/{rel}","templated":true}]}}