{"id":394,"date":"2024-04-16T18:38:11","date_gmt":"2024-04-16T16:38:11","guid":{"rendered":"https:\/\/www.artisanlocal.ch\/c\/service-de-nettoyage-professionnel-pour-domicile-et-bureau-dentreprise-a-villars-sur-glane\/"},"modified":"2025-08-27T01:34:06","modified_gmt":"2025-08-26T23:34:06","slug":"service-de-nettoyage-professionnel-pour-domicile-et-bureau-dentreprise-a-villars-sur-glane","status":"publish","type":"page","link":"https:\/\/www.artisanlocal.ch\/c\/service-de-nettoyage-professionnel-pour-domicile-et-bureau-dentreprise-a-villars-sur-glane\/","title":{"rendered":"Entreprise de nettoyage \u00e0 Villars-sur-Gl\u00e2ne"},"content":{"rendered":"<p>Artisanlocal est une entreprise de nettoyage \u00e0 Villars-sur-Gl\u00e2ne pour les particuliers et les professionnels suisses.<br \/>\n\r\n<div class=\"box\">\r\n            <div class=\"company-info\">\r\n            <img decoding=\"async\" class=\"company-info__logo\" src=\"https:\/\/www.artisanlocal.ch\/media\/cache\/thumb\/images\/companies\/64f5a3e3a4d11704021650.png\" alt=\"Logo\">\r\n            <h2 class=\"company-info__name\">FACILITY-NETTOYAGE S\u00e0rl<\/h2>\r\n            <p class=\"company-info__business\">Entreprise de nettoyage - Entretien - Conciergerie - Entretien d'immeubles - Nettoyage de b\u00e2timents - Nettoyage panneaux solaires (eau d\u00e9min\u00e9ralis\u00e9e) - D\u00e9barras - Traitement des sols - D\u00e9neigement<\/p>\r\n        <\/div>\r\n        <div class=\"company-contact\">\r\n            <p class=\"company-info__address\">Route du Belv\u00e9d\u00e8re 4<\/p>\r\n                            <div class=\"links\">\r\n                                            <a class=\"btn has-accent-background-color js-phoneNumber\" href=\"tel:0797344371\" title=\"Appelez\" data-id=\"5209\" data-type=\"11\">079 734 43 71<\/a>\r\n                                                                <a class=\"btn has-accent-background-color\" href=\"https:\/\/www.facility-nettoyage.ch\/\" target=\"_blank\" title=\"Voir le site internet\" data-id=\"5209\" data-type=\"20\">Site internet<\/a>\r\n                                    <\/div>\r\n                    <\/div>\r\n    \r\n            \r\n<form action=\"https:\/\/www.artisanlocal.ch\/c\/wp-admin\/admin-ajax.php\" method=\"post\" class=\"form-contact\" id=\"artisan_form_contact_company_inline\">\r\n    <div><input type=\"hidden\" name=\"action\" value=\"company_contact\"><\/div>\r\n    <div><input type=\"hidden\" name=\"nonce\" value=\"086cf01f96\"><\/div>\r\n    <div><input type=\"hidden\" name=\"company_id\" value=\"5209\"><\/div>\r\n    <div><input type=\"hidden\" name=\"form_id\" value=\"artisan_form_contact_company_inline\"><\/div>\r\n    <div class=\"gglcptch gglcptch_v3 gglcptch_custom\"><input type=\"hidden\" id=\"g-recaptcha-response\" name=\"g-recaptcha-response\" \/><br \/><div class=\"gglcptch_error_text\">La p\u00e9riode de v\u00e9rification reCAPTCHA a expir\u00e9. Veuillez recharger la page.<\/div><\/div>    <div class=\"form-content\">\r\n        <div class=\"form-group\">\r\n            <label for=\"contact_firstName\" class=\"required\">Pr\u00e9nom<\/label>\r\n            <input type=\"text\" name=\"firstName\" class=\"form-control\" required>\r\n        <\/div>\r\n        <div class=\"form-group\">\r\n            <label for=\"contact_lastName\" class=\"required\">Nom<\/label>\r\n            <input type=\"text\" name=\"lastName\" class=\"form-control\" required>\r\n        <\/div>\r\n        <div class=\"form-group\">\r\n            <label for=\"contact_email\" class=\"required\">Email<\/label>\r\n            <input type=\"email\" name=\"email\" class=\"form-control\" required>\r\n        <\/div>\r\n        <div class=\"form-group\">\r\n            <label for=\"contact_phone\" class=\"required\">Num\u00e9ro de t\u00e9l\u00e9phone<\/label>\r\n            <input type=\"tel\" name=\"phone\" class=\"form-control\" placeholder=\"0787117165\" pattern=\"^[0-9]{10}$\" required>\r\n        <\/div>\r\n        <div class=\"form-group\">\r\n            <label for=\"contact_postalCode\" class=\"required\">Code postal et localit\u00e9<\/label>\r\n            <input type=\"text\" name=\"postalCode\" class=\"form-control\" required>\r\n        <\/div>\r\n        <div class=\"form-group\">\r\n            <label for=\"contact_address\" class=\"required\">Adresse<\/label>\r\n            <input type=\"text\" name=\"address\" class=\"form-control\" required>\r\n        <\/div>\r\n        <div class=\"full-width topic\">\r\n            <p class=\"required\">Je souhaite \u00eatre contact\u00e9 pour :<\/p>\r\n            <div class=\"form-check\">\r\n                <input type=\"radio\" name=\"topic\" value=\"D\u00e9pannage\" class=\"form-control\" required>\r\n                <label for=\"d\u00e9pannage\">D\u00e9pannage<\/label>\r\n            <\/div>\r\n            <div class=\"form-check\">\r\n                <input type=\"radio\" name=\"topic\" value=\"Entretien\" class=\"form-control\" required>\r\n                <label for=\"entretien\">Entretien<\/label>\r\n            <\/div>\r\n            <div class=\"form-check\">\r\n                <input type=\"radio\" name=\"topic\" value=\"R\u00e9novation\" class=\"form-control\" required>\r\n                <label for=\"r\u00e9novation\">R\u00e9novation<\/label>\r\n            <\/div>\r\n            <div class=\"form-check\">\r\n                <input type=\"radio\" name=\"topic\" value=\"Autre\" class=\"form-control\" required>\r\n                <label for=\"autre\">Autre<\/label>\r\n            <\/div>\r\n        <\/div>\r\n        <div class=\"form-group full-width\">\r\n            <label for=\"contact_message\">Message<\/label>\r\n            <textarea name=\"message\" rows=\"3\" class=\"form-control\"><\/textarea>\r\n        <\/div>\r\n    <\/div>\r\n    <div class=\"form-actions\">\r\n        <button class=\"wp-block-button__link has-accent-background-color\">Contacter<\/button>\r\n    <\/div>\r\n<\/form>\r\n<div class=\"form-feedback\"><\/div>    <\/div><\/p>\n<h2>Quelles sont les raisons de travailler avec notre soci\u00e9t\u00e9 ?<\/h2>\n<ul>\n<li>Il est possible de r\u00e9server un rendez-vous avec notre entreprise aujourd&rsquo;hui.<\/li>\n<li>Nous utilisons les derni\u00e8res techniques de nettoyage.<\/li>\n<li>Le m\u00e9nage est r\u00e9alis\u00e9 avec des produits \u00e9cologiques.<\/li>\n<li>Nos devis sont gratuits.<\/li>\n<\/ul>\n<h2>Services de m\u00e9nage \u00e0 Villars-sur-Gl\u00e2ne<\/h2>\n<p>Nous fournissons une gamme de prestations de nettoyage sur mesure pour r\u00e9pondre aux besoins de nos clients.<\/p>\n<p>Nous pouvons r\u00e9aliser des m\u00e9nages sur-mesur \u00e0 Villars-sur-Gl\u00e2ne, comme :<\/p>\n<ul>\n<li>Le nettoyage apr\u00e8s d\u00e9m\u00e9nagement\/avant emm\u00e9nagement pour les habitants.<\/li>\n<li>La prestation de nettoyage, si vous \u00eates h\u00f4tes Airbnb.<\/li>\n<li>Le nettoyage professionnel de bureaux et locaux commerciaux.<\/li>\n<li>Le service de nettoyage professionnel apr\u00e8s des travaux de r\u00e9novation.<\/li>\n<\/ul>\n<h2>Quels sont les services de nettoyage qu&rsquo;artisanlocal propose\u202f?<\/h2>\n<ul>\n<li>Services de m\u00e9nage pour les conciergeries Airbnb,<\/li>\n<li>service de m\u00e9nage et de nettoyage d&rsquo;appartements,<\/li>\n<li>entretien des \u00e9quipements m\u00e9nagers,<\/li>\n<li>nettoyage de balcon,<\/li>\n<li>service de nettoyage des espaces souterrains,<\/li>\n<li>d\u00e9sinfection des surfaces pour lutter contre les pathog\u00e8nes,<\/li>\n<li>nettoyage de la vaisselle,<\/li>\n<li>nettoyage des salles de gym,<\/li>\n<li>lavage des sols,<\/li>\n<li>nettoyage des \u00e9tablissements de sant\u00e9,<\/li>\n<li>nettoyage apr\u00e8s un d\u00e9m\u00e9nagement,<\/li>\n<li>nettoyage de bureaux,<\/li>\n<li>nettoyage apr\u00e8s des travaux,<\/li>\n<li>m\u00e9nage des salles d&rsquo;eau,<\/li>\n<li>nettoyage des petits commerces,<\/li>\n<li>nettoyage des \u00e9tablissements scolaires,<\/li>\n<li>lavage de vitres.<\/li>\n<\/ul>\n<h2>Une soci\u00e9t\u00e9 de m\u00e9nage fiable<\/h2>\n<h3>Nettoyage d&rsquo;appartement \u00e0 Villars-sur-Gl\u00e2ne<\/h3>\n<p>Nous effectuons le nettoyage d\u2019appartement \u00e0 Villars-sur-Gl\u00e2ne, par exemple, nous pouvons nettoyer l&rsquo;int\u00e9rieur de votre appartement, avant votre \u00e9tat des lieux.<\/p>\n<p>Il est essentiel de comprendre que si le nettoyage de votre int\u00e9rieur n&rsquo;est pas r\u00e9alis\u00e9 correctement, le bailleur a le droit de faire appel \u00e0 une soci\u00e9t\u00e9 de m\u00e9nage et garder une partie de votre caution.<\/p>\n<p>Ce nettoyage avant l&rsquo;\u00e9tat des lieux inclut en particulier les prestations suivantes :<\/p>\n<p>&#8211; Le nettoyage des surfaces : les sols, les murs, les parquets, les moquettes et les carrelages.<\/p>\n<p>&#8211; Le nettoyage des vitres et fen\u00eatres.<\/p>\n<p>&#8211; Le nettoyage des toilettes et de la salle d&rsquo;eau.<\/p>\n<p>&#8211; Le nettoyage de l&rsquo;espace de cuisson et du syst\u00e8me de ventilation de la cuisine.<\/p>\n<p>&#8211; Le service de d\u00e9poussi\u00e9rage du mobilier.<\/p>\n<h3>Vous avez besoin d&rsquo;un nettoyage ponctuel de votre studio?<\/h3>\n<p>Notre \u00e9tablissement propose des solutions d&rsquo;entretien adapt\u00e9es \u00e0 vos attentes, avec des interventions hebdomadaires, toutes les deux semaines ou chaque mois.<\/p>\n<h3>Service de nettoyage complet de votre habitation \u00e0 Villars-sur-Gl\u00e2ne<\/h3>\n<p>Artisanlocal propose des services de nettoyage complet pour votre logement ou maison, en plus de notre service de nettoyage standard.<\/p>\n<h3>Quels sont les b\u00e9n\u00e9fices d\u2019un m\u00e9nage en profondeur avec Artisanlocal ?<\/h3>\n<p>L&rsquo;avantage du m\u00e9nage en profondeur est d&rsquo;enlever la salet\u00e9, la poussi\u00e8re et la crasse qui se sont regroup\u00e9e avec le temps. R\u00e9aliser un m\u00e9nage en profondeur permet d&rsquo;am\u00e9liorer la qualit\u00e9 de l&rsquo;aire int\u00e9rieure et \u00e9limine les odeurs d\u00e9sagr\u00e9ables.<\/p>\n<h3>M\u00e9nage de bureaux \u00e0 Villars-sur-Gl\u00e2ne<\/h3>\n<p>Artisanlocal r\u00e9alise le m\u00e9nage de vos bureaux, en choisissant nos services, vous ferez des \u00e9conomies de temps et d&rsquo;\u00e9nergie ! Nous vous proposons des services de m\u00e9nages pour les lieux de travail qui s&rsquo;adaptent \u00e0 vos exigences et \u00e0 votre budget :<\/p>\n<ul>\n<li>Lavage de vos moquettes et des vitres.<\/li>\n<li>Nettoyage de sofas, de chaises de travail, de divan en tissu ou en cuir brut ou naturel.<\/li>\n<li>Gestion des d\u00e9chets.<\/li>\n<li>Service de nettoyage des amas de poussi\u00e8re.<\/li>\n<li>D\u00e9poussi\u00e9rage des sols avec l&rsquo;aspirateur et lavage des planchers.<\/li>\n<\/ul>\n<h3>Service de m\u00e9nage de logement \u00e0 Villars-sur-Gl\u00e2ne<\/h3>\n<p>Pour que votre logement reste toujours aussi impeccable, un nettoyage fr\u00e9quent doit faire partie de vos habitudes. \u00c0 notre \u00e9poque, la grande majorit\u00e9 des individus ont un planning charg\u00e9 et cela rend difficile la r\u00e9alisation des t\u00e2ches domestiques journali\u00e8res, c&rsquo;est l\u00e0 que notre soci\u00e9t\u00e9 peut vous assister dans votre entretien de tous les jours.<\/p>\n<h2>Pourquoi engager artisanlocal pour r\u00e9aliser le nettoyage \u00e0 Villars-sur-Gl\u00e2ne ?<\/h2>\n<p>Si vous \u00eates un Villarois, vous avez peut-\u00eatre des difficult\u00e9s \u00e0 maintenir votre int\u00e9rieur bien entretenu. Nos solutions sont adapt\u00e9es aux r\u00e9sidents de Villars-sur-Gl\u00e2ne. Avec notre soci\u00e9t\u00e9, vous avez la possibilit\u00e9 de :<\/p>\n<h3>Mieux g\u00e9rer votre lieu de vie<\/h3>\n<p>Un domicile en d\u00e9sordre peut \u00eatre une source de difficult\u00e9s dans votre vie de tous les jours (perte de temps, discordes avec son conjoint, etc.). Artisanlocal met \u00e0 disposition des services de nettoyage d&rsquo;int\u00e9rieur pour les maisons et appartements.<\/p>\n<h3>De vous sentir \u00e0 l&rsquo;aise<\/h3>\n<p>Effectivement, une r\u00e9sidence bien organis\u00e9e permet \u00e0 vos invit\u00e9s de vous sentir plus \u00e0 l&rsquo;aise.<\/p>\n<h3>Conserver sa sant\u00e9 et rester heureux<\/h3>\n<p>L&rsquo;accumulation des particules de poussi\u00e8res fines dans votre maison peut cr\u00e9er des risques pour votre \u00e9tat de sant\u00e9, et causer des r\u00e9actions allergiques ou augmenter celles qui sont d\u00e9j\u00e0 pr\u00e9sentes. En sollicitant les services de notre soci\u00e9t\u00e9 de nettoyage, vous r\u00e9duisez les possibles risques d&rsquo;allergies.<\/p>\n<h3>Am\u00e9liorer l&rsquo;organisation globale de votre propri\u00e9t\u00e9<\/h3>\n<p>Il est habituel que l&rsquo;int\u00e9rieur des propri\u00e9t\u00e9s soit mal organis\u00e9, ce qui peut compliquer la vie de tous les jours. Notre service de nettoyage peut s&rsquo;av\u00e9rer utile pour pr\u00e9server votre maison bien rang\u00e9e. Par ailleurs, nous pouvons aussi intervenir \u00e0 : Estavayer-le-Gibloux, Rueyres-St-Laurent, Villarlod, Villarsel-le-Gibloux, Vuisternens-en-Ogoz, Ch\u00e9sopelloz, Corminboeuf, Bourguillon, Marly, Pierrafortscha, Villarsel-sur-Marly, Ferpicloz, Bonnefontaine, Essert FR, Le Mouret, Mont\u00e9vraz, Oberried FR, Z\u00e9nauva, Sen\u00e8des, Posieux, Farvagny-le-Grand, Farvagny-le-Petit, Grenilles, Posat, Corpataux, Magnedens, Rossens FR, Ecuvillens, Ependes FR, Arconciel, Treyvaux, Neyruz FR, Cottens FR, Autigny, Ch\u00e9nens, Lentigny, Prez-vers-Nor\u00e9az, Corserey, Matran, Avry-sur-Matran, Corjolens, Lovens, Onnens FR, Nor\u00e9az, Givisiez, Granges-Paccot, Grolley, Nierlet-les-Bois, Ponthaux, Autafond, Belfaux, Cormagens, Formangueires, La Corbaz, Lossy, Pensier, Barber\u00eache.<\/p>\n","protected":false},"excerpt":{"rendered":"<p>Artisanlocal est une entreprise de nettoyage \u00e0 Villars-sur-Gl\u00e2ne pour les particuliers et les professionnels suisses. Quelles sont les raisons de travailler avec notre soci\u00e9t\u00e9 ? Il est possible de r\u00e9server un rendez-vous avec notre entreprise aujourd&rsquo;hui. Nous utilisons les derni\u00e8res techniques de nettoyage. Le m\u00e9nage est r\u00e9alis\u00e9 avec des produits \u00e9cologiques. Nos devis sont gratuits. [&hellip;]<\/p>\n","protected":false},"author":4,"featured_media":2754,"parent":0,"menu_order":0,"comment_status":"closed","ping_status":"closed","template":"","meta":{"footnotes":""},"profession":[108],"location":[92],"canton":[109],"class_list":["post-394","page","type-page","status-publish","has-post-thumbnail","hentry","profession-agent-de-proprete","location-villars-sur-glane","canton-fr"],"yoast_head":"<!-- This site is optimized with the Yoast SEO Premium plugin v25.7.1 (Yoast SEO v27.3) - https:\/\/yoast.com\/product\/yoast-seo-premium-wordpress\/ -->\n<title>Entreprise de nettoyage \u00e0 Villars-sur-Gl\u00e2ne - Artisanlocal<\/title>\n<meta name=\"robots\" content=\"index, follow, max-snippet:-1, max-image-preview:large, max-video-preview:-1\" \/>\n<link rel=\"canonical\" href=\"https:\/\/www.artisanlocal.ch\/c\/service-de-nettoyage-professionnel-pour-domicile-et-bureau-dentreprise-a-villars-sur-glane\/\" \/>\n<meta property=\"og:locale\" content=\"fr_FR\" \/>\n<meta property=\"og:type\" content=\"article\" \/>\n<meta property=\"og:title\" content=\"Entreprise de nettoyage \u00e0 Villars-sur-Gl\u00e2ne\" \/>\n<meta property=\"og:description\" content=\"Artisanlocal est une entreprise de nettoyage \u00e0 Villars-sur-Gl\u00e2ne pour les particuliers et les professionnels suisses. Quelles sont les raisons de travailler avec notre soci\u00e9t\u00e9 ? Il est possible de r\u00e9server un rendez-vous avec notre entreprise aujourd&rsquo;hui. Nous utilisons les derni\u00e8res techniques de nettoyage. Le m\u00e9nage est r\u00e9alis\u00e9 avec des produits \u00e9cologiques. Nos devis sont gratuits. [&hellip;]\" \/>\n<meta property=\"og:url\" content=\"https:\/\/www.artisanlocal.ch\/c\/service-de-nettoyage-professionnel-pour-domicile-et-bureau-dentreprise-a-villars-sur-glane\/\" \/>\n<meta property=\"og:site_name\" content=\"Artisanlocal\" \/>\n<meta property=\"article:modified_time\" content=\"2025-08-26T23:34:06+00:00\" \/>\n<meta property=\"og:image\" content=\"https:\/\/www.artisanlocal.ch\/c\/wp-content\/uploads\/2024\/10\/agent-proprete.jpg\" \/>\n\t<meta property=\"og:image:width\" content=\"1920\" \/>\n\t<meta property=\"og:image:height\" content=\"300\" \/>\n\t<meta property=\"og:image:type\" content=\"image\/jpeg\" \/>\n<meta name=\"twitter:card\" content=\"summary_large_image\" \/>\n<meta name=\"twitter:label1\" content=\"Dur\u00e9e de lecture estim\u00e9e\" \/>\n\t<meta name=\"twitter:data1\" content=\"5 minutes\" \/>\n<script type=\"application\/ld+json\" class=\"yoast-schema-graph\">{\"@context\":\"https:\\\/\\\/schema.org\",\"@graph\":[{\"@type\":\"WebPage\",\"@id\":\"https:\\\/\\\/www.artisanlocal.ch\\\/c\\\/service-de-nettoyage-professionnel-pour-domicile-et-bureau-dentreprise-a-villars-sur-glane\\\/\",\"url\":\"https:\\\/\\\/www.artisanlocal.ch\\\/c\\\/service-de-nettoyage-professionnel-pour-domicile-et-bureau-dentreprise-a-villars-sur-glane\\\/\",\"name\":\"Entreprise de nettoyage \u00e0 Villars-sur-Gl\u00e2ne - Artisanlocal\",\"isPartOf\":{\"@id\":\"https:\\\/\\\/www.artisanlocal.ch\\\/c\\\/#website\"},\"primaryImageOfPage\":{\"@id\":\"https:\\\/\\\/www.artisanlocal.ch\\\/c\\\/service-de-nettoyage-professionnel-pour-domicile-et-bureau-dentreprise-a-villars-sur-glane\\\/#primaryimage\"},\"image\":{\"@id\":\"https:\\\/\\\/www.artisanlocal.ch\\\/c\\\/service-de-nettoyage-professionnel-pour-domicile-et-bureau-dentreprise-a-villars-sur-glane\\\/#primaryimage\"},\"thumbnailUrl\":\"https:\\\/\\\/www.artisanlocal.ch\\\/c\\\/wp-content\\\/uploads\\\/2024\\\/10\\\/agent-proprete.jpg\",\"datePublished\":\"2024-04-16T16:38:11+00:00\",\"dateModified\":\"2025-08-26T23:34:06+00:00\",\"breadcrumb\":{\"@id\":\"https:\\\/\\\/www.artisanlocal.ch\\\/c\\\/service-de-nettoyage-professionnel-pour-domicile-et-bureau-dentreprise-a-villars-sur-glane\\\/#breadcrumb\"},\"inLanguage\":\"fr-FR\",\"potentialAction\":[{\"@type\":\"ReadAction\",\"target\":[\"https:\\\/\\\/www.artisanlocal.ch\\\/c\\\/service-de-nettoyage-professionnel-pour-domicile-et-bureau-dentreprise-a-villars-sur-glane\\\/\"]}]},{\"@type\":\"ImageObject\",\"inLanguage\":\"fr-FR\",\"@id\":\"https:\\\/\\\/www.artisanlocal.ch\\\/c\\\/service-de-nettoyage-professionnel-pour-domicile-et-bureau-dentreprise-a-villars-sur-glane\\\/#primaryimage\",\"url\":\"https:\\\/\\\/www.artisanlocal.ch\\\/c\\\/wp-content\\\/uploads\\\/2024\\\/10\\\/agent-proprete.jpg\",\"contentUrl\":\"https:\\\/\\\/www.artisanlocal.ch\\\/c\\\/wp-content\\\/uploads\\\/2024\\\/10\\\/agent-proprete.jpg\",\"width\":1920,\"height\":300},{\"@type\":\"BreadcrumbList\",\"@id\":\"https:\\\/\\\/www.artisanlocal.ch\\\/c\\\/service-de-nettoyage-professionnel-pour-domicile-et-bureau-dentreprise-a-villars-sur-glane\\\/#breadcrumb\",\"itemListElement\":[{\"@type\":\"ListItem\",\"position\":1,\"name\":\"Accueil\",\"item\":\"https:\\\/\\\/www.artisanlocal.ch\\\/c\\\/\"},{\"@type\":\"ListItem\",\"position\":2,\"name\":\"Entreprise de nettoyage \u00e0 Villars-sur-Gl\u00e2ne\"}]},{\"@type\":\"WebSite\",\"@id\":\"https:\\\/\\\/www.artisanlocal.ch\\\/c\\\/#website\",\"url\":\"https:\\\/\\\/www.artisanlocal.ch\\\/c\\\/\",\"name\":\"Artisanlocal\",\"description\":\"\",\"publisher\":{\"@id\":\"https:\\\/\\\/www.artisanlocal.ch\\\/c\\\/#organization\"},\"potentialAction\":[{\"@type\":\"SearchAction\",\"target\":{\"@type\":\"EntryPoint\",\"urlTemplate\":\"https:\\\/\\\/www.artisanlocal.ch\\\/c\\\/?s={search_term_string}\"},\"query-input\":{\"@type\":\"PropertyValueSpecification\",\"valueRequired\":true,\"valueName\":\"search_term_string\"}}],\"inLanguage\":\"fr-FR\"},{\"@type\":\"Organization\",\"@id\":\"https:\\\/\\\/www.artisanlocal.ch\\\/c\\\/#organization\",\"name\":\"Artisanlocal\",\"url\":\"https:\\\/\\\/www.artisanlocal.ch\\\/c\\\/\",\"logo\":{\"@type\":\"ImageObject\",\"inLanguage\":\"fr-FR\",\"@id\":\"https:\\\/\\\/www.artisanlocal.ch\\\/c\\\/#\\\/schema\\\/logo\\\/image\\\/\",\"url\":\"https:\\\/\\\/www.artisanlocal.ch\\\/c\\\/wp-content\\\/uploads\\\/2024\\\/02\\\/logo-artisanlocal-h.svg\",\"contentUrl\":\"https:\\\/\\\/www.artisanlocal.ch\\\/c\\\/wp-content\\\/uploads\\\/2024\\\/02\\\/logo-artisanlocal-h.svg\",\"caption\":\"Artisanlocal\"},\"image\":{\"@id\":\"https:\\\/\\\/www.artisanlocal.ch\\\/c\\\/#\\\/schema\\\/logo\\\/image\\\/\"}}]}<\/script>\n<!-- \/ Yoast SEO Premium plugin. -->","yoast_head_json":{"title":"Entreprise de nettoyage \u00e0 Villars-sur-Gl\u00e2ne - Artisanlocal","robots":{"index":"index","follow":"follow","max-snippet":"max-snippet:-1","max-image-preview":"max-image-preview:large","max-video-preview":"max-video-preview:-1"},"canonical":"https:\/\/www.artisanlocal.ch\/c\/service-de-nettoyage-professionnel-pour-domicile-et-bureau-dentreprise-a-villars-sur-glane\/","og_locale":"fr_FR","og_type":"article","og_title":"Entreprise de nettoyage \u00e0 Villars-sur-Gl\u00e2ne","og_description":"Artisanlocal est une entreprise de nettoyage \u00e0 Villars-sur-Gl\u00e2ne pour les particuliers et les professionnels suisses. Quelles sont les raisons de travailler avec notre soci\u00e9t\u00e9 ? Il est possible de r\u00e9server un rendez-vous avec notre entreprise aujourd&rsquo;hui. Nous utilisons les derni\u00e8res techniques de nettoyage. Le m\u00e9nage est r\u00e9alis\u00e9 avec des produits \u00e9cologiques. Nos devis sont gratuits. [&hellip;]","og_url":"https:\/\/www.artisanlocal.ch\/c\/service-de-nettoyage-professionnel-pour-domicile-et-bureau-dentreprise-a-villars-sur-glane\/","og_site_name":"Artisanlocal","article_modified_time":"2025-08-26T23:34:06+00:00","og_image":[{"width":1920,"height":300,"url":"https:\/\/www.artisanlocal.ch\/c\/wp-content\/uploads\/2024\/10\/agent-proprete.jpg","type":"image\/jpeg"}],"twitter_card":"summary_large_image","twitter_misc":{"Dur\u00e9e de lecture estim\u00e9e":"5 minutes"},"schema":{"@context":"https:\/\/schema.org","@graph":[{"@type":"WebPage","@id":"https:\/\/www.artisanlocal.ch\/c\/service-de-nettoyage-professionnel-pour-domicile-et-bureau-dentreprise-a-villars-sur-glane\/","url":"https:\/\/www.artisanlocal.ch\/c\/service-de-nettoyage-professionnel-pour-domicile-et-bureau-dentreprise-a-villars-sur-glane\/","name":"Entreprise de nettoyage \u00e0 Villars-sur-Gl\u00e2ne - Artisanlocal","isPartOf":{"@id":"https:\/\/www.artisanlocal.ch\/c\/#website"},"primaryImageOfPage":{"@id":"https:\/\/www.artisanlocal.ch\/c\/service-de-nettoyage-professionnel-pour-domicile-et-bureau-dentreprise-a-villars-sur-glane\/#primaryimage"},"image":{"@id":"https:\/\/www.artisanlocal.ch\/c\/service-de-nettoyage-professionnel-pour-domicile-et-bureau-dentreprise-a-villars-sur-glane\/#primaryimage"},"thumbnailUrl":"https:\/\/www.artisanlocal.ch\/c\/wp-content\/uploads\/2024\/10\/agent-proprete.jpg","datePublished":"2024-04-16T16:38:11+00:00","dateModified":"2025-08-26T23:34:06+00:00","breadcrumb":{"@id":"https:\/\/www.artisanlocal.ch\/c\/service-de-nettoyage-professionnel-pour-domicile-et-bureau-dentreprise-a-villars-sur-glane\/#breadcrumb"},"inLanguage":"fr-FR","potentialAction":[{"@type":"ReadAction","target":["https:\/\/www.artisanlocal.ch\/c\/service-de-nettoyage-professionnel-pour-domicile-et-bureau-dentreprise-a-villars-sur-glane\/"]}]},{"@type":"ImageObject","inLanguage":"fr-FR","@id":"https:\/\/www.artisanlocal.ch\/c\/service-de-nettoyage-professionnel-pour-domicile-et-bureau-dentreprise-a-villars-sur-glane\/#primaryimage","url":"https:\/\/www.artisanlocal.ch\/c\/wp-content\/uploads\/2024\/10\/agent-proprete.jpg","contentUrl":"https:\/\/www.artisanlocal.ch\/c\/wp-content\/uploads\/2024\/10\/agent-proprete.jpg","width":1920,"height":300},{"@type":"BreadcrumbList","@id":"https:\/\/www.artisanlocal.ch\/c\/service-de-nettoyage-professionnel-pour-domicile-et-bureau-dentreprise-a-villars-sur-glane\/#breadcrumb","itemListElement":[{"@type":"ListItem","position":1,"name":"Accueil","item":"https:\/\/www.artisanlocal.ch\/c\/"},{"@type":"ListItem","position":2,"name":"Entreprise de nettoyage \u00e0 Villars-sur-Gl\u00e2ne"}]},{"@type":"WebSite","@id":"https:\/\/www.artisanlocal.ch\/c\/#website","url":"https:\/\/www.artisanlocal.ch\/c\/","name":"Artisanlocal","description":"","publisher":{"@id":"https:\/\/www.artisanlocal.ch\/c\/#organization"},"potentialAction":[{"@type":"SearchAction","target":{"@type":"EntryPoint","urlTemplate":"https:\/\/www.artisanlocal.ch\/c\/?s={search_term_string}"},"query-input":{"@type":"PropertyValueSpecification","valueRequired":true,"valueName":"search_term_string"}}],"inLanguage":"fr-FR"},{"@type":"Organization","@id":"https:\/\/www.artisanlocal.ch\/c\/#organization","name":"Artisanlocal","url":"https:\/\/www.artisanlocal.ch\/c\/","logo":{"@type":"ImageObject","inLanguage":"fr-FR","@id":"https:\/\/www.artisanlocal.ch\/c\/#\/schema\/logo\/image\/","url":"https:\/\/www.artisanlocal.ch\/c\/wp-content\/uploads\/2024\/02\/logo-artisanlocal-h.svg","contentUrl":"https:\/\/www.artisanlocal.ch\/c\/wp-content\/uploads\/2024\/02\/logo-artisanlocal-h.svg","caption":"Artisanlocal"},"image":{"@id":"https:\/\/www.artisanlocal.ch\/c\/#\/schema\/logo\/image\/"}}]}},"_links":{"self":[{"href":"https:\/\/www.artisanlocal.ch\/c\/wp-json\/wp\/v2\/pages\/394","targetHints":{"allow":["GET"]}}],"collection":[{"href":"https:\/\/www.artisanlocal.ch\/c\/wp-json\/wp\/v2\/pages"}],"about":[{"href":"https:\/\/www.artisanlocal.ch\/c\/wp-json\/wp\/v2\/types\/page"}],"author":[{"embeddable":true,"href":"https:\/\/www.artisanlocal.ch\/c\/wp-json\/wp\/v2\/users\/4"}],"replies":[{"embeddable":true,"href":"https:\/\/www.artisanlocal.ch\/c\/wp-json\/wp\/v2\/comments?post=394"}],"version-history":[{"count":0,"href":"https:\/\/www.artisanlocal.ch\/c\/wp-json\/wp\/v2\/pages\/394\/revisions"}],"wp:featuredmedia":[{"embeddable":true,"href":"https:\/\/www.artisanlocal.ch\/c\/wp-json\/wp\/v2\/media\/2754"}],"wp:attachment":[{"href":"https:\/\/www.artisanlocal.ch\/c\/wp-json\/wp\/v2\/media?parent=394"}],"wp:term":[{"taxonomy":"profession","embeddable":true,"href":"https:\/\/www.artisanlocal.ch\/c\/wp-json\/wp\/v2\/profession?post=394"},{"taxonomy":"location","embeddable":true,"href":"https:\/\/www.artisanlocal.ch\/c\/wp-json\/wp\/v2\/location?post=394"},{"taxonomy":"canton","embeddable":true,"href":"https:\/\/www.artisanlocal.ch\/c\/wp-json\/wp\/v2\/canton?post=394"}],"curies":[{"name":"wp","href":"https:\/\/api.w.org\/{rel}","templated":true}]}}