{"id":395,"date":"2024-04-16T18:38:11","date_gmt":"2024-04-16T16:38:11","guid":{"rendered":"https:\/\/www.artisanlocal.ch\/c\/nettoyage-pour-logement-et-local-dentreprise-a-attalens\/"},"modified":"2025-08-27T01:34:05","modified_gmt":"2025-08-26T23:34:05","slug":"nettoyage-pour-logement-et-local-dentreprise-a-attalens","status":"publish","type":"page","link":"https:\/\/www.artisanlocal.ch\/c\/nettoyage-pour-logement-et-local-dentreprise-a-attalens\/","title":{"rendered":"Nettoyage pour logement et local d&rsquo;entreprise \u00e0 Attalens"},"content":{"rendered":"<p>Nous sommes une soci\u00e9t\u00e9 \u00e0 Attalens proposant un nettoyage d&rsquo;int\u00e9rieur pour les professionnels et les particuliers. Notre \u00e9quipe d&rsquo;experts chevronn\u00e9s s&rsquo;engage \u00e0 r\u00e9aliser des prestations de haute qualit\u00e9.<\/p>\n\r\n<div class=\"box\">\r\n            <div class=\"company-info\">\r\n            <img decoding=\"async\" class=\"company-info__logo\" src=\"https:\/\/www.artisanlocal.ch\/media\/cache\/thumb\/images\/companies\/6728952836316878471088.png\" alt=\"Logo\">\r\n            <h2 class=\"company-info__name\">ZeiNet Services<\/h2>\r\n            <p class=\"company-info__business\">Tonte gazon, arrosage, \u00e9limination des d\u00e9chets verts - Nettoyage terrasse - Conciergerie immeuble et bureaux - Nettoyage particuliers - Nettoyage fin de bail - Nettoyage fin de travaux - D\u00e9barras - D\u00e9neigement<\/p>\r\n        <\/div>\r\n        <div class=\"company-contact\">\r\n            <p class=\"company-info__address\">Rue de Corcelles 17<\/p>\r\n                            <div class=\"links\">\r\n                                            <a class=\"btn has-accent-background-color js-phoneNumber\" href=\"tel:0763440929\" title=\"Appelez\" data-id=\"25331\" data-type=\"11\">076 344 09 29<\/a>\r\n                                                                <a class=\"btn has-accent-background-color\" href=\"https:\/\/zeinet.ch\/\" target=\"_blank\" title=\"Voir le site internet\" data-id=\"25331\" data-type=\"20\">Site internet<\/a>\r\n                                    <\/div>\r\n                    <\/div>\r\n    \r\n            \r\n<form action=\"https:\/\/www.artisanlocal.ch\/c\/wp-admin\/admin-ajax.php\" method=\"post\" class=\"form-contact\" id=\"artisan_form_contact_company_inline\">\r\n    <div><input type=\"hidden\" name=\"action\" value=\"company_contact\"><\/div>\r\n    <div><input type=\"hidden\" name=\"nonce\" value=\"086cf01f96\"><\/div>\r\n    <div><input type=\"hidden\" name=\"company_id\" value=\"25331\"><\/div>\r\n    <div><input type=\"hidden\" name=\"form_id\" value=\"artisan_form_contact_company_inline\"><\/div>\r\n    <div class=\"gglcptch gglcptch_v3 gglcptch_custom\"><input type=\"hidden\" id=\"g-recaptcha-response\" name=\"g-recaptcha-response\" \/><br \/><div class=\"gglcptch_error_text\">La p\u00e9riode de v\u00e9rification reCAPTCHA a expir\u00e9. Veuillez recharger la page.<\/div><\/div>    <div class=\"form-content\">\r\n        <div class=\"form-group\">\r\n            <label for=\"contact_firstName\" class=\"required\">Pr\u00e9nom<\/label>\r\n            <input type=\"text\" name=\"firstName\" class=\"form-control\" required>\r\n        <\/div>\r\n        <div class=\"form-group\">\r\n            <label for=\"contact_lastName\" class=\"required\">Nom<\/label>\r\n            <input type=\"text\" name=\"lastName\" class=\"form-control\" required>\r\n        <\/div>\r\n        <div class=\"form-group\">\r\n            <label for=\"contact_email\" class=\"required\">Email<\/label>\r\n            <input type=\"email\" name=\"email\" class=\"form-control\" required>\r\n        <\/div>\r\n        <div class=\"form-group\">\r\n            <label for=\"contact_phone\" class=\"required\">Num\u00e9ro de t\u00e9l\u00e9phone<\/label>\r\n            <input type=\"tel\" name=\"phone\" class=\"form-control\" placeholder=\"0787117165\" pattern=\"^[0-9]{10}$\" required>\r\n        <\/div>\r\n        <div class=\"form-group\">\r\n            <label for=\"contact_postalCode\" class=\"required\">Code postal et localit\u00e9<\/label>\r\n            <input type=\"text\" name=\"postalCode\" class=\"form-control\" required>\r\n        <\/div>\r\n        <div class=\"form-group\">\r\n            <label for=\"contact_address\" class=\"required\">Adresse<\/label>\r\n            <input type=\"text\" name=\"address\" class=\"form-control\" required>\r\n        <\/div>\r\n        <div class=\"full-width topic\">\r\n            <p class=\"required\">Je souhaite \u00eatre contact\u00e9 pour :<\/p>\r\n            <div class=\"form-check\">\r\n                <input type=\"radio\" name=\"topic\" value=\"D\u00e9pannage\" class=\"form-control\" required>\r\n                <label for=\"d\u00e9pannage\">D\u00e9pannage<\/label>\r\n            <\/div>\r\n            <div class=\"form-check\">\r\n                <input type=\"radio\" name=\"topic\" value=\"Entretien\" class=\"form-control\" required>\r\n                <label for=\"entretien\">Entretien<\/label>\r\n            <\/div>\r\n            <div class=\"form-check\">\r\n                <input type=\"radio\" name=\"topic\" value=\"R\u00e9novation\" class=\"form-control\" required>\r\n                <label for=\"r\u00e9novation\">R\u00e9novation<\/label>\r\n            <\/div>\r\n            <div class=\"form-check\">\r\n                <input type=\"radio\" name=\"topic\" value=\"Autre\" class=\"form-control\" required>\r\n                <label for=\"autre\">Autre<\/label>\r\n            <\/div>\r\n        <\/div>\r\n        <div class=\"form-group full-width\">\r\n            <label for=\"contact_message\">Message<\/label>\r\n            <textarea name=\"message\" rows=\"3\" class=\"form-control\"><\/textarea>\r\n        <\/div>\r\n    <\/div>\r\n    <div class=\"form-actions\">\r\n        <button class=\"wp-block-button__link has-accent-background-color\">Contacter<\/button>\r\n    <\/div>\r\n<\/form>\r\n<div class=\"form-feedback\"><\/div>    <\/div>\n<h2>Pourquoi choisir notre soci\u00e9t\u00e9 ?<\/h2>\n<ul>\n<li>Il est envisageable de planifier un rendez-vous avec notre soci\u00e9t\u00e9 dans la journ\u00e9e.<\/li>\n<li>Nous utilisons les derni\u00e8res techniques de nettoyage.<\/li>\n<li>Nous utilisons des produits durables pour l&rsquo;environnement.<\/li>\n<li>Nos devis sont sans frais.<\/li>\n<\/ul>\n<h2>Nettoyage de votre habitation ou de votre local commercial \u00e0 Attalens<\/h2>\n<p>Nous offrons des services de nettoyage pour satisfaire nos clients.<\/p>\n<p>Si vous avez besoin d&rsquo;un nettoyage complet, d&rsquo;un m\u00e9nage occasionnel ou d&rsquo;un service d&rsquo;entretien continu, notre soci\u00e9t\u00e9 est l\u00e0 pour vous. D\u00e9couvrez nos services les plus fr\u00e9quemment r\u00e9alis\u00e9s \u00e0 Attalens et profitez :<\/p>\n<ul>\n<li>De service de nettoyage pour votre changement de domicile.<\/li>\n<li>D&rsquo;une prestation de m\u00e9nage, si vous \u00eates h\u00f4tes Airbnb.<\/li>\n<li>D&rsquo;un nettoyage professionnel de bureaux et locaux commerciaux.<\/li>\n<li>D&rsquo;un service de nettoyage apr\u00e8s une r\u00e9novation d&rsquo;int\u00e9rieur.<\/li>\n<\/ul>\n<h2>Quelles sont les solutions d&rsquo;entretien d&rsquo;artisanlocal\u202f?<\/h2>\n<ul>\n<li>Service de nettoyage pour les conciergeries d&rsquo;appartements et maisons Airbnb,<\/li>\n<li>nettoyage de logements,<\/li>\n<li>entretien des \u00e9quipements m\u00e9nagers,<\/li>\n<li>nettoyage et entretien du jardin,<\/li>\n<li>nettoyage de sous-sols,<\/li>\n<li>d\u00e9sinfection des surfaces pour lutter contre les virus,<\/li>\n<li>nettoyage de la vaisselle,<\/li>\n<li>nettoyage et entretien des installations sportives,<\/li>\n<li>nettoyage des sols,<\/li>\n<li>nettoyage sanitaire en milieu m\u00e9dical,<\/li>\n<li>nettoyage apr\u00e8s un d\u00e9m\u00e9nagement,<\/li>\n<li>nettoyage des espaces de coworking,<\/li>\n<li>nettoyage apr\u00e8s une r\u00e9novation,<\/li>\n<li>entretien de salles de bains,<\/li>\n<li>nettoyage de magasins de proximit\u00e9,<\/li>\n<li>nettoyage des \u00e9tablissements p\u00e9dagogiques,<\/li>\n<li>lavage de vitres.<\/li>\n<\/ul>\n<h2>Une soci\u00e9t\u00e9 Helv\u00e9tique de confiance<\/h2>\n<h3>Nettoyage d&rsquo;appartement \u00e0 Attalens<\/h3>\n<p>Si vous r\u00e9sidez \u00e0 Attalens, nous pouvons effectuer le m\u00e9nage de votre logement avant l&rsquo;\u00e9tat des lieux de sortie.<\/p>\n<p>Il faut savoir que si le nettoyage int\u00e9rieur de l&rsquo;appartement n&rsquo;est pas r\u00e9alis\u00e9 de fa\u00e7on convenable, le gestionnaire immobilier peut faire appel \u00e0 une entreprise de m\u00e9nage et conserver une part de votre d\u00e9p\u00f4t de garantie.<\/p>\n<p>Le m\u00e9nage avant l&rsquo;\u00e9tat des lieux comprend notamment les services suivants :<\/p>\n<p>&#8211; L&rsquo;entretien des surfaces : carrelages, sols, parquets, moquettes et murs.<\/p>\n<p>&#8211; Le lavage des vitres et fen\u00eatres.<\/p>\n<p>&#8211; L&rsquo;entretien et le nettoyage de la salle de bain et des toilettes.<\/p>\n<p>&#8211; L&rsquo;entretien de l&rsquo;espace de cuisson et du syst\u00e8me de ventilation du coin cuisine.<\/p>\n<p>&#8211; Le service de d\u00e9poussi\u00e9rage des meubles.<\/p>\n<h3>Vous avez besoin d&rsquo;un entretien continu de votre appartement?<\/h3>\n<p>Notre \u00e9tablissement propose des solutions d&rsquo;entretien adapt\u00e9es \u00e0 vos attentes, avec des interventions hebdomadaires, toutes les deux semaines ou chaque mois.<\/p>\n<h3>Service pour un nettoyage approfondi de votre propri\u00e9t\u00e9 \u00e0 Attalens<\/h3>\n<p>Artisanlocal offre des services de nettoyage minutieux pour votre habitation ou appartement, en compl\u00e9ment de notre service de nettoyage standard.<\/p>\n<h3>Quels sont les avantages d&rsquo;un entretien en profondeur avec Artisanlocal ?<\/h3>\n<p>L\u2019avantage principal du nettoyage en profondeur est d\u2019\u00e9liminer la salet\u00e9, la poussi\u00e8re et la crasse qui se sont entass\u00e9es au fur et \u00e0 mesure, pour rendre votre domicile plus sain. Un grand nettoyage est aussi une bonne solution pour enlever les mauvaises odeurs.<\/p>\n<h3>Nettoyage de bureaux \u00e0 Attalens<\/h3>\n<p>Pour le nettoyage de vos bureaux, faites confiance \u00e0 Artisanlocal. \u00c9conomisez du temps, de l&rsquo;\u00e9nergie gr\u00e2ce \u00e0 notre entreprise ! D\u00e9couvrez nos contrats de nettoyage sur mesures pour vos locaux. Nos contrats sont adapt\u00e9s \u00e0 vos besoins et \u00e0 votre budget. Voici les prestations que nous offrons pour le m\u00e9nage de vos espaces de travail :<\/p>\n<ul>\n<li>Entretien de moquettes et lavage de vitres de bureau.<\/li>\n<li>Entretien du mobilier de bureau en tissu ou cuir (des fauteuils, des locaux professionnels, des divans).<\/li>\n<li>Enl\u00e8vement des poubelles.<\/li>\n<li>Service de nettoyage des poussi\u00e8res.<\/li>\n<li>Passage de l&rsquo;aspirateur et lavage des sols.<\/li>\n<\/ul>\n<h3>Service de m\u00e9nage de maison \u00e0 Attalens<\/h3>\n<p>Afin que votre habitation reste tout le temps aussi propre, un nettoyage quotidien n\u00e9cessite d&rsquo;\u00eatre inclus dans votre routine. \u00c0 notre \u00e9poque, la grande majorit\u00e9 des individus ont un calendrier rempli et cela complique la r\u00e9alisation des corv\u00e9es m\u00e9nag\u00e8res courantes, c&rsquo;est l\u00e0 que notre entreprise peut vous seconder dans votre entretien de tous les jours.<\/p>\n<h2>Pourquoi faire appel \u00e0 une entreprise de m\u00e9nage des propri\u00e9t\u00e9s \u00e0 Attalens ?<\/h2>\n<p>Si vous habitez \u00e0 Attalens vous avez peut-\u00eatre du mal \u00e0 conserver votre h\u00e9bergement propre et bien rang\u00e9. Nos prestations de service sont adapt\u00e9es aux r\u00e9sidents de Attalens. Avec notre soci\u00e9t\u00e9, vous avez la possibilit\u00e9 de :<\/p>\n<h3>Mieux g\u00e9rer votre lieu de vie<\/h3>\n<p>Un h\u00e9bergement mal rang\u00e9 peut \u00eatre une source de probl\u00e8mes (perte de temps, discordes avec son conjoint, etc.). Notre soci\u00e9t\u00e9 Artisanlocal offre des prestations de m\u00e9nage pour les studios et les maisons. Afin de :<\/p>\n<h3>Construire un milieu plus avenant<\/h3>\n<p>En effet, une maison bien rang\u00e9e permet \u00e0 vos invit\u00e9s de vous sentir mieux.<\/p>\n<h3>Rester en bonne forme et content<\/h3>\n<p>Ne pas retirer la poussi\u00e8re et la salet\u00e9 dans votre habitation peut pr\u00e9senter des dangers pour la sant\u00e9, comme causer des r\u00e9actions allergiques ou amplifier celles d\u00e9j\u00e0 existantes. En sollicitant les services de notre soci\u00e9t\u00e9 de nettoyage, vous diminuez les potentiels expositions aux allerg\u00e8nes.<\/p>\n<h3>Am\u00e9liorer l&rsquo;organisation g\u00e9n\u00e9rale de votre propri\u00e9t\u00e9<\/h3>\n<p>Comme un grand nombre de foyers, votre maison peut \u00eatre en d\u00e9sordre, ce qui rend la vie difficile. Notre service de nettoyage peut s&rsquo;av\u00e9rer utile pour garder votre int\u00e9rieur en ordre. En outre, nous pouvons aussi op\u00e9rer \u00e0 : Besencens, Fiaug\u00e8res, St-Martin FR, Granges (Veveyse), Bossonnens, Tatroz, Remaufens, Ch\u00e2tel-St-Denis, Les Paccots, Semsales, Grattavache, La Verrerie, Progens, Bouloz, Pont (Veveyse), Porsel.<\/p>\n","protected":false},"excerpt":{"rendered":"<p>Nous sommes une soci\u00e9t\u00e9 \u00e0 Attalens proposant un nettoyage d&rsquo;int\u00e9rieur pour les professionnels et les particuliers. Notre \u00e9quipe d&rsquo;experts chevronn\u00e9s s&rsquo;engage \u00e0 r\u00e9aliser des prestations de haute qualit\u00e9. Pourquoi choisir notre soci\u00e9t\u00e9 ? Il est envisageable de planifier un rendez-vous avec notre soci\u00e9t\u00e9 dans la journ\u00e9e. Nous utilisons les derni\u00e8res techniques de nettoyage. Nous utilisons [&hellip;]<\/p>\n","protected":false},"author":4,"featured_media":2754,"parent":0,"menu_order":0,"comment_status":"closed","ping_status":"closed","template":"","meta":{"footnotes":""},"profession":[108],"location":[32],"canton":[109],"class_list":["post-395","page","type-page","status-publish","has-post-thumbnail","hentry","profession-agent-de-proprete","location-attalens","canton-fr"],"yoast_head":"<!-- This site is optimized with the Yoast SEO Premium plugin v25.7.1 (Yoast SEO v27.3) - https:\/\/yoast.com\/product\/yoast-seo-premium-wordpress\/ -->\n<title>Nettoyage pour logement et local d&#039;entreprise \u00e0 Attalens - Artisanlocal<\/title>\n<meta name=\"robots\" content=\"index, follow, max-snippet:-1, max-image-preview:large, max-video-preview:-1\" \/>\n<link rel=\"canonical\" href=\"https:\/\/www.artisanlocal.ch\/c\/nettoyage-pour-logement-et-local-dentreprise-a-attalens\/\" \/>\n<meta property=\"og:locale\" content=\"fr_FR\" \/>\n<meta property=\"og:type\" content=\"article\" \/>\n<meta property=\"og:title\" content=\"Nettoyage pour logement et local d&#039;entreprise \u00e0 Attalens\" \/>\n<meta property=\"og:description\" content=\"Nous sommes une soci\u00e9t\u00e9 \u00e0 Attalens proposant un nettoyage d&rsquo;int\u00e9rieur pour les professionnels et les particuliers. Notre \u00e9quipe d&rsquo;experts chevronn\u00e9s s&rsquo;engage \u00e0 r\u00e9aliser des prestations de haute qualit\u00e9. Pourquoi choisir notre soci\u00e9t\u00e9 ? Il est envisageable de planifier un rendez-vous avec notre soci\u00e9t\u00e9 dans la journ\u00e9e. Nous utilisons les derni\u00e8res techniques de nettoyage. Nous utilisons [&hellip;]\" \/>\n<meta property=\"og:url\" content=\"https:\/\/www.artisanlocal.ch\/c\/nettoyage-pour-logement-et-local-dentreprise-a-attalens\/\" \/>\n<meta property=\"og:site_name\" content=\"Artisanlocal\" \/>\n<meta property=\"article:modified_time\" content=\"2025-08-26T23:34:05+00:00\" \/>\n<meta property=\"og:image\" content=\"https:\/\/www.artisanlocal.ch\/c\/wp-content\/uploads\/2024\/10\/agent-proprete.jpg\" \/>\n\t<meta property=\"og:image:width\" content=\"1920\" \/>\n\t<meta property=\"og:image:height\" content=\"300\" \/>\n\t<meta property=\"og:image:type\" content=\"image\/jpeg\" \/>\n<meta name=\"twitter:card\" content=\"summary_large_image\" \/>\n<meta name=\"twitter:label1\" content=\"Dur\u00e9e de lecture estim\u00e9e\" \/>\n\t<meta name=\"twitter:data1\" content=\"5 minutes\" \/>\n<script type=\"application\/ld+json\" class=\"yoast-schema-graph\">{\"@context\":\"https:\\\/\\\/schema.org\",\"@graph\":[{\"@type\":\"WebPage\",\"@id\":\"https:\\\/\\\/www.artisanlocal.ch\\\/c\\\/nettoyage-pour-logement-et-local-dentreprise-a-attalens\\\/\",\"url\":\"https:\\\/\\\/www.artisanlocal.ch\\\/c\\\/nettoyage-pour-logement-et-local-dentreprise-a-attalens\\\/\",\"name\":\"Nettoyage pour logement et local d'entreprise \u00e0 Attalens - Artisanlocal\",\"isPartOf\":{\"@id\":\"https:\\\/\\\/www.artisanlocal.ch\\\/c\\\/#website\"},\"primaryImageOfPage\":{\"@id\":\"https:\\\/\\\/www.artisanlocal.ch\\\/c\\\/nettoyage-pour-logement-et-local-dentreprise-a-attalens\\\/#primaryimage\"},\"image\":{\"@id\":\"https:\\\/\\\/www.artisanlocal.ch\\\/c\\\/nettoyage-pour-logement-et-local-dentreprise-a-attalens\\\/#primaryimage\"},\"thumbnailUrl\":\"https:\\\/\\\/www.artisanlocal.ch\\\/c\\\/wp-content\\\/uploads\\\/2024\\\/10\\\/agent-proprete.jpg\",\"datePublished\":\"2024-04-16T16:38:11+00:00\",\"dateModified\":\"2025-08-26T23:34:05+00:00\",\"breadcrumb\":{\"@id\":\"https:\\\/\\\/www.artisanlocal.ch\\\/c\\\/nettoyage-pour-logement-et-local-dentreprise-a-attalens\\\/#breadcrumb\"},\"inLanguage\":\"fr-FR\",\"potentialAction\":[{\"@type\":\"ReadAction\",\"target\":[\"https:\\\/\\\/www.artisanlocal.ch\\\/c\\\/nettoyage-pour-logement-et-local-dentreprise-a-attalens\\\/\"]}]},{\"@type\":\"ImageObject\",\"inLanguage\":\"fr-FR\",\"@id\":\"https:\\\/\\\/www.artisanlocal.ch\\\/c\\\/nettoyage-pour-logement-et-local-dentreprise-a-attalens\\\/#primaryimage\",\"url\":\"https:\\\/\\\/www.artisanlocal.ch\\\/c\\\/wp-content\\\/uploads\\\/2024\\\/10\\\/agent-proprete.jpg\",\"contentUrl\":\"https:\\\/\\\/www.artisanlocal.ch\\\/c\\\/wp-content\\\/uploads\\\/2024\\\/10\\\/agent-proprete.jpg\",\"width\":1920,\"height\":300},{\"@type\":\"BreadcrumbList\",\"@id\":\"https:\\\/\\\/www.artisanlocal.ch\\\/c\\\/nettoyage-pour-logement-et-local-dentreprise-a-attalens\\\/#breadcrumb\",\"itemListElement\":[{\"@type\":\"ListItem\",\"position\":1,\"name\":\"Accueil\",\"item\":\"https:\\\/\\\/www.artisanlocal.ch\\\/c\\\/\"},{\"@type\":\"ListItem\",\"position\":2,\"name\":\"Nettoyage pour logement et local d&rsquo;entreprise \u00e0 Attalens\"}]},{\"@type\":\"WebSite\",\"@id\":\"https:\\\/\\\/www.artisanlocal.ch\\\/c\\\/#website\",\"url\":\"https:\\\/\\\/www.artisanlocal.ch\\\/c\\\/\",\"name\":\"Artisanlocal\",\"description\":\"\",\"publisher\":{\"@id\":\"https:\\\/\\\/www.artisanlocal.ch\\\/c\\\/#organization\"},\"potentialAction\":[{\"@type\":\"SearchAction\",\"target\":{\"@type\":\"EntryPoint\",\"urlTemplate\":\"https:\\\/\\\/www.artisanlocal.ch\\\/c\\\/?s={search_term_string}\"},\"query-input\":{\"@type\":\"PropertyValueSpecification\",\"valueRequired\":true,\"valueName\":\"search_term_string\"}}],\"inLanguage\":\"fr-FR\"},{\"@type\":\"Organization\",\"@id\":\"https:\\\/\\\/www.artisanlocal.ch\\\/c\\\/#organization\",\"name\":\"Artisanlocal\",\"url\":\"https:\\\/\\\/www.artisanlocal.ch\\\/c\\\/\",\"logo\":{\"@type\":\"ImageObject\",\"inLanguage\":\"fr-FR\",\"@id\":\"https:\\\/\\\/www.artisanlocal.ch\\\/c\\\/#\\\/schema\\\/logo\\\/image\\\/\",\"url\":\"https:\\\/\\\/www.artisanlocal.ch\\\/c\\\/wp-content\\\/uploads\\\/2024\\\/02\\\/logo-artisanlocal-h.svg\",\"contentUrl\":\"https:\\\/\\\/www.artisanlocal.ch\\\/c\\\/wp-content\\\/uploads\\\/2024\\\/02\\\/logo-artisanlocal-h.svg\",\"caption\":\"Artisanlocal\"},\"image\":{\"@id\":\"https:\\\/\\\/www.artisanlocal.ch\\\/c\\\/#\\\/schema\\\/logo\\\/image\\\/\"}}]}<\/script>\n<!-- \/ Yoast SEO Premium plugin. -->","yoast_head_json":{"title":"Nettoyage pour logement et local d'entreprise \u00e0 Attalens - Artisanlocal","robots":{"index":"index","follow":"follow","max-snippet":"max-snippet:-1","max-image-preview":"max-image-preview:large","max-video-preview":"max-video-preview:-1"},"canonical":"https:\/\/www.artisanlocal.ch\/c\/nettoyage-pour-logement-et-local-dentreprise-a-attalens\/","og_locale":"fr_FR","og_type":"article","og_title":"Nettoyage pour logement et local d'entreprise \u00e0 Attalens","og_description":"Nous sommes une soci\u00e9t\u00e9 \u00e0 Attalens proposant un nettoyage d&rsquo;int\u00e9rieur pour les professionnels et les particuliers. Notre \u00e9quipe d&rsquo;experts chevronn\u00e9s s&rsquo;engage \u00e0 r\u00e9aliser des prestations de haute qualit\u00e9. Pourquoi choisir notre soci\u00e9t\u00e9 ? Il est envisageable de planifier un rendez-vous avec notre soci\u00e9t\u00e9 dans la journ\u00e9e. Nous utilisons les derni\u00e8res techniques de nettoyage. Nous utilisons [&hellip;]","og_url":"https:\/\/www.artisanlocal.ch\/c\/nettoyage-pour-logement-et-local-dentreprise-a-attalens\/","og_site_name":"Artisanlocal","article_modified_time":"2025-08-26T23:34:05+00:00","og_image":[{"width":1920,"height":300,"url":"https:\/\/www.artisanlocal.ch\/c\/wp-content\/uploads\/2024\/10\/agent-proprete.jpg","type":"image\/jpeg"}],"twitter_card":"summary_large_image","twitter_misc":{"Dur\u00e9e de lecture estim\u00e9e":"5 minutes"},"schema":{"@context":"https:\/\/schema.org","@graph":[{"@type":"WebPage","@id":"https:\/\/www.artisanlocal.ch\/c\/nettoyage-pour-logement-et-local-dentreprise-a-attalens\/","url":"https:\/\/www.artisanlocal.ch\/c\/nettoyage-pour-logement-et-local-dentreprise-a-attalens\/","name":"Nettoyage pour logement et local d'entreprise \u00e0 Attalens - Artisanlocal","isPartOf":{"@id":"https:\/\/www.artisanlocal.ch\/c\/#website"},"primaryImageOfPage":{"@id":"https:\/\/www.artisanlocal.ch\/c\/nettoyage-pour-logement-et-local-dentreprise-a-attalens\/#primaryimage"},"image":{"@id":"https:\/\/www.artisanlocal.ch\/c\/nettoyage-pour-logement-et-local-dentreprise-a-attalens\/#primaryimage"},"thumbnailUrl":"https:\/\/www.artisanlocal.ch\/c\/wp-content\/uploads\/2024\/10\/agent-proprete.jpg","datePublished":"2024-04-16T16:38:11+00:00","dateModified":"2025-08-26T23:34:05+00:00","breadcrumb":{"@id":"https:\/\/www.artisanlocal.ch\/c\/nettoyage-pour-logement-et-local-dentreprise-a-attalens\/#breadcrumb"},"inLanguage":"fr-FR","potentialAction":[{"@type":"ReadAction","target":["https:\/\/www.artisanlocal.ch\/c\/nettoyage-pour-logement-et-local-dentreprise-a-attalens\/"]}]},{"@type":"ImageObject","inLanguage":"fr-FR","@id":"https:\/\/www.artisanlocal.ch\/c\/nettoyage-pour-logement-et-local-dentreprise-a-attalens\/#primaryimage","url":"https:\/\/www.artisanlocal.ch\/c\/wp-content\/uploads\/2024\/10\/agent-proprete.jpg","contentUrl":"https:\/\/www.artisanlocal.ch\/c\/wp-content\/uploads\/2024\/10\/agent-proprete.jpg","width":1920,"height":300},{"@type":"BreadcrumbList","@id":"https:\/\/www.artisanlocal.ch\/c\/nettoyage-pour-logement-et-local-dentreprise-a-attalens\/#breadcrumb","itemListElement":[{"@type":"ListItem","position":1,"name":"Accueil","item":"https:\/\/www.artisanlocal.ch\/c\/"},{"@type":"ListItem","position":2,"name":"Nettoyage pour logement et local d&rsquo;entreprise \u00e0 Attalens"}]},{"@type":"WebSite","@id":"https:\/\/www.artisanlocal.ch\/c\/#website","url":"https:\/\/www.artisanlocal.ch\/c\/","name":"Artisanlocal","description":"","publisher":{"@id":"https:\/\/www.artisanlocal.ch\/c\/#organization"},"potentialAction":[{"@type":"SearchAction","target":{"@type":"EntryPoint","urlTemplate":"https:\/\/www.artisanlocal.ch\/c\/?s={search_term_string}"},"query-input":{"@type":"PropertyValueSpecification","valueRequired":true,"valueName":"search_term_string"}}],"inLanguage":"fr-FR"},{"@type":"Organization","@id":"https:\/\/www.artisanlocal.ch\/c\/#organization","name":"Artisanlocal","url":"https:\/\/www.artisanlocal.ch\/c\/","logo":{"@type":"ImageObject","inLanguage":"fr-FR","@id":"https:\/\/www.artisanlocal.ch\/c\/#\/schema\/logo\/image\/","url":"https:\/\/www.artisanlocal.ch\/c\/wp-content\/uploads\/2024\/02\/logo-artisanlocal-h.svg","contentUrl":"https:\/\/www.artisanlocal.ch\/c\/wp-content\/uploads\/2024\/02\/logo-artisanlocal-h.svg","caption":"Artisanlocal"},"image":{"@id":"https:\/\/www.artisanlocal.ch\/c\/#\/schema\/logo\/image\/"}}]}},"_links":{"self":[{"href":"https:\/\/www.artisanlocal.ch\/c\/wp-json\/wp\/v2\/pages\/395","targetHints":{"allow":["GET"]}}],"collection":[{"href":"https:\/\/www.artisanlocal.ch\/c\/wp-json\/wp\/v2\/pages"}],"about":[{"href":"https:\/\/www.artisanlocal.ch\/c\/wp-json\/wp\/v2\/types\/page"}],"author":[{"embeddable":true,"href":"https:\/\/www.artisanlocal.ch\/c\/wp-json\/wp\/v2\/users\/4"}],"replies":[{"embeddable":true,"href":"https:\/\/www.artisanlocal.ch\/c\/wp-json\/wp\/v2\/comments?post=395"}],"version-history":[{"count":0,"href":"https:\/\/www.artisanlocal.ch\/c\/wp-json\/wp\/v2\/pages\/395\/revisions"}],"wp:featuredmedia":[{"embeddable":true,"href":"https:\/\/www.artisanlocal.ch\/c\/wp-json\/wp\/v2\/media\/2754"}],"wp:attachment":[{"href":"https:\/\/www.artisanlocal.ch\/c\/wp-json\/wp\/v2\/media?parent=395"}],"wp:term":[{"taxonomy":"profession","embeddable":true,"href":"https:\/\/www.artisanlocal.ch\/c\/wp-json\/wp\/v2\/profession?post=395"},{"taxonomy":"location","embeddable":true,"href":"https:\/\/www.artisanlocal.ch\/c\/wp-json\/wp\/v2\/location?post=395"},{"taxonomy":"canton","embeddable":true,"href":"https:\/\/www.artisanlocal.ch\/c\/wp-json\/wp\/v2\/canton?post=395"}],"curies":[{"name":"wp","href":"https:\/\/api.w.org\/{rel}","templated":true}]}}