{"id":397,"date":"2024-04-16T18:38:11","date_gmt":"2024-04-16T16:38:11","guid":{"rendered":"https:\/\/www.artisanlocal.ch\/c\/nettoyage-de-bureaux-et-dappartements-a-neuchatel\/"},"modified":"2025-08-27T01:34:04","modified_gmt":"2025-08-26T23:34:04","slug":"nettoyage-de-bureaux-et-dappartements-a-neuchatel","status":"publish","type":"page","link":"https:\/\/www.artisanlocal.ch\/c\/nettoyage-de-bureaux-et-dappartements-a-neuchatel\/","title":{"rendered":"Entreprise de Nettoyage \u00e0 Neuch\u00e2tel"},"content":{"rendered":"<p>Besoin d&rsquo;un nettoyage complet de votre appartement, maison, studio ou de vos locaux commerciaux \u00e0 Neuch\u00e2tel ? Artisanlocal r\u00e9alise le m\u00e9nage et l&rsquo;entretien de votre int\u00e9rieur et ext\u00e9rieur \u00e0 Neuch\u00e2tel et dans les villes proches.<br \/>\n\r\n<div class=\"box\">\r\n            <div class=\"company-info\">\r\n            <img decoding=\"async\" class=\"company-info__logo\" src=\"https:\/\/www.artisanlocal.ch\/media\/cache\/thumb\/images\/companies\/692d8be6f0dcb273783946.png\" alt=\"Logo\">\r\n            <h2 class=\"company-info__name\">Prestige Services MJ<\/h2>\r\n            <p class=\"company-info__business\">Entreprise de nettoyage - Nettoyage fin de chantier \/ bail - Conciergerie - Multiservices<\/p>\r\n        <\/div>\r\n        <div class=\"company-contact\">\r\n            <p class=\"company-info__address\">Les Quarres 1<\/p>\r\n                            <div class=\"links\">\r\n                                            <a class=\"btn has-accent-background-color js-phoneNumber\" href=\"tel:0782220424\" title=\"Appelez\" data-id=\"38843\" data-type=\"11\">078 222 04 24<\/a>\r\n                                                        <\/div>\r\n                    <\/div>\r\n    \r\n            \r\n<form action=\"https:\/\/www.artisanlocal.ch\/c\/wp-admin\/admin-ajax.php\" method=\"post\" class=\"form-contact\" id=\"artisan_form_contact_company_inline\">\r\n    <div><input type=\"hidden\" name=\"action\" value=\"company_contact\"><\/div>\r\n    <div><input type=\"hidden\" name=\"nonce\" value=\"972bc58192\"><\/div>\r\n    <div><input type=\"hidden\" name=\"company_id\" value=\"38843\"><\/div>\r\n    <div><input type=\"hidden\" name=\"form_id\" value=\"artisan_form_contact_company_inline\"><\/div>\r\n    <div class=\"gglcptch gglcptch_v3 gglcptch_custom\"><input type=\"hidden\" id=\"g-recaptcha-response\" name=\"g-recaptcha-response\" \/><br \/><div class=\"gglcptch_error_text\">La p\u00e9riode de v\u00e9rification reCAPTCHA a expir\u00e9. Veuillez recharger la page.<\/div><\/div>    <div class=\"form-content\">\r\n        <div class=\"form-group\">\r\n            <label for=\"contact_firstName\" class=\"required\">Pr\u00e9nom<\/label>\r\n            <input type=\"text\" name=\"firstName\" class=\"form-control\" required>\r\n        <\/div>\r\n        <div class=\"form-group\">\r\n            <label for=\"contact_lastName\" class=\"required\">Nom<\/label>\r\n            <input type=\"text\" name=\"lastName\" class=\"form-control\" required>\r\n        <\/div>\r\n        <div class=\"form-group\">\r\n            <label for=\"contact_email\" class=\"required\">Email<\/label>\r\n            <input type=\"email\" name=\"email\" class=\"form-control\" required>\r\n        <\/div>\r\n        <div class=\"form-group\">\r\n            <label for=\"contact_phone\" class=\"required\">Num\u00e9ro de t\u00e9l\u00e9phone<\/label>\r\n            <input type=\"tel\" name=\"phone\" class=\"form-control\" placeholder=\"0787117165\" pattern=\"^[0-9]{10}$\" required>\r\n        <\/div>\r\n        <div class=\"form-group\">\r\n            <label for=\"contact_postalCode\" class=\"required\">Code postal et localit\u00e9<\/label>\r\n            <input type=\"text\" name=\"postalCode\" class=\"form-control\" required>\r\n        <\/div>\r\n        <div class=\"form-group\">\r\n            <label for=\"contact_address\" class=\"required\">Adresse<\/label>\r\n            <input type=\"text\" name=\"address\" class=\"form-control\" required>\r\n        <\/div>\r\n        <div class=\"full-width topic\">\r\n            <p class=\"required\">Je souhaite \u00eatre contact\u00e9 pour :<\/p>\r\n            <div class=\"form-check\">\r\n                <input type=\"radio\" name=\"topic\" value=\"D\u00e9pannage\" class=\"form-control\" required>\r\n                <label for=\"d\u00e9pannage\">D\u00e9pannage<\/label>\r\n            <\/div>\r\n            <div class=\"form-check\">\r\n                <input type=\"radio\" name=\"topic\" value=\"Entretien\" class=\"form-control\" required>\r\n                <label for=\"entretien\">Entretien<\/label>\r\n            <\/div>\r\n            <div class=\"form-check\">\r\n                <input type=\"radio\" name=\"topic\" value=\"R\u00e9novation\" class=\"form-control\" required>\r\n                <label for=\"r\u00e9novation\">R\u00e9novation<\/label>\r\n            <\/div>\r\n            <div class=\"form-check\">\r\n                <input type=\"radio\" name=\"topic\" value=\"Autre\" class=\"form-control\" required>\r\n                <label for=\"autre\">Autre<\/label>\r\n            <\/div>\r\n        <\/div>\r\n        <div class=\"form-group full-width\">\r\n            <label for=\"contact_message\">Message<\/label>\r\n            <textarea name=\"message\" rows=\"3\" class=\"form-control\"><\/textarea>\r\n        <\/div>\r\n    <\/div>\r\n    <div class=\"form-actions\">\r\n        <button class=\"wp-block-button__link has-accent-background-color\">Contacter<\/button>\r\n    <\/div>\r\n<\/form>\r\n<div class=\"form-feedback\"><\/div>    <\/div><\/p>\n<h2>Pourquoi travailler avec notre entreprise ?<\/h2>\n<ul>\n<li>Vous pouvez planifier un rendez-vous aujourd&rsquo;hui avec notre soci\u00e9t\u00e9.<\/li>\n<li>Nos experts sont tous form\u00e9s avec les derni\u00e8res techniques.<\/li>\n<li>Notre service de nettoyage est effectu\u00e9 avec des produits \u00e9cologiques.<\/li>\n<li>Nos devis sont sans frais.<\/li>\n<\/ul>\n<h2>Prestations de nettoyage \u00e0 Neuch\u00e2tel<\/h2>\n<p>Nous proposons des solutions de m\u00e9nage pour r\u00e9pondre aux attentes de chacun de nos clients.<\/p>\n<p>Dans le cas d&rsquo;un m\u00e9nage complet, d\u2019un m\u00e9nage ponctuel ou d&rsquo;un entretien constant, nous pouvons \u00e9laborer des prestations sur mesure, voici les services que nous r\u00e9alisons le plus souvent \u00e0 Neuch\u00e2tel :<\/p>\n<ul>\n<li>M\u00e9nage apr\u00e8s d\u00e9m\u00e9nagement\/avant emm\u00e9nagement pour les locataires.<\/li>\n<li>Prestation de nettoyage, si vous \u00eates propri\u00e9taires Airbnb.<\/li>\n<li>Nettoyage professionnel de bureaux et locaux commerciaux.<\/li>\n<li>Nettoyage professionnel apr\u00e8s une r\u00e9novation d&rsquo;appartement.<\/li>\n<\/ul>\n<h2>Quelles sont les prestations d&rsquo;entretien d&rsquo;artisanlocal\u202f?<\/h2>\n<ul>\n<li>Service de nettoyage pour les conciergeries Airbnb,<\/li>\n<li>service de m\u00e9nage de studios,<\/li>\n<li>nettoyage d&rsquo;appareils \u00e9lectrom\u00e9nagers,<\/li>\n<li>nettoyage de balcon,<\/li>\n<li>service de nettoyage des espaces souterrains,<\/li>\n<li>d\u00e9sinfection des surfaces pour lutter contre les virus,<\/li>\n<li>service de lavage de la vaisselle,<\/li>\n<li>nettoyage des salles de gym,<\/li>\n<li>lavage des sols,<\/li>\n<li>nettoyage des \u00e9tablissements de sant\u00e9,<\/li>\n<li>nettoyage apr\u00e8s un changement de logement,<\/li>\n<li>nettoyage des locaux professionnels,<\/li>\n<li>nettoyage apr\u00e8s une r\u00e9novation,<\/li>\n<li>nettoyage de salles de bains,<\/li>\n<li>nettoyage des commerces locaux,<\/li>\n<li>service de m\u00e9nage et entretien des \u00e9tablissements scolaires,<\/li>\n<li>lavage de vitres.<\/li>\n<\/ul>\n<h2>Entretien et m\u00e9nage d&rsquo;appartement \u00e0 Neuch\u00e2tel<\/h2>\n<p>Nous r\u00e9alisons le nettoyage d\u2019appartement \u00e0 Neuch\u00e2tel, par exemple, nous pouvons nettoyer votre appartement, avant votre \u00e9tat des lieux.<\/p>\n<p>Il faut comprendre que si le nettoyage int\u00e9rieur de l&rsquo;appartement n&rsquo;est pas r\u00e9alis\u00e9 correctement, le bailleur peut faire appel \u00e0 une soci\u00e9t\u00e9 priv\u00e9e de nettoyage et conserver une part de votre caution.<\/p>\n<p>Les services de m\u00e9nage pour l&rsquo;\u00e9tat des lieux comprennent :<\/p>\n<p>&#8211; L&rsquo;entretien des surfaces : murs, sols, parquets, moquettes et carrelages.<\/p>\n<p>&#8211; Le lavage des vitres et fen\u00eatres.<\/p>\n<p>&#8211; L&rsquo;entretien et le nettoyage de la salle d&rsquo;eau et des WC.<\/p>\n<p>&#8211; Le service de nettoyage de la cuisine et de la hotte de cuisson.<\/p>\n<p>&#8211; Le d\u00e9poussi\u00e9rage du mobilier.<\/p>\n<h3>Vous d\u00e9sirez un nettoyage r\u00e9gulier de votre logement\u202f?<\/h3>\n<p>Artisanlocal, vous propose des services d&rsquo;entretien personnalis\u00e9s, adapt\u00e9s \u00e0 vos exigences, nous pouvons intervenir de fa\u00e7ons mensuelles, bihebdomadaires ou hebdomadaires.<\/p>\n<h3>Service pour un m\u00e9nage approfondi de votre habitation \u00e0 Neuch\u00e2tel<\/h3>\n<p>Nos artisans peuvent nettoyer minutieusement votre int\u00e9rieur, en plus de notre service de nettoyage standard.<\/p>\n<h3>Quels sont les avantages de r\u00e9aliser un entretien approfondi avec notre entreprise ?<\/h3>\n<p>Le principal avantage de l&rsquo;entretien approfondi est d&rsquo;enlever la salet\u00e9, la poussi\u00e8re et la crasse qui se sont entass\u00e9es avec le temps, ce qui permet d&rsquo;am\u00e9liorer la qualit\u00e9 de votre aire int\u00e9rieure et \u00e9limine les mauvaises odeurs.<\/p>\n<h3>Service d&rsquo;entretien de locaux professionnels \u00e0 Neuch\u00e2tel<\/h3>\n<p>Pour le m\u00e9nage de vos bureaux, comptez sur nos techniciens. En nous engageant, vous gagnez du temps, nos contrats sont adapt\u00e9s \u00e0 votre budget et \u00e0 vos besoins. D\u00e9couvrez nos services de propret\u00e9 pour les espaces de travail :<\/p>\n<ul>\n<li>Traitement des tapis et nettoyage des fen\u00eatres de bureau.<\/li>\n<li>Nettoyage de fauteuils, de chaises de travail, de divan en tissu ou en cuir brut ou naturel.<\/li>\n<li>Gestion des d\u00e9chets.<\/li>\n<li>D\u00e9poussi\u00e9rage de tous les meubles et zones de travail.<\/li>\n<li>Passage de l&rsquo;aspirateur et lavage des sols.<\/li>\n<\/ul>\n<h3>Service de nettoyage de maison \u00e0 Neuch\u00e2tel<\/h3>\n<p>Pour garantir que votre maison soit toujours propre, un nettoyage fr\u00e9quent doit faire partie de votre routine. \u00c0 l&rsquo;heure actuelle, la grande majorit\u00e9 des Suisses ont un planning charg\u00e9 et cela complique la r\u00e9alisation des t\u00e2ches domestiques courantes, c&rsquo;est ici que notre soci\u00e9t\u00e9 peut vous aider dans vos corv\u00e9es m\u00e9nag\u00e8res.<\/p>\n<h2>Pourquoi faire appel \u00e0 une soci\u00e9t\u00e9 pour nettoyer son habitation \u00e0 Neuch\u00e2tel ?<\/h2>\n<p>Si vous habitez \u00e0 Neuch\u00e2tel, vous avez peut-\u00eatre du mal \u00e0 garder votre appartement propre et bien rang\u00e9. Nos prestations de service sont adapt\u00e9es aux r\u00e9sidents de Neuch\u00e2tel. Avec notre soci\u00e9t\u00e9, vous avez la possibilit\u00e9 de :<\/p>\n<h3>Mieux organiser l&rsquo;int\u00e9rieur de votre habitation<\/h3>\n<p>Un appartement en d\u00e9sordre peut \u00eatre une cause de difficult\u00e9s dans votre quotidien (perte de temps, tensions avec son conjoint, etc.). Artisanlocal offre des services professionnels de nettoyage pour votre maison de mani\u00e8re \u00e0 mieux organiser votre espace.<\/p>\n<h3>Cr\u00e9er une ambiance plus accueillante<\/h3>\n<p>En effet, une r\u00e9sidence bien organis\u00e9e vous aidera ainsi que vos invit\u00e9s \u00e0 vous sentir plus \u00e0 l&rsquo;aise.<\/p>\n<h3>Rester en bonne forme et heureux<\/h3>\n<p>L&rsquo;accumulation des poussi\u00e8res dans votre propri\u00e9t\u00e9 peut cr\u00e9er des risques pour votre \u00e9tat de sant\u00e9, et causer des r\u00e9actions allergiques ou augmenter celles qui sont d\u00e9j\u00e0 pr\u00e9sentes. En faisant appel \u00e0 notre entreprise de m\u00e9nage, vous diminuez les allerg\u00e8nes pr\u00e9sents dans l&rsquo;air.<\/p>\n<h3>Artisanlocal intervient \u00e0 Neuch\u00e2tel et dans les villes aux alentours<\/h3>\n<p>Nos techniciens interviennent \u00e0 Neuch\u00e2tel et aussi \u00e0 : Auvernier, Colombier NE, B\u00f4le, Areuse, Cortaillod, Boudry, Chambrelien, Rochefort, Bevaix, Gorgier, St-Aubin-Sauges, Chez-le-Bart, Fresens, Montalchez, Vaumarcus, Peseux, Corcelles NE, Cormondr\u00e8che, Hauterive NE, St-Blaise, Enges, Marin-Epagnier, Thielle, Wavre, Cornaux NE, Cressier NE, Champ-du-Moulin.<\/p>\n","protected":false},"excerpt":{"rendered":"<p>Besoin d&rsquo;un nettoyage complet de votre appartement, maison, studio ou de vos locaux commerciaux \u00e0 Neuch\u00e2tel ? Artisanlocal r\u00e9alise le m\u00e9nage et l&rsquo;entretien de votre int\u00e9rieur et ext\u00e9rieur \u00e0 Neuch\u00e2tel et dans les villes proches. Pourquoi travailler avec notre entreprise ? Vous pouvez planifier un rendez-vous aujourd&rsquo;hui avec notre soci\u00e9t\u00e9. Nos experts sont tous form\u00e9s [&hellip;]<\/p>\n","protected":false},"author":4,"featured_media":2754,"parent":0,"menu_order":0,"comment_status":"closed","ping_status":"closed","template":"","meta":{"footnotes":""},"profession":[108],"location":[62],"canton":[114],"class_list":["post-397","page","type-page","status-publish","has-post-thumbnail","hentry","profession-agent-de-proprete","location-neuchatel","canton-ne"],"yoast_head":"<!-- This site is optimized with the Yoast SEO Premium plugin v25.7.1 (Yoast SEO v27.4) - https:\/\/yoast.com\/product\/yoast-seo-premium-wordpress\/ -->\n<title>Entreprise de Nettoyage \u00e0 Neuch\u00e2tel - Artisanlocal<\/title>\n<meta name=\"robots\" content=\"index, follow, max-snippet:-1, max-image-preview:large, max-video-preview:-1\" \/>\n<link rel=\"canonical\" href=\"https:\/\/www.artisanlocal.ch\/c\/nettoyage-de-bureaux-et-dappartements-a-neuchatel\/\" \/>\n<meta property=\"og:locale\" content=\"fr_FR\" \/>\n<meta property=\"og:type\" content=\"article\" \/>\n<meta property=\"og:title\" content=\"Entreprise de Nettoyage \u00e0 Neuch\u00e2tel\" \/>\n<meta property=\"og:description\" content=\"Besoin d&rsquo;un nettoyage complet de votre appartement, maison, studio ou de vos locaux commerciaux \u00e0 Neuch\u00e2tel ? Artisanlocal r\u00e9alise le m\u00e9nage et l&rsquo;entretien de votre int\u00e9rieur et ext\u00e9rieur \u00e0 Neuch\u00e2tel et dans les villes proches. Pourquoi travailler avec notre entreprise ? Vous pouvez planifier un rendez-vous aujourd&rsquo;hui avec notre soci\u00e9t\u00e9. Nos experts sont tous form\u00e9s [&hellip;]\" \/>\n<meta property=\"og:url\" content=\"https:\/\/www.artisanlocal.ch\/c\/nettoyage-de-bureaux-et-dappartements-a-neuchatel\/\" \/>\n<meta property=\"og:site_name\" content=\"Artisanlocal\" \/>\n<meta property=\"article:modified_time\" content=\"2025-08-26T23:34:04+00:00\" \/>\n<meta property=\"og:image\" content=\"https:\/\/www.artisanlocal.ch\/c\/wp-content\/uploads\/2024\/10\/agent-proprete.jpg\" \/>\n\t<meta property=\"og:image:width\" content=\"1920\" \/>\n\t<meta property=\"og:image:height\" content=\"300\" \/>\n\t<meta property=\"og:image:type\" content=\"image\/jpeg\" \/>\n<meta name=\"twitter:card\" content=\"summary_large_image\" \/>\n<meta name=\"twitter:label1\" content=\"Dur\u00e9e de lecture estim\u00e9e\" \/>\n\t<meta name=\"twitter:data1\" content=\"5 minutes\" \/>\n<script type=\"application\/ld+json\" class=\"yoast-schema-graph\">{\"@context\":\"https:\\\/\\\/schema.org\",\"@graph\":[{\"@type\":\"WebPage\",\"@id\":\"https:\\\/\\\/www.artisanlocal.ch\\\/c\\\/nettoyage-de-bureaux-et-dappartements-a-neuchatel\\\/\",\"url\":\"https:\\\/\\\/www.artisanlocal.ch\\\/c\\\/nettoyage-de-bureaux-et-dappartements-a-neuchatel\\\/\",\"name\":\"Entreprise de Nettoyage \u00e0 Neuch\u00e2tel - Artisanlocal\",\"isPartOf\":{\"@id\":\"https:\\\/\\\/www.artisanlocal.ch\\\/c\\\/#website\"},\"primaryImageOfPage\":{\"@id\":\"https:\\\/\\\/www.artisanlocal.ch\\\/c\\\/nettoyage-de-bureaux-et-dappartements-a-neuchatel\\\/#primaryimage\"},\"image\":{\"@id\":\"https:\\\/\\\/www.artisanlocal.ch\\\/c\\\/nettoyage-de-bureaux-et-dappartements-a-neuchatel\\\/#primaryimage\"},\"thumbnailUrl\":\"https:\\\/\\\/www.artisanlocal.ch\\\/c\\\/wp-content\\\/uploads\\\/2024\\\/10\\\/agent-proprete.jpg\",\"datePublished\":\"2024-04-16T16:38:11+00:00\",\"dateModified\":\"2025-08-26T23:34:04+00:00\",\"breadcrumb\":{\"@id\":\"https:\\\/\\\/www.artisanlocal.ch\\\/c\\\/nettoyage-de-bureaux-et-dappartements-a-neuchatel\\\/#breadcrumb\"},\"inLanguage\":\"fr-FR\",\"potentialAction\":[{\"@type\":\"ReadAction\",\"target\":[\"https:\\\/\\\/www.artisanlocal.ch\\\/c\\\/nettoyage-de-bureaux-et-dappartements-a-neuchatel\\\/\"]}]},{\"@type\":\"ImageObject\",\"inLanguage\":\"fr-FR\",\"@id\":\"https:\\\/\\\/www.artisanlocal.ch\\\/c\\\/nettoyage-de-bureaux-et-dappartements-a-neuchatel\\\/#primaryimage\",\"url\":\"https:\\\/\\\/www.artisanlocal.ch\\\/c\\\/wp-content\\\/uploads\\\/2024\\\/10\\\/agent-proprete.jpg\",\"contentUrl\":\"https:\\\/\\\/www.artisanlocal.ch\\\/c\\\/wp-content\\\/uploads\\\/2024\\\/10\\\/agent-proprete.jpg\",\"width\":1920,\"height\":300},{\"@type\":\"BreadcrumbList\",\"@id\":\"https:\\\/\\\/www.artisanlocal.ch\\\/c\\\/nettoyage-de-bureaux-et-dappartements-a-neuchatel\\\/#breadcrumb\",\"itemListElement\":[{\"@type\":\"ListItem\",\"position\":1,\"name\":\"Accueil\",\"item\":\"https:\\\/\\\/www.artisanlocal.ch\\\/c\\\/\"},{\"@type\":\"ListItem\",\"position\":2,\"name\":\"Entreprise de Nettoyage \u00e0 Neuch\u00e2tel\"}]},{\"@type\":\"WebSite\",\"@id\":\"https:\\\/\\\/www.artisanlocal.ch\\\/c\\\/#website\",\"url\":\"https:\\\/\\\/www.artisanlocal.ch\\\/c\\\/\",\"name\":\"Artisanlocal\",\"description\":\"\",\"publisher\":{\"@id\":\"https:\\\/\\\/www.artisanlocal.ch\\\/c\\\/#organization\"},\"potentialAction\":[{\"@type\":\"SearchAction\",\"target\":{\"@type\":\"EntryPoint\",\"urlTemplate\":\"https:\\\/\\\/www.artisanlocal.ch\\\/c\\\/?s={search_term_string}\"},\"query-input\":{\"@type\":\"PropertyValueSpecification\",\"valueRequired\":true,\"valueName\":\"search_term_string\"}}],\"inLanguage\":\"fr-FR\"},{\"@type\":\"Organization\",\"@id\":\"https:\\\/\\\/www.artisanlocal.ch\\\/c\\\/#organization\",\"name\":\"Artisanlocal\",\"url\":\"https:\\\/\\\/www.artisanlocal.ch\\\/c\\\/\",\"logo\":{\"@type\":\"ImageObject\",\"inLanguage\":\"fr-FR\",\"@id\":\"https:\\\/\\\/www.artisanlocal.ch\\\/c\\\/#\\\/schema\\\/logo\\\/image\\\/\",\"url\":\"https:\\\/\\\/www.artisanlocal.ch\\\/c\\\/wp-content\\\/uploads\\\/2024\\\/02\\\/logo-artisanlocal-h.svg\",\"contentUrl\":\"https:\\\/\\\/www.artisanlocal.ch\\\/c\\\/wp-content\\\/uploads\\\/2024\\\/02\\\/logo-artisanlocal-h.svg\",\"caption\":\"Artisanlocal\"},\"image\":{\"@id\":\"https:\\\/\\\/www.artisanlocal.ch\\\/c\\\/#\\\/schema\\\/logo\\\/image\\\/\"}}]}<\/script>\n<!-- \/ Yoast SEO Premium plugin. -->","yoast_head_json":{"title":"Entreprise de Nettoyage \u00e0 Neuch\u00e2tel - Artisanlocal","robots":{"index":"index","follow":"follow","max-snippet":"max-snippet:-1","max-image-preview":"max-image-preview:large","max-video-preview":"max-video-preview:-1"},"canonical":"https:\/\/www.artisanlocal.ch\/c\/nettoyage-de-bureaux-et-dappartements-a-neuchatel\/","og_locale":"fr_FR","og_type":"article","og_title":"Entreprise de Nettoyage \u00e0 Neuch\u00e2tel","og_description":"Besoin d&rsquo;un nettoyage complet de votre appartement, maison, studio ou de vos locaux commerciaux \u00e0 Neuch\u00e2tel ? Artisanlocal r\u00e9alise le m\u00e9nage et l&rsquo;entretien de votre int\u00e9rieur et ext\u00e9rieur \u00e0 Neuch\u00e2tel et dans les villes proches. Pourquoi travailler avec notre entreprise ? Vous pouvez planifier un rendez-vous aujourd&rsquo;hui avec notre soci\u00e9t\u00e9. Nos experts sont tous form\u00e9s [&hellip;]","og_url":"https:\/\/www.artisanlocal.ch\/c\/nettoyage-de-bureaux-et-dappartements-a-neuchatel\/","og_site_name":"Artisanlocal","article_modified_time":"2025-08-26T23:34:04+00:00","og_image":[{"width":1920,"height":300,"url":"https:\/\/www.artisanlocal.ch\/c\/wp-content\/uploads\/2024\/10\/agent-proprete.jpg","type":"image\/jpeg"}],"twitter_card":"summary_large_image","twitter_misc":{"Dur\u00e9e de lecture estim\u00e9e":"5 minutes"},"schema":{"@context":"https:\/\/schema.org","@graph":[{"@type":"WebPage","@id":"https:\/\/www.artisanlocal.ch\/c\/nettoyage-de-bureaux-et-dappartements-a-neuchatel\/","url":"https:\/\/www.artisanlocal.ch\/c\/nettoyage-de-bureaux-et-dappartements-a-neuchatel\/","name":"Entreprise de Nettoyage \u00e0 Neuch\u00e2tel - Artisanlocal","isPartOf":{"@id":"https:\/\/www.artisanlocal.ch\/c\/#website"},"primaryImageOfPage":{"@id":"https:\/\/www.artisanlocal.ch\/c\/nettoyage-de-bureaux-et-dappartements-a-neuchatel\/#primaryimage"},"image":{"@id":"https:\/\/www.artisanlocal.ch\/c\/nettoyage-de-bureaux-et-dappartements-a-neuchatel\/#primaryimage"},"thumbnailUrl":"https:\/\/www.artisanlocal.ch\/c\/wp-content\/uploads\/2024\/10\/agent-proprete.jpg","datePublished":"2024-04-16T16:38:11+00:00","dateModified":"2025-08-26T23:34:04+00:00","breadcrumb":{"@id":"https:\/\/www.artisanlocal.ch\/c\/nettoyage-de-bureaux-et-dappartements-a-neuchatel\/#breadcrumb"},"inLanguage":"fr-FR","potentialAction":[{"@type":"ReadAction","target":["https:\/\/www.artisanlocal.ch\/c\/nettoyage-de-bureaux-et-dappartements-a-neuchatel\/"]}]},{"@type":"ImageObject","inLanguage":"fr-FR","@id":"https:\/\/www.artisanlocal.ch\/c\/nettoyage-de-bureaux-et-dappartements-a-neuchatel\/#primaryimage","url":"https:\/\/www.artisanlocal.ch\/c\/wp-content\/uploads\/2024\/10\/agent-proprete.jpg","contentUrl":"https:\/\/www.artisanlocal.ch\/c\/wp-content\/uploads\/2024\/10\/agent-proprete.jpg","width":1920,"height":300},{"@type":"BreadcrumbList","@id":"https:\/\/www.artisanlocal.ch\/c\/nettoyage-de-bureaux-et-dappartements-a-neuchatel\/#breadcrumb","itemListElement":[{"@type":"ListItem","position":1,"name":"Accueil","item":"https:\/\/www.artisanlocal.ch\/c\/"},{"@type":"ListItem","position":2,"name":"Entreprise de Nettoyage \u00e0 Neuch\u00e2tel"}]},{"@type":"WebSite","@id":"https:\/\/www.artisanlocal.ch\/c\/#website","url":"https:\/\/www.artisanlocal.ch\/c\/","name":"Artisanlocal","description":"","publisher":{"@id":"https:\/\/www.artisanlocal.ch\/c\/#organization"},"potentialAction":[{"@type":"SearchAction","target":{"@type":"EntryPoint","urlTemplate":"https:\/\/www.artisanlocal.ch\/c\/?s={search_term_string}"},"query-input":{"@type":"PropertyValueSpecification","valueRequired":true,"valueName":"search_term_string"}}],"inLanguage":"fr-FR"},{"@type":"Organization","@id":"https:\/\/www.artisanlocal.ch\/c\/#organization","name":"Artisanlocal","url":"https:\/\/www.artisanlocal.ch\/c\/","logo":{"@type":"ImageObject","inLanguage":"fr-FR","@id":"https:\/\/www.artisanlocal.ch\/c\/#\/schema\/logo\/image\/","url":"https:\/\/www.artisanlocal.ch\/c\/wp-content\/uploads\/2024\/02\/logo-artisanlocal-h.svg","contentUrl":"https:\/\/www.artisanlocal.ch\/c\/wp-content\/uploads\/2024\/02\/logo-artisanlocal-h.svg","caption":"Artisanlocal"},"image":{"@id":"https:\/\/www.artisanlocal.ch\/c\/#\/schema\/logo\/image\/"}}]}},"_links":{"self":[{"href":"https:\/\/www.artisanlocal.ch\/c\/wp-json\/wp\/v2\/pages\/397","targetHints":{"allow":["GET"]}}],"collection":[{"href":"https:\/\/www.artisanlocal.ch\/c\/wp-json\/wp\/v2\/pages"}],"about":[{"href":"https:\/\/www.artisanlocal.ch\/c\/wp-json\/wp\/v2\/types\/page"}],"author":[{"embeddable":true,"href":"https:\/\/www.artisanlocal.ch\/c\/wp-json\/wp\/v2\/users\/4"}],"replies":[{"embeddable":true,"href":"https:\/\/www.artisanlocal.ch\/c\/wp-json\/wp\/v2\/comments?post=397"}],"version-history":[{"count":0,"href":"https:\/\/www.artisanlocal.ch\/c\/wp-json\/wp\/v2\/pages\/397\/revisions"}],"wp:featuredmedia":[{"embeddable":true,"href":"https:\/\/www.artisanlocal.ch\/c\/wp-json\/wp\/v2\/media\/2754"}],"wp:attachment":[{"href":"https:\/\/www.artisanlocal.ch\/c\/wp-json\/wp\/v2\/media?parent=397"}],"wp:term":[{"taxonomy":"profession","embeddable":true,"href":"https:\/\/www.artisanlocal.ch\/c\/wp-json\/wp\/v2\/profession?post=397"},{"taxonomy":"location","embeddable":true,"href":"https:\/\/www.artisanlocal.ch\/c\/wp-json\/wp\/v2\/location?post=397"},{"taxonomy":"canton","embeddable":true,"href":"https:\/\/www.artisanlocal.ch\/c\/wp-json\/wp\/v2\/canton?post=397"}],"curies":[{"name":"wp","href":"https:\/\/api.w.org\/{rel}","templated":true}]}}