{"id":398,"date":"2024-04-16T18:38:11","date_gmt":"2024-04-16T16:38:11","guid":{"rendered":"https:\/\/www.artisanlocal.ch\/c\/nettoyage-professionnel-pour-domicile-et-bureau-a-le-locle\/"},"modified":"2025-08-27T01:34:03","modified_gmt":"2025-08-26T23:34:03","slug":"nettoyage-professionnel-pour-domicile-et-bureau-a-le-locle","status":"publish","type":"page","link":"https:\/\/www.artisanlocal.ch\/c\/nettoyage-professionnel-pour-domicile-et-bureau-a-le-locle\/","title":{"rendered":"Entreprise de nettoyage au Locle"},"content":{"rendered":"<p>Besoin d&rsquo;une entreprise de nettoyage au Locle ? Notre soci\u00e9t\u00e9 r\u00e9alise le nettoyage de votre studio ou de vos bureaux.<br \/>\n\r\n<div class=\"box\">\r\n            <div class=\"company-info\">\r\n            <img decoding=\"async\" class=\"company-info__logo\" src=\"https:\/\/www.artisanlocal.ch\/media\/cache\/thumb\/images\/companies\/699c11cc60636785627555.png\" alt=\"Logo\">\r\n            <h2 class=\"company-info__name\">Deluxis Services<\/h2>\r\n            <p class=\"company-info__business\">Entreprise de nettoyage - Entretien - Nettoyage (r\u00e9sidentiel, de bureaux, etc) - Nettoyage fin de chantier \/ bail<\/p>\r\n        <\/div>\r\n        <div class=\"company-contact\">\r\n            <p class=\"company-info__address\">Avenue L\u00e9opold-Robert 148A<\/p>\r\n                            <div class=\"links\">\r\n                                            <a class=\"btn has-accent-background-color js-phoneNumber\" href=\"tel:0762680852\" title=\"Appelez\" data-id=\"27026\" data-type=\"11\">076 268 08 52<\/a>\r\n                                                                <a class=\"btn has-accent-background-color\" href=\"https:\/\/www.deluxis-services.ch\/\" target=\"_blank\" title=\"Voir le site internet\" data-id=\"27026\" data-type=\"20\">Site internet<\/a>\r\n                                    <\/div>\r\n                    <\/div>\r\n    \r\n            \r\n<form action=\"https:\/\/www.artisanlocal.ch\/c\/wp-admin\/admin-ajax.php\" method=\"post\" class=\"form-contact\" id=\"artisan_form_contact_company_inline\">\r\n    <div><input type=\"hidden\" name=\"action\" value=\"company_contact\"><\/div>\r\n    <div><input type=\"hidden\" name=\"nonce\" value=\"972bc58192\"><\/div>\r\n    <div><input type=\"hidden\" name=\"company_id\" value=\"27026\"><\/div>\r\n    <div><input type=\"hidden\" name=\"form_id\" value=\"artisan_form_contact_company_inline\"><\/div>\r\n    <div class=\"gglcptch gglcptch_v3 gglcptch_custom\"><input type=\"hidden\" id=\"g-recaptcha-response\" name=\"g-recaptcha-response\" \/><br \/><div class=\"gglcptch_error_text\">La p\u00e9riode de v\u00e9rification reCAPTCHA a expir\u00e9. Veuillez recharger la page.<\/div><\/div>    <div class=\"form-content\">\r\n        <div class=\"form-group\">\r\n            <label for=\"contact_firstName\" class=\"required\">Pr\u00e9nom<\/label>\r\n            <input type=\"text\" name=\"firstName\" class=\"form-control\" required>\r\n        <\/div>\r\n        <div class=\"form-group\">\r\n            <label for=\"contact_lastName\" class=\"required\">Nom<\/label>\r\n            <input type=\"text\" name=\"lastName\" class=\"form-control\" required>\r\n        <\/div>\r\n        <div class=\"form-group\">\r\n            <label for=\"contact_email\" class=\"required\">Email<\/label>\r\n            <input type=\"email\" name=\"email\" class=\"form-control\" required>\r\n        <\/div>\r\n        <div class=\"form-group\">\r\n            <label for=\"contact_phone\" class=\"required\">Num\u00e9ro de t\u00e9l\u00e9phone<\/label>\r\n            <input type=\"tel\" name=\"phone\" class=\"form-control\" placeholder=\"0787117165\" pattern=\"^[0-9]{10}$\" required>\r\n        <\/div>\r\n        <div class=\"form-group\">\r\n            <label for=\"contact_postalCode\" class=\"required\">Code postal et localit\u00e9<\/label>\r\n            <input type=\"text\" name=\"postalCode\" class=\"form-control\" required>\r\n        <\/div>\r\n        <div class=\"form-group\">\r\n            <label for=\"contact_address\" class=\"required\">Adresse<\/label>\r\n            <input type=\"text\" name=\"address\" class=\"form-control\" required>\r\n        <\/div>\r\n        <div class=\"full-width topic\">\r\n            <p class=\"required\">Je souhaite \u00eatre contact\u00e9 pour :<\/p>\r\n            <div class=\"form-check\">\r\n                <input type=\"radio\" name=\"topic\" value=\"D\u00e9pannage\" class=\"form-control\" required>\r\n                <label for=\"d\u00e9pannage\">D\u00e9pannage<\/label>\r\n            <\/div>\r\n            <div class=\"form-check\">\r\n                <input type=\"radio\" name=\"topic\" value=\"Entretien\" class=\"form-control\" required>\r\n                <label for=\"entretien\">Entretien<\/label>\r\n            <\/div>\r\n            <div class=\"form-check\">\r\n                <input type=\"radio\" name=\"topic\" value=\"R\u00e9novation\" class=\"form-control\" required>\r\n                <label for=\"r\u00e9novation\">R\u00e9novation<\/label>\r\n            <\/div>\r\n            <div class=\"form-check\">\r\n                <input type=\"radio\" name=\"topic\" value=\"Autre\" class=\"form-control\" required>\r\n                <label for=\"autre\">Autre<\/label>\r\n            <\/div>\r\n        <\/div>\r\n        <div class=\"form-group full-width\">\r\n            <label for=\"contact_message\">Message<\/label>\r\n            <textarea name=\"message\" rows=\"3\" class=\"form-control\"><\/textarea>\r\n        <\/div>\r\n    <\/div>\r\n    <div class=\"form-actions\">\r\n        <button class=\"wp-block-button__link has-accent-background-color\">Contacter<\/button>\r\n    <\/div>\r\n<\/form>\r\n<div class=\"form-feedback\"><\/div>    <\/div><\/p>\n<h2>Quelles sont les raisons de travailler avec notre entreprise ?<\/h2>\n<ul>\n<li>Vous avez la possibilit\u00e9 de r\u00e9server un rendez-vous le jour m\u00eame.<\/li>\n<li>Nous employons les derni\u00e8res pratiques de nettoyage.<\/li>\n<li>L&rsquo;entretien est effectu\u00e9 avec des produits respectueux de l&rsquo;environnement.<\/li>\n<li>Nos devis sont sans frais.<\/li>\n<\/ul>\n<h2>Services de nettoyage au Locle<\/h2>\n<p>Nous offrons une gamme de prestations de nettoyage personnalis\u00e9 pour r\u00e9pondre aux besoins de nos clients.<\/p>\n<p>Si vous avez besoin d&rsquo;un nettoyage complet de votre int\u00e9rieur, d&rsquo;un m\u00e9nage ponctuel ou d&rsquo;un service d&rsquo;entretien continu, nous sommes l\u00e0 pour vous. D\u00e9couvrez nos services les plus fr\u00e9quemment r\u00e9alis\u00e9s au Locle et profitez :<\/p>\n<ul>\n<li>De service de m\u00e9nage pour votre changement de domicile.<\/li>\n<li>D&rsquo;une prestation de m\u00e9nage, si vous \u00eates propri\u00e9taires de locations Airbnb.<\/li>\n<li>D&rsquo;un lavage des espaces de bureaux et des commerces.<\/li>\n<li>D&rsquo;un nettoyage apr\u00e8s une r\u00e9novation d&rsquo;int\u00e9rieur.<\/li>\n<\/ul>\n<h2>Quels sont les services de nettoyage qu&rsquo;artisanlocal propose\u202f?<\/h2>\n<ul>\n<li>Service de nettoyage pour les locations temporaires,<\/li>\n<li>service de nettoyage d&rsquo;appartements,<\/li>\n<li>entretien d&rsquo;appareils \u00e9lectrom\u00e9nagers,<\/li>\n<li>nettoyage de balcon,<\/li>\n<li>services de m\u00e9nage pour les sous-sols,<\/li>\n<li>assainissement des surfaces pour lutter contre les pathog\u00e8nes,<\/li>\n<li>lavage de la vaisselle,<\/li>\n<li>nettoyage des installations sportives,<\/li>\n<li>entretien des sols,<\/li>\n<li>nettoyage des h\u00f4pitaux,<\/li>\n<li>m\u00e9nage et nettoyage apr\u00e8s un d\u00e9m\u00e9nagement,<\/li>\n<li>nettoyage des espaces de travail,<\/li>\n<li>service de m\u00e9nage apr\u00e8s une r\u00e9novation,<\/li>\n<li>nettoyage des salles d&rsquo;eau,<\/li>\n<li>nettoyage des commerces locaux,<\/li>\n<li>nettoyage des salles de classe,<\/li>\n<li>lavage de vitres.<\/li>\n<\/ul>\n<h2>Une entreprise de confiance en Suisse<\/h2>\n<h3>Nettoyage d&rsquo;appartement au Locle<\/h3>\n<p>Si vous habitez au Locle, nous pouvons r\u00e9aliser le m\u00e9nage de votre studio en amont de l&rsquo;\u00e9tat des lieux de sortie.<\/p>\n<p>Il faut comprendre que si le m\u00e9nage de l&rsquo;appartement n&rsquo;est pas effectu\u00e9 de fa\u00e7on convenable, le gestionnaire immobilier est autoris\u00e9 \u00e0 faire appel \u00e0 une entreprise de nettoyage et garder une partie de votre caution.<\/p>\n<p>Le m\u00e9nage avant l&rsquo;\u00e9tat des lieux englobe en particulier les prestations suivantes :<\/p>\n<p>&#8211; L&rsquo;entretien des surfaces : murs, sols, parquets, moquettes et carrelages.<\/p>\n<p>&#8211; Service de nettoyage des vitres et des fen\u00eatres.<\/p>\n<p>&#8211; Le nettoyage de la salle de bain et des toilettes.<\/p>\n<p>&#8211; Le nettoyage de l&rsquo;espace de cuisson et du syst\u00e8me de ventilation de la cuisine.<\/p>\n<p>&#8211; Le d\u00e9poussi\u00e9rage du mobilier.<\/p>\n<h3>Vous souhaitez avoir un nettoyage r\u00e9gulier de votre studio\u202f?<\/h3>\n<p>Notre entreprise propose des solutions d&rsquo;entretien adapt\u00e9es \u00e0 vos attentes, avec des interventions hebdomadaires, bihebdomadaires ou chaque mois.<\/p>\n<h3>Nettoyage approfondi de votre r\u00e9sidence et de votre appartement au Locle<\/h3>\n<p>Artisanlocal propose des services de nettoyage en profondeur pour votre habitation ou studio, en compl\u00e9ment de notre prestation de m\u00e9nage standard.<\/p>\n<h3>Quels sont les avantages d\u2019un entretien en profondeur avec Artisanlocal ?<\/h3>\n<p>L\u2019avantage majeur d&rsquo;un m\u00e9nage approfondi est d&rsquo;enlever la salet\u00e9, la poussi\u00e8re et la crasse qui se sont empil\u00e9es au fur et \u00e0 mesure, pour rendre l&rsquo;air de votre logement sain. Un grand nettoyage est \u00e9galement un moyen d&rsquo;\u00e9liminer les odeurs d\u00e9sagr\u00e9ables.<\/p>\n<h3>Service de m\u00e9nage de bureaux au Locle<\/h3>\n<p>Pour le m\u00e9nage de vos espaces de travail, comptez sur Artisanlocal. Gagnez du temps et de l&rsquo;\u00e9nergie gr\u00e2ce \u00e0 nos prestations ! Nos contrats sont sur mesures, ils s&rsquo;adaptent \u00e0 vos besoins et \u00e0 vos moyens. D\u00e9couvrez nos services de m\u00e9nage pour les lieux de travail :<\/p>\n<ul>\n<li>Lavage de vos tapis et des fen\u00eatres.<\/li>\n<li>Entretien de fauteuils, de chaises de bureau, de canap\u00e9 en tissu ou en cuir brut ou naturel.<\/li>\n<li>Enl\u00e8vement des d\u00e9tritus.<\/li>\n<li>\u00c9limination des poussi\u00e8res.<\/li>\n<li>D\u00e9poussi\u00e9rage des sols avec l&rsquo;aspirateur et lavage des sols.<\/li>\n<\/ul>\n<h3>Nettoyage de la propri\u00e9t\u00e9 au Locle<\/h3>\n<p>Pour garantir que votre propri\u00e9t\u00e9 soit continuellement propre, un m\u00e9nage fr\u00e9quent doit faire partie de vos habitudes. \u00c0 notre \u00e9poque, la majorit\u00e9 des individus ont un planning charg\u00e9 et cela rend difficile la r\u00e9alisation des t\u00e2ches domestiques journali\u00e8res, c&rsquo;est ici que notre entreprise peut vous aider dans vos t\u00e2ches m\u00e9nag\u00e8res.<\/p>\n<h2>Pourquoi faire appel \u00e0 une soci\u00e9t\u00e9 pour nettoyer sa propri\u00e9t\u00e9 au Locle ?<\/h2>\n<h3>Mieux g\u00e9rer l&rsquo;int\u00e9rieur de votre habitation<\/h3>\n<p>Un logement en d\u00e9sordre peut \u00eatre une cause de probl\u00e8mes (perte de temps, tensions avec son conjoint, etc.). Artisanlocal propose des services de nettoyage d&rsquo;int\u00e9rieur pour les maisons et appartements.<\/p>\n<h3>Cr\u00e9er une atmosph\u00e8re plus confortable<\/h3>\n<p>En effet, une r\u00e9sidence bien rang\u00e9e vous aidera ainsi que vos invit\u00e9s \u00e0 vous sentir plus \u00e0 l&rsquo;aise.<\/p>\n<h3>Pour rester heureux<\/h3>\n<p>La concentration des particules de poussi\u00e8res fines dans votre propri\u00e9t\u00e9 peut engendrer des dangers pour votre \u00e9tat de sant\u00e9, et provoquer des allergies ou exacerber celles qui sont d\u00e9j\u00e0 pr\u00e9sentes. En sollicitant les services de notre entreprise de nettoyage, vous diminuez les possibles expositions aux allerg\u00e8nes.<\/p>\n<h3>Am\u00e9liorer la disposition g\u00e9n\u00e9rale de votre habitation<\/h3>\n<p>Il est courant que l&rsquo;espace int\u00e9rieur des habitations soit mal organis\u00e9 et n\u00e9glig\u00e9. Notre service de nettoyage peut s&rsquo;av\u00e9rer utile pour maintenir votre maison bien rang\u00e9e. De plus, nous pouvons aussi intervenir \u00e0 : Noiraigue, Travers, Couvet, M\u00f4tiers NE, Boveresse, Fleurier, Buttes, Mont-de-Buttes, La C\u00f4te-aux-F\u00e9es, St-Sulpice NE, Les Sagnettes, Les Verri\u00e8res, Les Bayards, Brot-Dessous, Fretereules, Petit-Martel, Les Ponts-de-Martel, Brot-Plamboz, Le Pr\u00e9voux, La Chaux-du-Milieu, La Br\u00e9vine, La Ch\u00e2tagne, Le Brouillet, Les Taill\u00e8res, Le Cerneux-P\u00e9quignot, Les Brenets.<\/p>\n","protected":false},"excerpt":{"rendered":"<p>Besoin d&rsquo;une entreprise de nettoyage au Locle ? Notre soci\u00e9t\u00e9 r\u00e9alise le nettoyage de votre studio ou de vos bureaux. Quelles sont les raisons de travailler avec notre entreprise ? Vous avez la possibilit\u00e9 de r\u00e9server un rendez-vous le jour m\u00eame. Nous employons les derni\u00e8res pratiques de nettoyage. L&rsquo;entretien est effectu\u00e9 avec des produits respectueux [&hellip;]<\/p>\n","protected":false},"author":4,"featured_media":2754,"parent":0,"menu_order":0,"comment_status":"closed","ping_status":"closed","template":"","meta":{"footnotes":""},"profession":[108],"location":[83],"canton":[114],"class_list":["post-398","page","type-page","status-publish","has-post-thumbnail","hentry","profession-agent-de-proprete","location-le-locle","canton-ne"],"yoast_head":"<!-- This site is optimized with the Yoast SEO Premium plugin v25.7.1 (Yoast SEO v27.4) - https:\/\/yoast.com\/product\/yoast-seo-premium-wordpress\/ -->\n<title>Entreprise de nettoyage au Locle - Artisanlocal<\/title>\n<meta name=\"robots\" content=\"index, follow, max-snippet:-1, max-image-preview:large, max-video-preview:-1\" \/>\n<link rel=\"canonical\" href=\"https:\/\/www.artisanlocal.ch\/c\/nettoyage-professionnel-pour-domicile-et-bureau-a-le-locle\/\" \/>\n<meta property=\"og:locale\" content=\"fr_FR\" \/>\n<meta property=\"og:type\" content=\"article\" \/>\n<meta property=\"og:title\" content=\"Entreprise de nettoyage au Locle\" \/>\n<meta property=\"og:description\" content=\"Besoin d&rsquo;une entreprise de nettoyage au Locle ? Notre soci\u00e9t\u00e9 r\u00e9alise le nettoyage de votre studio ou de vos bureaux. Quelles sont les raisons de travailler avec notre entreprise ? Vous avez la possibilit\u00e9 de r\u00e9server un rendez-vous le jour m\u00eame. Nous employons les derni\u00e8res pratiques de nettoyage. L&rsquo;entretien est effectu\u00e9 avec des produits respectueux [&hellip;]\" \/>\n<meta property=\"og:url\" content=\"https:\/\/www.artisanlocal.ch\/c\/nettoyage-professionnel-pour-domicile-et-bureau-a-le-locle\/\" \/>\n<meta property=\"og:site_name\" content=\"Artisanlocal\" \/>\n<meta property=\"article:modified_time\" content=\"2025-08-26T23:34:03+00:00\" \/>\n<meta property=\"og:image\" content=\"https:\/\/www.artisanlocal.ch\/c\/wp-content\/uploads\/2024\/10\/agent-proprete.jpg\" \/>\n\t<meta property=\"og:image:width\" content=\"1920\" \/>\n\t<meta property=\"og:image:height\" content=\"300\" \/>\n\t<meta property=\"og:image:type\" content=\"image\/jpeg\" \/>\n<meta name=\"twitter:card\" content=\"summary_large_image\" \/>\n<meta name=\"twitter:label1\" content=\"Dur\u00e9e de lecture estim\u00e9e\" \/>\n\t<meta name=\"twitter:data1\" content=\"4 minutes\" \/>\n<script type=\"application\/ld+json\" class=\"yoast-schema-graph\">{\"@context\":\"https:\\\/\\\/schema.org\",\"@graph\":[{\"@type\":\"WebPage\",\"@id\":\"https:\\\/\\\/www.artisanlocal.ch\\\/c\\\/nettoyage-professionnel-pour-domicile-et-bureau-a-le-locle\\\/\",\"url\":\"https:\\\/\\\/www.artisanlocal.ch\\\/c\\\/nettoyage-professionnel-pour-domicile-et-bureau-a-le-locle\\\/\",\"name\":\"Entreprise de nettoyage au Locle - Artisanlocal\",\"isPartOf\":{\"@id\":\"https:\\\/\\\/www.artisanlocal.ch\\\/c\\\/#website\"},\"primaryImageOfPage\":{\"@id\":\"https:\\\/\\\/www.artisanlocal.ch\\\/c\\\/nettoyage-professionnel-pour-domicile-et-bureau-a-le-locle\\\/#primaryimage\"},\"image\":{\"@id\":\"https:\\\/\\\/www.artisanlocal.ch\\\/c\\\/nettoyage-professionnel-pour-domicile-et-bureau-a-le-locle\\\/#primaryimage\"},\"thumbnailUrl\":\"https:\\\/\\\/www.artisanlocal.ch\\\/c\\\/wp-content\\\/uploads\\\/2024\\\/10\\\/agent-proprete.jpg\",\"datePublished\":\"2024-04-16T16:38:11+00:00\",\"dateModified\":\"2025-08-26T23:34:03+00:00\",\"breadcrumb\":{\"@id\":\"https:\\\/\\\/www.artisanlocal.ch\\\/c\\\/nettoyage-professionnel-pour-domicile-et-bureau-a-le-locle\\\/#breadcrumb\"},\"inLanguage\":\"fr-FR\",\"potentialAction\":[{\"@type\":\"ReadAction\",\"target\":[\"https:\\\/\\\/www.artisanlocal.ch\\\/c\\\/nettoyage-professionnel-pour-domicile-et-bureau-a-le-locle\\\/\"]}]},{\"@type\":\"ImageObject\",\"inLanguage\":\"fr-FR\",\"@id\":\"https:\\\/\\\/www.artisanlocal.ch\\\/c\\\/nettoyage-professionnel-pour-domicile-et-bureau-a-le-locle\\\/#primaryimage\",\"url\":\"https:\\\/\\\/www.artisanlocal.ch\\\/c\\\/wp-content\\\/uploads\\\/2024\\\/10\\\/agent-proprete.jpg\",\"contentUrl\":\"https:\\\/\\\/www.artisanlocal.ch\\\/c\\\/wp-content\\\/uploads\\\/2024\\\/10\\\/agent-proprete.jpg\",\"width\":1920,\"height\":300},{\"@type\":\"BreadcrumbList\",\"@id\":\"https:\\\/\\\/www.artisanlocal.ch\\\/c\\\/nettoyage-professionnel-pour-domicile-et-bureau-a-le-locle\\\/#breadcrumb\",\"itemListElement\":[{\"@type\":\"ListItem\",\"position\":1,\"name\":\"Accueil\",\"item\":\"https:\\\/\\\/www.artisanlocal.ch\\\/c\\\/\"},{\"@type\":\"ListItem\",\"position\":2,\"name\":\"Entreprise de nettoyage au Locle\"}]},{\"@type\":\"WebSite\",\"@id\":\"https:\\\/\\\/www.artisanlocal.ch\\\/c\\\/#website\",\"url\":\"https:\\\/\\\/www.artisanlocal.ch\\\/c\\\/\",\"name\":\"Artisanlocal\",\"description\":\"\",\"publisher\":{\"@id\":\"https:\\\/\\\/www.artisanlocal.ch\\\/c\\\/#organization\"},\"potentialAction\":[{\"@type\":\"SearchAction\",\"target\":{\"@type\":\"EntryPoint\",\"urlTemplate\":\"https:\\\/\\\/www.artisanlocal.ch\\\/c\\\/?s={search_term_string}\"},\"query-input\":{\"@type\":\"PropertyValueSpecification\",\"valueRequired\":true,\"valueName\":\"search_term_string\"}}],\"inLanguage\":\"fr-FR\"},{\"@type\":\"Organization\",\"@id\":\"https:\\\/\\\/www.artisanlocal.ch\\\/c\\\/#organization\",\"name\":\"Artisanlocal\",\"url\":\"https:\\\/\\\/www.artisanlocal.ch\\\/c\\\/\",\"logo\":{\"@type\":\"ImageObject\",\"inLanguage\":\"fr-FR\",\"@id\":\"https:\\\/\\\/www.artisanlocal.ch\\\/c\\\/#\\\/schema\\\/logo\\\/image\\\/\",\"url\":\"https:\\\/\\\/www.artisanlocal.ch\\\/c\\\/wp-content\\\/uploads\\\/2024\\\/02\\\/logo-artisanlocal-h.svg\",\"contentUrl\":\"https:\\\/\\\/www.artisanlocal.ch\\\/c\\\/wp-content\\\/uploads\\\/2024\\\/02\\\/logo-artisanlocal-h.svg\",\"caption\":\"Artisanlocal\"},\"image\":{\"@id\":\"https:\\\/\\\/www.artisanlocal.ch\\\/c\\\/#\\\/schema\\\/logo\\\/image\\\/\"}}]}<\/script>\n<!-- \/ Yoast SEO Premium plugin. -->","yoast_head_json":{"title":"Entreprise de nettoyage au Locle - Artisanlocal","robots":{"index":"index","follow":"follow","max-snippet":"max-snippet:-1","max-image-preview":"max-image-preview:large","max-video-preview":"max-video-preview:-1"},"canonical":"https:\/\/www.artisanlocal.ch\/c\/nettoyage-professionnel-pour-domicile-et-bureau-a-le-locle\/","og_locale":"fr_FR","og_type":"article","og_title":"Entreprise de nettoyage au Locle","og_description":"Besoin d&rsquo;une entreprise de nettoyage au Locle ? Notre soci\u00e9t\u00e9 r\u00e9alise le nettoyage de votre studio ou de vos bureaux. Quelles sont les raisons de travailler avec notre entreprise ? Vous avez la possibilit\u00e9 de r\u00e9server un rendez-vous le jour m\u00eame. Nous employons les derni\u00e8res pratiques de nettoyage. L&rsquo;entretien est effectu\u00e9 avec des produits respectueux [&hellip;]","og_url":"https:\/\/www.artisanlocal.ch\/c\/nettoyage-professionnel-pour-domicile-et-bureau-a-le-locle\/","og_site_name":"Artisanlocal","article_modified_time":"2025-08-26T23:34:03+00:00","og_image":[{"width":1920,"height":300,"url":"https:\/\/www.artisanlocal.ch\/c\/wp-content\/uploads\/2024\/10\/agent-proprete.jpg","type":"image\/jpeg"}],"twitter_card":"summary_large_image","twitter_misc":{"Dur\u00e9e de lecture estim\u00e9e":"4 minutes"},"schema":{"@context":"https:\/\/schema.org","@graph":[{"@type":"WebPage","@id":"https:\/\/www.artisanlocal.ch\/c\/nettoyage-professionnel-pour-domicile-et-bureau-a-le-locle\/","url":"https:\/\/www.artisanlocal.ch\/c\/nettoyage-professionnel-pour-domicile-et-bureau-a-le-locle\/","name":"Entreprise de nettoyage au Locle - Artisanlocal","isPartOf":{"@id":"https:\/\/www.artisanlocal.ch\/c\/#website"},"primaryImageOfPage":{"@id":"https:\/\/www.artisanlocal.ch\/c\/nettoyage-professionnel-pour-domicile-et-bureau-a-le-locle\/#primaryimage"},"image":{"@id":"https:\/\/www.artisanlocal.ch\/c\/nettoyage-professionnel-pour-domicile-et-bureau-a-le-locle\/#primaryimage"},"thumbnailUrl":"https:\/\/www.artisanlocal.ch\/c\/wp-content\/uploads\/2024\/10\/agent-proprete.jpg","datePublished":"2024-04-16T16:38:11+00:00","dateModified":"2025-08-26T23:34:03+00:00","breadcrumb":{"@id":"https:\/\/www.artisanlocal.ch\/c\/nettoyage-professionnel-pour-domicile-et-bureau-a-le-locle\/#breadcrumb"},"inLanguage":"fr-FR","potentialAction":[{"@type":"ReadAction","target":["https:\/\/www.artisanlocal.ch\/c\/nettoyage-professionnel-pour-domicile-et-bureau-a-le-locle\/"]}]},{"@type":"ImageObject","inLanguage":"fr-FR","@id":"https:\/\/www.artisanlocal.ch\/c\/nettoyage-professionnel-pour-domicile-et-bureau-a-le-locle\/#primaryimage","url":"https:\/\/www.artisanlocal.ch\/c\/wp-content\/uploads\/2024\/10\/agent-proprete.jpg","contentUrl":"https:\/\/www.artisanlocal.ch\/c\/wp-content\/uploads\/2024\/10\/agent-proprete.jpg","width":1920,"height":300},{"@type":"BreadcrumbList","@id":"https:\/\/www.artisanlocal.ch\/c\/nettoyage-professionnel-pour-domicile-et-bureau-a-le-locle\/#breadcrumb","itemListElement":[{"@type":"ListItem","position":1,"name":"Accueil","item":"https:\/\/www.artisanlocal.ch\/c\/"},{"@type":"ListItem","position":2,"name":"Entreprise de nettoyage au Locle"}]},{"@type":"WebSite","@id":"https:\/\/www.artisanlocal.ch\/c\/#website","url":"https:\/\/www.artisanlocal.ch\/c\/","name":"Artisanlocal","description":"","publisher":{"@id":"https:\/\/www.artisanlocal.ch\/c\/#organization"},"potentialAction":[{"@type":"SearchAction","target":{"@type":"EntryPoint","urlTemplate":"https:\/\/www.artisanlocal.ch\/c\/?s={search_term_string}"},"query-input":{"@type":"PropertyValueSpecification","valueRequired":true,"valueName":"search_term_string"}}],"inLanguage":"fr-FR"},{"@type":"Organization","@id":"https:\/\/www.artisanlocal.ch\/c\/#organization","name":"Artisanlocal","url":"https:\/\/www.artisanlocal.ch\/c\/","logo":{"@type":"ImageObject","inLanguage":"fr-FR","@id":"https:\/\/www.artisanlocal.ch\/c\/#\/schema\/logo\/image\/","url":"https:\/\/www.artisanlocal.ch\/c\/wp-content\/uploads\/2024\/02\/logo-artisanlocal-h.svg","contentUrl":"https:\/\/www.artisanlocal.ch\/c\/wp-content\/uploads\/2024\/02\/logo-artisanlocal-h.svg","caption":"Artisanlocal"},"image":{"@id":"https:\/\/www.artisanlocal.ch\/c\/#\/schema\/logo\/image\/"}}]}},"_links":{"self":[{"href":"https:\/\/www.artisanlocal.ch\/c\/wp-json\/wp\/v2\/pages\/398","targetHints":{"allow":["GET"]}}],"collection":[{"href":"https:\/\/www.artisanlocal.ch\/c\/wp-json\/wp\/v2\/pages"}],"about":[{"href":"https:\/\/www.artisanlocal.ch\/c\/wp-json\/wp\/v2\/types\/page"}],"author":[{"embeddable":true,"href":"https:\/\/www.artisanlocal.ch\/c\/wp-json\/wp\/v2\/users\/4"}],"replies":[{"embeddable":true,"href":"https:\/\/www.artisanlocal.ch\/c\/wp-json\/wp\/v2\/comments?post=398"}],"version-history":[{"count":0,"href":"https:\/\/www.artisanlocal.ch\/c\/wp-json\/wp\/v2\/pages\/398\/revisions"}],"wp:featuredmedia":[{"embeddable":true,"href":"https:\/\/www.artisanlocal.ch\/c\/wp-json\/wp\/v2\/media\/2754"}],"wp:attachment":[{"href":"https:\/\/www.artisanlocal.ch\/c\/wp-json\/wp\/v2\/media?parent=398"}],"wp:term":[{"taxonomy":"profession","embeddable":true,"href":"https:\/\/www.artisanlocal.ch\/c\/wp-json\/wp\/v2\/profession?post=398"},{"taxonomy":"location","embeddable":true,"href":"https:\/\/www.artisanlocal.ch\/c\/wp-json\/wp\/v2\/location?post=398"},{"taxonomy":"canton","embeddable":true,"href":"https:\/\/www.artisanlocal.ch\/c\/wp-json\/wp\/v2\/canton?post=398"}],"curies":[{"name":"wp","href":"https:\/\/api.w.org\/{rel}","templated":true}]}}