{"id":399,"date":"2024-04-16T18:38:11","date_gmt":"2024-04-16T16:38:11","guid":{"rendered":"https:\/\/www.artisanlocal.ch\/c\/entreprise-de-nettoyage-professionnel-pour-domicile-et-local-dentreprise-a-aigle\/"},"modified":"2025-08-27T01:34:03","modified_gmt":"2025-08-26T23:34:03","slug":"entreprise-de-nettoyage-professionnel-pour-domicile-et-local-dentreprise-a-aigle","status":"publish","type":"page","link":"https:\/\/www.artisanlocal.ch\/c\/entreprise-de-nettoyage-professionnel-pour-domicile-et-local-dentreprise-a-aigle\/","title":{"rendered":"Entreprise de nettoyage \u00e0 Aigle"},"content":{"rendered":"<p>Besoin d&rsquo;une entreprise de nettoyage \u00e0 Aigle ? Artisanlocal.ch intervient pour nettoyer votre maison ou votre local commercial \u00e0 Aigle.<br \/>\n\r\n<div class=\"box\">\r\n    <h2 class=\"text-dark\">Nous cherchons un <em class=\"text-primary\">Agent de propret\u00e9<\/em> dans la r\u00e9gion de <em class=\"text-primary\">Aigle<\/em>  en exclusivit\u00e9, afin de proposer vos services \u00e0 nos clients propri\u00e9taires.<\/h2>\r\n    <p>Une opportunit\u00e9 unique pour booster votre activit\u00e9 \u00e0 <strong>Aigle<\/strong> et aux alentours dans votre domaine (Agent de propret\u00e9).<\/p>\r\n    <p>Nous travaillons en exclusivit\u00e9 avec qu'une soci\u00e9t\u00e9 par m\u00e9tier et par r\u00e9gion. <br>Votre entreprise est pr\u00e9sente sur tous les documents immobiliers. Afin d'\u00eatre mieux vu sur le net, vous \u00eates \u00e9galement visible sur nos deux sites et sur les pages de r\u00e9f\u00e9rencement de votre r\u00e9gion.<\/p>\r\n    <a href=\"\/contact\" class=\"wp-block-button__link has-accent-background-color has-text-align-center wp-element-button\">R\u00e9server<\/a>\r\n<\/div><\/p>\n<h2>Pourquoi travailler avec notre soci\u00e9t\u00e9 ?<\/h2>\n<ul>\n<li>Il est possible de planifier un rendez-vous avec notre entreprise aujourd&rsquo;hui.<\/li>\n<li>Nos experts en nettoyage sont tous familiaris\u00e9s avec les derni\u00e8res techniques.<\/li>\n<li>Notre service de nettoyage est r\u00e9alis\u00e9 avec des produits respectueux de l&rsquo;environnement.<\/li>\n<li>Nos devis sont sans frais.<\/li>\n<\/ul>\n<h2>Nettoyage sur mesure \u00e0 Aigle<\/h2>\n<p>Nous proposons une gamme de services de nettoyage personnalis\u00e9 pour r\u00e9pondre aux besoins de nos clients.<\/p>\n<p>Si vous avez besoin d&rsquo;un service de nettoyage int\u00e9gral de votre int\u00e9rieur, d&rsquo;un m\u00e9nage occasionnel ou d&rsquo;un service d&rsquo;entretien r\u00e9gulier, notre soci\u00e9t\u00e9 est l\u00e0 pour vous. Voici nos services les plus fr\u00e9quemment r\u00e9alis\u00e9s \u00e0 Aigle :<\/p>\n<ul>\n<li>Nettoyage avant votre d\u00e9m\u00e9nagement.<\/li>\n<li>Nettoyage d&rsquo;h\u00e9bergements Airbnb.<\/li>\n<li>Nettoyage des bureaux et des commerces.<\/li>\n<li>Nettoyage apr\u00e8s une r\u00e9novation.<\/li>\n<\/ul>\n<h2>Quelles sont les solutions de m\u00e9nage que vous proposez ?<\/h2>\n<ul>\n<li>Service de nettoyage pour les conciergeries Airbnb,<\/li>\n<li>nettoyage de logements,<\/li>\n<li>entretien et nettoyage des appareils m\u00e9nagers,<\/li>\n<li>nettoyage de balcon,<\/li>\n<li>services de m\u00e9nage pour les sous-sols,<\/li>\n<li>assainissement des surfaces pour lutter contre les agents pathog\u00e8nes,<\/li>\n<li>service de lavage de la vaisselle,<\/li>\n<li>nettoyage des salles de gym,<\/li>\n<li>lavage des sols,<\/li>\n<li>nettoyage des h\u00f4pitaux,<\/li>\n<li>m\u00e9nage et nettoyage apr\u00e8s un changement de domicile,<\/li>\n<li>nettoyage des espaces de coworking,<\/li>\n<li>service de propret\u00e9 apr\u00e8s travaux de r\u00e9novation,<\/li>\n<li>nettoyage de salles de bains,<\/li>\n<li>nettoyage des commerces de proximit\u00e9,<\/li>\n<li>service de m\u00e9nage et entretien des \u00e9tablissements p\u00e9dagogiques,<\/li>\n<li>nettoyage des fen\u00eatres.<\/li>\n<\/ul>\n<h2>Service de nettoyage d&rsquo;appartement \u00e0 Aigle<\/h2>\n<p>Si vous vivez \u00e0 Aigle, nous pouvons r\u00e9aliser le m\u00e9nage de votre studio avant l&rsquo;\u00e9tat des lieux.<\/p>\n<p>Il est n\u00e9cessaire de savoir que si le nettoyage de l&rsquo;appartement n&rsquo;est pas r\u00e9alis\u00e9 correctement, le propri\u00e9taire a le droit de faire appel \u00e0 une soci\u00e9t\u00e9 de m\u00e9nage et garder une partie de votre d\u00e9p\u00f4t de garantie.<\/p>\n<p>Ce nettoyage avant l&rsquo;\u00e9tat des lieux englobe en particulier les prestations suivantes :<\/p>\n<p>&#8211; Le nettoyage des surfaces : les murs, les sols, les parquets, les moquettes et les carrelages.<\/p>\n<p>&#8211; Le lavage des fen\u00eatres et vitres.<\/p>\n<p>&#8211; L&rsquo;entretien et le nettoyage de la salle de bain et des toilettes.<\/p>\n<p>&#8211; Le service de nettoyage du coin cuisine et de la hotte de cuisson.<\/p>\n<p>&#8211; L&rsquo;\u00e9limination des poussi\u00e8res sur les meubles.<\/p>\n<h3>Vous avez besoin d&rsquo;un service de nettoyage ponctuel de votre logement\u202f?<\/h3>\n<p>Notre entreprise propose des services de nettoyage sur mesure, adapt\u00e9s \u00e0 vos exigences, nous pouvons intervenir de fa\u00e7ons mensuelles, bihebdomadaires ou hebdomadaires.<\/p>\n<h3>Service pour un nettoyage approfondi de votre r\u00e9sidence \u00e0 Aigle<\/h3>\n<p>Artisanlocal offre des services pour nettoyer en profondeur votre propri\u00e9t\u00e9 ou votre appartement, en plus de notre service de m\u00e9nage classique.<\/p>\n<h3>Quels sont les b\u00e9n\u00e9fices de r\u00e9aliser un entretien en profondeur avec notre entreprise ?<\/h3>\n<p>L&rsquo;avantage principal du nettoyage en profondeur est d&rsquo;enlever la salet\u00e9, la poussi\u00e8re et la crasse qui se sont empil\u00e9es avec le temps, pour am\u00e9liorer la qualit\u00e9 de l&rsquo;air de votre int\u00e9rieur. De plus, un nettoyage en profondeur est par ailleurs une tr\u00e8s bonne solution pour \u00e9liminer les mauvaises odeurs.<\/p>\n<h3>M\u00e9nage de bureaux \u00e0 Aigle<\/h3>\n<p>Artisanlocal r\u00e9alise le m\u00e9nage de vos bureaux. Nous proposons des contrats d&rsquo;entretien sur mesures. Nos contrats s&rsquo;adaptent \u00e0 votre enveloppe budg\u00e9taire et \u00e0 vos besoins. Voici les prestations que nous proposons pour le nettoyage de vos espaces de travail :<\/p>\n<ul>\n<li>Entretien de moquettes et nettoyage des fen\u00eatres de bureau.<\/li>\n<li>Service de nettoyage des meubles de bureau en cuir ou tissu (des sofas, des bureaux et des si\u00e8ges).<\/li>\n<li>Enl\u00e8vement des d\u00e9tritus.<\/li>\n<li>Service de nettoyage des poussi\u00e8res.<\/li>\n<li>Nettoyage des sols et passage de l&rsquo;aspirateur.<\/li>\n<\/ul>\n<h3>Service de m\u00e9nage de maisons, appartements, studios \u00e0 Aigle<\/h3>\n<p>Pour garder l&rsquo;int\u00e9rieur de votre propri\u00e9t\u00e9 soign\u00e9e, il est n\u00e9cessaire de r\u00e9aliser un m\u00e9nage journalier. \u00c0 notre \u00e9poque, la majorit\u00e9 des gens ont un calendrier rempli et cela rend difficile la r\u00e9alisation des t\u00e2ches m\u00e9nag\u00e8res quotidiennes, c&rsquo;est ici que notre entreprise peut vous aider dans votre entretien de tous les jours.<\/p>\n<h2>Pourquoi engager Artisanlocal pour r\u00e9aliser le nettoyage \u00e0 Aigle ?<\/h2>\n<p>Si vous \u00eates un Aiglon, vous avez sans doute des difficult\u00e9s \u00e0 conserver votre espace int\u00e9rieur bien entretenu. Nos prestations sont adapt\u00e9es aux r\u00e9sidents d&rsquo;Aigle. Avec notre entreprise, vous \u00eates en mesure de :<\/p>\n<h3>Mieux g\u00e9rer votre espace<\/h3>\n<p>Si votre logement n&rsquo;est pas correctement nettoy\u00e9 et rang\u00e9, il est difficile de se sentir bien dans son logement. Artisanlocal propose des services de nettoyage pour votre r\u00e9sidence de mani\u00e8re \u00e0 mieux ranger votre lieu de vie.<\/p>\n<h3>Cr\u00e9er une ambiance plus accueillante<\/h3>\n<p>En effet, une maison bien organis\u00e9e vous aidera ainsi que vos invit\u00e9s \u00e0 vous sentir mieux.<\/p>\n<h3>Conserver sa sant\u00e9 et rester heureux<\/h3>\n<p>Ne pas \u00e9liminer la salet\u00e9 et la poussi\u00e8re dans votre int\u00e9rieur peut entrainer des risques pour la sant\u00e9, cela peut activer des r\u00e9actions allergiques ou amplifier celles d\u00e9j\u00e0 pr\u00e9sentes. En engageant les services de notre entreprise de nettoyage, vous limitez les possibles risques d&rsquo;allergies.<\/p>\n<h3>Am\u00e9liorer l&rsquo;organisation globale de votre habitation<\/h3>\n<p>Comme beaucoup de foyers, votre propri\u00e9t\u00e9 peut \u00eatre d\u00e9sorganis\u00e9e, ce qui cr\u00e9e des probl\u00e8mes dans la vie de tous les jours. Nos services peuvent s&rsquo;av\u00e9rer utiles pour conserver votre maison bien rang\u00e9e. En outre, nous pouvons aussi intervenir \u00e0 : La Tine, Rossini\u00e8re, Flendruz, Rougemont, Ch\u00e2teau-d'Oex, L'Etivaz, La L\u00e9cherette, Les Moulins, Villeneuve VD, Noville, Chessel, Rennaz, Roche VD, Yvorne, Leysin, Corbeyrier, La Comballaz, Les Mosses, Le S\u00e9pey, Vers-l'Eglise, Les Diablerets, La Forclaz VD, Ollon VD, Panex, St-Triphon, Bex, Fenalet-sur-Bex, Freni\u00e8res-sur-Bex, Les Plans-sur-Bex, Gryon, Les Posses-sur-Bex, Arveyes, Hu\u00e9moz, Villars-sur-Ollon, Chesi\u00e8res, Lavey-les-Bains, Lavey-Village.<\/p>\n","protected":false},"excerpt":{"rendered":"<p>Besoin d&rsquo;une entreprise de nettoyage \u00e0 Aigle ? Artisanlocal.ch intervient pour nettoyer votre maison ou votre local commercial \u00e0 Aigle. Pourquoi travailler avec notre soci\u00e9t\u00e9 ? Il est possible de planifier un rendez-vous avec notre entreprise aujourd&rsquo;hui. Nos experts en nettoyage sont tous familiaris\u00e9s avec les derni\u00e8res techniques. Notre service de nettoyage est r\u00e9alis\u00e9 avec [&hellip;]<\/p>\n","protected":false},"author":4,"featured_media":2754,"parent":0,"menu_order":0,"comment_status":"closed","ping_status":"closed","template":"","meta":{"footnotes":""},"profession":[108],"location":[61],"canton":[113],"class_list":["post-399","page","type-page","status-publish","has-post-thumbnail","hentry","profession-agent-de-proprete","location-aigle","canton-vd"],"yoast_head":"<!-- This site is optimized with the Yoast SEO Premium plugin v25.7.1 (Yoast SEO v27.4) - https:\/\/yoast.com\/product\/yoast-seo-premium-wordpress\/ -->\n<title>Entreprise de nettoyage \u00e0 Aigle - Artisanlocal<\/title>\n<meta name=\"robots\" content=\"index, follow, max-snippet:-1, max-image-preview:large, max-video-preview:-1\" \/>\n<link rel=\"canonical\" href=\"https:\/\/www.artisanlocal.ch\/c\/entreprise-de-nettoyage-professionnel-pour-domicile-et-local-dentreprise-a-aigle\/\" \/>\n<meta property=\"og:locale\" content=\"fr_FR\" \/>\n<meta property=\"og:type\" content=\"article\" \/>\n<meta property=\"og:title\" content=\"Entreprise de nettoyage \u00e0 Aigle\" \/>\n<meta property=\"og:description\" content=\"Besoin d&rsquo;une entreprise de nettoyage \u00e0 Aigle ? Artisanlocal.ch intervient pour nettoyer votre maison ou votre local commercial \u00e0 Aigle. Pourquoi travailler avec notre soci\u00e9t\u00e9 ? Il est possible de planifier un rendez-vous avec notre entreprise aujourd&rsquo;hui. Nos experts en nettoyage sont tous familiaris\u00e9s avec les derni\u00e8res techniques. Notre service de nettoyage est r\u00e9alis\u00e9 avec [&hellip;]\" \/>\n<meta property=\"og:url\" content=\"https:\/\/www.artisanlocal.ch\/c\/entreprise-de-nettoyage-professionnel-pour-domicile-et-local-dentreprise-a-aigle\/\" \/>\n<meta property=\"og:site_name\" content=\"Artisanlocal\" \/>\n<meta property=\"article:modified_time\" content=\"2025-08-26T23:34:03+00:00\" \/>\n<meta property=\"og:image\" content=\"https:\/\/www.artisanlocal.ch\/c\/wp-content\/uploads\/2024\/10\/agent-proprete.jpg\" \/>\n\t<meta property=\"og:image:width\" content=\"1920\" \/>\n\t<meta property=\"og:image:height\" content=\"300\" \/>\n\t<meta property=\"og:image:type\" content=\"image\/jpeg\" \/>\n<meta name=\"twitter:card\" content=\"summary_large_image\" \/>\n<meta name=\"twitter:label1\" content=\"Dur\u00e9e de lecture estim\u00e9e\" \/>\n\t<meta name=\"twitter:data1\" content=\"5 minutes\" \/>\n<script type=\"application\/ld+json\" class=\"yoast-schema-graph\">{\"@context\":\"https:\\\/\\\/schema.org\",\"@graph\":[{\"@type\":\"WebPage\",\"@id\":\"https:\\\/\\\/www.artisanlocal.ch\\\/c\\\/entreprise-de-nettoyage-professionnel-pour-domicile-et-local-dentreprise-a-aigle\\\/\",\"url\":\"https:\\\/\\\/www.artisanlocal.ch\\\/c\\\/entreprise-de-nettoyage-professionnel-pour-domicile-et-local-dentreprise-a-aigle\\\/\",\"name\":\"Entreprise de nettoyage \u00e0 Aigle - Artisanlocal\",\"isPartOf\":{\"@id\":\"https:\\\/\\\/www.artisanlocal.ch\\\/c\\\/#website\"},\"primaryImageOfPage\":{\"@id\":\"https:\\\/\\\/www.artisanlocal.ch\\\/c\\\/entreprise-de-nettoyage-professionnel-pour-domicile-et-local-dentreprise-a-aigle\\\/#primaryimage\"},\"image\":{\"@id\":\"https:\\\/\\\/www.artisanlocal.ch\\\/c\\\/entreprise-de-nettoyage-professionnel-pour-domicile-et-local-dentreprise-a-aigle\\\/#primaryimage\"},\"thumbnailUrl\":\"https:\\\/\\\/www.artisanlocal.ch\\\/c\\\/wp-content\\\/uploads\\\/2024\\\/10\\\/agent-proprete.jpg\",\"datePublished\":\"2024-04-16T16:38:11+00:00\",\"dateModified\":\"2025-08-26T23:34:03+00:00\",\"breadcrumb\":{\"@id\":\"https:\\\/\\\/www.artisanlocal.ch\\\/c\\\/entreprise-de-nettoyage-professionnel-pour-domicile-et-local-dentreprise-a-aigle\\\/#breadcrumb\"},\"inLanguage\":\"fr-FR\",\"potentialAction\":[{\"@type\":\"ReadAction\",\"target\":[\"https:\\\/\\\/www.artisanlocal.ch\\\/c\\\/entreprise-de-nettoyage-professionnel-pour-domicile-et-local-dentreprise-a-aigle\\\/\"]}]},{\"@type\":\"ImageObject\",\"inLanguage\":\"fr-FR\",\"@id\":\"https:\\\/\\\/www.artisanlocal.ch\\\/c\\\/entreprise-de-nettoyage-professionnel-pour-domicile-et-local-dentreprise-a-aigle\\\/#primaryimage\",\"url\":\"https:\\\/\\\/www.artisanlocal.ch\\\/c\\\/wp-content\\\/uploads\\\/2024\\\/10\\\/agent-proprete.jpg\",\"contentUrl\":\"https:\\\/\\\/www.artisanlocal.ch\\\/c\\\/wp-content\\\/uploads\\\/2024\\\/10\\\/agent-proprete.jpg\",\"width\":1920,\"height\":300},{\"@type\":\"BreadcrumbList\",\"@id\":\"https:\\\/\\\/www.artisanlocal.ch\\\/c\\\/entreprise-de-nettoyage-professionnel-pour-domicile-et-local-dentreprise-a-aigle\\\/#breadcrumb\",\"itemListElement\":[{\"@type\":\"ListItem\",\"position\":1,\"name\":\"Accueil\",\"item\":\"https:\\\/\\\/www.artisanlocal.ch\\\/c\\\/\"},{\"@type\":\"ListItem\",\"position\":2,\"name\":\"Entreprise de nettoyage \u00e0 Aigle\"}]},{\"@type\":\"WebSite\",\"@id\":\"https:\\\/\\\/www.artisanlocal.ch\\\/c\\\/#website\",\"url\":\"https:\\\/\\\/www.artisanlocal.ch\\\/c\\\/\",\"name\":\"Artisanlocal\",\"description\":\"\",\"publisher\":{\"@id\":\"https:\\\/\\\/www.artisanlocal.ch\\\/c\\\/#organization\"},\"potentialAction\":[{\"@type\":\"SearchAction\",\"target\":{\"@type\":\"EntryPoint\",\"urlTemplate\":\"https:\\\/\\\/www.artisanlocal.ch\\\/c\\\/?s={search_term_string}\"},\"query-input\":{\"@type\":\"PropertyValueSpecification\",\"valueRequired\":true,\"valueName\":\"search_term_string\"}}],\"inLanguage\":\"fr-FR\"},{\"@type\":\"Organization\",\"@id\":\"https:\\\/\\\/www.artisanlocal.ch\\\/c\\\/#organization\",\"name\":\"Artisanlocal\",\"url\":\"https:\\\/\\\/www.artisanlocal.ch\\\/c\\\/\",\"logo\":{\"@type\":\"ImageObject\",\"inLanguage\":\"fr-FR\",\"@id\":\"https:\\\/\\\/www.artisanlocal.ch\\\/c\\\/#\\\/schema\\\/logo\\\/image\\\/\",\"url\":\"https:\\\/\\\/www.artisanlocal.ch\\\/c\\\/wp-content\\\/uploads\\\/2024\\\/02\\\/logo-artisanlocal-h.svg\",\"contentUrl\":\"https:\\\/\\\/www.artisanlocal.ch\\\/c\\\/wp-content\\\/uploads\\\/2024\\\/02\\\/logo-artisanlocal-h.svg\",\"caption\":\"Artisanlocal\"},\"image\":{\"@id\":\"https:\\\/\\\/www.artisanlocal.ch\\\/c\\\/#\\\/schema\\\/logo\\\/image\\\/\"}}]}<\/script>\n<!-- \/ Yoast SEO Premium plugin. -->","yoast_head_json":{"title":"Entreprise de nettoyage \u00e0 Aigle - Artisanlocal","robots":{"index":"index","follow":"follow","max-snippet":"max-snippet:-1","max-image-preview":"max-image-preview:large","max-video-preview":"max-video-preview:-1"},"canonical":"https:\/\/www.artisanlocal.ch\/c\/entreprise-de-nettoyage-professionnel-pour-domicile-et-local-dentreprise-a-aigle\/","og_locale":"fr_FR","og_type":"article","og_title":"Entreprise de nettoyage \u00e0 Aigle","og_description":"Besoin d&rsquo;une entreprise de nettoyage \u00e0 Aigle ? Artisanlocal.ch intervient pour nettoyer votre maison ou votre local commercial \u00e0 Aigle. Pourquoi travailler avec notre soci\u00e9t\u00e9 ? Il est possible de planifier un rendez-vous avec notre entreprise aujourd&rsquo;hui. Nos experts en nettoyage sont tous familiaris\u00e9s avec les derni\u00e8res techniques. Notre service de nettoyage est r\u00e9alis\u00e9 avec [&hellip;]","og_url":"https:\/\/www.artisanlocal.ch\/c\/entreprise-de-nettoyage-professionnel-pour-domicile-et-local-dentreprise-a-aigle\/","og_site_name":"Artisanlocal","article_modified_time":"2025-08-26T23:34:03+00:00","og_image":[{"width":1920,"height":300,"url":"https:\/\/www.artisanlocal.ch\/c\/wp-content\/uploads\/2024\/10\/agent-proprete.jpg","type":"image\/jpeg"}],"twitter_card":"summary_large_image","twitter_misc":{"Dur\u00e9e de lecture estim\u00e9e":"5 minutes"},"schema":{"@context":"https:\/\/schema.org","@graph":[{"@type":"WebPage","@id":"https:\/\/www.artisanlocal.ch\/c\/entreprise-de-nettoyage-professionnel-pour-domicile-et-local-dentreprise-a-aigle\/","url":"https:\/\/www.artisanlocal.ch\/c\/entreprise-de-nettoyage-professionnel-pour-domicile-et-local-dentreprise-a-aigle\/","name":"Entreprise de nettoyage \u00e0 Aigle - Artisanlocal","isPartOf":{"@id":"https:\/\/www.artisanlocal.ch\/c\/#website"},"primaryImageOfPage":{"@id":"https:\/\/www.artisanlocal.ch\/c\/entreprise-de-nettoyage-professionnel-pour-domicile-et-local-dentreprise-a-aigle\/#primaryimage"},"image":{"@id":"https:\/\/www.artisanlocal.ch\/c\/entreprise-de-nettoyage-professionnel-pour-domicile-et-local-dentreprise-a-aigle\/#primaryimage"},"thumbnailUrl":"https:\/\/www.artisanlocal.ch\/c\/wp-content\/uploads\/2024\/10\/agent-proprete.jpg","datePublished":"2024-04-16T16:38:11+00:00","dateModified":"2025-08-26T23:34:03+00:00","breadcrumb":{"@id":"https:\/\/www.artisanlocal.ch\/c\/entreprise-de-nettoyage-professionnel-pour-domicile-et-local-dentreprise-a-aigle\/#breadcrumb"},"inLanguage":"fr-FR","potentialAction":[{"@type":"ReadAction","target":["https:\/\/www.artisanlocal.ch\/c\/entreprise-de-nettoyage-professionnel-pour-domicile-et-local-dentreprise-a-aigle\/"]}]},{"@type":"ImageObject","inLanguage":"fr-FR","@id":"https:\/\/www.artisanlocal.ch\/c\/entreprise-de-nettoyage-professionnel-pour-domicile-et-local-dentreprise-a-aigle\/#primaryimage","url":"https:\/\/www.artisanlocal.ch\/c\/wp-content\/uploads\/2024\/10\/agent-proprete.jpg","contentUrl":"https:\/\/www.artisanlocal.ch\/c\/wp-content\/uploads\/2024\/10\/agent-proprete.jpg","width":1920,"height":300},{"@type":"BreadcrumbList","@id":"https:\/\/www.artisanlocal.ch\/c\/entreprise-de-nettoyage-professionnel-pour-domicile-et-local-dentreprise-a-aigle\/#breadcrumb","itemListElement":[{"@type":"ListItem","position":1,"name":"Accueil","item":"https:\/\/www.artisanlocal.ch\/c\/"},{"@type":"ListItem","position":2,"name":"Entreprise de nettoyage \u00e0 Aigle"}]},{"@type":"WebSite","@id":"https:\/\/www.artisanlocal.ch\/c\/#website","url":"https:\/\/www.artisanlocal.ch\/c\/","name":"Artisanlocal","description":"","publisher":{"@id":"https:\/\/www.artisanlocal.ch\/c\/#organization"},"potentialAction":[{"@type":"SearchAction","target":{"@type":"EntryPoint","urlTemplate":"https:\/\/www.artisanlocal.ch\/c\/?s={search_term_string}"},"query-input":{"@type":"PropertyValueSpecification","valueRequired":true,"valueName":"search_term_string"}}],"inLanguage":"fr-FR"},{"@type":"Organization","@id":"https:\/\/www.artisanlocal.ch\/c\/#organization","name":"Artisanlocal","url":"https:\/\/www.artisanlocal.ch\/c\/","logo":{"@type":"ImageObject","inLanguage":"fr-FR","@id":"https:\/\/www.artisanlocal.ch\/c\/#\/schema\/logo\/image\/","url":"https:\/\/www.artisanlocal.ch\/c\/wp-content\/uploads\/2024\/02\/logo-artisanlocal-h.svg","contentUrl":"https:\/\/www.artisanlocal.ch\/c\/wp-content\/uploads\/2024\/02\/logo-artisanlocal-h.svg","caption":"Artisanlocal"},"image":{"@id":"https:\/\/www.artisanlocal.ch\/c\/#\/schema\/logo\/image\/"}}]}},"_links":{"self":[{"href":"https:\/\/www.artisanlocal.ch\/c\/wp-json\/wp\/v2\/pages\/399","targetHints":{"allow":["GET"]}}],"collection":[{"href":"https:\/\/www.artisanlocal.ch\/c\/wp-json\/wp\/v2\/pages"}],"about":[{"href":"https:\/\/www.artisanlocal.ch\/c\/wp-json\/wp\/v2\/types\/page"}],"author":[{"embeddable":true,"href":"https:\/\/www.artisanlocal.ch\/c\/wp-json\/wp\/v2\/users\/4"}],"replies":[{"embeddable":true,"href":"https:\/\/www.artisanlocal.ch\/c\/wp-json\/wp\/v2\/comments?post=399"}],"version-history":[{"count":0,"href":"https:\/\/www.artisanlocal.ch\/c\/wp-json\/wp\/v2\/pages\/399\/revisions"}],"wp:featuredmedia":[{"embeddable":true,"href":"https:\/\/www.artisanlocal.ch\/c\/wp-json\/wp\/v2\/media\/2754"}],"wp:attachment":[{"href":"https:\/\/www.artisanlocal.ch\/c\/wp-json\/wp\/v2\/media?parent=399"}],"wp:term":[{"taxonomy":"profession","embeddable":true,"href":"https:\/\/www.artisanlocal.ch\/c\/wp-json\/wp\/v2\/profession?post=399"},{"taxonomy":"location","embeddable":true,"href":"https:\/\/www.artisanlocal.ch\/c\/wp-json\/wp\/v2\/location?post=399"},{"taxonomy":"canton","embeddable":true,"href":"https:\/\/www.artisanlocal.ch\/c\/wp-json\/wp\/v2\/canton?post=399"}],"curies":[{"name":"wp","href":"https:\/\/api.w.org\/{rel}","templated":true}]}}