{"id":401,"date":"2024-04-16T18:38:11","date_gmt":"2024-04-16T16:38:11","guid":{"rendered":"https:\/\/www.artisanlocal.ch\/c\/entreprise-de-nettoyage-de-bureaux-et-de-domiciles-a-avenches\/"},"modified":"2025-08-27T01:34:01","modified_gmt":"2025-08-26T23:34:01","slug":"entreprise-de-nettoyage-de-bureaux-et-de-domiciles-a-avenches","status":"publish","type":"page","link":"https:\/\/www.artisanlocal.ch\/c\/entreprise-de-nettoyage-de-bureaux-et-de-domiciles-a-avenches\/","title":{"rendered":"Entreprise de nettoyage \u00e0 Avenches"},"content":{"rendered":"<p>Besoin d&rsquo;une entreprise de nettoyage \u00e0 Avenches ? Notre entreprise propose le m\u00e9nage et le nettoyage de votre habitation ou de vos locaux commerciaux \u00e0 Avenches et dans les villes proches.<br \/>\n\r\n<div class=\"box\">\r\n            <div class=\"company-info\">\r\n            <img decoding=\"async\" class=\"company-info__logo\" src=\"https:\/\/www.artisanlocal.ch\/media\/cache\/thumb\/images\/companies\/67f8d306d27e6631302076.png\" alt=\"Logo\">\r\n            <h2 class=\"company-info__name\">ND Facility Services S\u00e0rl<\/h2>\r\n            <p class=\"company-info__business\">Entreprise de nettoyage<\/p>\r\n        <\/div>\r\n        <div class=\"company-contact\">\r\n            <p class=\"company-info__address\">Grand-Rhain 85<\/p>\r\n                            <div class=\"links\">\r\n                                            <a class=\"btn has-accent-background-color js-phoneNumber\" href=\"tel:0782685152\" title=\"Appelez\" data-id=\"25354\" data-type=\"11\">078 268 51 52<\/a>\r\n                                                                <a class=\"btn has-accent-background-color\" href=\"http:\/\/www.ndfacilityservices.ch\" target=\"_blank\" title=\"Voir le site internet\" data-id=\"25354\" data-type=\"20\">Site internet<\/a>\r\n                                    <\/div>\r\n                    <\/div>\r\n    \r\n            \r\n<form action=\"https:\/\/www.artisanlocal.ch\/c\/wp-admin\/admin-ajax.php\" method=\"post\" class=\"form-contact\" id=\"artisan_form_contact_company_inline\">\r\n    <div><input type=\"hidden\" name=\"action\" value=\"company_contact\"><\/div>\r\n    <div><input type=\"hidden\" name=\"nonce\" value=\"1289a079ae\"><\/div>\r\n    <div><input type=\"hidden\" name=\"company_id\" value=\"25354\"><\/div>\r\n    <div><input type=\"hidden\" name=\"form_id\" value=\"artisan_form_contact_company_inline\"><\/div>\r\n    <div class=\"gglcptch gglcptch_v3 gglcptch_custom\"><input type=\"hidden\" id=\"g-recaptcha-response\" name=\"g-recaptcha-response\" \/><br \/><div class=\"gglcptch_error_text\">La p\u00e9riode de v\u00e9rification reCAPTCHA a expir\u00e9. Veuillez recharger la page.<\/div><\/div>    <div class=\"form-content\">\r\n        <div class=\"form-group\">\r\n            <label for=\"contact_firstName\" class=\"required\">Pr\u00e9nom<\/label>\r\n            <input type=\"text\" name=\"firstName\" class=\"form-control\" required>\r\n        <\/div>\r\n        <div class=\"form-group\">\r\n            <label for=\"contact_lastName\" class=\"required\">Nom<\/label>\r\n            <input type=\"text\" name=\"lastName\" class=\"form-control\" required>\r\n        <\/div>\r\n        <div class=\"form-group\">\r\n            <label for=\"contact_email\" class=\"required\">Email<\/label>\r\n            <input type=\"email\" name=\"email\" class=\"form-control\" required>\r\n        <\/div>\r\n        <div class=\"form-group\">\r\n            <label for=\"contact_phone\" class=\"required\">Num\u00e9ro de t\u00e9l\u00e9phone<\/label>\r\n            <input type=\"tel\" name=\"phone\" class=\"form-control\" placeholder=\"0787117165\" pattern=\"^[0-9]{10}$\" required>\r\n        <\/div>\r\n        <div class=\"form-group\">\r\n            <label for=\"contact_postalCode\" class=\"required\">Code postal et localit\u00e9<\/label>\r\n            <input type=\"text\" name=\"postalCode\" class=\"form-control\" required>\r\n        <\/div>\r\n        <div class=\"form-group\">\r\n            <label for=\"contact_address\" class=\"required\">Adresse<\/label>\r\n            <input type=\"text\" name=\"address\" class=\"form-control\" required>\r\n        <\/div>\r\n        <div class=\"full-width topic\">\r\n            <p class=\"required\">Je souhaite \u00eatre contact\u00e9 pour :<\/p>\r\n            <div class=\"form-check\">\r\n                <input type=\"radio\" name=\"topic\" value=\"D\u00e9pannage\" class=\"form-control\" required>\r\n                <label for=\"d\u00e9pannage\">D\u00e9pannage<\/label>\r\n            <\/div>\r\n            <div class=\"form-check\">\r\n                <input type=\"radio\" name=\"topic\" value=\"Entretien\" class=\"form-control\" required>\r\n                <label for=\"entretien\">Entretien<\/label>\r\n            <\/div>\r\n            <div class=\"form-check\">\r\n                <input type=\"radio\" name=\"topic\" value=\"R\u00e9novation\" class=\"form-control\" required>\r\n                <label for=\"r\u00e9novation\">R\u00e9novation<\/label>\r\n            <\/div>\r\n            <div class=\"form-check\">\r\n                <input type=\"radio\" name=\"topic\" value=\"Autre\" class=\"form-control\" required>\r\n                <label for=\"autre\">Autre<\/label>\r\n            <\/div>\r\n        <\/div>\r\n        <div class=\"form-group full-width\">\r\n            <label for=\"contact_message\">Message<\/label>\r\n            <textarea name=\"message\" rows=\"3\" class=\"form-control\"><\/textarea>\r\n        <\/div>\r\n    <\/div>\r\n    <div class=\"form-actions\">\r\n        <button class=\"wp-block-button__link has-accent-background-color\">Contacter<\/button>\r\n    <\/div>\r\n<\/form>\r\n<div class=\"form-feedback\"><\/div>    <\/div><\/p>\n<h2>Pourquoi choisir notre Artisanlocal.ch ?<\/h2>\n<ul>\n<li>Vous pouvez planifier un rendez-vous le jour m\u00eame.<\/li>\n<li>Nos experts en nettoyage et entretien sont tous form\u00e9s avec les derni\u00e8res m\u00e9thodes.<\/li>\n<li>Le nettoyage est r\u00e9alis\u00e9 avec des produits respectueux de l&rsquo;environnement.<\/li>\n<li>Nos devis sont gratuits.<\/li>\n<\/ul>\n<h2>Nos prestations de nettoyage \u00e0 Avenches<\/h2>\n<p>Nous offrons des services de m\u00e9nage sur mesure pour satisfaire tous nos clients.<\/p>\n<p>Dans le cas d&rsquo;un nettoyage complet, d&rsquo;un m\u00e9nage ponctuel ou d&rsquo;un m\u00e9nage r\u00e9gulier, nous pouvons cr\u00e9er des prestations sur mesure, voici les prestations que nous r\u00e9alisons le plus fr\u00e9quemment \u00e0 Avenches :<\/p>\n<ul>\n<li>Service de nettoyage pour votre d\u00e9m\u00e9nagement.<\/li>\n<li>Nettoyage de logement Airbnb.<\/li>\n<li>Service de nettoyage pour les bureaux et les locaux commerciaux.<\/li>\n<li>Nettoyage professionnel apr\u00e8s des travaux de r\u00e9novation.<\/li>\n<\/ul>\n<h2>Quelles sont les solutions d&rsquo;entretien d&rsquo;Artisanlocal\u202f?<\/h2>\n<ul>\n<li>Service de nettoyage pour les conciergeries d&rsquo;appartements et maisons Airbnb,<\/li>\n<li>nettoyage de studios,<\/li>\n<li>entretien des \u00e9quipements m\u00e9nagers,<\/li>\n<li>nettoyage du jardin,<\/li>\n<li>service de nettoyage des espaces souterrains,<\/li>\n<li>d\u00e9sinfection des surfaces pour lutter contre les virus,<\/li>\n<li>service de lavage de la vaisselle,<\/li>\n<li>nettoyage et entretien des installations sportives,<\/li>\n<li>lavage des sols,<\/li>\n<li>nettoyage des h\u00f4pitaux,<\/li>\n<li>nettoyage apr\u00e8s un d\u00e9m\u00e9nagement,<\/li>\n<li>nettoyage des espaces de coworking,<\/li>\n<li>nettoyage apr\u00e8s des travaux,<\/li>\n<li>nettoyage des salles d&rsquo;eau,<\/li>\n<li>nettoyage de magasins de proximit\u00e9,<\/li>\n<li>service de nettoyage des salles de classe,<\/li>\n<li>nettoyage de vitres.<\/li>\n<\/ul>\n<h2>M\u00e9nage complet d&rsquo;appartement \u00e0 Avenches<\/h2>\n<p>Si vous habitez \u00e0 Avenches, nous pouvons effectuer le m\u00e9nage de votre appartement en amont de l&rsquo;\u00e9tat des lieux de sortie.<\/p>\n<p>Il faut comprendre que si le m\u00e9nage de l&rsquo;appartement n&rsquo;est pas effectu\u00e9 correctement, le propri\u00e9taire a le droit de faire appel \u00e0 une entreprise de nettoyage et de garder une partie de votre caution.<\/p>\n<p>Ce nettoyage avant l&rsquo;\u00e9tat des lieux englobe notamment les services suivants :<\/p>\n<p>&#8211; L&rsquo;entretien des surfaces : carrelages, sols, parquets, murs et moquettes.<\/p>\n<p>&#8211; Le nettoyage des vitres et fen\u00eatres.<\/p>\n<p>&#8211; Entretien de la salle de bains et des w.c.<\/p>\n<p>&#8211; L&rsquo;entretien de l&rsquo;espace de cuisson et du syst\u00e8me d&rsquo;a\u00e9ration de la cuisine.<\/p>\n<p>&#8211; Le nettoyage des poussi\u00e8res sur le mobilier d&rsquo;int\u00e9rieur.<\/p>\n<h3>Vous souhaitez un nettoyage continu de votre logement\u202f?<\/h3>\n<p>Notre entreprise propose des services de nettoyage sur mesure, adapt\u00e9s \u00e0 vos exigences, nous pouvons intervenir de fa\u00e7ons hebdomadaires, bihebdomadaires ou mensuelles.<\/p>\n<h3>Nettoyage approfondi de votre maison et de votre appartement \u00e0 Avenches<\/h3>\n<p>Artisanlocal offre des services pour nettoyer en profondeur votre villa ou votre appartement, en compl\u00e9ment de notre service de m\u00e9nage standard.<\/p>\n<h3>Quels sont les avantages d\u2019un m\u00e9nage en profondeur avec Artisanlocal ?<\/h3>\n<p>L\u2019avantage majeur du nettoyage approfondi est d\u2019\u00e9liminer la salet\u00e9, la poussi\u00e8re et la crasse qui se sont entass\u00e9es au fur et \u00e0 mesure, pour rendre votre appartement sans poussi\u00e8re et pour enlever les mauvaises odeurs.<\/p>\n<h3>Service de m\u00e9nage de bureaux \u00e0 Avenches<\/h3>\n<p>Faire appel \u00e0 Artisanlocal pour le m\u00e9nage de vos bureaux est la meilleure solution. Vous \u00e9conomiserez du temps et de l&rsquo;\u00e9nergie ! Nous proposons des contrats d&rsquo;entretien sur mesures, ils sont adapt\u00e9s \u00e0 votre budget et \u00e0 vos besoins, voici la liste de nos services d&rsquo;entretien pour les espaces de travail :<\/p>\n<ul>\n<li>Entretien de moquettes et nettoyage des vitres de vos locaux professionnels.<\/li>\n<li>Entretien de fauteuils, de chaises de bureau, de canap\u00e9 en tissu ou en cuir brut ou naturel.<\/li>\n<li>Gestion des poubelles.<\/li>\n<li>D\u00e9poussi\u00e9rage de toutes les surfaces et mobilier.<\/li>\n<li>Lavement des sols et utilisation de l&rsquo;aspirateur.<\/li>\n<\/ul>\n<h3>Service de m\u00e9nage de maison \u00e0 Avenches<\/h3>\n<p>Pour garantir que votre habitation soit impeccable, un m\u00e9nage quotidien doit faire partie de votre routine. H\u00e9las, avec un calendrier charg\u00e9, cela peut rendre cette t\u00e2che compliqu\u00e9e, voire irr\u00e9alisable, confiez \u00e0 notre soci\u00e9t\u00e9 le m\u00e9nage de votre habitation.<\/p>\n<h2>Pourquoi faire appel \u00e0 une soci\u00e9t\u00e9 pour r\u00e9aliser le nettoyage de sa propri\u00e9t\u00e9 \u00e0 Avenches ?<\/h2>\n<p>Si vous habitez \u00e0 Avenches, vous pouvez rencontrer des difficult\u00e9s \u00e0 garder votre domicile bien rang\u00e9 et nettoy\u00e9. Nos prestations de service sont adapt\u00e9es aux habitants d&rsquo;Avenches. Avec nos services, vous avez la possibilit\u00e9 de :<\/p>\n<h3>Mieux contr\u00f4ler votre lieu de vie<\/h3>\n<p>Un h\u00e9bergement mal organis\u00e9 peut \u00eatre une source de difficult\u00e9s dans votre quotidien (perte de temps, tensions avec son conjoint, etc.). Artisanlocal vous propose des services professionnels de nettoyage pour vous simplifier la vie.<\/p>\n<h3>Cr\u00e9er un cadre plus convivial<\/h3>\n<p>Effectivement, une habitation bien rang\u00e9e vous aidera ainsi que vos invit\u00e9s \u00e0 vous sentir mieux.<\/p>\n<h3>Rester en bonne forme et heureux<\/h3>\n<p>Ne pas retirer la salet\u00e9 et la poussi\u00e8re dans votre int\u00e9rieur peut vous cr\u00e9er des probl\u00e8mes de sant\u00e9, comme causer des allergies ou augmenter celles d\u00e9j\u00e0 existantes. En engageant notre entreprise, vous diminuez votre exposition aux allerg\u00e8nes.<\/p>\n<h3>Artisanlocal.ch intervient \u00e0 Avenches et dans les villes proches<\/h3>\n<p>Nos techniciens interviennent \u00e0 Avenches, mais aussi \u00e0 : Gletterens, Dompierre FR, Domdidier, Vallon, Les Friques, St-Aubin FR, Delley, Portalban, Oleyres, Donatyre, Villarepos, Villars-le-Grand, Bellerive VD, Cotterd, Salavaux, Vallamand, Constantine, Montmagny, Cudrefin, Chabrey, Clavaleyres, Faoug, Corm\u00e9rod, Courtion, Misery, Chandon, L\u00e9chelles, Russy, Sugiez, Mur (Vully) FR, M\u00f4tier (Vully), Mur (Vully) VD, Praz (Vully), Lugnorre.<\/p>\n","protected":false},"excerpt":{"rendered":"<p>Besoin d&rsquo;une entreprise de nettoyage \u00e0 Avenches ? Notre entreprise propose le m\u00e9nage et le nettoyage de votre habitation ou de vos locaux commerciaux \u00e0 Avenches et dans les villes proches. Pourquoi choisir notre Artisanlocal.ch ? Vous pouvez planifier un rendez-vous le jour m\u00eame. Nos experts en nettoyage et entretien sont tous form\u00e9s avec les [&hellip;]<\/p>\n","protected":false},"author":4,"featured_media":2754,"parent":0,"menu_order":0,"comment_status":"closed","ping_status":"closed","template":"","meta":{"footnotes":""},"profession":[108],"location":[37],"canton":[113],"class_list":["post-401","page","type-page","status-publish","has-post-thumbnail","hentry","profession-agent-de-proprete","location-avenches","canton-vd"],"yoast_head":"<!-- This site is optimized with the Yoast SEO Premium plugin v25.7.1 (Yoast SEO v27.3) - https:\/\/yoast.com\/product\/yoast-seo-premium-wordpress\/ -->\n<title>Entreprise de nettoyage \u00e0 Avenches - Artisanlocal<\/title>\n<meta name=\"robots\" content=\"index, follow, max-snippet:-1, max-image-preview:large, max-video-preview:-1\" \/>\n<link rel=\"canonical\" href=\"https:\/\/www.artisanlocal.ch\/c\/entreprise-de-nettoyage-de-bureaux-et-de-domiciles-a-avenches\/\" \/>\n<meta property=\"og:locale\" content=\"fr_FR\" \/>\n<meta property=\"og:type\" content=\"article\" \/>\n<meta property=\"og:title\" content=\"Entreprise de nettoyage \u00e0 Avenches\" \/>\n<meta property=\"og:description\" content=\"Besoin d&rsquo;une entreprise de nettoyage \u00e0 Avenches ? Notre entreprise propose le m\u00e9nage et le nettoyage de votre habitation ou de vos locaux commerciaux \u00e0 Avenches et dans les villes proches. Pourquoi choisir notre Artisanlocal.ch ? Vous pouvez planifier un rendez-vous le jour m\u00eame. Nos experts en nettoyage et entretien sont tous form\u00e9s avec les [&hellip;]\" \/>\n<meta property=\"og:url\" content=\"https:\/\/www.artisanlocal.ch\/c\/entreprise-de-nettoyage-de-bureaux-et-de-domiciles-a-avenches\/\" \/>\n<meta property=\"og:site_name\" content=\"Artisanlocal\" \/>\n<meta property=\"article:modified_time\" content=\"2025-08-26T23:34:01+00:00\" \/>\n<meta property=\"og:image\" content=\"https:\/\/www.artisanlocal.ch\/c\/wp-content\/uploads\/2024\/10\/agent-proprete.jpg\" \/>\n\t<meta property=\"og:image:width\" content=\"1920\" \/>\n\t<meta property=\"og:image:height\" content=\"300\" \/>\n\t<meta property=\"og:image:type\" content=\"image\/jpeg\" \/>\n<meta name=\"twitter:card\" content=\"summary_large_image\" \/>\n<meta name=\"twitter:label1\" content=\"Dur\u00e9e de lecture estim\u00e9e\" \/>\n\t<meta name=\"twitter:data1\" content=\"5 minutes\" \/>\n<script type=\"application\/ld+json\" class=\"yoast-schema-graph\">{\"@context\":\"https:\\\/\\\/schema.org\",\"@graph\":[{\"@type\":\"WebPage\",\"@id\":\"https:\\\/\\\/www.artisanlocal.ch\\\/c\\\/entreprise-de-nettoyage-de-bureaux-et-de-domiciles-a-avenches\\\/\",\"url\":\"https:\\\/\\\/www.artisanlocal.ch\\\/c\\\/entreprise-de-nettoyage-de-bureaux-et-de-domiciles-a-avenches\\\/\",\"name\":\"Entreprise de nettoyage \u00e0 Avenches - Artisanlocal\",\"isPartOf\":{\"@id\":\"https:\\\/\\\/www.artisanlocal.ch\\\/c\\\/#website\"},\"primaryImageOfPage\":{\"@id\":\"https:\\\/\\\/www.artisanlocal.ch\\\/c\\\/entreprise-de-nettoyage-de-bureaux-et-de-domiciles-a-avenches\\\/#primaryimage\"},\"image\":{\"@id\":\"https:\\\/\\\/www.artisanlocal.ch\\\/c\\\/entreprise-de-nettoyage-de-bureaux-et-de-domiciles-a-avenches\\\/#primaryimage\"},\"thumbnailUrl\":\"https:\\\/\\\/www.artisanlocal.ch\\\/c\\\/wp-content\\\/uploads\\\/2024\\\/10\\\/agent-proprete.jpg\",\"datePublished\":\"2024-04-16T16:38:11+00:00\",\"dateModified\":\"2025-08-26T23:34:01+00:00\",\"breadcrumb\":{\"@id\":\"https:\\\/\\\/www.artisanlocal.ch\\\/c\\\/entreprise-de-nettoyage-de-bureaux-et-de-domiciles-a-avenches\\\/#breadcrumb\"},\"inLanguage\":\"fr-FR\",\"potentialAction\":[{\"@type\":\"ReadAction\",\"target\":[\"https:\\\/\\\/www.artisanlocal.ch\\\/c\\\/entreprise-de-nettoyage-de-bureaux-et-de-domiciles-a-avenches\\\/\"]}]},{\"@type\":\"ImageObject\",\"inLanguage\":\"fr-FR\",\"@id\":\"https:\\\/\\\/www.artisanlocal.ch\\\/c\\\/entreprise-de-nettoyage-de-bureaux-et-de-domiciles-a-avenches\\\/#primaryimage\",\"url\":\"https:\\\/\\\/www.artisanlocal.ch\\\/c\\\/wp-content\\\/uploads\\\/2024\\\/10\\\/agent-proprete.jpg\",\"contentUrl\":\"https:\\\/\\\/www.artisanlocal.ch\\\/c\\\/wp-content\\\/uploads\\\/2024\\\/10\\\/agent-proprete.jpg\",\"width\":1920,\"height\":300},{\"@type\":\"BreadcrumbList\",\"@id\":\"https:\\\/\\\/www.artisanlocal.ch\\\/c\\\/entreprise-de-nettoyage-de-bureaux-et-de-domiciles-a-avenches\\\/#breadcrumb\",\"itemListElement\":[{\"@type\":\"ListItem\",\"position\":1,\"name\":\"Accueil\",\"item\":\"https:\\\/\\\/www.artisanlocal.ch\\\/c\\\/\"},{\"@type\":\"ListItem\",\"position\":2,\"name\":\"Entreprise de nettoyage \u00e0 Avenches\"}]},{\"@type\":\"WebSite\",\"@id\":\"https:\\\/\\\/www.artisanlocal.ch\\\/c\\\/#website\",\"url\":\"https:\\\/\\\/www.artisanlocal.ch\\\/c\\\/\",\"name\":\"Artisanlocal\",\"description\":\"\",\"publisher\":{\"@id\":\"https:\\\/\\\/www.artisanlocal.ch\\\/c\\\/#organization\"},\"potentialAction\":[{\"@type\":\"SearchAction\",\"target\":{\"@type\":\"EntryPoint\",\"urlTemplate\":\"https:\\\/\\\/www.artisanlocal.ch\\\/c\\\/?s={search_term_string}\"},\"query-input\":{\"@type\":\"PropertyValueSpecification\",\"valueRequired\":true,\"valueName\":\"search_term_string\"}}],\"inLanguage\":\"fr-FR\"},{\"@type\":\"Organization\",\"@id\":\"https:\\\/\\\/www.artisanlocal.ch\\\/c\\\/#organization\",\"name\":\"Artisanlocal\",\"url\":\"https:\\\/\\\/www.artisanlocal.ch\\\/c\\\/\",\"logo\":{\"@type\":\"ImageObject\",\"inLanguage\":\"fr-FR\",\"@id\":\"https:\\\/\\\/www.artisanlocal.ch\\\/c\\\/#\\\/schema\\\/logo\\\/image\\\/\",\"url\":\"https:\\\/\\\/www.artisanlocal.ch\\\/c\\\/wp-content\\\/uploads\\\/2024\\\/02\\\/logo-artisanlocal-h.svg\",\"contentUrl\":\"https:\\\/\\\/www.artisanlocal.ch\\\/c\\\/wp-content\\\/uploads\\\/2024\\\/02\\\/logo-artisanlocal-h.svg\",\"caption\":\"Artisanlocal\"},\"image\":{\"@id\":\"https:\\\/\\\/www.artisanlocal.ch\\\/c\\\/#\\\/schema\\\/logo\\\/image\\\/\"}}]}<\/script>\n<!-- \/ Yoast SEO Premium plugin. -->","yoast_head_json":{"title":"Entreprise de nettoyage \u00e0 Avenches - Artisanlocal","robots":{"index":"index","follow":"follow","max-snippet":"max-snippet:-1","max-image-preview":"max-image-preview:large","max-video-preview":"max-video-preview:-1"},"canonical":"https:\/\/www.artisanlocal.ch\/c\/entreprise-de-nettoyage-de-bureaux-et-de-domiciles-a-avenches\/","og_locale":"fr_FR","og_type":"article","og_title":"Entreprise de nettoyage \u00e0 Avenches","og_description":"Besoin d&rsquo;une entreprise de nettoyage \u00e0 Avenches ? Notre entreprise propose le m\u00e9nage et le nettoyage de votre habitation ou de vos locaux commerciaux \u00e0 Avenches et dans les villes proches. Pourquoi choisir notre Artisanlocal.ch ? Vous pouvez planifier un rendez-vous le jour m\u00eame. Nos experts en nettoyage et entretien sont tous form\u00e9s avec les [&hellip;]","og_url":"https:\/\/www.artisanlocal.ch\/c\/entreprise-de-nettoyage-de-bureaux-et-de-domiciles-a-avenches\/","og_site_name":"Artisanlocal","article_modified_time":"2025-08-26T23:34:01+00:00","og_image":[{"width":1920,"height":300,"url":"https:\/\/www.artisanlocal.ch\/c\/wp-content\/uploads\/2024\/10\/agent-proprete.jpg","type":"image\/jpeg"}],"twitter_card":"summary_large_image","twitter_misc":{"Dur\u00e9e de lecture estim\u00e9e":"5 minutes"},"schema":{"@context":"https:\/\/schema.org","@graph":[{"@type":"WebPage","@id":"https:\/\/www.artisanlocal.ch\/c\/entreprise-de-nettoyage-de-bureaux-et-de-domiciles-a-avenches\/","url":"https:\/\/www.artisanlocal.ch\/c\/entreprise-de-nettoyage-de-bureaux-et-de-domiciles-a-avenches\/","name":"Entreprise de nettoyage \u00e0 Avenches - Artisanlocal","isPartOf":{"@id":"https:\/\/www.artisanlocal.ch\/c\/#website"},"primaryImageOfPage":{"@id":"https:\/\/www.artisanlocal.ch\/c\/entreprise-de-nettoyage-de-bureaux-et-de-domiciles-a-avenches\/#primaryimage"},"image":{"@id":"https:\/\/www.artisanlocal.ch\/c\/entreprise-de-nettoyage-de-bureaux-et-de-domiciles-a-avenches\/#primaryimage"},"thumbnailUrl":"https:\/\/www.artisanlocal.ch\/c\/wp-content\/uploads\/2024\/10\/agent-proprete.jpg","datePublished":"2024-04-16T16:38:11+00:00","dateModified":"2025-08-26T23:34:01+00:00","breadcrumb":{"@id":"https:\/\/www.artisanlocal.ch\/c\/entreprise-de-nettoyage-de-bureaux-et-de-domiciles-a-avenches\/#breadcrumb"},"inLanguage":"fr-FR","potentialAction":[{"@type":"ReadAction","target":["https:\/\/www.artisanlocal.ch\/c\/entreprise-de-nettoyage-de-bureaux-et-de-domiciles-a-avenches\/"]}]},{"@type":"ImageObject","inLanguage":"fr-FR","@id":"https:\/\/www.artisanlocal.ch\/c\/entreprise-de-nettoyage-de-bureaux-et-de-domiciles-a-avenches\/#primaryimage","url":"https:\/\/www.artisanlocal.ch\/c\/wp-content\/uploads\/2024\/10\/agent-proprete.jpg","contentUrl":"https:\/\/www.artisanlocal.ch\/c\/wp-content\/uploads\/2024\/10\/agent-proprete.jpg","width":1920,"height":300},{"@type":"BreadcrumbList","@id":"https:\/\/www.artisanlocal.ch\/c\/entreprise-de-nettoyage-de-bureaux-et-de-domiciles-a-avenches\/#breadcrumb","itemListElement":[{"@type":"ListItem","position":1,"name":"Accueil","item":"https:\/\/www.artisanlocal.ch\/c\/"},{"@type":"ListItem","position":2,"name":"Entreprise de nettoyage \u00e0 Avenches"}]},{"@type":"WebSite","@id":"https:\/\/www.artisanlocal.ch\/c\/#website","url":"https:\/\/www.artisanlocal.ch\/c\/","name":"Artisanlocal","description":"","publisher":{"@id":"https:\/\/www.artisanlocal.ch\/c\/#organization"},"potentialAction":[{"@type":"SearchAction","target":{"@type":"EntryPoint","urlTemplate":"https:\/\/www.artisanlocal.ch\/c\/?s={search_term_string}"},"query-input":{"@type":"PropertyValueSpecification","valueRequired":true,"valueName":"search_term_string"}}],"inLanguage":"fr-FR"},{"@type":"Organization","@id":"https:\/\/www.artisanlocal.ch\/c\/#organization","name":"Artisanlocal","url":"https:\/\/www.artisanlocal.ch\/c\/","logo":{"@type":"ImageObject","inLanguage":"fr-FR","@id":"https:\/\/www.artisanlocal.ch\/c\/#\/schema\/logo\/image\/","url":"https:\/\/www.artisanlocal.ch\/c\/wp-content\/uploads\/2024\/02\/logo-artisanlocal-h.svg","contentUrl":"https:\/\/www.artisanlocal.ch\/c\/wp-content\/uploads\/2024\/02\/logo-artisanlocal-h.svg","caption":"Artisanlocal"},"image":{"@id":"https:\/\/www.artisanlocal.ch\/c\/#\/schema\/logo\/image\/"}}]}},"_links":{"self":[{"href":"https:\/\/www.artisanlocal.ch\/c\/wp-json\/wp\/v2\/pages\/401","targetHints":{"allow":["GET"]}}],"collection":[{"href":"https:\/\/www.artisanlocal.ch\/c\/wp-json\/wp\/v2\/pages"}],"about":[{"href":"https:\/\/www.artisanlocal.ch\/c\/wp-json\/wp\/v2\/types\/page"}],"author":[{"embeddable":true,"href":"https:\/\/www.artisanlocal.ch\/c\/wp-json\/wp\/v2\/users\/4"}],"replies":[{"embeddable":true,"href":"https:\/\/www.artisanlocal.ch\/c\/wp-json\/wp\/v2\/comments?post=401"}],"version-history":[{"count":0,"href":"https:\/\/www.artisanlocal.ch\/c\/wp-json\/wp\/v2\/pages\/401\/revisions"}],"wp:featuredmedia":[{"embeddable":true,"href":"https:\/\/www.artisanlocal.ch\/c\/wp-json\/wp\/v2\/media\/2754"}],"wp:attachment":[{"href":"https:\/\/www.artisanlocal.ch\/c\/wp-json\/wp\/v2\/media?parent=401"}],"wp:term":[{"taxonomy":"profession","embeddable":true,"href":"https:\/\/www.artisanlocal.ch\/c\/wp-json\/wp\/v2\/profession?post=401"},{"taxonomy":"location","embeddable":true,"href":"https:\/\/www.artisanlocal.ch\/c\/wp-json\/wp\/v2\/location?post=401"},{"taxonomy":"canton","embeddable":true,"href":"https:\/\/www.artisanlocal.ch\/c\/wp-json\/wp\/v2\/canton?post=401"}],"curies":[{"name":"wp","href":"https:\/\/api.w.org\/{rel}","templated":true}]}}