{"id":404,"date":"2024-04-16T18:38:11","date_gmt":"2024-04-16T16:38:11","guid":{"rendered":"https:\/\/www.artisanlocal.ch\/c\/entreprise-de-nettoyage-de-bureaux-et-de-logements-a-echallens\/"},"modified":"2025-08-27T01:33:58","modified_gmt":"2025-08-26T23:33:58","slug":"entreprise-de-nettoyage-de-bureaux-et-de-logements-a-echallens","status":"publish","type":"page","link":"https:\/\/www.artisanlocal.ch\/c\/entreprise-de-nettoyage-de-bureaux-et-de-logements-a-echallens\/","title":{"rendered":"Entreprise de nettoyage \u00e0 Echallens"},"content":{"rendered":"<p>Besoin d&rsquo;un nettoyage complet de votre studio ou de vos bureaux \u00e0 Echallens ? Notre soci\u00e9t\u00e9 propose des services personnalis\u00e9s pour nettoyer votre int\u00e9rieur.<br \/>\n\r\n<div class=\"box\">\r\n            <div class=\"company-info\">\r\n            <img decoding=\"async\" class=\"company-info__logo\" src=\"https:\/\/www.artisanlocal.ch\/media\/cache\/thumb\/images\/companies\/679a433127c0b458737299.png\" alt=\"Logo\">\r\n            <h2 class=\"company-info__name\">Hysenaj Nettoyage & Conciergerie<\/h2>\r\n            <p class=\"company-info__business\">Nettoyage - Entretien - Fin de bail - Fin de chantier - D\u00e9barras<\/p>\r\n        <\/div>\r\n        <div class=\"company-contact\">\r\n            <p class=\"company-info__address\">Route du Pavement 99<\/p>\r\n                            <div class=\"links\">\r\n                                            <a class=\"btn has-accent-background-color js-phoneNumber\" href=\"tel:0795521253\" title=\"Appelez\" data-id=\"25346\" data-type=\"11\">079 552 12 53<\/a>\r\n                                                                <a class=\"btn has-accent-background-color\" href=\"https:\/\/www.hysenaj-nettoyage.ch\/\" target=\"_blank\" title=\"Voir le site internet\" data-id=\"25346\" data-type=\"20\">Site internet<\/a>\r\n                                    <\/div>\r\n                    <\/div>\r\n    \r\n            \r\n<form action=\"https:\/\/www.artisanlocal.ch\/c\/wp-admin\/admin-ajax.php\" method=\"post\" class=\"form-contact\" id=\"artisan_form_contact_company_inline\">\r\n    <div><input type=\"hidden\" name=\"action\" value=\"company_contact\"><\/div>\r\n    <div><input type=\"hidden\" name=\"nonce\" value=\"0454b53658\"><\/div>\r\n    <div><input type=\"hidden\" name=\"company_id\" value=\"25346\"><\/div>\r\n    <div><input type=\"hidden\" name=\"form_id\" value=\"artisan_form_contact_company_inline\"><\/div>\r\n    <div class=\"gglcptch gglcptch_v3 gglcptch_custom\"><input type=\"hidden\" id=\"g-recaptcha-response\" name=\"g-recaptcha-response\" \/><br \/><div class=\"gglcptch_error_text\">La p\u00e9riode de v\u00e9rification reCAPTCHA a expir\u00e9. Veuillez recharger la page.<\/div><\/div>    <div class=\"form-content\">\r\n        <div class=\"form-group\">\r\n            <label for=\"contact_firstName\" class=\"required\">Pr\u00e9nom<\/label>\r\n            <input type=\"text\" name=\"firstName\" class=\"form-control\" required>\r\n        <\/div>\r\n        <div class=\"form-group\">\r\n            <label for=\"contact_lastName\" class=\"required\">Nom<\/label>\r\n            <input type=\"text\" name=\"lastName\" class=\"form-control\" required>\r\n        <\/div>\r\n        <div class=\"form-group\">\r\n            <label for=\"contact_email\" class=\"required\">Email<\/label>\r\n            <input type=\"email\" name=\"email\" class=\"form-control\" required>\r\n        <\/div>\r\n        <div class=\"form-group\">\r\n            <label for=\"contact_phone\" class=\"required\">Num\u00e9ro de t\u00e9l\u00e9phone<\/label>\r\n            <input type=\"tel\" name=\"phone\" class=\"form-control\" placeholder=\"0787117165\" pattern=\"^[0-9]{10}$\" required>\r\n        <\/div>\r\n        <div class=\"form-group\">\r\n            <label for=\"contact_postalCode\" class=\"required\">Code postal et localit\u00e9<\/label>\r\n            <input type=\"text\" name=\"postalCode\" class=\"form-control\" required>\r\n        <\/div>\r\n        <div class=\"form-group\">\r\n            <label for=\"contact_address\" class=\"required\">Adresse<\/label>\r\n            <input type=\"text\" name=\"address\" class=\"form-control\" required>\r\n        <\/div>\r\n        <div class=\"full-width topic\">\r\n            <p class=\"required\">Je souhaite \u00eatre contact\u00e9 pour :<\/p>\r\n            <div class=\"form-check\">\r\n                <input type=\"radio\" name=\"topic\" value=\"D\u00e9pannage\" class=\"form-control\" required>\r\n                <label for=\"d\u00e9pannage\">D\u00e9pannage<\/label>\r\n            <\/div>\r\n            <div class=\"form-check\">\r\n                <input type=\"radio\" name=\"topic\" value=\"Entretien\" class=\"form-control\" required>\r\n                <label for=\"entretien\">Entretien<\/label>\r\n            <\/div>\r\n            <div class=\"form-check\">\r\n                <input type=\"radio\" name=\"topic\" value=\"R\u00e9novation\" class=\"form-control\" required>\r\n                <label for=\"r\u00e9novation\">R\u00e9novation<\/label>\r\n            <\/div>\r\n            <div class=\"form-check\">\r\n                <input type=\"radio\" name=\"topic\" value=\"Autre\" class=\"form-control\" required>\r\n                <label for=\"autre\">Autre<\/label>\r\n            <\/div>\r\n        <\/div>\r\n        <div class=\"form-group full-width\">\r\n            <label for=\"contact_message\">Message<\/label>\r\n            <textarea name=\"message\" rows=\"3\" class=\"form-control\"><\/textarea>\r\n        <\/div>\r\n    <\/div>\r\n    <div class=\"form-actions\">\r\n        <button class=\"wp-block-button__link has-accent-background-color\">Contacter<\/button>\r\n    <\/div>\r\n<\/form>\r\n<div class=\"form-feedback\"><\/div>    <\/div><\/p>\n<h2>Pourquoi travailler avec notre soci\u00e9t\u00e9 ?<\/h2>\n<ul>\n<li>Vous pouvez r\u00e9server un rendez-vous le jour m\u00eame.<\/li>\n<li>Nos sp\u00e9cialistes en nettoyage sont tous familiaris\u00e9s avec les derni\u00e8res techniques.<\/li>\n<li>Le nettoyage est r\u00e9alis\u00e9 avec des produits respectueux de l&rsquo;environnement.<\/li>\n<li>Nos devis sont sans frais.<\/li>\n<\/ul>\n<h2>Services de nettoyage \u00e0 Echallens<\/h2>\n<p>Artisanlocal propose un service de nettoyage complet, r\u00e9gulier ou constant, nous concevons des prestations sur mesure pour r\u00e9pondre \u00e0 vos besoins, voici les prestations que nous r\u00e9alisons \u00e0 Echallens :<\/p>\n<ul>\n<li>Nettoyage apr\u00e8s d\u00e9m\u00e9nagement\/avant emm\u00e9nagement pour les locataires.<\/li>\n<li>Nettoyage des locations Airbnb.<\/li>\n<li>Nettoyage des bureaux et des locaux commerciaux.<\/li>\n<li>Nettoyage apr\u00e8s une r\u00e9novation de maison.<\/li>\n<\/ul>\n<h2>Quels sont les services de nettoyage qu&rsquo;artisanlocal propose\u202f?<\/h2>\n<ul>\n<li>Service de nettoyage pour les conciergeries d&rsquo;appartements et maisons Airbnb,<\/li>\n<li>nettoyage de studios,<\/li>\n<li>entretien d&rsquo;appareils \u00e9lectrom\u00e9nagers,<\/li>\n<li>nettoyage et entretien de l&rsquo;ext\u00e9rieur,<\/li>\n<li>services de m\u00e9nage pour les sous-sols,<\/li>\n<li>assainissement des surfaces pour lutter contre les agents pathog\u00e8nes,<\/li>\n<li>service de lavage de la vaisselle,<\/li>\n<li>nettoyage des salles de sports,<\/li>\n<li>entretien des sols,<\/li>\n<li>nettoyage sanitaire en milieu m\u00e9dical,<\/li>\n<li>nettoyage apr\u00e8s un d\u00e9m\u00e9nagement,<\/li>\n<li>nettoyage des lieux de travail,<\/li>\n<li>service de m\u00e9nage apr\u00e8s une r\u00e9novation,<\/li>\n<li>m\u00e9nage de salles de bains,<\/li>\n<li>nettoyage de magasins de proximit\u00e9,<\/li>\n<li>service de nettoyage des \u00e9coles,<\/li>\n<li>lavage de vitres.<\/li>\n<\/ul>\n<h2>M\u00e9nage d&rsquo;appartement \u00e0 Echallens<\/h2>\n<p>Si vous r\u00e9sidez \u00e0 Echallens, par exemple, nous pouvons r\u00e9aliser le m\u00e9nage de votre logement avant l&rsquo;\u00e9tat des lieux.<\/p>\n<p>Il faut savoir que si le m\u00e9nage int\u00e9rieur de l&rsquo;appartement n&rsquo;est pas r\u00e9alis\u00e9 correctement, le propri\u00e9taire est autoris\u00e9 \u00e0 faire appel \u00e0 une entreprise de m\u00e9nage et il peut garder une part de votre caution.<\/p>\n<p>Les services de nettoyage pour la remise des cl\u00e9s comprennent :<\/p>\n<p>&#8211; L&rsquo;entretien et le nettoyage des surfaces : les murs, les sols, les parquets, les moquettes et les carrelages.<\/p>\n<p>&#8211; Le lavage des fen\u00eatres et vitres.<\/p>\n<p>&#8211; L&rsquo;entretien et le nettoyage de la salle de bain et des toilettes.<\/p>\n<p>&#8211; Le service de nettoyage de la cuisine et de la h\u00f4te de cuisine.<\/p>\n<p>&#8211; L&rsquo;\u00e9limination des amas de poussi\u00e8re sur le mobilier.<\/p>\n<h3>Vous avez besoin d&rsquo;un entretien ponctuel de votre logement\u202f?<\/h3>\n<p>Notre soci\u00e9t\u00e9 propose des services de nettoyage personnalis\u00e9, adapt\u00e9s \u00e0 vos besoins, avec des interventions hebdomadaires, toutes les deux semaines ou mensuelles.<\/p>\n<h3>Service pour un nettoyage en profondeur de votre propri\u00e9t\u00e9 \u00e0 Echallens<\/h3>\n<p>Artisanlocal offre des services de m\u00e9nage complet pour votre habitation ou studio, en compl\u00e9ment de notre service de nettoyage standard.<\/p>\n<h3>Quels sont les avantages d&rsquo;effectuer un nettoyage approfondi avec notre entreprise ?<\/h3>\n<p>L\u2019avantage principal du m\u00e9nage approfondi la poussi\u00e8re qui s&rsquo;est accumul\u00e9e et entass\u00e9e au fur. Un nettoyage en profondeur est \u00e9galement aussi un moyen d&rsquo;\u00e9liminer les mauvaises odeurs.<\/p>\n<h3>Nettoyage de bureaux \u00e0 Echallens<\/h3>\n<p>Pour le m\u00e9nage de votre bureau \u00e0 Echallens, comptez sur Artisanlocal. Avec notre entreprise, vous gagnez du temps. Nous proposons des prestations de m\u00e9nages \u00e0 l&rsquo;ann\u00e9e qui s&rsquo;ajustera \u00e0 vos besoins et \u00e0 votre budget. Voici les services que nous proposons pour le nettoyage des espaces de travail :<\/p>\n<ul>\n<li>Traitement des tapis et lavage de vitres de bureau.<\/li>\n<li>Nettoyage de fauteuils, de si\u00e8ges de bureau, de canap\u00e9 en tissu ou en cuir brut ou naturel.<\/li>\n<li>Enl\u00e8vement des d\u00e9tritus.<\/li>\n<li>Nettoyage des poussi\u00e8res.<\/li>\n<li>Lavage des sols et utilisation de l&rsquo;aspirateur.<\/li>\n<\/ul>\n<h3>Entreprise de nettoyage pour votre maison \u00e0 Echallens<\/h3>\n<p>Pour garder l&rsquo;int\u00e9rieur de votre maison propre, il faut r\u00e9aliser un nettoyage journalier. De nos jours, la grande majorit\u00e9 des Suisses ont un calendrier rempli et cela rend difficile la r\u00e9alisation des t\u00e2ches m\u00e9nag\u00e8res, c&rsquo;est ici que notre soci\u00e9t\u00e9 peut vous seconder dans vos t\u00e2ches m\u00e9nag\u00e8res.<\/p>\n<h2>Pourquoi faire appel \u00e0 une soci\u00e9t\u00e9 pour nettoyer son habitation \u00e0 Echallens ?<\/h2>\n<p>Si vous \u00eates un Challensois, vous rencontrez peut-\u00eatre des probl\u00e8mes \u00e0 maintenir votre int\u00e9rieur bien entretenu. Nos services vous aident \u00e0 conserver votre propri\u00e9t\u00e9 propre. En ayant recours \u00e0 notre entreprise, vous serez en mesure de :<\/p>\n<h3>Mieux organiser votre espace<\/h3>\n<p>Si votre h\u00e9bergement est d\u00e9sordonn\u00e9, il est difficile de se sentir bien dans son logement. Artisanlocal vous propose des prestations de m\u00e9nage pour les appartements et les maisons. Afin de :<\/p>\n<h3>Cr\u00e9er une atmosph\u00e8re plus confortable<\/h3>\n<p>Effectivement, une propri\u00e9t\u00e9 bien rang\u00e9e permet de vous sentir mieux.<\/p>\n<h3>Conserver sa vitalit\u00e9 et rester heureux<\/h3>\n<p>La concentration des poussi\u00e8res peut engendrer des dangers pour votre sant\u00e9, et provoquer des allergies ou intensifier celles qui sont d\u00e9j\u00e0 pr\u00e9sentes. En engageant les services de notre soci\u00e9t\u00e9 de nettoyage, vous limitez l&rsquo;exposition aux allerg\u00e8nes.<\/p>\n<h3>Intervention \u00e0 Echallens et dans les villes aux alentours<\/h3>\n<p>Notre entreprise intervient \u00e0 Echallens et dans les villes \u00e0 proximit\u00e9 comme : Etagni\u00e8res, Bercher, St-Barth\u00e9lemy VD, Villars-le-Terroir, Bottens, Poliez-Pittet, Dommartin, Naz, Poliez-le-Grand, Montaubion-Chardonney, Assens, Bioley-Orjulaz, Sugnens, Fey, Rueyres, Villars-Tiercelin, Penth\u00e9r\u00e9az, Eclagnens, Goumoens-la-Ville, Goumoens-le-Jux, Oulens-sous-Echallens, Pailly, Vuarrens.<\/p>\n","protected":false},"excerpt":{"rendered":"<p>Besoin d&rsquo;un nettoyage complet de votre studio ou de vos bureaux \u00e0 Echallens ? Notre soci\u00e9t\u00e9 propose des services personnalis\u00e9s pour nettoyer votre int\u00e9rieur. Pourquoi travailler avec notre soci\u00e9t\u00e9 ? Vous pouvez r\u00e9server un rendez-vous le jour m\u00eame. Nos sp\u00e9cialistes en nettoyage sont tous familiaris\u00e9s avec les derni\u00e8res techniques. Le nettoyage est r\u00e9alis\u00e9 avec des [&hellip;]<\/p>\n","protected":false},"author":4,"featured_media":2754,"parent":0,"menu_order":0,"comment_status":"closed","ping_status":"closed","template":"","meta":{"footnotes":""},"profession":[108],"location":[57],"canton":[113],"class_list":["post-404","page","type-page","status-publish","has-post-thumbnail","hentry","profession-agent-de-proprete","location-echallens","canton-vd"],"yoast_head":"<!-- This site is optimized with the Yoast SEO Premium plugin v25.7.1 (Yoast SEO v27.4) - https:\/\/yoast.com\/product\/yoast-seo-premium-wordpress\/ -->\n<title>Entreprise de nettoyage \u00e0 Echallens - Artisanlocal<\/title>\n<meta name=\"robots\" content=\"index, follow, max-snippet:-1, max-image-preview:large, max-video-preview:-1\" \/>\n<link rel=\"canonical\" href=\"https:\/\/www.artisanlocal.ch\/c\/entreprise-de-nettoyage-de-bureaux-et-de-logements-a-echallens\/\" \/>\n<meta property=\"og:locale\" content=\"fr_FR\" \/>\n<meta property=\"og:type\" content=\"article\" \/>\n<meta property=\"og:title\" content=\"Entreprise de nettoyage \u00e0 Echallens\" \/>\n<meta property=\"og:description\" content=\"Besoin d&rsquo;un nettoyage complet de votre studio ou de vos bureaux \u00e0 Echallens ? Notre soci\u00e9t\u00e9 propose des services personnalis\u00e9s pour nettoyer votre int\u00e9rieur. Pourquoi travailler avec notre soci\u00e9t\u00e9 ? Vous pouvez r\u00e9server un rendez-vous le jour m\u00eame. Nos sp\u00e9cialistes en nettoyage sont tous familiaris\u00e9s avec les derni\u00e8res techniques. Le nettoyage est r\u00e9alis\u00e9 avec des [&hellip;]\" \/>\n<meta property=\"og:url\" content=\"https:\/\/www.artisanlocal.ch\/c\/entreprise-de-nettoyage-de-bureaux-et-de-logements-a-echallens\/\" \/>\n<meta property=\"og:site_name\" content=\"Artisanlocal\" \/>\n<meta property=\"article:modified_time\" content=\"2025-08-26T23:33:58+00:00\" \/>\n<meta property=\"og:image\" content=\"https:\/\/www.artisanlocal.ch\/c\/wp-content\/uploads\/2024\/10\/agent-proprete.jpg\" \/>\n\t<meta property=\"og:image:width\" content=\"1920\" \/>\n\t<meta property=\"og:image:height\" content=\"300\" \/>\n\t<meta property=\"og:image:type\" content=\"image\/jpeg\" \/>\n<meta name=\"twitter:card\" content=\"summary_large_image\" \/>\n<meta name=\"twitter:label1\" content=\"Dur\u00e9e de lecture estim\u00e9e\" \/>\n\t<meta name=\"twitter:data1\" content=\"5 minutes\" \/>\n<script type=\"application\/ld+json\" class=\"yoast-schema-graph\">{\"@context\":\"https:\\\/\\\/schema.org\",\"@graph\":[{\"@type\":\"WebPage\",\"@id\":\"https:\\\/\\\/www.artisanlocal.ch\\\/c\\\/entreprise-de-nettoyage-de-bureaux-et-de-logements-a-echallens\\\/\",\"url\":\"https:\\\/\\\/www.artisanlocal.ch\\\/c\\\/entreprise-de-nettoyage-de-bureaux-et-de-logements-a-echallens\\\/\",\"name\":\"Entreprise de nettoyage \u00e0 Echallens - Artisanlocal\",\"isPartOf\":{\"@id\":\"https:\\\/\\\/www.artisanlocal.ch\\\/c\\\/#website\"},\"primaryImageOfPage\":{\"@id\":\"https:\\\/\\\/www.artisanlocal.ch\\\/c\\\/entreprise-de-nettoyage-de-bureaux-et-de-logements-a-echallens\\\/#primaryimage\"},\"image\":{\"@id\":\"https:\\\/\\\/www.artisanlocal.ch\\\/c\\\/entreprise-de-nettoyage-de-bureaux-et-de-logements-a-echallens\\\/#primaryimage\"},\"thumbnailUrl\":\"https:\\\/\\\/www.artisanlocal.ch\\\/c\\\/wp-content\\\/uploads\\\/2024\\\/10\\\/agent-proprete.jpg\",\"datePublished\":\"2024-04-16T16:38:11+00:00\",\"dateModified\":\"2025-08-26T23:33:58+00:00\",\"breadcrumb\":{\"@id\":\"https:\\\/\\\/www.artisanlocal.ch\\\/c\\\/entreprise-de-nettoyage-de-bureaux-et-de-logements-a-echallens\\\/#breadcrumb\"},\"inLanguage\":\"fr-FR\",\"potentialAction\":[{\"@type\":\"ReadAction\",\"target\":[\"https:\\\/\\\/www.artisanlocal.ch\\\/c\\\/entreprise-de-nettoyage-de-bureaux-et-de-logements-a-echallens\\\/\"]}]},{\"@type\":\"ImageObject\",\"inLanguage\":\"fr-FR\",\"@id\":\"https:\\\/\\\/www.artisanlocal.ch\\\/c\\\/entreprise-de-nettoyage-de-bureaux-et-de-logements-a-echallens\\\/#primaryimage\",\"url\":\"https:\\\/\\\/www.artisanlocal.ch\\\/c\\\/wp-content\\\/uploads\\\/2024\\\/10\\\/agent-proprete.jpg\",\"contentUrl\":\"https:\\\/\\\/www.artisanlocal.ch\\\/c\\\/wp-content\\\/uploads\\\/2024\\\/10\\\/agent-proprete.jpg\",\"width\":1920,\"height\":300},{\"@type\":\"BreadcrumbList\",\"@id\":\"https:\\\/\\\/www.artisanlocal.ch\\\/c\\\/entreprise-de-nettoyage-de-bureaux-et-de-logements-a-echallens\\\/#breadcrumb\",\"itemListElement\":[{\"@type\":\"ListItem\",\"position\":1,\"name\":\"Accueil\",\"item\":\"https:\\\/\\\/www.artisanlocal.ch\\\/c\\\/\"},{\"@type\":\"ListItem\",\"position\":2,\"name\":\"Entreprise de nettoyage \u00e0 Echallens\"}]},{\"@type\":\"WebSite\",\"@id\":\"https:\\\/\\\/www.artisanlocal.ch\\\/c\\\/#website\",\"url\":\"https:\\\/\\\/www.artisanlocal.ch\\\/c\\\/\",\"name\":\"Artisanlocal\",\"description\":\"\",\"publisher\":{\"@id\":\"https:\\\/\\\/www.artisanlocal.ch\\\/c\\\/#organization\"},\"potentialAction\":[{\"@type\":\"SearchAction\",\"target\":{\"@type\":\"EntryPoint\",\"urlTemplate\":\"https:\\\/\\\/www.artisanlocal.ch\\\/c\\\/?s={search_term_string}\"},\"query-input\":{\"@type\":\"PropertyValueSpecification\",\"valueRequired\":true,\"valueName\":\"search_term_string\"}}],\"inLanguage\":\"fr-FR\"},{\"@type\":\"Organization\",\"@id\":\"https:\\\/\\\/www.artisanlocal.ch\\\/c\\\/#organization\",\"name\":\"Artisanlocal\",\"url\":\"https:\\\/\\\/www.artisanlocal.ch\\\/c\\\/\",\"logo\":{\"@type\":\"ImageObject\",\"inLanguage\":\"fr-FR\",\"@id\":\"https:\\\/\\\/www.artisanlocal.ch\\\/c\\\/#\\\/schema\\\/logo\\\/image\\\/\",\"url\":\"https:\\\/\\\/www.artisanlocal.ch\\\/c\\\/wp-content\\\/uploads\\\/2024\\\/02\\\/logo-artisanlocal-h.svg\",\"contentUrl\":\"https:\\\/\\\/www.artisanlocal.ch\\\/c\\\/wp-content\\\/uploads\\\/2024\\\/02\\\/logo-artisanlocal-h.svg\",\"caption\":\"Artisanlocal\"},\"image\":{\"@id\":\"https:\\\/\\\/www.artisanlocal.ch\\\/c\\\/#\\\/schema\\\/logo\\\/image\\\/\"}}]}<\/script>\n<!-- \/ Yoast SEO Premium plugin. -->","yoast_head_json":{"title":"Entreprise de nettoyage \u00e0 Echallens - Artisanlocal","robots":{"index":"index","follow":"follow","max-snippet":"max-snippet:-1","max-image-preview":"max-image-preview:large","max-video-preview":"max-video-preview:-1"},"canonical":"https:\/\/www.artisanlocal.ch\/c\/entreprise-de-nettoyage-de-bureaux-et-de-logements-a-echallens\/","og_locale":"fr_FR","og_type":"article","og_title":"Entreprise de nettoyage \u00e0 Echallens","og_description":"Besoin d&rsquo;un nettoyage complet de votre studio ou de vos bureaux \u00e0 Echallens ? Notre soci\u00e9t\u00e9 propose des services personnalis\u00e9s pour nettoyer votre int\u00e9rieur. Pourquoi travailler avec notre soci\u00e9t\u00e9 ? Vous pouvez r\u00e9server un rendez-vous le jour m\u00eame. Nos sp\u00e9cialistes en nettoyage sont tous familiaris\u00e9s avec les derni\u00e8res techniques. Le nettoyage est r\u00e9alis\u00e9 avec des [&hellip;]","og_url":"https:\/\/www.artisanlocal.ch\/c\/entreprise-de-nettoyage-de-bureaux-et-de-logements-a-echallens\/","og_site_name":"Artisanlocal","article_modified_time":"2025-08-26T23:33:58+00:00","og_image":[{"width":1920,"height":300,"url":"https:\/\/www.artisanlocal.ch\/c\/wp-content\/uploads\/2024\/10\/agent-proprete.jpg","type":"image\/jpeg"}],"twitter_card":"summary_large_image","twitter_misc":{"Dur\u00e9e de lecture estim\u00e9e":"5 minutes"},"schema":{"@context":"https:\/\/schema.org","@graph":[{"@type":"WebPage","@id":"https:\/\/www.artisanlocal.ch\/c\/entreprise-de-nettoyage-de-bureaux-et-de-logements-a-echallens\/","url":"https:\/\/www.artisanlocal.ch\/c\/entreprise-de-nettoyage-de-bureaux-et-de-logements-a-echallens\/","name":"Entreprise de nettoyage \u00e0 Echallens - Artisanlocal","isPartOf":{"@id":"https:\/\/www.artisanlocal.ch\/c\/#website"},"primaryImageOfPage":{"@id":"https:\/\/www.artisanlocal.ch\/c\/entreprise-de-nettoyage-de-bureaux-et-de-logements-a-echallens\/#primaryimage"},"image":{"@id":"https:\/\/www.artisanlocal.ch\/c\/entreprise-de-nettoyage-de-bureaux-et-de-logements-a-echallens\/#primaryimage"},"thumbnailUrl":"https:\/\/www.artisanlocal.ch\/c\/wp-content\/uploads\/2024\/10\/agent-proprete.jpg","datePublished":"2024-04-16T16:38:11+00:00","dateModified":"2025-08-26T23:33:58+00:00","breadcrumb":{"@id":"https:\/\/www.artisanlocal.ch\/c\/entreprise-de-nettoyage-de-bureaux-et-de-logements-a-echallens\/#breadcrumb"},"inLanguage":"fr-FR","potentialAction":[{"@type":"ReadAction","target":["https:\/\/www.artisanlocal.ch\/c\/entreprise-de-nettoyage-de-bureaux-et-de-logements-a-echallens\/"]}]},{"@type":"ImageObject","inLanguage":"fr-FR","@id":"https:\/\/www.artisanlocal.ch\/c\/entreprise-de-nettoyage-de-bureaux-et-de-logements-a-echallens\/#primaryimage","url":"https:\/\/www.artisanlocal.ch\/c\/wp-content\/uploads\/2024\/10\/agent-proprete.jpg","contentUrl":"https:\/\/www.artisanlocal.ch\/c\/wp-content\/uploads\/2024\/10\/agent-proprete.jpg","width":1920,"height":300},{"@type":"BreadcrumbList","@id":"https:\/\/www.artisanlocal.ch\/c\/entreprise-de-nettoyage-de-bureaux-et-de-logements-a-echallens\/#breadcrumb","itemListElement":[{"@type":"ListItem","position":1,"name":"Accueil","item":"https:\/\/www.artisanlocal.ch\/c\/"},{"@type":"ListItem","position":2,"name":"Entreprise de nettoyage \u00e0 Echallens"}]},{"@type":"WebSite","@id":"https:\/\/www.artisanlocal.ch\/c\/#website","url":"https:\/\/www.artisanlocal.ch\/c\/","name":"Artisanlocal","description":"","publisher":{"@id":"https:\/\/www.artisanlocal.ch\/c\/#organization"},"potentialAction":[{"@type":"SearchAction","target":{"@type":"EntryPoint","urlTemplate":"https:\/\/www.artisanlocal.ch\/c\/?s={search_term_string}"},"query-input":{"@type":"PropertyValueSpecification","valueRequired":true,"valueName":"search_term_string"}}],"inLanguage":"fr-FR"},{"@type":"Organization","@id":"https:\/\/www.artisanlocal.ch\/c\/#organization","name":"Artisanlocal","url":"https:\/\/www.artisanlocal.ch\/c\/","logo":{"@type":"ImageObject","inLanguage":"fr-FR","@id":"https:\/\/www.artisanlocal.ch\/c\/#\/schema\/logo\/image\/","url":"https:\/\/www.artisanlocal.ch\/c\/wp-content\/uploads\/2024\/02\/logo-artisanlocal-h.svg","contentUrl":"https:\/\/www.artisanlocal.ch\/c\/wp-content\/uploads\/2024\/02\/logo-artisanlocal-h.svg","caption":"Artisanlocal"},"image":{"@id":"https:\/\/www.artisanlocal.ch\/c\/#\/schema\/logo\/image\/"}}]}},"_links":{"self":[{"href":"https:\/\/www.artisanlocal.ch\/c\/wp-json\/wp\/v2\/pages\/404","targetHints":{"allow":["GET"]}}],"collection":[{"href":"https:\/\/www.artisanlocal.ch\/c\/wp-json\/wp\/v2\/pages"}],"about":[{"href":"https:\/\/www.artisanlocal.ch\/c\/wp-json\/wp\/v2\/types\/page"}],"author":[{"embeddable":true,"href":"https:\/\/www.artisanlocal.ch\/c\/wp-json\/wp\/v2\/users\/4"}],"replies":[{"embeddable":true,"href":"https:\/\/www.artisanlocal.ch\/c\/wp-json\/wp\/v2\/comments?post=404"}],"version-history":[{"count":0,"href":"https:\/\/www.artisanlocal.ch\/c\/wp-json\/wp\/v2\/pages\/404\/revisions"}],"wp:featuredmedia":[{"embeddable":true,"href":"https:\/\/www.artisanlocal.ch\/c\/wp-json\/wp\/v2\/media\/2754"}],"wp:attachment":[{"href":"https:\/\/www.artisanlocal.ch\/c\/wp-json\/wp\/v2\/media?parent=404"}],"wp:term":[{"taxonomy":"profession","embeddable":true,"href":"https:\/\/www.artisanlocal.ch\/c\/wp-json\/wp\/v2\/profession?post=404"},{"taxonomy":"location","embeddable":true,"href":"https:\/\/www.artisanlocal.ch\/c\/wp-json\/wp\/v2\/location?post=404"},{"taxonomy":"canton","embeddable":true,"href":"https:\/\/www.artisanlocal.ch\/c\/wp-json\/wp\/v2\/canton?post=404"}],"curies":[{"name":"wp","href":"https:\/\/api.w.org\/{rel}","templated":true}]}}